{"id":146455,"date":"2023-11-25T07:11:00","date_gmt":"2023-11-25T04:11:00","guid":{"rendered":"https:\/\/medclinics.com\/tup-mide-ameliyati-sleeve-gastrektomi\/"},"modified":"2025-01-29T13:14:19","modified_gmt":"2025-01-29T10:14:19","slug":"tup-mide-ameliyati-sleeve-gastrektomi","status":"publish","type":"page","link":"https:\/\/medclinics.com\/tr\/tup-mide-ameliyati-sleeve-gastrektomi\/","title":{"rendered":"Gastrik Sleeve"},"content":{"rendered":"\n<h2 class=\"wp-block-heading\"><br\/>Kilo kayb\u0131ndan muzdaripseniz ve kal\u0131c\u0131 bir \u00e7\u00f6z\u00fcm ar\u0131yorsan\u0131z, ihtiyac\u0131n\u0131z olan \u015fey <strong>T\u00fcp Mide Ameliyat\u0131<\/strong> olabilir.<\/h2>\n\n<p><\/p>\n\n<p>T\u00fcp mide, bir\u00e7ok insan\u0131n sadece kilo vermesine de\u011fil, ayn\u0131 zamanda zindeli\u011fini ve sa\u011fl\u0131\u011f\u0131n\u0131 yeniden kazanmas\u0131na yard\u0131mc\u0131 olan bir y\u00f6ntemdir. Peki ama tam olarak nedir? Nas\u0131l \u00e7al\u0131\u015f\u0131r ve sizin i\u00e7in uygun bir se\u00e7im midir? Bu makalede, <strong>t\u00fcp mide ameliyat\u0131<\/strong> hakk\u0131nda bilmeniz gereken her \u015feyi a\u00e7\u0131klayaca\u011f\u0131z. Faydalar\u0131ndan ba\u015flayarak iyile\u015fme s\u00fcrelerine ve neden muhtemelen arad\u0131\u011f\u0131n\u0131z \u00e7\u00f6z\u00fcm oldu\u011funa kadar.   <\/p>\n\n<h2 class=\"wp-block-heading\"><br\/>T\u00fcp Mide Ameliyat\u0131 Nedir?<\/h2>\n\n<p>Basit\u00e7e s\u00f6ylemek gerekirse, <a href=\"https:\/\/pubmed.ncbi.nlm.nih.gov\/?term=sleeve+gastrectomy\" target=\"_blank\" rel=\"noreferrer noopener\"><strong>T\u00fcp Mide Ameliyat\u0131<\/strong> (<\/a>veya <strong>t\u00fcp<\/strong> mide ameliyat\u0131) karn\u0131n\u0131z\u0131n boyutunu ve \u015feklini de\u011fi\u015ftiren bir kilo verme ameliyat\u0131 \u015feklidir. Y\u00f6ntem boyunca, bir t\u0131bbi sa\u011fl\u0131k uygulay\u0131c\u0131s\u0131 karn\u0131n\u0131z\u0131n yakla\u015f\u0131k %75&#8217;ini \u00e7\u0131kar\u0131r. Doktor, k\u00fc\u00e7\u00fck, t\u00fcp benzeri bir &#8220;k\u0131l\u0131f&#8221; i\u00e7inde b\u0131rak\u0131r. Daha k\u00fc\u00e7\u00fck bir mide ile daha \u00e7abuk doyars\u0131n\u0131z ve bu nedenle i\u00e7tenlikle \u00e7ok daha az yersiniz ve bu da kilo kayb\u0131na neden olur.   <\/p>\n\n<p>Ama asl\u0131nda g\u00f6be\u011fi k\u00fc\u00e7\u00fcltmekten daha fazlas\u0131 var. Ameliyat a\u00e7l\u0131k hormonlar\u0131n\u0131n \u00fcretimini azalt\u0131r. B\u00f6ylece eskisi kadar ac\u0131kmazs\u0131n\u0131z. Bu da insanlar\u0131n daha az enerji t\u00fcketerek yollar\u0131na devam etmelerini sa\u011flar. Bu, uzun vadeli kilo verme ba\u015far\u0131s\u0131 i\u00e7in \u00e7ok \u00f6nemlidir.    <\/p>\n\n<figure class=\"wp-block-image size-large\"><img fetchpriority=\"high\" decoding=\"async\" width=\"1024\" height=\"683\" src=\"https:\/\/medclinics.com\/wp-content\/uploads\/2025\/01\/Adsiz-tasarim-3-1024x683.jpg\" alt=\"&#x130;stanbul'da T&#xFC;p Mide 2025\" class=\"wp-image-173512\" srcset=\"https:\/\/medclinics.com\/wp-content\/uploads\/2025\/01\/Adsiz-tasarim-3-1024x683.jpg 1024w, https:\/\/medclinics.com\/wp-content\/uploads\/2025\/01\/Adsiz-tasarim-3-300x200.jpg 300w, https:\/\/medclinics.com\/wp-content\/uploads\/2025\/01\/Adsiz-tasarim-3-768x512.jpg 768w, https:\/\/medclinics.com\/wp-content\/uploads\/2025\/01\/Adsiz-tasarim-3.jpg 1200w\" sizes=\"(max-width: 1024px) 100vw, 1024px\" \/><\/figure>\n\n<h2 class=\"wp-block-heading\"><br\/>T\u00fcp Mide Ameliyat\u0131ndan Sonra Ne Olur?<\/h2>\n\n<p><\/p>\n\n<p>Ameliyat tamamland\u0131ktan sonra, genellikle 2 ila 4 g\u00fcn olmak \u00fczere birka\u00e7 g\u00fcn hastanede kalmak isteyebilirsiniz. Hastane, iyi bir \u015fekilde iyile\u015fti\u011finizden emin olmak i\u00e7in sizi dikkatle g\u00f6zlemleyecektir. Yeni <strong>cerrahi tedavi kilo verme program\u0131n\u0131z<\/strong> boyunca size rehberlik etmeye ba\u015flayacaklar. Bu s\u00fcre zarf\u0131nda midenizin iyile\u015fmesine yard\u0131mc\u0131 olmak i\u00e7in i\u00e7ecekler ve hafif bile\u015fenler t\u00fcketeceksiniz.   <\/p>\n\n<p>\u0130yile\u015fme ki\u015fiden ki\u015fiye de\u011fi\u015febilir, ancak \u00e7o\u011fu insan yakla\u015f\u0131k 4 ila 6 hafta i\u00e7inde normal spor aktivitelerine geri d\u00f6ner. Elbette, iyi bir \u015fekilde iyile\u015febilmeniz i\u00e7in doktorunuzun tavsiyesini kontrol etmeniz \u00e7ok \u00f6nemlidir. <\/p>\n\n<h2 class=\"wp-block-heading\"><br\/>T\u00fcp Mide ile Ne Kadar Kilo Verilebilir?<\/h2>\n\n<p><\/p>\n\n<p>T\u00fcp mide ameliyat\u0131ndan sonra nas\u0131l \u00e7ok kilo verebilece\u011finiz birka\u00e7 konuya ba\u011fl\u0131d\u0131r. Ba\u015flang\u0131\u00e7 kilonuz, yeni sa\u011fl\u0131kl\u0131 diyet plan\u0131n\u0131z\u0131 ve egzersiz plan\u0131n\u0131z\u0131 ne kadar iyi \u00e7al\u0131\u015ft\u0131\u011f\u0131n\u0131z ve altta yatan bilimsel ko\u015fullar \u00f6nemli bir i\u015flev g\u00f6recektir. \u0130nsanlar\u0131n cerrahi operasyondan sonraki ilk bir y\u0131l i\u00e7inde %50 ila %60 aras\u0131nda kilo vermesi nadir de\u011fildir. Baz\u0131lar\u0131 i\u00e7in kilo kayb\u0131 daha da fazlad\u0131r.   <\/p>\n\n<p>T\u00fcp mide ameliyat\u0131, diyabet veya y\u00fcksek tansiyon gibi ili\u015fkili sa\u011fl\u0131k sorunlar\u0131yla u\u011fra\u015fan 35 veya 40 veya daha y\u00fcksek BMI (V\u00fccut Kitle \u0130ndeksi) olan insanlar i\u00e7in \u00f6zellikle g\u00fc\u00e7l\u00fcd\u00fcr. \u00c7e\u015fitli kilo verme tekniklerini ba\u015far\u0131l\u0131 olmadan denediyseniz, bu cerrahi tedavi sizin i\u00e7in bir oyun de\u011fi\u015ftirici olabilir. <\/p>\n\n<h2 class=\"wp-block-heading\"><br\/>T\u00fcp Mide Ameliyat\u0131 \u0130\u00e7in Kimler \u0130yi Bir Adayd\u0131r?<\/h2>\n\n<p><\/p>\n\n<p>Sa\u011fl\u0131k sorunlar\u0131yla ili\u015fkili <strong><a href=\"https:\/\/medclinics.com\/tr\/vucut-kitle-indeksi-vki\/\" target=\"_blank\" rel=\"noreferrer noopener\">35 &#8211; 40 veya daha y\u00fcksek bir BMI<\/a><\/strong> de\u011feriniz varsa, <strong>t\u00fcp mide <\/strong>sizin i\u00e7in do\u011fru se\u00e7im olabilir. Ancak, <strong><a href=\"https:\/\/pubmed.ncbi.nlm.nih.gov\/?term=bariatric+surgery\" target=\"_blank\" rel=\"noreferrer noopener nofollow\">obezite cerrahisi<\/a><\/strong> konusunda uzmanla\u015fm\u0131\u015f bir doktoru ziyaret etmeniz \u00f6nemlidir. <\/p>\n\n<p><strong>T\u00fcp mide ameliyat\u0131<\/strong> kilo vermek i\u00e7in g\u00fc\u00e7l\u00fc bir y\u00f6ntem olsa da k\u0131sa s\u00fcreli bir onar\u0131m de\u011fildir. \u0130lk etkilerini g\u00f6rmek i\u00e7in, ya\u015fam tarz\u0131n\u0131zda daha sa\u011fl\u0131kl\u0131 beslenmeyi ve canl\u0131 kalmay\u0131 i\u00e7eren kal\u0131c\u0131 de\u011fi\u015fiklikler yapmak isteyeceksiniz. <\/p>\n\n<h2 class=\"wp-block-heading\"><br\/>T\u00fcp Mide Ameliyat\u0131n\u0131n Faydalar\u0131<\/h2>\n\n<p><\/p>\n\n<ul class=\"wp-block-list\">\n<li><strong>\u00d6nemli Kilo Kayb\u0131:<\/strong> <strong>T\u00fcp mide ameliyat\u0131n\u0131n<\/strong> en \u00f6nemli faydalar\u0131ndan biri, kaybedebilece\u011finiz kilo miktar\u0131d\u0131r. \u00c7o\u011fu hasta ilk bir y\u0131l i\u00e7inde kilolar\u0131n\u0131n %50 ila %60&#8217;\u0131n\u0131 kaybeder, bu da zindeli\u011finizde ve son derece iyi ya\u015fam tarz\u0131n\u0131zda b\u00fcy\u00fck bir ilk oran etkisine sahip olabilir. <\/li>\n\n\n\n<li><strong>\u0130yile\u015ftirilmi\u015f Sa\u011fl\u0131k:<\/strong> Bir\u00e7ok hasta i\u00e7in t\u00fcp mide ameliyat\u0131 kilo kayb\u0131na ger\u00e7ekten yard\u0131mc\u0131 olmaz. Ayr\u0131ca 2. t\u00fcr diyabet, uyku apnesi ve tansiyon gibi sa\u011fl\u0131k durumlar\u0131nda da iyile\u015fmelere neden olur. Kilo kayb\u0131 ayr\u0131ca eklem a\u011fr\u0131lar\u0131n\u0131 azaltabilir ve hareketlili\u011fi art\u0131rarak spor aktivitelerini \u00e7ok daha kolay hale getirebilir.  <\/li>\n\n\n\n<li><strong>Daha \u0130yi Ya\u015fam Kalitesi:<\/strong> Kilo vermek kendiniz ve ruh sa\u011fl\u0131\u011f\u0131n\u0131z i\u00e7in harikalar yaratabilir. Bir\u00e7ok insan cerrahi tedaviden sonra kendini daha enerjik ve mutlu hissetmektedir. <\/li>\n\n\n\n<li><strong>Minimal Yara \u0130zi:<\/strong> <strong>T\u00fcp mide ameliyat\u0131nda<\/strong> k\u00fc\u00e7\u00fck kesiler kullan\u0131ld\u0131\u011f\u0131ndan, yara izi genellikle minimumdur ve zamanla kaybolur.<\/li>\n<\/ul>\n\n<h2 class=\"wp-block-heading\"><br\/>\u0130yile\u015fme Nas\u0131l G\u00f6r\u00fcn\u00fcyor?<\/h2>\n\n<p><br\/><strong>T\u00fcp mide ameliyat\u0131<\/strong> sonras\u0131 iyile\u015fme s\u00fcresinde g\u00f6rmeyi bekleyebilece\u011finiz \u015feyler \u015funlard\u0131r:<\/p>\n\n<ul class=\"wp-block-list\">\n<li><strong>\u0130lk 1-2 G\u00fcn:<\/strong> Cerrahi tedaviden sonra muhtemelen 2 ila 4 g\u00fcn boyunca sa\u011fl\u0131k kurumunda kalacaks\u0131n\u0131z. T\u0131bbi grup iyile\u015fmenizi izleyecek, herhangi bir a\u011fr\u0131n\u0131n y\u00f6netilmesine yard\u0131mc\u0131 olacak ve sizi s\u0131v\u0131-basit bir kilo verme plan\u0131na ba\u015flatacakt\u0131r. <\/li>\n\n\n\n<li><strong>\u0130lk Hafta:<\/strong> Bu s\u00fcre zarf\u0131nda i\u00e7ecekler ve kolay malzemelerle ya\u015fayacaks\u0131n\u0131z. Biraz a\u011fr\u0131 da hissedebilirsiniz, ancak genellikle re\u00e7ete edilen a\u011fr\u0131 tedavisi ile y\u00f6netilebilir. <\/li>\n\n\n\n<li><strong>1-3 Ay:<\/strong> \u015eimdiye kadar muhtemelen daha aktif hissediyor olacaks\u0131n\u0131z ve kilo kayb\u0131 \u00e7ok b\u00fcy\u00fck olabilir. Ak\u0131\u015f\u0131na b\u0131rakabileceksiniz. Yakla\u015f\u0131k 4 ila 6 hafta sonra i\u015fe y\u00fcr\u00fcyerek gidebilir veya g\u00fcnl\u00fck spor aktivitelerinizi yapabilirsiniz. Bu s\u00fcre zarf\u0131nda, doktorunuz g\u00fc\u00e7l\u00fc maddeleri yava\u015f\u00e7a yeniden vermeniz i\u00e7in size yol g\u00f6sterecektir.   <\/li>\n\n\n\n<li><strong>3-6 Ay:<\/strong> Kilo vermeniz devam ettik\u00e7e, muhtemelen daha sa\u011fl\u0131kl\u0131 oldu\u011funuzu hissedeceksiniz. Doktorunuzun d\u00fczenli takip randevular\u0131, ba\u015far\u0131n\u0131zdan emin olmak ve geli\u015fiminizi izlemek i\u00e7in anahtar olabilir. <\/li>\n\n\n\n<li><strong>Devam eden:<\/strong> Kilo kayb\u0131n\u0131z\u0131 uzun s\u00fcre korumak i\u00e7in, sa\u011fl\u0131kl\u0131 bir diyet rejimine, g\u00fcnl\u00fck egzersize ve \u00f6nerilen vitamin veya besin takviyelerini almaya adanm\u0131\u015f ya\u015faman\u0131z gerekir. Bu ya\u015fam boyu s\u00fcrecek bir tarzd\u0131r, ancak \u00f6d\u00fclleri neredeyse buna de\u011fer. <\/li>\n<\/ul>\n\n<h2 class=\"wp-block-heading\"><br\/>T\u00fcp Mide Ameliyat\u0131 Sizin \u0130\u00e7in Uygun mu?<\/h2>\n\n<p><\/p>\n\n<p>Kilo sorunlar\u0131 ve kilonuzla ili\u015fkili fitness problemleri ya\u015f\u0131yorsan\u0131z, <strong>t\u00fcp mide ameliyat\u0131<\/strong> ihtiyac\u0131n\u0131z olan cevap olabilir. Kilo vermek ve sa\u011fl\u0131\u011f\u0131n\u0131z\u0131 iyile\u015ftirmek i\u00e7in g\u00fc\u00e7l\u00fc bir y\u00f6ntemdir, ancak k\u0131sa s\u00fcreli bir iyile\u015fme de\u011fildir. Ba\u015far\u0131, t\u0131p doktorunuzun diyet ve egzersiz konusundaki tavsiyelerine uymay\u0131 i\u00e7eren uzun vadeli ya\u015fam tarz\u0131 ayarlamalar\u0131 yapmaya dayan\u0131r.  <\/p>\n\n<p>\u0130lerlemeden \u00f6nce, <strong>t\u00fcp mide ameliyat\u0131n\u0131n<\/strong> sizin i\u00e7in en iyi se\u00e7enek olup olmad\u0131\u011f\u0131na karar vermenize yard\u0131mc\u0131 olabilecek lisansl\u0131 bir bilimsel doktorla bir seans planlay\u0131n.<\/p>\n\n<h2 class=\"wp-block-heading\">Sonu\u00e7<\/h2>\n\n<p><\/p>\n\n<p><strong>T\u00fcp mide ameliyat\u0131<\/strong>, kilo sorunlar\u0131yla m\u00fccadele eden ki\u015filer i\u00e7in incelenmi\u015f ve g\u00fc\u00e7l\u00fc bir kilo verme arac\u0131d\u0131r. \u00d6nemli \u00f6l\u00e7\u00fcde kilo kayb\u0131 sa\u011flar, sa\u011fl\u0131\u011f\u0131 iyile\u015ftirir ve birinci s\u0131n\u0131f ya\u015fam kalitesini tamamlar. Bununla birlikte, kesinlikle ba\u015far\u0131l\u0131 olmas\u0131 i\u00e7in uzun s\u00fcreli ya\u015fam tarz\u0131 de\u011fi\u015fikliklerine kararl\u0131l\u0131k gerektirir. Daha sa\u011fl\u0131kl\u0131 ve daha mutlu bir ya\u015fam i\u00e7in ilk ad\u0131m\u0131 atmaya haz\u0131rsan\u0131z, <strong>t\u00fcp mide ameliyat\u0131<\/strong> tam da ihtiyac\u0131n\u0131z olan \u015fey olabilir.   <\/p>\n\n<p>Daha fazla bilgi edinmekle ilgileniyorsan\u0131z veya bir sonraki ad\u0131m\u0131 atmaya haz\u0131rsan\u0131z, t\u00fcp mide ameliyat\u0131n\u0131n kilo verme ve sa\u011fl\u0131k hayallerinize ula\u015fman\u0131za nas\u0131l yard\u0131mc\u0131 olabilece\u011fini \u00f6\u011frenmek i\u00e7in <strong>bug\u00fcnlerde bizimle ileti\u015fime<\/strong> ge\u00e7in.<\/p>\n\n<h3 class=\"wp-block-heading\">\u0130yile\u015fme s\u00fcreci ve daha fazlas\u0131 dahil olmak \u00fczere <a href=\"https:\/\/medclinics.com\/tr\/obesity-treatment\/\" target=\"_blank\" rel=\"noreferrer noopener\">obezite tedavisi<\/a> hakk\u0131nda bilmeniz gereken her \u015fey burada, <a href=\"#requestform\">bizimle ileti\u015fime<\/a> ge\u00e7in!<\/h3>\n\n<figure class=\"wp-block-image size-full\"><img decoding=\"async\" width=\"960\" height=\"540\" src=\"https:\/\/medclinics.com\/wp-content\/uploads\/2023\/07\/sleeve-gastrectomy-near-me.jpg\" alt=\"Yak&#x131;n&#x131;mda Sleeve Gastrektomi &#x130;stanbul\" class=\"wp-image-97858\" srcset=\"https:\/\/medclinics.com\/wp-content\/uploads\/2023\/07\/sleeve-gastrectomy-near-me.jpg 960w, https:\/\/medclinics.com\/wp-content\/uploads\/2023\/07\/sleeve-gastrectomy-near-me-500x281.jpg 500w, https:\/\/medclinics.com\/wp-content\/uploads\/2023\/07\/sleeve-gastrectomy-near-me-768x432.jpg 768w, https:\/\/medclinics.com\/wp-content\/uploads\/2023\/07\/sleeve-gastrectomy-near-me-24x14.jpg 24w, https:\/\/medclinics.com\/wp-content\/uploads\/2023\/07\/sleeve-gastrectomy-near-me-36x20.jpg 36w, https:\/\/medclinics.com\/wp-content\/uploads\/2023\/07\/sleeve-gastrectomy-near-me-48x27.jpg 48w\" sizes=\"(max-width: 960px) 100vw, 960px\" \/><\/figure>\n\n<h2 class=\"wp-block-heading\">SSS<\/h2>\n<div id=\"rank-math-faq\" class=\"rank-math-block\">\n<div class=\"rank-math-list \">\n<div id=\"faq-question-1684911836581\" class=\"rank-math-list-item\">\n<h3 class=\"rank-math-question \">T\u00fcp Mide Ameliyat\u0131 nedir?<\/h3>\n<div class=\"rank-math-answer \">\n\n<p>T\u00fcp mide ameliyat\u0131 veya sleeve gastrektomi, midenin b\u00fcy\u00fck bir k\u0131sm\u0131n\u0131n \u00e7\u0131kar\u0131ld\u0131\u011f\u0131 ve geride daha k\u00fc\u00e7\u00fck t\u00fcp \u015feklinde bir mide b\u0131rak\u0131ld\u0131\u011f\u0131 bir kilo verme prosed\u00fcr\u00fcd\u00fcr. Bu, g\u0131da al\u0131m\u0131n\u0131 azalt\u0131r ve kilo kayb\u0131n\u0131 destekler. Laparoskopik olarak ger\u00e7ekle\u015ftirilir ve kal\u0131c\u0131 bir i\u015flemdir.<\/p>\n\n<\/div>\n<\/div>\n<div id=\"faq-question-1684911902583\" class=\"rank-math-list-item\">\n<h3 class=\"rank-math-question \">Kimler t\u00fcp mide ameliyat\u0131 olabilir?<\/h3>\n<div class=\"rank-math-answer \">\n\n<p>T\u00fcp Mide Ameliyat\u0131 tipik olarak belirli kriterleri kar\u015f\u0131layan bireyler i\u00e7in \u00f6nerilir. Bunlar aras\u0131nda V\u00fccut Kitle \u0130ndeksinin (VK\u0130) 40 veya daha y\u00fcksek olmas\u0131 ya da VK\u0130&#8217;nin 35-39,9 olmas\u0131 ve obeziteyle ilgili \u00f6nemli sa\u011fl\u0131k sorunlar\u0131n\u0131n bulunmas\u0131 yer almaktad\u0131r. Adaylar, diyet ve egzersiz gibi di\u011fer y\u00f6ntemlerle kilo vermek i\u00e7in ba\u015far\u0131s\u0131z giri\u015fimlerde bulunmu\u015f olmal\u0131d\u0131r. Adaylar\u0131n genel olarak sa\u011fl\u0131k durumlar\u0131n\u0131n iyi olmas\u0131 ve cerrahi riskleri art\u0131rabilecek t\u0131bbi durumlar\u0131n\u0131n bulunmamas\u0131 \u00f6nemlidir. Ayr\u0131ca, sa\u011fl\u0131kl\u0131 bir diyet ve d\u00fczenli egzersiz gibi uzun vadeli ya\u015fam tarz\u0131 de\u011fi\u015fikliklerine ba\u011fl\u0131l\u0131k gereklidir. Bununla birlikte, t\u00fcp mide ameliyat\u0131 i\u00e7in uygunluk bireysel olarak de\u011ferlendirilir ve obezite cerrahisinde uzmanla\u015fm\u0131\u015f bir sa\u011fl\u0131k uzman\u0131 taraf\u0131ndan kapsaml\u0131 bir de\u011ferlendirme, uygunlu\u011fun belirlenmesi ve potansiyel risk ve faydalar\u0131n tart\u0131\u015f\u0131lmas\u0131 i\u00e7in \u00e7ok \u00f6nemlidir.<\/p>\n\n<\/div>\n<\/div>\n<div id=\"faq-question-1684911629168\" class=\"rank-math-list-item\">\n<h3 class=\"rank-math-question \">T\u00fcp mide ameliyat\u0131 g\u00fcvenli midir?<\/h3>\n<div class=\"rank-math-answer \">\n\n<p>Sleeve gastrektomi genellikle g\u00fcvenli ve etkili bir kilo verme prosed\u00fcr\u00fc olarak kabul edilir. Bununla birlikte, her cerrahi prosed\u00fcr gibi, belirli riskler ve potansiyel komplikasyonlar ta\u015f\u0131r. Belirli riskleri ve faydalar\u0131, bireysel ko\u015fullar\u0131n\u0131z\u0131 de\u011ferlendirebilecek nitelikli bir sa\u011fl\u0131k uzman\u0131yla g\u00f6r\u00fc\u015fmeniz \u00f6nemlidir. Genel olarak, t\u00fcp mide ameliyat\u0131 bir\u00e7ok ki\u015fide ba\u015far\u0131yla uygulanm\u0131\u015f ve \u00f6nemli \u00f6l\u00e7\u00fcde kilo kayb\u0131na ve obezite ile ilgili \u00e7e\u015fitli sa\u011fl\u0131k ko\u015fullar\u0131nda iyile\u015fmeye yol a\u00e7m\u0131\u015ft\u0131r.<\/p>\n\n<\/div>\n<\/div>\n<div id=\"faq-question-1684912038891\" class=\"rank-math-list-item\">\n<h3 class=\"rank-math-question \">T\u00fcp mide ameliyat\u0131 ne kadar s\u00fcrer?<\/h3>\n<div class=\"rank-math-answer \">\n\n<p>T\u00fcp mide ameliyat\u0131n\u0131n etkilerinin uzun s\u00fcreli olmas\u0131 ama\u00e7lanmaktad\u0131r. Uygun ya\u015fam tarz\u0131 de\u011fi\u015fiklikleri ve takip bak\u0131m\u0131 ile ameliyatla elde edilen kilo kayb\u0131 uzun vadede s\u00fcrd\u00fcr\u00fclebilir. Bununla birlikte, prosed\u00fcr\u00fcn faydalar\u0131n\u0131 s\u00fcrd\u00fcrmek i\u00e7in sa\u011fl\u0131kl\u0131 bir ya\u015fam tarz\u0131na s\u00fcrekli ba\u011fl\u0131l\u0131k esast\u0131r.<\/p>\n\n<\/div>\n<\/div>\n<\/div>\n<\/div>\n<p>\u00a0<\/p>\n\n<h3 class=\"wp-block-heading\">Herhangi bir sorunuz olmas\u0131 durumunda hemen bizimle ileti\u015fime ge\u00e7in!<\/h3>\n","protected":false},"excerpt":{"rendered":"<p>Kilo kayb\u0131ndan muzdaripseniz ve kal\u0131c\u0131 bir \u00e7\u00f6z\u00fcm ar\u0131yorsan\u0131z, ihtiyac\u0131n\u0131z olan \u015fey T\u00fcp Mide Ameliyat\u0131 olabilir. T\u00fcp mide, bir\u00e7ok insan\u0131n sadece [&hellip;]<\/p>\n","protected":false},"author":4,"featured_media":160781,"parent":0,"menu_order":0,"comment_status":"closed","ping_status":"closed","template":"","meta":{"site-sidebar-layout":"default","site-content-layout":"","ast-site-content-layout":"default","site-content-style":"default","site-sidebar-style":"default","ast-global-header-display":"","ast-banner-title-visibility":"","ast-main-header-display":"","ast-hfb-above-header-display":"","ast-hfb-below-header-display":"","ast-hfb-mobile-header-display":"","site-post-title":"","ast-breadcrumbs-content":"","ast-featured-img":"","footer-sml-layout":"","ast-disable-related-posts":"","theme-transparent-header-meta":"","adv-header-id-meta":"","stick-header-meta":"","header-above-stick-meta":"","header-main-stick-meta":"","header-below-stick-meta":"","astra-migrate-meta-layouts":"default","ast-page-background-enabled":"default","ast-page-background-meta":{"desktop":{"background-color":"var(--ast-global-color-4)","background-image":"","background-repeat":"repeat","background-position":"center center","background-size":"auto","background-attachment":"scroll","background-type":"","background-media":"","overlay-type":"","overlay-color":"","overlay-opacity":"","overlay-gradient":""},"tablet":{"background-color":"","background-image":"","background-repeat":"repeat","background-position":"center center","background-size":"auto","background-attachment":"scroll","background-type":"","background-media":"","overlay-type":"","overlay-color":"","overlay-opacity":"","overlay-gradient":""},"mobile":{"background-color":"","background-image":"","background-repeat":"repeat","background-position":"center center","background-size":"auto","background-attachment":"scroll","background-type":"","background-media":"","overlay-type":"","overlay-color":"","overlay-opacity":"","overlay-gradient":""}},"ast-content-background-meta":{"desktop":{"background-color":"var(--ast-global-color-5)","background-image":"","background-repeat":"repeat","background-position":"center center","background-size":"auto","background-attachment":"scroll","background-type":"","background-media":"","overlay-type":"","overlay-color":"","overlay-opacity":"","overlay-gradient":""},"tablet":{"background-color":"var(--ast-global-color-5)","background-image":"","background-repeat":"repeat","background-position":"center center","background-size":"auto","background-attachment":"scroll","background-type":"","background-media":"","overlay-type":"","overlay-color":"","overlay-opacity":"","overlay-gradient":""},"mobile":{"background-color":"var(--ast-global-color-5)","background-image":"","background-repeat":"repeat","background-position":"center center","background-size":"auto","background-attachment":"scroll","background-type":"","background-media":"","overlay-type":"","overlay-color":"","overlay-opacity":"","overlay-gradient":""}},"footnotes":""},"class_list":["post-146455","page","type-page","status-publish","has-post-thumbnail","hentry"],"_links":{"self":[{"href":"https:\/\/medclinics.com\/tr\/wp-json\/wp\/v2\/pages\/146455","targetHints":{"allow":["GET"]}}],"collection":[{"href":"https:\/\/medclinics.com\/tr\/wp-json\/wp\/v2\/pages"}],"about":[{"href":"https:\/\/medclinics.com\/tr\/wp-json\/wp\/v2\/types\/page"}],"author":[{"embeddable":true,"href":"https:\/\/medclinics.com\/tr\/wp-json\/wp\/v2\/users\/4"}],"replies":[{"embeddable":true,"href":"https:\/\/medclinics.com\/tr\/wp-json\/wp\/v2\/comments?post=146455"}],"version-history":[{"count":0,"href":"https:\/\/medclinics.com\/tr\/wp-json\/wp\/v2\/pages\/146455\/revisions"}],"wp:featuredmedia":[{"embeddable":true,"href":"https:\/\/medclinics.com\/tr\/wp-json\/wp\/v2\/media\/160781"}],"wp:attachment":[{"href":"https:\/\/medclinics.com\/tr\/wp-json\/wp\/v2\/media?parent=146455"}],"curies":[{"name":"wp","href":"https:\/\/api.w.org\/{rel}","templated":true}]}}