{"id":146441,"date":"2023-05-23T14:24:15","date_gmt":"2023-05-23T11:24:15","guid":{"rendered":"https:\/\/medclinics.com\/el-terlemesi\/"},"modified":"2024-04-04T19:19:46","modified_gmt":"2024-04-04T16:19:46","slug":"el-terlemesi","status":"publish","type":"page","link":"https:\/\/medclinics.com\/tr\/el-terlemesi\/","title":{"rendered":"El Terlemesi"},"content":{"rendered":"\n<h2 class=\"wp-block-heading\">Elinizin a\u015f\u0131r\u0131 terlemesi ile m\u00fccadele ediyorsan\u0131z, umutsuzlu\u011fa kap\u0131lmay\u0131n! Rahats\u0131zl\u0131\u011f\u0131n\u0131z\u0131 hafifletmeye yard\u0131mc\u0131 olacak \u00e7e\u015fitli etkili tedaviler mevcuttur.<\/h2>\n\n<p>\u00d6ncelikle, eller i\u00e7in \u00f6zel olarak tasarlanm\u0131\u015f ter \u00f6nleyiciler kullanmay\u0131 d\u00fc\u015f\u00fcn\u00fcn &#8211; bunlar re\u00e7etesiz olarak sat\u0131n al\u0131nabilir veya bir doktor taraf\u0131ndan re\u00e7ete edilebilir.<\/p>\n\n<p>Bir ba\u015fka se\u00e7enek de <a href=\"https:\/\/en.wikipedia.org\/wiki\/Iontophoresis\" target=\"_blank\" rel=\"noreferrer noopener\">iyontoforezdir<\/a>: Bu ter \u00fcretimini azaltan elektrikli bir cihaz\u0131n kullan\u0131lmas\u0131n\u0131 i\u00e7erir ve evde veya t\u0131bbi bir ortamda yap\u0131labilir.<\/p>\n\n<p>Baz\u0131 ila\u00e7lar da yard\u0131mc\u0131 olabilir; sa\u011fl\u0131k uzman\u0131n\u0131za olas\u0131 \u00e7\u00f6z\u00fcmler olarak antikolinerjikler veya terlemeyi \u00f6nleyici haplar hakk\u0131nda bilgi verin.<\/p>\n\n<p>Daha ciddi vakalarda kas gev\u015fetici enjeksiyonlar\u0131, ter bezlerini uyarmaktan sorumlu sinirleri bloke ederek ge\u00e7ici bir rahatlama sa\u011flayabilir. Ve son olarak, sempatektomi gibi bir ameliyat gerekirse ayn\u0131 sinirleri kal\u0131c\u0131 olarak bozabilir.<\/p>\n\n<p>Durumunuzun ciddiyetine ba\u011fl\u0131 olarak herhangi bir tedavi y\u00f6ntemine karar vermeden \u00f6nce bir dermatolo\u011fa veya ba\u015fka bir uzmana dan\u0131\u015fmay\u0131 unutmay\u0131n. Hiperhidrozun sizi hayat\u0131 dolu dolu ya\u015famaktan al\u0131koymas\u0131na izin vermeyin!<\/p>\n\n<h3 class=\"wp-block-heading\">Fiyat, bak\u0131m sonras\u0131 ve iyile\u015fme s\u00fcreci dahil olmak \u00fczere <a href=\"https:\/\/medclinics.com\/tr\/guzellik\/\" target=\"_blank\" rel=\"noreferrer noopener\">g\u00fczellik tedavisi<\/a> hakk\u0131nda bilmeniz gereken her \u015fey veya <a href=\"#requestform\">bizimle ileti\u015fime<\/a> ge\u00e7in!<\/h3>\n\n<h2 class=\"wp-block-heading\">SSS <\/h2>\n<div id=\"rank-math-faq\" class=\"rank-math-block\">\n<div class=\"rank-math-list \">\n<div id=\"faq-question-1684851552320\" class=\"rank-math-list-item\">\n<h3 class=\"rank-math-question \">Ellerimin terlemesine ne sebep olur?<\/h3>\n<div class=\"rank-math-answer \">\n\n<p>Palmar hiperhidroz olarak bilinen ellerin a\u015f\u0131r\u0131 terlemesinin \u00e7e\u015fitli nedenleri olabilir. A\u015f\u0131r\u0131 aktif ter bezleri ile karakterize bir durum olan primer hiperhidroz yayg\u0131n bir fakt\u00f6rd\u00fcr. Genellikle genetik fakt\u00f6rlerden etkilenir. Ayr\u0131ca, ikincil hiperhidroz tiroid sorunlar\u0131, diyabet, hormonal dengesizlikler veya baz\u0131 ila\u00e7lar gibi altta yatan t\u0131bbi durumlardan kaynaklanabilir. Stres ve kayg\u0131 gibi duygusal fakt\u00f6rler de s\u0131cak ve nemli ortamlar gibi el terlemesini tetikleyebilir. Baharatl\u0131 yiyecekler veya kafein t\u00fcketimi ter bezlerini uyarabilir ve el terlemesinin artmas\u0131na neden olabilir. A\u015f\u0131r\u0131 el terlemesi rahats\u0131z edici ise, do\u011fru bir de\u011ferlendirme ve uygun tedavi \u00f6nerileri i\u00e7in bir sa\u011fl\u0131k uzman\u0131na dan\u0131\u015f\u0131lmas\u0131 tavsiye edilir.<\/p>\n\n<\/div>\n<\/div>\n<div id=\"faq-question-1684851594998\" class=\"rank-math-list-item\">\n<h3 class=\"rank-math-question \">El terlemesi normal midir?<\/h3>\n<div class=\"rank-math-answer \">\n\n<p>Terleme, v\u00fccut \u0131s\u0131s\u0131n\u0131 d\u00fczenlemeye yard\u0131mc\u0131 olan normal bir fizyolojik tepkidir. Eller de dahil olmak \u00fczere v\u00fccudun \u0131s\u0131, fiziksel aktivite veya duygusal stres gibi fakt\u00f6rlere tepki olarak terlemesi do\u011fald\u0131r. Ancak el terlemesinin seviyesi ki\u015fiden ki\u015fiye de\u011fi\u015febilir. Baz\u0131 bireylerin ellerinde do\u011fal olarak daha aktif ter bezleri olabilir, bu da el terlemesinin di\u011ferlerine g\u00f6re daha y\u00fcksek seviyelere \u00e7\u0131kmas\u0131na neden olabilir.<br \/>A\u015f\u0131r\u0131 el terlemesi baz\u0131 ki\u015filerde g\u00f6r\u00fclebilir ve normal terleme aral\u0131\u011f\u0131n\u0131n d\u0131\u015f\u0131nda kabul edilebilir. Rahats\u0131zl\u0131\u011fa, sosyal utanca neden olabilir ve g\u00fcnl\u00fck aktiviteleri engelleyebilir.  <\/p>\n\n<\/div>\n<\/div>\n<div id=\"faq-question-1684851677686\" class=\"rank-math-list-item\">\n<h3 class=\"rank-math-question \">El terlemesi nas\u0131l durdurulur?<\/h3>\n<div class=\"rank-math-answer \">\n\n<p>A\u015f\u0131r\u0131 el terlemesini azaltmak veya y\u00f6netmek i\u00e7in deneyebilece\u011finiz birka\u00e7 strateji vard\u0131r. Eller i\u00e7in \u00f6zel olarak tasarlanm\u0131\u015f ter \u00f6nleyiciler uygulamak, ellerinizi emici malzemelerle kuru tutmak ve nefes alabilen kuma\u015flar giymek teri en aza indirmeye yard\u0131mc\u0131 olabilir. D\u00fczenli y\u0131kama ve iyice kurulama dahil olmak \u00fczere iyi bir el hijyeni de terlemeyi kontrol etmeye yard\u0131mc\u0131 olabilir. Stres, kafein, baharatl\u0131 yiyecekler veya s\u0131cak ortamlar gibi tetikleyicilerin belirlenmesi ve bunlardan ka\u00e7\u0131n\u0131lmas\u0131 faydal\u0131 olabilir. Ayr\u0131ca, derin nefes alma veya meditasyon gibi stresi y\u00f6netme teknikleri genel terlemeyi azaltmaya yard\u0131mc\u0131 olabilir. Daha ciddi vakalarda, elektrik ak\u0131m\u0131 kullanan iyontoforez veya kas gev\u015fetici enjeksiyonlar gibi tedaviler d\u00fc\u015f\u00fcn\u00fclebilir. \u00d6zel durumunuza en uygun yakla\u015f\u0131m\u0131 belirlemek ve ki\u015fiselle\u015ftirilmi\u015f rehberlik almak i\u00e7in bir sa\u011fl\u0131k uzman\u0131na veya dermatolo\u011fa dan\u0131\u015fman\u0131z \u00f6nerilir.<\/p>\n\n<\/div>\n<\/div>\n<div id=\"faq-question-1684851678857\" class=\"rank-math-list-item\">\n<h3 class=\"rank-math-question \">El terlemesi bir hastal\u0131k m\u0131d\u0131r?<\/h3>\n<div class=\"rank-math-answer \">\n\n<p>Evet, palmar hiperhidroz olarak bilinen a\u015f\u0131r\u0131 el terlemesi t\u0131bbi bir durum veya bir bozukluk olarak kabul edilebilir.<\/p>\n\n<\/div>\n<\/div>\n<\/div>\n<\/div>\n<p><\/p>\n\n<h3 class=\"wp-block-heading\">Herhangi bir sorunuz olmas\u0131 durumunda hemen bizimle ileti\u015fime ge\u00e7in!<\/h3>\n","protected":false},"excerpt":{"rendered":"<p>Elinizin a\u015f\u0131r\u0131 terlemesi ile m\u00fccadele ediyorsan\u0131z, umutsuzlu\u011fa kap\u0131lmay\u0131n! Rahats\u0131zl\u0131\u011f\u0131n\u0131z\u0131 hafifletmeye yard\u0131mc\u0131 olacak \u00e7e\u015fitli etkili tedaviler mevcuttur. \u00d6ncelikle, eller i\u00e7in \u00f6zel [&hellip;]<\/p>\n","protected":false},"author":4,"featured_media":91197,"parent":0,"menu_order":0,"comment_status":"closed","ping_status":"closed","template":"","meta":{"site-sidebar-layout":"default","site-content-layout":"","ast-site-content-layout":"default","site-content-style":"default","site-sidebar-style":"default","ast-global-header-display":"","ast-banner-title-visibility":"","ast-main-header-display":"","ast-hfb-above-header-display":"","ast-hfb-below-header-display":"","ast-hfb-mobile-header-display":"","site-post-title":"","ast-breadcrumbs-content":"","ast-featured-img":"","footer-sml-layout":"","ast-disable-related-posts":"","theme-transparent-header-meta":"","adv-header-id-meta":"","stick-header-meta":"","header-above-stick-meta":"","header-main-stick-meta":"","header-below-stick-meta":"","astra-migrate-meta-layouts":"default","ast-page-background-enabled":"default","ast-page-background-meta":{"desktop":{"background-color":"var(--ast-global-color-4)","background-image":"","background-repeat":"repeat","background-position":"center center","background-size":"auto","background-attachment":"scroll","background-type":"","background-media":"","overlay-type":"","overlay-color":"","overlay-opacity":"","overlay-gradient":""},"tablet":{"background-color":"","background-image":"","background-repeat":"repeat","background-position":"center center","background-size":"auto","background-attachment":"scroll","background-type":"","background-media":"","overlay-type":"","overlay-color":"","overlay-opacity":"","overlay-gradient":""},"mobile":{"background-color":"","background-image":"","background-repeat":"repeat","background-position":"center center","background-size":"auto","background-attachment":"scroll","background-type":"","background-media":"","overlay-type":"","overlay-color":"","overlay-opacity":"","overlay-gradient":""}},"ast-content-background-meta":{"desktop":{"background-color":"var(--ast-global-color-5)","background-image":"","background-repeat":"repeat","background-position":"center center","background-size":"auto","background-attachment":"scroll","background-type":"","background-media":"","overlay-type":"","overlay-color":"","overlay-opacity":"","overlay-gradient":""},"tablet":{"background-color":"var(--ast-global-color-5)","background-image":"","background-repeat":"repeat","background-position":"center center","background-size":"auto","background-attachment":"scroll","background-type":"","background-media":"","overlay-type":"","overlay-color":"","overlay-opacity":"","overlay-gradient":""},"mobile":{"background-color":"var(--ast-global-color-5)","background-image":"","background-repeat":"repeat","background-position":"center center","background-size":"auto","background-attachment":"scroll","background-type":"","background-media":"","overlay-type":"","overlay-color":"","overlay-opacity":"","overlay-gradient":""}},"footnotes":""},"class_list":["post-146441","page","type-page","status-publish","has-post-thumbnail","hentry"],"_links":{"self":[{"href":"https:\/\/medclinics.com\/tr\/wp-json\/wp\/v2\/pages\/146441","targetHints":{"allow":["GET"]}}],"collection":[{"href":"https:\/\/medclinics.com\/tr\/wp-json\/wp\/v2\/pages"}],"about":[{"href":"https:\/\/medclinics.com\/tr\/wp-json\/wp\/v2\/types\/page"}],"author":[{"embeddable":true,"href":"https:\/\/medclinics.com\/tr\/wp-json\/wp\/v2\/users\/4"}],"replies":[{"embeddable":true,"href":"https:\/\/medclinics.com\/tr\/wp-json\/wp\/v2\/comments?post=146441"}],"version-history":[{"count":0,"href":"https:\/\/medclinics.com\/tr\/wp-json\/wp\/v2\/pages\/146441\/revisions"}],"wp:featuredmedia":[{"embeddable":true,"href":"https:\/\/medclinics.com\/tr\/wp-json\/wp\/v2\/media\/91197"}],"wp:attachment":[{"href":"https:\/\/medclinics.com\/tr\/wp-json\/wp\/v2\/media?parent=146441"}],"curies":[{"name":"wp","href":"https:\/\/api.w.org\/{rel}","templated":true}]}}