{"id":146431,"date":"2023-05-23T14:14:46","date_gmt":"2023-05-23T11:14:46","guid":{"rendered":"https:\/\/medclinics.com\/sac-mezoterapisi\/"},"modified":"2024-04-04T19:26:14","modified_gmt":"2024-04-04T16:26:14","slug":"sac-mezoterapisi","status":"publish","type":"page","link":"https:\/\/medclinics.com\/tr\/sac-mezoterapisi\/","title":{"rendered":"Sa\u00e7 Mezoterapisi"},"content":{"rendered":"\n<h2 class=\"wp-block-heading\">Sa\u00e7\u0131n\u0131z\u0131n sa\u011fl\u0131\u011f\u0131n\u0131 ve g\u00f6r\u00fcn\u00fcm\u00fcn\u00fc iyile\u015ftirmek i\u00e7in cerrahi olmayan bir kozmetik prosed\u00fcr m\u00fc ar\u0131yorsunuz? Sa\u00e7 Mezoterapisinden ba\u015fkas\u0131na bakmay\u0131n.<\/h2>\n\n<p>Bu yenilik\u00e7i tedavi, vitaminler, mineraller, amino asitler ve di\u011fer aktif bile\u015fenlerden olu\u015fan \u00f6zelle\u015ftirilmi\u015f bir kar\u0131\u015f\u0131m\u0131n do\u011frudan kafa derinize enjekte edilmesini i\u00e7erir.<\/p>\n\n<p>Bu sadece <a href=\"https:\/\/en.wikipedia.org\/wiki\/Hair_follicle\" target=\"_blank\" rel=\"noreferrer noopener\">sa\u00e7 k\u00f6klerinizi<\/a> i\u00e7ten d\u0131\u015fa beslemekle kalmaz &#8211; b\u00fcy\u00fcmeyi te\u015fvik eder ve mevcut telleri g\u00fc\u00e7lendirir &#8211; ayn\u0131 zamanda iltihab\u0131 azalt\u0131rken b\u00f6lgedeki kan dola\u015f\u0131m\u0131n\u0131 da uyar\u0131r. Biotin (B7 Vitamini), pantenol (B5 Vitamini), folik asit (B9 Vitamini), \u00e7inko, demir, sistein veya arjinin gibi bile\u015fenlerin yan\u0131 s\u0131ra gerekirse minoksidil kullan\u0131larak bireysel ihtiya\u00e7lar\u0131 kar\u015f\u0131lamak i\u00e7in \u00f6zel olarak haz\u0131rlanan her seansla; her enjeksiyonun tam da ihtiyac\u0131n\u0131z olan \u015fey olaca\u011f\u0131ndan emin olabilirsiniz!<\/p>\n\n<h3 class=\"wp-block-heading\">Fiyat, bak\u0131m sonras\u0131 ve iyile\u015fme s\u00fcreci dahil olmak \u00fczere <a href=\"https:\/\/medclinics.com\/tr\/guzellik\/\" target=\"_blank\" rel=\"noreferrer noopener\">g\u00fczellik tedavisi<\/a> hakk\u0131nda bilmeniz gereken her \u015fey veya <a href=\"#requestform\">bizimle ileti\u015fime<\/a> ge\u00e7in!<\/h3>\n\n<h3 class=\"wp-block-heading\">SSS<\/h3>\n<div id=\"rank-math-faq\" class=\"rank-math-block\">\n<div class=\"rank-math-list \">\n<div id=\"faq-question-1684851001613\" class=\"rank-math-list-item\">\n<h3 class=\"rank-math-question \">Sa\u00e7 mezoterapisi etkili midir?<\/h3>\n<div class=\"rank-math-answer \">\n\n<p>Sa\u00e7 mezoterapisi baz\u0131 ki\u015filerde sa\u00e7 b\u00fcy\u00fcmesini ve genel sa\u00e7 sa\u011fl\u0131\u011f\u0131n\u0131 iyile\u015ftirmede etkili olabilir. Bununla birlikte, etkinlik de\u011fi\u015febilir ve sonu\u00e7lar sa\u00e7 d\u00f6k\u00fclmesinin alt\u0131nda yatan neden ve tedaviye bireysel yan\u0131t gibi fakt\u00f6rlerden etkilenir. \u00d6zel sa\u00e7 sorunlar\u0131n\u0131z\u0131 de\u011ferlendirmek ve sa\u00e7 mezoterapisinin sizin i\u00e7in uygun olup olmad\u0131\u011f\u0131n\u0131 belirlemek i\u00e7in bir sa\u011fl\u0131k uzman\u0131na dan\u0131\u015fman\u0131z \u00f6nerilir.<\/p>\n\n<\/div>\n<\/div>\n<div id=\"faq-question-1684851044066\" class=\"rank-math-list-item\">\n<h3 class=\"rank-math-question \">Sa\u00e7 mezoterapisi ne kadar s\u00fcrer?<\/h3>\n<div class=\"rank-math-answer \">\n\n<p>Sa\u00e7 mezoterapisinin etkileri birka\u00e7 ay s\u00fcrebilir, ancak bireysel sonu\u00e7lar de\u011fi\u015febilir. Faydalar\u0131 s\u00fcrd\u00fcrmek i\u00e7in d\u00fczenli bak\u0131m tedavileri gerekli olabilir. Bir sa\u011fl\u0131k uzman\u0131na dan\u0131\u015fmak, bireysel ko\u015fullar\u0131n\u0131za g\u00f6re daha spesifik bilgiler sa\u011flayabilir.<\/p>\n\n<\/div>\n<\/div>\n<div id=\"faq-question-1684851088159\" class=\"rank-math-list-item\">\n<h3 class=\"rank-math-question \">Sa\u00e7 mezoterapisi a\u011fr\u0131l\u0131 m\u0131d\u0131r?<\/h3>\n<div class=\"rank-math-answer \">\n\n<p>Sa\u00e7 mezoterapisi tipik olarak \u00e7ok ince i\u011fneler kullan\u0131larak kafa derisine bir besin kar\u0131\u015f\u0131m\u0131n\u0131n enjekte edilmesini i\u00e7erir. \u0130\u015flem s\u0131ras\u0131nda ya\u015fanan rahats\u0131zl\u0131k seviyesi ki\u015fiden ki\u015fiye de\u011fi\u015febilir. Baz\u0131 ki\u015filer enjeksiyonlar s\u0131ras\u0131nda hafif bir rahats\u0131zl\u0131k veya hafif bir his ya\u015fayabilirken, genellikle iyi tolere edilen bir prosed\u00fcr olarak kabul edilir. Kullan\u0131lan i\u011fneler \u00e7ok incedir ve olas\u0131 a\u011fr\u0131lar\u0131 en aza indirir. Ek olarak, baz\u0131 uygulay\u0131c\u0131lar rahats\u0131zl\u0131\u011f\u0131 daha da azaltmak i\u00e7in uyu\u015fturucu bir krem uygulayabilir veya ba\u015fka teknikler kullanabilir.<\/p>\n\n<\/div>\n<\/div>\n<div id=\"faq-question-1684851125771\" class=\"rank-math-list-item\">\n<h3 class=\"rank-math-question \">Sa\u00e7 mezoterapisi kal\u0131c\u0131 m\u0131d\u0131r?<\/h3>\n<div class=\"rank-math-answer \">\n\n<p>Sa\u00e7 mezoterapisi sa\u00e7 b\u00fcy\u00fcmesinde ve genel sa\u00e7 sa\u011fl\u0131\u011f\u0131nda ge\u00e7ici iyile\u015fmeler sa\u011flayabilir. Etkilerin s\u00fcresi ki\u015fiden ki\u015fiye de\u011fi\u015febilir.<br \/>Enjekte edilen besinler sa\u00e7 k\u00f6klerini besler ve daha sa\u011fl\u0131kl\u0131 sa\u00e7 b\u00fcy\u00fcmesini destekler. Bununla birlikte, faydalar\u0131 s\u00fcrd\u00fcrmek i\u00e7in genellikle d\u00fczenli bak\u0131m tedavileri \u00f6nerilir. \u0130dame tedavilerinin s\u0131kl\u0131\u011f\u0131, bireysel ihtiya\u00e7lara ve ilk seanslara verilen yan\u0131ta ba\u011fl\u0131 olacakt\u0131r.<\/p>\n\n<\/div>\n<\/div>\n<\/div>\n<\/div>\n<p><\/p>\n\n<h3 class=\"wp-block-heading\">Herhangi bir sorunuz olmas\u0131 durumunda hemen bizimle ileti\u015fime ge\u00e7in!<\/h3>\n","protected":false},"excerpt":{"rendered":"<p>Sa\u00e7\u0131n\u0131z\u0131n sa\u011fl\u0131\u011f\u0131n\u0131 ve g\u00f6r\u00fcn\u00fcm\u00fcn\u00fc iyile\u015ftirmek i\u00e7in cerrahi olmayan bir kozmetik prosed\u00fcr m\u00fc ar\u0131yorsunuz? Sa\u00e7 Mezoterapisinden ba\u015fkas\u0131na bakmay\u0131n. Bu yenilik\u00e7i tedavi, [&hellip;]<\/p>\n","protected":false},"author":4,"featured_media":92657,"parent":0,"menu_order":0,"comment_status":"closed","ping_status":"closed","template":"","meta":{"site-sidebar-layout":"default","site-content-layout":"","ast-site-content-layout":"default","site-content-style":"default","site-sidebar-style":"default","ast-global-header-display":"","ast-banner-title-visibility":"","ast-main-header-display":"","ast-hfb-above-header-display":"","ast-hfb-below-header-display":"","ast-hfb-mobile-header-display":"","site-post-title":"","ast-breadcrumbs-content":"","ast-featured-img":"","footer-sml-layout":"","ast-disable-related-posts":"","theme-transparent-header-meta":"","adv-header-id-meta":"","stick-header-meta":"","header-above-stick-meta":"","header-main-stick-meta":"","header-below-stick-meta":"","astra-migrate-meta-layouts":"default","ast-page-background-enabled":"default","ast-page-background-meta":{"desktop":{"background-color":"var(--ast-global-color-4)","background-image":"","background-repeat":"repeat","background-position":"center center","background-size":"auto","background-attachment":"scroll","background-type":"","background-media":"","overlay-type":"","overlay-color":"","overlay-opacity":"","overlay-gradient":""},"tablet":{"background-color":"","background-image":"","background-repeat":"repeat","background-position":"center center","background-size":"auto","background-attachment":"scroll","background-type":"","background-media":"","overlay-type":"","overlay-color":"","overlay-opacity":"","overlay-gradient":""},"mobile":{"background-color":"","background-image":"","background-repeat":"repeat","background-position":"center center","background-size":"auto","background-attachment":"scroll","background-type":"","background-media":"","overlay-type":"","overlay-color":"","overlay-opacity":"","overlay-gradient":""}},"ast-content-background-meta":{"desktop":{"background-color":"var(--ast-global-color-5)","background-image":"","background-repeat":"repeat","background-position":"center center","background-size":"auto","background-attachment":"scroll","background-type":"","background-media":"","overlay-type":"","overlay-color":"","overlay-opacity":"","overlay-gradient":""},"tablet":{"background-color":"var(--ast-global-color-5)","background-image":"","background-repeat":"repeat","background-position":"center center","background-size":"auto","background-attachment":"scroll","background-type":"","background-media":"","overlay-type":"","overlay-color":"","overlay-opacity":"","overlay-gradient":""},"mobile":{"background-color":"var(--ast-global-color-5)","background-image":"","background-repeat":"repeat","background-position":"center center","background-size":"auto","background-attachment":"scroll","background-type":"","background-media":"","overlay-type":"","overlay-color":"","overlay-opacity":"","overlay-gradient":""}},"footnotes":""},"class_list":["post-146431","page","type-page","status-publish","has-post-thumbnail","hentry"],"_links":{"self":[{"href":"https:\/\/medclinics.com\/tr\/wp-json\/wp\/v2\/pages\/146431","targetHints":{"allow":["GET"]}}],"collection":[{"href":"https:\/\/medclinics.com\/tr\/wp-json\/wp\/v2\/pages"}],"about":[{"href":"https:\/\/medclinics.com\/tr\/wp-json\/wp\/v2\/types\/page"}],"author":[{"embeddable":true,"href":"https:\/\/medclinics.com\/tr\/wp-json\/wp\/v2\/users\/4"}],"replies":[{"embeddable":true,"href":"https:\/\/medclinics.com\/tr\/wp-json\/wp\/v2\/comments?post=146431"}],"version-history":[{"count":0,"href":"https:\/\/medclinics.com\/tr\/wp-json\/wp\/v2\/pages\/146431\/revisions"}],"wp:featuredmedia":[{"embeddable":true,"href":"https:\/\/medclinics.com\/tr\/wp-json\/wp\/v2\/media\/92657"}],"wp:attachment":[{"href":"https:\/\/medclinics.com\/tr\/wp-json\/wp\/v2\/media?parent=146431"}],"curies":[{"name":"wp","href":"https:\/\/api.w.org\/{rel}","templated":true}]}}