{"id":146421,"date":"2023-05-23T14:08:52","date_gmt":"2023-05-23T11:08:52","guid":{"rendered":"https:\/\/medclinics.com\/suni-tohumlama\/"},"modified":"2025-01-02T16:34:51","modified_gmt":"2025-01-02T13:34:51","slug":"suni-tohumlama","status":"publish","type":"page","link":"https:\/\/medclinics.com\/tr\/suni-tohumlama\/","title":{"rendered":"Suni Tohumlama"},"content":{"rendered":"\n<h2 class=\"wp-block-heading\">Suni Tohumlama, umudun beslendi\u011fi ve mucizelerin u\u00e7u\u015ftu\u011fu, bilim ve do\u011fan\u0131n ola\u011fan\u00fcst\u00fc dans\u0131d\u0131r.<\/h2>\n\n<p>Sa\u011fl\u0131kl\u0131 ve hareketli spermlerin rahim, rahim a\u011fz\u0131 veya fallop t\u00fcplerine enjekte edilmesini i\u00e7erir.<br\/>Bu y\u00f6ntem genellikle kad\u0131nda rahim a\u011fz\u0131 hastal\u0131klar\u0131 oldu\u011funda veya spermlerin kalitesi d\u00fc\u015f\u00fck oldu\u011funda veya yeterli miktarda olmad\u0131\u011f\u0131nda kullan\u0131l\u0131r.<\/p>\n\n<p>Bu y\u00f6ntemle <strong>%10 ile %25 aras\u0131nda bir ba\u015far\u0131 oran\u0131<\/strong> bekleyebilirsiniz.<\/p>\n\n<p>Sperm rahim a\u011fz\u0131na de\u011fil de do\u011frudan rahim i\u00e7ine enjekte edildi\u011finde <strong>intrauterin inseminasyon (IUI<\/strong> ) olarak adland\u0131r\u0131l\u0131r. Ciddi alerjik reaksiyonlar\u0131 \u00f6nlemek i\u00e7in sadece safla\u015ft\u0131r\u0131lm\u0131\u015f sperm kullan\u0131labilir. Bu, ejak\u00fclattaki \u00f6l\u00fc sperm ve di\u011fer h\u00fccrelerin \u00e7\u0131kar\u0131lmas\u0131 ve kalan canl\u0131 spermin optimum pH&#8217;\u0131 korumak i\u00e7in bir koruyucu ile dondurulmas\u0131yla elde edilir. Yumurtlama s\u0131ras\u0131nda, temizlenmi\u015f sperm do\u011frudan rahme aktar\u0131l\u0131r.<\/p>\n\n<p><strong>\u0130ntraservikal inseminasyonda (ICI<\/strong>), ejak\u00fclat\u0131n tamam\u0131n\u0131 ve do\u011fal s\u0131v\u0131lar\u0131 i\u00e7eren spermler, rahim a\u011fz\u0131n\u0131n yak\u0131n\u0131nda kad\u0131n\u0131n vajinas\u0131n\u0131n i\u00e7ine enjekte edilir. Daha sonra en hareketli spermler, t\u0131pk\u0131 do\u011fal cinsel ili\u015fkide oldu\u011fu gibi servikal mukustan ge\u00e7erek rahim i\u00e7ine do\u011fru ilerler.<\/p>\n\n<p><strong>\u0130ntratubal inseminasyonda (ITI<\/strong>), sperm do\u011frudan fallop t\u00fcp\u00fcne enjekte edilir. Bu, rahme ula\u015fmak i\u00e7in hareket etmeleri gereken mesafeyi k\u0131salt\u0131r.<br\/>Bu y\u00f6ntem, t\u0131pk\u0131 <a href=\"https:\/\/de.wikipedia.org\/wiki\/Intrauterine_Insemination\" target=\"_blank\" rel=\"noreferrer noopener\">IUI<\/a>&#8216;de oldu\u011fu gibi spermin \u00f6nceden haz\u0131rlanmas\u0131n\u0131 ve safla\u015ft\u0131r\u0131lmas\u0131n\u0131 gerektirir.<\/p>\n\n<h3 class=\"wp-block-heading\">Fiyat, bak\u0131m sonras\u0131 ve iyile\u015fme s\u00fcreci de dahil olmak \u00fczere <a href=\"https:\/\/medclinics.com\/ivf-in-vitro-fertilisation\/\" target=\"_blank\" rel=\"noreferrer noopener\">suni tohumlama<\/a> hakk\u0131nda bilmeniz gereken her \u015fey veya <a href=\"#requestform\">bizimle ileti\u015fime<\/a> ge\u00e7in!<\/h3>\n\n<figure class=\"wp-block-image size-large\"><img fetchpriority=\"high\" decoding=\"async\" width=\"2560\" height=\"1536\" src=\"https:\/\/medclinics.com\/wp-content\/uploads\/2023\/01\/IVF-In-vitro-Fertilisation-Insemination-scaled.jpg\" alt=\"T&#xFC;rkiye'de &#x130;stanbul'da Tohumlama\" class=\"wp-image-16133\" srcset=\"https:\/\/medclinics.com\/wp-content\/uploads\/2023\/01\/IVF-In-vitro-Fertilisation-Insemination-scaled.jpg 2560w, https:\/\/medclinics.com\/wp-content\/uploads\/2023\/01\/IVF-In-vitro-Fertilisation-Insemination-300x180.jpg 300w, https:\/\/medclinics.com\/wp-content\/uploads\/2023\/01\/IVF-In-vitro-Fertilisation-Insemination-1024x614.jpg 1024w, https:\/\/medclinics.com\/wp-content\/uploads\/2023\/01\/IVF-In-vitro-Fertilisation-Insemination-768x461.jpg 768w, https:\/\/medclinics.com\/wp-content\/uploads\/2023\/01\/IVF-In-vitro-Fertilisation-Insemination-1536x922.jpg 1536w, https:\/\/medclinics.com\/wp-content\/uploads\/2023\/01\/IVF-In-vitro-Fertilisation-Insemination-2048x1229.jpg 2048w, https:\/\/medclinics.com\/wp-content\/uploads\/2023\/01\/IVF-In-vitro-Fertilisation-Insemination-600x360.jpg 600w\" sizes=\"(max-width: 2560px) 100vw, 2560px\" \/><\/figure>\n\n<h2 class=\"wp-block-heading\">SSS<\/h2>\n<div id=\"rank-math-faq\" class=\"rank-math-block\">\n<div class=\"rank-math-list \">\n<div id=\"faq-question-1682603361561\" class=\"rank-math-list-item\">\n<h3 class=\"rank-math-question \">D\u00f6llenme ve t\u00fcp bebek tedavisi aras\u0131ndaki fark nedir?<\/h3>\n<div class=\"rank-math-answer \">\n\n<p>D\u00f6llenme s\u0131ras\u0131nda spermler kad\u0131n\u0131n v\u00fccuduna enjekte edilir. Bu prosed\u00fcr i\u00e7in IUI, ICI veya ITI gibi farkl\u0131 y\u00f6ntemler mevcuttur. D\u00f6llenme kad\u0131n\u0131n v\u00fccudunda ger\u00e7ekle\u015fir.<br \/>T\u00fcp bebek tedavisi s\u0131ras\u0131nda d\u00f6llenme bir laboratuvarda ger\u00e7ekle\u015ftirilir.<\/p>\n\n<\/div>\n<\/div>\n<div id=\"faq-question-1682665852961\" class=\"rank-math-list-item\">\n<h3 class=\"rank-math-question \">D\u00f6llenmeden \u00f6nce hormon ilac\u0131na ihtiyac\u0131m var m\u0131?<\/h3>\n<div class=\"rank-math-answer \">\n\n<p>Doktorunuz, ki\u015fisel durumunuza ba\u011fl\u0131 olarak tedaviden \u00f6nce size baz\u0131 ila\u00e7lar re\u00e7ete edebilir. Hormon ila\u00e7lar\u0131 yumurtal\u0131klar\u0131 uyarmak i\u00e7in kullan\u0131labilir, b\u00f6ylece daha fazla yumurta \u00fcretilir ve ba\u015far\u0131l\u0131 bir d\u00f6llenme \u015fans\u0131 artar.<\/p>\n\n<\/div>\n<\/div>\n<div id=\"faq-question-1682666623404\" class=\"rank-math-list-item\">\n<h3 class=\"rank-math-question \">T\u00fcrkiye&#8217;de sperm ba\u011f\u0131\u015f\u0131 alabilir miyim?<\/h3>\n<div class=\"rank-math-answer \">\n\n<p>Hay\u0131r, T\u00fcrkiye&#8217;de yumurta ba\u011f\u0131\u015f\u0131n\u0131n yan\u0131 s\u0131ra sperm ba\u011f\u0131\u015f\u0131na da kanunen izin verilmemektedir. Sadece evli \u00e7iftler d\u00f6llenme tedavisine tabi tutulabilir.<\/p>\n\n<\/div>\n<\/div>\n<\/div>\n<\/div>\n<h3 class=\"wp-block-heading\">Herhangi bir sorunuz olmas\u0131 durumunda hemen bizimle ileti\u015fime ge\u00e7in!<\/h3>\n","protected":false},"excerpt":{"rendered":"<p>Suni Tohumlama, umudun beslendi\u011fi ve mucizelerin u\u00e7u\u015ftu\u011fu, bilim ve do\u011fan\u0131n ola\u011fan\u00fcst\u00fc dans\u0131d\u0131r. Sa\u011fl\u0131kl\u0131 ve hareketli spermlerin rahim, rahim a\u011fz\u0131 veya [&hellip;]<\/p>\n","protected":false},"author":4,"featured_media":91597,"parent":0,"menu_order":0,"comment_status":"closed","ping_status":"closed","template":"","meta":{"site-sidebar-layout":"default","site-content-layout":"","ast-site-content-layout":"default","site-content-style":"default","site-sidebar-style":"default","ast-global-header-display":"","ast-banner-title-visibility":"","ast-main-header-display":"","ast-hfb-above-header-display":"","ast-hfb-below-header-display":"","ast-hfb-mobile-header-display":"","site-post-title":"","ast-breadcrumbs-content":"","ast-featured-img":"","footer-sml-layout":"","ast-disable-related-posts":"","theme-transparent-header-meta":"","adv-header-id-meta":"","stick-header-meta":"","header-above-stick-meta":"","header-main-stick-meta":"","header-below-stick-meta":"","astra-migrate-meta-layouts":"default","ast-page-background-enabled":"default","ast-page-background-meta":{"desktop":{"background-color":"var(--ast-global-color-4)","background-image":"","background-repeat":"repeat","background-position":"center center","background-size":"auto","background-attachment":"scroll","background-type":"","background-media":"","overlay-type":"","overlay-color":"","overlay-opacity":"","overlay-gradient":""},"tablet":{"background-color":"","background-image":"","background-repeat":"repeat","background-position":"center center","background-size":"auto","background-attachment":"scroll","background-type":"","background-media":"","overlay-type":"","overlay-color":"","overlay-opacity":"","overlay-gradient":""},"mobile":{"background-color":"","background-image":"","background-repeat":"repeat","background-position":"center center","background-size":"auto","background-attachment":"scroll","background-type":"","background-media":"","overlay-type":"","overlay-color":"","overlay-opacity":"","overlay-gradient":""}},"ast-content-background-meta":{"desktop":{"background-color":"var(--ast-global-color-5)","background-image":"","background-repeat":"repeat","background-position":"center center","background-size":"auto","background-attachment":"scroll","background-type":"","background-media":"","overlay-type":"","overlay-color":"","overlay-opacity":"","overlay-gradient":""},"tablet":{"background-color":"var(--ast-global-color-5)","background-image":"","background-repeat":"repeat","background-position":"center center","background-size":"auto","background-attachment":"scroll","background-type":"","background-media":"","overlay-type":"","overlay-color":"","overlay-opacity":"","overlay-gradient":""},"mobile":{"background-color":"var(--ast-global-color-5)","background-image":"","background-repeat":"repeat","background-position":"center center","background-size":"auto","background-attachment":"scroll","background-type":"","background-media":"","overlay-type":"","overlay-color":"","overlay-opacity":"","overlay-gradient":""}},"footnotes":""},"class_list":["post-146421","page","type-page","status-publish","has-post-thumbnail","hentry"],"_links":{"self":[{"href":"https:\/\/medclinics.com\/tr\/wp-json\/wp\/v2\/pages\/146421","targetHints":{"allow":["GET"]}}],"collection":[{"href":"https:\/\/medclinics.com\/tr\/wp-json\/wp\/v2\/pages"}],"about":[{"href":"https:\/\/medclinics.com\/tr\/wp-json\/wp\/v2\/types\/page"}],"author":[{"embeddable":true,"href":"https:\/\/medclinics.com\/tr\/wp-json\/wp\/v2\/users\/4"}],"replies":[{"embeddable":true,"href":"https:\/\/medclinics.com\/tr\/wp-json\/wp\/v2\/comments?post=146421"}],"version-history":[{"count":0,"href":"https:\/\/medclinics.com\/tr\/wp-json\/wp\/v2\/pages\/146421\/revisions"}],"wp:featuredmedia":[{"embeddable":true,"href":"https:\/\/medclinics.com\/tr\/wp-json\/wp\/v2\/media\/91597"}],"wp:attachment":[{"href":"https:\/\/medclinics.com\/tr\/wp-json\/wp\/v2\/media?parent=146421"}],"curies":[{"name":"wp","href":"https:\/\/api.w.org\/{rel}","templated":true}]}}