{"id":146409,"date":"2023-05-23T14:05:32","date_gmt":"2023-05-23T14:05:32","guid":{"rendered":"https:\/\/medclinics.com\/fransiz-askisi-ile-yuz-germe\/"},"modified":"2024-04-04T19:34:45","modified_gmt":"2024-04-04T16:34:45","slug":"fransiz-askisi-ile-yuz-germe","status":"publish","type":"page","link":"https:\/\/medclinics.com\/tr\/fransiz-askisi-ile-yuz-germe\/","title":{"rendered":"Frans\u0131z Ask\u0131s\u0131 ile Y\u00fcz Germe"},"content":{"rendered":"\n<h2 class=\"wp-block-heading\">Frans\u0131z Ask\u0131s\u0131 ile Y\u00fcz Germe veya g\u00fcn\u00fcm\u00fczde mevcut olan di\u011fer benzer non-invaziv se\u00e7enekleri d\u00fc\u015f\u00fcn\u00fcyorsan\u0131z. \u0130\u015fte bu sizin i\u00e7in m\u00fckemmel.<\/h2>\n\n<p><a href=\"https:\/\/en.wikipedia.org\/wiki\/Rhytidectomy\" target=\"_blank\" rel=\"noreferrer noopener\">&#8221; Ameliyats\u0131z y\u00fcz germe&#8221;<\/a> olarak da bilinen Frans\u0131z ipi germe, sarkm\u0131\u015f y\u00fcz dokular\u0131n\u0131 s\u0131k\u0131la\u015ft\u0131rmay\u0131 ve kald\u0131rmay\u0131 ama\u00e7layan m\u00fckemmel bir kozmetik prosed\u00fcrd\u00fcr. S\u00fcre\u00e7, cilde yerle\u015ftirilen ve daha sonra hedeflenen alanlar\u0131 yeniden konumland\u0131rmak i\u00e7in hafif\u00e7e \u00e7ekilen, \u00fczerlerine k\u00fc\u00e7\u00fck koniler veya dikenler tutturulmu\u015f \u00e7\u00f6z\u00fclebilir s\u00fct\u00fcrlerin kullan\u0131lmas\u0131n\u0131 i\u00e7erir.<\/p>\n\n<p>Geleneksel y\u00fcz germe ameliyat\u0131n\u0131n aksine, bu minimal invaziv tedavi kapsaml\u0131 kesiler veya b\u00fcy\u00fck ameliyatlar olmadan lokal anestezi alt\u0131nda ger\u00e7ekle\u015ftirilebilir. Cildinizdeki k\u00fc\u00e7\u00fck giri\u015f noktalar\u0131 ipliklerin kolayca yerle\u015ftirilmesini sa\u011flarken, koni \u015feklindeki ankrajlar\u0131 ayarlama s\u0131ras\u0131nda onlar\u0131 s\u0131k\u0131ca yerinde tutar.<\/p>\n\n<p>Ba\u015fl\u0131ca faydalar\u0131ndan biri, cerrahi prosed\u00fcrlere k\u0131yasla daha k\u0131sa iyile\u015fme s\u00fcresidir; ancak y\u00fcz germe teknikleri gibi daha invaziv ameliyatlardan elde edilenler gibi dramatik ve uzun s\u00fcreli sonu\u00e7lar beklememek \u00f6nemlidir.<\/p>\n\n<p>Sonu\u00e7lar genellikle ya\u015f aral\u0131\u011f\u0131 (cilt kalitesi), ya\u015fam tarz\u0131 al\u0131\u015fkanl\u0131klar\u0131 vb. gibi bireysel fakt\u00f6rlere ba\u011fl\u0131 olarak birka\u00e7 aydan bir y\u0131la kadar s\u00fcrer.<\/p>\n\n<h3 class=\"wp-block-heading\">Fiyat, bak\u0131m sonras\u0131 ve iyile\u015fme s\u00fcreci dahil olmak \u00fczere <a href=\"https:\/\/medclinics.com\/tr\/guzellik\/\" target=\"_blank\" rel=\"noreferrer noopener\">g\u00fczellik tedavisi<\/a> hakk\u0131nda bilmeniz gereken her \u015fey veya <a href=\"#requestform\">bizimle ileti\u015fime<\/a> ge\u00e7in!<\/h3>\n\n<h2 class=\"wp-block-heading\">SSS <\/h2>\n<div id=\"rank-math-faq\" class=\"rank-math-block\">\n<div class=\"rank-math-list \">\n<div id=\"faq-question-1684850407993\" class=\"rank-math-list-item\">\n<h3 class=\"rank-math-question \">Frans\u0131z Ask\u0131s\u0131 ile Y\u00fcz Germe nedir?<\/h3>\n<div class=\"rank-math-answer \">\n\n<p>French lift g\u00fczellik end\u00fcstrisinde kullan\u0131lan bir terimdir, y\u00fcze lifting ve gen\u00e7le\u015ftirici etkiler sa\u011flamay\u0131 ama\u00e7layan cerrahi olmayan bir y\u00fcz germe tekni\u011fine veya tedavisine referans olabilir. Ameliyats\u0131z y\u00fcz germe prosed\u00fcrleri tipik olarak y\u00fcz hatlar\u0131n\u0131 iyile\u015ftirmek, sarkan cildi kald\u0131rmak ve k\u0131r\u0131\u015f\u0131kl\u0131klar\u0131n g\u00f6r\u00fcn\u00fcm\u00fcn\u00fc azaltmak i\u00e7in dermal dolgu maddeleri, iplikler veya di\u011fer invazif olmayan tekniklerin kullan\u0131lmas\u0131n\u0131 i\u00e7erir.<\/p>\n\n<\/div>\n<\/div>\n<div id=\"faq-question-1684850513957\" class=\"rank-math-list-item\">\n<h3 class=\"rank-math-question \">Frans\u0131z Ask\u0131s\u0131 ile Y\u00fcz Germe kas gev\u015feticiden daha m\u0131 iyidir?<\/h3>\n<div class=\"rank-math-answer \">\n\n<p>\u0130ple germe ve kas gev\u015feticiler, farkl\u0131 endi\u015feleri hedefleyen farkl\u0131 tedavilerdir. \u0130ple germe sarkan cildi kald\u0131r\u0131rken, kas gev\u015feticiler kas kas\u0131lmalar\u0131n\u0131n neden oldu\u011fu k\u0131r\u0131\u015f\u0131kl\u0131klar\u0131 azaltmak i\u00e7in belirli y\u00fcz kaslar\u0131n\u0131 ge\u00e7ici olarak gev\u015fetir. Se\u00e7im, bireysel hedeflere ve bir sa\u011fl\u0131k uzman\u0131na dan\u0131\u015fmaya ba\u011fl\u0131d\u0131r.<\/p>\n\n<\/div>\n<\/div>\n<div id=\"faq-question-1684850650088\" class=\"rank-math-list-item\">\n<h3 class=\"rank-math-question \">Frans\u0131z Ask\u0131s\u0131 ile Y\u00fcz Germe g\u00fcvenli midir?<\/h3>\n<div class=\"rank-math-answer \">\n\n<p>Yetenekli ve kalifiye bir profesyonel taraf\u0131ndan yap\u0131ld\u0131\u011f\u0131nda, Frans\u0131z ipi germe g\u00fcvenli bir prosed\u00fcr olabilir. Bununla birlikte, potansiyel riskler ve komplikasyonlar vard\u0131r, bu nedenle sayg\u0131n bir uygulay\u0131c\u0131 se\u00e7mek ve \u00f6nceden kapsaml\u0131 bir kons\u00fcltasyon yapmak \u00f6nemlidir.<\/p>\n\n<\/div>\n<\/div>\n<\/div>\n<\/div>\n<p><\/p>\n\n<h3 class=\"wp-block-heading\">Herhangi bir sorunuz olmas\u0131 durumunda hemen bizimle ileti\u015fime ge\u00e7in!<\/h3>\n","protected":false},"excerpt":{"rendered":"<p>Frans\u0131z Ask\u0131s\u0131 ile Y\u00fcz Germe veya g\u00fcn\u00fcm\u00fczde mevcut olan di\u011fer benzer non-invaziv se\u00e7enekleri d\u00fc\u015f\u00fcn\u00fcyorsan\u0131z. \u0130\u015fte bu sizin i\u00e7in m\u00fckemmel. &#8221; [&hellip;]<\/p>\n","protected":false},"author":4,"featured_media":93055,"parent":0,"menu_order":0,"comment_status":"closed","ping_status":"closed","template":"","meta":{"site-sidebar-layout":"default","site-content-layout":"","ast-site-content-layout":"default","site-content-style":"default","site-sidebar-style":"default","ast-global-header-display":"","ast-banner-title-visibility":"","ast-main-header-display":"","ast-hfb-above-header-display":"","ast-hfb-below-header-display":"","ast-hfb-mobile-header-display":"","site-post-title":"","ast-breadcrumbs-content":"","ast-featured-img":"","footer-sml-layout":"","ast-disable-related-posts":"","theme-transparent-header-meta":"","adv-header-id-meta":"","stick-header-meta":"","header-above-stick-meta":"","header-main-stick-meta":"","header-below-stick-meta":"","astra-migrate-meta-layouts":"default","ast-page-background-enabled":"default","ast-page-background-meta":{"desktop":{"background-color":"var(--ast-global-color-4)","background-image":"","background-repeat":"repeat","background-position":"center center","background-size":"auto","background-attachment":"scroll","background-type":"","background-media":"","overlay-type":"","overlay-color":"","overlay-opacity":"","overlay-gradient":""},"tablet":{"background-color":"","background-image":"","background-repeat":"repeat","background-position":"center center","background-size":"auto","background-attachment":"scroll","background-type":"","background-media":"","overlay-type":"","overlay-color":"","overlay-opacity":"","overlay-gradient":""},"mobile":{"background-color":"","background-image":"","background-repeat":"repeat","background-position":"center center","background-size":"auto","background-attachment":"scroll","background-type":"","background-media":"","overlay-type":"","overlay-color":"","overlay-opacity":"","overlay-gradient":""}},"ast-content-background-meta":{"desktop":{"background-color":"var(--ast-global-color-5)","background-image":"","background-repeat":"repeat","background-position":"center center","background-size":"auto","background-attachment":"scroll","background-type":"","background-media":"","overlay-type":"","overlay-color":"","overlay-opacity":"","overlay-gradient":""},"tablet":{"background-color":"var(--ast-global-color-5)","background-image":"","background-repeat":"repeat","background-position":"center center","background-size":"auto","background-attachment":"scroll","background-type":"","background-media":"","overlay-type":"","overlay-color":"","overlay-opacity":"","overlay-gradient":""},"mobile":{"background-color":"var(--ast-global-color-5)","background-image":"","background-repeat":"repeat","background-position":"center center","background-size":"auto","background-attachment":"scroll","background-type":"","background-media":"","overlay-type":"","overlay-color":"","overlay-opacity":"","overlay-gradient":""}},"footnotes":""},"class_list":["post-146409","page","type-page","status-publish","has-post-thumbnail","hentry"],"_links":{"self":[{"href":"https:\/\/medclinics.com\/tr\/wp-json\/wp\/v2\/pages\/146409","targetHints":{"allow":["GET"]}}],"collection":[{"href":"https:\/\/medclinics.com\/tr\/wp-json\/wp\/v2\/pages"}],"about":[{"href":"https:\/\/medclinics.com\/tr\/wp-json\/wp\/v2\/types\/page"}],"author":[{"embeddable":true,"href":"https:\/\/medclinics.com\/tr\/wp-json\/wp\/v2\/users\/4"}],"replies":[{"embeddable":true,"href":"https:\/\/medclinics.com\/tr\/wp-json\/wp\/v2\/comments?post=146409"}],"version-history":[{"count":0,"href":"https:\/\/medclinics.com\/tr\/wp-json\/wp\/v2\/pages\/146409\/revisions"}],"wp:featuredmedia":[{"embeddable":true,"href":"https:\/\/medclinics.com\/tr\/wp-json\/wp\/v2\/media\/93055"}],"wp:attachment":[{"href":"https:\/\/medclinics.com\/tr\/wp-json\/wp\/v2\/media?parent=146409"}],"curies":[{"name":"wp","href":"https:\/\/api.w.org\/{rel}","templated":true}]}}