{"id":146397,"date":"2023-05-20T13:49:19","date_gmt":"2023-05-20T10:49:19","guid":{"rendered":"https:\/\/medclinics.com\/forma-plus-6\/"},"modified":"2024-04-04T19:32:59","modified_gmt":"2024-04-04T16:32:59","slug":"forma-plus-6","status":"publish","type":"page","link":"https:\/\/medclinics.com\/tr\/forma-plus-6\/","title":{"rendered":"Forma Plus"},"content":{"rendered":"\n<h2 class=\"wp-block-heading\">Forma Plus Bak\u0131m ile cildinizin g\u00f6r\u00fcn\u00fcm\u00fcn\u00fc g\u00fczelle\u015ftirelim!<\/h2>\n\n<p>Forma Plus, cildinizin g\u00f6r\u00fcn\u00fcm\u00fcn\u00fc iyile\u015ftirmek ve kolajen \u00fcretimini art\u0131rmak i\u00e7in en son radyofrekans (RF) teknolojisini kullanan devrim niteli\u011finde bir non-invaziv kozmetik tedavidir. Son derece etkili Forma tedavimizin bir varyasyonu olarak, kar\u0131n, uyluk veya kal\u00e7a gibi sarkm\u0131\u015f b\u00f6lgeleri s\u0131k\u0131la\u015ft\u0131rmak ve tonlamak i\u00e7in \u00f6zel olarak tasarlanm\u0131\u015ft\u0131r.<\/p>\n\n<p>Her seans s\u0131ras\u0131nda, el tipi bir cihaz kullanarak do\u011frudan hedeflenen v\u00fccut b\u00f6lgelerine uygulanan RF enerjisi yayan elektrotlar\u0131n g\u00fcc\u00fcn\u00fc deneyimleyeceksiniz. Is\u0131, cilt y\u00fczeyinizin alt\u0131ndaki katmanlara derinlemesine n\u00fcfuz eder ve bu sorunlu b\u00f6lgelerdeki dokular\u0131 \u0131s\u0131tarak kolajen \u00fcretimini uyar\u0131r.<\/p>\n\n<p><a href=\"https:\/\/en.wikipedia.org\/wiki\/Collagen\" target=\"_blank\" rel=\"noreferrer noopener\">Kolajen<\/a>, sa\u011fl\u0131kl\u0131 g\u00f6r\u00fcnen bir cilt i\u00e7in yap\u0131 ve destek sa\u011flamada \u00f6nemli bir rol oynar ve zamanla do\u011fal olarak azalarak k\u0131r\u0131\u015f\u0131kl\u0131klara ve sarkmalara neden olur. Bu nedenle, gev\u015fek k\u0131vr\u0131mlar\u0131 s\u0131k\u0131la\u015ft\u0131r\u0131rken yeniden \u015fekillenmesini te\u015fvik ederek bu s\u00fcreci tersine \u00e7evirmeyi hedefliyoruz!<\/p>\n\n<p>Kontroll\u00fc \u0131s\u0131tma etkisi, tedavi edilen b\u00f6lgelerdeki altta yatan liflerin b\u00fcz\u00fclmesine neden olarak yaln\u0131zca daha s\u0131k\u0131 de\u011fil, ayn\u0131 zamanda genel olarak daha gen\u00e7 g\u00f6r\u00fcnen bir cilt sa\u011flar! Buna ek olarak, i\u00e7ten d\u0131\u015fa do\u011fal iyile\u015fme tepkilerini tetikleyerek yeni lif b\u00fcy\u00fcmesini te\u015fvik eder, elastikiyet seviyelerini daha da art\u0131r\u0131r, sel\u00fclit g\u00f6r\u00fcn\u00fcrl\u00fc\u011f\u00fcn\u00fc eskisinden daha da fazla azalt\u0131r ve her santimin daha \u00f6nce hi\u00e7 g\u00f6r\u00fclmemi\u015f \u015fekilde tonlanm\u0131\u015f g\u00f6r\u00fcnmesini sa\u011flar: &#8220;Forma Plus.&#8221;<\/p>\n\n<p>Genellikle iyi tolere edilen, ziyaret s\u0131kl\u0131\u011f\u0131 ba\u015f\u0131na kaplanan alan\u0131n b\u00fcy\u00fckl\u00fc\u011f\u00fcne ba\u011fl\u0131 olarak 30 dakika-1 saat aras\u0131nda s\u00fcren ve birka\u00e7 haftal\u0131k aral\u0131klarla \u00f6nerilen tedaviler s\u0131ras\u0131nda anesteziye de gerek yoktur, bu da istenen sonu\u00e7lara ula\u015fmak i\u00e7in al\u0131nan t\u00fcm yol boyunca herhangi bir rahats\u0131zl\u0131k hissetmeden kademeli olarak optimum sonu\u00e7lar\u0131n elde edilmesini sa\u011flar. sonu\u00e7 olarak, bug\u00fcn burada bi\u0307zi\u0307 terci\u0307h ederken bi\u0307rli\u0307kte \u00e7ikti\u011fimiz yolculu\u011fa ba\u015flamadan \u00f6nce \u00f6ng\u00f6r\u00fclen beklenti\u0307ler fazlasi i\u0307le ger\u00e7ekle\u015fti\u0307ri\u0307lmi\u0307\u015fti\u0307r.<\/p>\n\n<h3 class=\"wp-block-heading\">Fiyat, bak\u0131m sonras\u0131 ve iyile\u015fme s\u00fcreci dahil olmak \u00fczere <a href=\"https:\/\/medclinics.com\/tr\/guzellik\/\" target=\"_blank\" rel=\"noreferrer noopener\">g\u00fczellik tedavisi<\/a> hakk\u0131nda bilmeniz gereken her \u015fey veya <a href=\"#requestform\">bizimle ileti\u015fime<\/a> ge\u00e7in!<\/h3>\n\n<h2 class=\"wp-block-heading\">SSS <\/h2>\n<div id=\"rank-math-faq\" class=\"rank-math-block\">\n<div class=\"rank-math-list \">\n<div id=\"faq-question-1684849493400\" class=\"rank-math-list-item\">\n<h3 class=\"rank-math-question \">Forma Plus nedir?<\/h3>\n<div class=\"rank-math-answer \">\n\n<p>Forma Plus, Forma tedavisinin geli\u015fmi\u015f bir versiyonudur. Radyofrekans enerjisi kullanan non-invaziv bir cilt s\u0131k\u0131la\u015ft\u0131rma ve gen\u00e7le\u015ftirme prosed\u00fcr\u00fcd\u00fcr. Forma Plus, daha geni\u015f tedavi alanlar\u0131n\u0131 hedeflemek ve daha kapsaml\u0131 cilt s\u0131k\u0131la\u015ft\u0131rma ve \u015fekillendirme faydalar\u0131 sa\u011flamak i\u00e7in \u00f6zel olarak tasarlanm\u0131\u015ft\u0131r. Forma Plus, Forma&#8217;ya benzer \u015fekilde cildin derin katmanlar\u0131na kontroll\u00fc radyofrekans enerjisi verir. \u00dcretilen \u0131s\u0131 kolajen \u00fcretimini uyar\u0131r ve doku yeniden \u015fekillenmesini te\u015fvik ederek daha s\u0131k\u0131, p\u00fcr\u00fczs\u00fcz ve daha gen\u00e7 g\u00f6r\u00fcnen bir cilt sa\u011flar. Tedavi, gev\u015fek cilt, sel\u00fclit ve genel cilt gev\u015fekli\u011fi gibi endi\u015feleri gidermek i\u00e7in kar\u0131n, uyluk, kal\u00e7a ve kollar gibi \u00e7e\u015fitli v\u00fccut b\u00f6lgelerine uygulanabilir. Forma Plus, optimum sonu\u00e7lar elde etmek i\u00e7in tipik olarak birka\u00e7 hafta arayla bir dizi tedavi seans\u0131nda ger\u00e7ekle\u015ftirilir. \u0130htiya\u00e7 duyulan seans say\u0131s\u0131, istenen sonu\u00e7 ve tedavi edilen cildin durumu dahil olmak \u00fczere bireysel fakt\u00f6rlere ba\u011fl\u0131 olarak de\u011fi\u015febilir.<\/p>\n\n<\/div>\n<\/div>\n<div id=\"faq-question-1684849495916\" class=\"rank-math-list-item\">\n<h3 class=\"rank-math-question \">Forma lazer ger\u00e7ekten i\u015fe yar\u0131yor mu?<\/h3>\n<div class=\"rank-math-answer \">\n\n<p>Forma Lazer, kolajen \u00fcretimini uyarmak ve cilt g\u00f6r\u00fcn\u00fcm\u00fcn\u00fc iyile\u015ftirmek i\u00e7in radyofrekans teknolojisini kullanan non-invaziv bir cilt tedavisidir. Cildi s\u0131k\u0131la\u015ft\u0131rabilir, k\u0131r\u0131\u015f\u0131kl\u0131klar\u0131 azaltabilir ve cilt gen\u00e7le\u015fmesini destekleyebilir. Tedavi, cildin daha derin katmanlar\u0131na radyofrekans enerjisi vererek cildin esnekli\u011fini ve s\u0131k\u0131l\u0131\u011f\u0131n\u0131 art\u0131rmak i\u00e7in kolajen ve elastin \u00fcretimini uyar\u0131r. Optimal sonu\u00e7lar i\u00e7in genellikle birden fazla tedavi seans\u0131 gerekir. Forma Lazer&#8217;in bireysel endi\u015feler ve hedefler i\u00e7in uygun olup olmad\u0131\u011f\u0131n\u0131 belirlemek i\u00e7in bir sa\u011fl\u0131k uzman\u0131na dan\u0131\u015f\u0131lmas\u0131 \u00f6nerilir.<\/p>\n\n<\/div>\n<\/div>\n<div id=\"faq-question-1684849509197\" class=\"rank-math-list-item\">\n<h3 class=\"rank-math-question \">Forma iyi bir tedavi midir?<\/h3>\n<div class=\"rank-math-answer \">\n\n<p>Forma, kolajen \u00fcretimini uyarmak ve cilt g\u00f6r\u00fcn\u00fcm\u00fcn\u00fc iyile\u015ftirmek i\u00e7in radyofrekans enerjisi kullanan non-invaziv bir cilt tedavisidir. Cilt s\u0131k\u0131la\u015ft\u0131rma ve gen\u00e7le\u015ftirme i\u00e7in etkili bulunmu\u015ftur. Bununla birlikte, bireysel sonu\u00e7lar de\u011fi\u015febilir ve ki\u015fiselle\u015ftirilmi\u015f \u00f6neriler i\u00e7in bir sa\u011fl\u0131k uzman\u0131na dan\u0131\u015fmak en iyisidir.<\/p>\n\n<\/div>\n<\/div>\n<\/div>\n<\/div>\n<p><\/p>\n\n<h3 class=\"wp-block-heading\">Herhangi bir sorunuz olmas\u0131 durumunda hemen bizimle ileti\u015fime ge\u00e7in!<\/h3>\n","protected":false},"excerpt":{"rendered":"<p>Forma Plus Bak\u0131m ile cildinizin g\u00f6r\u00fcn\u00fcm\u00fcn\u00fc g\u00fczelle\u015ftirelim! Forma Plus, cildinizin g\u00f6r\u00fcn\u00fcm\u00fcn\u00fc iyile\u015ftirmek ve kolajen \u00fcretimini art\u0131rmak i\u00e7in en son radyofrekans [&hellip;]<\/p>\n","protected":false},"author":4,"featured_media":92629,"parent":0,"menu_order":0,"comment_status":"closed","ping_status":"closed","template":"","meta":{"site-sidebar-layout":"default","site-content-layout":"","ast-site-content-layout":"default","site-content-style":"default","site-sidebar-style":"default","ast-global-header-display":"","ast-banner-title-visibility":"","ast-main-header-display":"","ast-hfb-above-header-display":"","ast-hfb-below-header-display":"","ast-hfb-mobile-header-display":"","site-post-title":"","ast-breadcrumbs-content":"","ast-featured-img":"","footer-sml-layout":"","ast-disable-related-posts":"","theme-transparent-header-meta":"","adv-header-id-meta":"","stick-header-meta":"","header-above-stick-meta":"","header-main-stick-meta":"","header-below-stick-meta":"","astra-migrate-meta-layouts":"default","ast-page-background-enabled":"default","ast-page-background-meta":{"desktop":{"background-color":"var(--ast-global-color-4)","background-image":"","background-repeat":"repeat","background-position":"center center","background-size":"auto","background-attachment":"scroll","background-type":"","background-media":"","overlay-type":"","overlay-color":"","overlay-opacity":"","overlay-gradient":""},"tablet":{"background-color":"","background-image":"","background-repeat":"repeat","background-position":"center center","background-size":"auto","background-attachment":"scroll","background-type":"","background-media":"","overlay-type":"","overlay-color":"","overlay-opacity":"","overlay-gradient":""},"mobile":{"background-color":"","background-image":"","background-repeat":"repeat","background-position":"center center","background-size":"auto","background-attachment":"scroll","background-type":"","background-media":"","overlay-type":"","overlay-color":"","overlay-opacity":"","overlay-gradient":""}},"ast-content-background-meta":{"desktop":{"background-color":"var(--ast-global-color-5)","background-image":"","background-repeat":"repeat","background-position":"center center","background-size":"auto","background-attachment":"scroll","background-type":"","background-media":"","overlay-type":"","overlay-color":"","overlay-opacity":"","overlay-gradient":""},"tablet":{"background-color":"var(--ast-global-color-5)","background-image":"","background-repeat":"repeat","background-position":"center center","background-size":"auto","background-attachment":"scroll","background-type":"","background-media":"","overlay-type":"","overlay-color":"","overlay-opacity":"","overlay-gradient":""},"mobile":{"background-color":"var(--ast-global-color-5)","background-image":"","background-repeat":"repeat","background-position":"center center","background-size":"auto","background-attachment":"scroll","background-type":"","background-media":"","overlay-type":"","overlay-color":"","overlay-opacity":"","overlay-gradient":""}},"footnotes":""},"class_list":["post-146397","page","type-page","status-publish","has-post-thumbnail","hentry"],"_links":{"self":[{"href":"https:\/\/medclinics.com\/tr\/wp-json\/wp\/v2\/pages\/146397","targetHints":{"allow":["GET"]}}],"collection":[{"href":"https:\/\/medclinics.com\/tr\/wp-json\/wp\/v2\/pages"}],"about":[{"href":"https:\/\/medclinics.com\/tr\/wp-json\/wp\/v2\/types\/page"}],"author":[{"embeddable":true,"href":"https:\/\/medclinics.com\/tr\/wp-json\/wp\/v2\/users\/4"}],"replies":[{"embeddable":true,"href":"https:\/\/medclinics.com\/tr\/wp-json\/wp\/v2\/comments?post=146397"}],"version-history":[{"count":0,"href":"https:\/\/medclinics.com\/tr\/wp-json\/wp\/v2\/pages\/146397\/revisions"}],"wp:featuredmedia":[{"embeddable":true,"href":"https:\/\/medclinics.com\/tr\/wp-json\/wp\/v2\/media\/92629"}],"wp:attachment":[{"href":"https:\/\/medclinics.com\/tr\/wp-json\/wp\/v2\/media?parent=146397"}],"curies":[{"name":"wp","href":"https:\/\/api.w.org\/{rel}","templated":true}]}}