{"id":146385,"date":"2023-05-23T13:33:36","date_gmt":"2023-05-23T10:33:36","guid":{"rendered":"https:\/\/medclinics.com\/ayak-terlemesi\/"},"modified":"2024-04-04T19:19:51","modified_gmt":"2024-04-04T16:19:51","slug":"ayak-terlemesi","status":"publish","type":"page","link":"https:\/\/medclinics.com\/tr\/ayak-terlemesi\/","title":{"rendered":"Ayak Terlemesi"},"content":{"rendered":"\n<h2 class=\"wp-block-heading\">Plantar hiperhidroz olarak da bilinen a\u015f\u0131r\u0131 ayak terlemesi ile u\u011fra\u015fmaktan b\u0131kt\u0131n\u0131z m\u0131? Neyse ki, bu sorunu hafifletmeye yard\u0131mc\u0131 olacak \u00e7e\u015fitli cerrahi olmayan tedaviler mevcuttur.<\/h2>\n\n<p>Bir se\u00e7enek, ter bezlerini ge\u00e7ici olarak bloke edebilen ve terleme miktar\u0131n\u0131 azaltabilen al\u00fcminyum klor\u00fcr hekzahidrat i\u00e7eren antiperspirantlar kullanmakt\u0131r. Bir ba\u015fka \u00e7\u00f6z\u00fcm de antikolinerjik bir ajan arac\u0131l\u0131\u011f\u0131yla terlemeyi azaltarak \u00e7al\u0131\u015fan glikopirrolat i\u00e7eren topikal kremler veya losyonlard\u0131r.<\/p>\n\n<p>\u0130yontoforez, cildinizin y\u00fczeyindeki a\u015f\u0131r\u0131 nemin ge\u00e7ici olarak giderilmesi i\u00e7in ter bezlerini bloke eden zay\u0131f elektrik ak\u0131mlar\u0131 ge\u00e7erken ayaklar\u0131n bir su banyosuna yerle\u015ftirildi\u011fi ba\u015fka bir tedavi y\u00f6ntemidir.  Botulinum toksini ter \u00fcretimini uyarmaktan sorumlu sinir sinyallerini bloke ederek genel olarak \u00fcretilen miktar\u0131n azalmas\u0131na yol a\u00e7t\u0131\u011f\u0131ndan, di\u011fer y\u00f6ntemlerin ba\u015far\u0131s\u0131z olmas\u0131 durumunda <a href=\"https:\/\/en.wikipedia.org\/wiki\/Muscle_relaxant\" target=\"_blank\" rel=\"noreferrer noopener\">kas gev\u015fetici<\/a> enjeksiyonlar\u0131 \u00f6nerilebilir!<\/p>\n\n<p>Oksibutinin veya beta-blokerler gibi oral ila\u00e7lar da bireysel vakalara ba\u011fl\u0131 olarak bir miktar rahatlama sa\u011flayabilir; ancak dermatologlar gibi sa\u011fl\u0131k uzmanlar\u0131na dan\u0131\u015fmak, herhangi bir eylem \u00f6nerisi yap\u0131lmadan \u00f6nce do\u011fru te\u015fhisi sa\u011flayacakt\u0131r.<\/p>\n\n<p>Son olarak, \u00e7ay a\u011fac\u0131 ya\u011f\u0131 sirkesi siyah \u00e7ay bile\u015fenleri i\u00e7eren ayak pudralar\u0131 veya sabunlar\u0131n\u0131n ayak terlemeleriyle ili\u015fkili kokuyu kontrol etmede etkili oldu\u011fu g\u00f6sterilmi\u015ftir! G\u00fcn boyu terli ayaklar i\u00e7in endi\u015felenmeden sadece ya\u015famak de\u011fil, geli\u015fmek de \u00f6nemlidir &#8211; bug\u00fcn bize ula\u015f\u0131n!<\/p>\n\n<p>Ayak terlemesinin sizi daha fazla engellemesine izin vermeyin &#8211; sizin i\u00e7in hangi tedavi se\u00e7ene\u011finin do\u011fru oldu\u011funu belirlemek i\u00e7in bug\u00fcn bir dermatolo\u011fa dan\u0131\u015f\u0131n!<\/p>\n\n<h3 class=\"wp-block-heading\"><a href=\"https:\/\/medclinics.com\/tr\/guzellik\/\" target=\"_blank\" rel=\"noreferrer noopener\">G\u00fczellik bak\u0131m\u0131<\/a> hakk\u0131nda bilmeniz gereken her \u015fey burada, \u015fimdi <a href=\"#requestform\">bize ula\u015f\u0131n<\/a>!<\/h3>\n\n<h2 class=\"wp-block-heading\">SSS <\/h2>\n<div id=\"rank-math-faq\" class=\"rank-math-block\">\n<div class=\"rank-math-list \">\n<div id=\"faq-question-1684848637435\" class=\"rank-math-list-item\">\n<h3 class=\"rank-math-question \">Ayak terlemesi nas\u0131l durdurulur?<\/h3>\n<div class=\"rank-math-answer \">\n\n<p>Ayak terlemesini y\u00f6netmek ve azaltmak i\u00e7in atabilece\u011finiz birka\u00e7 ad\u0131m vard\u0131r. \u0130\u015fe ayaklar\u0131n\u0131z\u0131 temiz ve kuru tutarak, her g\u00fcn y\u0131kayarak ve \u00f6zellikle parmak aralar\u0131n\u0131 iyice kurulayarak ba\u015flay\u0131n. Do\u011fal malzemelerden yap\u0131lm\u0131\u015f nefes alabilen ayakkab\u0131lar tercih edin ve nem emici tabanl\u0131k veya ayak pudralar\u0131 kullanmay\u0131 d\u00fc\u015f\u00fcn\u00fcn. Ter ve kokuyu kontrol etmek i\u00e7in nem emici \u00e7oraplar se\u00e7in ve ter \u00f6nleyici veya ayak deodorant\u0131 uygulay\u0131n. Ayak t\u0131rnaklar\u0131n\u0131 d\u00fczenli olarak kesmek ve antibakteriyel veya antifungal \u00fcr\u00fcnler kullanmak dahil olmak \u00fczere iyi ayak hijyeni uygulay\u0131n. Stres seviyelerini y\u00f6netmek ve ev ila\u00e7lar\u0131 i\u015fe yaramazsa t\u0131bbi tedavi aramak da \u00f6nemlidir. Re\u00e7eteli ter \u00f6nleyiciler, iyontoforez veya Botoks enjeksiyonlar\u0131 gibi t\u0131bbi m\u00fcdahaleler sa\u011fl\u0131k uzmanlar\u0131 taraf\u0131ndan \u00f6nerilebilir. Ayak terlemesine \u015fiddetli koku veya di\u011fer endi\u015fe verici semptomlar e\u015flik ediyorsa, do\u011fru de\u011ferlendirme ve rehberlik i\u00e7in bir sa\u011fl\u0131k uzman\u0131na dan\u0131\u015fmak en iyisidir.<\/p>\n\n<\/div>\n<\/div>\n<div id=\"faq-question-1684848668395\" class=\"rank-math-list-item\">\n<h3 class=\"rank-math-question \">Ayak \u015fi\u015fmesi neden olu\u015fur?<\/h3>\n<div class=\"rank-math-answer \">\n\n<p>Ayak \u015fi\u015fmesi \u00e7e\u015fitli fakt\u00f6rlere ba\u011fl\u0131 olarak ortaya \u00e7\u0131kabilir. Uzun s\u00fcre ayakta durmak veya oturmak, ayakta yaralanma veya travma, hamilelik, s\u0131cak hava, obezite ve baz\u0131 t\u0131bbi durumlar ayak \u015fi\u015fmesine katk\u0131da bulunabilir. \u0130la\u00e7lar ve enfeksiyonlar da potansiyel nedenler olabilir. Ayak \u015fi\u015fmesinin ciddiyetine ve e\u015flik eden semptomlara dikkat etmek \u00f6nemlidir. Ani veya \u015fiddetli \u015fi\u015flik ile birlikte a\u011fr\u0131, k\u0131zar\u0131kl\u0131k, s\u0131cakl\u0131k veya kendi kendine bak\u0131ma ra\u011fmen devam eden \u015fi\u015flik, uygun de\u011ferlendirme ve rehberlik i\u00e7in bir sa\u011fl\u0131k uzman\u0131na dan\u0131\u015f\u0131lmas\u0131n\u0131 gerektirmelidir. Ayak \u015fi\u015fmesinin alt\u0131nda yatan nedenin belirlenmesi ve ele al\u0131nmas\u0131, uygun tedavi ve y\u00f6netim i\u00e7in esast\u0131r.<\/p>\n\n<\/div>\n<\/div>\n<\/div>\n<\/div>\n<p><\/p>\n\n<h3 class=\"wp-block-heading\">Herhangi bir sorunuz olmas\u0131 durumunda hemen bizimle ileti\u015fime ge\u00e7in!<\/h3>\n","protected":false},"excerpt":{"rendered":"<p>Plantar hiperhidroz olarak da bilinen a\u015f\u0131r\u0131 ayak terlemesi ile u\u011fra\u015fmaktan b\u0131kt\u0131n\u0131z m\u0131? Neyse ki, bu sorunu hafifletmeye yard\u0131mc\u0131 olacak \u00e7e\u015fitli [&hellip;]<\/p>\n","protected":false},"author":4,"featured_media":93439,"parent":0,"menu_order":0,"comment_status":"closed","ping_status":"closed","template":"","meta":{"site-sidebar-layout":"default","site-content-layout":"","ast-site-content-layout":"default","site-content-style":"default","site-sidebar-style":"default","ast-global-header-display":"","ast-banner-title-visibility":"","ast-main-header-display":"","ast-hfb-above-header-display":"","ast-hfb-below-header-display":"","ast-hfb-mobile-header-display":"","site-post-title":"","ast-breadcrumbs-content":"","ast-featured-img":"","footer-sml-layout":"","ast-disable-related-posts":"","theme-transparent-header-meta":"","adv-header-id-meta":"","stick-header-meta":"","header-above-stick-meta":"","header-main-stick-meta":"","header-below-stick-meta":"","astra-migrate-meta-layouts":"default","ast-page-background-enabled":"default","ast-page-background-meta":{"desktop":{"background-color":"var(--ast-global-color-4)","background-image":"","background-repeat":"repeat","background-position":"center center","background-size":"auto","background-attachment":"scroll","background-type":"","background-media":"","overlay-type":"","overlay-color":"","overlay-opacity":"","overlay-gradient":""},"tablet":{"background-color":"","background-image":"","background-repeat":"repeat","background-position":"center center","background-size":"auto","background-attachment":"scroll","background-type":"","background-media":"","overlay-type":"","overlay-color":"","overlay-opacity":"","overlay-gradient":""},"mobile":{"background-color":"","background-image":"","background-repeat":"repeat","background-position":"center center","background-size":"auto","background-attachment":"scroll","background-type":"","background-media":"","overlay-type":"","overlay-color":"","overlay-opacity":"","overlay-gradient":""}},"ast-content-background-meta":{"desktop":{"background-color":"var(--ast-global-color-5)","background-image":"","background-repeat":"repeat","background-position":"center center","background-size":"auto","background-attachment":"scroll","background-type":"","background-media":"","overlay-type":"","overlay-color":"","overlay-opacity":"","overlay-gradient":""},"tablet":{"background-color":"var(--ast-global-color-5)","background-image":"","background-repeat":"repeat","background-position":"center center","background-size":"auto","background-attachment":"scroll","background-type":"","background-media":"","overlay-type":"","overlay-color":"","overlay-opacity":"","overlay-gradient":""},"mobile":{"background-color":"var(--ast-global-color-5)","background-image":"","background-repeat":"repeat","background-position":"center center","background-size":"auto","background-attachment":"scroll","background-type":"","background-media":"","overlay-type":"","overlay-color":"","overlay-opacity":"","overlay-gradient":""}},"footnotes":""},"class_list":["post-146385","page","type-page","status-publish","has-post-thumbnail","hentry"],"_links":{"self":[{"href":"https:\/\/medclinics.com\/tr\/wp-json\/wp\/v2\/pages\/146385","targetHints":{"allow":["GET"]}}],"collection":[{"href":"https:\/\/medclinics.com\/tr\/wp-json\/wp\/v2\/pages"}],"about":[{"href":"https:\/\/medclinics.com\/tr\/wp-json\/wp\/v2\/types\/page"}],"author":[{"embeddable":true,"href":"https:\/\/medclinics.com\/tr\/wp-json\/wp\/v2\/users\/4"}],"replies":[{"embeddable":true,"href":"https:\/\/medclinics.com\/tr\/wp-json\/wp\/v2\/comments?post=146385"}],"version-history":[{"count":0,"href":"https:\/\/medclinics.com\/tr\/wp-json\/wp\/v2\/pages\/146385\/revisions"}],"wp:featuredmedia":[{"embeddable":true,"href":"https:\/\/medclinics.com\/tr\/wp-json\/wp\/v2\/media\/93439"}],"wp:attachment":[{"href":"https:\/\/medclinics.com\/tr\/wp-json\/wp\/v2\/media?parent=146385"}],"curies":[{"name":"wp","href":"https:\/\/api.w.org\/{rel}","templated":true}]}}