{"id":146371,"date":"2023-05-23T13:17:58","date_gmt":"2023-05-23T13:17:58","guid":{"rendered":"https:\/\/medclinics.com\/dolgu-eritme\/"},"modified":"2024-04-04T19:21:43","modified_gmt":"2024-04-04T16:21:43","slug":"dolgu-eritme","status":"publish","type":"page","link":"https:\/\/medclinics.com\/tr\/dolgu-eritme\/","title":{"rendered":"Dolgu Eritme"},"content":{"rendered":"\n<h2 class=\"wp-block-heading\">Dermal dolgu tedavinizin sonu\u00e7lar\u0131ndan memnun olmad\u0131\u011f\u0131n\u0131z\u0131 m\u0131 d\u00fc\u015f\u00fcn\u00fcyorsunuz? Yoksa rahats\u0131zl\u0131k ve endi\u015feye neden olan komplikasyonlar m\u0131 ya\u015fad\u0131n\u0131z? <\/h2>\n\n<h2 class=\"wp-block-heading\">E\u011fer \u00f6yleyse, dolgu eritme olarak bilinen t\u0131bbi bir prosed\u00fcr\u00fc d\u00fc\u015f\u00fcnmenin zaman\u0131 gelmi\u015f demektir.<\/h2>\n\n<p>Dolgu eritme veya \u00e7\u0131karma, hyaluronik asitten (HA) olu\u015fan en yayg\u0131n kullan\u0131lan <a href=\"https:\/\/en.wikipedia.org\/wiki\/Injectable_filler\" target=\"_blank\" rel=\"noreferrer noopener\">dermal dolgu<\/a> maddelerini \u00e7\u00f6zmek i\u00e7in hyaluronidaz ad\u0131 verilen bir enzimin kullan\u0131lmas\u0131n\u0131 i\u00e7erir. Bu molek\u00fcller par\u00e7alanarak, bu do\u011fal madde v\u00fccudunuzdan at\u0131labilir. S\u00fcre\u00e7 tipik olarak, enjeksiyon s\u0131ras\u0131nda olas\u0131 rahats\u0131zl\u0131klar\u0131 en aza indirmek i\u00e7in topikal anestezi veya lokal enjeksiyonlar uygulamadan \u00f6nce bunun sizin \u00f6zel durumunuz i\u00e7in uygun olup olmad\u0131\u011f\u0131n\u0131 de\u011ferlendirecek nitelikli bir estetik uzman\u0131na dan\u0131\u015fmay\u0131 i\u00e7erir.<\/p>\n\n<p>Prosed\u00fcrdeki bir sonraki ad\u0131m, \u00f6nceki dolgu maddelerinin enjekte edildi\u011fi alanlara do\u011frudan hyaluronidaz enjekte edilmesini i\u00e7erir. Ard\u0131ndan, istenmeyen maddelerin tamamen \u00e7\u00f6z\u00fclene kadar belirli bir s\u00fcre boyunca kademeli olarak \u00e7\u00f6z\u00fclmesine y\u00f6nelik etkileri i\u00e7in yeterli zaman tan\u0131yarak bekleme s\u00fcresi gelir &#8211; geride yaln\u0131zca do\u011fal olarak g\u00fczel bir cilt b\u0131rak\u0131r!<\/p>\n\n<h3 class=\"wp-block-heading\">Fiyat, bak\u0131m sonras\u0131 ve iyile\u015fme s\u00fcreci dahil olmak \u00fczere <a href=\"https:\/\/medclinics.com\/tr\/guzellik\/\" target=\"_blank\" rel=\"noreferrer noopener\">g\u00fczellik tedavisi<\/a> hakk\u0131nda bilmeniz gereken her \u015fey veya <a href=\"#requestform\">bizimle ileti\u015fime<\/a> ge\u00e7in!<\/h3>\n\n<h2 class=\"wp-block-heading\">SSS <\/h2>\n<div id=\"rank-math-faq\" class=\"rank-math-block\">\n<div class=\"rank-math-list \">\n<div id=\"faq-question-1684847670304\" class=\"rank-math-list-item\">\n<h3 class=\"rank-math-question \">Dolgu eritme i\u015flemi ac\u0131t\u0131yor mu?<\/h3>\n<div class=\"rank-math-answer \">\n\n<p>Hyaluronidaz kullanarak dermal dolgular\u0131 \u00e7\u00f6zme i\u015flemi biraz rahats\u0131zl\u0131\u011fa veya hafif a\u011fr\u0131ya neden olabilir, ancak tipik olarak y\u00f6netilebilir ve ge\u00e7icidir. Rahats\u0131zl\u0131k seviyesi, bireysel fakt\u00f6rlere ve kullan\u0131lan tekni\u011fe ba\u011fl\u0131 olarak de\u011fi\u015febilir. Sa\u011fl\u0131k uzmanlar\u0131, i\u015flem s\u0131ras\u0131nda a\u011fr\u0131y\u0131 en aza indirmek i\u00e7in uyu\u015fturucu krem s\u00fcrmek veya daha k\u00fc\u00e7\u00fck bir i\u011fne kullanmak gibi \u00f6nlemler alabilir.<\/p>\n\n<\/div>\n<\/div>\n<div id=\"faq-question-1684847775548\" class=\"rank-math-list-item\">\n<h3 class=\"rank-math-question \">Dolguyu ne \u00e7\u00f6zer?<\/h3>\n<div class=\"rank-math-answer \">\n\n<p>En yayg\u0131n kullan\u0131lan dermal dolgu t\u00fcr\u00fc olan hyaluronik asit dolgular\u0131, hyaluronidaz ad\u0131 verilen bir enzim kullan\u0131larak \u00e7\u00f6z\u00fclebilir. Hyaluronidaz, hyaluronik asit molek\u00fcllerini par\u00e7alayarak dolgunun v\u00fccut taraf\u0131ndan metabolize edilmesini ve emilmesini sa\u011flar. Tedavi edilen b\u00f6lgeye hyaluronidaz enjeksiyonu, dolgunun etkilerini tersine \u00e7evirmeye ve orijinal g\u00f6r\u00fcn\u00fcm\u00fc geri kazanmaya yard\u0131mc\u0131 olur. Hyaluronidaz\u0131n hyaluronik asit dolgu maddelerine \u00f6zg\u00fc olmas\u0131 ve di\u011fer dolgu maddelerini \u00e7\u00f6zmemesi \u00f6nemlidir.<\/p>\n\n<\/div>\n<\/div>\n<div id=\"faq-question-1684847839390\" class=\"rank-math-list-item\">\n<h3 class=\"rank-math-question \">Dolgu eritmenin maliyeti nedir?<\/h3>\n<div class=\"rank-math-answer \">\n\n<p>Dolgu eritme i\u015fleminin maliyeti, b\u00f6lge, i\u015flemi ger\u00e7ekle\u015ftiren sa\u011fl\u0131k uzman\u0131, \u00e7\u00f6z\u00fclecek dolgu miktar\u0131 ve klinik veya tesisle ili\u015fkili ek \u00fccretler dahil olmak \u00fczere \u00e7e\u015fitli fakt\u00f6rlere ba\u011fl\u0131 olarak de\u011fi\u015febilir. Genel olarak, hyaluronidaz kullanarak dolgu \u00e7\u00f6zme i\u015fleminin maliyeti seans ba\u015f\u0131na 300 ila 800 dolar aras\u0131nda de\u011fi\u015febilir.<\/p>\n\n<\/div>\n<\/div>\n<\/div>\n<\/div>\n<p><\/p>\n\n<h3 class=\"wp-block-heading\">Herhangi bir sorunuz olmas\u0131 durumunda hemen bizimle ileti\u015fime ge\u00e7in!<\/h3>\n","protected":false},"excerpt":{"rendered":"<p>Dermal dolgu tedavinizin sonu\u00e7lar\u0131ndan memnun olmad\u0131\u011f\u0131n\u0131z\u0131 m\u0131 d\u00fc\u015f\u00fcn\u00fcyorsunuz? Yoksa rahats\u0131zl\u0131k ve endi\u015feye neden olan komplikasyonlar m\u0131 ya\u015fad\u0131n\u0131z? E\u011fer \u00f6yleyse, dolgu [&hellip;]<\/p>\n","protected":false},"author":4,"featured_media":92816,"parent":0,"menu_order":0,"comment_status":"closed","ping_status":"closed","template":"","meta":{"site-sidebar-layout":"default","site-content-layout":"","ast-site-content-layout":"default","site-content-style":"default","site-sidebar-style":"default","ast-global-header-display":"","ast-banner-title-visibility":"","ast-main-header-display":"","ast-hfb-above-header-display":"","ast-hfb-below-header-display":"","ast-hfb-mobile-header-display":"","site-post-title":"","ast-breadcrumbs-content":"","ast-featured-img":"","footer-sml-layout":"","ast-disable-related-posts":"","theme-transparent-header-meta":"","adv-header-id-meta":"","stick-header-meta":"","header-above-stick-meta":"","header-main-stick-meta":"","header-below-stick-meta":"","astra-migrate-meta-layouts":"default","ast-page-background-enabled":"default","ast-page-background-meta":{"desktop":{"background-color":"var(--ast-global-color-4)","background-image":"","background-repeat":"repeat","background-position":"center center","background-size":"auto","background-attachment":"scroll","background-type":"","background-media":"","overlay-type":"","overlay-color":"","overlay-opacity":"","overlay-gradient":""},"tablet":{"background-color":"","background-image":"","background-repeat":"repeat","background-position":"center center","background-size":"auto","background-attachment":"scroll","background-type":"","background-media":"","overlay-type":"","overlay-color":"","overlay-opacity":"","overlay-gradient":""},"mobile":{"background-color":"","background-image":"","background-repeat":"repeat","background-position":"center center","background-size":"auto","background-attachment":"scroll","background-type":"","background-media":"","overlay-type":"","overlay-color":"","overlay-opacity":"","overlay-gradient":""}},"ast-content-background-meta":{"desktop":{"background-color":"var(--ast-global-color-5)","background-image":"","background-repeat":"repeat","background-position":"center center","background-size":"auto","background-attachment":"scroll","background-type":"","background-media":"","overlay-type":"","overlay-color":"","overlay-opacity":"","overlay-gradient":""},"tablet":{"background-color":"var(--ast-global-color-5)","background-image":"","background-repeat":"repeat","background-position":"center center","background-size":"auto","background-attachment":"scroll","background-type":"","background-media":"","overlay-type":"","overlay-color":"","overlay-opacity":"","overlay-gradient":""},"mobile":{"background-color":"var(--ast-global-color-5)","background-image":"","background-repeat":"repeat","background-position":"center center","background-size":"auto","background-attachment":"scroll","background-type":"","background-media":"","overlay-type":"","overlay-color":"","overlay-opacity":"","overlay-gradient":""}},"footnotes":""},"class_list":["post-146371","page","type-page","status-publish","has-post-thumbnail","hentry"],"_links":{"self":[{"href":"https:\/\/medclinics.com\/tr\/wp-json\/wp\/v2\/pages\/146371","targetHints":{"allow":["GET"]}}],"collection":[{"href":"https:\/\/medclinics.com\/tr\/wp-json\/wp\/v2\/pages"}],"about":[{"href":"https:\/\/medclinics.com\/tr\/wp-json\/wp\/v2\/types\/page"}],"author":[{"embeddable":true,"href":"https:\/\/medclinics.com\/tr\/wp-json\/wp\/v2\/users\/4"}],"replies":[{"embeddable":true,"href":"https:\/\/medclinics.com\/tr\/wp-json\/wp\/v2\/comments?post=146371"}],"version-history":[{"count":0,"href":"https:\/\/medclinics.com\/tr\/wp-json\/wp\/v2\/pages\/146371\/revisions"}],"wp:featuredmedia":[{"embeddable":true,"href":"https:\/\/medclinics.com\/tr\/wp-json\/wp\/v2\/media\/92816"}],"wp:attachment":[{"href":"https:\/\/medclinics.com\/tr\/wp-json\/wp\/v2\/media?parent=146371"}],"curies":[{"name":"wp","href":"https:\/\/api.w.org\/{rel}","templated":true}]}}