{"id":146361,"date":"2023-05-23T13:05:47","date_gmt":"2023-05-23T10:05:47","guid":{"rendered":"https:\/\/medclinics.com\/yuz-mezoterapisi\/"},"modified":"2024-04-04T19:26:27","modified_gmt":"2024-04-04T16:26:27","slug":"yuz-mezoterapisi","status":"publish","type":"page","link":"https:\/\/medclinics.com\/tr\/yuz-mezoterapisi\/","title":{"rendered":"Y\u00fcz Mezoterapisi"},"content":{"rendered":"\n<p>Y\u00fcz Mezoterapisi, cildiniz i\u00e7in harikalar yaratabilecek bir kozmetik tedavidir. Bu non-invaziv prosed\u00fcr, g\u00f6r\u00fcn\u00fcm\u00fcn\u00fc iyile\u015ftirmek ve belirli endi\u015feleri gidermek i\u00e7in y\u00fcz cildinizin katmanlar\u0131na dikkatlice form\u00fcle edilmi\u015f sol\u00fcsyonlar\u0131n enjekte edilmesini i\u00e7erir.<\/p>\n\n<p>Bu i\u015flem s\u0131ras\u0131nda vitaminler, mineraller, amino asitler, hyaluronik asit ve di\u011fer faydal\u0131 maddelerden olu\u015fan bir kar\u0131\u015f\u0131m kullan\u0131larak hedeflenen b\u00f6lgelere k\u00fc\u00e7\u00fck enjeksiyonlar yap\u0131l\u0131r. Bu bile\u015fenler kolajen \u00fcretimini uyararak cildi beslerken ayn\u0131 zamanda dola\u015f\u0131m\u0131 ve hidrasyon seviyelerini de iyile\u015ftirir.<\/p>\n\n<p>Bu enjeksiyon sol\u00fcsyonlar\u0131n\u0131n bile\u015fimi bireysel ihtiya\u00e7lara veya uygulay\u0131c\u0131 tercihlerine ba\u011fl\u0131 olarak de\u011fi\u015fir &#8211; hatta baz\u0131lar\u0131 pigmentasyon izlerini veya akne patlamalar\u0131n\u0131 azaltmak i\u00e7in \u00f6zel olarak tasarlanm\u0131\u015f botanik \u00f6zler veya ila\u00e7lar i\u00e7erebilir!<\/p>\n\n<p>Y\u00fcz <a href=\"https:\/\/en.wikipedia.org\/wiki\/Mesotherapy\" target=\"_blank\" rel=\"noreferrer noopener\">mezoterapisi<\/a> yaln\u0131zca dermatologlar gibi uygulama s\u0131ras\u0131nda ince i\u011fneler kullanan ve gerekirse \u00f6nceden topikal anestezik uygulayan nitelikli t\u0131p uzmanlar\u0131 taraf\u0131ndan yap\u0131lmal\u0131d\u0131r, b\u00f6ylece hastalar seanslar\u0131 boyunca minimum rahats\u0131zl\u0131k hissederler.<\/p>\n\n<p>Bu harika tekni\u011fin donukluk, kuru lekeler, e\u015fit olmayan tonda k\u0131r\u0131\u015f\u0131kl\u0131klar ve yara izleri gibi \u00e7e\u015fitli sorunlar\u0131 gidermede etkili oldu\u011fu kan\u0131tlanm\u0131\u015ft\u0131r ve bu da onu y\u00fcz germe gibi tedavi sonras\u0131 \u00f6nemli \u00f6l\u00e7\u00fcde kesinti gerektiren daha invaziv prosed\u00fcrlere g\u00f6re m\u00fckemmel bir alternatif se\u00e7enek haline getirmektedir!<\/p>\n\n<h3 class=\"wp-block-heading\"><a href=\"https:\/\/medclinics.com\/tr\/guzellik\/\" target=\"_blank\" rel=\"noreferrer noopener\">G\u00fczellik bak\u0131m\u0131<\/a> hakk\u0131nda bilmeniz gereken her \u015fey burada, <a href=\"#requestform\">bizimle ileti\u015fime<\/a> ge\u00e7in!<\/h3>\n\n<h2 class=\"wp-block-heading\">SSS <\/h2>\n<div id=\"rank-math-faq\" class=\"rank-math-block\">\n<div class=\"rank-math-list \">\n<div id=\"faq-question-1684846795499\" class=\"rank-math-list-item\">\n<h3 class=\"rank-math-question \">Y\u00fcz mezoterapisi ne kadar s\u00fcrer?<\/h3>\n<div class=\"rank-math-answer \">\n\n<p>Y\u00fcz mezoterapisinin etkilerinin s\u00fcresi, bireyin cilt tipi, ele al\u0131nan belirli endi\u015feler ve takip edilen tedavi plan\u0131 dahil olmak \u00fczere \u00e7e\u015fitli fakt\u00f6rlere ba\u011fl\u0131 olarak de\u011fi\u015febilir. Genel olarak, y\u00fcz mezoterapisinin etkileri birka\u00e7 aydan bir y\u0131la kadar s\u00fcrebilir.<\/p>\n\n<\/div>\n<\/div>\n<div id=\"faq-question-1684846831314\" class=\"rank-math-list-item\">\n<h3 class=\"rank-math-question \">Y\u00fcz mezoterapisi i\u015fe yarar m\u0131?<\/h3>\n<div class=\"rank-math-answer \">\n\n<p>Y\u00fcz mezoterapisi, kalifiye bir profesyonel taraf\u0131ndan uyguland\u0131\u011f\u0131nda belirli cilt sorunlar\u0131n\u0131n giderilmesinde etkili olabilir. Mezoterapi, aktif bile\u015fenlerin \u00f6zelle\u015ftirilmi\u015f kombinasyonlar\u0131n\u0131 cilde enjekte ederek kolajen \u00fcretimini uyarabilir, cilt dokusunu iyile\u015ftirebilir, nemlendirme sa\u011flayabilir ve ince \u00e7izgiler, k\u0131r\u0131\u015f\u0131kl\u0131klar ve pigmentasyon d\u00fczensizlikleri gibi belirli sorunlar\u0131 hedefleyebilir. Bununla birlikte, y\u00fcz mezoterapisinin etkinli\u011fi cilt tipi, spesifik endi\u015feler ve uygulay\u0131c\u0131n\u0131n uzmanl\u0131\u011f\u0131 gibi fakt\u00f6rlere ba\u011fl\u0131 olarak de\u011fi\u015febilir. Sonu\u00e7lar, tedavilerin say\u0131s\u0131 ve s\u0131kl\u0131\u011f\u0131n\u0131n yan\u0131 s\u0131ra bireysel yan\u0131ta da ba\u011fl\u0131 olabilir. Mezoterapinin y\u00fcz\u00fcn\u00fcz i\u00e7in uygun olup olmad\u0131\u011f\u0131n\u0131 belirlemek ve en iyi sonu\u00e7lar\u0131 elde etmek i\u00e7in, cilt durumunuzu de\u011ferlendirebilecek, hedeflerinizi tart\u0131\u015fabilecek ve ki\u015fiselle\u015ftirilmi\u015f \u00f6neriler sunabilecek nitelikli bir dermatolog veya cilt bak\u0131m uzman\u0131na dan\u0131\u015fman\u0131z \u00f6nerilir.<\/p>\n\n<\/div>\n<\/div>\n<div id=\"faq-question-1684846995722\" class=\"rank-math-list-item\">\n<h3 class=\"rank-math-question \">Y\u00fcz mezoterapisi nedir?<\/h3>\n<div class=\"rank-math-answer \">\n\n<p>Y\u00fcz mezoterapisi, belirli endi\u015feleri gidermek i\u00e7in \u00f6zelle\u015ftirilmi\u015f aktif bile\u015fen kombinasyonlar\u0131n\u0131n cilde enjekte edildi\u011fi kozmetik bir prosed\u00fcrd\u00fcr. Cilt dokusunu iyile\u015ftirebilir, kolajen \u00fcretimini uyarabilir, nemlendirme sa\u011flayabilir ve ince \u00e7izgiler, k\u0131r\u0131\u015f\u0131kl\u0131klar ve pigmentasyon d\u00fczensizlikleri gibi sorunlar\u0131 hedefleyebilir. Etkinlik, cilt tipi, endi\u015feler ve uygulay\u0131c\u0131n\u0131n uzmanl\u0131\u011f\u0131 gibi fakt\u00f6rlere ba\u011fl\u0131 olarak de\u011fi\u015febilir.<\/p>\n\n<\/div>\n<\/div>\n<\/div>\n<\/div>\n<p><\/p>\n\n<h3 class=\"wp-block-heading\">Herhangi bir sorunuz olmas\u0131 durumunda hemen bizimle ileti\u015fime ge\u00e7in!<\/h3>\n","protected":false},"excerpt":{"rendered":"<p>Y\u00fcz Mezoterapisi, cildiniz i\u00e7in harikalar yaratabilecek bir kozmetik tedavidir. Bu non-invaziv prosed\u00fcr, g\u00f6r\u00fcn\u00fcm\u00fcn\u00fc iyile\u015ftirmek ve belirli endi\u015feleri gidermek i\u00e7in y\u00fcz [&hellip;]<\/p>\n","protected":false},"author":4,"featured_media":93041,"parent":0,"menu_order":0,"comment_status":"closed","ping_status":"closed","template":"","meta":{"site-sidebar-layout":"default","site-content-layout":"","ast-site-content-layout":"default","site-content-style":"default","site-sidebar-style":"default","ast-global-header-display":"","ast-banner-title-visibility":"","ast-main-header-display":"","ast-hfb-above-header-display":"","ast-hfb-below-header-display":"","ast-hfb-mobile-header-display":"","site-post-title":"","ast-breadcrumbs-content":"","ast-featured-img":"","footer-sml-layout":"","ast-disable-related-posts":"","theme-transparent-header-meta":"","adv-header-id-meta":"","stick-header-meta":"","header-above-stick-meta":"","header-main-stick-meta":"","header-below-stick-meta":"","astra-migrate-meta-layouts":"default","ast-page-background-enabled":"default","ast-page-background-meta":{"desktop":{"background-color":"var(--ast-global-color-4)","background-image":"","background-repeat":"repeat","background-position":"center center","background-size":"auto","background-attachment":"scroll","background-type":"","background-media":"","overlay-type":"","overlay-color":"","overlay-opacity":"","overlay-gradient":""},"tablet":{"background-color":"","background-image":"","background-repeat":"repeat","background-position":"center center","background-size":"auto","background-attachment":"scroll","background-type":"","background-media":"","overlay-type":"","overlay-color":"","overlay-opacity":"","overlay-gradient":""},"mobile":{"background-color":"","background-image":"","background-repeat":"repeat","background-position":"center center","background-size":"auto","background-attachment":"scroll","background-type":"","background-media":"","overlay-type":"","overlay-color":"","overlay-opacity":"","overlay-gradient":""}},"ast-content-background-meta":{"desktop":{"background-color":"var(--ast-global-color-5)","background-image":"","background-repeat":"repeat","background-position":"center center","background-size":"auto","background-attachment":"scroll","background-type":"","background-media":"","overlay-type":"","overlay-color":"","overlay-opacity":"","overlay-gradient":""},"tablet":{"background-color":"var(--ast-global-color-5)","background-image":"","background-repeat":"repeat","background-position":"center center","background-size":"auto","background-attachment":"scroll","background-type":"","background-media":"","overlay-type":"","overlay-color":"","overlay-opacity":"","overlay-gradient":""},"mobile":{"background-color":"var(--ast-global-color-5)","background-image":"","background-repeat":"repeat","background-position":"center center","background-size":"auto","background-attachment":"scroll","background-type":"","background-media":"","overlay-type":"","overlay-color":"","overlay-opacity":"","overlay-gradient":""}},"footnotes":""},"class_list":["post-146361","page","type-page","status-publish","has-post-thumbnail","hentry"],"_links":{"self":[{"href":"https:\/\/medclinics.com\/tr\/wp-json\/wp\/v2\/pages\/146361","targetHints":{"allow":["GET"]}}],"collection":[{"href":"https:\/\/medclinics.com\/tr\/wp-json\/wp\/v2\/pages"}],"about":[{"href":"https:\/\/medclinics.com\/tr\/wp-json\/wp\/v2\/types\/page"}],"author":[{"embeddable":true,"href":"https:\/\/medclinics.com\/tr\/wp-json\/wp\/v2\/users\/4"}],"replies":[{"embeddable":true,"href":"https:\/\/medclinics.com\/tr\/wp-json\/wp\/v2\/comments?post=146361"}],"version-history":[{"count":0,"href":"https:\/\/medclinics.com\/tr\/wp-json\/wp\/v2\/pages\/146361\/revisions"}],"wp:featuredmedia":[{"embeddable":true,"href":"https:\/\/medclinics.com\/tr\/wp-json\/wp\/v2\/media\/93041"}],"wp:attachment":[{"href":"https:\/\/medclinics.com\/tr\/wp-json\/wp\/v2\/media?parent=146361"}],"curies":[{"name":"wp","href":"https:\/\/api.w.org\/{rel}","templated":true}]}}