{"id":146347,"date":"2023-05-23T12:38:00","date_gmt":"2023-05-23T09:38:00","guid":{"rendered":"https:\/\/medclinics.com\/goz-cevresi-mezoterapisi\/"},"modified":"2024-04-04T19:26:32","modified_gmt":"2024-04-04T16:26:32","slug":"goz-cevresi-mezoterapisi","status":"publish","type":"page","link":"https:\/\/medclinics.com\/tr\/goz-cevresi-mezoterapisi\/","title":{"rendered":"G\u00f6z \u00c7evresi Mezoterapisi"},"content":{"rendered":"\n<h2 class=\"wp-block-heading\">Aynaya bakt\u0131\u011f\u0131n\u0131zda g\u00f6zlerinizin etraf\u0131nda ince \u00e7izgiler, k\u0131r\u0131\u015f\u0131kl\u0131klar, \u015fi\u015fkinlik veya koyu halkalar g\u00f6rmekten s\u0131k\u0131ld\u0131n\u0131z m\u0131? E\u011fer \u00f6yleyse, G\u00f6z \u00c7evresi Mezoterapisi sizin i\u00e7in bir \u00e7\u00f6z\u00fcm olabilir.<\/h2>\n\n<p>G\u00f6z \u00e7evresi mezoterapisi prosed\u00fcr\u00fc, g\u00f6r\u00fcn\u00fcm\u00fcn\u00fc iyile\u015ftirmek i\u00e7in g\u00f6zlerinizi \u00e7evreleyen hassas cilde \u00f6zel maddelerin enjekte edilmesini i\u00e7erir.<\/p>\n\n<p>G\u00f6z \u00e7evresi mezoterapisi tedavisi s\u0131ras\u0131nda kullan\u0131lan bile\u015fenler, her bir hasta i\u00e7in neyin gerekli oldu\u011funa ba\u011fl\u0131 olarak de\u011fi\u015febilir. Bununla birlikte, ortak bile\u015fenler aras\u0131nda vitaminler, mineraller, <a href=\"https:\/\/en.wikipedia.org\/wiki\/Hyaluronic_acid\" target=\"_blank\" rel=\"noreferrer noopener\">hyaluronik asit<\/a> peptidleri, amino asitler ve antioksidanlar bulunur; bunlar\u0131n hepsinin cildi besledi\u011fi ve gen\u00e7le\u015ftirdi\u011fi, kolajen \u00fcretimini te\u015fvik etti\u011fi ve b\u00f6ylece dokuyu ve tonu iyile\u015ftirdi\u011fi d\u00fc\u015f\u00fcn\u00fclmektedir.<\/p>\n\n<p>Deneyimli bir sa\u011fl\u0131k uzman\u0131 veya estetisyen ile yap\u0131lan bir seans s\u0131ras\u0131nda, bu sol\u00fcsyonlar\u0131 birden fazla b\u00f6lgeye enjekte etmek i\u00e7in k\u00fc\u00e7\u00fck bir i\u011fne kullanacak ve hedeflenen alanlarda e\u015fit da\u011f\u0131l\u0131m sa\u011flayacakt\u0131r, \u00f6yle ki optimum sonu\u00e7lar zaman i\u00e7inde birka\u00e7 tedavi gerektirebilir, ancak buna de\u011fer!<\/p>\n\n<p>Daha parlak ve gen\u00e7 g\u00f6r\u00fcnen g\u00f6z altlar\u0131na ula\u015fman\u0131z\u0131 engelleyen nedir? \u00dccretsiz dan\u0131\u015fmanl\u0131\u011f\u0131n\u0131z\u0131 \u015fimdi al\u0131n!<\/p>\n\n<h3 class=\"wp-block-heading\">Fiyat ve daha fazlas\u0131 dahil olmak \u00fczere <a href=\"https:\/\/medclinics.com\/tr\/guzellik\/\" target=\"_blank\" rel=\"noreferrer noopener\">g\u00fczellik bak\u0131m\u0131<\/a> hakk\u0131nda bilmeniz gereken her \u015fey burada, <a href=\"#requestform\">bizimle ileti\u015fime<\/a> ge\u00e7in!<\/h3>\n\n<h2 class=\"wp-block-heading\">SSS <\/h2>\n<div id=\"rank-math-faq\" class=\"rank-math-block\">\n<div class=\"rank-math-list \">\n<div id=\"faq-question-1684845255298\" class=\"rank-math-list-item\">\n<h3 class=\"rank-math-question \">G\u00f6zler i\u00e7in mezoterapi nedir?<\/h3>\n<div class=\"rank-math-answer \">\n\n<p>G\u00f6z alt\u0131 mezoterapisi veya mezo-g\u00f6z tedavisi olarak da bilinen g\u00f6zler i\u00e7in mezoterapi, bu b\u00f6lgedeki belirli endi\u015feleri gidermek i\u00e7in g\u00f6z \u00e7evresindeki cilde \u00f6zel maddelerin enjeksiyonunu i\u00e7eren kozmetik bir prosed\u00fcrd\u00fcr. G\u00f6z \u00e7evresi mezoterapisi, g\u00f6z \u00e7evresindeki hassas cildi gen\u00e7le\u015ftirmeyi ve koyu halkalar, \u015fi\u015fkinlik, ince \u00e7izgiler ve k\u0131r\u0131\u015f\u0131kl\u0131klar gibi sorunlar\u0131 hedeflemeyi ama\u00e7lamaktad\u0131r.<\/p>\n\n<\/div>\n<\/div>\n<div id=\"faq-question-1684845293786\" class=\"rank-math-list-item\">\n<h3 class=\"rank-math-question \">G\u00f6z alt\u0131 mezoterapisi g\u00fcvenli midir?<\/h3>\n<div class=\"rank-math-answer \">\n\n<p>Nitelikli ve deneyimli bir sa\u011fl\u0131k uzman\u0131 taraf\u0131ndan uyguland\u0131\u011f\u0131nda, g\u00f6z alt\u0131 b\u00f6lgesi i\u00e7in mezoterapi genellikle g\u00fcvenli kabul edilir. Bununla birlikte, her t\u0131bbi prosed\u00fcrde oldu\u011fu gibi, fark\u0131nda olunmas\u0131 gereken potansiyel riskler ve yan etkiler vard\u0131r. Bunlar morarma, \u015fi\u015fme, k\u0131zar\u0131kl\u0131k, tahri\u015f, enfeksiyon (nadir de olsa) ve alerjik reaksiyonlar\u0131 i\u00e7erebilir. Yetenekli bir uygulay\u0131c\u0131 se\u00e7mek ve uygun sterilizasyon ve aseptik uygulamalara ba\u011fl\u0131 kalmak bu riskleri en aza indirmeye yard\u0131mc\u0131 olabilir. Ger\u00e7ek\u00e7i beklentilere sahip olmak ve i\u015flemden \u00f6nce kapsaml\u0131 bir de\u011ferlendirmeden ge\u00e7mek \u00f6nemlidir. Bir sa\u011fl\u0131k uzman\u0131na dan\u0131\u015fmak, ki\u015fiselle\u015ftirilmi\u015f tavsiyelere olanak tan\u0131yacak ve mezoterapinin g\u00f6z alt\u0131 b\u00f6lgeniz i\u00e7in g\u00fcvenli\u011fini ve uygunlu\u011funu sa\u011flayacakt\u0131r.<\/p>\n\n<\/div>\n<\/div>\n<\/div>\n<\/div>\n<p><\/p>\n\n<h3 class=\"wp-block-heading\">Herhangi bir sorunuz olmas\u0131 durumunda hemen bizimle ileti\u015fime ge\u00e7in!<\/h3>\n","protected":false},"excerpt":{"rendered":"<p>Aynaya bakt\u0131\u011f\u0131n\u0131zda g\u00f6zlerinizin etraf\u0131nda ince \u00e7izgiler, k\u0131r\u0131\u015f\u0131kl\u0131klar, \u015fi\u015fkinlik veya koyu halkalar g\u00f6rmekten s\u0131k\u0131ld\u0131n\u0131z m\u0131? E\u011fer \u00f6yleyse, G\u00f6z \u00c7evresi Mezoterapisi sizin [&hellip;]<\/p>\n","protected":false},"author":4,"featured_media":92671,"parent":0,"menu_order":0,"comment_status":"closed","ping_status":"closed","template":"","meta":{"site-sidebar-layout":"default","site-content-layout":"","ast-site-content-layout":"default","site-content-style":"default","site-sidebar-style":"default","ast-global-header-display":"","ast-banner-title-visibility":"","ast-main-header-display":"","ast-hfb-above-header-display":"","ast-hfb-below-header-display":"","ast-hfb-mobile-header-display":"","site-post-title":"","ast-breadcrumbs-content":"","ast-featured-img":"","footer-sml-layout":"","ast-disable-related-posts":"","theme-transparent-header-meta":"","adv-header-id-meta":"","stick-header-meta":"","header-above-stick-meta":"","header-main-stick-meta":"","header-below-stick-meta":"","astra-migrate-meta-layouts":"default","ast-page-background-enabled":"default","ast-page-background-meta":{"desktop":{"background-color":"var(--ast-global-color-4)","background-image":"","background-repeat":"repeat","background-position":"center center","background-size":"auto","background-attachment":"scroll","background-type":"","background-media":"","overlay-type":"","overlay-color":"","overlay-opacity":"","overlay-gradient":""},"tablet":{"background-color":"","background-image":"","background-repeat":"repeat","background-position":"center center","background-size":"auto","background-attachment":"scroll","background-type":"","background-media":"","overlay-type":"","overlay-color":"","overlay-opacity":"","overlay-gradient":""},"mobile":{"background-color":"","background-image":"","background-repeat":"repeat","background-position":"center center","background-size":"auto","background-attachment":"scroll","background-type":"","background-media":"","overlay-type":"","overlay-color":"","overlay-opacity":"","overlay-gradient":""}},"ast-content-background-meta":{"desktop":{"background-color":"var(--ast-global-color-5)","background-image":"","background-repeat":"repeat","background-position":"center center","background-size":"auto","background-attachment":"scroll","background-type":"","background-media":"","overlay-type":"","overlay-color":"","overlay-opacity":"","overlay-gradient":""},"tablet":{"background-color":"var(--ast-global-color-5)","background-image":"","background-repeat":"repeat","background-position":"center center","background-size":"auto","background-attachment":"scroll","background-type":"","background-media":"","overlay-type":"","overlay-color":"","overlay-opacity":"","overlay-gradient":""},"mobile":{"background-color":"var(--ast-global-color-5)","background-image":"","background-repeat":"repeat","background-position":"center center","background-size":"auto","background-attachment":"scroll","background-type":"","background-media":"","overlay-type":"","overlay-color":"","overlay-opacity":"","overlay-gradient":""}},"footnotes":""},"class_list":["post-146347","page","type-page","status-publish","has-post-thumbnail","hentry"],"_links":{"self":[{"href":"https:\/\/medclinics.com\/tr\/wp-json\/wp\/v2\/pages\/146347","targetHints":{"allow":["GET"]}}],"collection":[{"href":"https:\/\/medclinics.com\/tr\/wp-json\/wp\/v2\/pages"}],"about":[{"href":"https:\/\/medclinics.com\/tr\/wp-json\/wp\/v2\/types\/page"}],"author":[{"embeddable":true,"href":"https:\/\/medclinics.com\/tr\/wp-json\/wp\/v2\/users\/4"}],"replies":[{"embeddable":true,"href":"https:\/\/medclinics.com\/tr\/wp-json\/wp\/v2\/comments?post=146347"}],"version-history":[{"count":0,"href":"https:\/\/medclinics.com\/tr\/wp-json\/wp\/v2\/pages\/146347\/revisions"}],"wp:featuredmedia":[{"embeddable":true,"href":"https:\/\/medclinics.com\/tr\/wp-json\/wp\/v2\/media\/92671"}],"wp:attachment":[{"href":"https:\/\/medclinics.com\/tr\/wp-json\/wp\/v2\/media?parent=146347"}],"curies":[{"name":"wp","href":"https:\/\/api.w.org\/{rel}","templated":true}]}}