{"id":146335,"date":"2023-05-23T12:26:37","date_gmt":"2023-05-23T09:26:37","guid":{"rendered":"https:\/\/medclinics.com\/dermapen-5\/"},"modified":"2024-04-04T19:32:50","modified_gmt":"2024-04-04T16:32:50","slug":"dermapen-5","status":"publish","type":"page","link":"https:\/\/medclinics.com\/tr\/dermapen-5\/","title":{"rendered":"Dermapen"},"content":{"rendered":"\n<h2 class=\"wp-block-heading\">\u0130nce \u00e7izgilerin, k\u0131r\u0131\u015f\u0131kl\u0131klar\u0131n, akne izlerinin ve e\u015fit olmayan cilt tonunun g\u00f6r\u00fcn\u00fcm\u00fcn\u00fc iyile\u015ftirmeye yard\u0131mc\u0131 olabilecek bir kozmetik prosed\u00fcr m\u00fc ar\u0131yorsunuz? Dermapen tedavisinden ba\u015fkas\u0131na bakmay\u0131n!<\/h2>\n\n<p> <a href=\"https:\/\/en.wikipedia.org\/wiki\/Collagen_induction_therapy\" target=\"_blank\" rel=\"noreferrer noopener\">Mikroi\u011fneleme<\/a> veya kolajen ind\u00fcksiyon terapisi olarak da bilinen bu yenilik\u00e7i teknik, ciltte k\u00fc\u00e7\u00fck delikler olu\u015fturmak i\u00e7in elde ta\u015f\u0131nan bir cihaz\u0131n kullan\u0131lmas\u0131n\u0131 i\u00e7erir. Sonu\u00e7, kolajen \u00fcretiminde ve v\u00fccudunuzdaki do\u011fal iyile\u015fme s\u00fcre\u00e7lerinde bir art\u0131\u015ft\u0131r.<\/p>\n\n<p>Bu tedavi nazik ancak etkilidir &#8211; her seans s\u0131ras\u0131nda, yetenekli uygulay\u0131c\u0131lar\u0131m\u0131z kontroll\u00fc mikro yaralanmalar olu\u015fturmak i\u00e7in cihaz\u0131 y\u00fcz\u00fcn\u00fczde yuvarlayacakt\u0131r. Bu yaralanmalar yeni h\u00fccre b\u00fcy\u00fcmesini te\u015fvik ederken akne izi gibi durumlar\u0131n neden oldu\u011fu yara dokusunu par\u00e7alar. Ayr\u0131ca, cildinizin t\u00fcm b\u00f6lgelerinde e\u015fit tonda pigmentasyon seviyelerini desteklerler!<\/p>\n\n<p>Geni\u015flemi\u015f g\u00f6zenekleri en aza indirmenin veya hiperpigmentasyonu (g\u00fcne\u015f lekeleri gibi) azaltman\u0131n yollar\u0131n\u0131 ar\u0131yorsan\u0131z, bug\u00fcn Dermapen seanslar\u0131m\u0131zdan birine rezervasyon yapt\u0131rmay\u0131 d\u00fc\u015f\u00fcn\u00fcn!  <\/p>\n\n<h3 class=\"wp-block-heading\">Fiyat, bak\u0131m sonras\u0131 ve iyile\u015fme s\u00fcreci dahil olmak \u00fczere <a href=\"https:\/\/medclinics.com\/tr\/guzellik\/\" target=\"_blank\" rel=\"noreferrer noopener\">g\u00fczellik tedavisi<\/a> hakk\u0131nda bilmeniz gereken her \u015fey veya <a href=\"#requestform\">bizimle ileti\u015fime<\/a> ge\u00e7in!<\/h3>\n\n<h2 class=\"wp-block-heading\">SSS <\/h2>\n<div id=\"rank-math-faq\" class=\"rank-math-block\">\n<div class=\"rank-math-list \">\n<div id=\"faq-question-1684844597949\" class=\"rank-math-list-item\">\n<h3 class=\"rank-math-question \">Dermapen nedir?<\/h3>\n<div class=\"rank-math-answer \">\n\n<p>Dermapen, ciltte kontroll\u00fc mikro yaralanmalar olu\u015fturmak i\u00e7in k\u00fc\u00e7\u00fck i\u011fneler i\u00e7eren bir cihaz kullanan kozmetik bir prosed\u00fcrd\u00fcr. Cilt dokusunu iyile\u015ftirebilir, ince \u00e7izgileri ve k\u0131r\u0131\u015f\u0131kl\u0131klar\u0131 azaltabilir ve akne izleri ve hiperpigmentasyon gibi endi\u015feleri giderebilir. Cilt bak\u0131m \u00fcr\u00fcnlerinin emilimini art\u0131r\u0131r ve tipik olarak minimum kesinti i\u00e7erir. G\u00fcvenli ve etkili bir tedavi i\u00e7in bir profesyonele dan\u0131\u015fmak \u00f6nemlidir.<\/p>\n\n<\/div>\n<\/div>\n<div id=\"faq-question-1684844455377\" class=\"rank-math-list-item\">\n<h3 class=\"rank-math-question \">Dermapen y\u00fcz\u00fcn\u00fcz i\u00e7in iyi midir?<\/h3>\n<div class=\"rank-math-answer \">\n\n<p>E\u011fitimli bir profesyonel taraf\u0131ndan uyguland\u0131\u011f\u0131nda, Dermapen y\u00fcz i\u00e7in \u00e7e\u015fitli faydalar sa\u011flayabilir. Kolajen ve elastin \u00fcretimini uyararak cilt dokusunun iyile\u015fmesine, ince \u00e7izgi ve k\u0131r\u0131\u015f\u0131kl\u0131klar\u0131n azalmas\u0131na ve genel cilt gen\u00e7le\u015fmesine yol a\u00e7ar. Ayr\u0131ca, cilt tonunu ve dokusunu iyile\u015ftirmeye yard\u0131mc\u0131 olarak akne izlerinin, hiperpigmentasyonun ve di\u011fer cilt kusurlar\u0131n\u0131n g\u00f6r\u00fcn\u00fcm\u00fcn\u00fc azaltabilir. Mikroi\u011fneleme ile olu\u015fturulan mikro kanallar ayr\u0131ca cilt bak\u0131m \u00fcr\u00fcnlerinin emilimini art\u0131rarak etkinliklerini en \u00fcst d\u00fczeye \u00e7\u0131kar\u0131r. Daha invaziv prosed\u00fcrlerle kar\u015f\u0131la\u015ft\u0131r\u0131ld\u0131\u011f\u0131nda, Dermapen genellikle minimum kesinti i\u00e7erir, k\u0131zar\u0131kl\u0131k ve hafif \u015fi\u015flik birka\u00e7 g\u00fcn i\u00e7inde azal\u0131r. Dermapen&#8217;in cildiniz i\u00e7in uygun olup olmad\u0131\u011f\u0131n\u0131 belirlemek ve prosed\u00fcr\u00fcn g\u00fcvenli ve etkili bir \u015fekilde uygulanmas\u0131n\u0131 sa\u011flamak i\u00e7in kalifiye bir dermatolog veya cilt bak\u0131m uzman\u0131na dan\u0131\u015fman\u0131z \u00f6nemlidir.<\/p>\n\n<\/div>\n<\/div>\n<div id=\"faq-question-1684844634844\" class=\"rank-math-list-item\">\n<h3 class=\"rank-math-question \">Dermapen&#8217;in etkileri ne kadar s\u00fcrer?<\/h3>\n<div class=\"rank-math-answer \">\n\n<p>Dermapen&#8217;in etkileri cilt tipi, tedavi plan\u0131 ve bireysel fakt\u00f6rler gibi fakt\u00f6rlere ba\u011fl\u0131 olarak birka\u00e7 aydan bir y\u0131la kadar s\u00fcrebilir. Bak\u0131m tedavileri ve tutarl\u0131 cilt bak\u0131m\u0131 uygulamalar\u0131 sonu\u00e7lar\u0131n s\u00fcrd\u00fcr\u00fclmesine yard\u0131mc\u0131 olabilir.<\/p>\n\n<\/div>\n<\/div>\n<\/div>\n<\/div>\n<p><\/p>\n\n<h3 class=\"wp-block-heading\">Herhangi bir sorunuz olmas\u0131 durumunda hemen bizimle ileti\u015fime ge\u00e7in!<\/h3>\n","protected":false},"excerpt":{"rendered":"<p>\u0130nce \u00e7izgilerin, k\u0131r\u0131\u015f\u0131kl\u0131klar\u0131n, akne izlerinin ve e\u015fit olmayan cilt tonunun g\u00f6r\u00fcn\u00fcm\u00fcn\u00fc iyile\u015ftirmeye yard\u0131mc\u0131 olabilecek bir kozmetik prosed\u00fcr m\u00fc ar\u0131yorsunuz? Dermapen [&hellip;]<\/p>\n","protected":false},"author":4,"featured_media":92699,"parent":0,"menu_order":0,"comment_status":"closed","ping_status":"closed","template":"","meta":{"site-sidebar-layout":"default","site-content-layout":"","ast-site-content-layout":"default","site-content-style":"default","site-sidebar-style":"default","ast-global-header-display":"","ast-banner-title-visibility":"","ast-main-header-display":"","ast-hfb-above-header-display":"","ast-hfb-below-header-display":"","ast-hfb-mobile-header-display":"","site-post-title":"","ast-breadcrumbs-content":"","ast-featured-img":"","footer-sml-layout":"","ast-disable-related-posts":"","theme-transparent-header-meta":"","adv-header-id-meta":"","stick-header-meta":"","header-above-stick-meta":"","header-main-stick-meta":"","header-below-stick-meta":"","astra-migrate-meta-layouts":"default","ast-page-background-enabled":"default","ast-page-background-meta":{"desktop":{"background-color":"var(--ast-global-color-4)","background-image":"","background-repeat":"repeat","background-position":"center center","background-size":"auto","background-attachment":"scroll","background-type":"","background-media":"","overlay-type":"","overlay-color":"","overlay-opacity":"","overlay-gradient":""},"tablet":{"background-color":"","background-image":"","background-repeat":"repeat","background-position":"center center","background-size":"auto","background-attachment":"scroll","background-type":"","background-media":"","overlay-type":"","overlay-color":"","overlay-opacity":"","overlay-gradient":""},"mobile":{"background-color":"","background-image":"","background-repeat":"repeat","background-position":"center center","background-size":"auto","background-attachment":"scroll","background-type":"","background-media":"","overlay-type":"","overlay-color":"","overlay-opacity":"","overlay-gradient":""}},"ast-content-background-meta":{"desktop":{"background-color":"var(--ast-global-color-5)","background-image":"","background-repeat":"repeat","background-position":"center center","background-size":"auto","background-attachment":"scroll","background-type":"","background-media":"","overlay-type":"","overlay-color":"","overlay-opacity":"","overlay-gradient":""},"tablet":{"background-color":"var(--ast-global-color-5)","background-image":"","background-repeat":"repeat","background-position":"center center","background-size":"auto","background-attachment":"scroll","background-type":"","background-media":"","overlay-type":"","overlay-color":"","overlay-opacity":"","overlay-gradient":""},"mobile":{"background-color":"var(--ast-global-color-5)","background-image":"","background-repeat":"repeat","background-position":"center center","background-size":"auto","background-attachment":"scroll","background-type":"","background-media":"","overlay-type":"","overlay-color":"","overlay-opacity":"","overlay-gradient":""}},"footnotes":""},"class_list":["post-146335","page","type-page","status-publish","has-post-thumbnail","hentry"],"_links":{"self":[{"href":"https:\/\/medclinics.com\/tr\/wp-json\/wp\/v2\/pages\/146335","targetHints":{"allow":["GET"]}}],"collection":[{"href":"https:\/\/medclinics.com\/tr\/wp-json\/wp\/v2\/pages"}],"about":[{"href":"https:\/\/medclinics.com\/tr\/wp-json\/wp\/v2\/types\/page"}],"author":[{"embeddable":true,"href":"https:\/\/medclinics.com\/tr\/wp-json\/wp\/v2\/users\/4"}],"replies":[{"embeddable":true,"href":"https:\/\/medclinics.com\/tr\/wp-json\/wp\/v2\/comments?post=146335"}],"version-history":[{"count":0,"href":"https:\/\/medclinics.com\/tr\/wp-json\/wp\/v2\/pages\/146335\/revisions"}],"wp:featuredmedia":[{"embeddable":true,"href":"https:\/\/medclinics.com\/tr\/wp-json\/wp\/v2\/media\/92699"}],"wp:attachment":[{"href":"https:\/\/medclinics.com\/tr\/wp-json\/wp\/v2\/media?parent=146335"}],"curies":[{"name":"wp","href":"https:\/\/api.w.org\/{rel}","templated":true}]}}