{"id":146325,"date":"2023-05-23T12:14:10","date_gmt":"2023-05-23T09:14:10","guid":{"rendered":"https:\/\/medclinics.com\/cosmelan-maske-2\/"},"modified":"2024-04-04T19:32:55","modified_gmt":"2024-04-04T16:32:55","slug":"cosmelan-maske-2","status":"publish","type":"page","link":"https:\/\/medclinics.com\/tr\/cosmelan-maske-2\/","title":{"rendered":"Cosmelan Maske"},"content":{"rendered":"\n<h2 class=\"wp-block-heading\">Cosmelan Maske ile lekelerinize veda edin.<\/h2>\n\n<p>Cosmelan maske, <a href=\"https:\/\/en.wikipedia.org\/wiki\/Hyperpigmentation\" target=\"_blank\" rel=\"noopener\">hiperpigmentasyon<\/a>, <a href=\"https:\/\/en.wikipedia.org\/wiki\/Melasma\" target=\"_blank\" rel=\"noreferrer noopener\">melazma<\/a> ve di\u011fer renk de\u011fi\u015fikli\u011fi formlar\u0131yla profesyonel d\u00fczeyde etkinlikle m\u00fccadele eden \u00fcst d\u00fczey bir cilt bak\u0131m\u0131d\u0131r. O halde bu depigmentasyon y\u00f6nteminin neden dermatologlar ve cilt bak\u0131m uzmanlar\u0131 taraf\u0131ndan tercih edildi\u011fi hi\u00e7 de \u015fa\u015f\u0131rt\u0131c\u0131 de\u011fil.<\/p>\n\n<p>Bu iki par\u00e7al\u0131 sistem ilk uygulamadan &#8211; Cosmelan 1 Maske &#8211; ve ard\u0131ndan Cosmelan 2 Krem kullan\u0131larak devam eden bak\u0131mdan olu\u015fur. \u015e\u00f6yle \u00e7al\u0131\u015f\u0131yor:<\/p>\n\n<p>\u0130lk olarak, uzman cilt bak\u0131m uzman\u0131n\u0131z, melanin \u00fcretimini (cilt rengimizden sorumlu pigment) bask\u0131lamak ve ayn\u0131 zamanda sentez enzimini inhibe etmek i\u00e7in Cosmelan 1 Maskesinde bulunan aktif bile\u015fenlerin g\u00fc\u00e7l\u00fc kombinasyonunu uygulayacakt\u0131r! Uzman\u0131n\u0131z\u0131n \u00f6nerdi\u011fi \u015fekilde b\u0131rakt\u0131ktan sonra, iyice temizlenmi\u015f ve tedaviye haz\u0131r bir cilde sahip olacaks\u0131n\u0131z!<\/p>\n\n<p>Sol sahneye girin: Cosmelen II Bak\u0131m kremi; retinol, C vitamini ve hidrokinon sayesinde depigmentasyon s\u00fcrecinin devam etmesine yard\u0131mc\u0131 olurken, kalan pigmentleri veya lekeleri ayd\u0131nlatmak i\u00e7in uyumlu bir \u015fekilde birlikte \u00e7al\u0131\u015farak gelecekteki olu\u015fumlar\u0131 \u00f6nler.<\/p>\n\n<p>Optimum sonu\u00e7lar i\u00e7in birinci ad\u0131m\u0131 tamamlad\u0131ktan sonra birka\u00e7 hafta kullan\u0131n &#8211; Yeni \u0131\u015f\u0131lt\u0131l\u0131 cildiniz sizi bekliyor!<\/p>\n\n<h3 class=\"wp-block-heading\">Fiyat, bak\u0131m sonras\u0131 ve iyile\u015fme s\u00fcreci dahil olmak \u00fczere <a href=\"https:\/\/medclinics.com\/tr\/guzellik\/\" target=\"_blank\" rel=\"noreferrer noopener\">g\u00fczellik tedavisi<\/a> hakk\u0131nda bilmeniz gereken her \u015fey veya <a href=\"#requestform\">bizimle ileti\u015fime<\/a> ge\u00e7in!<\/h3>\n\n<h2 class=\"wp-block-heading\">SSS <\/h2>\n<div id=\"rank-math-faq\" class=\"rank-math-block\">\n<div class=\"rank-math-list \">\n<div id=\"faq-question-1684843677829\" class=\"rank-math-list-item\">\n<h3 class=\"rank-math-question \">Kozmelan kal\u0131c\u0131 m\u0131d\u0131r?<\/h3>\n<div class=\"rank-math-answer \">\n\n<p>Cosmelan uzun s\u00fcreli sonu\u00e7lar sa\u011flayabilen bir depigmentasyon tedavisidir, ancak kal\u0131c\u0131 de\u011fildir. Etkilerini s\u00fcrd\u00fcrmek i\u00e7in bak\u0131m ve g\u00fcne\u015ften korunma gereklidir. Periyodik r\u00f6tu\u015f tedavileri gerekebilir.<\/p>\n\n<\/div>\n<\/div>\n<div id=\"faq-question-1684843808866\" class=\"rank-math-list-item\">\n<h3 class=\"rank-math-question \">Kozmelan peeling evde yap\u0131labilir mi?<\/h3>\n<div class=\"rank-math-answer \">\n\n<p>Hay\u0131r, Cosmelan peeling evde yap\u0131lmamal\u0131d\u0131r. Ba\u015fvuru, tipik olarak klinik bir ortamda profesyonel bir uygulama ile ba\u015flayan iki a\u015famal\u0131 bir s\u00fcreci i\u00e7erir. \u0130lk maske birka\u00e7 saat veya gece boyunca ciltte b\u0131rak\u0131l\u0131r ve bunu devam eden bak\u0131m i\u00e7in \u00f6zel ev bak\u0131m \u00fcr\u00fcnlerinin kullan\u0131m\u0131 takip eder.<br \/>Cosmelan peeling g\u00fc\u00e7l\u00fc aktif bile\u015fenler i\u00e7erir ve e\u011fitimli bir profesyonel taraf\u0131ndan dikkatli bir uygulama ve izleme gerektirir. Melazma veya hiperpigmentasyon gibi belirli cilt sorunlar\u0131n\u0131 gidermek i\u00e7in tasarlanm\u0131\u015ft\u0131r ve bir dermatolog veya kalifiye bir cilt bak\u0131m uzman\u0131n\u0131n g\u00f6zetimi alt\u0131nda uygulanmal\u0131d\u0131r.<\/p>\n\n<\/div>\n<\/div>\n<\/div>\n<\/div>\n<p><\/p>\n\n<h3 class=\"wp-block-heading\">Herhangi bir sorunuz olmas\u0131 durumunda hemen bizimle ileti\u015fime ge\u00e7in!<\/h3>\n","protected":false},"excerpt":{"rendered":"<p>Cosmelan Maske ile lekelerinize veda edin. Cosmelan maske, hiperpigmentasyon, melazma ve di\u011fer renk de\u011fi\u015fikli\u011fi formlar\u0131yla profesyonel d\u00fczeyde etkinlikle m\u00fccadele eden [&hellip;]<\/p>\n","protected":false},"author":4,"featured_media":92685,"parent":0,"menu_order":0,"comment_status":"closed","ping_status":"closed","template":"","meta":{"site-sidebar-layout":"default","site-content-layout":"","ast-site-content-layout":"default","site-content-style":"default","site-sidebar-style":"default","ast-global-header-display":"","ast-banner-title-visibility":"","ast-main-header-display":"","ast-hfb-above-header-display":"","ast-hfb-below-header-display":"","ast-hfb-mobile-header-display":"","site-post-title":"","ast-breadcrumbs-content":"","ast-featured-img":"","footer-sml-layout":"","ast-disable-related-posts":"","theme-transparent-header-meta":"","adv-header-id-meta":"","stick-header-meta":"","header-above-stick-meta":"","header-main-stick-meta":"","header-below-stick-meta":"","astra-migrate-meta-layouts":"default","ast-page-background-enabled":"default","ast-page-background-meta":{"desktop":{"background-color":"var(--ast-global-color-4)","background-image":"","background-repeat":"repeat","background-position":"center center","background-size":"auto","background-attachment":"scroll","background-type":"","background-media":"","overlay-type":"","overlay-color":"","overlay-opacity":"","overlay-gradient":""},"tablet":{"background-color":"","background-image":"","background-repeat":"repeat","background-position":"center center","background-size":"auto","background-attachment":"scroll","background-type":"","background-media":"","overlay-type":"","overlay-color":"","overlay-opacity":"","overlay-gradient":""},"mobile":{"background-color":"","background-image":"","background-repeat":"repeat","background-position":"center center","background-size":"auto","background-attachment":"scroll","background-type":"","background-media":"","overlay-type":"","overlay-color":"","overlay-opacity":"","overlay-gradient":""}},"ast-content-background-meta":{"desktop":{"background-color":"var(--ast-global-color-5)","background-image":"","background-repeat":"repeat","background-position":"center center","background-size":"auto","background-attachment":"scroll","background-type":"","background-media":"","overlay-type":"","overlay-color":"","overlay-opacity":"","overlay-gradient":""},"tablet":{"background-color":"var(--ast-global-color-5)","background-image":"","background-repeat":"repeat","background-position":"center center","background-size":"auto","background-attachment":"scroll","background-type":"","background-media":"","overlay-type":"","overlay-color":"","overlay-opacity":"","overlay-gradient":""},"mobile":{"background-color":"var(--ast-global-color-5)","background-image":"","background-repeat":"repeat","background-position":"center center","background-size":"auto","background-attachment":"scroll","background-type":"","background-media":"","overlay-type":"","overlay-color":"","overlay-opacity":"","overlay-gradient":""}},"footnotes":""},"class_list":["post-146325","page","type-page","status-publish","has-post-thumbnail","hentry"],"_links":{"self":[{"href":"https:\/\/medclinics.com\/tr\/wp-json\/wp\/v2\/pages\/146325","targetHints":{"allow":["GET"]}}],"collection":[{"href":"https:\/\/medclinics.com\/tr\/wp-json\/wp\/v2\/pages"}],"about":[{"href":"https:\/\/medclinics.com\/tr\/wp-json\/wp\/v2\/types\/page"}],"author":[{"embeddable":true,"href":"https:\/\/medclinics.com\/tr\/wp-json\/wp\/v2\/users\/4"}],"replies":[{"embeddable":true,"href":"https:\/\/medclinics.com\/tr\/wp-json\/wp\/v2\/comments?post=146325"}],"version-history":[{"count":0,"href":"https:\/\/medclinics.com\/tr\/wp-json\/wp\/v2\/pages\/146325\/revisions"}],"wp:featuredmedia":[{"embeddable":true,"href":"https:\/\/medclinics.com\/tr\/wp-json\/wp\/v2\/media\/92685"}],"wp:attachment":[{"href":"https:\/\/medclinics.com\/tr\/wp-json\/wp\/v2\/media?parent=146325"}],"curies":[{"name":"wp","href":"https:\/\/api.w.org\/{rel}","templated":true}]}}