{"id":146313,"date":"2023-05-23T12:01:33","date_gmt":"2023-05-23T09:01:33","guid":{"rendered":"https:\/\/medclinics.com\/selulit-mezoterapisi\/"},"modified":"2024-04-04T19:27:33","modified_gmt":"2024-04-04T16:27:33","slug":"selulit-mezoterapisi","status":"publish","type":"page","link":"https:\/\/medclinics.com\/tr\/selulit-mezoterapisi\/","title":{"rendered":"Sel\u00fclit Mezoterapisi"},"content":{"rendered":"\n<h2 class=\"wp-block-heading\">Kal\u00e7alar\u0131n\u0131zdaki, basenlerinizdeki veya karn\u0131n\u0131zdaki sel\u00fclit g\u00f6r\u00fcn\u00fcm\u00fc konusunda kendinizi bilin\u00e7li hissetmekten s\u0131k\u0131ld\u0131n\u0131z m\u0131? Sel\u00fclit Mezoterapisi, \u00e7ukurlu ve p\u00fct\u00fcrl\u00fc g\u00f6r\u00fcn\u00fcm\u00fcn\u00fc azaltmak i\u00e7in ihtiyac\u0131n\u0131z olan \u015fey olabilir.<\/h2>\n\n<p><a href=\"https:\/\/en.wikipedia.org\/wiki\/Mesotherapy\" target=\"_blank\" rel=\"noreferrer noopener\">Mezoterapi<\/a> ad\u0131 verilen bu kozmetik prosed\u00fcr, etkilenen b\u00f6lgelere ila\u00e7lar, vitaminler, enzimler ve bitkisel \u00f6zlerden olu\u015fan bir kombinasyonun enjekte edilmesini i\u00e7erir.<\/p>\n\n<p>Bizim gibi sa\u011fl\u0131k uzmanlar\u0131 taraf\u0131ndan y\u00f6netilen tedavi seanslar\u0131 s\u0131ras\u0131nda bu maddelerle deri alt\u0131 ya\u011f tabakalar\u0131n\u0131 hedefleyerek; bu b\u00f6lgelerdeki dola\u015f\u0131m\u0131 iyile\u015ftirirken istenmeyen ya\u011flar\u0131n par\u00e7alanmas\u0131na yard\u0131mc\u0131 olabiliriz. Ek olarak, kolajen \u00fcretimini te\u015fvik etmek, \u00e7irkin sel\u00fclit g\u00f6r\u00fcn\u00fcm\u00fcnde genel bir azalmaya yol a\u00e7ar!<\/p>\n\n<p>Baz\u0131 t\u0131p uzmanlar\u0131, b\u00fcy\u00fck \u00f6l\u00e7\u00fcde bu y\u00f6ntemi destekleyen s\u0131n\u0131rl\u0131 bilimsel kan\u0131t olmas\u0131 nedeniyle bu y\u00f6ntem i\u00e7in yap\u0131lan etkinlik iddialar\u0131n\u0131 tart\u0131\u015f\u0131rken, bir\u00e7ok memnun m\u00fc\u015fteri klini\u011fimizde bu t\u00fcr tedavilerden ge\u00e7irdikleri deneyimlerden olumlu sonu\u00e7lar elde ettiklerini bildirmi\u015ftir!  <\/p>\n\n<p>Bununla birlikte, herhangi bir kursu d\u00fc\u015f\u00fcnmeden \u00f6nce, enfeksiyonlar morarma alerjik reaksiyonlar vb. dahil olmak \u00fczere potansiyel riskler s\u00f6z konusu oldu\u011fundan, ki\u015finin kendisine gereksiz zarar vermeden istenen sonu\u00e7lar\u0131 g\u00fcvenli bir \u015fekilde elde etmek i\u00e7in mevcut se\u00e7enekleri tartarken her zaman ciddiye al\u0131nmas\u0131 gereken nitelikli profesyonel rehberli\u011fe ba\u015fvuruldu\u011fundan emin olun.<\/p>\n\n<h3 class=\"wp-block-heading\">Fiyat, bak\u0131m sonras\u0131 ve iyile\u015fme s\u00fcreci dahil olmak \u00fczere <a href=\"https:\/\/medclinics.com\/tr\/guzellik\/\" target=\"_blank\" rel=\"noreferrer noopener\">g\u00fczellik tedavisi<\/a> hakk\u0131nda bilmeniz gereken her \u015fey veya <a href=\"#requestform\">bizimle ileti\u015fime<\/a> ge\u00e7in!<\/h3>\n\n<h2 class=\"wp-block-heading\">SSS <\/h2>\n<div id=\"rank-math-faq\" class=\"rank-math-block\">\n<div class=\"rank-math-list \">\n<div id=\"faq-question-1684842610900\" class=\"rank-math-list-item\">\n<h3 class=\"rank-math-question \">Mezoterapi sel\u00fclit \u00fczerinde i\u015fe yarar m\u0131?<\/h3>\n<div class=\"rank-math-answer \">\n\n<p>Mezoterapi, \u00e7e\u015fitli durumlar\u0131 tedavi etmek i\u00e7in cildin orta tabakas\u0131na (mezoderm) vitaminler, mineraller ve ila\u00e7lar gibi \u00e7e\u015fitli maddelerin az miktarda enjekte edilmesini i\u00e7eren t\u0131bbi bir tekniktir. Mezoterapi, cilt gen\u00e7le\u015ftirme ve lokalize ya\u011f azaltma gibi farkl\u0131 ama\u00e7lar i\u00e7in kullan\u0131l\u0131rken, sel\u00fclit tedavisindeki etkinli\u011fi tart\u0131\u015fma konusudur. Sel\u00fclit, genellikle uyluklarda, kal\u00e7alarda ve basenlerde olmak \u00fczere cildin \u00e7ukurlu veya p\u00fct\u00fcrl\u00fc g\u00f6r\u00fcn\u00fcm\u00fcn\u00fc ifade eder. Altta yatan ya\u011f birikintileri cildin alt\u0131ndaki ba\u011f dokusunu itti\u011finde ortaya \u00e7\u0131kar. Mezoterapi savunucular\u0131, maddelerin do\u011frudan etkilenen b\u00f6lgelere enjekte edilmesinin ya\u011f\u0131n par\u00e7alanmas\u0131na, dola\u015f\u0131m\u0131n iyile\u015ftirilmesine ve sel\u00fclit g\u00f6r\u00fcn\u00fcm\u00fcn\u00fcn azalt\u0131lmas\u0131na yard\u0131mc\u0131 olabilece\u011fini iddia etmektedir.<\/p>\n\n<\/div>\n<\/div>\n<div id=\"faq-question-1684842835084\" class=\"rank-math-list-item\">\n<h3 class=\"rank-math-question \">Sel\u00fclit mezoterapisi ka\u00e7 seans uygulan\u0131r?<\/h3>\n<div class=\"rank-math-answer \">\n\n<p>Sel\u00fclitemezoterapi tedavisinin say\u0131s\u0131, sel\u00fclitin \u015fiddeti, tedaviye verilen bireysel yan\u0131t ve uygulay\u0131c\u0131 taraf\u0131ndan kullan\u0131lan \u00f6zel protokol dahil olmak \u00fczere \u00e7e\u015fitli fakt\u00f6rlere ba\u011fl\u0131 olarak de\u011fi\u015febilir. Tipik olarak, sel\u00fclit i\u00e7in bir mezoterapi k\u00fcr\u00fc birka\u00e7 hafta veya aya yay\u0131lm\u0131\u015f birden fazla seans i\u00e7erebilir.<\/p>\n\n<\/div>\n<\/div>\n<div id=\"faq-question-1684842890432\" class=\"rank-math-list-item\">\n<h3 class=\"rank-math-question \">Sel\u00fclit mezoterapisi tedavi teknikleri nelerdir?<\/h3>\n<div class=\"rank-math-answer \">\n\n<p>Sel\u00fclit mezoterapisi tedavi teknikleri, sel\u00fcliti hedef almak i\u00e7in az miktarda \u00e7e\u015fitli maddelerin do\u011frudan etkilenen b\u00f6lgelere enjekte edilmesini i\u00e7erir. Sel\u00fclit mezoterapisi i\u00e7in kullan\u0131lan spesifik teknikler, uygulay\u0131c\u0131ya ve yakla\u015f\u0131mlar\u0131na ba\u011fl\u0131 olarak de\u011fi\u015febilir. \u0130\u015fte sel\u00fclit mezoterapisinde kullan\u0131lan birka\u00e7 yayg\u0131n teknik:<br \/>\u00c7oklu enjeksiyon tekni\u011fi: Bu teknik, mezoterapi sol\u00fcsyonunun subkutan dokuya birden fazla enjeksiyonunu i\u00e7erir. Enjeksiyonlar tipik olarak \u00f6zel bir mezoterapi tabancas\u0131 veya manuel enjeksiyon tekni\u011fi kullan\u0131larak uygulan\u0131r.<br \/>Nappage tekni\u011fi: Nappage tekni\u011fi, mezoterapi sol\u00fcsyonunun etkilenen b\u00f6lge boyunca bir dizi k\u00fc\u00e7\u00fck, y\u00fczeysel enjeksiyon kullan\u0131larak enjekte edilmesini i\u00e7erir. Sol\u00fcsyonun e\u015fit da\u011f\u0131l\u0131m\u0131n\u0131 sa\u011flamak i\u00e7in enjeksiyonlar birbirine yak\u0131n aral\u0131klarla yap\u0131l\u0131r.<br \/>Noktadan noktaya teknik: Bu teknikte mezoterapi sol\u00fcsyonu do\u011frudan sel\u00fclitten etkilenen b\u00f6lgedeki belirli noktalara veya hedef alanlara enjekte edilir. Bu noktalar genellikle sel\u00fclit \u00e7ukurlar\u0131n\u0131n yeri ve \u015fiddetine g\u00f6re belirlenir.<br \/>Mezogun tekni\u011fi: Baz\u0131 uygulay\u0131c\u0131lar, enjeksiyon i\u015flemini otomatikle\u015ftiren bir cihaz olan mezogun kullanmaktad\u0131r. Mezogun, mezoterapi sol\u00fcsyonunu bir dizi h\u0131zl\u0131, hassas enjeksiyon yoluyla ileterek tutarl\u0131 bir uygulama sa\u011flar ve rahats\u0131zl\u0131\u011f\u0131 azalt\u0131r.<\/p>\n\n<\/div>\n<\/div>\n<\/div>\n<\/div>\n<p><\/p>\n\n<h3 class=\"wp-block-heading\">Herhangi bir sorunuz olmas\u0131 durumunda hemen bizimle ileti\u015fime ge\u00e7in!<\/h3>\n","protected":false},"excerpt":{"rendered":"<p>Kal\u00e7alar\u0131n\u0131zdaki, basenlerinizdeki veya karn\u0131n\u0131zdaki sel\u00fclit g\u00f6r\u00fcn\u00fcm\u00fc konusunda kendinizi bilin\u00e7li hissetmekten s\u0131k\u0131ld\u0131n\u0131z m\u0131? Sel\u00fclit Mezoterapisi, \u00e7ukurlu ve p\u00fct\u00fcrl\u00fc g\u00f6r\u00fcn\u00fcm\u00fcn\u00fc azaltmak i\u00e7in [&hellip;]<\/p>\n","protected":false},"author":4,"featured_media":92607,"parent":0,"menu_order":0,"comment_status":"closed","ping_status":"closed","template":"","meta":{"site-sidebar-layout":"default","site-content-layout":"","ast-site-content-layout":"default","site-content-style":"default","site-sidebar-style":"default","ast-global-header-display":"","ast-banner-title-visibility":"","ast-main-header-display":"","ast-hfb-above-header-display":"","ast-hfb-below-header-display":"","ast-hfb-mobile-header-display":"","site-post-title":"","ast-breadcrumbs-content":"","ast-featured-img":"","footer-sml-layout":"","ast-disable-related-posts":"","theme-transparent-header-meta":"","adv-header-id-meta":"","stick-header-meta":"","header-above-stick-meta":"","header-main-stick-meta":"","header-below-stick-meta":"","astra-migrate-meta-layouts":"default","ast-page-background-enabled":"default","ast-page-background-meta":{"desktop":{"background-color":"var(--ast-global-color-4)","background-image":"","background-repeat":"repeat","background-position":"center center","background-size":"auto","background-attachment":"scroll","background-type":"","background-media":"","overlay-type":"","overlay-color":"","overlay-opacity":"","overlay-gradient":""},"tablet":{"background-color":"","background-image":"","background-repeat":"repeat","background-position":"center center","background-size":"auto","background-attachment":"scroll","background-type":"","background-media":"","overlay-type":"","overlay-color":"","overlay-opacity":"","overlay-gradient":""},"mobile":{"background-color":"","background-image":"","background-repeat":"repeat","background-position":"center center","background-size":"auto","background-attachment":"scroll","background-type":"","background-media":"","overlay-type":"","overlay-color":"","overlay-opacity":"","overlay-gradient":""}},"ast-content-background-meta":{"desktop":{"background-color":"var(--ast-global-color-5)","background-image":"","background-repeat":"repeat","background-position":"center center","background-size":"auto","background-attachment":"scroll","background-type":"","background-media":"","overlay-type":"","overlay-color":"","overlay-opacity":"","overlay-gradient":""},"tablet":{"background-color":"var(--ast-global-color-5)","background-image":"","background-repeat":"repeat","background-position":"center center","background-size":"auto","background-attachment":"scroll","background-type":"","background-media":"","overlay-type":"","overlay-color":"","overlay-opacity":"","overlay-gradient":""},"mobile":{"background-color":"var(--ast-global-color-5)","background-image":"","background-repeat":"repeat","background-position":"center center","background-size":"auto","background-attachment":"scroll","background-type":"","background-media":"","overlay-type":"","overlay-color":"","overlay-opacity":"","overlay-gradient":""}},"footnotes":""},"class_list":["post-146313","page","type-page","status-publish","has-post-thumbnail","hentry"],"_links":{"self":[{"href":"https:\/\/medclinics.com\/tr\/wp-json\/wp\/v2\/pages\/146313","targetHints":{"allow":["GET"]}}],"collection":[{"href":"https:\/\/medclinics.com\/tr\/wp-json\/wp\/v2\/pages"}],"about":[{"href":"https:\/\/medclinics.com\/tr\/wp-json\/wp\/v2\/types\/page"}],"author":[{"embeddable":true,"href":"https:\/\/medclinics.com\/tr\/wp-json\/wp\/v2\/users\/4"}],"replies":[{"embeddable":true,"href":"https:\/\/medclinics.com\/tr\/wp-json\/wp\/v2\/comments?post=146313"}],"version-history":[{"count":0,"href":"https:\/\/medclinics.com\/tr\/wp-json\/wp\/v2\/pages\/146313\/revisions"}],"wp:featuredmedia":[{"embeddable":true,"href":"https:\/\/medclinics.com\/tr\/wp-json\/wp\/v2\/media\/92607"}],"wp:attachment":[{"href":"https:\/\/medclinics.com\/tr\/wp-json\/wp\/v2\/media?parent=146313"}],"curies":[{"name":"wp","href":"https:\/\/api.w.org\/{rel}","templated":true}]}}