{"id":146299,"date":"2023-05-23T11:43:22","date_gmt":"2023-05-23T11:43:22","guid":{"rendered":"https:\/\/medclinics.com\/akne-mezoterapisi\/"},"modified":"2024-04-04T19:27:39","modified_gmt":"2024-04-04T16:27:39","slug":"akne-mezoterapisi","status":"publish","type":"page","link":"https:\/\/medclinics.com\/tr\/akne-mezoterapisi\/","title":{"rendered":"Akne Mezoterapisi"},"content":{"rendered":"\n<h2 class=\"wp-block-heading\">Bug\u00fcn Akne Mezoterapisi tedavisi ile inat\u00e7\u0131 lekelere sonsuza kadar elveda deyin!<\/h2>\n\n<p>Akne mezoterapisi, akneyi etkili bir \u015fekilde tedavi etmek amac\u0131yla mezoterapinin g\u00fcc\u00fcn\u00fc birle\u015ftiren devrim niteli\u011finde bir kozmetik prosed\u00fcrd\u00fcr. Bu teknik, cildinizin mezodermal tabakas\u0131 olarak bilinen orta tabakas\u0131na az miktarda \u00e7e\u015fitli maddelerin enjekte edilmesini gerektirir. Bu bile\u015fenler temel vitamin ve mineralleri, amino asitleri, bitki \u00f6zlerini veya ila\u00e7lar\u0131 i\u00e7erebilir.<\/p>\n\n<p>Bu tedavide kullan\u0131lan spesifik bile\u015fenler, bireysel gereksinimlere ve uygulay\u0131c\u0131 tercihlerine ba\u011fl\u0131 olarak de\u011fi\u015fir. Enjeksiyonlar, optimum sonu\u00e7lar i\u00e7in y\u00fcz\u00fcn\u00fcz gibi <a href=\"https:\/\/en.wikipedia.org\/wiki\/Acne\" target=\"_blank\" rel=\"noreferrer noopener\">akne<\/a> lezyonlar\u0131ndan etkilenen b\u00f6lgelere do\u011frudan uygulan\u0131r.<\/p>\n\n<p>Hedeflenen bile\u015fenleri do\u011frudan en \u00e7ok ihtiya\u00e7 duyulan yere &#8211; cildinizin katmanlar\u0131n\u0131n derinliklerine &#8211; ileterek, sinir bozucu sivilcelerin neden oldu\u011fu iltihab\u0131 azalt\u0131rken gen\u00e7le\u015fmeyi destekleyebilirsiniz! Bu yenilik\u00e7i y\u00f6ntem sayesinde akneye neden olan fakt\u00f6rlerle de m\u00fccadele edilecek!<\/p>\n\n<h3 class=\"wp-block-heading\">Fiyat ve daha fazlas\u0131 dahil olmak \u00fczere <a href=\"https:\/\/medclinics.com\/tr\/guzellik\/\" target=\"_blank\" rel=\"noreferrer noopener\">g\u00fczellik bak\u0131mlar\u0131<\/a> hakk\u0131nda bilmeniz gereken her \u015fey veya <a href=\"#requestform\">bizimle ileti\u015fime<\/a> ge\u00e7in!<\/h3>\n\n<h2 class=\"wp-block-heading\">SSS <\/h2>\n<div id=\"rank-math-faq\" class=\"rank-math-block\">\n<div class=\"rank-math-list \">\n<div id=\"faq-question-1684841914568\" class=\"rank-math-list-item\">\n<h3 class=\"rank-math-question \">Mezoterapi akneye iyi gelir mi?<\/h3>\n<div class=\"rank-math-answer \">\n\n<p>Akne tipik olarak ila\u00e7lar ve ya\u015fam tarz\u0131 de\u011fi\u015fiklikleri gibi yakla\u015f\u0131mlar\u0131n bir kombinasyonunu gerektirir. Kan\u0131ta dayal\u0131 tedaviler i\u00e7in bir dermatolo\u011fa dan\u0131\u015fmak en iyisidir.<\/p>\n\n<\/div>\n<\/div>\n<div id=\"faq-question-1684841997742\" class=\"rank-math-list-item\">\n<h3 class=\"rank-math-question \">Mezoterapi akneye neden olabilir mi?<\/h3>\n<div class=\"rank-math-answer \">\n\n<p>Mezoterapi genellikle g\u00fcvenli kabul edilse de, baz\u0131 ki\u015filerde akneye neden olma riski vard\u0131r. Mezoterapi cilde madde enjekte edilmesini i\u00e7erir ve kullan\u0131lan spesifik maddelere ba\u011fl\u0131 olarak akne patlamalar\u0131n\u0131 tetikleme veya \u015fiddetlendirme olas\u0131l\u0131\u011f\u0131 vard\u0131r. Baz\u0131 mezoterapi sol\u00fcsyonlar\u0131 g\u00f6zenekleri t\u0131kayabilecek ve akne geli\u015fimine katk\u0131da bulunabilecek ya\u011flar, kat\u0131 ya\u011flar veya ba\u015fka maddeler i\u00e7erebilir. Ek olarak, enjeksiyonlar\u0131n kendisi ge\u00e7ici tahri\u015fe veya iltihaplanmaya neden olabilir ve bu da baz\u0131 durumlarda akne lezyonlar\u0131n\u0131n olu\u015fmas\u0131na yol a\u00e7abilir.<\/p>\n\n<\/div>\n<\/div>\n<div id=\"faq-question-1684842119467\" class=\"rank-math-list-item\">\n<h3 class=\"rank-math-question \">Akne mezoterapisi g\u00fcvenli midir?<\/h3>\n<div class=\"rank-math-answer \">\n\n<p>Genel olarak, akne mezoterapisi nitelikli ve deneyimli bir sa\u011fl\u0131k uzman\u0131 taraf\u0131ndan uyguland\u0131\u011f\u0131nda nispeten g\u00fcvenli bir prosed\u00fcr olarak kabul edilir. Bununla birlikte, mezoterapinin akne tedavisi i\u00e7in g\u00fcvenlik ve etkinli\u011finin kapsaml\u0131 bir \u015fekilde incelenmedi\u011fini veya d\u00fczenleyici kurumlar taraf\u0131ndan onaylanmad\u0131\u011f\u0131n\u0131 belirtmek \u00f6nemlidir.<\/p>\n\n<\/div>\n<\/div>\n<\/div>\n<\/div>\n<p><\/p>\n\n<h3 class=\"wp-block-heading\">Herhangi bir sorunuz olmas\u0131 durumunda hemen bizimle ileti\u015fime ge\u00e7in!<\/h3>\n","protected":false},"excerpt":{"rendered":"<p>Bug\u00fcn Akne Mezoterapisi tedavisi ile inat\u00e7\u0131 lekelere sonsuza kadar elveda deyin! Akne mezoterapisi, akneyi etkili bir \u015fekilde tedavi etmek amac\u0131yla [&hellip;]<\/p>\n","protected":false},"author":4,"featured_media":92585,"parent":0,"menu_order":0,"comment_status":"closed","ping_status":"closed","template":"","meta":{"site-sidebar-layout":"default","site-content-layout":"","ast-site-content-layout":"default","site-content-style":"default","site-sidebar-style":"default","ast-global-header-display":"","ast-banner-title-visibility":"","ast-main-header-display":"","ast-hfb-above-header-display":"","ast-hfb-below-header-display":"","ast-hfb-mobile-header-display":"","site-post-title":"","ast-breadcrumbs-content":"","ast-featured-img":"","footer-sml-layout":"","ast-disable-related-posts":"","theme-transparent-header-meta":"","adv-header-id-meta":"","stick-header-meta":"","header-above-stick-meta":"","header-main-stick-meta":"","header-below-stick-meta":"","astra-migrate-meta-layouts":"default","ast-page-background-enabled":"default","ast-page-background-meta":{"desktop":{"background-color":"var(--ast-global-color-4)","background-image":"","background-repeat":"repeat","background-position":"center center","background-size":"auto","background-attachment":"scroll","background-type":"","background-media":"","overlay-type":"","overlay-color":"","overlay-opacity":"","overlay-gradient":""},"tablet":{"background-color":"","background-image":"","background-repeat":"repeat","background-position":"center center","background-size":"auto","background-attachment":"scroll","background-type":"","background-media":"","overlay-type":"","overlay-color":"","overlay-opacity":"","overlay-gradient":""},"mobile":{"background-color":"","background-image":"","background-repeat":"repeat","background-position":"center center","background-size":"auto","background-attachment":"scroll","background-type":"","background-media":"","overlay-type":"","overlay-color":"","overlay-opacity":"","overlay-gradient":""}},"ast-content-background-meta":{"desktop":{"background-color":"var(--ast-global-color-5)","background-image":"","background-repeat":"repeat","background-position":"center center","background-size":"auto","background-attachment":"scroll","background-type":"","background-media":"","overlay-type":"","overlay-color":"","overlay-opacity":"","overlay-gradient":""},"tablet":{"background-color":"var(--ast-global-color-5)","background-image":"","background-repeat":"repeat","background-position":"center center","background-size":"auto","background-attachment":"scroll","background-type":"","background-media":"","overlay-type":"","overlay-color":"","overlay-opacity":"","overlay-gradient":""},"mobile":{"background-color":"var(--ast-global-color-5)","background-image":"","background-repeat":"repeat","background-position":"center center","background-size":"auto","background-attachment":"scroll","background-type":"","background-media":"","overlay-type":"","overlay-color":"","overlay-opacity":"","overlay-gradient":""}},"footnotes":""},"class_list":["post-146299","page","type-page","status-publish","has-post-thumbnail","hentry"],"_links":{"self":[{"href":"https:\/\/medclinics.com\/tr\/wp-json\/wp\/v2\/pages\/146299","targetHints":{"allow":["GET"]}}],"collection":[{"href":"https:\/\/medclinics.com\/tr\/wp-json\/wp\/v2\/pages"}],"about":[{"href":"https:\/\/medclinics.com\/tr\/wp-json\/wp\/v2\/types\/page"}],"author":[{"embeddable":true,"href":"https:\/\/medclinics.com\/tr\/wp-json\/wp\/v2\/users\/4"}],"replies":[{"embeddable":true,"href":"https:\/\/medclinics.com\/tr\/wp-json\/wp\/v2\/comments?post=146299"}],"version-history":[{"count":0,"href":"https:\/\/medclinics.com\/tr\/wp-json\/wp\/v2\/pages\/146299\/revisions"}],"wp:featuredmedia":[{"embeddable":true,"href":"https:\/\/medclinics.com\/tr\/wp-json\/wp\/v2\/media\/92585"}],"wp:attachment":[{"href":"https:\/\/medclinics.com\/tr\/wp-json\/wp\/v2\/media?parent=146299"}],"curies":[{"name":"wp","href":"https:\/\/api.w.org\/{rel}","templated":true}]}}