{"id":146285,"date":"2023-03-18T11:25:00","date_gmt":"2023-03-18T08:25:00","guid":{"rendered":"https:\/\/medclinics.com\/vajina-daraltma-ameliyati\/"},"modified":"2024-07-15T16:13:36","modified_gmt":"2024-07-15T13:13:36","slug":"vajina-daraltma-ameliyati","status":"publish","type":"page","link":"https:\/\/medclinics.com\/tr\/vajina-daraltma-ameliyati\/","title":{"rendered":"Vajina Daraltma (Vajinoplasti)"},"content":{"rendered":"\n<h2 class=\"wp-block-heading\">Do\u011fum, ya\u015flanma veya di\u011fer fakt\u00f6rler nedeniyle vajina esteti\u011fi mi ar\u0131yorsunuz? E\u011fer \u00f6yleyse, vajina s\u0131k\u0131la\u015ft\u0131rma i\u00e7in mevcut se\u00e7enekler vard\u0131r: Vajinoplasti.<\/h2>\n\n<p><a href=\"https:\/\/en.wikipedia.org\/wiki\/Vaginoplasty\" target=\"_blank\" rel=\"noreferrer noopener\">Vajinoplasti<\/a> gibi vajinal s\u0131k\u0131la\u015ft\u0131rma prosed\u00fcrleri, fazla dokuyu \u00e7\u0131kararak ve kalan dokular\u0131 birbirine dikerek daha s\u0131k\u0131 bir a\u00e7\u0131kl\u0131k ve kanalla sonu\u00e7lanarak vajinan\u0131z\u0131 yeniden yap\u0131land\u0131rabilir. Bu cerrahi prosed\u00fcr genel anestezi alt\u0131nda ger\u00e7ekle\u015ftirilir ve iyile\u015fme s\u00fcresi birka\u00e7 haftad\u0131r.<\/p>\n\n<p>Ameliyat sizin i\u00e7in bir se\u00e7enek de\u011filse, lazer tedavisi veya radyofrekans gibi cerrahi olmayan tedaviler daha uygun alternatifler olabilir. Lazer teknolojisi, fraksiyonel CO2 lazerler arac\u0131l\u0131\u011f\u0131yla kolajen \u00fcretimini uyar\u0131r. Vajinan\u0131z\u0131n duvarlar\u0131n\u0131 s\u0131k\u0131la\u015ft\u0131r\u0131r ve herhangi bir kesinti olmadan yenilenmeyi destekler! Radyofrekans tedavisi, kolajen b\u00fcy\u00fcmesini uyar\u0131rken dokuyu yeniden \u015fekillendiren kontroll\u00fc \u0131s\u0131 kullan\u0131r. Bu, gev\u015fek kaslar\u0131 s\u0131k\u0131la\u015ft\u0131rmak i\u00e7in ba\u015fka bir etkili \u00e7\u00f6z\u00fcm sa\u011flar!<\/p>\n\n<p>Bu sorunun art\u0131k \u00f6zg\u00fcveninizi etkilemesine izin vermeyin. Hayat\u0131n\u0131z\u0131 de\u011fi\u015ftirecek bu \u00e7\u00f6z\u00fcmlerle optimum sa\u011fl\u0131\u011fa kavu\u015fmak i\u00e7in bug\u00fcn harekete ge\u00e7in!<\/p>\n\n<h3 class=\"wp-block-heading\">Fiyat ve daha fazlas\u0131 dahil olmak \u00fczere <a href=\"https:\/\/medclinics.com\/tr\/genital-estetik\/\" target=\"_blank\" rel=\"noreferrer noopener\">genital estetik<\/a> hakk\u0131nda bilmeniz gereken her \u015fey veya <a href=\"#requestform\">bizimle ileti\u015fime<\/a> ge\u00e7in!<\/h3>\n\n<h2 class=\"wp-block-heading\">SSS<\/h2>\n<div id=\"rank-math-faq\" class=\"rank-math-block\">\n<div class=\"rank-math-list \">\n<div id=\"faq-question-1684841003905\" class=\"rank-math-list-item\">\n<h3 class=\"rank-math-question \">Vajinoplasti nedir?<\/h3>\n<div class=\"rank-math-answer \">\n\n<p>Vajinoplasti, vajinan\u0131n yeniden yap\u0131land\u0131r\u0131lmas\u0131n\u0131 veya yeniden \u015fekillendirilmesini i\u00e7eren cerrahi bir prosed\u00fcrd\u00fcr. Genellikle t\u0131bbi veya cinsiyet onaylama nedenleriyle yap\u0131l\u0131r.<\/p>\n\n<\/div>\n<\/div>\n<div id=\"faq-question-1684841027721\" class=\"rank-math-list-item\">\n<h3 class=\"rank-math-question \">Yayg\u0131n vajinoplasti t\u00fcrleri nelerdir?<\/h3>\n<div class=\"rank-math-answer \">\n\n<p>\u0130ki yayg\u0131n prosed\u00fcr t\u00fcr\u00fcn\u00fc kapsar: cinsiyet do\u011frulay\u0131c\u0131 vajinoplasti ve vajinal rekonstr\u00fcksiyon. Cinsiyet do\u011frulay\u0131c\u0131 vajinoplasti, transseks\u00fcel kad\u0131nlar i\u00e7in cinsiyet do\u011frulama ameliyat\u0131n\u0131n bir par\u00e7as\u0131 olarak ger\u00e7ekle\u015ftirilir ve cinsiyet kimlikleriyle uyumlu bir neovajina olu\u015fturulmas\u0131n\u0131 i\u00e7erir. Prosed\u00fcr tipik olarak testislerin \u00e7\u0131kar\u0131lmas\u0131n\u0131, penis derisinin vajinal bir kanala yeniden \u015fekillendirilmesini ve bir klitoral ba\u015fl\u0131k olu\u015fturulmas\u0131n\u0131 i\u00e7erir. \u00d6te yandan, vajinal rekonstr\u00fcksiyon, genellikle travma, kanser ameliyat\u0131 veya do\u011fu\u015ftan anormallikler gibi t\u0131bbi nedenlerle yap\u0131lan i\u015flevsel bir vajinay\u0131 restore etmeyi veya olu\u015fturmay\u0131 ama\u00e7lamaktad\u0131r. Bu prosed\u00fcr, hastan\u0131n kendi v\u00fccudundan veya bir don\u00f6r kayna\u011f\u0131ndan al\u0131nan doku greftleri kullan\u0131larak bir vajinal kanal olu\u015fturulmas\u0131n\u0131 i\u00e7erir. Her iki t\u00fcr de plastik ve rekonstr\u00fcktif cerrahide uzmanl\u0131k gerektiren karma\u015f\u0131k ameliyatlard\u0131r. Potansiyel riskleri, faydalar\u0131 ve sonu\u00e7lar\u0131 kapsaml\u0131 bir \u015fekilde tart\u0131\u015fmak i\u00e7in uzman bir cerraha dan\u0131\u015fmak \u00e7ok \u00f6nemlidir.<\/p>\n\n<\/div>\n<\/div>\n<\/div>\n<\/div>\n<p>\u00a0<\/p>\n\n<h3 class=\"wp-block-heading\">Herhangi bir sorunuz olmas\u0131 durumunda hemen bizimle ileti\u015fime ge\u00e7in!<\/h3>\n","protected":false},"excerpt":{"rendered":"<p>Do\u011fum, ya\u015flanma veya di\u011fer fakt\u00f6rler nedeniyle vajina esteti\u011fi mi ar\u0131yorsunuz? E\u011fer \u00f6yleyse, vajina s\u0131k\u0131la\u015ft\u0131rma i\u00e7in mevcut se\u00e7enekler vard\u0131r: Vajinoplasti. Vajinoplasti [&hellip;]<\/p>\n","protected":false},"author":4,"featured_media":91499,"parent":0,"menu_order":0,"comment_status":"closed","ping_status":"closed","template":"","meta":{"site-sidebar-layout":"default","site-content-layout":"","ast-site-content-layout":"default","site-content-style":"default","site-sidebar-style":"default","ast-global-header-display":"","ast-banner-title-visibility":"","ast-main-header-display":"","ast-hfb-above-header-display":"","ast-hfb-below-header-display":"","ast-hfb-mobile-header-display":"","site-post-title":"","ast-breadcrumbs-content":"","ast-featured-img":"","footer-sml-layout":"","ast-disable-related-posts":"","theme-transparent-header-meta":"","adv-header-id-meta":"","stick-header-meta":"","header-above-stick-meta":"","header-main-stick-meta":"","header-below-stick-meta":"","astra-migrate-meta-layouts":"default","ast-page-background-enabled":"default","ast-page-background-meta":{"desktop":{"background-color":"var(--ast-global-color-4)","background-image":"","background-repeat":"repeat","background-position":"center center","background-size":"auto","background-attachment":"scroll","background-type":"","background-media":"","overlay-type":"","overlay-color":"","overlay-opacity":"","overlay-gradient":""},"tablet":{"background-color":"","background-image":"","background-repeat":"repeat","background-position":"center center","background-size":"auto","background-attachment":"scroll","background-type":"","background-media":"","overlay-type":"","overlay-color":"","overlay-opacity":"","overlay-gradient":""},"mobile":{"background-color":"","background-image":"","background-repeat":"repeat","background-position":"center center","background-size":"auto","background-attachment":"scroll","background-type":"","background-media":"","overlay-type":"","overlay-color":"","overlay-opacity":"","overlay-gradient":""}},"ast-content-background-meta":{"desktop":{"background-color":"var(--ast-global-color-5)","background-image":"","background-repeat":"repeat","background-position":"center center","background-size":"auto","background-attachment":"scroll","background-type":"","background-media":"","overlay-type":"","overlay-color":"","overlay-opacity":"","overlay-gradient":""},"tablet":{"background-color":"var(--ast-global-color-5)","background-image":"","background-repeat":"repeat","background-position":"center center","background-size":"auto","background-attachment":"scroll","background-type":"","background-media":"","overlay-type":"","overlay-color":"","overlay-opacity":"","overlay-gradient":""},"mobile":{"background-color":"var(--ast-global-color-5)","background-image":"","background-repeat":"repeat","background-position":"center center","background-size":"auto","background-attachment":"scroll","background-type":"","background-media":"","overlay-type":"","overlay-color":"","overlay-opacity":"","overlay-gradient":""}},"footnotes":""},"class_list":["post-146285","page","type-page","status-publish","has-post-thumbnail","hentry"],"_links":{"self":[{"href":"https:\/\/medclinics.com\/tr\/wp-json\/wp\/v2\/pages\/146285","targetHints":{"allow":["GET"]}}],"collection":[{"href":"https:\/\/medclinics.com\/tr\/wp-json\/wp\/v2\/pages"}],"about":[{"href":"https:\/\/medclinics.com\/tr\/wp-json\/wp\/v2\/types\/page"}],"author":[{"embeddable":true,"href":"https:\/\/medclinics.com\/tr\/wp-json\/wp\/v2\/users\/4"}],"replies":[{"embeddable":true,"href":"https:\/\/medclinics.com\/tr\/wp-json\/wp\/v2\/comments?post=146285"}],"version-history":[{"count":0,"href":"https:\/\/medclinics.com\/tr\/wp-json\/wp\/v2\/pages\/146285\/revisions"}],"wp:featuredmedia":[{"embeddable":true,"href":"https:\/\/medclinics.com\/tr\/wp-json\/wp\/v2\/media\/91499"}],"wp:attachment":[{"href":"https:\/\/medclinics.com\/tr\/wp-json\/wp\/v2\/media?parent=146285"}],"curies":[{"name":"wp","href":"https:\/\/api.w.org\/{rel}","templated":true}]}}