{"id":146275,"date":"2023-04-10T11:17:00","date_gmt":"2023-04-10T08:17:00","guid":{"rendered":"https:\/\/medclinics.com\/skrotal-estetik\/"},"modified":"2025-01-03T00:04:03","modified_gmt":"2025-01-02T21:04:03","slug":"skrotal-estetik","status":"publish","type":"page","link":"https:\/\/medclinics.com\/tr\/skrotal-estetik\/","title":{"rendered":"Skrotal Estetik"},"content":{"rendered":"\n<h2 class=\"wp-block-heading\">Skrotumunuzun g\u00f6r\u00fcn\u00fcm\u00fcnden memnun de\u011fil misiniz?<\/h2>\n\n<p>Skrotal gen\u00e7le\u015ftirme veya geli\u015ftirme olarak da bilinen skrotal estetik, genel g\u00f6r\u00fcn\u00fcm\u00fcn\u00fc iyile\u015ftirmeye yard\u0131mc\u0131 olabilir. Bu kozmetik prosed\u00fcrler t\u0131bbi olarak gerekli de\u011fildir ancak testislerinizi i\u00e7eren deri kesesini geli\u015ftirmeyi ama\u00e7lar.<\/p>\n\n<p>Daha iyi g\u00f6r\u00fcnen bir <a href=\"https:\/\/en.wikipedia.org\/wiki\/Scrotum\" target=\"_blank\" rel=\"noreferrer noopener\">skrotum<\/a> elde etmek i\u00e7in \u00e7e\u015fitli yakla\u015f\u0131mlar vard\u0131r. Fazla veya sark\u0131k cilt sorun te\u015fkil ediyorsa, germe veya k\u00fc\u00e7\u00fcltme gibi cerrahi teknikleri tercih edebilirsiniz. Alternatif olarak, hacmi iyile\u015ftirirken k\u0131r\u0131\u015f\u0131kl\u0131k ve kontur d\u00fczensizliklerini gidermek i\u00e7in b\u00f6lgeye dermal dolgu maddeleri enjekte edilebilir.<\/p>\n\n<p>Skrotal cildinizin rengini a\u00e7mak ilginizi \u00e7eken bir \u015feyse, sadece bu ama\u00e7 i\u00e7in \u00f6zel kremler ve tedaviler mevcuttur! Lazer tedavisi, dokuyu geli\u015ftirirken anjiyokeratom ad\u0131 verilen iyi huylu lezyonlar gibi pigmentasyon sorunlar\u0131n\u0131 azaltarak ba\u015fka bir se\u00e7enek sunar.<\/p>\n\n<p>G\u00fcn\u00fcm\u00fczde uygulanan di\u011fer t\u00fcm kozmetik prosed\u00fcrlerde oldu\u011fu gibi &#8211; bu t\u00fcr ameliyatlarla ili\u015fkili potansiyel riskleri ve komplikasyonlar\u0131 her zaman ak\u0131lda tutmak \u00f6nemlidir &#8211; ameliyat\u0131n kendisinden kaynaklanan enfeksiyon riski de dahil olmak \u00fczere, ameliyat sonras\u0131 alerjik reaksiyonlar, ilk tedaviden k\u0131sa bir s\u00fcre sonra tekrar b\u0131\u00e7ak alt\u0131na yatmaya yol a\u00e7abilecek iyile\u015fme d\u00f6neminde elde edilen memnuniyetsizlik sonu\u00e7lar\u0131n\u0131 deneyimler.<\/p>\n\n<h3 class=\"wp-block-heading\">T\u00fcm ad\u0131mlar dahil olmak \u00fczere <a href=\"https:\/\/medclinics.com\/tr\/genital-estetik\/\" target=\"_blank\" rel=\"noreferrer noopener\">genital estetik<\/a> hakk\u0131nda bilmeniz gereken her \u015fey veya <a href=\"#requestform\">bizimle ileti\u015fime<\/a> ge\u00e7in!<\/h3>\n\n<h2 class=\"wp-block-heading\">SSS<\/h2>\n<div id=\"rank-math-faq\" class=\"rank-math-block\">\n<div class=\"rank-math-list \">\n<div id=\"faq-question-1684840505946\" class=\"rank-math-list-item\">\n<h3 class=\"rank-math-question \">Skrotal Estetik Nedir?<\/h3>\n<div class=\"rank-math-answer \">\n\n<p>Skrotal gen\u00e7le\u015ftirme veya skrotal kozmetik cerrahi olarak da bilinen skrotal estetik, skrotumun g\u00f6r\u00fcn\u00fcm\u00fcn\u00fc iyile\u015ftirmek i\u00e7in tasarlanm\u0131\u015f bir dizi t\u0131bbi prosed\u00fcr ve tedaviyi ifade eder. Skrotum, erkeklerde testisleri bar\u0131nd\u0131ran deri kesesidir. Bu prosed\u00fcrler \u00f6ncelikle skrotumlar\u0131n\u0131n g\u00f6r\u00fcn\u00fcm\u00fcnden memnun olmayan bireyler taraf\u0131ndan kozmetik ama\u00e7larla talep edilmektedir. Endi\u015feler genellikle fazla deri, sarkma, asimetri veya k\u0131r\u0131\u015fmay\u0131 i\u00e7erir.<\/p>\n\n<\/div>\n<\/div>\n<div id=\"faq-question-1684840533957\" class=\"rank-math-list-item\">\n<h3 class=\"rank-math-question \">Skrotumun estetik g\u00f6r\u00fcn\u00fcm\u00fcn\u00fc iyile\u015ftirme teknikleri nelerdir?<\/h3>\n<div class=\"rank-math-answer \">\n\n<p>Skrotal estetikte, skrotumun g\u00f6r\u00fcn\u00fcm\u00fcn\u00fc iyile\u015ftirmek i\u00e7in \u00e7e\u015fitli teknikler kullan\u0131l\u0131r. Bunlar aras\u0131nda sarkmay\u0131 azaltmak i\u00e7in skrotal kald\u0131rma\/s\u0131k\u0131la\u015ft\u0131rma, hacim ve \u015fekillendirme i\u00e7in skrotal dolgular, cilt tonunu a\u00e7mak i\u00e7in skrotal a\u011fartma ve daha p\u00fcr\u00fczs\u00fcz bir g\u00f6r\u00fcn\u00fcm i\u00e7in skrotal epilasyon yer al\u0131r.<\/p>\n\n<\/div>\n<\/div>\n<\/div>\n<\/div>\n<p>\u00a0<\/p>\n\n<h3 class=\"wp-block-heading\">Herhangi bir sorunuz olmas\u0131 durumunda hemen bizimle ileti\u015fime ge\u00e7in!<\/h3>\n","protected":false},"excerpt":{"rendered":"<p>Skrotumunuzun g\u00f6r\u00fcn\u00fcm\u00fcnden memnun de\u011fil misiniz? Skrotal gen\u00e7le\u015ftirme veya geli\u015ftirme olarak da bilinen skrotal estetik, genel g\u00f6r\u00fcn\u00fcm\u00fcn\u00fc iyile\u015ftirmeye yard\u0131mc\u0131 olabilir. Bu [&hellip;]<\/p>\n","protected":false},"author":4,"featured_media":91513,"parent":0,"menu_order":0,"comment_status":"closed","ping_status":"closed","template":"","meta":{"site-sidebar-layout":"default","site-content-layout":"","ast-site-content-layout":"default","site-content-style":"default","site-sidebar-style":"default","ast-global-header-display":"","ast-banner-title-visibility":"","ast-main-header-display":"","ast-hfb-above-header-display":"","ast-hfb-below-header-display":"","ast-hfb-mobile-header-display":"","site-post-title":"","ast-breadcrumbs-content":"","ast-featured-img":"","footer-sml-layout":"","ast-disable-related-posts":"","theme-transparent-header-meta":"","adv-header-id-meta":"","stick-header-meta":"","header-above-stick-meta":"","header-main-stick-meta":"","header-below-stick-meta":"","astra-migrate-meta-layouts":"default","ast-page-background-enabled":"default","ast-page-background-meta":{"desktop":{"background-color":"var(--ast-global-color-4)","background-image":"","background-repeat":"repeat","background-position":"center center","background-size":"auto","background-attachment":"scroll","background-type":"","background-media":"","overlay-type":"","overlay-color":"","overlay-opacity":"","overlay-gradient":""},"tablet":{"background-color":"","background-image":"","background-repeat":"repeat","background-position":"center center","background-size":"auto","background-attachment":"scroll","background-type":"","background-media":"","overlay-type":"","overlay-color":"","overlay-opacity":"","overlay-gradient":""},"mobile":{"background-color":"","background-image":"","background-repeat":"repeat","background-position":"center center","background-size":"auto","background-attachment":"scroll","background-type":"","background-media":"","overlay-type":"","overlay-color":"","overlay-opacity":"","overlay-gradient":""}},"ast-content-background-meta":{"desktop":{"background-color":"var(--ast-global-color-5)","background-image":"","background-repeat":"repeat","background-position":"center center","background-size":"auto","background-attachment":"scroll","background-type":"","background-media":"","overlay-type":"","overlay-color":"","overlay-opacity":"","overlay-gradient":""},"tablet":{"background-color":"var(--ast-global-color-5)","background-image":"","background-repeat":"repeat","background-position":"center center","background-size":"auto","background-attachment":"scroll","background-type":"","background-media":"","overlay-type":"","overlay-color":"","overlay-opacity":"","overlay-gradient":""},"mobile":{"background-color":"var(--ast-global-color-5)","background-image":"","background-repeat":"repeat","background-position":"center center","background-size":"auto","background-attachment":"scroll","background-type":"","background-media":"","overlay-type":"","overlay-color":"","overlay-opacity":"","overlay-gradient":""}},"footnotes":""},"class_list":["post-146275","page","type-page","status-publish","has-post-thumbnail","hentry"],"_links":{"self":[{"href":"https:\/\/medclinics.com\/tr\/wp-json\/wp\/v2\/pages\/146275","targetHints":{"allow":["GET"]}}],"collection":[{"href":"https:\/\/medclinics.com\/tr\/wp-json\/wp\/v2\/pages"}],"about":[{"href":"https:\/\/medclinics.com\/tr\/wp-json\/wp\/v2\/types\/page"}],"author":[{"embeddable":true,"href":"https:\/\/medclinics.com\/tr\/wp-json\/wp\/v2\/users\/4"}],"replies":[{"embeddable":true,"href":"https:\/\/medclinics.com\/tr\/wp-json\/wp\/v2\/comments?post=146275"}],"version-history":[{"count":0,"href":"https:\/\/medclinics.com\/tr\/wp-json\/wp\/v2\/pages\/146275\/revisions"}],"wp:featuredmedia":[{"embeddable":true,"href":"https:\/\/medclinics.com\/tr\/wp-json\/wp\/v2\/media\/91513"}],"wp:attachment":[{"href":"https:\/\/medclinics.com\/tr\/wp-json\/wp\/v2\/media?parent=146275"}],"curies":[{"name":"wp","href":"https:\/\/api.w.org\/{rel}","templated":true}]}}