{"id":146265,"date":"2023-03-14T11:08:00","date_gmt":"2023-03-14T08:08:00","guid":{"rendered":"https:\/\/medclinics.com\/penis-estetigi-penis-derisi-yenileme\/"},"modified":"2024-04-01T16:03:42","modified_gmt":"2024-04-01T13:03:42","slug":"penis-estetigi-penis-derisi-yenileme","status":"publish","type":"page","link":"https:\/\/medclinics.com\/tr\/penis-estetigi-penis-derisi-yenileme\/","title":{"rendered":"Penis Esteti\u011fi &#8211; Penis Derisi Yenileme"},"content":{"rendered":"\n<p>Penil cilt yenileme, penis cildinin g\u00f6rsel ve dokusal kalitesini art\u0131rmay\u0131 ama\u00e7layan t\u0131bbi bir m\u00fcdahaledir. Prosed\u00fcr, sa\u011fl\u0131kl\u0131 yeniden b\u00fcy\u00fcmeyi te\u015fvik ederken hasarl\u0131 veya d\u00fczensiz dokuyu ortadan kald\u0131rmay\u0131 ama\u00e7layan \u00e7e\u015fitli tekniklerin uygulanmas\u0131n\u0131 gerektirir.<\/p>\n\n<p>Bu i\u015flem i\u00e7in lazerle cilt yenileme, kimyasal peeling, dermabrazyon ve mikro i\u011fneleme gibi \u00e7e\u015fitli yakla\u015f\u0131mlar mevcuttur. Bir sa\u011fl\u0131k uzman\u0131, penil cilt yenileme i\u00e7in bireyin \u00f6zel ihtiya\u00e7lar\u0131na en uygun tekni\u011fi belirleyecektir.<\/p>\n\n<p>Lazerle y\u00fczey yenileme, hasarl\u0131 cilt h\u00fccrelerinin d\u0131\u015f katmanlar\u0131n\u0131 penis b\u00f6lgesinden \u00e7\u0131karmak i\u00e7in hassas lazerlerin kullan\u0131lmas\u0131n\u0131 i\u00e7erir. Bu y\u00f6ntem kolajen \u00fcretimini te\u015fvik eder ve yeni h\u00fccre b\u00fcy\u00fcmesini uyararak daha p\u00fcr\u00fczs\u00fcz g\u00f6r\u00fcnen gen\u00e7 g\u00f6r\u00fcn\u00fcml\u00fc epidermis sa\u011flar.<\/p>\n\n<p>Kimyasal peeling, etkilenen b\u00f6lgelere kimyasallar\u0131n uygulanmas\u0131n\u0131 ve ard\u0131ndan \u00f6l\u00fc dokular\u0131n \u00e7\u0131kar\u0131lmas\u0131n\u0131 ve tipik olarak p\u00fcr\u00fczs\u00fcz, e\u015fit dokulu b\u00f6lgeler olarak g\u00f6r\u00fclen altta yatan taze ve lekesiz y\u00fczeylerin ortaya \u00e7\u0131kar\u0131lmas\u0131n\u0131 gerektirir.<\/p>\n\n<p><a href=\"https:\/\/en.wikipedia.org\/wiki\/Dermabrasion\" target=\"_blank\" rel=\"noreferrer noopener\">Dermabrazyon<\/a>, d\u00f6nen aletlerle p\u00fcr\u00fczl\u00fc y\u00fczey dokular\u0131n\u0131 nazik\u00e7e soyarak penis etlili\u011fini etkileyen \u00e7e\u015fitli dermatolojik durumlar\u0131 tedavi ederek genel g\u00f6r\u00fcn\u00fcm\u00fc iyile\u015ftirir<\/p>\n\n<p>Mikro i\u011fneleme, hedeflenen b\u00f6l\u00fcmlere n\u00fcfuz eden k\u00fc\u00e7\u00fck i\u011fneler arac\u0131l\u0131\u011f\u0131yla kontroll\u00fc mikroskobik yaralanmalara neden olarak, tedavi edilen b\u00f6lgelerde gen\u00e7le\u015ftirme etkilerine yol a\u00e7an geli\u015fmi\u015f kolajen sentezini uyar\u0131r<\/p>\n\n<p>Penil cilt yenileme tedavisi, genital b\u00f6lgelerinde renk de\u011fi\u015fikli\u011fi yara izi veya doku d\u00fczensizli\u011fi gibi sorunlar ya\u015fayan bireyler i\u00e7in \u00f6nerilebilir; istenirse estetik \u00e7ekicili\u011fi art\u0131ran kozmetik faydalar da sa\u011flayabilir<\/p>\n\n<h3 class=\"wp-block-heading\"><a href=\"https:\/\/medclinics.com\/tr\/genital-estetik\/\" target=\"_blank\" rel=\"noreferrer noopener\">Genital estetik<\/a> hakk\u0131nda bilmeniz gereken her \u015fey burada, hemen <a href=\"#requestform\">bize ula\u015f\u0131n<\/a>!<\/h3>\n\n<h2 class=\"wp-block-heading\">SSS <\/h2>\n<div id=\"rank-math-faq\" class=\"rank-math-block\">\n<div class=\"rank-math-list \">\n<div id=\"faq-question-1684839795079\" class=\"rank-math-list-item\">\n<h3 class=\"rank-math-question \">Penil y\u00fczey yenileme nedir?<\/h3>\n<div class=\"rank-math-answer \">\n\n<p>Penil deri yenileme, penis \u00fczerindeki hasarl\u0131 veya eksik derinin v\u00fccudun ba\u015fka bir yerinden al\u0131nan sa\u011fl\u0131kl\u0131 deri ile de\u011fi\u015ftirilmesini i\u00e7eren cerrahi bir prosed\u00fcrd\u00fcr. Cilt kayb\u0131, yara izi veya deformiteleri onarmak i\u00e7in yap\u0131l\u0131r ve penisin hem i\u015flevsel hem de estetik y\u00f6nlerini geri kazand\u0131rmay\u0131 ama\u00e7lar.<\/p>\n\n<\/div>\n<\/div>\n<div id=\"faq-question-1684839853702\" class=\"rank-math-list-item\">\n<h3 class=\"rank-math-question \">Penis derisi yeniden b\u00fcy\u00fcyebilir mi?<\/h3>\n<div class=\"rank-math-answer \">\n\n<p>Hay\u0131r, penis derisi kaybedildikten veya hasar g\u00f6rd\u00fckten sonra do\u011fal olarak yeniden olu\u015fmaz. Bununla birlikte, penis derisi grefti gibi cerrahi teknikler, hasarl\u0131 veya eksik deriyi v\u00fccudun ba\u015fka bir b\u00f6lgesinden al\u0131nan sa\u011fl\u0131kl\u0131 deri ile de\u011fi\u015ftirmek i\u00e7in kullan\u0131labilir. Bu, penis derisinin yeniden yap\u0131land\u0131r\u0131lmas\u0131n\u0131 ve restorasyonunu sa\u011flar.<\/p>\n\n<\/div>\n<\/div>\n<\/div>\n<\/div>\n<p><\/p>\n\n<h3 class=\"wp-block-heading\">Herhangi bir sorunuz olmas\u0131 durumunda hemen bizimle ileti\u015fime ge\u00e7in!<\/h3>\n","protected":false},"excerpt":{"rendered":"<p>Penil cilt yenileme, penis cildinin g\u00f6rsel ve dokusal kalitesini art\u0131rmay\u0131 ama\u00e7layan t\u0131bbi bir m\u00fcdahaledir. Prosed\u00fcr, sa\u011fl\u0131kl\u0131 yeniden b\u00fcy\u00fcmeyi te\u015fvik ederken [&hellip;]<\/p>\n","protected":false},"author":4,"featured_media":94659,"parent":0,"menu_order":0,"comment_status":"closed","ping_status":"closed","template":"","meta":{"site-sidebar-layout":"default","site-content-layout":"","ast-site-content-layout":"default","site-content-style":"default","site-sidebar-style":"default","ast-global-header-display":"","ast-banner-title-visibility":"","ast-main-header-display":"","ast-hfb-above-header-display":"","ast-hfb-below-header-display":"","ast-hfb-mobile-header-display":"","site-post-title":"","ast-breadcrumbs-content":"","ast-featured-img":"","footer-sml-layout":"","ast-disable-related-posts":"","theme-transparent-header-meta":"","adv-header-id-meta":"","stick-header-meta":"","header-above-stick-meta":"","header-main-stick-meta":"","header-below-stick-meta":"","astra-migrate-meta-layouts":"default","ast-page-background-enabled":"default","ast-page-background-meta":{"desktop":{"background-color":"var(--ast-global-color-4)","background-image":"","background-repeat":"repeat","background-position":"center center","background-size":"auto","background-attachment":"scroll","background-type":"","background-media":"","overlay-type":"","overlay-color":"","overlay-opacity":"","overlay-gradient":""},"tablet":{"background-color":"","background-image":"","background-repeat":"repeat","background-position":"center center","background-size":"auto","background-attachment":"scroll","background-type":"","background-media":"","overlay-type":"","overlay-color":"","overlay-opacity":"","overlay-gradient":""},"mobile":{"background-color":"","background-image":"","background-repeat":"repeat","background-position":"center center","background-size":"auto","background-attachment":"scroll","background-type":"","background-media":"","overlay-type":"","overlay-color":"","overlay-opacity":"","overlay-gradient":""}},"ast-content-background-meta":{"desktop":{"background-color":"var(--ast-global-color-5)","background-image":"","background-repeat":"repeat","background-position":"center center","background-size":"auto","background-attachment":"scroll","background-type":"","background-media":"","overlay-type":"","overlay-color":"","overlay-opacity":"","overlay-gradient":""},"tablet":{"background-color":"var(--ast-global-color-5)","background-image":"","background-repeat":"repeat","background-position":"center center","background-size":"auto","background-attachment":"scroll","background-type":"","background-media":"","overlay-type":"","overlay-color":"","overlay-opacity":"","overlay-gradient":""},"mobile":{"background-color":"var(--ast-global-color-5)","background-image":"","background-repeat":"repeat","background-position":"center center","background-size":"auto","background-attachment":"scroll","background-type":"","background-media":"","overlay-type":"","overlay-color":"","overlay-opacity":"","overlay-gradient":""}},"footnotes":""},"class_list":["post-146265","page","type-page","status-publish","has-post-thumbnail","hentry"],"_links":{"self":[{"href":"https:\/\/medclinics.com\/tr\/wp-json\/wp\/v2\/pages\/146265","targetHints":{"allow":["GET"]}}],"collection":[{"href":"https:\/\/medclinics.com\/tr\/wp-json\/wp\/v2\/pages"}],"about":[{"href":"https:\/\/medclinics.com\/tr\/wp-json\/wp\/v2\/types\/page"}],"author":[{"embeddable":true,"href":"https:\/\/medclinics.com\/tr\/wp-json\/wp\/v2\/users\/4"}],"replies":[{"embeddable":true,"href":"https:\/\/medclinics.com\/tr\/wp-json\/wp\/v2\/comments?post=146265"}],"version-history":[{"count":0,"href":"https:\/\/medclinics.com\/tr\/wp-json\/wp\/v2\/pages\/146265\/revisions"}],"wp:featuredmedia":[{"embeddable":true,"href":"https:\/\/medclinics.com\/tr\/wp-json\/wp\/v2\/media\/94659"}],"wp:attachment":[{"href":"https:\/\/medclinics.com\/tr\/wp-json\/wp\/v2\/media?parent=146265"}],"curies":[{"name":"wp","href":"https:\/\/api.w.org\/{rel}","templated":true}]}}