{"id":146253,"date":"2023-03-19T10:56:00","date_gmt":"2023-03-19T07:56:00","guid":{"rendered":"https:\/\/medclinics.com\/monsplasti\/"},"modified":"2025-01-02T17:12:25","modified_gmt":"2025-01-02T14:12:25","slug":"monsplasti","status":"publish","type":"page","link":"https:\/\/medclinics.com\/tr\/monsplasti\/","title":{"rendered":"Monsplasti"},"content":{"rendered":"\n<h2 class=\"wp-block-heading\">Mons pubis g\u00f6r\u00fcn\u00fcm\u00fcnden veya boyutundan memnun de\u011filseniz, bunun bir \u00e7\u00f6z\u00fcm\u00fc var: Monsplasti.<\/h2>\n\n<p>Bu cerrahi prosed\u00fcr, <a href=\"https:\/\/en.wikipedia.org\/wiki\/Pubis_(bone)\" target=\"_blank\" rel=\"noreferrer noopener\">kas\u0131k kemi\u011finizin<\/a> \u00fczerinde ve cinsel organlar\u0131n\u0131z\u0131n \u00f6n\u00fcnde bulunan ya\u011fl\u0131 \u00fc\u00e7gen alan\u0131 yeniden \u015fekillendirebilir ve konturlayabilir.<\/p>\n\n<p>\u0130nsanlar\u0131n bu ameliyat\u0131 tercih etmelerinin bir\u00e7ok nedeni vard\u0131r. Baz\u0131lar\u0131nda kilo dalgalanmalar\u0131, ya\u015flanma veya genetik nedenlerle mons pubis b\u00f6lgesinde ho\u015f olmayan bir \u015fi\u015fkinli\u011fe neden olan fazla ya\u011f veya sark\u0131k cilt olabilir. Di\u011ferleri, v\u00fccutlar\u0131n\u0131n oranlar\u0131 konusunda kendilerini bilin\u00e7li hissetmelerine neden olan e\u015fitsizlik veya asimetriden muzdarip olabilir.<\/p>\n\n<p>\u0130ster genel olarak daha iyi bir denge i\u00e7in belirginli\u011fi azaltmak olsun, geli\u015fmi\u015f genital estetik arayanlar i\u00e7in Monsplasti, ameliyat s\u0131ras\u0131nda dikkatli kesi yerle\u015fimi sayesinde g\u00f6r\u00fcn\u00fcr yara izini en aza indirirken istenmeyen dokular\u0131 \u00e7\u0131kararak ileriye d\u00f6n\u00fck bir yol sunar.<\/p>\n\n<p>T\u00fcm ameliyatlarda oldu\u011fu gibi, ameliyat sonras\u0131 ortaya \u00e7\u0131kan enfeksiyon riski ile ili\u015fkili kanama komplikasyonlar\u0131 gibi riskler s\u00f6z konusudur; ancak say\u0131s\u0131z faydas\u0131 g\u00f6z \u00f6n\u00fcne al\u0131nd\u0131\u011f\u0131nda, bunlar Monspalsty yapt\u0131rmay\u0131 d\u00fc\u015f\u00fcnen hi\u00e7 kimseyi cayd\u0131rmamal\u0131d\u0131r!<\/p>\n\n<h3 class=\"wp-block-heading\">Fiyat, bak\u0131m sonras\u0131 ve iyile\u015fme s\u00fcreci de dahil olmak \u00fczere <a href=\"https:\/\/medclinics.com\/tr\/genital-estetik\/\" target=\"_blank\" rel=\"noreferrer noopener\">genital estetik<\/a> hakk\u0131nda bilmeniz gereken her \u015fey veya <a href=\"#requestform\">bizimle ileti\u015fime<\/a> ge\u00e7in!<\/h3>\n\n<h2 class=\"wp-block-heading\">SSS<\/h2>\n<div id=\"rank-math-faq\" class=\"rank-math-block\">\n<div class=\"rank-math-list \">\n<div id=\"faq-question-1684839089777\" class=\"rank-math-list-item\">\n<h3 class=\"rank-math-question \">Monsplasti ameliyat\u0131 nedir?<\/h3>\n<div class=\"rank-math-answer \">\n\n<p>Mons pubis k\u00fc\u00e7\u00fcltme veya kas\u0131k germe ameliyat\u0131 olarak da bilinen monsplasti ameliyat\u0131, kas\u0131k kemi\u011finin \u00fczerindeki ya\u011f dokusu olan mons pubisin yeniden \u015fekillendirilmesini ve boyutunun k\u00fc\u00e7\u00fclt\u00fclmesini ama\u00e7layan kozmetik bir prosed\u00fcrd\u00fcr. Sarkma, fazla ya\u011f veya cilt ve asimetri gibi endi\u015feleri giderir. Ameliyat, fazla dokunun al\u0131nmas\u0131n\u0131, cildin s\u0131k\u0131la\u015ft\u0131r\u0131lmas\u0131n\u0131 ve estetik g\u00f6r\u00fcn\u00fcm\u00fcn iyile\u015ftirilmesi i\u00e7in mons pubisin yeniden \u015fekillendirilmesini i\u00e7erir. Anestezi alt\u0131nda ayakta tedavi baz\u0131nda ger\u00e7ekle\u015ftirilebilir ve iyile\u015fme s\u00fcresi de\u011fi\u015fir.  <\/p>\n\n<\/div>\n<\/div>\n<div id=\"faq-question-1684839152373\" class=\"rank-math-list-item\">\n<h3 class=\"rank-math-question \">Monsplasti ne kadara mal olur?<\/h3>\n<div class=\"rank-math-answer \">\n\n<p>Monsplasti veya mons pubis k\u00fc\u00e7\u00fcltme ameliyat\u0131n\u0131n maliyeti, co\u011frafi konum, cerrah\u0131n uzmanl\u0131\u011f\u0131, belirli klinik ve prosed\u00fcrle ili\u015fkili herhangi bir ek \u00fccret gibi fakt\u00f6rlere ba\u011fl\u0131 olarak de\u011fi\u015febilir. Genel olarak, monsplasti ameliyat\u0131n\u0131n maliyeti Avrupa \u00fclkelerinde 2.000 \u20ac ile 5.000 \u20ac veya daha fazla aras\u0131nda de\u011fi\u015febilir. T\u00fcrkiye&#8217;de monsplasti ameliyat\u0131n\u0131n maliyeti, klinik, cerrah\u0131n deneyimi ve prosed\u00fcr\u00fcn karma\u015f\u0131kl\u0131\u011f\u0131 gibi \u00e7e\u015fitli fakt\u00f6rlere ba\u011fl\u0131 olarak de\u011fi\u015febilir. T\u00fcrkiye&#8217;de monsplastinin maliyeti ortalama olarak 1.500 \u20ac ile 3.500 \u20ac veya daha fazla aras\u0131nda de\u011fi\u015febilmektedir.<\/p>\n\n<\/div>\n<\/div>\n<\/div>\n<\/div>\n<p>\u00a0<\/p>\n\n<h3 class=\"wp-block-heading\">Herhangi bir sorunuz olmas\u0131 durumunda hemen bizimle ileti\u015fime ge\u00e7in!<\/h3>\n","protected":false},"excerpt":{"rendered":"<p>Mons pubis g\u00f6r\u00fcn\u00fcm\u00fcnden veya boyutundan memnun de\u011filseniz, bunun bir \u00e7\u00f6z\u00fcm\u00fc var: Monsplasti. Bu cerrahi prosed\u00fcr, kas\u0131k kemi\u011finizin \u00fczerinde ve cinsel [&hellip;]<\/p>\n","protected":false},"author":4,"featured_media":91457,"parent":0,"menu_order":0,"comment_status":"closed","ping_status":"closed","template":"","meta":{"site-sidebar-layout":"default","site-content-layout":"","ast-site-content-layout":"default","site-content-style":"default","site-sidebar-style":"default","ast-global-header-display":"","ast-banner-title-visibility":"","ast-main-header-display":"","ast-hfb-above-header-display":"","ast-hfb-below-header-display":"","ast-hfb-mobile-header-display":"","site-post-title":"","ast-breadcrumbs-content":"","ast-featured-img":"","footer-sml-layout":"","ast-disable-related-posts":"","theme-transparent-header-meta":"","adv-header-id-meta":"","stick-header-meta":"","header-above-stick-meta":"","header-main-stick-meta":"","header-below-stick-meta":"","astra-migrate-meta-layouts":"default","ast-page-background-enabled":"default","ast-page-background-meta":{"desktop":{"background-color":"var(--ast-global-color-4)","background-image":"","background-repeat":"repeat","background-position":"center center","background-size":"auto","background-attachment":"scroll","background-type":"","background-media":"","overlay-type":"","overlay-color":"","overlay-opacity":"","overlay-gradient":""},"tablet":{"background-color":"","background-image":"","background-repeat":"repeat","background-position":"center center","background-size":"auto","background-attachment":"scroll","background-type":"","background-media":"","overlay-type":"","overlay-color":"","overlay-opacity":"","overlay-gradient":""},"mobile":{"background-color":"","background-image":"","background-repeat":"repeat","background-position":"center center","background-size":"auto","background-attachment":"scroll","background-type":"","background-media":"","overlay-type":"","overlay-color":"","overlay-opacity":"","overlay-gradient":""}},"ast-content-background-meta":{"desktop":{"background-color":"var(--ast-global-color-5)","background-image":"","background-repeat":"repeat","background-position":"center center","background-size":"auto","background-attachment":"scroll","background-type":"","background-media":"","overlay-type":"","overlay-color":"","overlay-opacity":"","overlay-gradient":""},"tablet":{"background-color":"var(--ast-global-color-5)","background-image":"","background-repeat":"repeat","background-position":"center center","background-size":"auto","background-attachment":"scroll","background-type":"","background-media":"","overlay-type":"","overlay-color":"","overlay-opacity":"","overlay-gradient":""},"mobile":{"background-color":"var(--ast-global-color-5)","background-image":"","background-repeat":"repeat","background-position":"center center","background-size":"auto","background-attachment":"scroll","background-type":"","background-media":"","overlay-type":"","overlay-color":"","overlay-opacity":"","overlay-gradient":""}},"footnotes":""},"class_list":["post-146253","page","type-page","status-publish","has-post-thumbnail","hentry"],"_links":{"self":[{"href":"https:\/\/medclinics.com\/tr\/wp-json\/wp\/v2\/pages\/146253","targetHints":{"allow":["GET"]}}],"collection":[{"href":"https:\/\/medclinics.com\/tr\/wp-json\/wp\/v2\/pages"}],"about":[{"href":"https:\/\/medclinics.com\/tr\/wp-json\/wp\/v2\/types\/page"}],"author":[{"embeddable":true,"href":"https:\/\/medclinics.com\/tr\/wp-json\/wp\/v2\/users\/4"}],"replies":[{"embeddable":true,"href":"https:\/\/medclinics.com\/tr\/wp-json\/wp\/v2\/comments?post=146253"}],"version-history":[{"count":0,"href":"https:\/\/medclinics.com\/tr\/wp-json\/wp\/v2\/pages\/146253\/revisions"}],"wp:featuredmedia":[{"embeddable":true,"href":"https:\/\/medclinics.com\/tr\/wp-json\/wp\/v2\/media\/91457"}],"wp:attachment":[{"href":"https:\/\/medclinics.com\/tr\/wp-json\/wp\/v2\/media?parent=146253"}],"curies":[{"name":"wp","href":"https:\/\/api.w.org\/{rel}","templated":true}]}}