{"id":146241,"date":"2023-03-14T10:44:00","date_gmt":"2023-03-14T07:44:00","guid":{"rendered":"https:\/\/medclinics.com\/lazerle-vajinal-genclestirme\/"},"modified":"2025-01-02T16:35:50","modified_gmt":"2025-01-02T13:35:50","slug":"lazerle-vajinal-genclestirme","status":"publish","type":"page","link":"https:\/\/medclinics.com\/tr\/lazerle-vajinal-genclestirme\/","title":{"rendered":"Lazerle Vajinal Gen\u00e7le\u015ftirme"},"content":{"rendered":"\n<p>Lazer vajinal <a href=\"https:\/\/en.wikipedia.org\/wiki\/Vaginoplasty\" target=\"_blank\" rel=\"noreferrer noopener\">s\u0131k\u0131la\u015ft\u0131rma<\/a> veya terapi olarak da adland\u0131r\u0131lan lazer vajinal gen\u00e7le\u015ftirme, samimi b\u00f6lgenizin g\u00f6r\u00fcn\u00fcm\u00fcn\u00fc ve i\u015flevini d\u00f6n\u00fc\u015ft\u00fcrebilen devrim niteli\u011finde cerrahi olmayan bir kozmetik prosed\u00fcrd\u00fcr. Vajinay\u0131 \u00e7evreleyen dokularda kolajen \u00fcretimini uyarmak i\u00e7in geli\u015fmi\u015f lazer teknolojisini kullanan bu tedavi, genel sa\u011fl\u0131\u011f\u0131 s\u0131k\u0131la\u015ft\u0131r\u0131r ve geli\u015ftirir.<\/p>\n\n<p>\u0130\u015flem, do\u011frudan v\u00fccudunuzdaki hedeflenen b\u00f6lgelere kontroll\u00fc enerji darbeleri yayan \u00f6zel lazerlerin kullan\u0131lmas\u0131n\u0131 i\u00e7erir. Bu \u0131\u015f\u0131nlar taraf\u0131ndan \u00fcretilen \u0131s\u0131, cilt h\u00fccrelerine yap\u0131 ve esneklik sa\u011flayan do\u011fal kolajen b\u00fcy\u00fcmesini uyararak, do\u011fum veya hormonal de\u011fi\u015fiklikler gibi ya\u015flanma s\u00fcre\u00e7lerinden etkilenen t\u00fcm b\u00f6lgelerde geli\u015fmi\u015f ton ve dokunun yan\u0131 s\u0131ra artan s\u0131k\u0131l\u0131k sa\u011flar.<\/p>\n\n<p>Cinsel ili\u015fki s\u0131ras\u0131nda daha fazla cinsel tatmin i\u00e7in daha s\u0131k\u0131 kaslar ve her iki partnerin de eskisinden daha fazla zevk almas\u0131; pelvik taban kaslar\u0131n\u0131n ya\u015fa ba\u011fl\u0131 sorunlar nedeniyle zamanla zay\u0131flamas\u0131yla ortaya \u00e7\u0131kan stres idrar ka\u00e7a\u011f\u0131 semptomlar\u0131ndan kurtulma; menopozdan sonra \u00f6strojen seviyelerinin \u00f6nemli \u00f6l\u00e7\u00fcde d\u00fc\u015ferek atrofiye neden oldu\u011fu menopoz sonras\u0131 y\u0131llara kadar ya\u015fanan kuruluktan kurtulma gibi faydalarla, bug\u00fcn Lazer Vajinal Gen\u00e7le\u015ftirme yapt\u0131rmay\u0131 d\u00fc\u015f\u00fcnmeniz i\u00e7in bir\u00e7ok neden var!<\/p>\n\n<h3 class=\"wp-block-heading\">Fiyat, bak\u0131m sonras\u0131 ve iyile\u015fme s\u00fcreci de dahil olmak \u00fczere <a href=\"https:\/\/medclinics.com\/tr\/genital-estetik\/\" target=\"_blank\" rel=\"noreferrer noopener\">genital estetik<\/a> hakk\u0131nda bilmeniz gereken her \u015fey veya <a href=\"#requestform\">bizimle ileti\u015fime<\/a> ge\u00e7in!<\/h3>\n\n<h2 class=\"wp-block-heading\">SSS<\/h2>\n<div id=\"rank-math-faq\" class=\"rank-math-block\">\n<div class=\"rank-math-list \">\n<div id=\"faq-question-1684838623282\" class=\"rank-math-list-item\">\n<h3 class=\"rank-math-question \">Vajinal gen\u00e7le\u015ftirme nedir?<\/h3>\n<div class=\"rank-math-answer \">\n\n<p>Vajinal gen\u00e7le\u015ftirme, vajinal b\u00f6lgenin g\u00f6r\u00fcn\u00fcm\u00fcn\u00fc, i\u015flevini ve genel sa\u011fl\u0131\u011f\u0131n\u0131 iyile\u015ftirmeyi ama\u00e7layan bir dizi prosed\u00fcr ve tedaviyi ifade eder. Bu prosed\u00fcrler vajinal gev\u015feklik, kuruluk, elastikiyet kayb\u0131, idrar ka\u00e7\u0131rma veya his de\u011fi\u015fiklikleri gibi endi\u015feleri giderebilir.<br \/>Vajinal gen\u00e7le\u015ftirme, kolajen \u00fcretimini uyarmak ve vajinal dokular\u0131 s\u0131k\u0131la\u015ft\u0131rmak i\u00e7in lazer tedavisi veya radyofrekans cihazlar\u0131 gibi cerrahi olmayan tedavileri i\u00e7erebilir. Vajinal kanal\u0131 veya labiay\u0131 s\u0131k\u0131la\u015ft\u0131rmak veya yeniden \u015fekillendirmek i\u00e7in vajinoplasti veya labioplasti gibi cerrahi prosed\u00fcrleri de i\u00e7erebilir.<\/p>\n\n<\/div>\n<\/div>\n<div id=\"faq-question-1684838350690\" class=\"rank-math-list-item\">\n<h3 class=\"rank-math-question \">Vajinal gen\u00e7le\u015ftirme ameliyat\u0131 nedir?<\/h3>\n<div class=\"rank-math-answer \">\n\n<p>Vajinoplasti veya vajinal daraltma ameliyat\u0131 olarak da bilinen vajinal gen\u00e7le\u015ftirme ameliyat\u0131, vajinal kanal\u0131n ve \u00e7evresindeki dokular\u0131n tonunu, g\u00fcc\u00fcn\u00fc ve g\u00f6r\u00fcn\u00fcm\u00fcn\u00fc eski haline getirmeyi veya iyile\u015ftirmeyi ama\u00e7layan cerrahi bir prosed\u00fcrd\u00fcr. Genellikle vajinal gev\u015feklik, zay\u0131flam\u0131\u015f pelvik taban kaslar\u0131 veya do\u011fum, ya\u015flanma veya di\u011fer fakt\u00f6rler nedeniyle vajinal anatomideki de\u011fi\u015fiklikler gibi endi\u015feleri gidermek i\u00e7in yap\u0131l\u0131r.<br \/>Prosed\u00fcr, vajinal kaslar\u0131n s\u0131k\u0131la\u015ft\u0131r\u0131lmas\u0131, fazla dokunun \u00e7\u0131kar\u0131lmas\u0131, vajinal duvar kusurlar\u0131n\u0131n onar\u0131m\u0131 veya labialar\u0131n yeniden \u015fekillendirilmesi gibi \u00e7e\u015fitli teknikleri i\u00e7erebilir. Vajinal gen\u00e7le\u015ftirme ameliyat\u0131, spesifik prosed\u00fcre ve hasta tercihine ba\u011fl\u0131 olarak, genellikle genel veya lokal anestezi alt\u0131nda ayakta tedavi baz\u0131nda ger\u00e7ekle\u015ftirilir. Belirli endi\u015feleri, hedefleri, potansiyel riskleri ve prosed\u00fcr\u00fcn beklenen sonu\u00e7lar\u0131n\u0131 tart\u0131\u015fmak i\u00e7in vajinal gen\u00e7le\u015ftirme konusunda uzmanla\u015fm\u0131\u015f nitelikli bir sa\u011fl\u0131k hizmeti sa\u011flay\u0131c\u0131s\u0131na veya plastik cerraha dan\u0131\u015fmak \u00f6nemlidir. Ki\u015fiselle\u015ftirilmi\u015f rehberlik sa\u011flayabilir ve vajinal gen\u00e7le\u015ftirme ameliyat\u0131n\u0131n bireyin kendine \u00f6zg\u00fc ko\u015fullar\u0131 i\u00e7in uygun olup olmad\u0131\u011f\u0131n\u0131 belirleyebilirler.<\/p>\n\n<\/div>\n<\/div>\n<\/div>\n<\/div>\n<p>\u00a0<\/p>\n\n<h3 class=\"wp-block-heading\">Herhangi bir sorunuz olmas\u0131 durumunda hemen bizimle ileti\u015fime ge\u00e7in!<\/h3>\n","protected":false},"excerpt":{"rendered":"<p>Lazer vajinal s\u0131k\u0131la\u015ft\u0131rma veya terapi olarak da adland\u0131r\u0131lan lazer vajinal gen\u00e7le\u015ftirme, samimi b\u00f6lgenizin g\u00f6r\u00fcn\u00fcm\u00fcn\u00fc ve i\u015flevini d\u00f6n\u00fc\u015ft\u00fcrebilen devrim niteli\u011finde cerrahi [&hellip;]<\/p>\n","protected":false},"author":4,"featured_media":91443,"parent":0,"menu_order":0,"comment_status":"closed","ping_status":"closed","template":"","meta":{"site-sidebar-layout":"default","site-content-layout":"","ast-site-content-layout":"default","site-content-style":"default","site-sidebar-style":"default","ast-global-header-display":"","ast-banner-title-visibility":"","ast-main-header-display":"","ast-hfb-above-header-display":"","ast-hfb-below-header-display":"","ast-hfb-mobile-header-display":"","site-post-title":"","ast-breadcrumbs-content":"","ast-featured-img":"","footer-sml-layout":"","ast-disable-related-posts":"","theme-transparent-header-meta":"","adv-header-id-meta":"","stick-header-meta":"","header-above-stick-meta":"","header-main-stick-meta":"","header-below-stick-meta":"","astra-migrate-meta-layouts":"default","ast-page-background-enabled":"default","ast-page-background-meta":{"desktop":{"background-color":"var(--ast-global-color-4)","background-image":"","background-repeat":"repeat","background-position":"center center","background-size":"auto","background-attachment":"scroll","background-type":"","background-media":"","overlay-type":"","overlay-color":"","overlay-opacity":"","overlay-gradient":""},"tablet":{"background-color":"","background-image":"","background-repeat":"repeat","background-position":"center center","background-size":"auto","background-attachment":"scroll","background-type":"","background-media":"","overlay-type":"","overlay-color":"","overlay-opacity":"","overlay-gradient":""},"mobile":{"background-color":"","background-image":"","background-repeat":"repeat","background-position":"center center","background-size":"auto","background-attachment":"scroll","background-type":"","background-media":"","overlay-type":"","overlay-color":"","overlay-opacity":"","overlay-gradient":""}},"ast-content-background-meta":{"desktop":{"background-color":"var(--ast-global-color-5)","background-image":"","background-repeat":"repeat","background-position":"center center","background-size":"auto","background-attachment":"scroll","background-type":"","background-media":"","overlay-type":"","overlay-color":"","overlay-opacity":"","overlay-gradient":""},"tablet":{"background-color":"var(--ast-global-color-5)","background-image":"","background-repeat":"repeat","background-position":"center center","background-size":"auto","background-attachment":"scroll","background-type":"","background-media":"","overlay-type":"","overlay-color":"","overlay-opacity":"","overlay-gradient":""},"mobile":{"background-color":"var(--ast-global-color-5)","background-image":"","background-repeat":"repeat","background-position":"center center","background-size":"auto","background-attachment":"scroll","background-type":"","background-media":"","overlay-type":"","overlay-color":"","overlay-opacity":"","overlay-gradient":""}},"footnotes":""},"class_list":["post-146241","page","type-page","status-publish","has-post-thumbnail","hentry"],"_links":{"self":[{"href":"https:\/\/medclinics.com\/tr\/wp-json\/wp\/v2\/pages\/146241","targetHints":{"allow":["GET"]}}],"collection":[{"href":"https:\/\/medclinics.com\/tr\/wp-json\/wp\/v2\/pages"}],"about":[{"href":"https:\/\/medclinics.com\/tr\/wp-json\/wp\/v2\/types\/page"}],"author":[{"embeddable":true,"href":"https:\/\/medclinics.com\/tr\/wp-json\/wp\/v2\/users\/4"}],"replies":[{"embeddable":true,"href":"https:\/\/medclinics.com\/tr\/wp-json\/wp\/v2\/comments?post=146241"}],"version-history":[{"count":0,"href":"https:\/\/medclinics.com\/tr\/wp-json\/wp\/v2\/pages\/146241\/revisions"}],"wp:featuredmedia":[{"embeddable":true,"href":"https:\/\/medclinics.com\/tr\/wp-json\/wp\/v2\/media\/91443"}],"wp:attachment":[{"href":"https:\/\/medclinics.com\/tr\/wp-json\/wp\/v2\/media?parent=146241"}],"curies":[{"name":"wp","href":"https:\/\/api.w.org\/{rel}","templated":true}]}}