{"id":146227,"date":"2023-03-15T10:33:00","date_gmt":"2023-03-15T07:33:00","guid":{"rendered":"https:\/\/medclinics.com\/labioplasti\/"},"modified":"2025-01-02T16:33:10","modified_gmt":"2025-01-02T13:33:10","slug":"labioplasti","status":"publish","type":"page","link":"https:\/\/medclinics.com\/tr\/labioplasti\/","title":{"rendered":"Labioplasti"},"content":{"rendered":"\n<p>Labioplasti olarak da bilinen labioplasti, vajinal a\u00e7\u0131kl\u0131\u011f\u0131 \u00e7evreleyen cildin i\u00e7 ve d\u0131\u015f k\u0131vr\u0131mlar\u0131yla ilgili kozmetik ve fiziksel endi\u015feleri gideren cerrahi bir prosed\u00fcrd\u00fcr. Bu prosed\u00fcr, labialar\u0131n\u0131n boyutu, \u015fekli veya simetrisi konusunda kendini bilin\u00e7li hisseden veya mutsuz olan; cinsel ili\u015fki gibi fiziksel aktiviteler s\u0131ras\u0131nda rahats\u0131zl\u0131k ya\u015fayan veya geni\u015flemi\u015f labialar nedeniyle uygun hijyeni sa\u011flamakta zorluk \u00e7eken ki\u015filer i\u00e7in faydal\u0131 olabilir.<\/p>\n\n<p>Bu ameliyat\u0131n iki t\u00fcr\u00fc vard\u0131r; Kenar Kesme Labioplasti, kenar boyunca fazla dokunun \u00e7\u0131kar\u0131lmas\u0131n\u0131 i\u00e7erirken, Kama Rezeksiyon <a href=\"https:\/\/en.wikipedia.org\/wiki\/Labiaplasty\" target=\"_blank\" rel=\"noopener\">Labioalasti<\/a>, kalan kenarlar\u0131 birbirine dikmeden \u00f6nce minoradan kama \u015feklinde bir par\u00e7ay\u0131 \u00e7\u0131kararak do\u011fal g\u00f6r\u00fcn\u00fcml\u00fc bir g\u00f6r\u00fcn\u00fcm sa\u011flar.<\/p>\n\n<p>Ameliyat\u0131n kendisi, hasta tercihi gibi karma\u015f\u0131kl\u0131k fakt\u00f6rlerine ba\u011fl\u0131 olarak lokal anestezi alt\u0131nda ger\u00e7ekle\u015ftirilebilir. Ekibimiz, \u00f6zel ihtiya\u00e7lar\u0131n\u0131za g\u00f6re ki\u015fiselle\u015ftirilmi\u015f bak\u0131m sa\u011flar!<\/p>\n\n<p>Hayat\u0131n\u0131z\u0131 de\u011fi\u015ftiren bu operasyonun ard\u0131ndan, sab\u0131r gerektiren ancak nihayetinde sizi kendinize yeniden g\u00fcven duymaya y\u00f6nlendiren iyile\u015fme s\u00fcreci gelir!<\/p>\n\n<p>MedClinics olarak T\u00fcrkiye&#8217;de ve yurtd\u0131\u015f\u0131nda en iyi labioplasti cerrah\u0131n\u0131 bulmak i\u00e7in buraday\u0131z. Sadece bizimle ileti\u015fime ge\u00e7in!<\/p>\n\n<h3 class=\"wp-block-heading\"><a href=\"https:\/\/medclinics.com\/tr\/genital-estetik\/\" target=\"_blank\" rel=\"noreferrer noopener\">Genital estetik<\/a> hakk\u0131nda bilmeniz gereken her \u015fey burada, <a href=\"#requestform\">bize ula\u015f\u0131n<\/a>!<\/h3>\n\n<h2 class=\"wp-block-heading\">SSS<\/h2>\n<div id=\"rank-math-faq\" class=\"rank-math-block\">\n<div class=\"rank-math-list \">\n<div id=\"faq-question-1684837646045\" class=\"rank-math-list-item\">\n<h3 class=\"rank-math-question \">Labioplasti a\u011fr\u0131l\u0131 m\u0131d\u0131r?<\/h3>\n<div class=\"rank-math-answer \">\n\n<p>Labioplasti iyile\u015fme d\u00f6neminde bir miktar rahats\u0131zl\u0131k ve a\u011fr\u0131ya neden olabilir, ancak bunu hafifletmeye yard\u0131mc\u0131 olmak i\u00e7in uygun a\u011fr\u0131 y\u00f6netimi \u00f6nlemleri uygulan\u0131r. Ameliyat sonras\u0131 talimatlara uymak ve re\u00e7ete edilen a\u011fr\u0131 kesici ila\u00e7lar\u0131 almak daha rahat bir iyile\u015fme s\u00fcrecine katk\u0131da bulunabilir.<\/p>\n\n<\/div>\n<\/div>\n<div id=\"faq-question-1684837736928\" class=\"rank-math-list-item\">\n<h3 class=\"rank-math-question \">Labioplasti neden yap\u0131l\u0131r?<\/h3>\n<div class=\"rank-math-answer \">\n\n<p>Labioplasti, labia minora veya majora&#8217;n\u0131n boyutunu veya asimetrisini azaltmak, geni\u015flemi\u015f labia&#8217;n\u0131n neden oldu\u011fu rahats\u0131zl\u0131k veya tahri\u015fi gidermek, genital b\u00f6lgenin estetik g\u00f6r\u00fcn\u00fcm\u00fcn\u00fc iyile\u015ftirmek, \u00f6zg\u00fcveni art\u0131rmak ve cinsel aktiviteyi veya g\u00fcnl\u00fck ya\u015fam\u0131 etkileyebilecek i\u015flevsel endi\u015feleri gidermek gibi \u00e7e\u015fitli nedenlerle yap\u0131l\u0131r. Prosed\u00fcr, bireyin ihtiya\u00e7 ve isteklerine g\u00f6re ki\u015fiselle\u015ftirilir ve fiziksel ve psikolojik faydalar sa\u011flamay\u0131 ama\u00e7lar.<\/p>\n\n<\/div>\n<\/div>\n<div id=\"faq-question-1684837803889\" class=\"rank-math-list-item\">\n<h3 class=\"rank-math-question \">Labioplasti yayg\u0131n m\u0131d\u0131r?<\/h3>\n<div class=\"rank-math-answer \">\n\n<p>Labioplasti son y\u0131llarda giderek yayg\u0131nla\u015fmaktad\u0131r. Daha fazla ki\u015fi kullan\u0131labilirli\u011finin ve potansiyel faydalar\u0131n\u0131n fark\u0131na vard\u0131k\u00e7a pop\u00fclaritesi artan bir prosed\u00fcrd\u00fcr. Uygulama karar\u0131 ki\u015fiye \u00f6zeldir ve ki\u015finin \u00f6zel kayg\u0131lar\u0131na ve hedeflerine ba\u011fl\u0131 olarak ki\u015fiden ki\u015fiye de\u011fi\u015fir. Labioplastinin do\u011fru se\u00e7im olup olmad\u0131\u011f\u0131n\u0131 belirlemek i\u00e7in prosed\u00fcr\u00fc, potansiyel riskleri ve beklenen sonu\u00e7lar\u0131 tart\u0131\u015fmak \u00fczere nitelikli bir sa\u011fl\u0131k hizmeti sa\u011flay\u0131c\u0131s\u0131na veya plastik cerraha dan\u0131\u015fmak \u00f6nemlidir.<\/p>\n\n<\/div>\n<\/div>\n<\/div>\n<\/div>\n<p>\u00a0<\/p>\n\n<h3 class=\"wp-block-heading\">Herhangi bir sorunuz olmas\u0131 durumunda hemen bizimle ileti\u015fime ge\u00e7in!<\/h3>\n","protected":false},"excerpt":{"rendered":"<p>Labioplasti olarak da bilinen labioplasti, vajinal a\u00e7\u0131kl\u0131\u011f\u0131 \u00e7evreleyen cildin i\u00e7 ve d\u0131\u015f k\u0131vr\u0131mlar\u0131yla ilgili kozmetik ve fiziksel endi\u015feleri gideren cerrahi [&hellip;]<\/p>\n","protected":false},"author":4,"featured_media":91429,"parent":0,"menu_order":0,"comment_status":"closed","ping_status":"closed","template":"","meta":{"site-sidebar-layout":"default","site-content-layout":"","ast-site-content-layout":"default","site-content-style":"default","site-sidebar-style":"default","ast-global-header-display":"","ast-banner-title-visibility":"","ast-main-header-display":"","ast-hfb-above-header-display":"","ast-hfb-below-header-display":"","ast-hfb-mobile-header-display":"","site-post-title":"","ast-breadcrumbs-content":"","ast-featured-img":"","footer-sml-layout":"","ast-disable-related-posts":"","theme-transparent-header-meta":"","adv-header-id-meta":"","stick-header-meta":"","header-above-stick-meta":"","header-main-stick-meta":"","header-below-stick-meta":"","astra-migrate-meta-layouts":"default","ast-page-background-enabled":"default","ast-page-background-meta":{"desktop":{"background-color":"var(--ast-global-color-4)","background-image":"","background-repeat":"repeat","background-position":"center center","background-size":"auto","background-attachment":"scroll","background-type":"","background-media":"","overlay-type":"","overlay-color":"","overlay-opacity":"","overlay-gradient":""},"tablet":{"background-color":"","background-image":"","background-repeat":"repeat","background-position":"center center","background-size":"auto","background-attachment":"scroll","background-type":"","background-media":"","overlay-type":"","overlay-color":"","overlay-opacity":"","overlay-gradient":""},"mobile":{"background-color":"","background-image":"","background-repeat":"repeat","background-position":"center center","background-size":"auto","background-attachment":"scroll","background-type":"","background-media":"","overlay-type":"","overlay-color":"","overlay-opacity":"","overlay-gradient":""}},"ast-content-background-meta":{"desktop":{"background-color":"var(--ast-global-color-5)","background-image":"","background-repeat":"repeat","background-position":"center center","background-size":"auto","background-attachment":"scroll","background-type":"","background-media":"","overlay-type":"","overlay-color":"","overlay-opacity":"","overlay-gradient":""},"tablet":{"background-color":"var(--ast-global-color-5)","background-image":"","background-repeat":"repeat","background-position":"center center","background-size":"auto","background-attachment":"scroll","background-type":"","background-media":"","overlay-type":"","overlay-color":"","overlay-opacity":"","overlay-gradient":""},"mobile":{"background-color":"var(--ast-global-color-5)","background-image":"","background-repeat":"repeat","background-position":"center center","background-size":"auto","background-attachment":"scroll","background-type":"","background-media":"","overlay-type":"","overlay-color":"","overlay-opacity":"","overlay-gradient":""}},"footnotes":""},"class_list":["post-146227","page","type-page","status-publish","has-post-thumbnail","hentry"],"_links":{"self":[{"href":"https:\/\/medclinics.com\/tr\/wp-json\/wp\/v2\/pages\/146227","targetHints":{"allow":["GET"]}}],"collection":[{"href":"https:\/\/medclinics.com\/tr\/wp-json\/wp\/v2\/pages"}],"about":[{"href":"https:\/\/medclinics.com\/tr\/wp-json\/wp\/v2\/types\/page"}],"author":[{"embeddable":true,"href":"https:\/\/medclinics.com\/tr\/wp-json\/wp\/v2\/users\/4"}],"replies":[{"embeddable":true,"href":"https:\/\/medclinics.com\/tr\/wp-json\/wp\/v2\/comments?post=146227"}],"version-history":[{"count":0,"href":"https:\/\/medclinics.com\/tr\/wp-json\/wp\/v2\/pages\/146227\/revisions"}],"wp:featuredmedia":[{"embeddable":true,"href":"https:\/\/medclinics.com\/tr\/wp-json\/wp\/v2\/media\/91429"}],"wp:attachment":[{"href":"https:\/\/medclinics.com\/tr\/wp-json\/wp\/v2\/media?parent=146227"}],"curies":[{"name":"wp","href":"https:\/\/api.w.org\/{rel}","templated":true}]}}