{"id":146217,"date":"2023-03-15T10:17:00","date_gmt":"2023-03-15T07:17:00","guid":{"rendered":"https:\/\/medclinics.com\/hymenoplasti\/"},"modified":"2025-01-02T15:59:22","modified_gmt":"2025-01-02T12:59:22","slug":"hymenoplasti","status":"publish","type":"page","link":"https:\/\/medclinics.com\/tr\/hymenoplasti\/","title":{"rendered":"Hymenoplasti"},"content":{"rendered":"\n<p>Hymenoplasti, vajinal a\u00e7\u0131kl\u0131kta bulunan k\u0131zl\u0131k zar\u0131n\u0131 yeniden yap\u0131land\u0131ran veya onaran cerrahi bir \u00e7\u00f6z\u00fcmd\u00fcr. Bu ince zar\u0131n \u015fekli ve boyutu bireyler aras\u0131nda de\u011fi\u015febilir ve seks, egzersiz veya tampon kullan\u0131m\u0131 gibi fiziksel aktiviteler nedeniyle gerilebilir veya y\u0131rt\u0131labilir.<\/p>\n\n<p>\u0130nsanlar k\u00fclt\u00fcrel, dini veya ki\u015fisel nedenlerle k\u0131zl\u0131k zar\u0131 esteti\u011fine ba\u015fvururlar, \u00e7\u00fcnk\u00fc herhangi bir y\u0131rt\u0131lma meydana gelmeden \u00f6nceki orijinal hallerini geri getirmeyi ama\u00e7lar. Bu prosed\u00fcr ya mevcut k\u0131zl\u0131k zar\u0131 dokusunun kal\u0131nt\u0131lar\u0131n\u0131 onarmay\u0131 ya da \u00e7evre dokular\u0131 kullanarak yeni yap\u0131lar olu\u015fturmay\u0131 i\u00e7erir.<\/p>\n\n<p>Ameliyat\u0131n t\u0131bbi a\u00e7\u0131dan gerekli olmay\u0131p daha ziyade kozmetik ama\u00e7l\u0131 oldu\u011funu anlamak \u00f6nemlidir; birincil amac\u0131 sa\u011flam bir k\u0131zl\u0131k zar\u0131 yap\u0131s\u0131na benzer bir g\u00f6r\u00fcn\u00fcm elde etmektir. <a href=\"https:\/\/en.wikipedia.org\/wiki\/Hymenorrhaphy\" target=\"_blank\" rel=\"noopener\">Hymnoplastiler<\/a> tipik olarak ameliyattan sonra k\u0131sa iyile\u015fme s\u00fcreleri ile ayakta tedavi baz\u0131nda ger\u00e7ekle\u015ftirilir.<\/p>\n\n<p>Bu t\u00fcr prosed\u00fcrlere girmeden \u00f6nce, karar verme s\u00fcrecinizin arkas\u0131ndaki bireysel motivasyonlar\u0131n yan\u0131 s\u0131ra hem k\u00fclt\u00fcrel \/ etik \/ sosyal etkilerle ilgili endi\u015felerinizi ele alman\u0131n yan\u0131 s\u0131ra sonu\u00e7larla ilgili beklentiler hakk\u0131nda ayr\u0131nt\u0131l\u0131 bilgi sa\u011flayacak nitelikli plastik cerrahlarla a\u00e7\u0131k bir \u015fekilde ileti\u015fim kurulmal\u0131d\u0131r.<\/p>\n\n<h3 class=\"wp-block-heading\">Fiyat, bak\u0131m sonras\u0131 ve iyile\u015fme s\u00fcreci de dahil olmak \u00fczere <a href=\"https:\/\/medclinics.com\/tr\/genital-estetik\/\" target=\"_blank\" rel=\"noreferrer noopener\">genital estetik<\/a> hakk\u0131nda bilmeniz gereken her \u015fey veya <a href=\"#requestform\">bizimle ileti\u015fime<\/a> ge\u00e7in!<\/h3>\n\n<h2 class=\"wp-block-heading\">SSS<\/h2>\n<div id=\"rank-math-faq\" class=\"rank-math-block\">\n<div class=\"rank-math-list \">\n<div id=\"faq-question-1684836770900\" class=\"rank-math-list-item\">\n<h3 class=\"rank-math-question \">Hymenoplasti nedir?<\/h3>\n<div class=\"rank-math-answer \">\n\n<p>Hymenoplasti, vajina giri\u015findeki ince bir zar olan k\u0131zl\u0131k zar\u0131n\u0131 yeniden yap\u0131land\u0131rmay\u0131 veya onarmay\u0131 ama\u00e7layan cerrahi bir prosed\u00fcrd\u00fcr. Genellikle ki\u015fisel, k\u00fclt\u00fcrel ya da toplumsal nedenlerle yap\u0131l\u0131r ve k\u0131zl\u0131k zar\u0131 halkas\u0131n\u0131n dikilmesini ya da yeniden olu\u015fturulmas\u0131n\u0131 i\u00e7erir.<\/p>\n\n<\/div>\n<\/div>\n<div id=\"faq-question-1684836822286\" class=\"rank-math-list-item\">\n<h3 class=\"rank-math-question \">Hymenoplasti prosed\u00fcr\u00fc nedir?<\/h3>\n<div class=\"rank-math-answer \">\n\n<p>Hymenoplasti, k\u0131zl\u0131k zar\u0131n\u0131n yeniden yap\u0131land\u0131r\u0131lmas\u0131n\u0131 veya onar\u0131lmas\u0131n\u0131 i\u00e7eren cerrahi bir prosed\u00fcrd\u00fcr. Prosed\u00fcr tipik olarak k\u0131zl\u0131k zar\u0131 kal\u0131nt\u0131lar\u0131n\u0131 birbirine diker veya k\u0131zl\u0131k zar\u0131 halkas\u0131n\u0131 yeniden olu\u015fturmak i\u00e7in doku greftleri kullanarak g\u00f6r\u00fcn\u00fcm\u00fcn\u00fc eski haline getirmeyi ama\u00e7lar.<\/p>\n\n<\/div>\n<\/div>\n<\/div>\n<\/div>\n<p>\u00a0<\/p>\n\n<h3 class=\"wp-block-heading\">Herhangi bir sorunuz olmas\u0131 durumunda hemen bizimle ileti\u015fime ge\u00e7in!<\/h3>\n","protected":false},"excerpt":{"rendered":"<p>Hymenoplasti, vajinal a\u00e7\u0131kl\u0131kta bulunan k\u0131zl\u0131k zar\u0131n\u0131 yeniden yap\u0131land\u0131ran veya onaran cerrahi bir \u00e7\u00f6z\u00fcmd\u00fcr. Bu ince zar\u0131n \u015fekli ve boyutu bireyler [&hellip;]<\/p>\n","protected":false},"author":4,"featured_media":93072,"parent":0,"menu_order":0,"comment_status":"closed","ping_status":"closed","template":"","meta":{"site-sidebar-layout":"default","site-content-layout":"","ast-site-content-layout":"default","site-content-style":"default","site-sidebar-style":"default","ast-global-header-display":"","ast-banner-title-visibility":"","ast-main-header-display":"","ast-hfb-above-header-display":"","ast-hfb-below-header-display":"","ast-hfb-mobile-header-display":"","site-post-title":"","ast-breadcrumbs-content":"","ast-featured-img":"","footer-sml-layout":"","ast-disable-related-posts":"","theme-transparent-header-meta":"","adv-header-id-meta":"","stick-header-meta":"","header-above-stick-meta":"","header-main-stick-meta":"","header-below-stick-meta":"","astra-migrate-meta-layouts":"default","ast-page-background-enabled":"default","ast-page-background-meta":{"desktop":{"background-color":"var(--ast-global-color-4)","background-image":"","background-repeat":"repeat","background-position":"center center","background-size":"auto","background-attachment":"scroll","background-type":"","background-media":"","overlay-type":"","overlay-color":"","overlay-opacity":"","overlay-gradient":""},"tablet":{"background-color":"","background-image":"","background-repeat":"repeat","background-position":"center center","background-size":"auto","background-attachment":"scroll","background-type":"","background-media":"","overlay-type":"","overlay-color":"","overlay-opacity":"","overlay-gradient":""},"mobile":{"background-color":"","background-image":"","background-repeat":"repeat","background-position":"center center","background-size":"auto","background-attachment":"scroll","background-type":"","background-media":"","overlay-type":"","overlay-color":"","overlay-opacity":"","overlay-gradient":""}},"ast-content-background-meta":{"desktop":{"background-color":"var(--ast-global-color-5)","background-image":"","background-repeat":"repeat","background-position":"center center","background-size":"auto","background-attachment":"scroll","background-type":"","background-media":"","overlay-type":"","overlay-color":"","overlay-opacity":"","overlay-gradient":""},"tablet":{"background-color":"var(--ast-global-color-5)","background-image":"","background-repeat":"repeat","background-position":"center center","background-size":"auto","background-attachment":"scroll","background-type":"","background-media":"","overlay-type":"","overlay-color":"","overlay-opacity":"","overlay-gradient":""},"mobile":{"background-color":"var(--ast-global-color-5)","background-image":"","background-repeat":"repeat","background-position":"center center","background-size":"auto","background-attachment":"scroll","background-type":"","background-media":"","overlay-type":"","overlay-color":"","overlay-opacity":"","overlay-gradient":""}},"footnotes":""},"class_list":["post-146217","page","type-page","status-publish","has-post-thumbnail","hentry"],"_links":{"self":[{"href":"https:\/\/medclinics.com\/tr\/wp-json\/wp\/v2\/pages\/146217","targetHints":{"allow":["GET"]}}],"collection":[{"href":"https:\/\/medclinics.com\/tr\/wp-json\/wp\/v2\/pages"}],"about":[{"href":"https:\/\/medclinics.com\/tr\/wp-json\/wp\/v2\/types\/page"}],"author":[{"embeddable":true,"href":"https:\/\/medclinics.com\/tr\/wp-json\/wp\/v2\/users\/4"}],"replies":[{"embeddable":true,"href":"https:\/\/medclinics.com\/tr\/wp-json\/wp\/v2\/comments?post=146217"}],"version-history":[{"count":0,"href":"https:\/\/medclinics.com\/tr\/wp-json\/wp\/v2\/pages\/146217\/revisions"}],"wp:featuredmedia":[{"embeddable":true,"href":"https:\/\/medclinics.com\/tr\/wp-json\/wp\/v2\/media\/93072"}],"wp:attachment":[{"href":"https:\/\/medclinics.com\/tr\/wp-json\/wp\/v2\/media?parent=146217"}],"curies":[{"name":"wp","href":"https:\/\/api.w.org\/{rel}","templated":true}]}}