{"id":146205,"date":"2023-03-13T09:23:22","date_gmt":"2023-03-13T09:23:22","guid":{"rendered":"https:\/\/medclinics.com\/penis-estetigi-sunnet\/"},"modified":"2024-04-01T15:57:06","modified_gmt":"2024-04-01T12:57:06","slug":"penis-estetigi-sunnet","status":"publish","type":"page","link":"https:\/\/medclinics.com\/tr\/penis-estetigi-sunnet\/","title":{"rendered":"Penis Esteti\u011fi &#8211; S\u00fcnnet"},"content":{"rendered":"\n<p>S\u00fcnnet, penisin ba\u015f k\u0131sm\u0131n\u0131 \u00f6rten s\u00fcnnet derisinin al\u0131nmas\u0131n\u0131 i\u00e7eren cerrahi bir i\u015flemdir. Bu uygulama, d\u00fcnyam\u0131z\u0131n farkl\u0131 b\u00f6lgelerinde b\u00fcy\u00fck k\u00fclt\u00fcrel, dini ve t\u0131bbi \u00f6neme sahiptir.<\/p>\n\n<p>Dini S\u00fcnnet: Yahudilik ve \u0130slam&#8217;da s\u00fcnnet, Tanr\u0131 ile antla\u015fma yapmak veya di\u011fer ruhani nedenlerle erkek bebeklere bir rit\u00fcel olarak uygulan\u0131r. Bu, nesiller boyunca aktar\u0131lan \u00f6nemli bir gelenektir.<\/p>\n\n<p>K\u00fclt\u00fcrel S\u00fcnnet: Baz\u0131 k\u00fclt\u00fcrler s\u00fcnneti, dinle herhangi bir ba\u011f\u0131 olmaks\u0131z\u0131n geleneksel uygulamalar\u0131n\u0131n bir par\u00e7as\u0131 olarak ger\u00e7ekle\u015ftirmektedir. Bu eylem, her k\u00fclt\u00fcrdeki ya\u015f aral\u0131\u011f\u0131na veya ba\u011flama ba\u011fl\u0131 olarak ge\u00e7i\u015f t\u00f6renleri veya inisiyasyon rit\u00fcelleri s\u0131ras\u0131nda sembolik olarak kullan\u0131labilir.<\/p>\n\n<p>T\u0131bbi S\u00fcnnet: T\u0131p uzmanlar\u0131, fimozis (s\u0131k\u0131 s\u00fcnnet derisi), tekrarlayan balanit (iltihaplanma), idrar yolu enfeksiyonlar\u0131, HIV\/AIDS gibi cinsel yolla bula\u015fan hastal\u0131klar da dahil olmak \u00fczere penis kanserinin \u00f6nlenmesi gibi belirli durumlar\u0131n tedavisinde bu ameliyat\u0131 \u00f6nermektedir &#8211; t\u00fcm bunlar <a href=\"https:\/\/en.wikipedia.org\/wiki\/Circumcision\" target=\"_blank\" rel=\"noopener\">s\u00fcnnetlerin<\/a> riskleri \u00f6nemli \u00f6l\u00e7\u00fcde azaltmaya yard\u0131mc\u0131 olabilece\u011fi ge\u00e7erli sa\u011fl\u0131k sorunlar\u0131d\u0131r!<\/p>\n\n<p>Sonu\u00e7 olarak, ister dini ama\u00e7lar, ister k\u00fclt\u00fcrel gelenekler veya t\u0131bbi olarak \u00f6nerilen prosed\u00fcrler i\u00e7in yap\u0131ls\u0131n &#8211; s\u00fcnnet olman\u0131n bir\u00e7ok faydas\u0131 vard\u0131r!<\/p>\n\n<h3 class=\"wp-block-heading\">Fiyat, bak\u0131m sonras\u0131 ve iyile\u015fme s\u00fcreci de dahil olmak \u00fczere <a href=\"https:\/\/medclinics.com\/tr\/genital-estetik\/\" target=\"_blank\" rel=\"noreferrer noopener\">genital estetik<\/a> hakk\u0131nda bilmeniz gereken her \u015fey veya <a href=\"#requestform\">bizimle ileti\u015fime<\/a> ge\u00e7in!<\/h3>\n\n<h2 class=\"wp-block-heading\">SSS<\/h2>\n<div id=\"rank-math-faq\" class=\"rank-math-block\">\n<div class=\"rank-math-list \">\n<div id=\"faq-question-1684830656279\" class=\"rank-math-list-item\">\n<h3 class=\"rank-math-question \">S\u00fcnnet ac\u0131 verir mi?<\/h3>\n<div class=\"rank-math-answer \">\n\n<p>S\u00fcnnet s\u0131ras\u0131nda a\u011fr\u0131 deneyimi de\u011fi\u015fiklik g\u00f6sterir ve i\u015flem s\u0131ras\u0131nda a\u011fr\u0131y\u0131 en aza indirmek veya ortadan kald\u0131rmak i\u00e7in tipik olarak anestezi kullan\u0131l\u0131r. Yeni do\u011fanlara b\u00f6lgeyi uyu\u015fturmak i\u00e7in lokal anestezi verilirken, daha b\u00fcy\u00fck \u00e7ocuklara ve yeti\u015fkinlere genel anestezi verilebilir. A\u011fr\u0131 y\u00f6netimi teknikleri ve uygun bak\u0131m, iyile\u015fme s\u00fcrecinde rahats\u0131zl\u0131\u011f\u0131 hafifletmek i\u00e7in \u00f6nemlidir. Sa\u011fl\u0131k hizmeti sa\u011flay\u0131c\u0131lar\u0131 a\u011fr\u0131 y\u00f6netimi se\u00e7eneklerini tart\u0131\u015fmal\u0131 ve s\u00fcnnet olan bireylerin konforu i\u00e7in gerekli deste\u011fi sa\u011flamal\u0131d\u0131r.<\/p>\n\n<\/div>\n<\/div>\n<div id=\"faq-question-1684830690206\" class=\"rank-math-list-item\">\n<h3 class=\"rank-math-question \">S\u00fcnnet nas\u0131l iyile\u015ftirir?<\/h3>\n<div class=\"rank-math-answer \">\n\n<p>S\u00fcnnet sonras\u0131 iyile\u015fme s\u00fcreci birka\u00e7 a\u015famadan olu\u015fur. \u0130\u015flemden hemen sonra koruyucu bir pansuman uygulan\u0131r ve b\u00f6lgede bir miktar rahats\u0131zl\u0131k, \u015fi\u015flik ve hassasiyet olabilir. Herhangi bir a\u011fr\u0131y\u0131 y\u00f6netmek i\u00e7in a\u011fr\u0131 kesici ila\u00e7lar re\u00e7ete edilebilir. Takip eden g\u00fcnlerde pansuman \u00e7\u0131kar\u0131l\u0131r ve sa\u011fl\u0131k hizmeti sa\u011flay\u0131c\u0131s\u0131n\u0131n talimatlar\u0131na g\u00f6re b\u00f6lgenin nazik\u00e7e temizlenmesine ba\u015flan\u0131r. B\u00f6lgeyi temiz ve kuru tutmak enfeksiyonu \u00f6nlemek i\u00e7in \u00f6nemlidir. Birka\u00e7 hafta boyunca kesi yeri yava\u015f yava\u015f iyile\u015fir ve ba\u015flang\u0131\u00e7taki k\u0131zar\u0131kl\u0131k, \u015fi\u015flik ve hassasiyet azal\u0131r. Yorucu aktivitelerden ka\u00e7\u0131nmak ve verilen bak\u0131m talimatlar\u0131na uymak \u00e7ok \u00f6nemlidir. \u0130yile\u015fme s\u00fcrecini izlemek ve endi\u015feleri gidermek i\u00e7in genellikle sa\u011fl\u0131k hizmeti sa\u011flay\u0131c\u0131s\u0131yla bir takip randevusu planlan\u0131r. Her bireyin iyile\u015fme deneyimi farkl\u0131l\u0131k g\u00f6sterebilir, bu nedenle ba\u015far\u0131l\u0131 bir iyile\u015fme s\u00fcreci i\u00e7in verilen \u00f6zel bak\u0131m talimatlar\u0131na uymak \u00f6nemlidir.<\/p>\n\n<\/div>\n<\/div>\n<div id=\"faq-question-1684830753654\" class=\"rank-math-list-item\">\n<h3 class=\"rank-math-question \">Bebekler i\u00e7in en iyi s\u00fcnnet y\u00f6ntemi hangisidir?<\/h3>\n<div class=\"rank-math-answer \">\n\n<p>Bebekler i\u00e7in en iyi s\u00fcnnet y\u00f6ntemini se\u00e7mek s\u00f6z konusu oldu\u011funda, karar genellikle \u00e7e\u015fitli fakt\u00f6rlere ba\u011fl\u0131d\u0131r. Yayg\u0131n olarak kullan\u0131lan iki y\u00f6ntem plastibell y\u00f6ntemi ve Gomco veya Mogen klemp y\u00f6ntemidir. Plastibell y\u00f6ntemi, glans \u00fczerine plastik bir halka veya \u00e7an yerle\u015ftirilmesini ve halka kan ak\u0131\u015f\u0131n\u0131 kesti\u011fi i\u00e7in fazla s\u00fcnnet derisinin do\u011fal olarak \u00e7\u0131kar\u0131lmas\u0131na izin verilmesini i\u00e7erir. Gomco veya Mogen klemp y\u00f6ntemi, s\u00fcnnet derisi kesilmeden \u00f6nce sabitlemek i\u00e7in bir klemp kullan\u0131lmas\u0131n\u0131 ve kesi yerinin \u00e7\u00f6z\u00fclebilir diki\u015flerle kapat\u0131lmas\u0131n\u0131 i\u00e7erir. Y\u00f6ntem se\u00e7imi, sa\u011fl\u0131k hizmeti sa\u011flay\u0131c\u0131s\u0131n\u0131n uzmanl\u0131\u011f\u0131na, bebe\u011fin ya\u015f\u0131na ve belirli t\u0131bbi hususlara g\u00f6re de\u011fi\u015febilir. Mevcut se\u00e7enekleri tart\u0131\u015fmak ve bebe\u011fin bireysel ko\u015fullar\u0131na en uygun olan bilin\u00e7li bir karar vermek i\u00e7in kalifiye bir sa\u011fl\u0131k uzman\u0131na dan\u0131\u015fmak \u00f6nemlidir.<\/p>\n\n<\/div>\n<\/div>\n<\/div>\n<\/div>\n<p>\u00a0<\/p>\n\n<h3 class=\"wp-block-heading\">Herhangi bir sorunuz olmas\u0131 durumunda hemen bizimle ileti\u015fime ge\u00e7in!<\/h3>\n","protected":false},"excerpt":{"rendered":"<p>S\u00fcnnet, penisin ba\u015f k\u0131sm\u0131n\u0131 \u00f6rten s\u00fcnnet derisinin al\u0131nmas\u0131n\u0131 i\u00e7eren cerrahi bir i\u015flemdir. Bu uygulama, d\u00fcnyam\u0131z\u0131n farkl\u0131 b\u00f6lgelerinde b\u00fcy\u00fck k\u00fclt\u00fcrel, dini [&hellip;]<\/p>\n","protected":false},"author":4,"featured_media":93193,"parent":0,"menu_order":0,"comment_status":"closed","ping_status":"closed","template":"","meta":{"site-sidebar-layout":"default","site-content-layout":"","ast-site-content-layout":"default","site-content-style":"default","site-sidebar-style":"default","ast-global-header-display":"","ast-banner-title-visibility":"","ast-main-header-display":"","ast-hfb-above-header-display":"","ast-hfb-below-header-display":"","ast-hfb-mobile-header-display":"","site-post-title":"","ast-breadcrumbs-content":"","ast-featured-img":"","footer-sml-layout":"","ast-disable-related-posts":"","theme-transparent-header-meta":"","adv-header-id-meta":"","stick-header-meta":"","header-above-stick-meta":"","header-main-stick-meta":"","header-below-stick-meta":"","astra-migrate-meta-layouts":"default","ast-page-background-enabled":"default","ast-page-background-meta":{"desktop":{"background-color":"var(--ast-global-color-4)","background-image":"","background-repeat":"repeat","background-position":"center center","background-size":"auto","background-attachment":"scroll","background-type":"","background-media":"","overlay-type":"","overlay-color":"","overlay-opacity":"","overlay-gradient":""},"tablet":{"background-color":"","background-image":"","background-repeat":"repeat","background-position":"center center","background-size":"auto","background-attachment":"scroll","background-type":"","background-media":"","overlay-type":"","overlay-color":"","overlay-opacity":"","overlay-gradient":""},"mobile":{"background-color":"","background-image":"","background-repeat":"repeat","background-position":"center center","background-size":"auto","background-attachment":"scroll","background-type":"","background-media":"","overlay-type":"","overlay-color":"","overlay-opacity":"","overlay-gradient":""}},"ast-content-background-meta":{"desktop":{"background-color":"var(--ast-global-color-5)","background-image":"","background-repeat":"repeat","background-position":"center center","background-size":"auto","background-attachment":"scroll","background-type":"","background-media":"","overlay-type":"","overlay-color":"","overlay-opacity":"","overlay-gradient":""},"tablet":{"background-color":"var(--ast-global-color-5)","background-image":"","background-repeat":"repeat","background-position":"center center","background-size":"auto","background-attachment":"scroll","background-type":"","background-media":"","overlay-type":"","overlay-color":"","overlay-opacity":"","overlay-gradient":""},"mobile":{"background-color":"var(--ast-global-color-5)","background-image":"","background-repeat":"repeat","background-position":"center center","background-size":"auto","background-attachment":"scroll","background-type":"","background-media":"","overlay-type":"","overlay-color":"","overlay-opacity":"","overlay-gradient":""}},"footnotes":""},"class_list":["post-146205","page","type-page","status-publish","has-post-thumbnail","hentry"],"_links":{"self":[{"href":"https:\/\/medclinics.com\/tr\/wp-json\/wp\/v2\/pages\/146205","targetHints":{"allow":["GET"]}}],"collection":[{"href":"https:\/\/medclinics.com\/tr\/wp-json\/wp\/v2\/pages"}],"about":[{"href":"https:\/\/medclinics.com\/tr\/wp-json\/wp\/v2\/types\/page"}],"author":[{"embeddable":true,"href":"https:\/\/medclinics.com\/tr\/wp-json\/wp\/v2\/users\/4"}],"replies":[{"embeddable":true,"href":"https:\/\/medclinics.com\/tr\/wp-json\/wp\/v2\/comments?post=146205"}],"version-history":[{"count":0,"href":"https:\/\/medclinics.com\/tr\/wp-json\/wp\/v2\/pages\/146205\/revisions"}],"wp:featuredmedia":[{"embeddable":true,"href":"https:\/\/medclinics.com\/tr\/wp-json\/wp\/v2\/media\/93193"}],"wp:attachment":[{"href":"https:\/\/medclinics.com\/tr\/wp-json\/wp\/v2\/media?parent=146205"}],"curies":[{"name":"wp","href":"https:\/\/api.w.org\/{rel}","templated":true}]}}