{"id":146183,"date":"2023-03-14T09:20:00","date_gmt":"2023-03-14T06:20:00","guid":{"rendered":"https:\/\/medclinics.com\/klitoris-estetigi\/"},"modified":"2024-12-30T19:19:34","modified_gmt":"2024-12-30T16:19:34","slug":"klitoris-estetigi","status":"publish","type":"page","link":"https:\/\/medclinics.com\/tr\/klitoris-estetigi\/","title":{"rendered":"Klitoris Esteti\u011fi"},"content":{"rendered":"\n<h2 class=\"wp-block-heading\">Geni\u015flemi\u015f bir klitoris ba\u015fl\u0131\u011f\u0131n\u0131n boyut sorunlar\u0131 nedeniyle rahats\u0131zl\u0131k ya\u015f\u0131yorsan\u0131z, Klitoris Esteti\u011fi faydal\u0131 olabilir.<\/h2>\n\n<p>Klitoral hoodektomi veya klitoral hoodplasti olarak da adland\u0131r\u0131lan <a href=\"https:\/\/en.wikipedia.org\/wiki\/Clitoral_hood_reduction\" target=\"_blank\" rel=\"noreferrer noopener\">Klitoris Esteti\u011fi<\/a>, klitorisinizi kaplayan k\u0131vr\u0131m\u0131n fazla dokusunu azaltmaya yard\u0131mc\u0131 olabilecek cerrahi bir se\u00e7enektir. Bu prosed\u00fcr cinsel aktivite s\u0131ras\u0131nda korumaya ve uyarmaya yard\u0131mc\u0131 olurken, baz\u0131lar\u0131 \u00e7\u0131k\u0131nt\u0131l\u0131 veya b\u00fcy\u00fck boyutlu klitoris ba\u015fl\u0131klar\u0131 konusunda kendilerini bilin\u00e7li hissedebilirler.<\/p>\n\n<p>Lokal anestezi alt\u0131ndaki operasyon s\u0131ras\u0131nda cerrahlar, bireysel anatomi ihtiya\u00e7lar\u0131na \u00f6zel olarak uyarlanm\u0131\u015f optimum sonu\u00e7lar i\u00e7in temel i\u015flevleri ve hassasiyeti korurken ekstra dokular\u0131 \u00e7\u0131kar\u0131r.<\/p>\n\n<p>Ancak di\u011fer t\u00fcm t\u0131bbi m\u00fcdahalelerde oldu\u011fu gibi enfeksiyon, kanama, yara izi, his kayb\u0131 gibi riskler s\u00f6z konusudur, bu nedenle estetik ameliyatlarla ilgili nihai kararlar\u0131 vermeden \u00f6nce sadece bu endi\u015feleri etrafl\u0131ca tart\u0131\u015fmak de\u011fil, ayn\u0131 zamanda ger\u00e7ek\u00e7i beklentilere sahip olmak da \u00f6nemlidir!<\/p>\n\n<h3 class=\"wp-block-heading\">Fiyat, bak\u0131m sonras\u0131 ve iyile\u015fme s\u00fcreci de dahil olmak \u00fczere <a href=\"https:\/\/medclinics.com\/tr\/genital-estetik\/\" target=\"_blank\" rel=\"noreferrer noopener\">genital estetik<\/a> hakk\u0131nda bilmeniz gereken her \u015fey veya <a href=\"#requestform\">bizimle ileti\u015fime<\/a> ge\u00e7in!<\/h3>\n\n<h2 class=\"wp-block-heading\">SSS<\/h2>\n<div id=\"rank-math-faq\" class=\"rank-math-block\">\n<div class=\"rank-math-list \">\n<div id=\"faq-question-1684831298996\" class=\"rank-math-list-item\">\n<h3 class=\"rank-math-question \">Klitoral ba\u015fl\u0131k k\u00fc\u00e7\u00fclt\u00fclebilir mi?<\/h3>\n<div class=\"rank-math-answer \">\n\n<p>Evet, klitoral ba\u015fl\u0131k, klitoral ba\u015fl\u0131k k\u00fc\u00e7\u00fcltme veya klitoral hoodektomi ad\u0131 verilen klitoris esteti\u011fi, cerrahi bir prosed\u00fcrle k\u00fc\u00e7\u00fclt\u00fclebilir. Bu prosed\u00fcr, klitorisi ortaya \u00e7\u0131karmak ve g\u00f6r\u00fcn\u00fcrl\u00fc\u011f\u00fcn\u00fc art\u0131rmak i\u00e7in klitoral ba\u015fl\u0131ktan fazla dokunun \u00e7\u0131kar\u0131lmas\u0131n\u0131 i\u00e7erir. Klitoral ba\u015fl\u0131\u011f\u0131n k\u00fc\u00e7\u00fclt\u00fclmesi genellikle estetik nedenlerle veya a\u015f\u0131r\u0131 veya fazla dokunun neden oldu\u011fu rahats\u0131zl\u0131\u011f\u0131 hafifletmek i\u00e7in yap\u0131l\u0131r. Bireysel ko\u015fullara ba\u011fl\u0131 olarak potansiyel riskleri, faydalar\u0131 ve beklenen sonu\u00e7lar\u0131 tart\u0131\u015fmak i\u00e7in nitelikli bir sa\u011fl\u0131k hizmeti sa\u011flay\u0131c\u0131s\u0131na veya bu prosed\u00fcrde uzmanla\u015fm\u0131\u015f bir plastik cerraha dan\u0131\u015fmak \u00f6nemlidir.<\/p>\n\n<\/div>\n<\/div>\n<div id=\"faq-question-1684831318284\" class=\"rank-math-list-item\">\n<h3 class=\"rank-math-question \">Klitoral ba\u015fl\u0131\u011f\u0131m neden ac\u0131yor?<\/h3>\n<div class=\"rank-math-answer \">\n\n<p>Klitoral ba\u015fl\u0131kta rahats\u0131zl\u0131k veya a\u011fr\u0131 ya\u015famak \u00fcz\u00fcc\u00fc olabilir ve bu hissin birka\u00e7 potansiyel nedeni vard\u0131r. Klitoral ba\u015fl\u0131\u011f\u0131n tahri\u015fi veya iltihaplanmas\u0131 s\u00fcrt\u00fcnme, dar giysiler veya tahri\u015f edici maddelere maruz kalma gibi fakt\u00f6rlere ba\u011fl\u0131 olarak ortaya \u00e7\u0131kabilir. Maya enfeksiyonlar\u0131 veya bakteriyel vajinozis gibi enfeksiyonlar da klitoral ba\u015fl\u0131kta iltihaplanma ve rahats\u0131zl\u0131\u011fa yol a\u00e7abilir. Ek olarak, klitoral ba\u015fl\u0131kta travma veya yaralanman\u0131n yan\u0131 s\u0131ra klitoral ba\u015fl\u0131k yap\u0131\u015f\u0131kl\u0131klar\u0131 da a\u011fr\u0131 veya hassasiyete katk\u0131da bulunabilir. Klitoral ba\u015fl\u0131\u011f\u0131n\u0131zda s\u00fcrekli veya \u015fiddetli a\u011fr\u0131 ya\u015f\u0131yorsan\u0131z, semptomlar\u0131n\u0131z\u0131 de\u011ferlendirebilecek, muayene yapabilecek ve \u00f6zel durumunuza g\u00f6re uygun rehberlik ve tedavi se\u00e7enekleri sunabilecek bir sa\u011fl\u0131k uzman\u0131na veya jinekolo\u011fa dan\u0131\u015fman\u0131z tavsiye edilir.<\/p>\n\n<\/div>\n<\/div>\n<div id=\"faq-question-1684831417949\" class=\"rank-math-list-item\">\n<h3 class=\"rank-math-question \">Klitoral ba\u015fl\u0131\u011f\u0131 \u00e7\u0131kar\u0131rsan\u0131z ne olur?<\/h3>\n<div class=\"rank-math-answer \">\n\n<p>Klitoral ba\u015fl\u0131\u011f\u0131n k\u00fc\u00e7\u00fclt\u00fclmesinin ana sonucu, klitorisin daha fazla a\u00e7\u0131\u011fa \u00e7\u0131kmas\u0131 ve potansiyel olarak cinsel uyar\u0131m\u0131 ve hassasiyeti art\u0131rmas\u0131d\u0131r. Ek olarak, prosed\u00fcr klitorisi daha g\u00f6r\u00fcn\u00fcr veya belirgin hale getirerek estetik de\u011fi\u015fikliklere neden olabilir. Herhangi bir cerrahi prosed\u00fcr gibi klitoral ba\u015fl\u0131\u011f\u0131n \u00e7\u0131kar\u0131lmas\u0131n\u0131n da kanama, enfeksiyon, yara izi veya his de\u011fi\u015fiklikleri gibi potansiyel riskler ve komplikasyonlar ta\u015f\u0131d\u0131\u011f\u0131n\u0131 unutmamak \u00f6nemlidir. Ki\u015fisel deneyimler ve sonu\u00e7lar de\u011fi\u015febilir, bu nedenle ki\u015fisel ihtiya\u00e7lar\u0131n\u0131za ve isteklerinize g\u00f6re potansiyel faydalar\u0131, riskleri ve beklenen sonu\u00e7lar\u0131 tart\u0131\u015fmak i\u00e7in bu prosed\u00fcrde uzmanla\u015fm\u0131\u015f nitelikli bir sa\u011fl\u0131k hizmeti sa\u011flay\u0131c\u0131s\u0131na veya plastik cerraha dan\u0131\u015fman\u0131z \u00e7ok \u00f6nemlidir.<\/p>\n\n<\/div>\n<\/div>\n<\/div>\n<\/div>\n<p>\u00a0<\/p>\n\n<h3 class=\"wp-block-heading\">Herhangi bir sorunuz olmas\u0131 durumunda hemen bizimle ileti\u015fime ge\u00e7in!<\/h3>\n","protected":false},"excerpt":{"rendered":"<p>Geni\u015flemi\u015f bir klitoris ba\u015fl\u0131\u011f\u0131n\u0131n boyut sorunlar\u0131 nedeniyle rahats\u0131zl\u0131k ya\u015f\u0131yorsan\u0131z, Klitoris Esteti\u011fi faydal\u0131 olabilir. Klitoral hoodektomi veya klitoral hoodplasti olarak da [&hellip;]<\/p>\n","protected":false},"author":4,"featured_media":91335,"parent":0,"menu_order":0,"comment_status":"closed","ping_status":"closed","template":"","meta":{"site-sidebar-layout":"default","site-content-layout":"","ast-site-content-layout":"default","site-content-style":"default","site-sidebar-style":"default","ast-global-header-display":"","ast-banner-title-visibility":"","ast-main-header-display":"","ast-hfb-above-header-display":"","ast-hfb-below-header-display":"","ast-hfb-mobile-header-display":"","site-post-title":"","ast-breadcrumbs-content":"","ast-featured-img":"","footer-sml-layout":"","ast-disable-related-posts":"","theme-transparent-header-meta":"","adv-header-id-meta":"","stick-header-meta":"","header-above-stick-meta":"","header-main-stick-meta":"","header-below-stick-meta":"","astra-migrate-meta-layouts":"default","ast-page-background-enabled":"default","ast-page-background-meta":{"desktop":{"background-color":"var(--ast-global-color-4)","background-image":"","background-repeat":"repeat","background-position":"center center","background-size":"auto","background-attachment":"scroll","background-type":"","background-media":"","overlay-type":"","overlay-color":"","overlay-opacity":"","overlay-gradient":""},"tablet":{"background-color":"","background-image":"","background-repeat":"repeat","background-position":"center center","background-size":"auto","background-attachment":"scroll","background-type":"","background-media":"","overlay-type":"","overlay-color":"","overlay-opacity":"","overlay-gradient":""},"mobile":{"background-color":"","background-image":"","background-repeat":"repeat","background-position":"center center","background-size":"auto","background-attachment":"scroll","background-type":"","background-media":"","overlay-type":"","overlay-color":"","overlay-opacity":"","overlay-gradient":""}},"ast-content-background-meta":{"desktop":{"background-color":"var(--ast-global-color-5)","background-image":"","background-repeat":"repeat","background-position":"center center","background-size":"auto","background-attachment":"scroll","background-type":"","background-media":"","overlay-type":"","overlay-color":"","overlay-opacity":"","overlay-gradient":""},"tablet":{"background-color":"var(--ast-global-color-5)","background-image":"","background-repeat":"repeat","background-position":"center center","background-size":"auto","background-attachment":"scroll","background-type":"","background-media":"","overlay-type":"","overlay-color":"","overlay-opacity":"","overlay-gradient":""},"mobile":{"background-color":"var(--ast-global-color-5)","background-image":"","background-repeat":"repeat","background-position":"center center","background-size":"auto","background-attachment":"scroll","background-type":"","background-media":"","overlay-type":"","overlay-color":"","overlay-opacity":"","overlay-gradient":""}},"footnotes":""},"class_list":["post-146183","page","type-page","status-publish","has-post-thumbnail","hentry"],"_links":{"self":[{"href":"https:\/\/medclinics.com\/tr\/wp-json\/wp\/v2\/pages\/146183","targetHints":{"allow":["GET"]}}],"collection":[{"href":"https:\/\/medclinics.com\/tr\/wp-json\/wp\/v2\/pages"}],"about":[{"href":"https:\/\/medclinics.com\/tr\/wp-json\/wp\/v2\/types\/page"}],"author":[{"embeddable":true,"href":"https:\/\/medclinics.com\/tr\/wp-json\/wp\/v2\/users\/4"}],"replies":[{"embeddable":true,"href":"https:\/\/medclinics.com\/tr\/wp-json\/wp\/v2\/comments?post=146183"}],"version-history":[{"count":0,"href":"https:\/\/medclinics.com\/tr\/wp-json\/wp\/v2\/pages\/146183\/revisions"}],"wp:featuredmedia":[{"embeddable":true,"href":"https:\/\/medclinics.com\/tr\/wp-json\/wp\/v2\/media\/91335"}],"wp:attachment":[{"href":"https:\/\/medclinics.com\/tr\/wp-json\/wp\/v2\/media?parent=146183"}],"curies":[{"name":"wp","href":"https:\/\/api.w.org\/{rel}","templated":true}]}}