{"id":146167,"date":"2023-05-23T08:12:59","date_gmt":"2023-05-23T05:12:59","guid":{"rendered":"https:\/\/medclinics.com\/omurga-cerrahisi\/"},"modified":"2025-01-03T00:13:44","modified_gmt":"2025-01-02T21:13:44","slug":"omurga-cerrahisi","status":"publish","type":"page","link":"https:\/\/medclinics.com\/tr\/omurga-cerrahisi\/","title":{"rendered":"Omurga Cerrahisi"},"content":{"rendered":"\n<h2 class=\"wp-block-heading\">Omurga a\u011fr\u0131s\u0131n\u0131 hafifletmek ve a\u011fr\u0131s\u0131z bir ya\u015fama yeniden kavu\u015fmak i\u00e7in d\u00f6n\u00fc\u015ft\u00fcr\u00fcc\u00fc bir yol ar\u0131yorsan\u0131z, Omurga Cerrahisinden ba\u015fkas\u0131na bakmay\u0131n.<\/h2>\n\n<p>Omurga cerrahisi, <strong>omurga ve <a href=\"https:\/\/en.wikipedia.org\/wiki\/Spinal_disease\" target=\"_blank\" rel=\"noreferrer noopener\">omurilik hastal\u0131klar\u0131n\u0131n<\/a> ve bozukluklar\u0131n\u0131n<\/strong> d\u00fczeltilmesiyle ilgilenir. Ayn\u0131 zamanda ameliyats\u0131z yap\u0131labilen konservatif tedavileri de i\u00e7erir.<\/p>\n\n<p>Omurga ameliyat\u0131 her zaman <strong>\u00f6zel e\u011fitimli bir cerrah<\/strong> taraf\u0131ndan yap\u0131lmal\u0131d\u0131r. G\u00f6r\u00fcnt\u00fcleme teknikleri genellikle ameliyata yard\u0131mc\u0131 olmak i\u00e7in kullan\u0131l\u0131r.<br\/>Hastanede kal\u0131\u015f s\u00fcresi altta yatan duruma ba\u011fl\u0131d\u0131r ve ki\u015fiden ki\u015fiye b\u00fcy\u00fck farkl\u0131l\u0131klar g\u00f6sterir. Omurga cerrahisi sonras\u0131 rehabilitasyon a\u015famas\u0131nda ve fizik tedavi ile g\u00fc\u00e7 ve hareketlilik geri kazan\u0131lmal\u0131d\u0131r.<\/p>\n\n<h3 class=\"wp-block-heading\">Omurga cerrahisi t\u00fcrleri<\/h3>\n\n<p>Konservatif y\u00f6ntemler t\u00fckendi\u011finde, a\u011fr\u0131y\u0131 hafifletmek ve omurgada daha fazla hasar\u0131 \u00f6nlemek i\u00e7in geriye kalan tek se\u00e7enek genellikle ameliyatt\u0131r. \u00c7o\u011fu zaman, hastalar\u0131n s\u0131n\u0131rl\u0131 hareket kabiliyeti, profesyonelce ger\u00e7ekle\u015ftirilen bir ameliyattan sonra tamamen geri kazan\u0131labilir. Omurga ameliyat\u0131 her zaman yaln\u0131zca son derece deneyimli bir uzman taraf\u0131ndan yap\u0131lmal\u0131d\u0131r.<\/p>\n\n<p>Dekompresyon cerrahisi, f\u00fczyon cerrahisi, disk replasman cerrahisi ve minimal invaziv cerrahi aras\u0131nda bir <strong>ayr\u0131m<\/strong> yap\u0131l\u0131r.<\/p>\n\n<p><strong>Dekompresyon ameliyat\u0131<\/strong>, spinal kanal\u0131 geni\u015fleterek sinirlere bask\u0131 uygulamay\u0131 i\u00e7erir.<\/p>\n\n<p><strong>F\u00fczyon cerrahisinde<\/strong>, ad\u0131ndan <strong>da<\/strong> anla\u015f\u0131laca\u011f\u0131 gibi, omurgan\u0131n etkilenen b\u00f6l\u00fcm\u00fc vidalarla veya kese denilen y\u00f6ntemle birle\u015ftirilir. Bunlar cerrahi olarak omurgaya ba\u011flan\u0131r ve omurlar\u0131 do\u011fru pozisyonlar\u0131na d\u00f6nd\u00fcr\u00fcr.<\/p>\n\n<p><strong>Disk replasman\u0131 ameliyat\u0131nda<\/strong> hasarl\u0131 diskler, diskin do\u011fal i\u015flevini \u00fcstlenen ve hareket kabiliyetini geri kazand\u0131ran yapay disklerle de\u011fi\u015ftirilir.<\/p>\n\n<p><strong>Minimal invaziv ameliyat<\/strong> sadece k\u00fc\u00e7\u00fck cilt kesileri gerektirir ve uzun ve b\u00fcy\u00fck yara izlerinden ka\u00e7\u0131n\u0131r. Bu da hastan\u0131n iyile\u015fme s\u00fcresini k\u0131salt\u0131r. Minimal invaziv cerrahi, \u00e7e\u015fitli omurga prosed\u00fcrleri i\u00e7in kullan\u0131l\u0131r.<\/p>\n\n<p>Uzman doktorunuz sizinle g\u00f6r\u00fc\u015fecek ve hangi cerrahi y\u00f6ntemin sizin i\u00e7in uygun oldu\u011funu dikkatlice de\u011ferlendirecektir.<\/p>\n\n<h3 class=\"wp-block-heading\"><a href=\"https:\/\/medclinics.com\/orthopedic-treatments-fight-against-immobility\/\" target=\"_blank\" rel=\"noreferrer noopener\">Ortopedik tedaviler<\/a> hakk\u0131nda fiyat, bak\u0131m sonras\u0131 ve iyile\u015fme s\u00fcreci de dahil olmak \u00fczere bilmeniz gereken her \u015fey veya <a href=\"#requestform\">bizimle ileti\u015fime<\/a> ge\u00e7in!<\/h3>\n\n<figure class=\"wp-block-image size-full\"><img fetchpriority=\"high\" decoding=\"async\" width=\"960\" height=\"540\" class=\"wp-image-97274\" src=\"https:\/\/medclinics.com\/wp-content\/uploads\/2023\/07\/spine-surgery-near-me.jpg\" alt=\"Yak&#x131;n&#x131;mdaki Omurga Cerrahisi\" srcset=\"https:\/\/medclinics.com\/wp-content\/uploads\/2023\/07\/spine-surgery-near-me.jpg 960w, https:\/\/medclinics.com\/wp-content\/uploads\/2023\/07\/spine-surgery-near-me-500x281.jpg 500w, https:\/\/medclinics.com\/wp-content\/uploads\/2023\/07\/spine-surgery-near-me-768x432.jpg 768w, https:\/\/medclinics.com\/wp-content\/uploads\/2023\/07\/spine-surgery-near-me-24x14.jpg 24w, https:\/\/medclinics.com\/wp-content\/uploads\/2023\/07\/spine-surgery-near-me-36x20.jpg 36w, https:\/\/medclinics.com\/wp-content\/uploads\/2023\/07\/spine-surgery-near-me-48x27.jpg 48w\" sizes=\"(max-width: 960px) 100vw, 960px\" \/><\/figure>\n\n<h2 class=\"wp-block-heading\">SSS<\/h2>\n<div id=\"rank-math-faq\" class=\"rank-math-block\">\n<div class=\"rank-math-list \">\n<div id=\"faq-question-1684829388578\" class=\"rank-math-list-item\">\n<h3 class=\"rank-math-question \">Omurga ameliyat\u0131 nedir?<\/h3>\n<div class=\"rank-math-answer \">\n\n<p>Omurga cerrahisi, omurga deformiteleri, bel f\u0131t\u0131\u011f\u0131, spinal stenoz veya omurga yaralanmalar\u0131 gibi omurgay\u0131 etkileyen durumlar\u0131 ele almak i\u00e7in uygulanan t\u0131bbi bir prosed\u00fcrd\u00fcr. A\u011fr\u0131y\u0131 gidermeyi, omurga stabilitesini iyile\u015ftirmeyi, i\u015flevi geri kazand\u0131rmay\u0131 ve altta yatan omurga sorunlar\u0131n\u0131 ele almay\u0131 ama\u00e7layan \u00e7e\u015fitli cerrahi teknikleri i\u00e7erir.<\/p>\n\n<\/div>\n<\/div>\n<div id=\"faq-question-1684829444627\" class=\"rank-math-list-item\">\n<h3 class=\"rank-math-question \">Spinal f\u00fczyon ameliyat\u0131 nedir?<\/h3>\n<div class=\"rank-math-answer \">\n\n<p>Spinal f\u00fczyon ameliyat\u0131, omurgadaki iki veya daha fazla omurun birle\u015ftirilerek sa\u011flam bir kemik yap\u0131 olu\u015fturulmas\u0131 i\u00e7in yap\u0131lan bir i\u015flemdir. Omurlar\u0131n kayna\u015fmas\u0131n\u0131 desteklemek i\u00e7in kemik greftleri, metal implantlar veya her ikisinin birden kullan\u0131lmas\u0131n\u0131 i\u00e7erir. Spinal f\u00fczyonun amac\u0131 omurgay\u0131 stabilize etmek, a\u011fr\u0131y\u0131 azaltmak ve omurga deformiteleri, omurga k\u0131r\u0131klar\u0131, dejeneratif disk hastal\u0131\u011f\u0131 veya omurga instabilitesi gibi durumlar\u0131 ele almakt\u0131r.<\/p>\n\n<\/div>\n<\/div>\n<div id=\"faq-question-1684829264389\" class=\"rank-math-list-item\">\n<h3 class=\"rank-math-question \">Omurga ameliyat\u0131 olmaya de\u011fer mi?<\/h3>\n<div class=\"rank-math-answer \">\n\n<p>Omurga cerrahisinin de\u011feri, her bir ki\u015finin bireysel ko\u015fullar\u0131na ve \u015fartlar\u0131na ba\u011fl\u0131d\u0131r. Bir\u00e7ok vakada omurga cerrahisi, zay\u0131flat\u0131c\u0131 a\u011fr\u0131n\u0131n giderilmesi, i\u015flevin iyile\u015ftirilmesi ve ya\u015fam kalitesinin art\u0131r\u0131lmas\u0131 a\u00e7\u0131s\u0131ndan son derece faydal\u0131 olabilir. Ancak bu, kalifiye bir omurga uzman\u0131na dan\u0131\u015f\u0131larak dikkatle de\u011ferlendirilmesi gereken \u00f6nemli bir karard\u0131r. Durumunuzu de\u011ferlendirebilir, potansiyel faydalar\u0131 ve riskleri tart\u0131\u015fabilir ve benzersiz durumunuza ve tedavi hedeflerinize g\u00f6re bilin\u00e7li bir karar vermenize yard\u0131mc\u0131 olabilirler. Potansiyel faydalar\u0131 risklere kar\u015f\u0131 tartmak ve ameliyat\u0131n sonu\u00e7lar\u0131 hakk\u0131nda ger\u00e7ek\u00e7i beklentilere sahip olmak \u00f6nemlidir.<\/p>\n\n<\/div>\n<\/div>\n<div id=\"faq-question-1684829316804\" class=\"rank-math-list-item\">\n<h3 class=\"rank-math-question \">Omurga ameliyat\u0131 tehlikeli midir?<\/h3>\n<div class=\"rank-math-answer \">\n\n<p>Omurga cerrahisi, her cerrahi prosed\u00fcr gibi, do\u011fal riskler ta\u015f\u0131r. Ancak t\u0131bbi teknolojideki ilerlemeler, geli\u015fmi\u015f cerrahi teknikler ve yetenekli cerrahlar\u0131n uzmanl\u0131\u011f\u0131 sayesinde omurga cerrahisi y\u0131llar i\u00e7inde daha g\u00fcvenli hale gelmi\u015ftir. Omurga cerrahisinin g\u00fcvenli\u011fi de spesifik prosed\u00fcr, hastan\u0131n genel sa\u011fl\u0131k durumu ve cerrahi ekibin deneyimi gibi \u00e7e\u015fitli fakt\u00f6rlere ba\u011fl\u0131d\u0131r.<\/p>\n\n<\/div>\n<\/div>\n<\/div>\n<\/div>\n<p>\u00a0<\/p>\n\n<h3 class=\"wp-block-heading\">Herhangi bir sorunuz olmas\u0131 durumunda hemen bizimle ileti\u015fime ge\u00e7in!<\/h3>\n","protected":false},"excerpt":{"rendered":"<p>Omurga a\u011fr\u0131s\u0131n\u0131 hafifletmek ve a\u011fr\u0131s\u0131z bir ya\u015fama yeniden kavu\u015fmak i\u00e7in d\u00f6n\u00fc\u015ft\u00fcr\u00fcc\u00fc bir yol ar\u0131yorsan\u0131z, Omurga Cerrahisinden ba\u015fkas\u0131na bakmay\u0131n. Omurga cerrahisi, [&hellip;]<\/p>\n","protected":false},"author":4,"featured_media":91761,"parent":0,"menu_order":0,"comment_status":"closed","ping_status":"closed","template":"","meta":{"site-sidebar-layout":"default","site-content-layout":"","ast-site-content-layout":"default","site-content-style":"default","site-sidebar-style":"default","ast-global-header-display":"","ast-banner-title-visibility":"","ast-main-header-display":"","ast-hfb-above-header-display":"","ast-hfb-below-header-display":"","ast-hfb-mobile-header-display":"","site-post-title":"","ast-breadcrumbs-content":"","ast-featured-img":"","footer-sml-layout":"","ast-disable-related-posts":"","theme-transparent-header-meta":"","adv-header-id-meta":"","stick-header-meta":"","header-above-stick-meta":"","header-main-stick-meta":"","header-below-stick-meta":"","astra-migrate-meta-layouts":"default","ast-page-background-enabled":"default","ast-page-background-meta":{"desktop":{"background-color":"var(--ast-global-color-4)","background-image":"","background-repeat":"repeat","background-position":"center center","background-size":"auto","background-attachment":"scroll","background-type":"","background-media":"","overlay-type":"","overlay-color":"","overlay-opacity":"","overlay-gradient":""},"tablet":{"background-color":"","background-image":"","background-repeat":"repeat","background-position":"center center","background-size":"auto","background-attachment":"scroll","background-type":"","background-media":"","overlay-type":"","overlay-color":"","overlay-opacity":"","overlay-gradient":""},"mobile":{"background-color":"","background-image":"","background-repeat":"repeat","background-position":"center center","background-size":"auto","background-attachment":"scroll","background-type":"","background-media":"","overlay-type":"","overlay-color":"","overlay-opacity":"","overlay-gradient":""}},"ast-content-background-meta":{"desktop":{"background-color":"var(--ast-global-color-5)","background-image":"","background-repeat":"repeat","background-position":"center center","background-size":"auto","background-attachment":"scroll","background-type":"","background-media":"","overlay-type":"","overlay-color":"","overlay-opacity":"","overlay-gradient":""},"tablet":{"background-color":"var(--ast-global-color-5)","background-image":"","background-repeat":"repeat","background-position":"center center","background-size":"auto","background-attachment":"scroll","background-type":"","background-media":"","overlay-type":"","overlay-color":"","overlay-opacity":"","overlay-gradient":""},"mobile":{"background-color":"var(--ast-global-color-5)","background-image":"","background-repeat":"repeat","background-position":"center center","background-size":"auto","background-attachment":"scroll","background-type":"","background-media":"","overlay-type":"","overlay-color":"","overlay-opacity":"","overlay-gradient":""}},"footnotes":""},"class_list":["post-146167","page","type-page","status-publish","has-post-thumbnail","hentry"],"_links":{"self":[{"href":"https:\/\/medclinics.com\/tr\/wp-json\/wp\/v2\/pages\/146167","targetHints":{"allow":["GET"]}}],"collection":[{"href":"https:\/\/medclinics.com\/tr\/wp-json\/wp\/v2\/pages"}],"about":[{"href":"https:\/\/medclinics.com\/tr\/wp-json\/wp\/v2\/types\/page"}],"author":[{"embeddable":true,"href":"https:\/\/medclinics.com\/tr\/wp-json\/wp\/v2\/users\/4"}],"replies":[{"embeddable":true,"href":"https:\/\/medclinics.com\/tr\/wp-json\/wp\/v2\/comments?post=146167"}],"version-history":[{"count":0,"href":"https:\/\/medclinics.com\/tr\/wp-json\/wp\/v2\/pages\/146167\/revisions"}],"wp:featuredmedia":[{"embeddable":true,"href":"https:\/\/medclinics.com\/tr\/wp-json\/wp\/v2\/media\/91761"}],"wp:attachment":[{"href":"https:\/\/medclinics.com\/tr\/wp-json\/wp\/v2\/media?parent=146167"}],"curies":[{"name":"wp","href":"https:\/\/api.w.org\/{rel}","templated":true}]}}