{"id":146157,"date":"2023-05-23T07:56:45","date_gmt":"2023-05-23T04:56:45","guid":{"rendered":"https:\/\/medclinics.com\/omuz-eklem-protezi\/"},"modified":"2025-01-03T00:12:28","modified_gmt":"2025-01-02T21:12:28","slug":"omuz-eklem-protezi","status":"publish","type":"page","link":"https:\/\/medclinics.com\/tr\/omuz-eklem-protezi\/","title":{"rendered":"Omuz Eklem Protezi"},"content":{"rendered":"\n<h2 class=\"wp-block-heading\">\u0130nat\u00e7\u0131 omuz a\u011fr\u0131lar\u0131n\u0131 dindirmenin ve a\u011fr\u0131s\u0131z hareket \u00f6zg\u00fcrl\u00fc\u011f\u00fcn\u00fc yeniden ke\u015ffetmenin bir yolunu ar\u0131yorsan\u0131z, Omuz Protezi Ameliyat\u0131 m\u00fckemmel bir \u00e7\u00f6z\u00fcm olabilir.<\/h2>\n\n<p>T\u0131pk\u0131 kal\u00e7a gibi omuz eklemi de bir bilye ve soket eklemidir ve insan v\u00fccudundaki en hareketli eklem olarak kabul edilir. Omuz eklemi <strong>kollar\u0131m\u0131z\u0131 neredeyse t\u00fcm y\u00f6nlerde hareket ettirmemizi<\/strong> sa\u011flar. \u00c7ok say\u0131da kas ve ba\u011f eklemi stabilize eder. Bununla birlikte, di\u011fer eklemlere g\u00f6re daha hassast\u0131r. Bu nedenle, \u00f6rne\u011fin bir d\u00fc\u015fme s\u0131ras\u0131nda omzunuz kolayca yerinden \u00e7\u0131kabilir.<\/p>\n\n<p><a href=\"https:\/\/en.wikipedia.org\/wiki\/Shoulder_replacement\" target=\"_blank\" rel=\"noopener\">Omuz eklemi<\/a>, \u00fcst kolun \u00fcst ucunu olu\u015fturan bir eklem topu ve k\u00fcrek kemi\u011fi \u00fczerindeki bir soketten olu\u015fur. Soket kal\u00e7a eklemi kadar derin olmad\u0131\u011f\u0131 i\u00e7in geni\u015f bir hareket aral\u0131\u011f\u0131 m\u00fcmk\u00fcnd\u00fcr. Eklemin her iki k\u0131sm\u0131 da bir k\u0131k\u0131rdak tabakas\u0131yla kapl\u0131d\u0131r ve aralar\u0131ndaki sinovyal s\u0131v\u0131 s\u00fcrt\u00fcnmeyi azalt\u0131r ve a\u011fr\u0131s\u0131z harekete izin verir.<\/p>\n\n<p>\u00c7o\u011fu zaman, omuzdaki osteoartrit nedeniyle <strong>yapay bir omuz eklemi<\/strong> kullan\u0131l\u0131r. Bu durum k\u0131k\u0131rdak tabakas\u0131n\u0131n daha fazla a\u015f\u0131nmas\u0131na yol a\u00e7ar ve sonunda neredeyse dayan\u0131lmaz a\u011fr\u0131lara neden olur. Hastalar\u0131n hareketleri ve dolay\u0131s\u0131yla ya\u015fam kaliteleri ciddi \u015fekilde k\u0131s\u0131tlan\u0131r.<\/p>\n\n<p>Cerrahi prosed\u00fcrden \u00f6nce doktor, di\u011fer t\u00fcm tedavi y\u00f6ntemlerinin t\u00fcketildi\u011finden emin olacakt\u0131r.<br\/>Omuz eklemi ameliyat\u0131 <strong>yakla\u015f\u0131k 1,5 saat<\/strong> s\u00fcrer ve genellikle genel anestezi alt\u0131nda yap\u0131l\u0131r.<\/p>\n\n<figure class=\"wp-block-image size-full\"><img fetchpriority=\"high\" decoding=\"async\" width=\"960\" height=\"540\" class=\"wp-image-97283\" src=\"https:\/\/medclinics.com\/wp-content\/uploads\/2023\/07\/shoulder-joint-replacement-near-me.jpg\" alt=\"\" srcset=\"https:\/\/medclinics.com\/wp-content\/uploads\/2023\/07\/shoulder-joint-replacement-near-me.jpg 960w, https:\/\/medclinics.com\/wp-content\/uploads\/2023\/07\/shoulder-joint-replacement-near-me-500x281.jpg 500w, https:\/\/medclinics.com\/wp-content\/uploads\/2023\/07\/shoulder-joint-replacement-near-me-768x432.jpg 768w, https:\/\/medclinics.com\/wp-content\/uploads\/2023\/07\/shoulder-joint-replacement-near-me-24x14.jpg 24w, https:\/\/medclinics.com\/wp-content\/uploads\/2023\/07\/shoulder-joint-replacement-near-me-36x20.jpg 36w, https:\/\/medclinics.com\/wp-content\/uploads\/2023\/07\/shoulder-joint-replacement-near-me-48x27.jpg 48w\" sizes=\"(max-width: 960px) 100vw, 960px\" \/><\/figure>\n\n<p><strong>Yapay omuz eklemlerinin farkl\u0131 t\u00fcrleri<\/strong> vard\u0131r. Sadece glenoid kavite, sadece kondil ya da her ikisi birlikte de\u011fi\u015ftirilebilir. Bu durum total protez olarak adland\u0131r\u0131l\u0131r. Burada da hastan\u0131n bireysel durumuna ba\u011fl\u0131 olarak farkl\u0131 tip ve modeller vard\u0131r. Hangi y\u00f6ntem ve modelin sizin i\u00e7in en uygun oldu\u011funa doktorunuz sizinle birlikte karar verecektir.<\/p>\n\n<p>Omuz protez ameliyat\u0131 s\u0131ras\u0131nda cerrah genellikle omzun \u00f6n taraf\u0131nda yakla\u015f\u0131k 6-10 cm uzunlu\u011funda bir <strong>kesi<\/strong> yapar, \u00e7\u00fcnk\u00fc orada daha az sinir vard\u0131r. Eklem a\u00e7\u0131\u011fa \u00e7\u0131kar\u0131l\u0131r ve bu genellikle bir kas\u0131n ayr\u0131lmas\u0131n\u0131 gerektirir, daha sonra bu kas yeniden ba\u011flan\u0131r. Hastal\u0131kl\u0131 kemik ve k\u0131k\u0131rdak \u00e7\u0131kar\u0131l\u0131r ve yapay eklem yerle\u015ftirilir. Hassas bir i\u015flevsel testin ard\u0131ndan i\u015flem tamamlan\u0131r.<\/p>\n\n<p>Yapay omuz eklemlerinin dayan\u0131kl\u0131l\u0131\u011f\u0131 eskiden yakla\u015f\u0131k 10 y\u0131l iken, g\u00fcn\u00fcm\u00fczde <strong>yakla\u015f\u0131k 15 y\u0131l<\/strong> oldu\u011fu tahmin edilmektedir. Hastanede kal\u0131\u015f s\u00fcresi <strong>sadece birka\u00e7 g\u00fcnd\u00fcr <\/strong>ve a\u015f\u0131r\u0131 a\u011fr\u0131dan ka\u00e7\u0131nmak i\u00e7in ameliyat edilen kolun \u00f6nce hareketsiz hale getirilmesi gerekir.<\/p>\n\n<p>Rehabilitasyon a\u015famas\u0131 ayakta tedavi baz\u0131nda ger\u00e7ekle\u015fir ve yakla\u015f\u0131k \u00fc\u00e7 hafta s\u00fcrer. Ama\u00e7, hastalar\u0131n g\u00fcnl\u00fck ya\u015fam aktivitelerini tekrar ba\u011f\u0131ms\u0131z ve a\u011fr\u0131s\u0131z bir \u015fekilde ger\u00e7ekle\u015ftirebilmeleridir. Bunlar aras\u0131nda giyinme, di\u015f f\u0131r\u00e7alama, t\u0131ra\u015f olma, sa\u00e7 tarama, yemek pi\u015firme ve yemek yeme yer al\u0131r.<\/p>\n\n<p>Yapay omuz ekleminin yerle\u015ftirilmesinden sonra, tenis, futbol ve \u00e7o\u011fu top sporu gibi d\u00fc\u015fme riski olan veya bir\u00e7ok sars\u0131nt\u0131l\u0131 hareket i\u00e7eren sporlardan ka\u00e7\u0131n\u0131lmal\u0131d\u0131r. Y\u00fczme, ko\u015fu, y\u00fcr\u00fcy\u00fc\u015f veya dans gibi aktiviteler sizin i\u00e7in daha uygundur.<\/p>\n\n<p>Omuz protez ameliyat\u0131 g\u00fcn\u00fcm\u00fczde <strong>standart bir prosed\u00fcr<\/strong> olarak kabul edilmektedir. Almanya&#8217;da her y\u0131l yakla\u015f\u0131k 60.000 yapay omuz eklemi implante edilmektedir.<\/p>\n\n<h3 class=\"wp-block-heading\"><a href=\"https:\/\/medclinics.com\/orthopedic-treatments-fight-against-immobility\/\" target=\"_blank\" rel=\"noreferrer noopener\">Ortopedik tedaviler<\/a> hakk\u0131nda fiyat, bak\u0131m sonras\u0131 ve iyile\u015fme s\u00fcreci de dahil olmak \u00fczere bilmeniz gereken her \u015fey veya <a href=\"#requestform\">bizimle ileti\u015fime<\/a> ge\u00e7in!<\/h3>\n\n<figure class=\"wp-block-image size-full\"><img decoding=\"async\" width=\"960\" height=\"540\" class=\"wp-image-97291\" src=\"https:\/\/medclinics.com\/wp-content\/uploads\/2023\/07\/shoulder-joint-replacement-near-me-istanbul.jpg\" alt=\"Yak&#x131;n&#x131;mdaki Omuz Protezi &#x130;stanbul\" srcset=\"https:\/\/medclinics.com\/wp-content\/uploads\/2023\/07\/shoulder-joint-replacement-near-me-istanbul.jpg 960w, https:\/\/medclinics.com\/wp-content\/uploads\/2023\/07\/shoulder-joint-replacement-near-me-istanbul-500x281.jpg 500w, https:\/\/medclinics.com\/wp-content\/uploads\/2023\/07\/shoulder-joint-replacement-near-me-istanbul-768x432.jpg 768w, https:\/\/medclinics.com\/wp-content\/uploads\/2023\/07\/shoulder-joint-replacement-near-me-istanbul-24x14.jpg 24w, https:\/\/medclinics.com\/wp-content\/uploads\/2023\/07\/shoulder-joint-replacement-near-me-istanbul-36x20.jpg 36w, https:\/\/medclinics.com\/wp-content\/uploads\/2023\/07\/shoulder-joint-replacement-near-me-istanbul-48x27.jpg 48w\" sizes=\"(max-width: 960px) 100vw, 960px\" \/><\/figure>\n\n<h2 class=\"wp-block-heading\">SSS<\/h2>\n<div id=\"rank-math-faq\" class=\"rank-math-block\">\n<div class=\"rank-math-list \">\n<div id=\"faq-question-1684828491801\" class=\"rank-math-list-item\">\n<h3 class=\"rank-math-question \">Omuz protezi nedir?<\/h3>\n<div class=\"rank-math-answer \">\n\n<p>Omuz artroplastisi olarak da bilinen omuz eklemi replasman\u0131, omuz ekleminin hasarl\u0131 veya hastal\u0131kl\u0131 k\u0131s\u0131mlar\u0131n\u0131n yapay bile\u015fenlerle de\u011fi\u015ftirilmesini i\u00e7eren cerrahi bir prosed\u00fcrd\u00fcr. \u015eiddetli artrit, rotator man\u015fet y\u0131rt\u0131\u011f\u0131 artropatisi veya omuz ekleminde geri d\u00f6n\u00fc\u015f\u00fc olmayan hasara neden olan k\u0131r\u0131klar gibi durumlar\u0131 olan bireylerde a\u011fr\u0131y\u0131 hafifletmek, hareketlili\u011fi art\u0131rmak ve i\u015flevi yeniden sa\u011flamak i\u00e7in yap\u0131l\u0131r.<\/p>\n\n<\/div>\n<\/div>\n<div id=\"faq-question-1684828322117\" class=\"rank-math-list-item\">\n<h3 class=\"rank-math-question \">Omuz protezi i\u00e7in belirtiler nelerdir?<\/h3>\n<div class=\"rank-math-answer \">\n\n<p>Omuz artroplastisi olarak bilinen omuz protezi ihtiyac\u0131na i\u015faret edebilecek belirtiler aras\u0131nda dinlenme veya ila\u00e7 tedavisi gibi konservatif tedavilere yan\u0131t vermeyen inat\u00e7\u0131 ve \u015fiddetli omuz a\u011fr\u0131s\u0131 yer al\u0131r. Omuz a\u011fr\u0131s\u0131 ve sertli\u011fi nedeniyle s\u0131n\u0131rl\u0131 hareket a\u00e7\u0131kl\u0131\u011f\u0131 ve g\u00fcnl\u00fck aktiviteleri ger\u00e7ekle\u015ftirmede zorluk yayg\u0131n g\u00f6stergelerdir. Osteoartrit veya romatoid artrit gibi omuz eklemini etkileyen, a\u011fr\u0131, iltihaplanma ve i\u015flevsel k\u0131s\u0131tlamalara yol a\u00e7an durumlar omuz protezi gerektirebilir. Rotator man\u015fetin onar\u0131lamaz bir \u015fekilde y\u0131rt\u0131lmas\u0131 ve ard\u0131ndan eklem dejenerasyonu ile karakterize olan rotator man\u015fet y\u0131rt\u0131\u011f\u0131 artropatisi de omuz replasman\u0131 i\u00e7in bir i\u015faret olabilir. \u00d6nceki tedaviler yeterli a\u011fr\u0131 kesici veya fonksiyonel iyile\u015fme sa\u011flamada ba\u015far\u0131s\u0131z olmu\u015fsa, bir sonraki eylem olarak omuz replasman\u0131 d\u00fc\u015f\u00fcn\u00fclebilir. Belirli semptomlar\u0131n\u0131za, t\u0131bbi ge\u00e7mi\u015finize ve genel sa\u011fl\u0131k durumunuza g\u00f6re omuz protezinin uygunlu\u011funu belirlemek i\u00e7in t\u0131bbi g\u00f6r\u00fcnt\u00fcleme de dahil olmak \u00fczere kapsaml\u0131 bir de\u011ferlendirme i\u00e7in bir ortopedi uzman\u0131na dan\u0131\u015fmak \u00e7ok \u00f6nemlidir.<\/p>\n\n<\/div>\n<\/div>\n<div id=\"faq-question-1684828342214\" class=\"rank-math-list-item\">\n<h3 class=\"rank-math-question \">Omuz eklemi de\u011fi\u015ftirilebilir mi?<\/h3>\n<div class=\"rank-math-answer \">\n\n<p>Evet, omuz artroplastisi olarak da bilinen omuz eklemi replasman\u0131, hasarl\u0131 veya hastal\u0131kl\u0131 bir omuz ekleminin yapay bir eklem veya protez ile de\u011fi\u015ftirildi\u011fi cerrahi bir prosed\u00fcrd\u00fcr. Prosed\u00fcr, top (\u00fcst kol kemi\u011finin ba\u015f\u0131 veya humerus) ve yuva (glenoid) dahil olmak \u00fczere omuz ekleminin hasarl\u0131 par\u00e7alar\u0131n\u0131n \u00e7\u0131kar\u0131lmas\u0131n\u0131 ve bunlar\u0131n metal, plastik veya her ikisinin bir kombinasyonundan yap\u0131lm\u0131\u015f yapay bile\u015fenlerle de\u011fi\u015ftirilmesini i\u00e7erir.<\/p>\n\n<\/div>\n<\/div>\n<div id=\"faq-question-1684828410835\" class=\"rank-math-list-item\">\n<h3 class=\"rank-math-question \">Omuz protezi ne kadar ba\u015far\u0131l\u0131d\u0131r?<\/h3>\n<div class=\"rank-math-answer \">\n\n<p>Genel olarak omuz protezi ameliyat\u0131, a\u011fr\u0131n\u0131n giderilmesi ve fonksiyonel iyile\u015fme a\u00e7\u0131s\u0131ndan y\u00fcksek bir ba\u015far\u0131 oran\u0131na sahiptir. \u00c7al\u0131\u015fmalar, hastalar\u0131n \u00e7o\u011funun i\u015flemden sonra \u00f6nemli \u00f6l\u00e7\u00fcde a\u011fr\u0131 azalmas\u0131 ve omuz fonksiyonlar\u0131nda iyile\u015fme ya\u015fad\u0131\u011f\u0131n\u0131 g\u00f6stermi\u015ftir. Ara\u015ft\u0131rma ve klinik verilere g\u00f6re, omuz protezi ameliyat\u0131 i\u00e7in ba\u015far\u0131 oranlar\u0131, a\u011fr\u0131n\u0131n giderilmesi ve hasta memnuniyeti a\u00e7\u0131s\u0131ndan %80 ila %95 aras\u0131nda de\u011fi\u015fmektedir. Omuz replasman\u0131n\u0131n ba\u015far\u0131s\u0131n\u0131 etkileyebilecek fakt\u00f6rler aras\u0131nda uygun hasta se\u00e7imi, ameliyat sonras\u0131 rehabilitasyon ve tedaviye ba\u011fl\u0131l\u0131k ve prosed\u00fcr\u00fc uygulayan cerrah\u0131n beceri ve deneyimi yer al\u0131r. Ba\u015far\u0131l\u0131 bir sonu\u00e7 \u015fans\u0131n\u0131 optimize etmek i\u00e7in hastalar\u0131n ameliyat sonras\u0131 bak\u0131m ve rehabilitasyon i\u00e7in cerrahlar\u0131n\u0131n tavsiyelerine uymalar\u0131 \u00f6nemlidir.<\/p>\n\n<\/div>\n<\/div>\n<\/div>\n<\/div>\n<p>\u00a0<\/p>\n\n<h3 class=\"wp-block-heading\">Herhangi bir sorunuz olmas\u0131 durumunda hemen bizimle ileti\u015fime ge\u00e7in!<\/h3>\n","protected":false},"excerpt":{"rendered":"<p>\u0130nat\u00e7\u0131 omuz a\u011fr\u0131lar\u0131n\u0131 dindirmenin ve a\u011fr\u0131s\u0131z hareket \u00f6zg\u00fcrl\u00fc\u011f\u00fcn\u00fc yeniden ke\u015ffetmenin bir yolunu ar\u0131yorsan\u0131z, Omuz Protezi Ameliyat\u0131 m\u00fckemmel bir \u00e7\u00f6z\u00fcm olabilir. [&hellip;]<\/p>\n","protected":false},"author":4,"featured_media":91731,"parent":0,"menu_order":0,"comment_status":"closed","ping_status":"closed","template":"","meta":{"site-sidebar-layout":"default","site-content-layout":"","ast-site-content-layout":"default","site-content-style":"default","site-sidebar-style":"default","ast-global-header-display":"","ast-banner-title-visibility":"","ast-main-header-display":"","ast-hfb-above-header-display":"","ast-hfb-below-header-display":"","ast-hfb-mobile-header-display":"","site-post-title":"","ast-breadcrumbs-content":"","ast-featured-img":"","footer-sml-layout":"","ast-disable-related-posts":"","theme-transparent-header-meta":"","adv-header-id-meta":"","stick-header-meta":"","header-above-stick-meta":"","header-main-stick-meta":"","header-below-stick-meta":"","astra-migrate-meta-layouts":"default","ast-page-background-enabled":"default","ast-page-background-meta":{"desktop":{"background-color":"var(--ast-global-color-4)","background-image":"","background-repeat":"repeat","background-position":"center center","background-size":"auto","background-attachment":"scroll","background-type":"","background-media":"","overlay-type":"","overlay-color":"","overlay-opacity":"","overlay-gradient":""},"tablet":{"background-color":"","background-image":"","background-repeat":"repeat","background-position":"center center","background-size":"auto","background-attachment":"scroll","background-type":"","background-media":"","overlay-type":"","overlay-color":"","overlay-opacity":"","overlay-gradient":""},"mobile":{"background-color":"","background-image":"","background-repeat":"repeat","background-position":"center center","background-size":"auto","background-attachment":"scroll","background-type":"","background-media":"","overlay-type":"","overlay-color":"","overlay-opacity":"","overlay-gradient":""}},"ast-content-background-meta":{"desktop":{"background-color":"var(--ast-global-color-5)","background-image":"","background-repeat":"repeat","background-position":"center center","background-size":"auto","background-attachment":"scroll","background-type":"","background-media":"","overlay-type":"","overlay-color":"","overlay-opacity":"","overlay-gradient":""},"tablet":{"background-color":"var(--ast-global-color-5)","background-image":"","background-repeat":"repeat","background-position":"center center","background-size":"auto","background-attachment":"scroll","background-type":"","background-media":"","overlay-type":"","overlay-color":"","overlay-opacity":"","overlay-gradient":""},"mobile":{"background-color":"var(--ast-global-color-5)","background-image":"","background-repeat":"repeat","background-position":"center center","background-size":"auto","background-attachment":"scroll","background-type":"","background-media":"","overlay-type":"","overlay-color":"","overlay-opacity":"","overlay-gradient":""}},"footnotes":""},"class_list":["post-146157","page","type-page","status-publish","has-post-thumbnail","hentry"],"_links":{"self":[{"href":"https:\/\/medclinics.com\/tr\/wp-json\/wp\/v2\/pages\/146157","targetHints":{"allow":["GET"]}}],"collection":[{"href":"https:\/\/medclinics.com\/tr\/wp-json\/wp\/v2\/pages"}],"about":[{"href":"https:\/\/medclinics.com\/tr\/wp-json\/wp\/v2\/types\/page"}],"author":[{"embeddable":true,"href":"https:\/\/medclinics.com\/tr\/wp-json\/wp\/v2\/users\/4"}],"replies":[{"embeddable":true,"href":"https:\/\/medclinics.com\/tr\/wp-json\/wp\/v2\/comments?post=146157"}],"version-history":[{"count":0,"href":"https:\/\/medclinics.com\/tr\/wp-json\/wp\/v2\/pages\/146157\/revisions"}],"wp:featuredmedia":[{"embeddable":true,"href":"https:\/\/medclinics.com\/tr\/wp-json\/wp\/v2\/media\/91731"}],"wp:attachment":[{"href":"https:\/\/medclinics.com\/tr\/wp-json\/wp\/v2\/media?parent=146157"}],"curies":[{"name":"wp","href":"https:\/\/api.w.org\/{rel}","templated":true}]}}