{"id":146147,"date":"2023-05-23T07:41:48","date_gmt":"2023-05-23T04:41:48","guid":{"rendered":"https:\/\/medclinics.com\/kalca-eklemi-protezi\/"},"modified":"2025-01-02T16:00:03","modified_gmt":"2025-01-02T13:00:03","slug":"kalca-eklemi-protezi","status":"publish","type":"page","link":"https:\/\/medclinics.com\/tr\/kalca-eklemi-protezi\/","title":{"rendered":"Kal\u00e7a Eklemi Protezi"},"content":{"rendered":"\n<h2 class=\"wp-block-heading\">S\u00fcrekli kal\u00e7a a\u011fr\u0131s\u0131n\u0131 hafifletmek ve s\u0131n\u0131rs\u0131z hareketin keyfini yeniden ke\u015ffetmek i\u00e7in bir \u00e7\u00f6z\u00fcm ar\u0131yorsan\u0131z, Kal\u00e7a Eklemi Protezi ameliyat\u0131ndan ba\u015fkas\u0131na bakmay\u0131n.<\/h2>\n\n<p>Kal\u00e7a, top ve soket eklemi olarak adland\u0131r\u0131lan bir eklemdir ve <strong>insan v\u00fccudundaki en b\u00fcy\u00fck eklem<\/strong>lerden biridir. V\u00fccut a\u011f\u0131rl\u0131\u011f\u0131n\u0131 bacaklara e\u015fit olarak aktarma ve ayn\u0131 zamanda \u00fcst g\u00f6vdeyi stabilize etme g\u00f6revi vard\u0131r. Toplu ve soketli bir eklem oldu\u011fu i\u00e7in farkl\u0131 y\u00f6nlerde hareketler m\u00fcmk\u00fcnd\u00fcr.<\/p>\n\n<p>Kal\u00e7a eklemi protezi, le\u011fen kemi\u011finin bir par\u00e7as\u0131 olan asetabulum ve uyluk kemi\u011finin \u00fcst ucunu olu\u015fturan femur ba\u015f\u0131ndan olu\u015fur. Hem asetabulum hem de femur ba\u015f\u0131 bir k\u0131k\u0131rdak tabakas\u0131 ile kapl\u0131d\u0131r. Aralar\u0131nda kayan ve s\u00fcrt\u00fcnmeyi azaltan sinovyal s\u0131v\u0131 bulunur.<\/p>\n\n<p><strong>Osteoartrit<\/strong>, kal\u00e7an\u0131n en yayg\u0131n hastal\u0131klar\u0131ndan biri olarak kabul edilir. Bu s\u00fcre\u00e7te k\u0131k\u0131rdak tabakas\u0131 a\u015f\u0131n\u0131r ve hareketler s\u0131ras\u0131nda a\u011fr\u0131 olu\u015fur. Kal\u00e7a osteoartriti genellikle 50 ila 60 ya\u015flar\u0131 aras\u0131nda ortaya \u00e7\u0131kar, ancak daha gen\u00e7 ya\u015flarda da fark edilebilir. Nedenleri \u00e7e\u015fitlilik g\u00f6sterse de kal\u00e7a osteoartritini tetikleyenler aras\u0131nda \u00e7ok fazla dur-kalk hareketi yap\u0131lan sporlar, romatizmal hastal\u0131klar, kal\u0131tsal yatk\u0131nl\u0131k veya metabolik hastal\u0131klar yer almaktad\u0131r.<\/p>\n\n<p>Bireysel duruma veya a\u011fr\u0131 hassasiyetine ve g\u00fcnl\u00fck ya\u015famdaki k\u0131s\u0131tlamalara ba\u011fl\u0131 olarak, <strong>yapay bir kal\u00e7a eklemi<\/strong> d\u00fc\u015f\u00fcn\u00fclebilir. Doktor, ortopedik bir cerrahi prosed\u00fcr uygulamadan \u00f6nce t\u00fcm klasik tedavi y\u00f6ntemlerinin t\u00fckendi\u011finden emin olacakt\u0131r.<\/p>\n\n<figure class=\"wp-block-image size-full\"><img fetchpriority=\"high\" decoding=\"async\" width=\"960\" height=\"540\" class=\"wp-image-97299\" src=\"https:\/\/medclinics.com\/wp-content\/uploads\/2023\/07\/hip-joint-replacement-near-me.jpg\" alt=\"Yak&#x131;n&#x131;mda Kal&#xE7;a Protezi\" srcset=\"https:\/\/medclinics.com\/wp-content\/uploads\/2023\/07\/hip-joint-replacement-near-me.jpg 960w, https:\/\/medclinics.com\/wp-content\/uploads\/2023\/07\/hip-joint-replacement-near-me-500x281.jpg 500w, https:\/\/medclinics.com\/wp-content\/uploads\/2023\/07\/hip-joint-replacement-near-me-768x432.jpg 768w, https:\/\/medclinics.com\/wp-content\/uploads\/2023\/07\/hip-joint-replacement-near-me-24x14.jpg 24w, https:\/\/medclinics.com\/wp-content\/uploads\/2023\/07\/hip-joint-replacement-near-me-36x20.jpg 36w, https:\/\/medclinics.com\/wp-content\/uploads\/2023\/07\/hip-joint-replacement-near-me-48x27.jpg 48w\" sizes=\"(max-width: 960px) 100vw, 960px\" \/><\/figure>\n\n<p>Yakla\u015f\u0131k <strong>1-1,5 saat<\/strong> s\u00fcren kal\u00e7a ameliyat\u0131, spinal veya genel anestezi alt\u0131nda ger\u00e7ekle\u015ftirilebilir. Doktorunuzla birlikte sizin i\u00e7in en iyisinin ne oldu\u011funa karar vereceksiniz.<\/p>\n\n<p>Uylukta yakla\u015f\u0131k 15 cm&#8217;lik bir kesinin yap\u0131ld\u0131\u011f\u0131 <strong>klasik kal\u00e7a ameliyat\u0131<\/strong> aras\u0131nda bir ayr\u0131m yap\u0131l\u0131r. Bu durumda kaslar da kesilir ve daha sonra tekrar dikilir. Bu da hastan\u0131n rehabilitasyon s\u00fcresini uzat\u0131r.<\/p>\n\n<p><strong>Minimal invaziv cerrahi y\u00f6ntemde<\/strong> kesi \u00e7ok daha k\u00fc\u00e7\u00fckt\u00fcr ve kaslar kesilmez, sadece yana do\u011fru itilir. Bu prosed\u00fcr \u00f6zel aletler ve cerrah\u0131n b\u00fcy\u00fck deneyimini gerektirir.<\/p>\n\n<p>Her iki durumda da ameliyat hasarl\u0131 kemiklerin \u00e7\u0131kar\u0131lmas\u0131n\u0131 ve femur ba\u015f\u0131 ile asetabulumun yapay kemiklerle de\u011fi\u015ftirilmesini i\u00e7erir. Yeni kal\u00e7a ekleminin i\u015flevi test edildikten sonra operasyon tamamlan\u0131r.<\/p>\n\n<p>Yapay bir kal\u00e7a ekleminin dayan\u0131kl\u0131l\u0131\u011f\u0131 <strong>yakla\u015f\u0131k 15-20 y\u0131ld\u0131r<\/strong>. \u00c7o\u011fu zaman protez gev\u015fer ve art\u0131k kemi\u011fe sa\u011flam bir \u015fekilde tutunamaz. Bu, a\u011fr\u0131 yoluyla fark edilebilir hale gelir. Bu gibi durumlarda yapay kal\u00e7a ekleminin de\u011fi\u015ftirilmesi gerekir.<\/p>\n\n<p><strong>Hastanede birka\u00e7 g\u00fcn<\/strong> kald\u0131ktan sonra hastalar taburcu edilir. \u015eimdi yakla\u015f\u0131k 3-5 hafta s\u00fcren rehabilitasyon a\u015famas\u0131 ba\u015fl\u0131yor. Kas-iskelet sistemi, kaslar olu\u015fturularak g\u00fc\u00e7lendirilecek ve hasta koltuk de\u011fnekleri olmadan tekrar y\u00fcr\u00fcmeyi \u00f6\u011frenecektir. \u00c7o\u011fu durumda, tedaviyi tamamlamak i\u00e7in fizyoterapi re\u00e7ete edilir.<\/p>\n\n<p>Yakla\u015f\u0131k 2 ila 3 ay sonra, hafif fiziksel veya hareketsiz aktivitelere odaklanarak <strong>i\u015finize d\u00f6nebilirsiniz<\/strong>. \u0130skeleler ve merdivenler \u00fczerinde d\u00fczenli olarak ayakta durman\u0131n veya y\u00fcr\u00fcmenin yapay kal\u00e7a eklemi i\u00e7in elveri\u015fsiz oldu\u011fu g\u00f6sterilmi\u015ftir.<br\/>Almanya&#8217;da her y\u0131l yakla\u015f\u0131k 200.000 <a href=\"https:\/\/en.wikipedia.org\/wiki\/Hip_replacement\" target=\"_blank\" rel=\"noopener\">yapay kal<\/a> \u00e7a eklemi implante edilmektedir. Hastalar\u0131n yakla\u015f\u0131k d\u00f6rtte \u00fc\u00e7\u00fc osteoartrit nedeniyle ameliyat ge\u00e7irmektedir.<\/p>\n\n<h3 class=\"wp-block-heading\">Bak\u0131m sonras\u0131, iyile\u015fme s\u00fcreci ve fiyatlar da dahil olmak \u00fczere <a href=\"https:\/\/medclinics.com\/orthopedic-treatments-fight-against-immobility\/\" target=\"_blank\" rel=\"noreferrer noopener\">ortopedik tedaviler<\/a> hakk\u0131nda bilmeniz gereken her \u015fey veya <a href=\"#requestform\">bizimle ileti\u015fime<\/a> ge\u00e7in!<\/h3>\n\n<figure class=\"wp-block-image size-full\"><img decoding=\"async\" width=\"960\" height=\"540\" class=\"wp-image-97307\" src=\"https:\/\/medclinics.com\/wp-content\/uploads\/2023\/07\/hip-joint-replacement-near-me-istanbul.jpg\" alt=\"Yak&#x131;n&#x131;mda Kal&#xE7;a Eklemi Protezi &#x130;stanbul\" srcset=\"https:\/\/medclinics.com\/wp-content\/uploads\/2023\/07\/hip-joint-replacement-near-me-istanbul.jpg 960w, https:\/\/medclinics.com\/wp-content\/uploads\/2023\/07\/hip-joint-replacement-near-me-istanbul-500x281.jpg 500w, https:\/\/medclinics.com\/wp-content\/uploads\/2023\/07\/hip-joint-replacement-near-me-istanbul-768x432.jpg 768w, https:\/\/medclinics.com\/wp-content\/uploads\/2023\/07\/hip-joint-replacement-near-me-istanbul-24x14.jpg 24w, https:\/\/medclinics.com\/wp-content\/uploads\/2023\/07\/hip-joint-replacement-near-me-istanbul-36x20.jpg 36w, https:\/\/medclinics.com\/wp-content\/uploads\/2023\/07\/hip-joint-replacement-near-me-istanbul-48x27.jpg 48w\" sizes=\"(max-width: 960px) 100vw, 960px\" \/><\/figure>\n\n<h2 class=\"wp-block-heading\">SSS<\/h2>\n<div id=\"rank-math-faq\" class=\"rank-math-block\">\n<div class=\"rank-math-list \">\n<div id=\"faq-question-1684827477673\" class=\"rank-math-list-item\">\n<h3 class=\"rank-math-question \">Kal\u00e7a protezi nedir?<\/h3>\n<div class=\"rank-math-answer \">\n\n<p>Kal\u00e7a protezi, a\u011fr\u0131y\u0131 hafifletmek, hareketlili\u011fi art\u0131rmak ve genel ya\u015fam kalitesini y\u00fckseltmek i\u00e7in hasarl\u0131 veya hastal\u0131kl\u0131 bir kal\u00e7a ekleminin yapay bir eklemle de\u011fi\u015ftirilmesini i\u00e7eren cerrahi bir prosed\u00fcrd\u00fcr.<\/p>\n\n<\/div>\n<\/div>\n<div id=\"faq-question-1682666956133\" class=\"rank-math-list-item\">\n<h3 class=\"rank-math-question \">Hangi kal\u00e7a protezi en iyisidir?<\/h3>\n<div class=\"rank-math-answer \">\n\n<p>En iyi kal\u00e7a protezi tekni\u011finin se\u00e7imi tipik olarak cerrah taraf\u0131ndan deneyimlerine, hastaya \u00f6zg\u00fc fakt\u00f6rlere ve ameliyat\u0131n hedeflerine g\u00f6re belirlenir. Her yakla\u015f\u0131m\u0131n kendine g\u00f6re avantajlar\u0131 ve dikkat edilmesi gereken hususlar\u0131 vard\u0131r. \u00d6rne\u011fin, anterior yakla\u015f\u0131m daha h\u0131zl\u0131 iyile\u015fme ve daha az kas hasar\u0131 gibi potansiyel faydalar sunabilirken, posterior yakla\u015f\u0131m daha yayg\u0131n olarak kullan\u0131lan ve yerle\u015fik bir tekniktir.<\/p>\n\n<\/div>\n<\/div>\n<div id=\"faq-question-1684827552969\" class=\"rank-math-list-item\">\n<h3 class=\"rank-math-question \">Kal\u00e7a protezi nas\u0131l yap\u0131l\u0131r?<\/h3>\n<div class=\"rank-math-answer \">\n\n<p>Kal\u00e7a artroplastisi olarak da bilinen kal\u00e7a protezi ameliyat\u0131, hasarl\u0131 veya hastal\u0131kl\u0131 bir kal\u00e7a eklemini yapay bir eklemle de\u011fi\u015ftirmek i\u00e7in bir ortopedi cerrah\u0131 taraf\u0131ndan ger\u00e7ekle\u015ftirilen bir prosed\u00fcrd\u00fcr. Ameliyat, hastan\u0131n i\u015flem boyunca rahat etmesini sa\u011flamak i\u00e7in anestezi uygulamas\u0131yla ba\u015flar. Kal\u00e7an\u0131n yan veya arka taraf\u0131ndan bir kesi yap\u0131larak kal\u00e7a eklemine eri\u015fim sa\u011flan\u0131r. Cerrah, femur ba\u015f\u0131 ve hasarl\u0131 soket dahil olmak \u00fczere hasarl\u0131 kemik ve k\u0131k\u0131rda\u011f\u0131 dikkatlice \u00e7\u0131kar\u0131r. Ard\u0131ndan, tipik olarak protez bir soket ve top \u015feklinde bir bile\u015fene sahip metal bir sap i\u00e7eren yapay eklem bile\u015fenleri yerle\u015ftirilir. Kesi diki\u015f veya z\u0131mba ile kapat\u0131l\u0131r ve drenaj t\u00fcpleri yerle\u015ftirilebilir. Ameliyattan sonra hasta hastanede bir iyile\u015fme d\u00f6nemi ge\u00e7irir ve iyile\u015fmeyi kolayla\u015ft\u0131rmak, g\u00fcc\u00fcn\u00fc yeniden kazanmak ve hareket kabiliyetini art\u0131rmak i\u00e7in fizik tedavi ve rehabilitasyona kat\u0131l\u0131r. Belirli teknikler ve varyasyonlar mevcut olsa da, kal\u00e7a protezi ameliyat\u0131 a\u011fr\u0131y\u0131 hafifletmeyi, kal\u00e7a eklemi i\u015flevini iyile\u015ftirmeyi ve hastan\u0131n genel ya\u015fam kalitesini art\u0131rmay\u0131 ama\u00e7lamaktad\u0131r. Bir ortopedi cerrah\u0131na dan\u0131\u015fmak, prosed\u00fcr\u00fcn ve bireysel hususlar\u0131n daha ayr\u0131nt\u0131l\u0131 bir \u015fekilde anla\u015f\u0131lmas\u0131n\u0131 sa\u011flayacakt\u0131r.<\/p>\n\n<\/div>\n<\/div>\n<\/div>\n<\/div>\n<p>\u00a0<\/p>\n\n<h3 class=\"wp-block-heading\">Herhangi bir sorunuz olmas\u0131 durumunda hemen bizimle ileti\u015fime ge\u00e7in!<\/h3>\n","protected":false},"excerpt":{"rendered":"<p>S\u00fcrekli kal\u00e7a a\u011fr\u0131s\u0131n\u0131 hafifletmek ve s\u0131n\u0131rs\u0131z hareketin keyfini yeniden ke\u015ffetmek i\u00e7in bir \u00e7\u00f6z\u00fcm ar\u0131yorsan\u0131z, Kal\u00e7a Eklemi Protezi ameliyat\u0131ndan ba\u015fkas\u0131na bakmay\u0131n. [&hellip;]<\/p>\n","protected":false},"author":4,"featured_media":91582,"parent":0,"menu_order":0,"comment_status":"closed","ping_status":"closed","template":"","meta":{"site-sidebar-layout":"default","site-content-layout":"","ast-site-content-layout":"default","site-content-style":"default","site-sidebar-style":"default","ast-global-header-display":"","ast-banner-title-visibility":"","ast-main-header-display":"","ast-hfb-above-header-display":"","ast-hfb-below-header-display":"","ast-hfb-mobile-header-display":"","site-post-title":"","ast-breadcrumbs-content":"","ast-featured-img":"","footer-sml-layout":"","ast-disable-related-posts":"","theme-transparent-header-meta":"","adv-header-id-meta":"","stick-header-meta":"","header-above-stick-meta":"","header-main-stick-meta":"","header-below-stick-meta":"","astra-migrate-meta-layouts":"default","ast-page-background-enabled":"default","ast-page-background-meta":{"desktop":{"background-color":"var(--ast-global-color-4)","background-image":"","background-repeat":"repeat","background-position":"center center","background-size":"auto","background-attachment":"scroll","background-type":"","background-media":"","overlay-type":"","overlay-color":"","overlay-opacity":"","overlay-gradient":""},"tablet":{"background-color":"","background-image":"","background-repeat":"repeat","background-position":"center center","background-size":"auto","background-attachment":"scroll","background-type":"","background-media":"","overlay-type":"","overlay-color":"","overlay-opacity":"","overlay-gradient":""},"mobile":{"background-color":"","background-image":"","background-repeat":"repeat","background-position":"center center","background-size":"auto","background-attachment":"scroll","background-type":"","background-media":"","overlay-type":"","overlay-color":"","overlay-opacity":"","overlay-gradient":""}},"ast-content-background-meta":{"desktop":{"background-color":"var(--ast-global-color-5)","background-image":"","background-repeat":"repeat","background-position":"center center","background-size":"auto","background-attachment":"scroll","background-type":"","background-media":"","overlay-type":"","overlay-color":"","overlay-opacity":"","overlay-gradient":""},"tablet":{"background-color":"var(--ast-global-color-5)","background-image":"","background-repeat":"repeat","background-position":"center center","background-size":"auto","background-attachment":"scroll","background-type":"","background-media":"","overlay-type":"","overlay-color":"","overlay-opacity":"","overlay-gradient":""},"mobile":{"background-color":"var(--ast-global-color-5)","background-image":"","background-repeat":"repeat","background-position":"center center","background-size":"auto","background-attachment":"scroll","background-type":"","background-media":"","overlay-type":"","overlay-color":"","overlay-opacity":"","overlay-gradient":""}},"footnotes":""},"class_list":["post-146147","page","type-page","status-publish","has-post-thumbnail","hentry"],"_links":{"self":[{"href":"https:\/\/medclinics.com\/tr\/wp-json\/wp\/v2\/pages\/146147","targetHints":{"allow":["GET"]}}],"collection":[{"href":"https:\/\/medclinics.com\/tr\/wp-json\/wp\/v2\/pages"}],"about":[{"href":"https:\/\/medclinics.com\/tr\/wp-json\/wp\/v2\/types\/page"}],"author":[{"embeddable":true,"href":"https:\/\/medclinics.com\/tr\/wp-json\/wp\/v2\/users\/4"}],"replies":[{"embeddable":true,"href":"https:\/\/medclinics.com\/tr\/wp-json\/wp\/v2\/comments?post=146147"}],"version-history":[{"count":0,"href":"https:\/\/medclinics.com\/tr\/wp-json\/wp\/v2\/pages\/146147\/revisions"}],"wp:featuredmedia":[{"embeddable":true,"href":"https:\/\/medclinics.com\/tr\/wp-json\/wp\/v2\/media\/91582"}],"wp:attachment":[{"href":"https:\/\/medclinics.com\/tr\/wp-json\/wp\/v2\/media?parent=146147"}],"curies":[{"name":"wp","href":"https:\/\/api.w.org\/{rel}","templated":true}]}}