{"id":146131,"date":"2023-05-23T07:20:23","date_gmt":"2023-05-23T04:20:23","guid":{"rendered":"https:\/\/medclinics.com\/diz-protezi\/"},"modified":"2025-01-02T16:35:29","modified_gmt":"2025-01-02T13:35:29","slug":"diz-protezi","status":"publish","type":"page","link":"https:\/\/medclinics.com\/tr\/diz-protezi\/","title":{"rendered":"Diz Protezi"},"content":{"rendered":"\n<h2 class=\"wp-block-heading\">Kronik diz a\u011fr\u0131s\u0131n\u0131n \u00fcstesinden gelmek ve hareket \u00f6zg\u00fcrl\u00fc\u011f\u00fcn\u00fcz\u00fc yeniden kazanmak i\u00e7in hayat\u0131n\u0131z\u0131 de\u011fi\u015ftirecek bir \u00e7\u00f6z\u00fcm ar\u0131yorsan\u0131z, Diz Protez Ameliyat\u0131 arad\u0131\u011f\u0131n\u0131z cevapt\u0131r.<\/h2>\n\n<p>\u00c7o\u011fu vakada hastalar neredeyse <strong>dayan\u0131lmaz a\u011fr\u0131lar<\/strong> \u00e7eker ve <strong>hareket kabiliyetleri ciddi \u015fekilde k\u0131s\u0131tlan\u0131r.<\/strong> T\u00fcm tedavi se\u00e7enekleri \u00e7oktan t\u00fckenmi\u015ftir ve &#8220;normal&#8221; bir ya\u015fam i\u00e7in son umut diz eklemi replasman\u0131nda yatmaktad\u0131r.<\/p>\n\n<p>Hareket s\u0131ras\u0131nda t\u00fcm v\u00fccut a\u011f\u0131rl\u0131\u011f\u0131 dizler \u00fczerinde oldu\u011fundan, diz eklemi kas-iskelet sistemimizdeki en \u00f6nemli eklemlerden biridir. Bir s\u00fcreli\u011fine sorununuz \u00fcstesinden gelinebilir, ancak a\u011fr\u0131 dayan\u0131lmaz hale geldi\u011finde, ameliyat genellikle son \u00e7aredir.<\/p>\n\n<p>Bu ameliyatta cerrah, art\u0131k i\u015flevini d\u00fczg\u00fcn bir \u015fekilde yerine getiremeyen do\u011fal diz eklemini yapay bir eklemle de\u011fi\u015ftirecektir.<\/p>\n\n<p>Kural olarak, b\u00f6yle bir operasyon yakla\u015f\u0131k 2-3 saat s\u00fcrer. Genel anestezi alt\u0131nda veya spinal anestezi ile yap\u0131labilir. Hangi anestezi \u015feklinin sizin i\u00e7in en iyisi oldu\u011funa doktorunuz sizinle birlikte karar verecektir.<\/p>\n\n<p>Diz protez ameliyat\u0131 s\u0131ras\u0131nda, cerrah\u0131n \u00f6n ve gerekirse arka \u00e7apraz ba\u011f\u0131 \u00e7\u0131karabilmesi ve hasarl\u0131 eklem y\u00fczeylerini kesebilmesi i\u00e7in diz kapa\u011f\u0131 yana do\u011fru hareket ettirilir. Yapay eklem daha sonra yerle\u015ftirilir. Yeni eklem ile dizin i\u015flevinin son testinden sonra operasyon tamamlan\u0131r.<\/p>\n\n<figure class=\"wp-block-image size-full\"><img fetchpriority=\"high\" decoding=\"async\" width=\"960\" height=\"540\" class=\"wp-image-97315\" src=\"https:\/\/medclinics.com\/wp-content\/uploads\/2023\/07\/knee-joint-replacement-near-me.jpg\" alt=\"Yak&#x131;n&#x131;mdaki Diz Protezi\" srcset=\"https:\/\/medclinics.com\/wp-content\/uploads\/2023\/07\/knee-joint-replacement-near-me.jpg 960w, https:\/\/medclinics.com\/wp-content\/uploads\/2023\/07\/knee-joint-replacement-near-me-500x281.jpg 500w, https:\/\/medclinics.com\/wp-content\/uploads\/2023\/07\/knee-joint-replacement-near-me-768x432.jpg 768w, https:\/\/medclinics.com\/wp-content\/uploads\/2023\/07\/knee-joint-replacement-near-me-24x14.jpg 24w, https:\/\/medclinics.com\/wp-content\/uploads\/2023\/07\/knee-joint-replacement-near-me-36x20.jpg 36w, https:\/\/medclinics.com\/wp-content\/uploads\/2023\/07\/knee-joint-replacement-near-me-48x27.jpg 48w\" sizes=\"(max-width: 960px) 100vw, 960px\" \/><\/figure>\n\n<p><strong>Yapay bir diz ekleminin \u00f6mr\u00fc<\/strong> yakla\u015f\u0131k 15 y\u0131ld\u0131r. Bir \u00e7al\u0131\u015fma, 20 y\u0131l sonra yapay diz eklemlerinin y\u00fczde 90&#8217;\u0131n\u0131n hala sa\u011flam oldu\u011funu ve 25 y\u0131l sonra y\u00fczde 73&#8217;\u00fcn\u00fcn hala sa\u011flam oldu\u011funu g\u00f6stermi\u015ftir.<\/p>\n\n<p>Diz eklemi ameliyat\u0131 i\u00e7in <strong>hastanede kal\u0131\u015f<\/strong> s\u00fcresi birka\u00e7 g\u00fcnd\u00fcr. Bundan sonra, yakla\u015f\u0131k 3-4 hafta beklenebilecek rehabilitasyon a\u015famas\u0131 ba\u015flar. \u00c7o\u011fu hasta i\u00e7in sonras\u0131nda fizyoterapi \u00f6nerilmektedir.<\/p>\n\n<p>Ameliyattan sonra <strong>koltuk de\u011fnekleriyle ne kadar s\u00fcre y\u00fcr\u00fcmek<\/strong> gerekti\u011fi b\u00fcy\u00fck \u00f6l\u00e7\u00fcde hastan\u0131n bireysel durumuna ba\u011fl\u0131d\u0131r. Ancak, ortalama olarak 3-6 hafta beklenebilir.<\/p>\n\n<p>Yakla\u015f\u0131k 3 ay sonra hastalar genellikle <strong>i\u015flerine d\u00f6nebilirler<\/strong>. <a href=\"https:\/\/en.wikipedia.org\/wiki\/Knee_replacement\" target=\"_blank\" rel=\"noopener\">Yapay diz eklemi<\/a> ile diz eklemine \u00e7ok fazla y\u00fck bindiren aktivitelerden ka\u00e7\u0131n\u0131lmas\u0131 gerekti\u011fi unutulmamal\u0131d\u0131r. Bunlar aras\u0131nda s\u0131k diz \u00e7\u00f6kme, a\u011f\u0131r kald\u0131rma veya \u00e7\u00f6melme pozisyonunda \u00e7al\u0131\u015fma say\u0131labilir.<\/p>\n\n<p>Sadece Almanya&#8217;da y\u0131lda 165.000&#8217;den fazla yapay diz eklemi implante edilen bu prosed\u00fcr, ortopedik cerrahi alan\u0131nda <strong>en yayg\u0131n operasyonlardan biridir <\/strong>.<\/p>\n\n<h3 class=\"wp-block-heading\"><a href=\"https:\/\/medclinics.com\/orthopedic-treatments-fight-against-immobility\/\" target=\"_blank\" rel=\"noreferrer noopener\">Ortopedik tedaviler<\/a> hakk\u0131nda bilmeniz gereken her \u015fey burada, <a href=\"#requestform\">bize ula\u015f\u0131n<\/a>!<\/h3>\n\n<figure class=\"wp-block-image size-full\"><img decoding=\"async\" width=\"960\" height=\"540\" class=\"wp-image-97323\" src=\"https:\/\/medclinics.com\/wp-content\/uploads\/2023\/07\/knee-joint-replacement-near-me-istanbul.jpg\" alt=\"Yak&#x131;n&#x131;mdaki Diz Protezi &#x130;stanbul\" srcset=\"https:\/\/medclinics.com\/wp-content\/uploads\/2023\/07\/knee-joint-replacement-near-me-istanbul.jpg 960w, https:\/\/medclinics.com\/wp-content\/uploads\/2023\/07\/knee-joint-replacement-near-me-istanbul-500x281.jpg 500w, https:\/\/medclinics.com\/wp-content\/uploads\/2023\/07\/knee-joint-replacement-near-me-istanbul-768x432.jpg 768w, https:\/\/medclinics.com\/wp-content\/uploads\/2023\/07\/knee-joint-replacement-near-me-istanbul-24x14.jpg 24w, https:\/\/medclinics.com\/wp-content\/uploads\/2023\/07\/knee-joint-replacement-near-me-istanbul-36x20.jpg 36w, https:\/\/medclinics.com\/wp-content\/uploads\/2023\/07\/knee-joint-replacement-near-me-istanbul-48x27.jpg 48w\" sizes=\"(max-width: 960px) 100vw, 960px\" \/><\/figure>\n\n<h2 class=\"wp-block-heading\">SSS<\/h2>\n<div id=\"rank-math-faq\" class=\"rank-math-block\">\n<div class=\"rank-math-list \">\n<div id=\"faq-question-1684825308962\" class=\"rank-math-list-item\">\n<h3 class=\"rank-math-question \">Diz protez ameliyat\u0131 nedir?<\/h3>\n<div class=\"rank-math-answer \">\n\n<p>Total diz artroplastisi olarak da bilinen diz protez ameliyat\u0131, hasarl\u0131 bir diz ekleminin yapay bir eklemle de\u011fi\u015ftirilmesini i\u00e7eren cerrahi bir prosed\u00fcrd\u00fcr. Genellikle artrit veya yaralanma gibi durumlar\u0131n neden oldu\u011fu \u015fiddetli diz a\u011fr\u0131s\u0131 ve s\u0131n\u0131rl\u0131 hareket kabiliyeti olan bireyler i\u00e7in \u00f6nerilir. Ameliyat s\u0131ras\u0131nda diz ekleminin hasarl\u0131 k\u0131s\u0131mlar\u0131 \u00e7\u0131kar\u0131l\u0131r ve dizin do\u011fal i\u015flevini yeniden olu\u015fturmak i\u00e7in metal ve plastik bile\u015fenler implante edilir. Diz protez ameliyat\u0131 i\u00e7in iyile\u015fme, g\u00fc\u00e7 ve hareketlili\u011fi yeniden kazanmak i\u00e7in rehabilitasyon ve fizik tedaviyi i\u00e7erir. Ameliyat riskler ta\u015f\u0131makla birlikte, bir\u00e7ok hasta i\u00e7in a\u011fr\u0131y\u0131 \u00f6nemli \u00f6l\u00e7\u00fcde hafifletebilir ve ya\u015fam kalitesini art\u0131rabilir.<\/p>\n\n<\/div>\n<\/div>\n<div id=\"faq-question-1684825375182\" class=\"rank-math-list-item\">\n<h3 class=\"rank-math-question \">Diz protez ameliyat\u0131n\u0131n ana nedeni nedir?<\/h3>\n<div class=\"rank-math-answer \">\n\n<p>Diz protezine yol a\u00e7an en yayg\u0131n nedenler, koruyucu k\u0131k\u0131rda\u011f\u0131n zamanla a\u015f\u0131nd\u0131\u011f\u0131 osteoartrit, eklem iltihab\u0131na neden olan otoimm\u00fcn bir hastal\u0131k olan romatoid artrit, ciddi bir diz yaralanmas\u0131ndan kaynaklanan travma sonras\u0131 artrit ve avask\u00fcler nekroz veya diz eklemini etkileyen genetik bozukluklar gibi di\u011fer durumlard\u0131r. Diz protezi ameliyat\u0131n\u0131n birincil amac\u0131, cerrahi olmayan tedavileri t\u00fcketmi\u015f ve \u00f6nemli diz eklemi sorunlar\u0131 ya\u015fayan hastalar i\u00e7in a\u011fr\u0131y\u0131 hafifletmek, hareketlili\u011fi art\u0131rmak ve genel ya\u015fam kalitesini iyile\u015ftirmektir.<\/p>\n\n<\/div>\n<\/div>\n<div id=\"faq-question-1684825378446\" class=\"rank-math-list-item\">\n<h3 class=\"rank-math-question \">Diz protez ameliyat\u0131 a\u011fr\u0131l\u0131 m\u0131d\u0131r?<\/h3>\n<div class=\"rank-math-answer \">\n\n<p>Diz protezi ameliyat\u0131 s\u0131ras\u0131nda a\u011fr\u0131 deneyimi ki\u015fiden ki\u015fiye de\u011fi\u015febilir. Bununla birlikte, prosed\u00fcr\u00fcn tipik olarak anestezi alt\u0131nda yap\u0131ld\u0131\u011f\u0131n\u0131 unutmamak \u00f6nemlidir, bu da ameliyat s\u0131ras\u0131nda a\u011fr\u0131 hissetmeyece\u011finiz anlam\u0131na gelir. Anestezi, genel anestezi (bilincinizin kapal\u0131 oldu\u011fu) veya siz uyan\u0131k kal\u0131rken v\u00fccudun alt k\u0131sm\u0131n\u0131 uyu\u015fturan b\u00f6lgesel anestezi (epidural veya spinal anestezi gibi) dahil olmak \u00fczere farkl\u0131 \u015fekillerde uygulanabilir.<br \/>Ameliyattan sonra diz b\u00f6lgesinde bir miktar a\u011fr\u0131 ve rahats\u0131zl\u0131k hissedilmesi yayg\u0131nd\u0131r. Ameliyat sonras\u0131 a\u011fr\u0131 seviyesi, bireyin a\u011fr\u0131 e\u015fi\u011fi, ameliyat\u0131n kapsam\u0131 ve altta yatan herhangi bir durumun varl\u0131\u011f\u0131 gibi fakt\u00f6rlere ba\u011fl\u0131 olarak de\u011fi\u015febilir. Bununla birlikte, sa\u011fl\u0131k hizmeti sa\u011flay\u0131c\u0131lar\u0131 a\u011fr\u0131 kesici ila\u00e7lar re\u00e7ete ederek ve lokal anestezi, sinir bloklar\u0131 veya epidural kateterler gibi di\u011fer a\u011fr\u0131 y\u00f6netimi tekniklerini kullanarak a\u011fr\u0131y\u0131 etkili bir \u015fekilde y\u00f6netmeyi ama\u00e7lamaktad\u0131r. Bu yakla\u015f\u0131mlar a\u011fr\u0131y\u0131 kontrol etmeye ve daha rahat bir iyile\u015fmeyi desteklemeye yard\u0131mc\u0131 olur.<\/p>\n\n<\/div>\n<\/div>\n<div id=\"faq-question-1684825379422\" class=\"rank-math-list-item\">\n<h3 class=\"rank-math-question \">Full diz protezleri ba\u015far\u0131l\u0131 m\u0131d\u0131r?<\/h3>\n<div class=\"rank-math-answer \">\n\n<p>Full diz protezleri, osteoartrit veya romatoid artrit gibi durumlar nedeniyle \u015fiddetli diz a\u011fr\u0131s\u0131 ve s\u0131n\u0131rl\u0131 fonksiyondan muzdarip bireyler i\u00e7in ba\u015far\u0131l\u0131 cerrahi m\u00fcdahaleler olarak kabul edilir. Diz protez ameliyat\u0131n\u0131n ba\u015far\u0131s\u0131 a\u011fr\u0131n\u0131n giderilmesi, fonksiyonel iyile\u015fme, hasta memnuniyeti ve protez eklemin uzun \u00f6m\u00fcrl\u00fcl\u00fc\u011f\u00fcne g\u00f6re de\u011ferlendirilebilir. \u00c7al\u0131\u015fmalar, \u00e7o\u011fu hastan\u0131n ameliyattan sonra \u00f6nemli \u00f6l\u00e7\u00fcde a\u011fr\u0131 azalmas\u0131 ve ya\u015fam kalitesinde iyile\u015fme ya\u015fad\u0131\u011f\u0131n\u0131 g\u00f6stermi\u015ftir. \u0130\u015flevsel olarak, bireyler genellikle hareket kabiliyetlerinin artt\u0131\u011f\u0131n\u0131 ve g\u00fcnl\u00fck faaliyetlerini daha kolay bir \u015fekilde yerine getirebildiklerini g\u00f6zlemlerler. Diz protezleri bireylerin aktif bir ya\u015fam tarz\u0131n\u0131 yeniden kazanmalar\u0131na ve rekreasyonel faaliyetlere kat\u0131lmalar\u0131na olanak tan\u0131d\u0131\u011f\u0131ndan, hasta memnuniyeti oranlar\u0131 genellikle y\u00fcksektir. Ayr\u0131ca, implant tasar\u0131m\u0131 ve malzemelerindeki ilerlemeler protez eklemlerin dayan\u0131kl\u0131l\u0131\u011f\u0131n\u0131 art\u0131rm\u0131\u015f, bir\u00e7o\u011fu 15-20 y\u0131l veya daha uzun s\u00fcre dayanm\u0131\u015ft\u0131r. Bireysel deneyimler farkl\u0131l\u0131k g\u00f6sterse de, genel olarak diz eklemi replasmanlar\u0131, yetenekli cerrahlar taraf\u0131ndan yap\u0131ld\u0131\u011f\u0131nda ve uygun ameliyat sonras\u0131 bak\u0131mla desteklendi\u011finde a\u011fr\u0131n\u0131n giderilmesi, fonksiyonel iyile\u015fme ve hasta memnuniyeti a\u00e7\u0131s\u0131ndan y\u00fcksek bir ba\u015far\u0131 oran\u0131na sahiptir.<\/p>\n\n<\/div>\n<\/div>\n<\/div>\n<\/div>\n<p>\u00a0<\/p>\n\n<h3 class=\"wp-block-heading\">Herhangi bir sorunuz olmas\u0131 durumunda hemen bizimle ileti\u015fime ge\u00e7in!<\/h3>\n","protected":false},"excerpt":{"rendered":"<p>Kronik diz a\u011fr\u0131s\u0131n\u0131n \u00fcstesinden gelmek ve hareket \u00f6zg\u00fcrl\u00fc\u011f\u00fcn\u00fcz\u00fc yeniden kazanmak i\u00e7in hayat\u0131n\u0131z\u0131 de\u011fi\u015ftirecek bir \u00e7\u00f6z\u00fcm ar\u0131yorsan\u0131z, Diz Protez Ameliyat\u0131 arad\u0131\u011f\u0131n\u0131z [&hellip;]<\/p>\n","protected":false},"author":4,"featured_media":91672,"parent":0,"menu_order":0,"comment_status":"closed","ping_status":"closed","template":"","meta":{"site-sidebar-layout":"default","site-content-layout":"","ast-site-content-layout":"default","site-content-style":"default","site-sidebar-style":"default","ast-global-header-display":"","ast-banner-title-visibility":"","ast-main-header-display":"","ast-hfb-above-header-display":"","ast-hfb-below-header-display":"","ast-hfb-mobile-header-display":"","site-post-title":"","ast-breadcrumbs-content":"","ast-featured-img":"","footer-sml-layout":"","ast-disable-related-posts":"","theme-transparent-header-meta":"","adv-header-id-meta":"","stick-header-meta":"","header-above-stick-meta":"","header-main-stick-meta":"","header-below-stick-meta":"","astra-migrate-meta-layouts":"default","ast-page-background-enabled":"default","ast-page-background-meta":{"desktop":{"background-color":"var(--ast-global-color-4)","background-image":"","background-repeat":"repeat","background-position":"center center","background-size":"auto","background-attachment":"scroll","background-type":"","background-media":"","overlay-type":"","overlay-color":"","overlay-opacity":"","overlay-gradient":""},"tablet":{"background-color":"","background-image":"","background-repeat":"repeat","background-position":"center center","background-size":"auto","background-attachment":"scroll","background-type":"","background-media":"","overlay-type":"","overlay-color":"","overlay-opacity":"","overlay-gradient":""},"mobile":{"background-color":"","background-image":"","background-repeat":"repeat","background-position":"center center","background-size":"auto","background-attachment":"scroll","background-type":"","background-media":"","overlay-type":"","overlay-color":"","overlay-opacity":"","overlay-gradient":""}},"ast-content-background-meta":{"desktop":{"background-color":"var(--ast-global-color-5)","background-image":"","background-repeat":"repeat","background-position":"center center","background-size":"auto","background-attachment":"scroll","background-type":"","background-media":"","overlay-type":"","overlay-color":"","overlay-opacity":"","overlay-gradient":""},"tablet":{"background-color":"var(--ast-global-color-5)","background-image":"","background-repeat":"repeat","background-position":"center center","background-size":"auto","background-attachment":"scroll","background-type":"","background-media":"","overlay-type":"","overlay-color":"","overlay-opacity":"","overlay-gradient":""},"mobile":{"background-color":"var(--ast-global-color-5)","background-image":"","background-repeat":"repeat","background-position":"center center","background-size":"auto","background-attachment":"scroll","background-type":"","background-media":"","overlay-type":"","overlay-color":"","overlay-opacity":"","overlay-gradient":""}},"footnotes":""},"class_list":["post-146131","page","type-page","status-publish","has-post-thumbnail","hentry"],"_links":{"self":[{"href":"https:\/\/medclinics.com\/tr\/wp-json\/wp\/v2\/pages\/146131","targetHints":{"allow":["GET"]}}],"collection":[{"href":"https:\/\/medclinics.com\/tr\/wp-json\/wp\/v2\/pages"}],"about":[{"href":"https:\/\/medclinics.com\/tr\/wp-json\/wp\/v2\/types\/page"}],"author":[{"embeddable":true,"href":"https:\/\/medclinics.com\/tr\/wp-json\/wp\/v2\/users\/4"}],"replies":[{"embeddable":true,"href":"https:\/\/medclinics.com\/tr\/wp-json\/wp\/v2\/comments?post=146131"}],"version-history":[{"count":0,"href":"https:\/\/medclinics.com\/tr\/wp-json\/wp\/v2\/pages\/146131\/revisions"}],"wp:featuredmedia":[{"embeddable":true,"href":"https:\/\/medclinics.com\/tr\/wp-json\/wp\/v2\/media\/91672"}],"wp:attachment":[{"href":"https:\/\/medclinics.com\/tr\/wp-json\/wp\/v2\/media?parent=146131"}],"curies":[{"name":"wp","href":"https:\/\/api.w.org\/{rel}","templated":true}]}}