{"id":146095,"date":"2023-05-21T19:51:42","date_gmt":"2023-05-21T19:51:42","guid":{"rendered":"https:\/\/medclinics.com\/ivf-in-vitro-fertilizasyon\/"},"modified":"2024-04-01T15:18:37","modified_gmt":"2024-04-01T12:18:37","slug":"ivf-in-vitro-fertilizasyon","status":"publish","type":"page","link":"https:\/\/medclinics.com\/tr\/ivf-in-vitro-fertilizasyon\/","title":{"rendered":"IVF &#8211; \u0130n Vitro Fertilizasyon Uzun"},"content":{"rendered":"\n<p>IVF, do\u011fal yollarla gebelik elde edilemedi\u011finde yapay olarak gebelik olu\u015fturman\u0131n \u00e7e\u015fitli y\u00f6ntemleridir.<\/p>\n\n<div class=\"wp-block-rank-math-toc-block\" id=\"rank-math-toc\"><h2>\u0130\u00e7indekiler Tablosu<\/h2><nav><ul><li><a href=\"#so-what-is\">Peki Nedir<\/a><\/li><li><a href=\"#types-and-methods\">T\u00fcrler ve Y\u00f6ntemler<\/a><\/li><li><a href=\"#treatment-plan\">Tedavi Plan\u0131<\/a><\/li><li><a href=\"#good-to-know-before-ivf-treatment-in-turkey\">T\u00fcrkiye&#8217;de t\u00fcp bebek tedavisinden \u00f6nce bilinmesi gerekenler<\/a><\/li><li><a href=\"#aftercare\">Bak\u0131m Sonras\u0131<\/a><\/li><li><a href=\"#top-ivf-treatment-costs-by-country\">\u00dclkelere g\u00f6re en y\u00fcksek T\u00fcp Bebek Tedavi maliyetleri<\/a><\/li><li><a href=\"#faq\">SSS<\/a><\/li><li><a href=\"#history\">Tarih<\/a><\/li><\/ul><\/nav><\/div>\n\n<h2 class=\"wp-block-heading\" id=\"so-what-is\">Peki Nedir<\/h2>\n\n<ul class=\"wp-block-list\">\n<li><a href=\"https:\/\/medclinics.com\/ivf-in-vitro-fertilisation\/\" target=\"_blank\" rel=\"noreferrer noopener\">IVF veya suni d\u00f6llenme<\/a>, bir laboratuvarda gebelik elde etmek i\u00e7in kullan\u0131l\u0131r. Bu i\u015flem i\u00e7in en modern teknolojiye ihtiya\u00e7 vard\u0131r.<\/li>\n\n\n\n<li>T\u00fcrkiye, t\u00fcp bebek alan\u0131nda en \u00e7ok ra\u011fbet g\u00f6ren \u00fclkelerden biridir.<\/li>\n\n\n\n<li>\u0130ntratubal gen transferi ise kad\u0131n\u0131n v\u00fccudu i\u00e7inde d\u00f6llenmeyi kolayla\u015ft\u0131rmak i\u00e7in teknik yard\u0131m kullan\u0131lmas\u0131n\u0131 i\u00e7erir.<\/li>\n\n\n\n<li>T\u0131bbi fakt\u00f6rlere ba\u011fl\u0131 olarak, \u00e7iftler hamilelik elde etmek i\u00e7in kendi sperm ve yumurtalar\u0131n\u0131 veya don\u00f6r materyalini kullanabilirler.<\/li>\n\n\n\n<li>T\u00fcrkiye&#8217;de yumurta, sperm ve embriyo ba\u011f\u0131\u015f\u0131na kanunen izin verilmedi\u011fini l\u00fctfen unutmay\u0131n. Bu tedaviler i\u00e7in sadece evli \u00e7iftler kabul edilecektir<\/li>\n<\/ul>\n\n<h2 class=\"wp-block-heading\" id=\"types-and-methods\">T\u00fcrler ve Y\u00f6ntemler<\/h2>\n\n<p>\u00c7e\u015fitli in vitro fertilizasyon t\u00fcrleri vard\u0131r:<\/p>\n\n<ul class=\"wp-block-list\">\n<li><a href=\"https:\/\/medclinics.com\/tr\/suni-tohumlama\/\" target=\"_blank\" rel=\"noreferrer noopener\">Suni Tohumlama<\/a><\/li>\n\n\n\n<li><a href=\"https:\/\/medclinics.com\/tr\/tup-bebek-2\/\" target=\"_blank\" rel=\"noreferrer noopener\">T\u00dcP BEBEK<\/a><\/li>\n\n\n\n<li><a href=\"https:\/\/medclinics.com\/tr\/intrasitoplazmik-sperm-enjeksiyonu-icsi\/\" target=\"_blank\" rel=\"noreferrer noopener\">\u0130ntrasitoplazmik Sperm Enjeksiyonu (ICSI)<\/a><\/li>\n\n\n\n<li><a href=\"https:\/\/medclinics.com\/tr\/intratubal-gamet-transferi-gift\/\" target=\"_blank\" rel=\"noreferrer noopener\">\u0130ntratubal gamet transferi (GIFT)<\/a><\/li>\n<\/ul>\n\n<h2 class=\"wp-block-heading\" id=\"treatment-plan\">Tedavi Plan\u0131<\/h2>\n\n<p><a href=\"https:\/\/en.wikipedia.org\/wiki\/In_vitro_fertilisation\" target=\"_blank\" rel=\"noreferrer noopener\">T\u00fcp<\/a> bebek tedavisi, haz\u0131rl\u0131k ve sab\u0131r gerektiren kapsaml\u0131 bir tedavidir.<\/p>\n\n<p>Tedavi plan\u0131 \u00e7ok bireyseldir ve t\u0131bbi ge\u00e7mi\u015finiz ve ki\u015fisel ihtiya\u00e7lar\u0131n\u0131z g\u00f6z \u00f6n\u00fcnde bulundurularak tedavi eden doktorunuzla birlikte size \u00f6zel olarak haz\u0131rlanacakt\u0131r.<\/p>\n\n<h3 class=\"wp-block-heading\">IVF i\u00e7in<\/h3>\n\n<p>Do\u011fal yollarla hamile kalamayan t\u00fcm \u00e7iftler<\/p>\n\n<h3 class=\"wp-block-heading\">IVF S\u00fcresi<\/h3>\n\n<p>T\u00fcp bebek tedavisi sab\u0131r gerektiren uzun soluklu bir s\u00fcre\u00e7tir. Tedavinizi y\u00fcr\u00fcten doktorunuz t\u00fcm ayr\u0131nt\u0131lar\u0131 \u00f6nceden sizinle payla\u015facakt\u0131r.<\/p>\n\n<h3 class=\"wp-block-heading\">T\u00fcp Bebek Tedavisinin Olas\u0131 Riskleri<\/h3>\n\n<ul class=\"wp-block-list\">\n<li>\u00c7o\u011ful gebelikler<\/li>\n\n\n\n<li>Yumurtal\u0131k Hiperstim\u00fclasyon Sendromu (OHSS)<\/li>\n\n\n\n<li>D\u0131\u015f gebelik<\/li>\n\n\n\n<li>Do\u011fum kusurlar\u0131<\/li>\n\n\n\n<li>Duygusal ve psikolojik etkiler<\/li>\n\n\n\n<li>Mali y\u00fck<\/li>\n\n\n\n<li>Bilinmeyen uzun vadeli etkiler<\/li>\n<\/ul>\n\n<h2 class=\"wp-block-heading\" id=\"good-to-know-before-ivf-treatment-in-turkey\">T\u00fcrkiye&#8217;de t\u00fcp bebek tedavisinden \u00f6nce bilinmesi gerekenler<\/h2>\n\n<ul class=\"wp-block-list\">\n<li>T\u00fcrkiye&#8217;de yumurta, sperm ve embriyo ba\u011f\u0131\u015f\u0131 kanunen kesinlikle yasakt\u0131r ve ta\u015f\u0131y\u0131c\u0131 anneli\u011fe izin verilmemektedir.<\/li>\n\n\n\n<li>T\u00fcrkiye&#8217;de suni d\u00f6llenme tedavisine sadece evli \u00e7iftler kat\u0131labiliyor<\/li>\n\n\n\n<li>Bu tedaviler i\u00e7in kanunen bir ya\u015f s\u0131n\u0131r\u0131 olmamas\u0131na ra\u011fmen, baz\u0131 klinikler 46 ya\u015f\u0131n \u00fczerindeki kad\u0131nlar\u0131 tedavi etmemektedir.<\/li>\n\n\n\n<li>35&#8217;ten gen\u00e7 kad\u0131nlar i\u00e7in birinci ve ikinci sikluslarda yaln\u0131zca bir embriyo transfer edilebilirken, \u00fc\u00e7\u00fcnc\u00fc siklusta \u00fc\u00e7 embriyo transfer edilebilir.<br\/>35&#8217;ten b\u00fcy\u00fck kad\u0131nlar i\u00e7in ilk d\u00f6ng\u00fcde 2 embriyo transferine izin verilir.<\/li>\n\n\n\n<li>Klinikler embriyolar\u0131 10 y\u0131l boyunca saklayabilir, ancak bu talep i\u00e7in ge\u00e7erli bir neden sunman\u0131z gerekir. Bu, \u00f6rne\u011fin kanser hastalar\u0131 ve s\u0131n\u0131rl\u0131 yumurtal\u0131k rezervi olan kad\u0131nlar i\u00e7in ge\u00e7erlidir.<\/li>\n\n\n\n<li>PGD (preimplantasyon genetik tan\u0131) ve PGD&#8217;ye (an\u00f6ploid tarama) izin verilmektedir, ancak yasa cinsiyet se\u00e7imine izin vermemektedir.<\/li>\n\n\n\n<li>M\u00fcmk\u00fcn olan en y\u00fcksek ba\u015far\u0131 oran\u0131na ula\u015fmak i\u00e7in laboratuvar \u00e7ok \u00f6nemli bir rol oynamaktad\u0131r. Sadece sa\u011fl\u0131kl\u0131 bir ortamda ba\u015far\u0131l\u0131 bir d\u00f6llenme ve embriyo geli\u015fimi ger\u00e7ekle\u015febilir.<\/li>\n\n\n\n<li>Bir di\u011fer \u00f6nemli rol de, t\u00fcm modern prosed\u00fcrlere a\u015fina olmas\u0131 gereken embriyologlar\u0131n deneyiminin yan\u0131 s\u0131ra nitelikleri taraf\u0131ndan oynan\u0131r.<\/li>\n<\/ul>\n\n<h2 class=\"wp-block-heading\" id=\"aftercare\">Bak\u0131m Sonras\u0131<\/h2>\n\n<p>Embriyo transferinden sonraki ilk 24 saat i\u00e7inde kad\u0131n\u0131n dinlenmesi \u00e7ok \u00f6nemlidir. \u0130lk g\u00fcn boyunca embriyonun rahme d\u00fczg\u00fcn bir \u015fekilde yerle\u015fmesi beklenir.<br\/>Evde rahat ve iyi dinlenmi\u015f bir \u015fekilde kal\u0131n. Yatak istirahati re\u00e7ete edilmez, ancak her ko\u015fulda a\u011f\u0131r i\u015flerden, fiziksel efordan ve a\u011f\u0131r nesneleri kald\u0131rmaktan ka\u00e7\u0131nmal\u0131s\u0131n\u0131z.<\/p>\n\n<h2 class=\"wp-block-heading\" id=\"top-ivf-treatment-costs-by-country\">\u00dclkelere g\u00f6re en y\u00fcksek T\u00fcp Bebek Tedavi maliyetleri<\/h2>\n\n<p>T\u00fcp bebek tedavisinin maliyeti doktorlar\u0131n deneyimine, kullan\u0131lan tekni\u011fe, se\u00e7ti\u011finiz klinik veya hastaneye ve ki\u015fisel sa\u011fl\u0131k durumunuza ba\u011fl\u0131d\u0131r.<br\/>A\u015fa\u011f\u0131da listelenen fiyatlar, t\u00fcp bebek tedavisinin maliyetleri hakk\u0131nda size yakla\u015f\u0131k bir fikir vermeyi ama\u00e7lamaktad\u0131r ve nihai bir fiyat teklifi de\u011fildir. MedClincs dan\u0131\u015fman\u0131n\u0131z size ayr\u0131nt\u0131l\u0131 bilgi vermekten mutluluk duyacakt\u0131r<\/p>\n\n<figure class=\"wp-block-table\"><table><thead><tr><th>\u00dclke<\/th><th>Fiyat<\/th><th>De\u011ferlendirme<\/th><\/tr><\/thead><tbody><tr><td>T\u00fcrkiye<\/td><td>~ 2000\u20ac &#8211; 2900\u20ac<\/td><td>\u2605\u2605\u2605\u2605\u2605<\/td><\/tr><tr><td>Polonya<\/td><td>~ 2700\u20ac &#8211; 3500\u20ac<\/td><td>\u2605\u2605\u2605<\/td><\/tr><tr><td>Almanya<\/td><td>~ 5000\u20ac &#8211; 10000\u20ac<\/td><td>\u2605\u2605\u2605\u2605<\/td><\/tr><tr><td>BIRLE\u015eIK KRALLIK<\/td><td>~ 6500\u20ac &#8211; 10500\u20ac<\/td><td>\u2605\u2605\u2605<\/td><\/tr><tr><td>ABD<\/td><td>~ 10000\u20ac &#8211; 12500\u20ac<\/td><td>\u2605\u2605\u2605\u2605<\/td><\/tr><\/tbody><\/table><\/figure>\n\n<h2 class=\"wp-block-heading\" id=\"faq\">SSS<\/h2>\n<div id=\"rank-math-faq\" class=\"rank-math-block\">\n<div class=\"rank-math-list \">\n<div id=\"faq-question-1684698413219\" class=\"rank-math-list-item\">\n<h3 class=\"rank-math-question \">T\u00fcp bebekte ba\u015far\u0131 oran\u0131 nedir?<\/h3>\n<div class=\"rank-math-answer \">\n\n<p>Ortalama olarak, IVF i\u00e7in ba\u015far\u0131 oran\u0131 % 30 &#8211; 40 olarak kabul edilir. Ayr\u0131ca ki\u015fisel ge\u00e7mi\u015finize, genel sa\u011fl\u0131k yap\u0131n\u0131za ve bireysel fakt\u00f6rlere de ba\u011fl\u0131d\u0131r.<br \/>Amerikan \u00dcreme T\u0131bb\u0131 Derne\u011fi&#8217;ne (ASRM) g\u00f6re, IVF tedavisi g\u00f6ren kad\u0131nlar\u0131n yakla\u015f\u0131k y\u00fczde 80&#8217;i ilk \u00fc\u00e7 ila d\u00f6rt d\u00f6ng\u00fc i\u00e7inde hamile kalacakt\u0131r.<\/p>\n\n<\/div>\n<\/div>\n<div id=\"faq-question-1684698415052\" class=\"rank-math-list-item\">\n<h3 class=\"rank-math-question \">IVF bebekleri normal midir?<\/h3>\n<div class=\"rank-math-answer \">\n\n<p>Evet, genel olarak IVF bebekleri do\u011fal yollarla d\u00fcnyaya gelen bebeklerle ayn\u0131 \u015fekilde geli\u015fir. \u00c7iftler tedavi s\u00fcresince yak\u0131ndan izlenmekte ve dikkatle denetlenmektedir. \u00c7o\u011fu durumda sa\u011fl\u0131kl\u0131 bir bebek d\u00fcnyaya getirirler.<\/p>\n\n<\/div>\n<\/div>\n<div id=\"faq-question-1684698416187\" class=\"rank-math-list-item\">\n<h3 class=\"rank-math-question \">T\u00fcp bebe\u011fin riskleri nelerdir?<\/h3>\n<div class=\"rank-math-answer \">\n\n<p>IVF art\u0131k kan\u0131tlanm\u0131\u015f bir tedavi y\u00f6ntemi olmas\u0131na ra\u011fmen, IVF yoluyla gebe kalan bebeklerin daha d\u00fc\u015f\u00fck do\u011fum a\u011f\u0131rl\u0131\u011f\u0131na sahip olmas\u0131 ve erken do\u011fmas\u0131 gibi hafif bir risk vard\u0131r. Tedavi eden doktorunuz ayr\u0131nt\u0131lar\u0131 sizinle g\u00f6r\u00fc\u015fecektir.<\/p>\n\n<\/div>\n<\/div>\n<div id=\"faq-question-1684698417402\" class=\"rank-math-list-item\">\n<h3 class=\"rank-math-question \">IVF ile cinsiyet se\u00e7ebilir misiniz?<\/h3>\n<div class=\"rank-math-answer \">\n\n<p>T\u00fcrkiye&#8217;de preimplantasyon genetik tan\u0131 (PGT) ve an\u00f6ploid taramas\u0131na (PGT) izin verilmektedir, ancak yasa cinsiyet se\u00e7imine izin vermemektedir.<\/p>\n\n<\/div>\n<\/div>\n<div id=\"faq-question-1684698422423\" class=\"rank-math-list-item\">\n<h3 class=\"rank-math-question \">IVF i\u00e7in ka\u00e7 yumurtaya ihtiya\u00e7 vard\u0131r?<\/h3>\n<div class=\"rank-math-answer \">\n\n<p>Tedavi s\u0131ras\u0131nda kad\u0131n, yumurtal\u0131klar\u0131n\u0131 uyarmak i\u00e7in bir hormon tedavisi g\u00f6recektir. Ayr\u0131ca, yumurtalar\u0131n kalitesi \u00f6nemli bir fakt\u00f6rd\u00fcr ve t\u00fcm yumurtalar IVF i\u00e7in kullan\u0131lamaz. Bununla birlikte, ne kadar \u00e7ok yumurta mevcutsa, ba\u015far\u0131 i\u00e7in de\u011fi\u015fim o kadar y\u00fcksek olur.  <\/p>\n\n<\/div>\n<\/div>\n<div id=\"faq-question-1684698423449\" class=\"rank-math-list-item\">\n<h3 class=\"rank-math-question \">Kullan\u0131lmayan yumurtalara ne olur?<\/h3>\n<div class=\"rank-math-answer \">\n\n<p>T\u00fcrkiye&#8217;de sperm ve yumurta ba\u011f\u0131\u015f\u0131 kanunen yasakt\u0131r. Bu, kullan\u0131lmayan yumurtalar\u0131n ya imha edilmesi ya da saklanmas\u0131 gerekti\u011fi anlam\u0131na gelir.<br \/>Yumurtalar belirli kliniklerde saklanabilir, ancak b\u00f6yle bir talep i\u00e7in makul bir nedene ihtiyac\u0131n\u0131z vard\u0131r, \u00f6rne\u011fin kanser tedavisi veya ba\u015fka bir \u015fey. Depolama i\u00e7in ekstra bir \u00f6deme yap\u0131lacakt\u0131r. Maksimum depolama s\u00fcresi 5 y\u0131ld\u0131r.<\/p>\n\n<\/div>\n<\/div>\n<div id=\"faq-question-1684698424487\" class=\"rank-math-list-item\">\n<h3 class=\"rank-math-question \">D\u00f6llenme ve t\u00fcp bebek tedavisi aras\u0131ndaki fark nedir?<\/h3>\n<div class=\"rank-math-answer \">\n\n<p>Suni d\u00f6llenme olarak da adland\u0131r\u0131lan inseminasyon s\u0131ras\u0131nda spermler kad\u0131n\u0131n v\u00fccuduna enjekte edilir. Bu prosed\u00fcr i\u00e7in IUI, ICI veya ITI gibi farkl\u0131 y\u00f6ntemler mevcuttur. D\u00f6llenme kad\u0131n\u0131n v\u00fccudunda ger\u00e7ekle\u015fir.<br \/>T\u00fcp bebek tedavisi s\u0131ras\u0131nda d\u00f6llenme bir laboratuvarda ger\u00e7ekle\u015ftirilir.<\/p>\n\n<\/div>\n<\/div>\n<div id=\"faq-question-1684698425367\" class=\"rank-math-list-item\">\n<h3 class=\"rank-math-question \">D\u00f6llenmeden \u00f6nce hormon ilac\u0131na ihtiyac\u0131m var m\u0131?<\/h3>\n<div class=\"rank-math-answer \">\n\n<p>Doktorunuz, ki\u015fisel durumunuza ba\u011fl\u0131 olarak, d\u00f6llenme tedavisinden \u00f6nce size baz\u0131 ila\u00e7lar re\u00e7ete edebilir. Hormon ila\u00e7lar\u0131 yumurtal\u0131klar\u0131 uyarmak i\u00e7in kullan\u0131labilir, b\u00f6ylece daha fazla yumurta \u00fcretilir ve ba\u015far\u0131l\u0131 bir d\u00f6llenme \u015fans\u0131 artar.<\/p>\n\n<\/div>\n<\/div>\n<div id=\"faq-question-1684698428980\" class=\"rank-math-list-item\">\n<h3 class=\"rank-math-question \">T\u00fcrkiye&#8217;de sperm ba\u011f\u0131\u015f\u0131 alabilir miyim?<\/h3>\n<div class=\"rank-math-answer \">\n\n<p>Hay\u0131r, T\u00fcrkiye&#8217;de yumurta ba\u011f\u0131\u015f\u0131n\u0131n yan\u0131 s\u0131ra sperm ba\u011f\u0131\u015f\u0131na da kanunen izin verilmemektedir. Sadece evli \u00e7iftler d\u00f6llenme tedavisine tabi tutulabilir.<\/p>\n\n<\/div>\n<\/div>\n<div id=\"faq-question-1684698429918\" class=\"rank-math-list-item\">\n<h3 class=\"rank-math-question \">IVF en \u00e7ok hangi ya\u015fta ba\u015far\u0131l\u0131 olur?<\/h3>\n<div class=\"rank-math-answer \">\n\n<p>Genel olarak, kad\u0131n ne kadar gen\u00e7se, tedavi o kadar ba\u015far\u0131l\u0131 olur. Gen\u00e7 ya\u015flarda v\u00fccudunuz daha fazla ve daha kaliteli yumurta \u00fcretir, bu da ba\u015far\u0131l\u0131 bir tedavi \u015fans\u0131n\u0131 art\u0131r\u0131r. \u0130statistikler, kad\u0131n\u0131n 35 ya\u015f\u0131n alt\u0131nda oldu\u011fu durumlarda ba\u015far\u0131 oran\u0131n\u0131n en y\u00fcksek oldu\u011funu s\u00f6yl\u00fcyor.  <\/p>\n\n<\/div>\n<\/div>\n<div id=\"faq-question-1684698430849\" class=\"rank-math-list-item\">\n<h3 class=\"rank-math-question \">Bir y\u0131l i\u00e7inde ka\u00e7 kez IVF yapabilirim?<\/h3>\n<div class=\"rank-math-answer \">\n\n<p>Prensip olarak, y\u0131ll\u0131k tedavi say\u0131s\u0131 i\u00e7in herhangi bir s\u0131n\u0131rlama yoktur. Bununla birlikte, tedavi hormon ila\u00e7lar\u0131 ile devam etti\u011finden, \u00e7o\u011fu kad\u0131n fiziksel ve ruhsal olarak iyile\u015fmek i\u00e7in tedaviler aras\u0131nda bir ara vermeyi tercih eder.<\/p>\n\n<\/div>\n<\/div>\n<\/div>\n<\/div>\n<h2 class=\"wp-block-heading\" id=\"history\">Tarih<\/h2>\n\n<p>1934: Bir yumurtan\u0131n v\u00fccut d\u0131\u015f\u0131nda ilk ba\u015far\u0131l\u0131 d\u00f6llenmesi tav\u015fanlarda ger\u00e7ekle\u015fti.<\/p>\n\n<p>1959: Bir insan yumurtas\u0131n\u0131n v\u00fccut d\u0131\u015f\u0131nda ilk ba\u015far\u0131l\u0131 d\u00f6llenmesi ger\u00e7ekle\u015fti, ancak embriyo hayatta kalamad\u0131.<\/p>\n\n<p>1969: \u0130ngiliz bilim adam\u0131 Robert Edwards ve meslekta\u015f\u0131 Patrick Steptoe, insanlar i\u00e7in t\u00fcp bebek tedavisi geli\u015ftirmek \u00fczere birlikte \u00e7al\u0131\u015fmaya ba\u015flad\u0131.<\/p>\n\n<p>1978: Louise Brown&#8217;\u0131n \u0130ngiltere&#8217;de do\u011fmas\u0131yla d\u00fcnyan\u0131n ilk ba\u015far\u0131l\u0131 IVF gebeli\u011fi elde edildi.<\/p>\n\n<p>1981: Amerika Birle\u015fik Devletleri&#8217;nde ilk ba\u015far\u0131l\u0131 IVF gebeli\u011fi elde edildi ve Elizabeth Jordan Carr&#8217;\u0131n do\u011fumuyla sonu\u00e7land\u0131.<\/p>\n\n<p>1983: Ba\u015far\u0131l\u0131 bir gebelikle sonu\u00e7lanan ilk dondurulmu\u015f embriyo transferi ger\u00e7ekle\u015ftirildi.<\/p>\n\n<p>1985: \u0130lk kez intrasitoplazmik sperm enjeksiyonu (ICSI) yoluyla gebelik elde edildi.<\/p>\n\n<p>1992: Bu y\u0131ldan itibaren implantasyon \u00f6ncesi genetik tan\u0131 (PGT) ile embriyolarda genetik bozukluklar tespit edilebilmektedir.<\/p>\n\n<p>2002: Dondurulmu\u015f yumurtadan ilk ba\u015far\u0131l\u0131 \u00e7ocuk do\u011fumu ger\u00e7ekle\u015fti.<\/p>\n","protected":false},"excerpt":{"rendered":"<p>IVF, do\u011fal yollarla gebelik elde edilemedi\u011finde yapay olarak gebelik olu\u015fturman\u0131n \u00e7e\u015fitli y\u00f6ntemleridir. Peki Nedir T\u00fcrler ve Y\u00f6ntemler \u00c7e\u015fitli in vitro [&hellip;]<\/p>\n","protected":false},"author":4,"featured_media":0,"parent":0,"menu_order":0,"comment_status":"closed","ping_status":"closed","template":"","meta":{"site-sidebar-layout":"default","site-content-layout":"","ast-site-content-layout":"default","site-content-style":"default","site-sidebar-style":"default","ast-global-header-display":"","ast-banner-title-visibility":"","ast-main-header-display":"","ast-hfb-above-header-display":"","ast-hfb-below-header-display":"","ast-hfb-mobile-header-display":"","site-post-title":"","ast-breadcrumbs-content":"","ast-featured-img":"","footer-sml-layout":"","ast-disable-related-posts":"","theme-transparent-header-meta":"","adv-header-id-meta":"","stick-header-meta":"","header-above-stick-meta":"","header-main-stick-meta":"","header-below-stick-meta":"","astra-migrate-meta-layouts":"default","ast-page-background-enabled":"default","ast-page-background-meta":{"desktop":{"background-color":"var(--ast-global-color-4)","background-image":"","background-repeat":"repeat","background-position":"center center","background-size":"auto","background-attachment":"scroll","background-type":"","background-media":"","overlay-type":"","overlay-color":"","overlay-opacity":"","overlay-gradient":""},"tablet":{"background-color":"","background-image":"","background-repeat":"repeat","background-position":"center center","background-size":"auto","background-attachment":"scroll","background-type":"","background-media":"","overlay-type":"","overlay-color":"","overlay-opacity":"","overlay-gradient":""},"mobile":{"background-color":"","background-image":"","background-repeat":"repeat","background-position":"center center","background-size":"auto","background-attachment":"scroll","background-type":"","background-media":"","overlay-type":"","overlay-color":"","overlay-opacity":"","overlay-gradient":""}},"ast-content-background-meta":{"desktop":{"background-color":"var(--ast-global-color-5)","background-image":"","background-repeat":"repeat","background-position":"center center","background-size":"auto","background-attachment":"scroll","background-type":"","background-media":"","overlay-type":"","overlay-color":"","overlay-opacity":"","overlay-gradient":""},"tablet":{"background-color":"var(--ast-global-color-5)","background-image":"","background-repeat":"repeat","background-position":"center center","background-size":"auto","background-attachment":"scroll","background-type":"","background-media":"","overlay-type":"","overlay-color":"","overlay-opacity":"","overlay-gradient":""},"mobile":{"background-color":"var(--ast-global-color-5)","background-image":"","background-repeat":"repeat","background-position":"center center","background-size":"auto","background-attachment":"scroll","background-type":"","background-media":"","overlay-type":"","overlay-color":"","overlay-opacity":"","overlay-gradient":""}},"footnotes":""},"class_list":["post-146095","page","type-page","status-publish","hentry"],"_links":{"self":[{"href":"https:\/\/medclinics.com\/tr\/wp-json\/wp\/v2\/pages\/146095","targetHints":{"allow":["GET"]}}],"collection":[{"href":"https:\/\/medclinics.com\/tr\/wp-json\/wp\/v2\/pages"}],"about":[{"href":"https:\/\/medclinics.com\/tr\/wp-json\/wp\/v2\/types\/page"}],"author":[{"embeddable":true,"href":"https:\/\/medclinics.com\/tr\/wp-json\/wp\/v2\/users\/4"}],"replies":[{"embeddable":true,"href":"https:\/\/medclinics.com\/tr\/wp-json\/wp\/v2\/comments?post=146095"}],"version-history":[{"count":0,"href":"https:\/\/medclinics.com\/tr\/wp-json\/wp\/v2\/pages\/146095\/revisions"}],"wp:attachment":[{"href":"https:\/\/medclinics.com\/tr\/wp-json\/wp\/v2\/media?parent=146095"}],"curies":[{"name":"wp","href":"https:\/\/api.w.org\/{rel}","templated":true}]}}