{"id":146075,"date":"2023-05-21T19:23:18","date_gmt":"2023-05-21T19:23:18","guid":{"rendered":"https:\/\/medclinics.com\/kas-gevsetici-ile-kirisiklik-tedavisi\/"},"modified":"2024-04-04T19:19:54","modified_gmt":"2024-04-04T16:19:54","slug":"kas-gevsetici-ile-kirisiklik-tedavisi","status":"publish","type":"page","link":"https:\/\/medclinics.com\/tr\/kas-gevsetici-ile-kirisiklik-tedavisi\/","title":{"rendered":"Kas Gev\u015fetici ile K\u0131r\u0131\u015f\u0131kl\u0131k Tedavisi"},"content":{"rendered":"\n<h2 class=\"wp-block-heading\">Ya\u015flanmak i\u00e7in zaman yok! Do\u011fal ve gen\u00e7 bir g\u00f6r\u00fcn\u00fcme geri d\u00f6n\u00fcn! K\u0131r\u0131\u015f\u0131kl\u0131k tedavinizi hemen \u015fimdi yapt\u0131r\u0131n!<\/h2>\n\n<p>Deneyimli bir dermatolog taraf\u0131ndan uygulanan <a href=\"https:\/\/istanbul-tourist-information.com\/en\/beauty-salon-treatments\/\" target=\"_blank\" rel=\"noreferrer noopener\">K\u0131r\u0131\u015f\u0131kl\u0131k Tedavisi<\/a> ile uygun fiyat ve d\u00fc\u015f\u00fck maliyetle k\u0131sa s\u00fcrede hissetti\u011finiz kadar gen\u00e7 g\u00f6r\u00fcneceksiniz! Sorunlu b\u00f6lgelere bir kas gev\u015fetici enjekte edilerek k\u0131r\u0131\u015f\u0131kl\u0131klar\u0131n\u0131z kendili\u011finden kaybolur.<\/p>\n\n<p>Daha fazla teredd\u00fct etmeyin! \u0130stanbul&#8217;da <a href=\"https:\/\/medclinics.com\/tr\/kirisiklik-tedavisi\/\" target=\"_blank\" rel=\"noreferrer noopener\">K\u0131r\u0131\u015f\u0131kl\u0131k Tedavinizi<\/a> Hemen Yapt\u0131r\u0131n!<\/p>\n\n<h3 class=\"wp-block-heading\"><strong>K\u0131r\u0131\u015f\u0131kl\u0131k Tedavisi \u015funlar\u0131 i\u00e7erir:<\/strong><\/h3>\n\n<ul class=\"wp-block-list\">\n<li>Ka\u015f \u00e7atma \u00e7izgisi, kaz ayaklar\u0131, al\u0131n k\u0131r\u0131\u015f\u0131kl\u0131klar\u0131 ve hatta \u00e7ilek \u00e7ene gibi bir y\u00fcz b\u00f6lgesinin tedavisi.<\/li>\n\n\n\n<li>Son derece ince bir kan\u00fcl ile a\u011fr\u0131s\u0131z enjeksiyon. <\/li>\n\n\n\n<li>Prestijli bir t\u0131bbi muayenehanede veya klinikte deneyimli doktor taraf\u0131ndan en son teknoloji kullan\u0131larak tedavi.<\/li>\n\n\n\n<li>Sorular\u0131n\u0131z i\u00e7in \u00fccretsiz destek. <\/li>\n<\/ul>\n\n<h3 class=\"wp-block-heading\">Fiyat, bak\u0131m sonras\u0131 ve iyile\u015fme s\u00fcreci de dahil olmak \u00fczere k\u0131r\u0131\u015f\u0131kl\u0131k tedavisi hakk\u0131nda bilmeniz gereken her \u015fey veya <a href=\"#requestform\">bizimle ileti\u015fime<\/a> ge\u00e7in!<\/h3>\n\n<h2 class=\"wp-block-heading\">SSS <\/h2>\n<div id=\"rank-math-faq\" class=\"rank-math-block\">\n<div class=\"rank-math-list \">\n<div id=\"faq-question-1682666956133\" class=\"rank-math-list-item\">\n<h3 class=\"rank-math-question \">K\u0131r\u0131\u015f\u0131kl\u0131k tedavisi nas\u0131l \u00e7al\u0131\u015f\u0131r?<\/h3>\n<div class=\"rank-math-answer \">\n\n<p>Tedavi kas gev\u015feticiler ile yap\u0131l\u0131r. Kas gev\u015feticiler, kas spazmlar\u0131n\u0131 hafifletmek ve kas sertli\u011fini azaltmak i\u00e7in kullan\u0131lan bir grup ila\u00e7t\u0131r. Kozmetik ama\u00e7lar i\u00e7in, kas gev\u015fetici kaslara giden sinir uyar\u0131lar\u0131n\u0131 bast\u0131r\u0131r.<\/p>\n\n<\/div>\n<\/div>\n<div id=\"faq-question-1682603361561\" class=\"rank-math-list-item\">\n<h3 class=\"rank-math-question \">Kas gev\u015feticilerin potansiyel yan etkileri nelerdir?<\/h3>\n<div class=\"rank-math-answer \">\n\n<p>Kural olarak, kas gev\u015feticilerle yap\u0131lan kozmetik tedaviler, d\u00fc\u015f\u00fck dozaj nedeniyle yan etki olmadan ge\u00e7er. Zaman zaman a\u011f\u0131z kurulu\u011fu veya hafif ba\u015f d\u00f6nmesi ve ba\u015f a\u011fr\u0131s\u0131 g\u00f6r\u00fclebilir. Bu durumda, l\u00fctfen derhal tedavi eden doktorunuzla ileti\u015fime ge\u00e7in.<\/p>\n\n<\/div>\n<\/div>\n<div id=\"faq-question-1682665852961\" class=\"rank-math-list-item\">\n<h3 class=\"rank-math-question \">Kas gev\u015feticilerle yap\u0131lan tedaviler kal\u0131c\u0131 m\u0131d\u0131r?<\/h3>\n<div class=\"rank-math-answer \">\n\n<p>Hay\u0131r, kas gev\u015feticilerle yap\u0131lan tedaviler kal\u0131c\u0131 de\u011fildir. Bununla birlikte, ortalama olarak, kaslar tekrar aktif hale gelmeden ve k\u0131r\u0131\u015f\u0131kl\u0131klar yeniden ortaya \u00e7\u0131kmadan \u00f6nce etki birka\u00e7 ay s\u00fcrer. Tedavinin d\u00fczenli aral\u0131klarla tekrarlanmas\u0131 tavsiye edilir.<\/p>\n\n<\/div>\n<\/div>\n<\/div>\n<\/div>\n<p><\/p>\n\n<h3 class=\"wp-block-heading\">Herhangi bir sorunuz olmas\u0131 durumunda hemen bizimle ileti\u015fime ge\u00e7in!<\/h3>\n","protected":false},"excerpt":{"rendered":"<p>Ya\u015flanmak i\u00e7in zaman yok! Do\u011fal ve gen\u00e7 bir g\u00f6r\u00fcn\u00fcme geri d\u00f6n\u00fcn! K\u0131r\u0131\u015f\u0131kl\u0131k tedavinizi hemen \u015fimdi yapt\u0131r\u0131n! Deneyimli bir dermatolog taraf\u0131ndan [&hellip;]<\/p>\n","protected":false},"author":4,"featured_media":93177,"parent":0,"menu_order":0,"comment_status":"closed","ping_status":"closed","template":"","meta":{"site-sidebar-layout":"default","site-content-layout":"","ast-site-content-layout":"default","site-content-style":"default","site-sidebar-style":"default","ast-global-header-display":"","ast-banner-title-visibility":"","ast-main-header-display":"","ast-hfb-above-header-display":"","ast-hfb-below-header-display":"","ast-hfb-mobile-header-display":"","site-post-title":"","ast-breadcrumbs-content":"","ast-featured-img":"","footer-sml-layout":"","ast-disable-related-posts":"","theme-transparent-header-meta":"","adv-header-id-meta":"","stick-header-meta":"","header-above-stick-meta":"","header-main-stick-meta":"","header-below-stick-meta":"","astra-migrate-meta-layouts":"default","ast-page-background-enabled":"default","ast-page-background-meta":{"desktop":{"background-color":"var(--ast-global-color-4)","background-image":"","background-repeat":"repeat","background-position":"center center","background-size":"auto","background-attachment":"scroll","background-type":"","background-media":"","overlay-type":"","overlay-color":"","overlay-opacity":"","overlay-gradient":""},"tablet":{"background-color":"","background-image":"","background-repeat":"repeat","background-position":"center center","background-size":"auto","background-attachment":"scroll","background-type":"","background-media":"","overlay-type":"","overlay-color":"","overlay-opacity":"","overlay-gradient":""},"mobile":{"background-color":"","background-image":"","background-repeat":"repeat","background-position":"center center","background-size":"auto","background-attachment":"scroll","background-type":"","background-media":"","overlay-type":"","overlay-color":"","overlay-opacity":"","overlay-gradient":""}},"ast-content-background-meta":{"desktop":{"background-color":"var(--ast-global-color-5)","background-image":"","background-repeat":"repeat","background-position":"center center","background-size":"auto","background-attachment":"scroll","background-type":"","background-media":"","overlay-type":"","overlay-color":"","overlay-opacity":"","overlay-gradient":""},"tablet":{"background-color":"var(--ast-global-color-5)","background-image":"","background-repeat":"repeat","background-position":"center center","background-size":"auto","background-attachment":"scroll","background-type":"","background-media":"","overlay-type":"","overlay-color":"","overlay-opacity":"","overlay-gradient":""},"mobile":{"background-color":"var(--ast-global-color-5)","background-image":"","background-repeat":"repeat","background-position":"center center","background-size":"auto","background-attachment":"scroll","background-type":"","background-media":"","overlay-type":"","overlay-color":"","overlay-opacity":"","overlay-gradient":""}},"footnotes":""},"class_list":["post-146075","page","type-page","status-publish","has-post-thumbnail","hentry"],"_links":{"self":[{"href":"https:\/\/medclinics.com\/tr\/wp-json\/wp\/v2\/pages\/146075","targetHints":{"allow":["GET"]}}],"collection":[{"href":"https:\/\/medclinics.com\/tr\/wp-json\/wp\/v2\/pages"}],"about":[{"href":"https:\/\/medclinics.com\/tr\/wp-json\/wp\/v2\/types\/page"}],"author":[{"embeddable":true,"href":"https:\/\/medclinics.com\/tr\/wp-json\/wp\/v2\/users\/4"}],"replies":[{"embeddable":true,"href":"https:\/\/medclinics.com\/tr\/wp-json\/wp\/v2\/comments?post=146075"}],"version-history":[{"count":0,"href":"https:\/\/medclinics.com\/tr\/wp-json\/wp\/v2\/pages\/146075\/revisions"}],"wp:featuredmedia":[{"embeddable":true,"href":"https:\/\/medclinics.com\/tr\/wp-json\/wp\/v2\/media\/93177"}],"wp:attachment":[{"href":"https:\/\/medclinics.com\/tr\/wp-json\/wp\/v2\/media?parent=146075"}],"curies":[{"name":"wp","href":"https:\/\/api.w.org\/{rel}","templated":true}]}}