{"id":146061,"date":"2023-05-18T15:07:17","date_gmt":"2023-05-18T12:07:17","guid":{"rendered":"https:\/\/medclinics.com\/meme-protezlerinin-cikarilmasi\/"},"modified":"2024-12-30T19:19:33","modified_gmt":"2024-12-30T16:19:33","slug":"meme-protezlerinin-cikarilmasi","status":"publish","type":"page","link":"https:\/\/medclinics.com\/tr\/meme-protezlerinin-cikarilmasi\/","title":{"rendered":"Meme Protezlerinin \u00c7\u0131kar\u0131lmas\u0131"},"content":{"rendered":"\n<h2 class=\"wp-block-heading\">Meme Protezinin \u00c7\u0131kar\u0131lmas\u0131 ile ilgili arad\u0131\u011f\u0131n\u0131z her \u015feyin \u00e7\u00f6z\u00fcm\u00fc burada.<\/h2>\n\n<p>Eksplantasyon olarak da bilinen meme protezinin \u00e7\u0131kar\u0131lmas\u0131, daha \u00f6nce yerle\u015ftirilmi\u015f olan <a href=\"https:\/\/istanbul-tourist-information.com\/en\/medical-treatment\/\" target=\"_blank\" rel=\"noreferrer noopener\">meme implantlar\u0131n\u0131n<\/a> veya protezlerinin \u00e7\u0131kar\u0131lmas\u0131na y\u00f6nelik cerrahi prosed\u00fcr\u00fc ifade eder. Bir ki\u015finin meme protezini \u00e7\u0131karmay\u0131 tercih etmesinin t\u0131bbi komplikasyonlar, ki\u015fisel tercih veya v\u00fccut imaj\u0131ndaki de\u011fi\u015fiklikler gibi \u00e7e\u015fitli nedenleri vard\u0131r.<\/p>\n\n<p>Meme protezinin \u00e7\u0131kar\u0131lmas\u0131na ili\u015fkin spesifik ayr\u0131nt\u0131lar\u0131n, implantlar\u0131n t\u00fcr\u00fc, meme dokusunun durumu ve ilgili ek prosed\u00fcrler gibi bireysel ko\u015fullara ba\u011fl\u0131 olarak de\u011fi\u015febilece\u011fini belirtmek gerekir. Bu nedenle, \u00f6zel durumunuzdaki s\u00fcreci ve potansiyel sonu\u00e7lar\u0131 anlamak i\u00e7in plastik cerrah\u0131n\u0131zla kapsaml\u0131 bir g\u00f6r\u00fc\u015fme yapman\u0131z \u00e7ok \u00f6nemlidir.<\/p>\n\n<h3 class=\"wp-block-heading\"><a href=\"https:\/\/medclinics.com\/breast-aesthetic-surgery\/\" target=\"_blank\" rel=\"noreferrer noopener\">Meme esteti\u011fi ameliyatlar\u0131<\/a> hakk\u0131nda fiyat, ameliyat sonras\u0131 bak\u0131m ve iyile\u015fme s\u00fcreci de dahil olmak \u00fczere bilmeniz gereken her \u015fey veya <a href=\"#requestform\">bize ula\u015f\u0131n<\/a>!<\/h3>\n\n<figure class=\"wp-block-image size-full\"><img fetchpriority=\"high\" decoding=\"async\" width=\"960\" height=\"540\" class=\"wp-image-97578\" src=\"https:\/\/medclinics.com\/wp-content\/uploads\/2023\/07\/breast-prosthesis-removal-near-me.jpg\" alt=\"Yak&#x131;n&#x131;mda Meme Protezi &#xC7;&#x131;karma\" srcset=\"https:\/\/medclinics.com\/wp-content\/uploads\/2023\/07\/breast-prosthesis-removal-near-me.jpg 960w, https:\/\/medclinics.com\/wp-content\/uploads\/2023\/07\/breast-prosthesis-removal-near-me-500x281.jpg 500w, https:\/\/medclinics.com\/wp-content\/uploads\/2023\/07\/breast-prosthesis-removal-near-me-768x432.jpg 768w, https:\/\/medclinics.com\/wp-content\/uploads\/2023\/07\/breast-prosthesis-removal-near-me-24x14.jpg 24w, https:\/\/medclinics.com\/wp-content\/uploads\/2023\/07\/breast-prosthesis-removal-near-me-36x20.jpg 36w, https:\/\/medclinics.com\/wp-content\/uploads\/2023\/07\/breast-prosthesis-removal-near-me-48x27.jpg 48w\" sizes=\"(max-width: 960px) 100vw, 960px\" \/><\/figure>\n\n<h2 class=\"wp-block-heading\">SSS<\/h2>\n<div id=\"rank-math-faq\" class=\"rank-math-block\">\n<div class=\"rank-math-list \">\n<div id=\"faq-question-1682666956133\" class=\"rank-math-list-item\">\n<h3 class=\"rank-math-question \">Meme implantlar\u0131n\u0131 \u00e7\u0131karmak m\u00fcmk\u00fcn m\u00fc?<\/h3>\n<div class=\"rank-math-answer \">\n\n<p>Evet, meme protezlerinin \u00e7\u0131kar\u0131lmas\u0131 veya eksplantasyon olarak bilinen cerrahi bir prosed\u00fcrle meme implantlar\u0131n\u0131 \u00e7\u0131karmak m\u00fcmk\u00fcnd\u00fcr. Bir ki\u015finin meme implantlar\u0131n\u0131 ald\u0131rmay\u0131 tercih etmesinin, sonu\u00e7lardan memnuniyetsizlik, implantla ilgili komplikasyonlar, ki\u015fisel tercihlerdeki de\u011fi\u015fiklikler veya t\u0131bbi hususlar gibi \u00e7e\u015fitli nedenleri vard\u0131r. \u0130\u015flem s\u0131ras\u0131nda cerrah implantlara eri\u015fmek i\u00e7in kesiler yapacak ve bunlar\u0131 dikkatlice \u00e7\u0131karacakt\u0131r. Baz\u0131 durumlarda, implant \u00e7\u0131kar\u0131ld\u0131ktan sonra olu\u015fabilecek meme \u015fekli veya hacmindeki de\u011fi\u015fiklikleri gidermek i\u00e7in meme dikle\u015ftirme veya ya\u011f transferi gibi ek prosed\u00fcrler uygulanabilir. Prosed\u00fcr\u00fcn belirli ayr\u0131nt\u0131lar\u0131 bireysel ko\u015fullara ve hedeflere ba\u011fl\u0131 olacakt\u0131r ve ki\u015fiselle\u015ftirilmi\u015f tavsiye ve rehberlik sa\u011flayabilecek nitelikli bir plastik cerraha dan\u0131\u015fmak \u00f6nemlidir.<\/p>\n\n<\/div>\n<\/div>\n<div id=\"faq-question-1684422143261\" class=\"rank-math-list-item\">\n<h3 class=\"rank-math-question \">Meme implant\u0131 \u00e7\u0131kar\u0131ld\u0131ktan sonra ne beklenir?<\/h3>\n<div class=\"rank-math-answer \">\n\n<p>Meme protezi \u00e7\u0131kar\u0131ld\u0131ktan sonra, memelerinizde ameliyat sonras\u0131 baz\u0131 etkiler ve de\u011fi\u015fiklikler bekleyebilirsiniz. Ameliyat b\u00f6lgesinde \u015fi\u015flik ve morarma yayg\u0131nd\u0131r ve zaman i\u00e7inde giderek azalacakt\u0131r. Re\u00e7ete edilen a\u011fr\u0131 kesici ila\u00e7larla y\u00f6netilebilen rahats\u0131zl\u0131k veya a\u011fr\u0131 ya\u015fayabilirsiniz. Do\u011fal meme dokusunun implantlar\u0131n yoklu\u011funa uyum sa\u011flamas\u0131 nedeniyle g\u00f6\u011f\u00fcslerinizin g\u00f6r\u00fcn\u00fcm\u00fc de\u011fi\u015febilir, potansiyel s\u00f6nme veya \u015fekil de\u011fi\u015fikli\u011fi olabilir. Yara izi olu\u015facakt\u0131r, ancak yara izleri birka\u00e7 ay ila bir y\u0131l i\u00e7inde solacakt\u0131r. Duygusal olarak, meme g\u00f6r\u00fcn\u00fcm\u00fcn\u00fczdeki de\u011fi\u015fikliklerle ilgili bir dizi duygu ve endi\u015fe ya\u015fayabilirsiniz ve bir destek sistemine sahip olmak yararl\u0131 olabilir. Yara bak\u0131m\u0131 ve aktivite k\u0131s\u0131tlamalar\u0131 da dahil olmak \u00fczere cerrah\u0131n\u0131z\u0131n ameliyat sonras\u0131 talimatlar\u0131na uymak, uygun iyile\u015fme ve optimum sonu\u00e7lar i\u00e7in \u00e7ok \u00f6nemlidir. \u0130yile\u015fme s\u00fcreciniz s\u0131ras\u0131nda herhangi bir sorunuz veya endi\u015feniz olursa, rehberlik ve destek i\u00e7in cerrah\u0131n\u0131za ula\u015fman\u0131z \u00f6nemlidir.<\/p>\n\n<\/div>\n<\/div>\n<div id=\"faq-question-1684422172491\" class=\"rank-math-list-item\">\n<h3 class=\"rank-math-question \">\u0130mplant \u00e7\u0131karma ameliyat\u0131 a\u011fr\u0131l\u0131 m\u0131d\u0131r?<\/h3>\n<div class=\"rank-math-answer \">\n\n<p>\u0130mplant \u00e7\u0131karma ameliyat\u0131 bir miktar rahats\u0131zl\u0131k veya a\u011fr\u0131 i\u00e7erir, ancak bunu y\u00f6netmek i\u00e7in \u00f6nlemler al\u0131n\u0131r. A\u011fr\u0131s\u0131z bir deneyim sa\u011flamak i\u00e7in ameliyat s\u0131ras\u0131nda anestezi kullan\u0131l\u0131r. Ameliyattan sonra, re\u00e7ete edilen a\u011fr\u0131 kesici ila\u00e7larla hafifletilebilen ameliyat b\u00f6lgesi \u00e7evresinde a\u011fr\u0131 ve rahats\u0131zl\u0131k hissedebilirsiniz. Cerrah\u0131n\u0131z a\u011fr\u0131 y\u00f6netimi konusunda \u00f6zel talimatlar verecektir. Herhangi bir a\u011fr\u0131 veya rahats\u0131zl\u0131\u011f\u0131 uygun \u00f6nlemler i\u00e7in sa\u011fl\u0131k ekibinize bildirmeniz \u00f6nemlidir. Ameliyat sonras\u0131 bak\u0131m talimatlar\u0131na uymak ve re\u00e7ete edilen ila\u00e7lar\u0131 almak, rahats\u0131zl\u0131\u011f\u0131 en aza indirmeye ve daha sorunsuz bir iyile\u015fmeyi desteklemeye yard\u0131mc\u0131 olacakt\u0131r.<\/p>\n\n<\/div>\n<\/div>\n<\/div>\n<\/div>\n<p>\u00a0<\/p>\n\n<h3 class=\"wp-block-heading\">Herhangi bir sorunuz olmas\u0131 durumunda hemen bizimle ileti\u015fime ge\u00e7in!<\/h3>\n","protected":false},"excerpt":{"rendered":"<p>Meme Protezinin \u00c7\u0131kar\u0131lmas\u0131 ile ilgili arad\u0131\u011f\u0131n\u0131z her \u015feyin \u00e7\u00f6z\u00fcm\u00fc burada. Eksplantasyon olarak da bilinen meme protezinin \u00e7\u0131kar\u0131lmas\u0131, daha \u00f6nce yerle\u015ftirilmi\u015f [&hellip;]<\/p>\n","protected":false},"author":4,"featured_media":91220,"parent":0,"menu_order":0,"comment_status":"closed","ping_status":"closed","template":"","meta":{"site-sidebar-layout":"default","site-content-layout":"","ast-site-content-layout":"default","site-content-style":"default","site-sidebar-style":"default","ast-global-header-display":"","ast-banner-title-visibility":"","ast-main-header-display":"","ast-hfb-above-header-display":"","ast-hfb-below-header-display":"","ast-hfb-mobile-header-display":"","site-post-title":"","ast-breadcrumbs-content":"","ast-featured-img":"","footer-sml-layout":"","ast-disable-related-posts":"","theme-transparent-header-meta":"","adv-header-id-meta":"","stick-header-meta":"","header-above-stick-meta":"","header-main-stick-meta":"","header-below-stick-meta":"","astra-migrate-meta-layouts":"default","ast-page-background-enabled":"default","ast-page-background-meta":{"desktop":{"background-color":"var(--ast-global-color-4)","background-image":"","background-repeat":"repeat","background-position":"center center","background-size":"auto","background-attachment":"scroll","background-type":"","background-media":"","overlay-type":"","overlay-color":"","overlay-opacity":"","overlay-gradient":""},"tablet":{"background-color":"","background-image":"","background-repeat":"repeat","background-position":"center center","background-size":"auto","background-attachment":"scroll","background-type":"","background-media":"","overlay-type":"","overlay-color":"","overlay-opacity":"","overlay-gradient":""},"mobile":{"background-color":"","background-image":"","background-repeat":"repeat","background-position":"center center","background-size":"auto","background-attachment":"scroll","background-type":"","background-media":"","overlay-type":"","overlay-color":"","overlay-opacity":"","overlay-gradient":""}},"ast-content-background-meta":{"desktop":{"background-color":"var(--ast-global-color-5)","background-image":"","background-repeat":"repeat","background-position":"center center","background-size":"auto","background-attachment":"scroll","background-type":"","background-media":"","overlay-type":"","overlay-color":"","overlay-opacity":"","overlay-gradient":""},"tablet":{"background-color":"var(--ast-global-color-5)","background-image":"","background-repeat":"repeat","background-position":"center center","background-size":"auto","background-attachment":"scroll","background-type":"","background-media":"","overlay-type":"","overlay-color":"","overlay-opacity":"","overlay-gradient":""},"mobile":{"background-color":"var(--ast-global-color-5)","background-image":"","background-repeat":"repeat","background-position":"center center","background-size":"auto","background-attachment":"scroll","background-type":"","background-media":"","overlay-type":"","overlay-color":"","overlay-opacity":"","overlay-gradient":""}},"footnotes":""},"class_list":["post-146061","page","type-page","status-publish","has-post-thumbnail","hentry"],"_links":{"self":[{"href":"https:\/\/medclinics.com\/tr\/wp-json\/wp\/v2\/pages\/146061","targetHints":{"allow":["GET"]}}],"collection":[{"href":"https:\/\/medclinics.com\/tr\/wp-json\/wp\/v2\/pages"}],"about":[{"href":"https:\/\/medclinics.com\/tr\/wp-json\/wp\/v2\/types\/page"}],"author":[{"embeddable":true,"href":"https:\/\/medclinics.com\/tr\/wp-json\/wp\/v2\/users\/4"}],"replies":[{"embeddable":true,"href":"https:\/\/medclinics.com\/tr\/wp-json\/wp\/v2\/comments?post=146061"}],"version-history":[{"count":0,"href":"https:\/\/medclinics.com\/tr\/wp-json\/wp\/v2\/pages\/146061\/revisions"}],"wp:featuredmedia":[{"embeddable":true,"href":"https:\/\/medclinics.com\/tr\/wp-json\/wp\/v2\/media\/91220"}],"wp:attachment":[{"href":"https:\/\/medclinics.com\/tr\/wp-json\/wp\/v2\/media?parent=146061"}],"curies":[{"name":"wp","href":"https:\/\/api.w.org\/{rel}","templated":true}]}}