{"id":146051,"date":"2023-05-18T14:57:06","date_gmt":"2023-05-18T11:57:06","guid":{"rendered":"https:\/\/medclinics.com\/meme-ucu-estetigi\/"},"modified":"2025-01-02T17:12:26","modified_gmt":"2025-01-02T14:12:26","slug":"meme-ucu-estetigi","status":"publish","type":"page","link":"https:\/\/medclinics.com\/tr\/meme-ucu-estetigi\/","title":{"rendered":"Meme Ucu Esteti\u011fi"},"content":{"rendered":"\n<h2 class=\"wp-block-heading\">\u0130\u015fte meme ucu hakk\u0131nda istedi\u011finiz her \u015feyin \u00e7\u00f6z\u00fcm\u00fc.<\/h2>\n\n<p>Meme ucu esteti\u011fi, meme u\u00e7lar\u0131n\u0131n g\u00f6r\u00fcn\u00fcm\u00fcn\u00fc ve g\u00f6rsel \u00e7ekicili\u011fini ifade eder. Meme u\u00e7lar\u0131n\u0131n boyutu, \u015fekli, rengi ve simetrisi de dahil olmak \u00fczere \u00e7e\u015fitli y\u00f6nleri kapsayan bir konudur.<\/p>\n\n<p>Bireyler aras\u0131nda meme ucu g\u00f6r\u00fcn\u00fcm\u00fcnde \u00f6nemli do\u011fal farkl\u0131l\u0131klar vard\u0131r ve estetik olarak neyin ho\u015f g\u00f6r\u00fcld\u00fc\u011f\u00fc k\u00fclt\u00fcrel, toplumsal ve ki\u015fisel tercihlere ba\u011fl\u0131 olarak b\u00fcy\u00fck \u00f6l\u00e7\u00fcde de\u011fi\u015febilir.<\/p>\n\n<p>Meme ucu <a href=\"https:\/\/istanbul-tourist-information.com\/en\/medical-treatment\/\" target=\"_blank\" rel=\"noreferrer noopener\">esteti\u011finiz <\/a>veya v\u00fccudunuzun herhangi bir y\u00f6n\u00fc hakk\u0131nda endi\u015feleriniz varsa, ki\u015fiselle\u015ftirilmi\u015f tavsiye ve rehberlik sa\u011flayabilecek bir t\u0131p uzman\u0131na veya kurul sertifikal\u0131 bir plastik cerraha dan\u0131\u015fmak her zaman iyi bir fikirdir. \u00d6zel endi\u015felerinizi ele alabilir ve size \u00f6zg\u00fc ko\u015fullar\u0131n\u0131za g\u00f6re do\u011fru bilgiler sa\u011flayabilirler.<\/p>\n\n<h3 class=\"wp-block-heading\"><a href=\"https:\/\/medclinics.com\/breast-aesthetic-surgery\/\" target=\"_blank\" rel=\"noreferrer noopener\">Meme esteti\u011fi ameliyatlar\u0131<\/a> hakk\u0131nda fiyat, ameliyat sonras\u0131 bak\u0131m ve iyile\u015fme s\u00fcreci de dahil olmak \u00fczere bilmeniz gereken her \u015fey veya <a href=\"#requestform\">bize ula\u015f\u0131n<\/a>!<\/h3>\n\n<figure class=\"wp-block-image size-full\"><img fetchpriority=\"high\" decoding=\"async\" width=\"960\" height=\"540\" src=\"https:\/\/medclinics.com\/wp-content\/uploads\/2023\/07\/nipple-aesthetics-near-me.jpg\" alt=\"Yak&#x131;n&#x131;mdaki Meme Ucu Esteti&#x11F;i\" class=\"wp-image-97586\" srcset=\"https:\/\/medclinics.com\/wp-content\/uploads\/2023\/07\/nipple-aesthetics-near-me.jpg 960w, https:\/\/medclinics.com\/wp-content\/uploads\/2023\/07\/nipple-aesthetics-near-me-500x281.jpg 500w, https:\/\/medclinics.com\/wp-content\/uploads\/2023\/07\/nipple-aesthetics-near-me-768x432.jpg 768w, https:\/\/medclinics.com\/wp-content\/uploads\/2023\/07\/nipple-aesthetics-near-me-24x14.jpg 24w, https:\/\/medclinics.com\/wp-content\/uploads\/2023\/07\/nipple-aesthetics-near-me-36x20.jpg 36w, https:\/\/medclinics.com\/wp-content\/uploads\/2023\/07\/nipple-aesthetics-near-me-48x27.jpg 48w\" sizes=\"(max-width: 960px) 100vw, 960px\" \/><\/figure>\n\n<h2 class=\"wp-block-heading\">SSS<\/h2>\n<div id=\"rank-math-faq\" class=\"rank-math-block\">\n<div class=\"rank-math-list \">\n<div id=\"faq-question-1682666956133\" class=\"rank-math-list-item\">\n<h3 class=\"rank-math-question \">Meme ucu esteti\u011fi nedir?<\/h3>\n<div class=\"rank-math-answer \">\n\n<p>Meme ucu esteti\u011fi veya meme ucu cerrahisi, meme u\u00e7lar\u0131n\u0131n g\u00f6r\u00fcn\u00fcm\u00fcn\u00fc iyile\u015ftirmeye odaklanan bir plastik cerrahi dal\u0131d\u0131r. Meme ucu boyutu, \u015fekli, konumu veya simetrisi ile ilgili yayg\u0131n estetik kayg\u0131lar\u0131 gidermeyi ama\u00e7layan \u00e7e\u015fitli prosed\u00fcrleri i\u00e7erir. Bu prosed\u00fcrler aras\u0131nda a\u015f\u0131r\u0131 b\u00fcy\u00fck veya uzun meme u\u00e7lar\u0131n\u0131n boyutunu veya uzunlu\u011funu azaltmak i\u00e7in meme ucu k\u00fc\u00e7\u00fcltme, k\u00fc\u00e7\u00fck veya az geli\u015fmi\u015f meme u\u00e7lar\u0131n\u0131n boyutunu veya projeksiyonunu art\u0131rmak i\u00e7in meme ucu b\u00fcy\u00fctme, sarkma veya pitozu d\u00fczeltmek i\u00e7in meme ucu kald\u0131rma veya y\u00fckseltme, mastektomi ge\u00e7irmi\u015f veya do\u011fu\u015ftan meme ucu deformiteleri olan ki\u015filer i\u00e7in meme ucu rekonstr\u00fcksiyonu ve areola boyutunu ayarlamak i\u00e7in areola k\u00fc\u00e7\u00fcltme veya b\u00fcy\u00fctme yer alabilir. Her prosed\u00fcr, bireyin \u00f6zel endi\u015felerine ve hedeflerine g\u00f6re \u00f6zelle\u015ftirilir. Meme ucu esteti\u011fi konusunda uzmanla\u015fm\u0131\u015f nitelikli bir plastik cerraha dan\u0131\u015fmak, se\u00e7enekleri, prosed\u00fcr ayr\u0131nt\u0131lar\u0131n\u0131 tart\u0131\u015fmak ve istenen meme ucu g\u00f6r\u00fcn\u00fcm\u00fcn\u00fc elde etmek i\u00e7in en uygun yakla\u015f\u0131m\u0131 belirlemek a\u00e7\u0131s\u0131ndan \u00f6nemlidir.<\/p>\n\n<\/div>\n<\/div>\n<div id=\"faq-question-1684421467017\" class=\"rank-math-list-item\">\n<h3 class=\"rank-math-question \">Meme ucu \u015fekillendirme nedir?<\/h3>\n<div class=\"rank-math-answer \">\n\n<p>Meme ucu d\u00f6vmesi veya meme ucu pigmentasyonu olarak da bilinen meme ucu \u015fekillendirme, g\u00f6r\u00fcn\u00fcmlerini iyile\u015ftirmek i\u00e7in meme ucu ve areola b\u00f6lgesine pigmentlerin uygulanmas\u0131n\u0131 i\u00e7eren kozmetik bir prosed\u00fcrd\u00fcr. Tipik olarak mastektomi sonras\u0131 meme rekonstr\u00fcksiyonu ameliyat\u0131 ge\u00e7iren veya meme u\u00e7lar\u0131nda estetik iyile\u015ftirmeler isteyen ki\u015filer i\u00e7in yap\u0131l\u0131r. Prosed\u00fcr s\u0131ras\u0131nda, yetenekli bir uygulay\u0131c\u0131, meme ba\u015f\u0131 ve areolan\u0131n istenen rengini, \u015feklini ve tan\u0131m\u0131n\u0131 olu\u015fturmak i\u00e7in \u00f6zel d\u00f6vme teknikleri kullan\u0131r. Bu, meme ucunun do\u011fal pigmentasyonunu yeniden olu\u015fturmay\u0131, boyut eklemeyi veya daha simetrik veya estetik olarak ho\u015f bir g\u00f6r\u00fcn\u00fcm elde etmek i\u00e7in boyut ve \u015fekli ayarlamay\u0131 i\u00e7erebilir.<\/p>\n\n<\/div>\n<\/div>\n<div id=\"faq-question-1684421506406\" class=\"rank-math-list-item\">\n<h3 class=\"rank-math-question \">Meme u\u00e7lar\u0131ma nas\u0131l \u015fekil verebilirim?<\/h3>\n<div class=\"rank-math-answer \">\n\n<p>Meme u\u00e7lar\u0131n\u0131n \u015fekillendirilmesi \u00f6ncelikle genetik ve bireysel anatomi taraf\u0131ndan belirlenir ve do\u011fal yollarla veya ki\u015fisel bak\u0131m uygulamalar\u0131yla kolayca elde edilemez. Bununla birlikte, belirli endi\u015feleri gidermek veya meme u\u00e7lar\u0131n\u0131n \u015feklini de\u011fi\u015ftirmek i\u00e7in kozmetik prosed\u00fcrler mevcuttur. Meme ucu k\u00fc\u00e7\u00fcltme ameliyat\u0131 meme u\u00e7lar\u0131n\u0131n boyutunu veya uzunlu\u011funu azaltmak i\u00e7in yap\u0131labilirken, meme ucu b\u00fcy\u00fctme prosed\u00fcrleri k\u00fc\u00e7\u00fck veya az geli\u015fmi\u015f meme u\u00e7lar\u0131n\u0131n boyutunu veya projeksiyonunu art\u0131rabilir. Sarkma veya sark\u0131kl\u0131k ya\u015fayan bireyler i\u00e7in, genellikle g\u00f6\u011f\u00fcs dikle\u015ftirme ile birlikte yap\u0131lan bir meme ucu dikle\u015ftirme, meme u\u00e7lar\u0131n\u0131n y\u00fckseltilmesine ve yeniden \u015fekillendirilmesine yard\u0131mc\u0131 olabilir. \u00d6zel hedeflerinizi ve endi\u015felerinizi tart\u0131\u015fmak i\u00e7in meme ucu esteti\u011fi konusunda uzmanla\u015fm\u0131\u015f nitelikli bir plastik cerraha dan\u0131\u015fman\u0131z \u00f6nemlidir. Bireysel anatominizi de\u011ferlendirebilir ve istenen meme ucu \u015feklini elde etmenize yard\u0131mc\u0131 olacak en uygun prosed\u00fcr\u00fc veya prosed\u00fcr kombinasyonunu \u00f6nerebilirler.<\/p>\n\n<\/div>\n<\/div>\n<\/div>\n<\/div>\n<p>\u00a0<\/p>\n\n<h3 class=\"wp-block-heading\">Herhangi bir sorunuz olmas\u0131 durumunda hemen bizimle ileti\u015fime ge\u00e7in!<\/h3>\n","protected":false},"excerpt":{"rendered":"<p>\u0130\u015fte meme ucu hakk\u0131nda istedi\u011finiz her \u015feyin \u00e7\u00f6z\u00fcm\u00fc. Meme ucu esteti\u011fi, meme u\u00e7lar\u0131n\u0131n g\u00f6r\u00fcn\u00fcm\u00fcn\u00fc ve g\u00f6rsel \u00e7ekicili\u011fini ifade eder. Meme [&hellip;]<\/p>\n","protected":false},"author":4,"featured_media":91471,"parent":0,"menu_order":0,"comment_status":"closed","ping_status":"closed","template":"","meta":{"site-sidebar-layout":"default","site-content-layout":"","ast-site-content-layout":"default","site-content-style":"default","site-sidebar-style":"default","ast-global-header-display":"","ast-banner-title-visibility":"","ast-main-header-display":"","ast-hfb-above-header-display":"","ast-hfb-below-header-display":"","ast-hfb-mobile-header-display":"","site-post-title":"","ast-breadcrumbs-content":"","ast-featured-img":"","footer-sml-layout":"","ast-disable-related-posts":"","theme-transparent-header-meta":"","adv-header-id-meta":"","stick-header-meta":"","header-above-stick-meta":"","header-main-stick-meta":"","header-below-stick-meta":"","astra-migrate-meta-layouts":"default","ast-page-background-enabled":"default","ast-page-background-meta":{"desktop":{"background-color":"var(--ast-global-color-4)","background-image":"","background-repeat":"repeat","background-position":"center center","background-size":"auto","background-attachment":"scroll","background-type":"","background-media":"","overlay-type":"","overlay-color":"","overlay-opacity":"","overlay-gradient":""},"tablet":{"background-color":"","background-image":"","background-repeat":"repeat","background-position":"center center","background-size":"auto","background-attachment":"scroll","background-type":"","background-media":"","overlay-type":"","overlay-color":"","overlay-opacity":"","overlay-gradient":""},"mobile":{"background-color":"","background-image":"","background-repeat":"repeat","background-position":"center center","background-size":"auto","background-attachment":"scroll","background-type":"","background-media":"","overlay-type":"","overlay-color":"","overlay-opacity":"","overlay-gradient":""}},"ast-content-background-meta":{"desktop":{"background-color":"var(--ast-global-color-5)","background-image":"","background-repeat":"repeat","background-position":"center center","background-size":"auto","background-attachment":"scroll","background-type":"","background-media":"","overlay-type":"","overlay-color":"","overlay-opacity":"","overlay-gradient":""},"tablet":{"background-color":"var(--ast-global-color-5)","background-image":"","background-repeat":"repeat","background-position":"center center","background-size":"auto","background-attachment":"scroll","background-type":"","background-media":"","overlay-type":"","overlay-color":"","overlay-opacity":"","overlay-gradient":""},"mobile":{"background-color":"var(--ast-global-color-5)","background-image":"","background-repeat":"repeat","background-position":"center center","background-size":"auto","background-attachment":"scroll","background-type":"","background-media":"","overlay-type":"","overlay-color":"","overlay-opacity":"","overlay-gradient":""}},"footnotes":""},"class_list":["post-146051","page","type-page","status-publish","has-post-thumbnail","hentry"],"_links":{"self":[{"href":"https:\/\/medclinics.com\/tr\/wp-json\/wp\/v2\/pages\/146051","targetHints":{"allow":["GET"]}}],"collection":[{"href":"https:\/\/medclinics.com\/tr\/wp-json\/wp\/v2\/pages"}],"about":[{"href":"https:\/\/medclinics.com\/tr\/wp-json\/wp\/v2\/types\/page"}],"author":[{"embeddable":true,"href":"https:\/\/medclinics.com\/tr\/wp-json\/wp\/v2\/users\/4"}],"replies":[{"embeddable":true,"href":"https:\/\/medclinics.com\/tr\/wp-json\/wp\/v2\/comments?post=146051"}],"version-history":[{"count":0,"href":"https:\/\/medclinics.com\/tr\/wp-json\/wp\/v2\/pages\/146051\/revisions"}],"wp:featuredmedia":[{"embeddable":true,"href":"https:\/\/medclinics.com\/tr\/wp-json\/wp\/v2\/media\/91471"}],"wp:attachment":[{"href":"https:\/\/medclinics.com\/tr\/wp-json\/wp\/v2\/media?parent=146051"}],"curies":[{"name":"wp","href":"https:\/\/api.w.org\/{rel}","templated":true}]}}