{"id":146039,"date":"2023-05-18T14:33:58","date_gmt":"2023-05-18T14:33:58","guid":{"rendered":"https:\/\/medclinics.com\/ameliyatsiz-meme-buyutme\/"},"modified":"2024-04-01T15:51:27","modified_gmt":"2024-04-01T12:51:27","slug":"ameliyatsiz-meme-buyutme","status":"publish","type":"page","link":"https:\/\/medclinics.com\/tr\/ameliyatsiz-meme-buyutme\/","title":{"rendered":"Ameliyats\u0131z Meme B\u00fcy\u00fctme"},"content":{"rendered":"\n<h2 class=\"wp-block-heading\">G\u00f6\u011f\u00fcslerinizi b\u00fcy\u00fctmek ve daha do\u011fal bir g\u00f6r\u00fcn\u00fcm elde etmek i\u00e7in bir yol ar\u0131yorsan\u0131z, ameliyats\u0131z g\u00f6\u011f\u00fcs b\u00fcy\u00fctme m\u00fckemmel bir \u00e7\u00f6z\u00fcm olabilir.<\/h2>\n\n<p>Ameliyats\u0131z g\u00f6\u011f\u00fcs <a href=\"https:\/\/en.wikipedia.org\/wiki\/Breast_augmentation\" target=\"_blank\" rel=\"noreferrer noopener\">b\u00fcy\u00fctme<\/a> tipik olarak g\u00f6\u011f\u00fcs implantlar\u0131 veya ya\u011f transferi gibi cerrahi m\u00fcdahalelere ba\u015fvurmadan g\u00f6\u011f\u00fcslerin boyutunu veya g\u00f6r\u00fcn\u00fcm\u00fcn\u00fc geli\u015ftirmeyi ama\u00e7layan y\u00f6ntem veya prosed\u00fcrleri ifade eder. \u00c7e\u015fitli cerrahi olmayan teknikler ve \u00fcr\u00fcnler mevcut olsa da, bunlar\u0131n etkinli\u011finin de\u011fi\u015febilece\u011fini ve sonu\u00e7lar\u0131n genellikle ge\u00e7ici oldu\u011funu unutmamak \u00f6nemlidir. \u0130\u015fte baz\u0131 yayg\u0131n cerrahi olmayan yakla\u015f\u0131mlar:<\/p>\n\n<ul class=\"wp-block-list\">\n<li>Vakum tedavisi: Bu y\u00f6ntemde, g\u00f6\u011f\u00fcslere kan ak\u0131\u015f\u0131n\u0131 art\u0131rmak i\u00e7in tasarlanm\u0131\u015f emme cihazlar\u0131 veya pompalar kullan\u0131l\u0131r, bu da ge\u00e7ici \u015fi\u015flik ve boyutta hafif bir art\u0131\u015fa neden olabilir. Ancak etkiler ge\u00e7icidir ve genellikle sadece birka\u00e7 saat s\u00fcrer.<\/li>\n\n\n\n<li>Ya\u011f transferi enjeksiyonlar\u0131: Bu teknik, kar\u0131n veya uyluk gibi v\u00fccudun bir b\u00f6lgesinden g\u00f6\u011f\u00fcslere ya\u011f transferini i\u00e7erir. Meme boyutunda ve \u015feklinde m\u00fctevaz\u0131 bir art\u0131\u015f sa\u011flayabilirken, yine de ya\u011f\u0131n \u00e7\u0131kar\u0131lmas\u0131 i\u00e7in k\u00fc\u00e7\u00fck bir cerrahi prosed\u00fcr i\u00e7erir.<\/li>\n\n\n\n<li>Dermal dolgu maddeleri: Tipik olarak hyaluronik asitten olu\u015fan baz\u0131 enjekte edilebilir dermal dolgu maddeleri, meme hacmini art\u0131rmak i\u00e7in etiket d\u0131\u015f\u0131 olarak kullan\u0131labilir. Bu prosed\u00fcr ge\u00e7icidir, yakla\u015f\u0131k alt\u0131 ila on iki ay s\u00fcrer ve sonu\u00e7lar\u0131 korumak i\u00e7in tekrarlanan enjeksiyonlar gerektirir.<\/li>\n<\/ul>\n\n<p>Se\u00e7eneklerinizi tart\u0131\u015fmak, potansiyel riskleri ve s\u0131n\u0131rlamalar\u0131 anlamak ve varsa hangi cerrahi olmayan yakla\u015f\u0131m\u0131n \u00f6zel ihtiya\u00e7lar\u0131n\u0131z ve hedefleriniz i\u00e7in uygun olabilece\u011fini belirlemek i\u00e7in kalifiye bir t\u0131p uzman\u0131na veya plastik cerraha dan\u0131\u015fman\u0131z \u00f6nemlidir.<\/p>\n\n<h3 class=\"wp-block-heading\"><a href=\"https:\/\/medclinics.com\/breast-aesthetic-surgery\/\" target=\"_blank\" rel=\"noreferrer noopener\">Meme esteti\u011fi ameliyatlar\u0131<\/a> hakk\u0131nda fiyat, ameliyat sonras\u0131 bak\u0131m ve iyile\u015fme s\u00fcreci de dahil olmak \u00fczere bilmeniz gereken her \u015fey veya <a href=\"#requestform\">bize ula\u015f\u0131n<\/a>!<\/h3>\n\n<h2 class=\"wp-block-heading\">SSS <\/h2>\n<div id=\"rank-math-faq\" class=\"rank-math-block\">\n<div class=\"rank-math-list \">\n<div id=\"faq-question-1682666956133\" class=\"rank-math-list-item\">\n<h3 class=\"rank-math-question \">Ameliyats\u0131z g\u00f6\u011f\u00fcs b\u00fcy\u00fctme i\u015fe yarar m\u0131?<\/h3>\n<div class=\"rank-math-answer \">\n\n<p>Kremler, losyonlar veya haplar gibi cerrahi olmayan g\u00f6\u011f\u00fcs b\u00fcy\u00fctme y\u00f6ntemleri, g\u00f6\u011f\u00fcs boyutunu art\u0131rma veya g\u00f6\u011f\u00fcs g\u00f6r\u00fcn\u00fcm\u00fcn\u00fc iyile\u015ftirme konusundaki etkinliklerini destekleyen s\u0131n\u0131rl\u0131 bilimsel kan\u0131ta sahiptir. Ameliyats\u0131z meme b\u00fcy\u00fctme gibi cerrahi prosed\u00fcrler genellikle meme boyutu ve \u015feklindeki \u00f6nemli de\u011fi\u015fiklikler i\u00e7in daha g\u00fcvenilir kabul edilir.<\/p>\n\n<\/div>\n<\/div>\n<div id=\"faq-question-1684419460704\" class=\"rank-math-list-item\">\n<h3 class=\"rank-math-question \">Ameliyats\u0131z meme b\u00fcy\u00fctme ne kadar s\u00fcrer?<\/h3>\n<div class=\"rank-math-answer \">\n\n<p>Ameliyats\u0131z meme b\u00fcy\u00fctme operasyonunun etkilerinin s\u00fcresi, kullan\u0131lan spesifik y\u00f6ntem, bireysel \u00f6zellikler ve ya\u015fam tarz\u0131 fakt\u00f6rleri dahil olmak \u00fczere \u00e7e\u015fitli fakt\u00f6rlere ba\u011fl\u0131 olarak de\u011fi\u015febilir. Ameliyats\u0131z g\u00f6\u011f\u00fcs b\u00fcy\u00fctme y\u00f6ntemleri tipik olarak birka\u00e7 aydan birka\u00e7 y\u0131la kadar s\u00fcrebilen ge\u00e7ici sonu\u00e7lar sa\u011flar.<\/p>\n\n<\/div>\n<\/div>\n<div id=\"faq-question-1684419463748\" class=\"rank-math-list-item\">\n<h3 class=\"rank-math-question \">Ameliyats\u0131z g\u00f6\u011f\u00fcs b\u00fcy\u00fctme nedir?<\/h3>\n<div class=\"rank-math-answer \">\n\n<p>Ameliyats\u0131z g\u00f6\u011f\u00fcs b\u00fcy\u00fctme, ameliyat olmadan g\u00f6\u011f\u00fcslerin g\u00f6r\u00fcn\u00fcm\u00fcn\u00fc iyile\u015ftirmeyi ama\u00e7layan \u00e7e\u015fitli y\u00f6ntem ve tedavileri ifade eder. Bu y\u00f6ntemler tipik olarak kremler, losyonlar, haplar, vakum emme cihazlar\u0131 veya ya\u011f transferi gibi non-invaziv veya minimal invaziv tekniklerin kullan\u0131m\u0131n\u0131 i\u00e7erir. Ama\u00e7, implantlara veya cerrahi kesilere ihtiya\u00e7 duymadan meme boyutunu, \u015feklini veya s\u0131k\u0131l\u0131\u011f\u0131n\u0131 art\u0131rmakt\u0131r. Bununla birlikte, bu cerrahi olmayan y\u00f6ntemlerin etkinli\u011fi ve g\u00fcvenli\u011finin de\u011fi\u015febilece\u011fini ve iddialar\u0131n\u0131 destekleyen bilimsel kan\u0131tlar\u0131n s\u0131n\u0131rl\u0131 olabilece\u011fini unutmamak \u00f6nemlidir. Hedeflerinizi tart\u0131\u015fmak ve istedi\u011finiz g\u00f6\u011f\u00fcs b\u00fcy\u00fctme sonu\u00e7lar\u0131na ula\u015fmak i\u00e7in en uygun se\u00e7enekleri ke\u015ffetmek i\u00e7in plastik cerrah gibi nitelikli bir sa\u011fl\u0131k uzman\u0131na dan\u0131\u015fman\u0131z \u00f6nerilir. Do\u011fru bilgi sa\u011flayabilir, bireysel ko\u015fullar\u0131n\u0131z\u0131 de\u011ferlendirebilir ve sizi g\u00fcvenli ve etkili se\u00e7eneklere y\u00f6nlendirebilirler.<\/p>\n\n<\/div>\n<\/div>\n<div id=\"faq-question-1684419464769\" class=\"rank-math-list-item\">\n<h3 class=\"rank-math-question \">Ameliyats\u0131z meme b\u00fcy\u00fctme g\u00fcvenli midir?<\/h3>\n<div class=\"rank-math-answer \">\n\n<p>Ameliyats\u0131z g\u00f6\u011f\u00fcs b\u00fcy\u00fctme y\u00f6ntemleri g\u00fcvenlik a\u00e7\u0131s\u0131ndan farkl\u0131l\u0131k g\u00f6sterebilir ve bu se\u00e7enekleri de\u011ferlendirirken dikkatli olmak \u00f6nemlidir. Krem veya losyon kullan\u0131m\u0131 gibi baz\u0131 cerrahi olmayan teknikler minimum risk olu\u015fturabilirken, di\u011ferleri daha \u00f6nemli g\u00fcvenlik endi\u015feleri ta\u015f\u0131yabilir. Herhangi bir ameliyats\u0131z g\u00f6\u011f\u00fcs b\u00fcy\u00fctme y\u00f6ntemini uygulamadan \u00f6nce her zaman plastik cerrah gibi nitelikli bir sa\u011fl\u0131k uzman\u0131na dan\u0131\u015f\u0131lmas\u0131 \u00f6nerilir. Uygun rehberlik sa\u011flayabilir, t\u0131bbi ge\u00e7mi\u015finizi de\u011ferlendirebilir ve bu prosed\u00fcrlerle ili\u015fkili potansiyel riskleri ve faydalar\u0131 tart\u0131\u015fabilirler. G\u00fcvenilir bir profesyonel ile \u00e7al\u0131\u015farak bilin\u00e7li bir karar verebilir ve s\u00fcre\u00e7 boyunca g\u00fcvenli\u011finizi sa\u011flayabilirsiniz.<\/p>\n\n<\/div>\n<\/div>\n<\/div>\n<\/div>\n<p><\/p>\n\n<h3 class=\"wp-block-heading\">Herhangi bir sorunuz olmas\u0131 durumunda hemen bizimle ileti\u015fime ge\u00e7in!<\/h3>\n","protected":false},"excerpt":{"rendered":"<p>G\u00f6\u011f\u00fcslerinizi b\u00fcy\u00fctmek ve daha do\u011fal bir g\u00f6r\u00fcn\u00fcm elde etmek i\u00e7in bir yol ar\u0131yorsan\u0131z, ameliyats\u0131z g\u00f6\u011f\u00fcs b\u00fcy\u00fctme m\u00fckemmel bir \u00e7\u00f6z\u00fcm olabilir. [&hellip;]<\/p>\n","protected":false},"author":4,"featured_media":53227,"parent":0,"menu_order":0,"comment_status":"closed","ping_status":"closed","template":"","meta":{"site-sidebar-layout":"default","site-content-layout":"","ast-site-content-layout":"default","site-content-style":"default","site-sidebar-style":"default","ast-global-header-display":"","ast-banner-title-visibility":"","ast-main-header-display":"","ast-hfb-above-header-display":"","ast-hfb-below-header-display":"","ast-hfb-mobile-header-display":"","site-post-title":"","ast-breadcrumbs-content":"","ast-featured-img":"","footer-sml-layout":"","ast-disable-related-posts":"","theme-transparent-header-meta":"","adv-header-id-meta":"","stick-header-meta":"","header-above-stick-meta":"","header-main-stick-meta":"","header-below-stick-meta":"","astra-migrate-meta-layouts":"default","ast-page-background-enabled":"default","ast-page-background-meta":{"desktop":{"background-color":"var(--ast-global-color-4)","background-image":"","background-repeat":"repeat","background-position":"center center","background-size":"auto","background-attachment":"scroll","background-type":"","background-media":"","overlay-type":"","overlay-color":"","overlay-opacity":"","overlay-gradient":""},"tablet":{"background-color":"","background-image":"","background-repeat":"repeat","background-position":"center center","background-size":"auto","background-attachment":"scroll","background-type":"","background-media":"","overlay-type":"","overlay-color":"","overlay-opacity":"","overlay-gradient":""},"mobile":{"background-color":"","background-image":"","background-repeat":"repeat","background-position":"center center","background-size":"auto","background-attachment":"scroll","background-type":"","background-media":"","overlay-type":"","overlay-color":"","overlay-opacity":"","overlay-gradient":""}},"ast-content-background-meta":{"desktop":{"background-color":"var(--ast-global-color-5)","background-image":"","background-repeat":"repeat","background-position":"center center","background-size":"auto","background-attachment":"scroll","background-type":"","background-media":"","overlay-type":"","overlay-color":"","overlay-opacity":"","overlay-gradient":""},"tablet":{"background-color":"var(--ast-global-color-5)","background-image":"","background-repeat":"repeat","background-position":"center center","background-size":"auto","background-attachment":"scroll","background-type":"","background-media":"","overlay-type":"","overlay-color":"","overlay-opacity":"","overlay-gradient":""},"mobile":{"background-color":"var(--ast-global-color-5)","background-image":"","background-repeat":"repeat","background-position":"center center","background-size":"auto","background-attachment":"scroll","background-type":"","background-media":"","overlay-type":"","overlay-color":"","overlay-opacity":"","overlay-gradient":""}},"footnotes":""},"class_list":["post-146039","page","type-page","status-publish","has-post-thumbnail","hentry"],"_links":{"self":[{"href":"https:\/\/medclinics.com\/tr\/wp-json\/wp\/v2\/pages\/146039","targetHints":{"allow":["GET"]}}],"collection":[{"href":"https:\/\/medclinics.com\/tr\/wp-json\/wp\/v2\/pages"}],"about":[{"href":"https:\/\/medclinics.com\/tr\/wp-json\/wp\/v2\/types\/page"}],"author":[{"embeddable":true,"href":"https:\/\/medclinics.com\/tr\/wp-json\/wp\/v2\/users\/4"}],"replies":[{"embeddable":true,"href":"https:\/\/medclinics.com\/tr\/wp-json\/wp\/v2\/comments?post=146039"}],"version-history":[{"count":0,"href":"https:\/\/medclinics.com\/tr\/wp-json\/wp\/v2\/pages\/146039\/revisions"}],"wp:featuredmedia":[{"embeddable":true,"href":"https:\/\/medclinics.com\/tr\/wp-json\/wp\/v2\/media\/53227"}],"wp:attachment":[{"href":"https:\/\/medclinics.com\/tr\/wp-json\/wp\/v2\/media?parent=146039"}],"curies":[{"name":"wp","href":"https:\/\/api.w.org\/{rel}","templated":true}]}}