{"id":146027,"date":"2023-05-09T13:54:05","date_gmt":"2023-05-09T10:54:05","guid":{"rendered":"https:\/\/medclinics.com\/kas-kaldirma\/"},"modified":"2025-01-02T14:43:02","modified_gmt":"2025-01-02T11:43:02","slug":"kas-kaldirma","status":"publish","type":"page","link":"https:\/\/medclinics.com\/tr\/kas-kaldirma\/","title":{"rendered":"Ka\u015f Kald\u0131rma"},"content":{"rendered":"\n<h2 class=\"wp-block-heading\">Ka\u015f kald\u0131rma, daha gen\u00e7 ve yenilenmi\u015f bir g\u00f6r\u00fcn\u00fcm elde etmek i\u00e7in ihtiyac\u0131n\u0131z olan \u015fey olabilir.<\/h2>\n\n<p>Bu kozmetik prosed\u00fcr, ka\u015flar\u0131n\u0131z\u0131n ve aln\u0131n\u0131z\u0131n \u00e7e\u015fitli tekniklerle y\u00fckseltilmesini ve yeniden konumland\u0131r\u0131lmas\u0131n\u0131 i\u00e7erir. <a href=\"https:\/\/en.wikipedia.org\/wiki\/Forehead_lift\" target=\"_blank\" rel=\"noreferrer noopener\">Ka\u015f kald\u0131rma<\/a> s\u0131ras\u0131nda, yetenekli cerrahlar hangi tekni\u011fin kullan\u0131ld\u0131\u011f\u0131na ba\u011fl\u0131 olarak sa\u00e7 \u00e7izgisinde veya arkas\u0131nda kesiler yapar. Daha sonra diki\u015flerle\/di\u011fer y\u00f6ntemlerle kapatmadan \u00f6nce fazla deriyi keserken\/yeniden konumland\u0131r\u0131rken alttaki dokular\u0131\/kaslar\u0131 ayarlar veya \u00e7\u0131kar\u0131rlar.<\/p>\n\n<p>Hayat de\u011fi\u015ftiren bu ameliyat\u0131 ger\u00e7ekle\u015ftirmek i\u00e7in \u00fc\u00e7 temel teknik vard\u0131r:<\/p>\n\n<ol class=\"wp-block-list\" start=\"1\" type=\"1\">\n<li>Geleneksel\/koronal ka\u015f kald\u0131rma, sa\u00e7 \u00e7izginizin arkas\u0131nda kafa derinizin \u00fcst k\u0131sm\u0131nda bir kesi yap\u0131lmas\u0131n\u0131 i\u00e7erir &#8211; kapsaml\u0131 kald\u0131rma ve yeniden konumland\u0131rmaya izin verir<\/li>\n\n\n\n<li>Endoskopik ka\u015f kald\u0131rma i\u015fleminde, ki\u015finin sa\u00e7 \u00e7izgisinin arkas\u0131na yap\u0131lan birka\u00e7 k\u00fc\u00e7\u00fck kesi kullan\u0131l\u0131r ve burada endoskop ad\u0131 verilen k\u00fc\u00e7\u00fck bir kamera doku ayarlamas\u0131na rehberlik eder; bu da daha k\u00fc\u00e7\u00fck yara izleri ve daha h\u0131zl\u0131 iyile\u015fme s\u00fcreleri ile sonu\u00e7lan\u0131r<\/li>\n\n\n\n<li>Ge\u00e7ici\/s\u0131n\u0131rl\u0131 kesili ka\u015f kald\u0131rma, ka\u015f\u0131n d\u0131\u015f k\u0131sm\u0131n\u0131n konumland\u0131r\u0131lmas\u0131na\/kald\u0131r\u0131lmas\u0131na izin veren k\u00fc\u00e7\u00fck \u015fakak tabanl\u0131 kesiler gerektirdi\u011finden minimal invazivlik gerektirir &#8211; hafif ila orta derecede sarkma varsa idealdir<\/li>\n<\/ol>\n\n<h3 class=\"wp-block-heading\">Fiyat, bak\u0131m sonras\u0131 ve iyile\u015fme s\u00fcreci dahil olmak \u00fczere <a href=\"https:\/\/medclinics.com\/tr\/guzellik\/\" target=\"_blank\" rel=\"noreferrer noopener\">g\u00fczellik tedavisi<\/a> hakk\u0131nda bilmeniz gereken her \u015fey veya <a href=\"#requestform\">bizimle ileti\u015fime<\/a> ge\u00e7in!<\/h3>\n\n<figure class=\"wp-block-image size-full\"><img decoding=\"async\" class=\"wp-image-88612\" src=\"https:\/\/medclinics.com\/wp-content\/uploads\/2023\/05\/Eyebrow-lift-in-istanbul.jpg\" alt=\"\"\/><\/figure>\n\n<h2 class=\"wp-block-heading\">SSS<\/h2>\n<div id=\"rank-math-faq\" class=\"rank-math-block\">\n<div class=\"rank-math-list \">\n<div id=\"faq-question-1682603361561\" class=\"rank-math-list-item\">\n<h3 class=\"rank-math-question \">Ka\u015f kald\u0131rma nedir?<\/h3>\n<div class=\"rank-math-answer \">\n\n<p>Ka\u015f kald\u0131rma, ka\u015flar\u0131 daha gen\u00e7 bir pozisyona y\u00fckselten ve yeniden konumland\u0131ran cerrahi bir prosed\u00fcrd\u00fcr. Sarkm\u0131\u015f ka\u015flar\u0131, al\u0131n k\u0131r\u0131\u015f\u0131kl\u0131klar\u0131n\u0131 ve ka\u015f \u00e7atma \u00e7izgilerini gidermeye yard\u0131mc\u0131 olur. Prosed\u00fcr, kesilerin yap\u0131lmas\u0131n\u0131, alttaki dokular\u0131n kald\u0131r\u0131lmas\u0131n\u0131 ve yeniden konumland\u0131r\u0131lmas\u0131n\u0131 ve gerekirse fazla derinin \u00e7\u0131kar\u0131lmas\u0131n\u0131 i\u00e7erir. Farkl\u0131 teknikler kullan\u0131labilir ve ihtiya\u00e7lar\u0131n\u0131za en uygun yakla\u015f\u0131m\u0131 belirlemek i\u00e7in kalifiye bir cerraha dan\u0131\u015fman\u0131z \u00f6nemlidir.<\/p>\n\n<\/div>\n<\/div>\n<div id=\"faq-question-1684417633032\" class=\"rank-math-list-item\">\n<h3 class=\"rank-math-question \">Ka\u015f kald\u0131rma i\u015flemi ac\u0131 verir mi?<\/h3>\n<div class=\"rank-math-answer \">\n\n<p>Ka\u015f kald\u0131rma s\u0131ras\u0131nda bir miktar rahats\u0131zl\u0131k ve a\u011fr\u0131 beklenebilir. Bununla birlikte, ameliyat s\u0131ras\u0131nda herhangi bir a\u011fr\u0131 hissetmemenizi sa\u011flamak i\u00e7in prosed\u00fcr genellikle anestezi alt\u0131nda ger\u00e7ekle\u015ftirilir. \u0130\u015flemden sonra, tedavi edilen b\u00f6lgede bir miktar rahats\u0131zl\u0131k, \u015fi\u015flik ve gerginlik ya\u015fanmas\u0131 normaldir. Cerrah\u0131n\u0131z, ameliyat sonras\u0131 rahats\u0131zl\u0131\u011f\u0131 y\u00f6netmek i\u00e7in size a\u011fr\u0131 kesici ila\u00e7lar sa\u011flayacakt\u0131r. Cerrah\u0131n\u0131z\u0131n ameliyat sonras\u0131 talimatlar\u0131na uyman\u0131z ve herhangi bir a\u011fr\u0131y\u0131 hafifletmeye yard\u0131mc\u0131 olmak i\u00e7in re\u00e7ete edilen ila\u00e7lar\u0131 belirtildi\u011fi \u015fekilde alman\u0131z \u00f6nemlidir. Ya\u015fanan a\u011fr\u0131 seviyesi bireyler aras\u0131nda de\u011fi\u015fiklik g\u00f6sterebilir, ancak \u00e7o\u011fu hasta rahats\u0131zl\u0131\u011f\u0131n y\u00f6netilebilir oldu\u011funu ve iyile\u015fme s\u00fcreci ilerledik\u00e7e azald\u0131\u011f\u0131n\u0131 fark eder.<\/p>\n\n<\/div>\n<\/div>\n<div id=\"faq-question-1684417696234\" class=\"rank-math-list-item\">\n<h3 class=\"rank-math-question \">Ka\u015f kald\u0131rma kal\u0131c\u0131 m\u0131d\u0131r?<\/h3>\n<div class=\"rank-math-answer \">\n\n<p>Ka\u015f kald\u0131rma kal\u0131c\u0131 bir \u00e7\u00f6z\u00fcm olarak kabul edilmez. Sonu\u00e7lar birka\u00e7 y\u0131l s\u00fcrebilir, ancak do\u011fal ya\u015flanma s\u00fcreci ve di\u011fer fakt\u00f6rler ka\u015flar\u0131n zaman i\u00e7inde kademeli olarak tekrar inmesine neden olabilir.<\/p>\n\n<\/div>\n<\/div>\n<div id=\"faq-question-1684417804387\" class=\"rank-math-list-item\">\n<h3 class=\"rank-math-question \">Ka\u015f kald\u0131rma nas\u0131l yap\u0131l\u0131r?<\/h3>\n<div class=\"rank-math-answer \">\n\n<p>Ka\u015f kald\u0131rma, anestezi alt\u0131nda yap\u0131lan cerrahi bir i\u015flemdir. Cerrah ya sa\u00e7 \u00e7izgisinin arkas\u0131ndan ya da bir endoskopla daha k\u00fc\u00e7\u00fck kesiler kullanarak kesiler yapar. Aln\u0131n altta yatan dokular\u0131 ve kaslar\u0131 kald\u0131r\u0131l\u0131r ve yeniden konumland\u0131r\u0131l\u0131r ve fazla deri \u00e7\u0131kar\u0131l\u0131r. Kesiler daha sonra kapat\u0131l\u0131r. Ama\u00e7 ka\u015flar\u0131 kald\u0131rmak ve daha gen\u00e7 bir g\u00f6r\u00fcn\u00fcm elde etmektir. Kullan\u0131lan spesifik teknik, bireysel fakt\u00f6rlere ve cerrah\u0131n uzmanl\u0131\u011f\u0131na ba\u011fl\u0131d\u0131r.<\/p>\n\n<\/div>\n<\/div>\n<\/div>\n<\/div>\n<p>\u00a0<\/p>\n\n<h3 class=\"wp-block-heading\">Herhangi bir sorunuz olmas\u0131 durumunda hemen bizimle ileti\u015fime ge\u00e7in!<\/h3>\n","protected":false},"excerpt":{"rendered":"<p>Ka\u015f kald\u0131rma, daha gen\u00e7 ve yenilenmi\u015f bir g\u00f6r\u00fcn\u00fcm elde etmek i\u00e7in ihtiyac\u0131n\u0131z olan \u015fey olabilir. Bu kozmetik prosed\u00fcr, ka\u015flar\u0131n\u0131z\u0131n ve [&hellip;]<\/p>\n","protected":false},"author":4,"featured_media":91820,"parent":0,"menu_order":0,"comment_status":"closed","ping_status":"closed","template":"","meta":{"site-sidebar-layout":"default","site-content-layout":"","ast-site-content-layout":"default","site-content-style":"default","site-sidebar-style":"default","ast-global-header-display":"","ast-banner-title-visibility":"","ast-main-header-display":"","ast-hfb-above-header-display":"","ast-hfb-below-header-display":"","ast-hfb-mobile-header-display":"","site-post-title":"","ast-breadcrumbs-content":"","ast-featured-img":"","footer-sml-layout":"","ast-disable-related-posts":"","theme-transparent-header-meta":"","adv-header-id-meta":"","stick-header-meta":"","header-above-stick-meta":"","header-main-stick-meta":"","header-below-stick-meta":"","astra-migrate-meta-layouts":"default","ast-page-background-enabled":"default","ast-page-background-meta":{"desktop":{"background-color":"var(--ast-global-color-4)","background-image":"","background-repeat":"repeat","background-position":"center center","background-size":"auto","background-attachment":"scroll","background-type":"","background-media":"","overlay-type":"","overlay-color":"","overlay-opacity":"","overlay-gradient":""},"tablet":{"background-color":"","background-image":"","background-repeat":"repeat","background-position":"center center","background-size":"auto","background-attachment":"scroll","background-type":"","background-media":"","overlay-type":"","overlay-color":"","overlay-opacity":"","overlay-gradient":""},"mobile":{"background-color":"","background-image":"","background-repeat":"repeat","background-position":"center center","background-size":"auto","background-attachment":"scroll","background-type":"","background-media":"","overlay-type":"","overlay-color":"","overlay-opacity":"","overlay-gradient":""}},"ast-content-background-meta":{"desktop":{"background-color":"var(--ast-global-color-5)","background-image":"","background-repeat":"repeat","background-position":"center center","background-size":"auto","background-attachment":"scroll","background-type":"","background-media":"","overlay-type":"","overlay-color":"","overlay-opacity":"","overlay-gradient":""},"tablet":{"background-color":"var(--ast-global-color-5)","background-image":"","background-repeat":"repeat","background-position":"center center","background-size":"auto","background-attachment":"scroll","background-type":"","background-media":"","overlay-type":"","overlay-color":"","overlay-opacity":"","overlay-gradient":""},"mobile":{"background-color":"var(--ast-global-color-5)","background-image":"","background-repeat":"repeat","background-position":"center center","background-size":"auto","background-attachment":"scroll","background-type":"","background-media":"","overlay-type":"","overlay-color":"","overlay-opacity":"","overlay-gradient":""}},"footnotes":""},"class_list":["post-146027","page","type-page","status-publish","has-post-thumbnail","hentry"],"_links":{"self":[{"href":"https:\/\/medclinics.com\/tr\/wp-json\/wp\/v2\/pages\/146027","targetHints":{"allow":["GET"]}}],"collection":[{"href":"https:\/\/medclinics.com\/tr\/wp-json\/wp\/v2\/pages"}],"about":[{"href":"https:\/\/medclinics.com\/tr\/wp-json\/wp\/v2\/types\/page"}],"author":[{"embeddable":true,"href":"https:\/\/medclinics.com\/tr\/wp-json\/wp\/v2\/users\/4"}],"replies":[{"embeddable":true,"href":"https:\/\/medclinics.com\/tr\/wp-json\/wp\/v2\/comments?post=146027"}],"version-history":[{"count":0,"href":"https:\/\/medclinics.com\/tr\/wp-json\/wp\/v2\/pages\/146027\/revisions"}],"wp:featuredmedia":[{"embeddable":true,"href":"https:\/\/medclinics.com\/tr\/wp-json\/wp\/v2\/media\/91820"}],"wp:attachment":[{"href":"https:\/\/medclinics.com\/tr\/wp-json\/wp\/v2\/media?parent=146027"}],"curies":[{"name":"wp","href":"https:\/\/api.w.org\/{rel}","templated":true}]}}