{"id":146015,"date":"2023-05-18T14:10:28","date_gmt":"2023-05-18T11:10:28","guid":{"rendered":"https:\/\/medclinics.com\/revizyon-rinoplasti\/"},"modified":"2025-01-03T00:04:03","modified_gmt":"2025-01-02T21:04:03","slug":"revizyon-rinoplasti","status":"publish","type":"page","link":"https:\/\/medclinics.com\/tr\/revizyon-rinoplasti\/","title":{"rendered":"Revizyon Rinoplasti"},"content":{"rendered":"\n<h2 class=\"wp-block-heading\">Arzu etti\u011finiz g\u00f6r\u00fcn\u00fcme ula\u015fmak i\u00e7in bir yol ar\u0131yorsan\u0131z, Revizyon Rinoplasti m\u00fckemmel bir se\u00e7im olabilir.<\/h2>\n\n<p>\u0130kincil rinoplasti olarak da bilinen revizyon rinoplasti, \u00f6nceki bir <a href=\"https:\/\/medclinics.com\/tr\/rinoplasti-burun-estetigi\/\" target=\"_blank\" rel=\"noreferrer noopener\" data-type=\"page\" data-id=\"77372\">burun ameliyat\u0131n\u0131n<\/a> sonu\u00e7lar\u0131n\u0131 d\u00fczeltmek veya iyile\u015ftirmek i\u00e7in yap\u0131lan cerrahi bir prosed\u00fcrd\u00fcr. Genellikle ilk rinoplasti hastan\u0131n beklentilerini kar\u015f\u0131lamad\u0131\u011f\u0131nda veya i\u015flemden sonra fonksiyonel sorunlar ortaya \u00e7\u0131kt\u0131\u011f\u0131nda yap\u0131l\u0131r.<\/p>\n\n<p>Revizyon Rinoplasti Nedenleri:<\/p>\n\n<ul class=\"wp-block-list\">\n<li>Kozmetik kayg\u0131lar: Bir hasta ilk <a href=\"https:\/\/en.wikipedia.org\/wiki\/Rhinoplasty\" target=\"_blank\" rel=\"noreferrer noopener\">rinoplastinin<\/a> estetik sonucundan memnun de\u011filse, revizyon ameliyat\u0131 asimetri, \u00e7arp\u0131k veya a\u015f\u0131r\u0131 projeksiyonlu bir burun, a\u015f\u0131r\u0131 doku \u00e7\u0131kar\u0131lmas\u0131 veya di\u011fer kozmetik kusurlar gibi sorunlar\u0131 ele alabilir.<\/li>\n\n\n\n<li>Fonksiyonel sorunlar: Bazen, primer rinoplasti nefes alma g\u00fc\u00e7l\u00fcklerine veya \u00e7\u00f6km\u00fc\u015f bir burun valfi veya t\u0131kal\u0131 bir hava yolu gibi di\u011fer i\u015flevsel sorunlara neden olabilir. Bu sorunlar\u0131 d\u00fczeltebilir ve burun fonksiyonunu iyile\u015ftirebilir.<\/li>\n\n\n\n<li>Travma veya yaralanma: Baz\u0131 durumlarda, bir hasta ilk ameliyattan sonra burnun g\u00f6r\u00fcn\u00fcm\u00fcn\u00fc veya i\u015flevini de\u011fi\u015ftiren burun travmas\u0131 veya yaralanmas\u0131 nedeniyle revizyon rinoplasti gerektirebilir.<\/li>\n\n\n\n<li>Do\u011fal ya\u015flanma: Zamanla ya\u015flanman\u0131n etkileri, burun ucu veya burun yap\u0131s\u0131ndaki de\u011fi\u015fiklikler de dahil olmak \u00fczere burnun g\u00f6r\u00fcn\u00fcm\u00fcn\u00fc etkileyebilir. Bu de\u011fi\u015fiklikleri ele alabilir ve daha gen\u00e7 bir g\u00f6r\u00fcn\u00fcm\u00fc geri kazand\u0131rabilir.<\/li>\n<\/ul>\n\n<h3 class=\"wp-block-heading\"><a href=\"https:\/\/medclinics.com\/tr\/plastik-ve-estetik-cerrahi\/\" target=\"_blank\" rel=\"noreferrer noopener\">Estetik ve plastik cerrahi<\/a> hakk\u0131nda fiyat, bak\u0131m ve iyile\u015fme s\u00fcreci de dahil olmak \u00fczere bilmeniz gereken her \u015fey veya <a href=\"#requestform\">bizimle ileti\u015fime<\/a> ge\u00e7in!<\/h3>\n\n<figure class=\"wp-block-image size-full\"><img fetchpriority=\"high\" decoding=\"async\" width=\"960\" height=\"540\" class=\"wp-image-97595\" src=\"https:\/\/medclinics.com\/wp-content\/uploads\/2023\/07\/revision-rhinoplasty-near-me.jpg\" alt=\"Yak&#x131;n&#x131;mdaki Revizyon Rinoplasti\" srcset=\"https:\/\/medclinics.com\/wp-content\/uploads\/2023\/07\/revision-rhinoplasty-near-me.jpg 960w, https:\/\/medclinics.com\/wp-content\/uploads\/2023\/07\/revision-rhinoplasty-near-me-500x281.jpg 500w, https:\/\/medclinics.com\/wp-content\/uploads\/2023\/07\/revision-rhinoplasty-near-me-768x432.jpg 768w, https:\/\/medclinics.com\/wp-content\/uploads\/2023\/07\/revision-rhinoplasty-near-me-24x14.jpg 24w, https:\/\/medclinics.com\/wp-content\/uploads\/2023\/07\/revision-rhinoplasty-near-me-36x20.jpg 36w, https:\/\/medclinics.com\/wp-content\/uploads\/2023\/07\/revision-rhinoplasty-near-me-48x27.jpg 48w\" sizes=\"(max-width: 960px) 100vw, 960px\" \/><\/figure>\n\n<h2 class=\"wp-block-heading\">SSS<\/h2>\n<div id=\"rank-math-faq\" class=\"rank-math-block\">\n<div class=\"rank-math-list \">\n<div id=\"faq-question-1682666956133\" class=\"rank-math-list-item\">\n<h3 class=\"rank-math-question \">Revizyon rinoplasti buna de\u011fer mi?<\/h3>\n<div class=\"rank-math-answer \">\n\n<p>Revizyon rinoplastinin buna de\u011fip de\u011fmeyece\u011fi bireysel ko\u015fullara ba\u011fl\u0131d\u0131r. \u00d6nceki burun esteti\u011finden sonra sonu\u00e7lardan memnun olmayan veya i\u015flevsel sorunlar\u0131 olan bireyler i\u00e7in revizyon ameliyat\u0131, iyile\u015ftirme ve daha fazla memnuniyet i\u00e7in bir f\u0131rsat sunabilir. Bununla birlikte, ger\u00e7ek\u00e7i beklentilere sahip olmak ve m\u00fckemmelli\u011fe ula\u015famayabilece\u011fini anlamak \u00e7ok \u00f6nemlidir. Ba\u015fka bir ameliyata girmek her ikisine de yat\u0131r\u0131m yapmay\u0131 gerektirdi\u011finden, duygusal ve mali hususlar da dikkate al\u0131nmal\u0131d\u0131r. Revizyon rinoplasti konusunda uzmanla\u015fm\u0131\u015f yetenekli ve deneyimli bir cerrah se\u00e7mek, optimum sonu\u00e7lar i\u00e7in \u00e7ok \u00f6nemlidir. \u00d6zel durumunuzu de\u011ferlendirmek ve revizyon rinoplastinin sizin i\u00e7in do\u011fru se\u00e7im olup olmad\u0131\u011f\u0131n\u0131 belirlemek i\u00e7in kalifiye bir plastik cerraha dan\u0131\u015fman\u0131z \u00f6nerilir.<\/p>\n\n<\/div>\n<\/div>\n<div id=\"faq-question-1684418611893\" class=\"rank-math-list-item\">\n<h3 class=\"rank-math-question \">Revizyon rinoplasti gerekli mi?<\/h3>\n<div class=\"rank-math-answer \">\n\n<p>Ki\u015filerin sonu\u00e7lardan memnun olmad\u0131\u011f\u0131 veya \u00f6nceki bir burun esteti\u011finden sonra i\u015flevsel sorunlar ya\u015fad\u0131\u011f\u0131 baz\u0131 durumlarda gerekli olabilir. Bununla birlikte, revizyon ameliyat\u0131n\u0131n gerekli olup olmad\u0131\u011f\u0131 \u00f6zel ko\u015fullara ve bireysel endi\u015felere ba\u011fl\u0131d\u0131r. Durumunuzu de\u011ferlendirebilecek ve estetik veya i\u015flevsel endi\u015felerinizi gidermek i\u00e7in gerekli olup olmad\u0131\u011f\u0131n\u0131 belirleyebilecek nitelikli bir plastik cerraha dan\u0131\u015fman\u0131z \u00f6nerilir. \u0130stedi\u011finiz sonu\u00e7lara ula\u015fman\u0131n fizibilitesini de\u011ferlendirebilir ve benzersiz ihtiya\u00e7lar\u0131n\u0131za g\u00f6re ki\u015fiselle\u015ftirilmi\u015f \u00f6neriler sunabilirler. Nihayetinde, revizyon rinoplasti karar\u0131, faydalar\u0131n, risklerin ve genel sa\u011fl\u0131\u011f\u0131n\u0131z \u00fczerindeki potansiyel etkinin kapsaml\u0131 bir de\u011ferlendirmesine dayanmal\u0131d\u0131r.<\/p>\n\n<\/div>\n<\/div>\n<div id=\"faq-question-1684418615131\" class=\"rank-math-list-item\">\n<h3 class=\"rank-math-question \">Revizyon rinoplasti ba\u015far\u0131l\u0131 olabilir mi?<\/h3>\n<div class=\"rank-math-answer \">\n\n<p>Evet, revizyon rinoplasti, \u00f6nceki bir rinoplasti prosed\u00fcr\u00fcnden kaynaklanabilecek endi\u015feleri ve komplikasyonlar\u0131 ele almada ba\u015far\u0131l\u0131 olabilir. Ba\u015far\u0131s\u0131, cerrah\u0131n becerisi ve deneyimi, ele al\u0131nan belirli sorunlar, bireyin kendine \u00f6zg\u00fc anatomisi ve ger\u00e7ek\u00e7i beklentiler dahil olmak \u00fczere \u00e7e\u015fitli fakt\u00f6rlere ba\u011fl\u0131d\u0131r.<\/p>\n\n<\/div>\n<\/div>\n<div id=\"faq-question-1684418728528\" class=\"rank-math-list-item\">\n<h3 class=\"rank-math-question \">Revizyon rinoplasti neden bu kadar zor?<\/h3>\n<div class=\"rank-math-answer \">\n\n<p>Revizyon rinoplasti, de\u011fi\u015fen anatomi, skar dokusu, s\u0131n\u0131rl\u0131 greft malzemesi bulunabilirli\u011fi, psikolojik fakt\u00f6rler ve ileri cerrahi uzmanl\u0131k ihtiyac\u0131 gibi fakt\u00f6rler nedeniyle genellikle primer rinoplastiden daha zor kabul edilir. \u00d6nceki ameliyattan kaynaklanan yara dokusu ve de\u011fi\u015fmi\u015f burun yap\u0131lar\u0131n\u0131n varl\u0131\u011f\u0131, doku manip\u00fclasyonunu ve yeniden \u015fekillendirmeyi daha zor hale getirebilir. Greftleme i\u00e7in don\u00f6r materyallerin s\u0131n\u0131rl\u0131 bulunabilirli\u011fi alternatif yakla\u015f\u0131mlar gerektirebilir. Revizyon cerrahisi ge\u00e7iren hastalar\u0131n kayg\u0131 d\u00fczeyleri ve \u00f6zel beklentileri daha y\u00fcksek olabilir. Revizyon rinoplasti konusunda uzmanla\u015fm\u0131\u015f cerrahlar, bu zorluklar\u0131n \u00fcstesinden gelebilecek uzmanl\u0131\u011fa sahiptir. Nitelikli ve deneyimli bir cerrah se\u00e7mek, ger\u00e7ek\u00e7i beklentilere sahip olmak ve ameliyat \u00f6ncesi kapsaml\u0131 bir planlama yapmak ba\u015far\u0131l\u0131 bir sonu\u00e7 elde etmek i\u00e7in \u00f6nemlidir.<\/p>\n\n<\/div>\n<\/div>\n<\/div>\n<\/div>\n<p>\u00a0<\/p>\n\n<h3 class=\"wp-block-heading\">Herhangi bir sorunuz olmas\u0131 durumunda hemen bizimle ileti\u015fime ge\u00e7in!<\/h3>\n","protected":false},"excerpt":{"rendered":"<p>Arzu etti\u011finiz g\u00f6r\u00fcn\u00fcme ula\u015fmak i\u00e7in bir yol ar\u0131yorsan\u0131z, Revizyon Rinoplasti m\u00fckemmel bir se\u00e7im olabilir. \u0130kincil rinoplasti olarak da bilinen revizyon [&hellip;]<\/p>\n","protected":false},"author":4,"featured_media":91485,"parent":0,"menu_order":0,"comment_status":"closed","ping_status":"closed","template":"","meta":{"site-sidebar-layout":"default","site-content-layout":"","ast-site-content-layout":"default","site-content-style":"default","site-sidebar-style":"default","ast-global-header-display":"","ast-banner-title-visibility":"","ast-main-header-display":"","ast-hfb-above-header-display":"","ast-hfb-below-header-display":"","ast-hfb-mobile-header-display":"","site-post-title":"","ast-breadcrumbs-content":"","ast-featured-img":"","footer-sml-layout":"","ast-disable-related-posts":"","theme-transparent-header-meta":"","adv-header-id-meta":"","stick-header-meta":"","header-above-stick-meta":"","header-main-stick-meta":"","header-below-stick-meta":"","astra-migrate-meta-layouts":"default","ast-page-background-enabled":"default","ast-page-background-meta":{"desktop":{"background-color":"var(--ast-global-color-4)","background-image":"","background-repeat":"repeat","background-position":"center center","background-size":"auto","background-attachment":"scroll","background-type":"","background-media":"","overlay-type":"","overlay-color":"","overlay-opacity":"","overlay-gradient":""},"tablet":{"background-color":"","background-image":"","background-repeat":"repeat","background-position":"center center","background-size":"auto","background-attachment":"scroll","background-type":"","background-media":"","overlay-type":"","overlay-color":"","overlay-opacity":"","overlay-gradient":""},"mobile":{"background-color":"","background-image":"","background-repeat":"repeat","background-position":"center center","background-size":"auto","background-attachment":"scroll","background-type":"","background-media":"","overlay-type":"","overlay-color":"","overlay-opacity":"","overlay-gradient":""}},"ast-content-background-meta":{"desktop":{"background-color":"var(--ast-global-color-5)","background-image":"","background-repeat":"repeat","background-position":"center center","background-size":"auto","background-attachment":"scroll","background-type":"","background-media":"","overlay-type":"","overlay-color":"","overlay-opacity":"","overlay-gradient":""},"tablet":{"background-color":"var(--ast-global-color-5)","background-image":"","background-repeat":"repeat","background-position":"center center","background-size":"auto","background-attachment":"scroll","background-type":"","background-media":"","overlay-type":"","overlay-color":"","overlay-opacity":"","overlay-gradient":""},"mobile":{"background-color":"var(--ast-global-color-5)","background-image":"","background-repeat":"repeat","background-position":"center center","background-size":"auto","background-attachment":"scroll","background-type":"","background-media":"","overlay-type":"","overlay-color":"","overlay-opacity":"","overlay-gradient":""}},"footnotes":""},"class_list":["post-146015","page","type-page","status-publish","has-post-thumbnail","hentry"],"_links":{"self":[{"href":"https:\/\/medclinics.com\/tr\/wp-json\/wp\/v2\/pages\/146015","targetHints":{"allow":["GET"]}}],"collection":[{"href":"https:\/\/medclinics.com\/tr\/wp-json\/wp\/v2\/pages"}],"about":[{"href":"https:\/\/medclinics.com\/tr\/wp-json\/wp\/v2\/types\/page"}],"author":[{"embeddable":true,"href":"https:\/\/medclinics.com\/tr\/wp-json\/wp\/v2\/users\/4"}],"replies":[{"embeddable":true,"href":"https:\/\/medclinics.com\/tr\/wp-json\/wp\/v2\/comments?post=146015"}],"version-history":[{"count":0,"href":"https:\/\/medclinics.com\/tr\/wp-json\/wp\/v2\/pages\/146015\/revisions"}],"wp:featuredmedia":[{"embeddable":true,"href":"https:\/\/medclinics.com\/tr\/wp-json\/wp\/v2\/media\/91485"}],"wp:attachment":[{"href":"https:\/\/medclinics.com\/tr\/wp-json\/wp\/v2\/media?parent=146015"}],"curies":[{"name":"wp","href":"https:\/\/api.w.org\/{rel}","templated":true}]}}