{"id":146001,"date":"2023-05-12T13:28:56","date_gmt":"2023-05-12T10:28:56","guid":{"rendered":"https:\/\/medclinics.com\/alin-germe\/"},"modified":"2025-01-02T15:56:30","modified_gmt":"2025-01-02T12:56:30","slug":"alin-germe","status":"publish","type":"page","link":"https:\/\/medclinics.com\/tr\/alin-germe\/","title":{"rendered":"Al\u0131n Germe"},"content":{"rendered":"\n<h2 class=\"wp-block-heading\">Aln\u0131n\u0131z\u0131n, ka\u015flar\u0131n\u0131z\u0131n ve \u00fcst g\u00f6z kapaklar\u0131n\u0131z\u0131n g\u00f6r\u00fcn\u00fcm\u00fcn\u00fc iyile\u015ftirmenin bir yolunu mu ar\u0131yorsunuz? Al\u0131n gerdirmeden ba\u015fka bir \u015fey d\u00fc\u015f\u00fcnmeyin!<\/h2>\n\n<p>Ka\u015f kald\u0131rma olarak da bilinen al\u0131n germe, ka\u015flar\u0131 kald\u0131r\u0131rken k\u0131r\u0131\u015f\u0131kl\u0131klar\u0131 ve ka\u015f \u00e7atma \u00e7izgilerini azaltmak i\u00e7in tasarlanm\u0131\u015ft\u0131r. Kendinize g\u00fcvenmenizi sa\u011flayacak daha gen\u00e7 ve yenilenmi\u015f bir g\u00f6r\u00fcn\u00fcm hayal de\u011fil.<\/p>\n\n<p>Prosed\u00fcr\u00fcn kendisi s\u0131ras\u0131nda, yetenekli cerrah\u0131m\u0131z sa\u00e7 \u00e7izginizde veya ka\u015flar\u0131n\u0131z\u0131n hemen \u00fczerinde (hangi tip <a href=\"https:\/\/en.wikipedia.org\/wiki\/Forehead_lift\" target=\"_blank\" rel=\"noopener\">kald\u0131rma<\/a> yapt\u0131\u011f\u0131m\u0131za ba\u011fl\u0131 olarak) kesiler yapacakt\u0131r. Buradan sonra, genel olarak daha p\u00fcr\u00fczs\u00fcz bir etki yaratmak i\u00e7in cilt dokular\u0131n\u0131 kald\u0131rarak ve yeniden konumland\u0131rarak sihirlerini \u00e7al\u0131\u015ft\u0131racaklar.<\/p>\n\n<p>Elbette her ameliyat\u0131n riskleri oldu\u011funu unutmamak \u00f6nemlidir &#8211; ancak buradaki uzmanlar\u0131m\u0131z gibi kalifiye profesyoneller taraf\u0131ndan do\u011fru bir \u015fekilde yap\u0131ld\u0131\u011f\u0131nda, bu riskler \u00f6nemli \u00f6l\u00e7\u00fcde en aza indirilir. Peki neden bekliyorsun? Bu muhte\u015fem estetik tedavinin sizin i\u00e7in uygun olup olmad\u0131\u011f\u0131n\u0131 g\u00f6r\u00fc\u015febilmek i\u00e7in bug\u00fcn bir randevu al\u0131n!<\/p>\n\n<h3 class=\"wp-block-heading\">Fiyat, bak\u0131m sonras\u0131 ve iyile\u015fme s\u00fcreci dahil olmak \u00fczere <a href=\"https:\/\/medclinics.com\/tr\/guzellik\/\" target=\"_blank\" rel=\"noreferrer noopener\">g\u00fczellik tedavisi<\/a> hakk\u0131nda bilmeniz gereken her \u015fey veya <a href=\"#requestform\">bizimle ileti\u015fime<\/a> ge\u00e7in!<\/h3>\n\n<figure class=\"wp-block-image size-full\"><img fetchpriority=\"high\" decoding=\"async\" width=\"960\" height=\"540\" class=\"wp-image-97634\" src=\"https:\/\/medclinics.com\/wp-content\/uploads\/2023\/07\/forehead-lift-near-me.jpg\" alt=\"Yak&#x131;n&#x131;mdaki Al&#x131;n Germe\" srcset=\"https:\/\/medclinics.com\/wp-content\/uploads\/2023\/07\/forehead-lift-near-me.jpg 960w, https:\/\/medclinics.com\/wp-content\/uploads\/2023\/07\/forehead-lift-near-me-500x281.jpg 500w, https:\/\/medclinics.com\/wp-content\/uploads\/2023\/07\/forehead-lift-near-me-768x432.jpg 768w, https:\/\/medclinics.com\/wp-content\/uploads\/2023\/07\/forehead-lift-near-me-24x14.jpg 24w, https:\/\/medclinics.com\/wp-content\/uploads\/2023\/07\/forehead-lift-near-me-36x20.jpg 36w, https:\/\/medclinics.com\/wp-content\/uploads\/2023\/07\/forehead-lift-near-me-48x27.jpg 48w\" sizes=\"(max-width: 960px) 100vw, 960px\" \/><\/figure>\n\n<h2 class=\"wp-block-heading\">SSS<\/h2>\n<div id=\"rank-math-faq\" class=\"rank-math-block\">\n<div class=\"rank-math-list \">\n<div id=\"faq-question-1684416208675\" class=\"rank-math-list-item\">\n<h3 class=\"rank-math-question \">Y\u00fcz germe nas\u0131l yap\u0131l\u0131r?<\/h3>\n<div class=\"rank-math-answer \">\n\n<p>Y\u00fcz germe, y\u00fcz ve boyundaki ya\u015flanma belirtilerini gidermeyi ama\u00e7layan cerrahi bir prosed\u00fcrd\u00fcr. Prosed\u00fcr tipik olarak birka\u00e7 temel ad\u0131m\u0131 i\u00e7erir. \u0130lk olarak, ameliyat s\u0131ras\u0131nda hastan\u0131n rahat etmesini sa\u011flamak i\u00e7in anestezi uygulan\u0131r. Daha sonra sa\u00e7 \u00e7izgisi boyunca, kulak \u00e7evresinde ve potansiyel olarak \u00e7ene alt\u0131nda gizli kesiler yap\u0131l\u0131r. Bu kesiler arac\u0131l\u0131\u011f\u0131yla cerrah, daha gen\u00e7 bir g\u00f6r\u00fcn\u00fcm elde etmek i\u00e7in kas ve ya\u011f dahil olmak \u00fczere altta yatan y\u00fcz dokular\u0131n\u0131 kald\u0131r\u0131r ve yeniden konumland\u0131r\u0131r. Fazla deri gerekti\u011finde kesilebilir veya \u00e7\u0131kar\u0131labilir. Kesiler daha sonra diki\u015flerle veya di\u011fer tekniklerle dikkatlice kapat\u0131l\u0131r. \u0130\u015flemin ard\u0131ndan hasta bir iyile\u015fme alan\u0131nda izlenir ve kesileri korumak i\u00e7in bandajlar veya pansumanlar uygulanabilir. Y\u00fcz germenin spesifik detaylar\u0131, bireysel ihtiya\u00e7lara ve cerrah\u0131n yakla\u015f\u0131m\u0131na g\u00f6re de\u011fi\u015febilir. Prosed\u00fcr\u00fc, beklenen sonu\u00e7lar\u0131 ve olas\u0131 riskleri veya komplikasyonlar\u0131 tart\u0131\u015fmak i\u00e7in kalifiye bir plastik cerraha dan\u0131\u015fmak \u00f6nemlidir.<\/p>\n\n<\/div>\n<\/div>\n<div id=\"faq-question-1682603361561\" class=\"rank-math-list-item\">\n<h3 class=\"rank-math-question \">Al\u0131n germe ac\u0131t\u0131yor mu?<\/h3>\n<div class=\"rank-math-answer \">\n\n<p>Al\u0131n germe, iyile\u015fme d\u00f6neminde bir miktar rahats\u0131zl\u0131\u011fa ve a\u011fr\u0131ya neden olabilir, ancak herhangi bir rahats\u0131zl\u0131\u011f\u0131 y\u00f6netmek i\u00e7in tipik olarak a\u011fr\u0131 kesici ila\u00e7lar sa\u011flan\u0131r.<\/p>\n\n<\/div>\n<\/div>\n<div id=\"faq-question-1684416376852\" class=\"rank-math-list-item\">\n<h3 class=\"rank-math-question \">Al\u0131n germe nedir?<\/h3>\n<div class=\"rank-math-answer \">\n\n<p>Ka\u015f kald\u0131rma olarak da bilinen al\u0131n germe, sark\u0131k veya sark\u0131k ka\u015flar\u0131 ve al\u0131n k\u0131r\u0131\u015f\u0131kl\u0131klar\u0131n\u0131 gidermeyi ama\u00e7layan kozmetik bir cerrahi prosed\u00fcrd\u00fcr. Prosed\u00fcr, aln\u0131n yumu\u015fak dokular\u0131n\u0131n ve cildinin kald\u0131r\u0131lmas\u0131n\u0131 ve daha gen\u00e7 ve tazelenmi\u015f bir g\u00f6r\u00fcn\u00fcm olu\u015fturmak i\u00e7in altta yatan kaslar\u0131n yeniden konumland\u0131r\u0131lmas\u0131n\u0131 i\u00e7erir. Ayr\u0131ca ka\u015flar\u0131 estetik a\u00e7\u0131dan daha ho\u015f bir konuma y\u00fckseltmeye yard\u0131mc\u0131 olabilir. Kullan\u0131lan spesifik teknikler de\u011fi\u015febilir, ancak genellikle altta yatan yap\u0131lara eri\u015fmek ve bunlar\u0131 de\u011fi\u015ftirmek i\u00e7in sa\u00e7 \u00e7izgisi boyunca veya kafa derisi i\u00e7inde kesiler yap\u0131lmas\u0131n\u0131 i\u00e7erir. Al\u0131n germe ameliyatlar\u0131 geleneksel a\u00e7\u0131k teknikler veya minimal invaziv endoskopik y\u00f6ntemler kullan\u0131larak ger\u00e7ekle\u015ftirilebilir. Teknik se\u00e7imi bireysel fakt\u00f6rlere ve cerrah\u0131n uzmanl\u0131\u011f\u0131na ba\u011fl\u0131d\u0131r. Al\u0131n germe i\u015fleminin \u00f6zel endi\u015feleriniz ve hedefleriniz i\u00e7in uygun olup olmad\u0131\u011f\u0131n\u0131 belirlemek i\u00e7in nitelikli bir plastik cerraha dan\u0131\u015fman\u0131z \u00f6nemlidir.<\/p>\n\n<\/div>\n<\/div>\n<div id=\"faq-question-1684416444919\" class=\"rank-math-list-item\">\n<h3 class=\"rank-math-question \">T\u00fcrkiye&#8217;de al\u0131n germe maliyeti ne kadar?<\/h3>\n<div class=\"rank-math-answer \">\n\n<p>T\u00fcrkiye&#8217;de al\u0131n germe veya ka\u015f kald\u0131rma i\u015fleminin maliyeti, kullan\u0131lan teknik, i\u015flemin kapsam\u0131 ve klinik veya cerrah\u0131n itibar\u0131 gibi fakt\u00f6rlere ba\u011fl\u0131 olarak de\u011fi\u015febilir. Ortalama olarak, maliyet yakla\u015f\u0131k 2.000 ila 4.000 $ veya daha fazla aras\u0131nda de\u011fi\u015fmektedir. \u00d6zel ihtiya\u00e7lar\u0131n\u0131za g\u00f6re do\u011fru fiyat bilgisi edinmek i\u00e7in sayg\u0131n bir klini\u011fe veya cerraha dan\u0131\u015fman\u0131z \u00f6nerilir.<\/p>\n\n<\/div>\n<\/div>\n<\/div>\n<\/div>\n<p>\u00a0<\/p>\n\n<h3 class=\"wp-block-heading\">Herhangi bir sorunuz olmas\u0131 durumunda hemen bizimle ileti\u015fime ge\u00e7in!<\/h3>\n","protected":false},"excerpt":{"rendered":"<p>Aln\u0131n\u0131z\u0131n, ka\u015flar\u0131n\u0131z\u0131n ve \u00fcst g\u00f6z kapaklar\u0131n\u0131z\u0131n g\u00f6r\u00fcn\u00fcm\u00fcn\u00fc iyile\u015ftirmenin bir yolunu mu ar\u0131yorsunuz? Al\u0131n gerdirmeden ba\u015fka bir \u015fey d\u00fc\u015f\u00fcnmeyin! Ka\u015f kald\u0131rma [&hellip;]<\/p>\n","protected":false},"author":4,"featured_media":91393,"parent":0,"menu_order":0,"comment_status":"closed","ping_status":"closed","template":"","meta":{"site-sidebar-layout":"default","site-content-layout":"","ast-site-content-layout":"default","site-content-style":"default","site-sidebar-style":"default","ast-global-header-display":"","ast-banner-title-visibility":"","ast-main-header-display":"","ast-hfb-above-header-display":"","ast-hfb-below-header-display":"","ast-hfb-mobile-header-display":"","site-post-title":"","ast-breadcrumbs-content":"","ast-featured-img":"","footer-sml-layout":"","ast-disable-related-posts":"","theme-transparent-header-meta":"","adv-header-id-meta":"","stick-header-meta":"","header-above-stick-meta":"","header-main-stick-meta":"","header-below-stick-meta":"","astra-migrate-meta-layouts":"default","ast-page-background-enabled":"default","ast-page-background-meta":{"desktop":{"background-color":"var(--ast-global-color-4)","background-image":"","background-repeat":"repeat","background-position":"center center","background-size":"auto","background-attachment":"scroll","background-type":"","background-media":"","overlay-type":"","overlay-color":"","overlay-opacity":"","overlay-gradient":""},"tablet":{"background-color":"","background-image":"","background-repeat":"repeat","background-position":"center center","background-size":"auto","background-attachment":"scroll","background-type":"","background-media":"","overlay-type":"","overlay-color":"","overlay-opacity":"","overlay-gradient":""},"mobile":{"background-color":"","background-image":"","background-repeat":"repeat","background-position":"center center","background-size":"auto","background-attachment":"scroll","background-type":"","background-media":"","overlay-type":"","overlay-color":"","overlay-opacity":"","overlay-gradient":""}},"ast-content-background-meta":{"desktop":{"background-color":"var(--ast-global-color-5)","background-image":"","background-repeat":"repeat","background-position":"center center","background-size":"auto","background-attachment":"scroll","background-type":"","background-media":"","overlay-type":"","overlay-color":"","overlay-opacity":"","overlay-gradient":""},"tablet":{"background-color":"var(--ast-global-color-5)","background-image":"","background-repeat":"repeat","background-position":"center center","background-size":"auto","background-attachment":"scroll","background-type":"","background-media":"","overlay-type":"","overlay-color":"","overlay-opacity":"","overlay-gradient":""},"mobile":{"background-color":"var(--ast-global-color-5)","background-image":"","background-repeat":"repeat","background-position":"center center","background-size":"auto","background-attachment":"scroll","background-type":"","background-media":"","overlay-type":"","overlay-color":"","overlay-opacity":"","overlay-gradient":""}},"footnotes":""},"class_list":["post-146001","page","type-page","status-publish","has-post-thumbnail","hentry"],"_links":{"self":[{"href":"https:\/\/medclinics.com\/tr\/wp-json\/wp\/v2\/pages\/146001","targetHints":{"allow":["GET"]}}],"collection":[{"href":"https:\/\/medclinics.com\/tr\/wp-json\/wp\/v2\/pages"}],"about":[{"href":"https:\/\/medclinics.com\/tr\/wp-json\/wp\/v2\/types\/page"}],"author":[{"embeddable":true,"href":"https:\/\/medclinics.com\/tr\/wp-json\/wp\/v2\/users\/4"}],"replies":[{"embeddable":true,"href":"https:\/\/medclinics.com\/tr\/wp-json\/wp\/v2\/comments?post=146001"}],"version-history":[{"count":0,"href":"https:\/\/medclinics.com\/tr\/wp-json\/wp\/v2\/pages\/146001\/revisions"}],"wp:featuredmedia":[{"embeddable":true,"href":"https:\/\/medclinics.com\/tr\/wp-json\/wp\/v2\/media\/91393"}],"wp:attachment":[{"href":"https:\/\/medclinics.com\/tr\/wp-json\/wp\/v2\/media?parent=146001"}],"curies":[{"name":"wp","href":"https:\/\/api.w.org\/{rel}","templated":true}]}}