{"id":145991,"date":"2023-05-06T13:13:45","date_gmt":"2023-05-06T10:13:45","guid":{"rendered":"https:\/\/medclinics.com\/yuze-yag-enjeksiyonu\/"},"modified":"2025-01-02T14:43:02","modified_gmt":"2025-01-02T11:43:02","slug":"yuze-yag-enjeksiyonu","status":"publish","type":"page","link":"https:\/\/medclinics.com\/tr\/yuze-yag-enjeksiyonu\/","title":{"rendered":"Y\u00fcze Ya\u011f Enjeksiyonu"},"content":{"rendered":"\n<h2 class=\"wp-block-heading\">Y\u00fcz\u00fcn\u00fcze hacim ve dolgunluk kazand\u0131rmak i\u00e7in g\u00fcvenli ve do\u011fal bir yol mu ar\u0131yorsunuz? Ya\u011f grefti veya otolog ya\u011f transferi olarak da bilinen ya\u011f enjeksiyonundan ba\u015fkas\u0131na bakmay\u0131n.<\/h2>\n\n<p>Bu kozmetik prosed\u00fcr, y\u00fcz\u00fcn belirli b\u00f6lgelerine geri enjekte edilebilecek safla\u015ft\u0131r\u0131lm\u0131\u015f forma d\u00f6n\u00fc\u015ft\u00fcr\u00fclmeden \u00f6nce v\u00fccudun bir b\u00f6lgesinden az miktarda ya\u011f toplamak i\u00e7in liposuction kullan\u0131lmas\u0131n\u0131 i\u00e7erir.<\/p>\n\n<p>Ya\u011f enjeksiyonlar\u0131, sentetik dermal dolgulara ba\u015fvurmadan k\u0131r\u0131\u015f\u0131kl\u0131klar\u0131, k\u0131r\u0131\u015f\u0131kl\u0131klar\u0131, yara izlerini doldurmak ve yanaklara ve dudaklara dolgunluk katmak i\u00e7in idealdir. Bu tedavide kendi dokular\u0131n\u0131z kullan\u0131ld\u0131\u011f\u0131ndan, alerjik reaksiyonlar veya ba\u011f\u0131\u015f\u0131kl\u0131k sisteminiz taraf\u0131ndan reddedilme riski \u00e7ok azd\u0131r.<\/p>\n\n<p>Enjekte edilen t\u00fcm ya\u011flar sadece bir seanstan sonra hayatta kalmayacak olsa da; istenen sonu\u00e7lar elde edilene kadar birden fazla tedavi gerekebilir. Ya\u015flanman\u0131n sizi g\u00fczel yapan \u015feyleri elinizden almas\u0131na izin vermeyin &#8211; bug\u00fcn geli\u015fmi\u015f ya\u011f enjeksiyonu prosed\u00fcrlerimizle <a href=\"https:\/\/en.wikipedia.org\/wiki\/Facial_rejuvenation\" target=\"_blank\" rel=\"noreferrer noopener\">y\u00fcz gen\u00e7le\u015ftirme<\/a> yapt\u0131rmay\u0131 d\u00fc\u015f\u00fcn\u00fcn!<\/p>\n\n<h3 class=\"wp-block-heading\">Fiyat, bak\u0131m sonras\u0131 ve iyile\u015fme s\u00fcreci dahil olmak \u00fczere <a href=\"https:\/\/medclinics.com\/tr\/guzellik\/\" target=\"_blank\" rel=\"noreferrer noopener\">g\u00fczellik tedavisi<\/a> hakk\u0131nda bilmeniz gereken her \u015fey veya <a href=\"#requestform\">bizimle ileti\u015fime<\/a> ge\u00e7in!<\/h3>\n\n<figure class=\"wp-block-image size-full\"><img fetchpriority=\"high\" decoding=\"async\" width=\"960\" height=\"540\" src=\"https:\/\/medclinics.com\/wp-content\/uploads\/2023\/07\/facial-fat-injection-near-me.jpg\" alt=\"Yak&#x131;n&#x131;mdaki Y&#xFC;ze Ya&#x11F; Enjeksiyonu\" class=\"wp-image-97692\" srcset=\"https:\/\/medclinics.com\/wp-content\/uploads\/2023\/07\/facial-fat-injection-near-me.jpg 960w, https:\/\/medclinics.com\/wp-content\/uploads\/2023\/07\/facial-fat-injection-near-me-500x281.jpg 500w, https:\/\/medclinics.com\/wp-content\/uploads\/2023\/07\/facial-fat-injection-near-me-768x432.jpg 768w, https:\/\/medclinics.com\/wp-content\/uploads\/2023\/07\/facial-fat-injection-near-me-24x14.jpg 24w, https:\/\/medclinics.com\/wp-content\/uploads\/2023\/07\/facial-fat-injection-near-me-36x20.jpg 36w, https:\/\/medclinics.com\/wp-content\/uploads\/2023\/07\/facial-fat-injection-near-me-48x27.jpg 48w\" sizes=\"(max-width: 960px) 100vw, 960px\" \/><\/figure>\n\n<h2 class=\"wp-block-heading\">SSS  <\/h2>\n<div id=\"rank-math-faq\" class=\"rank-math-block\">\n<div class=\"rank-math-list \">\n<div id=\"faq-question-1682666956133\" class=\"rank-math-list-item\">\n<h3 class=\"rank-math-question \">Ya\u011f grefti nedir?<\/h3>\n<div class=\"rank-math-answer \">\n\n<p>Ya\u011f transferi olarak da bilinen ya\u011f a\u015f\u0131lama, v\u00fccudun bir b\u00f6lgesinden ya\u011f al\u0131nmas\u0131n\u0131 ve hacim veya iyile\u015ftirme gerektiren ba\u015fka bir b\u00f6lgeye enjekte edilmesini i\u00e7eren kozmetik bir prosed\u00fcrd\u00fcr. Genellikle y\u00fcz hatlar\u0131n\u0131 iyile\u015ftirmek, k\u0131r\u0131\u015f\u0131kl\u0131klar\u0131 doldurmak veya g\u00f6\u011f\u00fcsler veya kal\u00e7alar gibi alanlar\u0131 geli\u015ftirmek i\u00e7in kullan\u0131l\u0131r. Prosed\u00fcrde hastan\u0131n kendi ya\u011f h\u00fccreleri kullan\u0131l\u0131r ve bu da yan etki riskini azalt\u0131r. Optimal sonu\u00e7lar i\u00e7in birden fazla seans gerekebilir ve prosed\u00fcr\u00fc ve beklenen sonu\u00e7lar\u0131 tart\u0131\u015fmak i\u00e7in kalifiye bir cerrahla kons\u00fcltasyon yap\u0131lmas\u0131 \u015fartt\u0131r.<\/p>\n\n<\/div>\n<\/div>\n<div id=\"faq-question-1684415358015\" class=\"rank-math-list-item\">\n<h3 class=\"rank-math-question \">Ya\u011f enjeksiyonlar\u0131 g\u00fcvenli midir?<\/h3>\n<div class=\"rank-math-answer \">\n\n<p>Evet, ya\u011f grefti veya ya\u011f transferi olarak da bilinen ya\u011f enjeksiyonlar\u0131, nitelikli ve deneyimli bir sa\u011fl\u0131k uzman\u0131 taraf\u0131ndan yap\u0131ld\u0131\u011f\u0131nda genellikle g\u00fcvenli kabul edilir. Prosed\u00fcrde hastan\u0131n kendi ya\u011f h\u00fccreleri kullan\u0131l\u0131r, b\u00f6ylece alerjik reaksiyonlar veya reddetme riski azal\u0131r. Bununla birlikte, her t\u0131bbi prosed\u00fcrde oldu\u011fu gibi, enfeksiyon, kanama veya e\u015fit olmayan sonu\u00e7lar gibi potansiyel riskler ve komplikasyonlar vard\u0131r. Bireysel durumunuzu de\u011ferlendirmek, potansiyel riskleri tart\u0131\u015fmak ve prosed\u00fcr\u00fcn g\u00fcvenli ve uygun bir \u015fekilde ger\u00e7ekle\u015ftirilmesini sa\u011flamak i\u00e7in nitelikli bir plastik cerrah veya kozmetik cerrah ile g\u00f6r\u00fc\u015fmeniz \u00f6nemlidir.<\/p>\n\n<\/div>\n<\/div>\n<div id=\"faq-question-1684415432314\" class=\"rank-math-list-item\">\n<h3 class=\"rank-math-question \">Ya\u011f enjeksiyonlar\u0131 tehlikeli midir?<\/h3>\n<div class=\"rank-math-answer \">\n\n<p>Ya\u011f enjeksiyonlar\u0131 veya ya\u011f grefti genellikle g\u00fcvenli kabul edilse de, her t\u0131bbi prosed\u00fcr gibi, potansiyel riskler ve komplikasyonlar s\u00f6z konusudur. Bunlar aras\u0131nda enfeksiyon, kanama, asimetri, topaklanma ve ya\u011f nekrozu say\u0131labilir. Nitelikli ve deneyimli bir sa\u011fl\u0131k uzman\u0131 se\u00e7mek ve bireysel durumunuza \u00f6zg\u00fc riskleri ve faydalar\u0131 anlamak i\u00e7in kapsaml\u0131 bir kons\u00fcltasyon yapmak \u00f6nemlidir. Uygun ameliyat \u00f6ncesi ve sonras\u0131 bak\u0131m talimatlar\u0131na uyarak, ya\u011f enjeksiyonlar\u0131yla ili\u015fkili riskler en aza indirilebilir.<\/p>\n\n<\/div>\n<\/div>\n<div id=\"faq-question-1684415475273\" class=\"rank-math-list-item\">\n<h3 class=\"rank-math-question \">Ya\u011f enjeksiyonlar\u0131 kal\u0131c\u0131 m\u0131d\u0131r?<\/h3>\n<div class=\"rank-math-answer \">\n\n<p>Transfer edilen ya\u011f\u0131n bir k\u0131sm\u0131 uzun s\u00fcre hayatta kalabilirken, ya\u011f h\u00fccrelerinin bir k\u0131sm\u0131 zaman i\u00e7inde v\u00fccut taraf\u0131ndan do\u011fal olarak geri emilebilir. Sonu\u00e7lar\u0131n uzun \u00f6m\u00fcrl\u00fcl\u00fc\u011f\u00fc bireyler aras\u0131nda de\u011fi\u015febilir ve teknik, ameliyat sonras\u0131 bak\u0131m ve bireysel iyile\u015fme gibi fakt\u00f6rlerden etkilenir. \u0130stenen sonu\u00e7lara ula\u015fmak i\u00e7in birden fazla seans gerekebilir.<\/p>\n\n<\/div>\n<\/div>\n<div id=\"faq-question-1684415554167\" class=\"rank-math-list-item\">\n<h3 class=\"rank-math-question \">Ya\u011f enjeksiyonlar\u0131 a\u011fr\u0131l\u0131 m\u0131d\u0131r?<\/h3>\n<div class=\"rank-math-answer \">\n\n<p>Ya\u011f enjeksiyonlar\u0131 s\u0131ras\u0131nda ya\u015fanan rahats\u0131zl\u0131k ki\u015fiden ki\u015fiye de\u011fi\u015febilir. Prosed\u00fcr tipik olarak, herhangi bir a\u011fr\u0131 veya rahats\u0131zl\u0131\u011f\u0131 en aza indirmek i\u00e7in don\u00f6r ve al\u0131c\u0131 b\u00f6lgelerin lokal anestezi ile uyu\u015fturulmas\u0131n\u0131 i\u00e7erir. Baz\u0131 ki\u015filer enjeksiyon i\u015flemi s\u0131ras\u0131nda hafif bir rahats\u0131zl\u0131k veya bas\u0131n\u00e7 hissi duyabilir. \u0130\u015flemden sonra tedavi edilen b\u00f6lgelerde hafif a\u011fr\u0131, \u015fi\u015fme veya morarma meydana gelebilir, ancak bu semptomlar genellikle ge\u00e7icidir ve uygun a\u011fr\u0131 kesici ila\u00e7lar ve ameliyat sonras\u0131 bak\u0131m ile y\u00f6netilebilir. Ya\u011f enjeksiyonu yapt\u0131rmadan \u00f6nce a\u011fr\u0131 veya rahats\u0131zl\u0131kla ilgili endi\u015felerinizi sa\u011fl\u0131k uzman\u0131n\u0131zla g\u00f6r\u00fc\u015fmeniz \u00f6nemlidir.<\/p>\n\n<\/div>\n<\/div>\n<\/div>\n<\/div>\n<p><\/p>\n\n<h3 class=\"wp-block-heading\">Herhangi bir sorunuz olmas\u0131 durumunda hemen bizimle ileti\u015fime ge\u00e7in!<\/h3>\n","protected":false},"excerpt":{"rendered":"<p>Y\u00fcz\u00fcn\u00fcze hacim ve dolgunluk kazand\u0131rmak i\u00e7in g\u00fcvenli ve do\u011fal bir yol mu ar\u0131yorsunuz? Ya\u011f grefti veya otolog ya\u011f transferi olarak [&hellip;]<\/p>\n","protected":false},"author":4,"featured_media":91379,"parent":0,"menu_order":0,"comment_status":"closed","ping_status":"closed","template":"","meta":{"site-sidebar-layout":"default","site-content-layout":"","ast-site-content-layout":"default","site-content-style":"default","site-sidebar-style":"default","ast-global-header-display":"","ast-banner-title-visibility":"","ast-main-header-display":"","ast-hfb-above-header-display":"","ast-hfb-below-header-display":"","ast-hfb-mobile-header-display":"","site-post-title":"","ast-breadcrumbs-content":"","ast-featured-img":"","footer-sml-layout":"","ast-disable-related-posts":"","theme-transparent-header-meta":"","adv-header-id-meta":"","stick-header-meta":"","header-above-stick-meta":"","header-main-stick-meta":"","header-below-stick-meta":"","astra-migrate-meta-layouts":"default","ast-page-background-enabled":"default","ast-page-background-meta":{"desktop":{"background-color":"var(--ast-global-color-4)","background-image":"","background-repeat":"repeat","background-position":"center center","background-size":"auto","background-attachment":"scroll","background-type":"","background-media":"","overlay-type":"","overlay-color":"","overlay-opacity":"","overlay-gradient":""},"tablet":{"background-color":"","background-image":"","background-repeat":"repeat","background-position":"center center","background-size":"auto","background-attachment":"scroll","background-type":"","background-media":"","overlay-type":"","overlay-color":"","overlay-opacity":"","overlay-gradient":""},"mobile":{"background-color":"","background-image":"","background-repeat":"repeat","background-position":"center center","background-size":"auto","background-attachment":"scroll","background-type":"","background-media":"","overlay-type":"","overlay-color":"","overlay-opacity":"","overlay-gradient":""}},"ast-content-background-meta":{"desktop":{"background-color":"var(--ast-global-color-5)","background-image":"","background-repeat":"repeat","background-position":"center center","background-size":"auto","background-attachment":"scroll","background-type":"","background-media":"","overlay-type":"","overlay-color":"","overlay-opacity":"","overlay-gradient":""},"tablet":{"background-color":"var(--ast-global-color-5)","background-image":"","background-repeat":"repeat","background-position":"center center","background-size":"auto","background-attachment":"scroll","background-type":"","background-media":"","overlay-type":"","overlay-color":"","overlay-opacity":"","overlay-gradient":""},"mobile":{"background-color":"var(--ast-global-color-5)","background-image":"","background-repeat":"repeat","background-position":"center center","background-size":"auto","background-attachment":"scroll","background-type":"","background-media":"","overlay-type":"","overlay-color":"","overlay-opacity":"","overlay-gradient":""}},"footnotes":""},"class_list":["post-145991","page","type-page","status-publish","has-post-thumbnail","hentry"],"_links":{"self":[{"href":"https:\/\/medclinics.com\/tr\/wp-json\/wp\/v2\/pages\/145991","targetHints":{"allow":["GET"]}}],"collection":[{"href":"https:\/\/medclinics.com\/tr\/wp-json\/wp\/v2\/pages"}],"about":[{"href":"https:\/\/medclinics.com\/tr\/wp-json\/wp\/v2\/types\/page"}],"author":[{"embeddable":true,"href":"https:\/\/medclinics.com\/tr\/wp-json\/wp\/v2\/users\/4"}],"replies":[{"embeddable":true,"href":"https:\/\/medclinics.com\/tr\/wp-json\/wp\/v2\/comments?post=145991"}],"version-history":[{"count":0,"href":"https:\/\/medclinics.com\/tr\/wp-json\/wp\/v2\/pages\/145991\/revisions"}],"wp:featuredmedia":[{"embeddable":true,"href":"https:\/\/medclinics.com\/tr\/wp-json\/wp\/v2\/media\/91379"}],"wp:attachment":[{"href":"https:\/\/medclinics.com\/tr\/wp-json\/wp\/v2\/media?parent=145991"}],"curies":[{"name":"wp","href":"https:\/\/api.w.org\/{rel}","templated":true}]}}