{"id":145979,"date":"2023-05-18T13:00:12","date_gmt":"2023-05-18T13:00:12","guid":{"rendered":"https:\/\/medclinics.com\/ben-temizleme\/"},"modified":"2024-04-04T19:33:08","modified_gmt":"2024-04-04T16:33:08","slug":"ben-temizleme","status":"publish","type":"page","link":"https:\/\/medclinics.com\/tr\/ben-temizleme\/","title":{"rendered":"Ben Temizleme"},"content":{"rendered":"\n<h2 class=\"wp-block-heading\">Bu \u00e7irkin lekelerden sonsuza dek kurtulman\u0131za yard\u0131mc\u0131 olmak i\u00e7in ben ald\u0131rma tedavisi mevcuttur.<\/h2>\n\n<p>V\u00fccuttaki <a href=\"https:\/\/en.wikipedia.org\/wiki\/Melanocytic_nevus\" target=\"_blank\" rel=\"noreferrer noopener\">benler<\/a> bir\u00e7ok insan i\u00e7in fiziksel ve psikolojik olarak rahats\u0131z edici olabilir. Dermatologlar\u0131n benleri almak i\u00e7in boyutlar\u0131na, konumlar\u0131na, t\u00fcrlerine ve kanserli olup olmad\u0131klar\u0131na ba\u011fl\u0131 olarak kulland\u0131klar\u0131 birka\u00e7 farkl\u0131 y\u00f6ntem vard\u0131r.  <\/p>\n\n<p>Bir se\u00e7enek, t\u00fcm benin bir ne\u015fter veya makasla \u00e7\u0131kar\u0131ld\u0131\u011f\u0131 cerrahi eksizyondur; bu y\u00f6ntem daha b\u00fcy\u00fck b\u00fcy\u00fcmeler veya k\u00f6t\u00fc huylu oldu\u011fundan \u015f\u00fcphelenilenler i\u00e7in en iyi sonucu verir.<\/p>\n\n<p>T\u0131ra\u015flama eksizyonu ad\u0131 verilen bir ba\u015fka teknikte ise k\u00fc\u00e7\u00fck bir b\u0131\u00e7ak kullan\u0131larak daha k\u00fc\u00e7\u00fck ve kanserli olmayan benler, alt\u0131na fazla zarar vermeden y\u00fczey tabakas\u0131ndan nazik\u00e7e kaz\u0131n\u0131r.  <\/p>\n\n<p>Lazer epilasyon, cildinizdeki pigment h\u00fccrelerini par\u00e7alayan y\u00fcksek yo\u011funluklu \u0131\u015f\u0131k \u0131\u015f\u0131nlar\u0131 kullan\u0131r ve bu da tamamen solmaya neden olurken, dondurma (kriyoterapi) zamanla kabarc\u0131klara neden olarak do\u011fal olarak d\u00fc\u015fmelerine neden olur &#8211; sadece k\u00fc\u00e7\u00fck iyi huylu olanlarla u\u011fra\u015f\u0131yorsan\u0131z idealdir!<\/p>\n\n<p>Her vaka t\u0131bbi ge\u00e7mi\u015f gibi bireysel tercihlere g\u00f6re de\u011fi\u015fiklik g\u00f6sterdi\u011finden, herhangi bir prosed\u00fcrden ge\u00e7meden \u00f6nce her zaman deneyimli bir sa\u011fl\u0131k hizmeti sa\u011flay\u0131c\u0131s\u0131na dan\u0131\u015fmak \u00f6nemlidir; bu nedenle, benzersiz durumunuz g\u00f6z \u00f6n\u00fcne al\u0131nd\u0131\u011f\u0131nda en iyi \u015fekilde \u00e7al\u0131\u015facak olana \u00f6zel olarak uyarlanm\u0131\u015f ki\u015fiselle\u015ftirilmi\u015f bak\u0131m ald\u0131\u011f\u0131n\u0131zdan emin olun!<\/p>\n\n<h3 class=\"wp-block-heading\">Fiyat, bak\u0131m sonras\u0131 ve iyile\u015fme s\u00fcreci de dahil olmak \u00fczere <a href=\"https:\/\/medclinics.com\/tr\/guzellik\/\" target=\"_blank\" rel=\"noreferrer noopener\">g\u00fczellik<\/a> uygulamalar\u0131 hakk\u0131nda bilmeniz gereken her \u015fey veya <a href=\"#requestform\">bizimle ileti\u015fime<\/a> ge\u00e7in!<\/h3>\n\n<h2 class=\"wp-block-heading\">SSS <\/h2>\n<div id=\"rank-math-faq\" class=\"rank-math-block\">\n<div class=\"rank-math-list \">\n<div id=\"faq-question-1682603361561\" class=\"rank-math-list-item\">\n<h3 class=\"rank-math-question \">Y\u00fcz\u00fcn\u00fczdeki ve v\u00fccudunuzdaki benlerden nas\u0131l kurtulursunuz?<\/h3>\n<div class=\"rank-math-answer \">\n\n<p>Y\u00fcz\u00fcn\u00fczdeki ve v\u00fccudunuzdaki benleri \u00e7\u0131karmak i\u00e7in birka\u00e7 se\u00e7ene\u011finiz vard\u0131r. Endi\u015fe verici de\u011fi\u015fiklikler olmaks\u0131z\u0131n k\u00fc\u00e7\u00fck, tek tip benler i\u00e7in d\u00fczenli izleme tavsiye edilir. Bir ben rahats\u0131z edici veya \u015f\u00fcpheli ise, bir dermatolog veya plastik cerrah taraf\u0131ndan cerrahi olarak \u00e7\u0131kar\u0131lmas\u0131 \u00f6nerilebilir. Bu, benin kesilmesini ve derinin dikilerek kapat\u0131lmas\u0131n\u0131 ve \u00e7\u0131kar\u0131lan benin incelemeye g\u00f6nderilmesini i\u00e7erir. T\u0131ra\u015fla eksizyon, derinin derinliklerine n\u00fcfuz etmeyen \u00e7\u0131k\u0131nt\u0131l\u0131 benler i\u00e7in uygun olan bir ba\u015fka y\u00f6ntemdir. Lazerle \u00e7\u0131karma, benin pigmentini par\u00e7alamak i\u00e7in yo\u011fun \u0131\u015f\u0131k kullanan belirli ben t\u00fcrleri i\u00e7in bir se\u00e7enektir. Benlerinizi de\u011ferlendirmek ve al\u0131nmas\u0131 i\u00e7in en iyi yakla\u015f\u0131m\u0131 belirlemek i\u00e7in bir dermatolog veya sa\u011fl\u0131k uzman\u0131na dan\u0131\u015fmak \u00e7ok \u00f6nemlidir. Size rehberlik edebilir, gerekti\u011finde prosed\u00fcrleri uygulayabilir ve potansiyel olarak endi\u015fe verici benleri izleyebilirler.<\/p>\n\n<\/div>\n<\/div>\n<div id=\"faq-question-1682665852961\" class=\"rank-math-list-item\">\n<h3 class=\"rank-math-question \">Y\u00fczdeki benler al\u0131nd\u0131ktan sonra tekrar b\u00fcy\u00fcr m\u00fc?<\/h3>\n<div class=\"rank-math-answer \">\n\n<p>\u00c7o\u011fu durumda, bir ben tamamen ve uygun \u015fekilde \u00e7\u0131kar\u0131l\u0131rsa, tekrar b\u00fcy\u00fcmemesi gerekir. Bununla birlikte, herhangi bir kal\u0131nt\u0131 ben h\u00fccresi kal\u0131rsa veya yeni ben h\u00fccreleri geli\u015firse, k\u00fc\u00e7\u00fck bir n\u00fcks olas\u0131l\u0131\u011f\u0131 vard\u0131r. Bir ben al\u0131nd\u0131ktan sonra tekrar ortaya \u00e7\u0131karsa, uygun de\u011ferlendirme ve y\u00f6netim i\u00e7in bir dermatolo\u011fa dan\u0131\u015fmak \u00f6nemlidir. Yeni veya de\u011fi\u015fen benlerin izlenmesi i\u00e7in d\u00fczenli cilt muayeneleri \u00f6nerilir.<\/p>\n\n<\/div>\n<\/div>\n<div id=\"faq-question-1682666623404\" class=\"rank-math-list-item\">\n<h3 class=\"rank-math-question \">Ben ald\u0131rma i\u015flemi iz b\u0131rak\u0131r m\u0131?<\/h3>\n<div class=\"rank-math-answer \">\n\n<p>Ben ald\u0131rma i\u015flemi, benin boyutu, ben ald\u0131rma tekni\u011fi ve bireysel iyile\u015fme gibi fakt\u00f6rlere ba\u011fl\u0131 olarak potansiyel olarak k\u00fc\u00e7\u00fck bir yara izine neden olabilir. Bununla birlikte, sa\u011fl\u0131k uzmanlar\u0131 \u00e7e\u015fitli teknikler ve uygun yara bak\u0131m\u0131 yoluyla yara izini en aza indirmek i\u00e7in \u00e7aba g\u00f6stermektedir. Endi\u015felerinizi \u00f6nceden sa\u011fl\u0131k uzman\u0131n\u0131zla g\u00f6r\u00fc\u015fmek ve i\u015flem sonras\u0131 talimatlara uymak, g\u00f6zle g\u00f6r\u00fcl\u00fcr yara izi riskini azaltmaya yard\u0131mc\u0131 olabilir.<\/p>\n\n<\/div>\n<\/div>\n<div id=\"faq-question-1682666956133\" class=\"rank-math-list-item\">\n<h3 class=\"rank-math-question \">Benlerin lazerle al\u0131nmas\u0131 g\u00fcvenli midir?<\/h3>\n<div class=\"rank-math-answer \">\n\n<p>Lazerle ben ald\u0131rma i\u015flemi kalifiye bir profesyonel taraf\u0131ndan yap\u0131ld\u0131\u011f\u0131nda genellikle g\u00fcvenlidir. Beni de\u011ferlendirebilecek ve lazerle ben ald\u0131rman\u0131n sizin \u00f6zel durumunuz i\u00e7in uygun olup olmad\u0131\u011f\u0131n\u0131 belirleyebilecek deneyimli bir sa\u011fl\u0131k uzman\u0131na dan\u0131\u015fman\u0131z \u00f6nemlidir. Etkili ve g\u00fcvenli bir tedavi sa\u011flamak i\u00e7in benin t\u00fcr\u00fc ve yeri gibi fakt\u00f6rleri g\u00f6z \u00f6n\u00fcnde bulunduracaklard\u0131r. Sayg\u0131n bir profesyonel se\u00e7mek, en iyi sonu\u00e7lar\u0131 elde etmek ve ben ald\u0131rma tedaviniz i\u00e7in potansiyel riskleri en aza indirmek a\u00e7\u0131s\u0131ndan \u00e7ok \u00f6nemlidir.<\/p>\n\n<\/div>\n<\/div>\n<\/div>\n<\/div>\n<p><\/p>\n\n<h3 class=\"wp-block-heading\">Herhangi bir sorunuz olmas\u0131 durumunda hemen bizimle ileti\u015fime ge\u00e7in!<\/h3>\n","protected":false},"excerpt":{"rendered":"<p>Bu \u00e7irkin lekelerden sonsuza dek kurtulman\u0131za yard\u0131mc\u0131 olmak i\u00e7in ben ald\u0131rma tedavisi mevcuttur. V\u00fccuttaki benler bir\u00e7ok insan i\u00e7in fiziksel ve [&hellip;]<\/p>\n","protected":false},"author":4,"featured_media":108670,"parent":0,"menu_order":0,"comment_status":"closed","ping_status":"closed","template":"","meta":{"site-sidebar-layout":"default","site-content-layout":"","ast-site-content-layout":"default","site-content-style":"default","site-sidebar-style":"default","ast-global-header-display":"","ast-banner-title-visibility":"","ast-main-header-display":"","ast-hfb-above-header-display":"","ast-hfb-below-header-display":"","ast-hfb-mobile-header-display":"","site-post-title":"","ast-breadcrumbs-content":"","ast-featured-img":"","footer-sml-layout":"","ast-disable-related-posts":"","theme-transparent-header-meta":"","adv-header-id-meta":"","stick-header-meta":"","header-above-stick-meta":"","header-main-stick-meta":"","header-below-stick-meta":"","astra-migrate-meta-layouts":"default","ast-page-background-enabled":"default","ast-page-background-meta":{"desktop":{"background-color":"var(--ast-global-color-4)","background-image":"","background-repeat":"repeat","background-position":"center center","background-size":"auto","background-attachment":"scroll","background-type":"","background-media":"","overlay-type":"","overlay-color":"","overlay-opacity":"","overlay-gradient":""},"tablet":{"background-color":"","background-image":"","background-repeat":"repeat","background-position":"center center","background-size":"auto","background-attachment":"scroll","background-type":"","background-media":"","overlay-type":"","overlay-color":"","overlay-opacity":"","overlay-gradient":""},"mobile":{"background-color":"","background-image":"","background-repeat":"repeat","background-position":"center center","background-size":"auto","background-attachment":"scroll","background-type":"","background-media":"","overlay-type":"","overlay-color":"","overlay-opacity":"","overlay-gradient":""}},"ast-content-background-meta":{"desktop":{"background-color":"var(--ast-global-color-5)","background-image":"","background-repeat":"repeat","background-position":"center center","background-size":"auto","background-attachment":"scroll","background-type":"","background-media":"","overlay-type":"","overlay-color":"","overlay-opacity":"","overlay-gradient":""},"tablet":{"background-color":"var(--ast-global-color-5)","background-image":"","background-repeat":"repeat","background-position":"center center","background-size":"auto","background-attachment":"scroll","background-type":"","background-media":"","overlay-type":"","overlay-color":"","overlay-opacity":"","overlay-gradient":""},"mobile":{"background-color":"var(--ast-global-color-5)","background-image":"","background-repeat":"repeat","background-position":"center center","background-size":"auto","background-attachment":"scroll","background-type":"","background-media":"","overlay-type":"","overlay-color":"","overlay-opacity":"","overlay-gradient":""}},"footnotes":""},"class_list":["post-145979","page","type-page","status-publish","has-post-thumbnail","hentry"],"_links":{"self":[{"href":"https:\/\/medclinics.com\/tr\/wp-json\/wp\/v2\/pages\/145979","targetHints":{"allow":["GET"]}}],"collection":[{"href":"https:\/\/medclinics.com\/tr\/wp-json\/wp\/v2\/pages"}],"about":[{"href":"https:\/\/medclinics.com\/tr\/wp-json\/wp\/v2\/types\/page"}],"author":[{"embeddable":true,"href":"https:\/\/medclinics.com\/tr\/wp-json\/wp\/v2\/users\/4"}],"replies":[{"embeddable":true,"href":"https:\/\/medclinics.com\/tr\/wp-json\/wp\/v2\/comments?post=145979"}],"version-history":[{"count":0,"href":"https:\/\/medclinics.com\/tr\/wp-json\/wp\/v2\/pages\/145979\/revisions"}],"wp:featuredmedia":[{"embeddable":true,"href":"https:\/\/medclinics.com\/tr\/wp-json\/wp\/v2\/media\/108670"}],"wp:attachment":[{"href":"https:\/\/medclinics.com\/tr\/wp-json\/wp\/v2\/media?parent=145979"}],"curies":[{"name":"wp","href":"https:\/\/api.w.org\/{rel}","templated":true}]}}