{"id":145967,"date":"2023-05-04T12:45:46","date_gmt":"2023-05-04T12:45:46","guid":{"rendered":"https:\/\/medclinics.com\/cene-estetigi\/"},"modified":"2024-04-01T14:26:19","modified_gmt":"2024-04-01T11:26:19","slug":"cene-estetigi","status":"publish","type":"page","link":"https:\/\/medclinics.com\/tr\/cene-estetigi\/","title":{"rendered":"\u00c7ene Esteti\u011fi"},"content":{"rendered":"\n<h2 class=\"wp-block-heading\">Daha do\u011fal bir g\u00f6r\u00fcn\u00fcm elde etmenin bir yolunu ar\u0131yorsan\u0131z, \u00c7ene Esteti\u011fi m\u00fckemmel bir \u00e7\u00f6z\u00fcm olabilir.<\/h2>\n\n<p>\u00c7ene esteti\u011fi ameliyat\u0131 genellikle genioplasti ad\u0131 verilen ve \u00e7enenin g\u00f6r\u00fcn\u00fcm\u00fcn\u00fc yeniden \u015fekillendirmek veya geli\u015ftirmek i\u00e7in yap\u0131lan kozmetik bir cerrahi prosed\u00fcr\u00fc ifade eder. Bu prosed\u00fcr, y\u00fcz hatlar\u0131n\u0131n oran\u0131n\u0131 ve dengesini iyile\u015ftirmenin yan\u0131 s\u0131ra hastan\u0131n genel y\u00fcz uyumunu ve \u00e7ekicili\u011fini art\u0131rabilir.<\/p>\n\n<p>Genioplastide cerrah, \u00e7ene kemi\u011fini kesip yeniden konumland\u0131rarak veya implantlarla in\u015fa ederek boyutunu, \u015feklini ve konumunu de\u011fi\u015ftirebilir. Hastan\u0131n \u00f6zel ihtiya\u00e7lar\u0131na ve istenen sonuca ba\u011fl\u0131 olarak, cerrah istenen sonucu elde etmek i\u00e7in farkl\u0131 teknikler kullanabilir.<\/p>\n\n<p>\u00c7ene esteti\u011fi ameliyatlar\u0131n\u0131n \u00e7e\u015fitli t\u00fcrleri vard\u0131r. En yayg\u0131n olanlardan baz\u0131lar\u0131 \u00e7ene <a href=\"https:\/\/en.wikipedia.org\/wiki\/Chin_augmentation\" target=\"_blank\" rel=\"noreferrer noopener\">b\u00fcy\u00fctme<\/a>, \u00e7ene k\u00fc\u00e7\u00fcltme, genioplasti, kayan genioplasti, \u00e7ene liposuction, <a href=\"https:\/\/medclinics.com\/tr\/kirisiklik-tedavisi\/\" target=\"_blank\" rel=\"noreferrer noopener\">kas gev<\/a> \u015fetici enjeksiyonudur.<\/p>\n\n<h3 class=\"wp-block-heading\">Fiyat, bak\u0131m sonras\u0131 ve iyile\u015fme s\u00fcreci de dahil olmak \u00fczere <a href=\"https:\/\/medclinics.com\/tr\/yuz-estetigi\/\" target=\"_blank\" rel=\"noreferrer noopener\">y\u00fcz esteti\u011fi<\/a> hakk\u0131nda bilmeniz gereken her \u015fey veya <a href=\"#requestform\">bizimle ileti\u015fime<\/a> ge\u00e7in!<\/h3>\n\n<figure class=\"wp-block-image size-full\"><img fetchpriority=\"high\" decoding=\"async\" width=\"960\" height=\"540\" class=\"wp-image-97767\" src=\"https:\/\/medclinics.com\/wp-content\/uploads\/2023\/07\/chin-aesthetic-near-me.jpg\" alt=\"Yak&#x131;n&#x131;mdaki &#xC7;ene Esteti&#x11F;i\" srcset=\"https:\/\/medclinics.com\/wp-content\/uploads\/2023\/07\/chin-aesthetic-near-me.jpg 960w, https:\/\/medclinics.com\/wp-content\/uploads\/2023\/07\/chin-aesthetic-near-me-500x281.jpg 500w, https:\/\/medclinics.com\/wp-content\/uploads\/2023\/07\/chin-aesthetic-near-me-768x432.jpg 768w, https:\/\/medclinics.com\/wp-content\/uploads\/2023\/07\/chin-aesthetic-near-me-24x14.jpg 24w, https:\/\/medclinics.com\/wp-content\/uploads\/2023\/07\/chin-aesthetic-near-me-36x20.jpg 36w, https:\/\/medclinics.com\/wp-content\/uploads\/2023\/07\/chin-aesthetic-near-me-48x27.jpg 48w\" sizes=\"(max-width: 960px) 100vw, 960px\" \/><\/figure>\n\n<h2 class=\"wp-block-heading\">SSS<\/h2>\n<div id=\"rank-math-faq\" class=\"rank-math-block\">\n<div class=\"rank-math-list \">\n<div id=\"faq-question-1682603361561\" class=\"rank-math-list-item\">\n<h3 class=\"rank-math-question \">\u00c7ene dolgusu ac\u0131 verir mi?<\/h3>\n<div class=\"rank-math-answer \">\n\n<p>\u00c7ene dolgular\u0131 tipik olarak i\u015flem s\u0131ras\u0131nda minimum rahats\u0131zl\u0131k i\u00e7erir. Olas\u0131 a\u011fr\u0131lar\u0131 en aza indirmek i\u00e7in topikal uyu\u015fturucu krem veya lokal anestezi kullan\u0131labilir. Enjeksiyonlar hafif bir \u00e7imdik veya bas\u0131n\u00e7 hissine neden olabilir, ancak genel olarak prosed\u00fcr \u00e7o\u011fu ki\u015fi taraf\u0131ndan iyi tolere edilir. Daha sonra, tedavi edilen b\u00f6lgede ge\u00e7ici a\u011fr\u0131 veya hassasiyet olu\u015fabilir, ancak genellikle birka\u00e7 g\u00fcn i\u00e7inde d\u00fczelir.<\/p>\n\n<\/div>\n<\/div>\n<div id=\"faq-question-1682665852961\" class=\"rank-math-list-item\">\n<h3 class=\"rank-math-question \">\u00c7ene \u015fekillendirme ne kadar s\u00fcrer?<\/h3>\n<div class=\"rank-math-answer \">\n\n<p>\u00c7ene \u015fekillendirme tedavilerinin sonu\u00e7lar\u0131 tipik olarak 6 ila 12 ay aras\u0131nda s\u00fcrer. Bununla birlikte, bireysel deneyimler farkl\u0131l\u0131k g\u00f6sterebilir ve kullan\u0131lan dolgu maddesi t\u00fcr\u00fc ve ki\u015fisel ya\u015fam tarz\u0131 al\u0131\u015fkanl\u0131klar\u0131 gibi fakt\u00f6rler sonu\u00e7lar\u0131n uzun \u00f6m\u00fcrl\u00fcl\u00fc\u011f\u00fcn\u00fc etkileyebilir. Bir t\u0131p uzman\u0131na dan\u0131\u015fmak, \u00f6zel durumunuza g\u00f6re daha do\u011fru bir de\u011ferlendirme sa\u011flayabilir.<\/p>\n\n<\/div>\n<\/div>\n<div id=\"faq-question-1682666623404\" class=\"rank-math-list-item\">\n<h3 class=\"rank-math-question \">\u00c7ene esteti\u011fi nedir?<\/h3>\n<div class=\"rank-math-answer \">\n\n<p>\u00c7ene esteti\u011fi, \u00e7enenin g\u00f6r\u00fcn\u00fcm\u00fcn\u00fc iyile\u015ftirmeyi ama\u00e7layan kozmetik tedaviler ve prosed\u00fcrler alan\u0131n\u0131 ifade eder. Daha dengeli ve uyumlu bir y\u00fcz profili olu\u015fturmak i\u00e7in dolgu maddeleri veya implantlarla \u00e7ene b\u00fcy\u00fctme, \u00e7ene k\u00fc\u00e7\u00fcltme ameliyat\u0131 veya \u00e7ene \u015fekillendirme prosed\u00fcrleri gibi \u00e7e\u015fitli teknikleri i\u00e7erebilir.<\/p>\n\n<\/div>\n<\/div>\n<div id=\"faq-question-1682666956133\" class=\"rank-math-list-item\">\n<h3 class=\"rank-math-question \">G\u0131d\u0131 esteti\u011finden nas\u0131l kurtulunur?<\/h3>\n<div class=\"rank-math-answer \">\n\n<p>\u00c7ift \u00e7eneyi estetik olarak ele almak i\u00e7in \u00e7e\u015fitli se\u00e7enekler mevcuttur. Kybella veya CoolSculpting gibi cerrahi olmayan tedaviler, submental ya\u011f\u0131n azalt\u0131lmas\u0131na ve \u00e7ene b\u00f6lgesinin \u015fekillendirilmesine yard\u0131mc\u0131 olabilir. \u00c7ene ve boyun kaslar\u0131n\u0131 hedef alan y\u00fcz egzersizleri b\u00f6lgeyi g\u00fc\u00e7lendirmeye ve tonlamaya yard\u0131mc\u0131 olabilir. Radyofrekans veya ultrason tedavisi gibi dermatolojik tedaviler \u00e7ene alt\u0131ndaki deriyi s\u0131k\u0131la\u015ft\u0131rabilir. Daha \u00f6nemli endi\u015feler i\u00e7in liposuction veya boyun germe ameliyat\u0131 gibi cerrahi prosed\u00fcrler d\u00fc\u015f\u00fcn\u00fclebilir. Bireysel ihtiya\u00e7lara ve istenen sonu\u00e7lara g\u00f6re en uygun tedavi se\u00e7ene\u011fini belirlemek i\u00e7in kalifiye bir t\u0131p uzman\u0131na dan\u0131\u015fmak \u015fartt\u0131r. Kapsaml\u0131 bir de\u011ferlendirme sa\u011flayabilir, mevcut se\u00e7enekleri tart\u0131\u015fabilir ve estetik hedeflere ula\u015fmak i\u00e7in en iyi yakla\u015f\u0131m\u0131 \u00f6nerebilirler.<\/p>\n\n<\/div>\n<\/div>\n<\/div>\n<\/div>\n<p>\u00a0<\/p>\n\n<h3 class=\"wp-block-heading\">Herhangi bir sorunuz olmas\u0131 durumunda hemen bizimle ileti\u015fime ge\u00e7in!<\/h3>\n","protected":false},"excerpt":{"rendered":"<p>Daha do\u011fal bir g\u00f6r\u00fcn\u00fcm elde etmenin bir yolunu ar\u0131yorsan\u0131z, \u00c7ene Esteti\u011fi m\u00fckemmel bir \u00e7\u00f6z\u00fcm olabilir. \u00c7ene esteti\u011fi ameliyat\u0131 genellikle genioplasti [&hellip;]<\/p>\n","protected":false},"author":4,"featured_media":91314,"parent":0,"menu_order":0,"comment_status":"closed","ping_status":"closed","template":"","meta":{"site-sidebar-layout":"default","site-content-layout":"","ast-site-content-layout":"default","site-content-style":"default","site-sidebar-style":"default","ast-global-header-display":"","ast-banner-title-visibility":"","ast-main-header-display":"","ast-hfb-above-header-display":"","ast-hfb-below-header-display":"","ast-hfb-mobile-header-display":"","site-post-title":"","ast-breadcrumbs-content":"","ast-featured-img":"","footer-sml-layout":"","ast-disable-related-posts":"","theme-transparent-header-meta":"","adv-header-id-meta":"","stick-header-meta":"","header-above-stick-meta":"","header-main-stick-meta":"","header-below-stick-meta":"","astra-migrate-meta-layouts":"default","ast-page-background-enabled":"default","ast-page-background-meta":{"desktop":{"background-color":"var(--ast-global-color-4)","background-image":"","background-repeat":"repeat","background-position":"center center","background-size":"auto","background-attachment":"scroll","background-type":"","background-media":"","overlay-type":"","overlay-color":"","overlay-opacity":"","overlay-gradient":""},"tablet":{"background-color":"","background-image":"","background-repeat":"repeat","background-position":"center center","background-size":"auto","background-attachment":"scroll","background-type":"","background-media":"","overlay-type":"","overlay-color":"","overlay-opacity":"","overlay-gradient":""},"mobile":{"background-color":"","background-image":"","background-repeat":"repeat","background-position":"center center","background-size":"auto","background-attachment":"scroll","background-type":"","background-media":"","overlay-type":"","overlay-color":"","overlay-opacity":"","overlay-gradient":""}},"ast-content-background-meta":{"desktop":{"background-color":"var(--ast-global-color-5)","background-image":"","background-repeat":"repeat","background-position":"center center","background-size":"auto","background-attachment":"scroll","background-type":"","background-media":"","overlay-type":"","overlay-color":"","overlay-opacity":"","overlay-gradient":""},"tablet":{"background-color":"var(--ast-global-color-5)","background-image":"","background-repeat":"repeat","background-position":"center center","background-size":"auto","background-attachment":"scroll","background-type":"","background-media":"","overlay-type":"","overlay-color":"","overlay-opacity":"","overlay-gradient":""},"mobile":{"background-color":"var(--ast-global-color-5)","background-image":"","background-repeat":"repeat","background-position":"center center","background-size":"auto","background-attachment":"scroll","background-type":"","background-media":"","overlay-type":"","overlay-color":"","overlay-opacity":"","overlay-gradient":""}},"footnotes":""},"class_list":["post-145967","page","type-page","status-publish","has-post-thumbnail","hentry"],"_links":{"self":[{"href":"https:\/\/medclinics.com\/tr\/wp-json\/wp\/v2\/pages\/145967","targetHints":{"allow":["GET"]}}],"collection":[{"href":"https:\/\/medclinics.com\/tr\/wp-json\/wp\/v2\/pages"}],"about":[{"href":"https:\/\/medclinics.com\/tr\/wp-json\/wp\/v2\/types\/page"}],"author":[{"embeddable":true,"href":"https:\/\/medclinics.com\/tr\/wp-json\/wp\/v2\/users\/4"}],"replies":[{"embeddable":true,"href":"https:\/\/medclinics.com\/tr\/wp-json\/wp\/v2\/comments?post=145967"}],"version-history":[{"count":0,"href":"https:\/\/medclinics.com\/tr\/wp-json\/wp\/v2\/pages\/145967\/revisions"}],"wp:featuredmedia":[{"embeddable":true,"href":"https:\/\/medclinics.com\/tr\/wp-json\/wp\/v2\/media\/91314"}],"wp:attachment":[{"href":"https:\/\/medclinics.com\/tr\/wp-json\/wp\/v2\/media?parent=145967"}],"curies":[{"name":"wp","href":"https:\/\/api.w.org\/{rel}","templated":true}]}}