{"id":145869,"date":"2023-11-15T09:07:00","date_gmt":"2023-11-15T06:07:00","guid":{"rendered":"https:\/\/medclinics.com\/zirkonyum-disler\/"},"modified":"2024-06-19T20:58:49","modified_gmt":"2024-06-19T17:58:49","slug":"zirkonyum-disler","status":"publish","type":"page","link":"https:\/\/medclinics.com\/tr\/zirkonyum-disler\/","title":{"rendered":"Zirkonyum Di\u015fler"},"content":{"rendered":"\n<h2 class=\"wp-block-heading\">Zirkonyum Di\u015fler Do\u011fal Bir G\u00fcl\u00fcmseme Sa\u011flar<\/h2>\n\n<p>G\u00fcl\u00fcmsemenin Kolay ve \u00d6zg\u00fcvenli Bir Yolunu mu Ar\u0131yorsunuz? Zirkonyum Di\u015fler tam da ihtiyac\u0131n\u0131z olan \u015fey olabilir! Zirkonya kronlar olarak da adland\u0131r\u0131lan, \u00f6zel porselen t\u00fcrlerinden yap\u0131lan bu <a href=\"https:\/\/medclinics.com\/tr\/dis-taci\/\" data-type=\"page\" data-id=\"145907\" target=\"_blank\" rel=\"noreferrer noopener\">di\u015f kron<\/a> lar\u0131, do\u011fal ve g\u00fcvenle parlayan her bir g\u00fcl\u00fcmsemeyle g\u00fcl\u00fc\u015f\u00fcn\u00fcze do\u011fal bir g\u00fcven kazand\u0131rabilir. Zirkonyum kronlar <a href=\"https:\/\/dentalimplant.gen.tr\/\" target=\"_blank\" rel=\"noreferrer noopener\">di\u015f implantlar\u0131n\u0131n<\/a> \u00fczerine de yerle\u015ftirilebilir. Do\u011fal di\u015flere benzemekle birlikte hipoalerjenik olmas\u0131, Zirkonyum kuronlar\u0131 g\u00fcl\u00fc\u015fleri i\u00e7in do\u011fal g\u00f6r\u00fcn\u00fcml\u00fc ve kal\u0131c\u0131 \u00e7\u00f6z\u00fcmler arayan bir\u00e7ok hasta i\u00e7in tercih edilen se\u00e7enek haline getirmektedir.<\/p>\n\n<h3 class=\"wp-block-heading\">Neden Zirkonyum Di\u015fler Se\u00e7ilmeli?<\/h3>\n\n<p>Zirkonyum di\u015fler \u00e7e\u015fitli nedenlerden dolay\u0131 bu kadar pop\u00fcler hale gelmi\u015ftir:<\/p>\n\n<p><strong>Do\u011fal G\u00f6r\u00fcn\u00fcm<\/strong>: Zirkonyum kronlar do\u011fal g\u00f6r\u00fcn\u00fcmleri ile bilinir.<strong> <\/strong>do\u011fal g\u00f6r\u00fcn\u00fcm<strong>.<\/strong> Yar\u0131 saydam kaliteleri do\u011fal di\u015f minesine \u00e7ok benzer, bu da onlar\u0131 \u00f6n di\u015f kaplamalar\u0131 i\u00e7in ideal k\u0131lar. Zirkonyum kuronlar, \u00f6n di\u015flerde \u00e7\u00fcr\u00fck, renk de\u011fi\u015fikli\u011fi veya di\u011fer kusurlar olsun, g\u00fcl\u00fcmsemenizin g\u00fczelli\u011fini g\u00fczel bir \u015fekilde geri kazanman\u0131za yard\u0131mc\u0131 olabilir &#8211; Zirkonyum kuronlarla restore etmek ger\u00e7ekten b\u00fcy\u00fcl\u00fcd\u00fcr!<\/p>\n\n<p><strong>Dayan\u0131kl\u0131l\u0131k ve G\u00fc\u00e7<\/strong>: Zirkonyum di\u015fler son derece dayan\u0131kl\u0131d\u0131r, a\u015f\u0131nmaya kar\u015f\u0131 diren\u00e7lidir, bir\u00e7ok geleneksel se\u00e7enekten \u00e7ok daha uzun s\u00fcre dayan\u0131r ve metal destekli kronlar gibi a\u015f\u0131nmaz. Esnek yap\u0131lar\u0131, zaman i\u00e7inde en iyi \u015fekilde g\u00f6r\u00fcnmeye devam etmelerini sa\u011flar.<\/p>\n\n<p><strong>Hipoalerjeniktir<\/strong>: Zirkonyum biyouyumlu bir malzemedir, yani do\u011frudan di\u015f eti dokusu \u00fczerine yerle\u015ftirildi\u011finde alerjik reaksiyonlar\u0131 veya tahri\u015fi tetiklemez. Bu, zirkonyum kronlar\u0131 metal hassasiyeti veya alerjisi olan hastalar i\u00e7in ideal bir se\u00e7enek haline getirir.<\/p>\n\n<p><strong>D\u00fc\u015f\u00fck Bak\u0131m:<\/strong> Zirkonyum di\u015fler d\u00fc\u015f\u00fck bak\u0131m a\u00e7\u0131s\u0131ndan bir ba\u015fka b\u00fcy\u00fck fayda daha sunar. Renkleri zaman i\u00e7inde sabit kald\u0131\u011f\u0131ndan, s\u0131k beyazlatma seanslar\u0131na gerek yoktur; bu da g\u00fcl\u00fc\u015f\u00fcn\u00fcz\u00fcn parlak ve g\u00fczel kal\u0131rken minimum bak\u0131ma ihtiya\u00e7 duyaca\u011f\u0131 anlam\u0131na gelir.<\/p>\n\n<h3 class=\"wp-block-heading\">Zirkonyum Kronlar\u0131n Metal Destekli Kronlara G\u00f6re Faydalar\u0131<\/h3>\n\n<p>Zirkonyum kuronlar, metal destekli kuronlara g\u00f6re bir\u00e7ok avantaj sunar:<\/p>\n\n<p><strong>Uzun \u00f6m\u00fcrl\u00fcl\u00fck:<\/strong> Zirkonyum kronlar, \u00f6nemli \u00f6l\u00e7\u00fcde a\u015f\u0131nma ve y\u0131pranma olmaks\u0131z\u0131n g\u00fcnl\u00fck kullan\u0131m\u0131n bask\u0131lar\u0131na dayanmalar\u0131n\u0131 sa\u011flayan ola\u011fan\u00fcst\u00fc dayan\u0131kl\u0131l\u0131klar\u0131 nedeniyle metal destekli kronlara k\u0131yasla daha uzun \u00f6m\u00fcrl\u00fcd\u00fcr.<\/p>\n\n<p><strong>Tutarl\u0131 Renk:<\/strong> Zirkonyum kronlar, periyodik beyazlatma seanslar\u0131na ihtiya\u00e7 duyabilen normal kaplamalar\u0131n aksine, zaman i\u00e7inde tutarl\u0131 renkler sunar. Bu, y\u0131llar boyunca tek tip ve do\u011fal g\u00f6r\u00fcn\u00fcml\u00fc bir g\u00fcl\u00fcmseme sa\u011flar.<\/p>\n\n<p>Zirkonyum kuronlar, metal destekli kuronlara g\u00f6re daha \u00fcst\u00fcn estetik niteliklere sahiptir, yar\u0131 saydam nitelikleri ve do\u011fal di\u015f renklerine daha kusursuz bir \u015fekilde uyma yetenekleri sayesinde daha do\u011fal g\u00f6r\u00fcn\u00fcml\u00fc sonu\u00e7lar sunar. Yar\u0131 saydaml\u0131klar\u0131 sayesinde ger\u00e7ek di\u015flerden neredeyse ay\u0131rt edilemezler ve optimum \u00f6rt\u00fcc\u00fcl\u00fck sa\u011flarlar.<\/p>\n\n<h3 class=\"wp-block-heading\">Dikkate Al\u0131nmas\u0131 Gereken Hususlar ve Maliyetler<\/h3>\n\n<p>Zirkonyum kronlar bir\u00e7ok avantaj sa\u011flarken, bu yat\u0131r\u0131m\u0131 yaparken maliyetlerini g\u00f6z \u00f6n\u00fcnde bulundurmak ve yetenekli bir di\u015f hekimi se\u00e7mek \u00e7ok \u00f6nemlidir. Zirkonyum kronlar di\u011fer malzemelere g\u00f6re daha pahal\u0131 olsa da, dayan\u0131kl\u0131l\u0131klar\u0131 ve estetik \u00e7ekicilikleri \u00e7o\u011fu zaman yapt\u0131\u011f\u0131n\u0131z masrafa de\u011fmesini sa\u011flar; ancak deneyimli bir pratisyen taraf\u0131ndan do\u011fru \u015fekilde tak\u0131lmazsa, zirkonyum kronlar piyasadaki di\u011fer kronlar gibi \u00e7atlama veya k\u0131r\u0131lma gibi sorunlarla kar\u015f\u0131la\u015fabilir.<\/p>\n\n<h3 class=\"wp-block-heading\">Uygun Bir Di\u015f Klini\u011fi Se\u00e7mek<\/h3>\n\n<p>Zirkonyum di\u015fler hakk\u0131nda karar vermeden \u00f6nce kapsaml\u0131 bir ara\u015ft\u0131rma yapmak ve g\u00fcvenilir bir klinik se\u00e7mek \u00e7ok \u00f6nemlidir. MedClinics&#8217;te sadece zirkonyum kron takma konusunda kapsaml\u0131 deneyime sahip sertifikal\u0131 ve son derece uzman doktorlar\u0131m\u0131z bulundu\u011fundan emin ellerdesiniz ve hastalar\u0131m\u0131z\u0131n her birinin restorasyonlar\u0131 i\u00e7in ola\u011fan\u00fcst\u00fc sonu\u00e7larla en y\u00fcksek standartta bak\u0131m almas\u0131n\u0131 sa\u011fl\u0131yoruz.<\/p>\n\n<h3 class=\"wp-block-heading\">Sonu\u00e7<\/h3>\n\n<p>Zirkonyum di\u015fler, di\u015f restorasyonlar\u0131 i\u00e7in dayan\u0131kl\u0131, estetik ve hipoalerjenik bir \u00e7\u00f6z\u00fcm sa\u011flar. Do\u011fal g\u00f6r\u00fcn\u00fcmleri ve dayan\u0131kl\u0131l\u0131klar\u0131 sayesinde g\u00fcl\u00fc\u015flerini g\u00fczelle\u015ftirmek isteyen herkes i\u00e7in m\u00fckemmel bir se\u00e7enektir. Ba\u015flang\u0131\u00e7 maliyeti di\u011fer kron se\u00e7eneklerine g\u00f6re daha y\u00fcksek olsa da, uzun vadeli avantajlar\u0131 ve d\u00fc\u015f\u00fck bak\u0131m ihtiyac\u0131 zirkonyum kronlar\u0131 yat\u0131r\u0131m yapmaya de\u011fer k\u0131lar &#8211; MedClinics gibi deneyimli bir klinik se\u00e7ti\u011finizden emin olun, b\u00f6ylece y\u0131llar boyunca harika sonu\u00e7lar elde edebilir ve \u00f6m\u00fcr boyu g\u00fczel ve do\u011fal bir g\u00fcl\u00fcmsemenin tad\u0131n\u0131 \u00e7\u0131karabilirsiniz.<\/p>\n\n<h3 class=\"wp-block-heading\">Fiyat, <a href=\"https:\/\/medclinics.com\/dental-treatment\/\" target=\"_blank\" rel=\"noreferrer noopener\">tedavi<\/a> sonras\u0131 bak\u0131m ve iyile\u015fme s\u00fcreci de dahil olmak \u00fczere <a href=\"https:\/\/medclinics.com\/dental-treatment\/\" target=\"_blank\" rel=\"noreferrer noopener\">di\u015f tedavisi<\/a> hakk\u0131nda bilmeniz gereken her \u015fey i\u00e7in hemen <a href=\"#requestform\">bizimle ileti\u015fime<\/a> ge\u00e7in!<\/h3>\n\n<figure class=\"wp-block-image size-full\"><img fetchpriority=\"high\" decoding=\"async\" width=\"960\" height=\"540\" src=\"https:\/\/medclinics.com\/wp-content\/uploads\/2023\/07\/zirconium-teeth-near-me.jpg\" alt=\"Yak&#x131;n&#x131;mdaki Zirkonyum Di&#x15F;ler\" class=\"wp-image-98272\" srcset=\"https:\/\/medclinics.com\/wp-content\/uploads\/2023\/07\/zirconium-teeth-near-me.jpg 960w, https:\/\/medclinics.com\/wp-content\/uploads\/2023\/07\/zirconium-teeth-near-me-500x281.jpg 500w, https:\/\/medclinics.com\/wp-content\/uploads\/2023\/07\/zirconium-teeth-near-me-768x432.jpg 768w, https:\/\/medclinics.com\/wp-content\/uploads\/2023\/07\/zirconium-teeth-near-me-24x14.jpg 24w, https:\/\/medclinics.com\/wp-content\/uploads\/2023\/07\/zirconium-teeth-near-me-36x20.jpg 36w, https:\/\/medclinics.com\/wp-content\/uploads\/2023\/07\/zirconium-teeth-near-me-48x27.jpg 48w\" sizes=\"(max-width: 960px) 100vw, 960px\" \/><\/figure>\n\n<h2 class=\"wp-block-heading\">SSS<\/h2>\n<div id=\"rank-math-faq\" class=\"rank-math-block\">\n<div class=\"rank-math-list \">\n<div id=\"faq-question-1682666956133\" class=\"rank-math-list-item\">\n<h3 class=\"rank-math-question \">Zirkonyum di\u015f nedir?<\/h3>\n<div class=\"rank-math-answer \">\n\n<p>Zirkonyum di\u015fler tipik olarak bir t\u00fcr seramik malzeme olan zirkonya ile yap\u0131lan di\u015f restorasyonlar\u0131n\u0131 ifade eder. Zirkonyum di\u015fler, ana bile\u015fen olarak zirkonya kullan\u0131larak \u00fcretilen di\u015f kronlar\u0131n\u0131, k\u00f6pr\u00fcleri veya di\u015f implantlar\u0131n\u0131 i\u00e7erebilir. Zirkonya g\u00fcc\u00fc, dayan\u0131kl\u0131l\u0131\u011f\u0131 ve do\u011fal g\u00f6r\u00fcn\u00fcm\u00fc ile bilinir ve bu da onu restoratif di\u015f hekimli\u011finde pop\u00fcler bir se\u00e7im haline getirir. Bu zirkonyum bazl\u0131 restorasyonlar, do\u011fal di\u015flere \u00e7ok benzeyen m\u00fckemmel estetik ve uzun \u00f6m\u00fcrl\u00fc performans sunar.<\/p>\n\n<\/div>\n<\/div>\n<div id=\"faq-question-1682603361561\" class=\"rank-math-list-item\">\n<h3 class=\"rank-math-question \">Zirkonyum di\u015fler i\u00e7in iyi midir?<\/h3>\n<div class=\"rank-math-answer \">\n\n<p>Di\u015f hekimli\u011finde kullan\u0131lan seramik bir malzeme olan zirkonya, dental uygulamalar i\u00e7in \u00e7e\u015fitli avantajlar sunar. Estetik \u00f6zellikleri do\u011fal di\u015flere \u00e7ok yak\u0131n bir \u015fekilde benzemesini sa\u011flayarak a\u011fz\u0131n g\u00f6r\u00fcn\u00fcr b\u00f6lgelerindeki restorasyonlar i\u00e7in pop\u00fcler bir se\u00e7im haline getirir. Zirkonya ayn\u0131 zamanda dayan\u0131kl\u0131l\u0131\u011f\u0131, y\u00fcksek mukavemeti ve k\u0131r\u0131lmalara kar\u015f\u0131 direnci ile bilinir ve uzun \u00f6m\u00fcrl\u00fc di\u015f restorasyonlar\u0131 sa\u011flar. Ayr\u0131ca zirkonya biyouyumludur, yani v\u00fccut taraf\u0131ndan iyi tolere edilir ve tipik olarak olumsuz reaksiyonlara veya alerjilere neden olmaz. Bir di\u011fer faydas\u0131 da zirkonyan\u0131n metal gibi di\u011fer malzemelere k\u0131yasla kar\u015f\u0131t do\u011fal di\u015flerde daha az a\u015f\u0131nmaya neden olmas\u0131d\u0131r. Ayr\u0131ca, d\u00fc\u015f\u00fck \u0131s\u0131 iletkenli\u011fi s\u0131cakl\u0131k de\u011fi\u015fimlerine kar\u015f\u0131 hassasiyeti azaltarak daha fazla konfor sa\u011flar. Bununla birlikte, bireysel di\u015f ihtiya\u00e7lar\u0131na en uygun malzemeyi belirlemek i\u00e7in bir di\u015f hekimine dan\u0131\u015fmak \u00f6nemlidir. Belirli ko\u015fullar\u0131 de\u011ferlendirebilir ve optimum sonu\u00e7lar i\u00e7in ki\u015fiselle\u015ftirilmi\u015f \u00f6neriler sunabilirler.<\/p>\n\n<\/div>\n<\/div>\n<div id=\"faq-question-1682665852961\" class=\"rank-math-list-item\">\n<h3 class=\"rank-math-question \">Zirkonyum di\u015fler g\u00fc\u00e7l\u00fc m\u00fcd\u00fcr?<\/h3>\n<div class=\"rank-math-answer \">\n\n<p>Evet, zirkonyum di\u015fler g\u00fc\u00e7leri ve dayan\u0131kl\u0131l\u0131klar\u0131yla bilinir. Seramik bir malzeme olan zirkonya, y\u00fcksek mukavemet ve k\u0131r\u0131lmaya kar\u015f\u0131 diren\u00e7 dahil olmak \u00fczere m\u00fckemmel mekanik \u00f6zelliklere sahiptir. Bu, zirkonya di\u015fleri son derece esnek ve \u0131s\u0131rma ve \u00e7i\u011fneme kuvvetlerine dayanabilir hale getirir. Metal veya geleneksel porselen gibi di\u011fer dental malzemelerle kar\u015f\u0131la\u015ft\u0131r\u0131ld\u0131\u011f\u0131nda, zirkonya di\u015f restorasyonlar\u0131 i\u00e7in mevcut en g\u00fc\u00e7l\u00fc se\u00e7eneklerden biri olarak kabul edilir. G\u00fcc\u00fc ve dayan\u0131kl\u0131l\u0131\u011f\u0131, zirkonyum di\u015flerin uzun vadeli ba\u015far\u0131s\u0131na ve uzun \u00f6m\u00fcrl\u00fcl\u00fc\u011f\u00fcne katk\u0131da bulunur.<\/p>\n\n<\/div>\n<\/div>\n<div id=\"faq-question-1682666623404\" class=\"rank-math-list-item\">\n<h3 class=\"rank-math-question \">Zirkonyum kron nedir?<\/h3>\n<div class=\"rank-math-answer \">\n\n<p>Zirkonya kronlar olarak da bilinen zirkonyum kronlar, zirkonya ad\u0131 verilen g\u00fc\u00e7l\u00fc ve dayan\u0131kl\u0131 bir seramik malzemeden yap\u0131lan di\u015f kronlar\u0131d\u0131r. M\u00fckemmel estetik, dayan\u0131kl\u0131l\u0131k ve ufalanma veya k\u0131r\u0131lmaya kar\u015f\u0131 diren\u00e7 sunarlar. Zirkonyum kronlar do\u011fal di\u015flerin g\u00f6r\u00fcn\u00fcm\u00fcn\u00fc yak\u0131ndan taklit eder ve restoratif di\u015f hekimli\u011finde pop\u00fcler bir se\u00e7imdir.<\/p>\n\n<\/div>\n<\/div>\n<\/div>\n<\/div>\n<h3 class=\"wp-block-heading\">Herhangi bir sorunuz olmas\u0131 durumunda hemen <a href=\"#requestform\">bizimle ileti\u015fime<\/a> ge\u00e7in!<\/h3>\n","protected":false},"excerpt":{"rendered":"<p>Zirkonyum Di\u015fler Do\u011fal Bir G\u00fcl\u00fcmseme Sa\u011flar G\u00fcl\u00fcmsemenin Kolay ve \u00d6zg\u00fcvenli Bir Yolunu mu Ar\u0131yorsunuz? Zirkonyum Di\u015fler tam da ihtiyac\u0131n\u0131z olan [&hellip;]<\/p>\n","protected":false},"author":4,"featured_media":92470,"parent":0,"menu_order":0,"comment_status":"closed","ping_status":"closed","template":"","meta":{"site-sidebar-layout":"default","site-content-layout":"","ast-site-content-layout":"default","site-content-style":"default","site-sidebar-style":"default","ast-global-header-display":"","ast-banner-title-visibility":"","ast-main-header-display":"","ast-hfb-above-header-display":"","ast-hfb-below-header-display":"","ast-hfb-mobile-header-display":"","site-post-title":"","ast-breadcrumbs-content":"","ast-featured-img":"","footer-sml-layout":"","ast-disable-related-posts":"","theme-transparent-header-meta":"","adv-header-id-meta":"","stick-header-meta":"","header-above-stick-meta":"","header-main-stick-meta":"","header-below-stick-meta":"","astra-migrate-meta-layouts":"default","ast-page-background-enabled":"default","ast-page-background-meta":{"desktop":{"background-color":"var(--ast-global-color-4)","background-image":"","background-repeat":"repeat","background-position":"center center","background-size":"auto","background-attachment":"scroll","background-type":"","background-media":"","overlay-type":"","overlay-color":"","overlay-opacity":"","overlay-gradient":""},"tablet":{"background-color":"","background-image":"","background-repeat":"repeat","background-position":"center center","background-size":"auto","background-attachment":"scroll","background-type":"","background-media":"","overlay-type":"","overlay-color":"","overlay-opacity":"","overlay-gradient":""},"mobile":{"background-color":"","background-image":"","background-repeat":"repeat","background-position":"center center","background-size":"auto","background-attachment":"scroll","background-type":"","background-media":"","overlay-type":"","overlay-color":"","overlay-opacity":"","overlay-gradient":""}},"ast-content-background-meta":{"desktop":{"background-color":"var(--ast-global-color-5)","background-image":"","background-repeat":"repeat","background-position":"center center","background-size":"auto","background-attachment":"scroll","background-type":"","background-media":"","overlay-type":"","overlay-color":"","overlay-opacity":"","overlay-gradient":""},"tablet":{"background-color":"var(--ast-global-color-5)","background-image":"","background-repeat":"repeat","background-position":"center center","background-size":"auto","background-attachment":"scroll","background-type":"","background-media":"","overlay-type":"","overlay-color":"","overlay-opacity":"","overlay-gradient":""},"mobile":{"background-color":"var(--ast-global-color-5)","background-image":"","background-repeat":"repeat","background-position":"center center","background-size":"auto","background-attachment":"scroll","background-type":"","background-media":"","overlay-type":"","overlay-color":"","overlay-opacity":"","overlay-gradient":""}},"footnotes":""},"class_list":["post-145869","page","type-page","status-publish","has-post-thumbnail","hentry"],"_links":{"self":[{"href":"https:\/\/medclinics.com\/tr\/wp-json\/wp\/v2\/pages\/145869","targetHints":{"allow":["GET"]}}],"collection":[{"href":"https:\/\/medclinics.com\/tr\/wp-json\/wp\/v2\/pages"}],"about":[{"href":"https:\/\/medclinics.com\/tr\/wp-json\/wp\/v2\/types\/page"}],"author":[{"embeddable":true,"href":"https:\/\/medclinics.com\/tr\/wp-json\/wp\/v2\/users\/4"}],"replies":[{"embeddable":true,"href":"https:\/\/medclinics.com\/tr\/wp-json\/wp\/v2\/comments?post=145869"}],"version-history":[{"count":0,"href":"https:\/\/medclinics.com\/tr\/wp-json\/wp\/v2\/pages\/145869\/revisions"}],"wp:featuredmedia":[{"embeddable":true,"href":"https:\/\/medclinics.com\/tr\/wp-json\/wp\/v2\/media\/92470"}],"wp:attachment":[{"href":"https:\/\/medclinics.com\/tr\/wp-json\/wp\/v2\/media?parent=145869"}],"curies":[{"name":"wp","href":"https:\/\/api.w.org\/{rel}","templated":true}]}}