{"id":145847,"date":"2023-05-31T08:30:15","date_gmt":"2023-05-31T05:30:15","guid":{"rendered":"https:\/\/medclinics.com\/mezoterapi\/"},"modified":"2024-04-08T16:34:43","modified_gmt":"2024-04-08T13:34:43","slug":"mezoterapi","status":"publish","type":"page","link":"https:\/\/medclinics.com\/tr\/mezoterapi\/","title":{"rendered":"Mezoterapi"},"content":{"rendered":"\n<h3 class=\"wp-block-heading\" id=\"mesotherapy-involves-injecting-a-mixture-of-different-components-such-as-hyaluronic-acid-vitamins-amino-acids-and-proteins-under-the-skin\">Mezoterapi, hyaluronik asit, vitaminler, amino asitler ve proteinler gibi farkl\u0131 bile\u015fenlerden olu\u015fan bir kar\u0131\u015f\u0131m\u0131n cilt alt\u0131na enjekte edilmesini i\u00e7erir.<\/h3>\n\n<div class=\"wp-block-rank-math-toc-block\" id=\"rank-math-toc\"><h2>\u0130\u00e7indekiler Tablosu<\/h2><nav><ul><li><a href=\"#types-and-methods\">T\u00fcrler ve Y\u00f6ntemler<\/a><\/li><li><a href=\"#treatment-plan\">Tedavi Plan\u0131<\/a><\/li><li><a href=\"#aftercare\">Bak\u0131m Sonras\u0131<\/a><\/li><li><a href=\"#top-mesotherapy-costs-by-country\">\u00dclkelere g\u00f6re en y\u00fcksek Mezoterapi maliyetleri<\/a><\/li><li><a href=\"#faq\">SSS<\/a><\/li><li><a href=\"#history\">Tarih<\/a><\/li><\/ul><\/nav><\/div>\n\n<h3 class=\"wp-block-heading\" id=\"so-what-is-mesotherapy\">Peki Nedir<\/h3>\n\n<p>Mezoterapi, preparat kokteyllerinin intradermal enjeksiyonudur. Bu kokteyller 50&#8217;ye kadar bile\u015fen i\u00e7erebilir.<\/p>\n\n<h3 class=\"wp-block-heading\" id=\"mesotherapy-cocktails-can-contain\">Mezoterapi kokteylleri \u015funlar\u0131 i\u00e7erebilir:<\/h3>\n\n<ul class=\"wp-block-list\">\n<li><strong>Hyaluronik asit<\/strong>, cilt gen\u00e7le\u015ftirme ve canland\u0131rma i\u00e7in bir numaral\u0131 maddedir. Su molek\u00fcllerini ba\u011flayarak dokulardaki nemi tutar. Hyaluronik asit yard\u0131m\u0131yla h\u00fccre b\u00f6l\u00fcnmesi, metabolizma, rejenerasyon s\u00fcre\u00e7leri ger\u00e7ekle\u015fir. Hyaluronik asit cildin bariyer fonksiyonlar\u0131n\u0131 g\u00fc\u00e7lendirmeye yard\u0131mc\u0131 olur.<\/li>\n\n\n\n<li><strong>Amino asitler<\/strong>. Proteinler i\u00e7in &#8220;yap\u0131 ta\u015flar\u0131&#8221;. Kolajen ve elastin sentezini uyar\u0131r ve gen\u00e7le\u015fmeyi desteklerler.<\/li>\n\n\n\n<li><strong>Vitaminler<\/strong>. Cildi besler. Foto ya\u015flanma belirtilerini ortadan kald\u0131r\u0131r, ultraviyole \u0131\u015f\u0131\u011fa kar\u015f\u0131 korur, s\u0131k\u0131l\u0131\u011f\u0131 ve tonu destekler.<\/li>\n\n\n\n<li><strong>Bitkisel maddeler ve \u00f6zler.  <\/strong>\u0130ltihab\u0131 yat\u0131\u015ft\u0131r\u0131r, nemlendirir, \u015fi\u015flikleri giderir, cilde taze ve s\u0131k\u0131la\u015fm\u0131\u015f bir g\u00f6r\u00fcn\u00fcm verir.<\/li>\n\n\n\n<li><strong>Peptitler<\/strong>. Rejenerasyon sa\u011flar, antioksidan \u00f6zelli\u011fe sahiptir, damar duvarlar\u0131n\u0131 g\u00fc\u00e7lendirir.<\/li>\n<\/ul>\n\n<figure class=\"wp-block-image size-full\"><img fetchpriority=\"high\" decoding=\"async\" width=\"780\" height=\"488\" src=\"https:\/\/medclinics.com\/wp-content\/uploads\/2024\/04\/Mesotherapy-Beauty-Salon-near-me.jpg\" alt=\"Mezoterapi-G&#xFC;zellik-Salonu-bana-yak&#x131;n\" class=\"wp-image-161777\" srcset=\"https:\/\/medclinics.com\/wp-content\/uploads\/2024\/04\/Mesotherapy-Beauty-Salon-near-me.jpg 780w, https:\/\/medclinics.com\/wp-content\/uploads\/2024\/04\/Mesotherapy-Beauty-Salon-near-me-300x188.jpg 300w, https:\/\/medclinics.com\/wp-content\/uploads\/2024\/04\/Mesotherapy-Beauty-Salon-near-me-768x480.jpg 768w\" sizes=\"(max-width: 780px) 100vw, 780px\" \/><\/figure>\n\n<h2 class=\"wp-block-heading\" id=\"types-and-methods\">T\u00fcrler ve Y\u00f6ntemler<\/h2>\n\n<ul class=\"wp-block-list\">\n<li><strong>Enjeksiyon <\/strong>&#8211; ila\u00e7, ultra ince i\u011fneli \u015f\u0131r\u0131ngalar kullan\u0131larak cildin orta katmanlar\u0131na verilir.<\/li>\n\n\n\n<li><strong>Makine <\/strong>ile uygulan\u0131r &#8211; cilde bir mezokokteyl uygulan\u0131r ve ard\u0131ndan b\u00f6lge makinenin noz\u00fcl\u00fc ile tedavi edilir. Tedavi s\u0131ras\u0131nda h\u00fccre zar\u0131n\u0131n n\u00fcfuz edebilirli\u011fi yakla\u015f\u0131k 400 kat artar.<\/li>\n\n\n\n<li><strong>Mezoroller <\/strong>&#8211; y\u00fczeyi k\u0131sa ince i\u011fnelerle kapl\u0131 \u00f6zel bir silindir kullanarak. \u00dcr\u00fcn \u00f6nce cilde uygulan\u0131r ve ard\u0131ndan mezokokteylin daha derin katmanlara ula\u015fmas\u0131 i\u00e7in bir rulo ile yuvarlan\u0131r.<\/li>\n\n\n\n<li><strong>Fraksiyonel<\/strong> bir mikro enjeksiyon tekni\u011fidir. Enjeksiyonlar \u00f6zel g\u00fcm\u00fc\u015f kapl\u0131 u\u00e7lu mikro i\u011fnelerle yap\u0131l\u0131r. Enjeksiyon derinli\u011fi birka\u00e7 milimetreye kadard\u0131r.<\/li>\n\n\n\n<li><strong>Oksijen <\/strong>&#8211; ila\u00e7 bir oksijen ak\u0131m\u0131n\u0131n bas\u0131nc\u0131 alt\u0131nda cilde n\u00fcfuz eder.<\/li>\n\n\n\n<li><strong>Lazer <\/strong>&#8211; k\u0131z\u0131l\u00f6tesi lazerin etkisi alt\u0131nda cilt faydal\u0131 maddelerle doyurulur.<\/li>\n<\/ul>\n\n<h2 class=\"wp-block-heading\" id=\"treatment-plan\">Tedavi Plan\u0131<\/h2>\n\n<p>Tedavi ayakta tedavi esas\u0131na g\u00f6re ger\u00e7ekle\u015ftirilir.<\/p>\n\n<p>Haz\u0131rl\u0131k s\u00fcresi de dahil olmak \u00fczere, mezoterapiniz i\u00e7in toplamda yakla\u015f\u0131k 2 saat planlamal\u0131s\u0131n\u0131z.<\/p>\n\n<h3 class=\"wp-block-heading\" id=\"mesotherapy-for\">Mezoterapi i\u00e7in:<\/h3>\n\n<ul class=\"wp-block-list\">\n<li><strong>G\u00f6z alt\u0131ndaki koyu halkalar ve torbalar.  <\/strong>Bu terapi lenf ak\u0131\u015f\u0131n\u0131 normalle\u015ftirir, lokalize ya\u011f birikimlerini ortadan kald\u0131r\u0131r ve g\u00f6z alt\u0131 torbalar\u0131yla etkili bir \u015fekilde m\u00fccadele etmek i\u00e7in cildi s\u0131k\u0131la\u015ft\u0131r\u0131r. Ve normal cilt tonunu geri kazand\u0131rma yetene\u011fi koyu halkalar\u0131 ortadan kald\u0131rmaya yard\u0131mc\u0131 olur.<\/li>\n\n\n\n<li><strong>Pigment lekeleri.  <\/strong>Mezokokteyllerde melanini yok eden maddelerin varl\u0131\u011f\u0131 nedeniyle ortadan kald\u0131r\u0131l\u0131rlar. Zaten 2-3 tedaviden sonra pigmentasyon daha hafif hale gelir.<\/li>\n\n\n\n<li><strong>K\u0131r\u0131\u015f\u0131kl\u0131klar<\/strong>. Terapi, mimik \u00e7izgileri, kaz ayaklar\u0131 ve al\u0131n k\u0131r\u0131\u015f\u0131kl\u0131klar\u0131 da dahil olmak \u00fczere k\u0131r\u0131\u015f\u0131kl\u0131klar\u0131n giderilmesi i\u00e7in en yayg\u0131n ve koruyucu y\u00f6ntemdir.<\/li>\n\n\n\n<li><strong>Sivilceler<\/strong>. Baz\u0131 mezokokteyller, akneyle sava\u015fmak i\u00e7in \u00f6zel olarak tasarlanm\u0131\u015f antibakteriyel bile\u015fenler i\u00e7erir. Kusura neden olan bakterileri \u00f6ld\u00fcr\u00fcrler ve enjeksiyonlar\u0131n kendileri de yenilenme s\u00fcre\u00e7lerini tetikler. Cilt sa\u011fl\u0131kl\u0131 ve taze hale gelir.<\/li>\n\n\n\n<li><strong>Alopesi ve sa\u00e7 d\u00f6k\u00fclmesi<\/strong>. Terapi, kafa derisinin ya\u011f bezlerini normalle\u015ftirir, sa\u00e7 b\u00fcy\u00fcmesini aktive eder, sa\u00e7 k\u00f6klerini g\u00fc\u00e7lendirir. Bu nedenle, sadece sa\u00e7 d\u00f6k\u00fclmesine de\u011fil, ayn\u0131 zamanda kelli\u011fe de yard\u0131mc\u0131 olur. Ancak ikinci durumda sa\u00e7 k\u00f6klerinin korunmas\u0131 \u00f6nemlidir. Hormonal erkek tipi kellikte mezoterapi etkisizdir.<\/li>\n\n\n\n<li><strong>Sel\u00fclit<\/strong>. Mezokokteyller lokalize ya\u011f birikintilerini ortadan kald\u0131r\u0131r ve cildin y\u00fczeyini p\u00fcr\u00fczs\u00fczle\u015ftirir, ayn\u0131 zamanda s\u0131k\u0131la\u015ft\u0131r\u0131r. Bu nedenle &#8220;portakal kabu\u011fu&#8221; tamamen kaybolur.<\/li>\n\n\n\n<li><strong>Yara<\/strong> izleri Mezokokteyller \u00f6zellikle yara izlerini d\u00fczeltir, doku rejenerasyonunu ve metabolik s\u00fcre\u00e7leri uyar\u0131r. En iyi sonu\u00e7lar yara izinin erken evrelerinde elde edilir.<\/li>\n\n\n\n<li><strong>\u00c7atlaklar<\/strong>. Bu terapi, \u00e7atlaklara kar\u015f\u0131 en etkili y\u00f6ntemlerden biridir. Doku yenilenmesini, metabolik s\u00fcre\u00e7leri uyar\u0131r, bunun sonucunda etki alan\u0131ndaki cilt yenilenir ve \u00e7atlaklar kaybolur.<\/li>\n<\/ul>\n\n<h3 class=\"wp-block-heading\" id=\"duration\">S\u00fcre:<\/h3>\n\n<ul class=\"wp-block-list\">\n<li><a href=\"https:\/\/medclinics.com\/tr\/mezoterapi\/\" target=\"_blank\" rel=\"noreferrer noopener\">Mezoterapi<\/a>, tedavi edilecek alan\u0131n b\u00fcy\u00fckl\u00fc\u011f\u00fcne ba\u011fl\u0131 olarak 15 ila 40 dakika aras\u0131nda s\u00fcrebilir.<\/li>\n\n\n\n<li>Birka\u00e7 seans gerekebilir.<\/li>\n<\/ul>\n\n<h3 class=\"wp-block-heading\" id=\"possible-risks-for-mesotherapy\">Mezoterapi i\u00e7in Olas\u0131 Riskler:<\/h3>\n\n<ul class=\"wp-block-list\">\n<li>\u0130\u011fne ve ila\u00e7 enjeksiyonuna tepki olarak morarma ve k\u0131zar\u0131kl\u0131k.<\/li>\n\n\n\n<li>Enfeksiyonlar son derece nadirdir ve kendini kan\u0131tlam\u0131\u015f bir klinik ve deneyimli bir uzman i\u00e7in bu imkans\u0131z bir yan etkidir.<\/li>\n\n\n\n<li>Baz\u0131 hastal\u0131klarda komplikasyonlara neden olabilir, bu nedenle safra ta\u015f\u0131, kanser, kan p\u0131ht\u0131la\u015fma bozukluklar\u0131 vb. i\u00e7in \u00f6nerilmez.<\/li>\n<\/ul>\n\n<h2 class=\"wp-block-heading\" id=\"aftercare\">Bak\u0131m Sonras\u0131  <\/h2>\n\n<p><a href=\"https:\/\/istanbul-tourist-information.com\/en\/beauty-salon-treatments\/\" target=\"_blank\" rel=\"noopener\">Mezoterapi<\/a> i\u00e7in \u00f6zel bir bak\u0131m gerekmez.<br\/>Beklendi\u011fi gibi, ciltteki k\u0131zar\u0131kl\u0131k ve \u015fi\u015flik birka\u00e7 saat i\u00e7inde kaybolacakt\u0131r.<\/p>\n\n<h2 class=\"wp-block-heading\" id=\"top-mesotherapy-costs-by-country\">\u00dclkelere g\u00f6re en y\u00fcksek Mezoterapi maliyetleri<\/h2>\n\n<p>Mezoterapinin maliyeti doktorun veya g\u00fczellik uzman\u0131n\u0131n deneyimine, kullan\u0131lan malzemelere ve se\u00e7ti\u011finiz klini\u011fe ba\u011fl\u0131d\u0131r.<br\/>A\u015fa\u011f\u0131da listelenen fiyatlar size yakla\u015f\u0131k bir fikir vermeyi ama\u00e7lamaktad\u0131r ve nihai bir fiyat teklifi de\u011fildir. MedClincs dan\u0131\u015fman\u0131n\u0131z size ayr\u0131nt\u0131lar\u0131 vermekten mutluluk duyacakt\u0131r.<\/p>\n\n<figure class=\"wp-block-table\"><table><thead><tr><th>\u00dclke<\/th><th>Fiyat (PRP)<\/th><th>De\u011ferlendirme<\/th><\/tr><\/thead><tbody><tr><td>T\u00fcrkiye (Turkey)<\/td><td>~ 180\u20ac<\/td><td>\u2605\u2605\u2605\u2605\u2605<\/td><\/tr><tr><td>Polonya<\/td><td>~ 250\u20ac<\/td><td>\u2605\u2605\u2605\u2605<\/td><\/tr><tr><td>\u00c7ek Cumhuriyeti<\/td><td>~ 290\u20ac<\/td><td>\u2605\u2605\u2605\u2605<\/td><\/tr><tr><td>Meksika<\/td><td>~ 330\u20ac<\/td><td>\u2605\u2605\u2605<\/td><\/tr><tr><td>Almanya<\/td><td>~ 490\u20ac<\/td><td>\u2605\u2605<\/td><\/tr><tr><td>Birle\u015fik Krall\u0131k<\/td><td>~ 500\u20ac<\/td><td>\u2605\u2605<\/td><\/tr><tr><td>ABD<\/td><td>~ 600\u20ac<\/td><td>\u2605\u2605<\/td><\/tr><\/tbody><\/table><\/figure>\n\n<h2 class=\"wp-block-heading\" id=\"faq\">SSS<\/h2>\n<div id=\"rank-math-faq\" class=\"rank-math-block\">\n<div class=\"rank-math-list \">\n<div id=\"faq-question-1682598236692\" class=\"rank-math-list-item\">\n<h3 class=\"rank-math-question \">Mezoterapiyi sa\u00e7 derimde kullanabilir miyim?<\/h3>\n<div class=\"rank-math-answer \">\n\n<p>Evet, sa\u00e7 b\u00fcy\u00fcmesini iyile\u015ftirir, kelli\u011fi durdurur, kepek ve kurulu\u011fu ortadan kald\u0131r\u0131r. Sa\u00e7lar kal\u0131n, g\u00fczel ve parlak olur. \u0130ntradermal enjeksiyonlar folik\u00fcllere besin sa\u011flar, kafa derisinin kan dola\u015f\u0131m\u0131n\u0131 uyar\u0131r, keratinizasyon s\u00fcre\u00e7lerini ve sebum \u00fcretimini d\u00fczenler.<\/p>\n\n<\/div>\n<\/div>\n<div id=\"faq-question-1684398167402\" class=\"rank-math-list-item\">\n<h3 class=\"rank-math-question \">Enjeksiyonsuz ve normal mezoterapi aras\u0131ndaki fark nedir?<\/h3>\n<div class=\"rank-math-answer \">\n\n<p>Enjeksiyonsuz mezoterapide ila\u00e7lar veya ila\u00e7 kar\u0131\u015f\u0131mlar\u0131 y\u00fcksek bas\u0131n\u00e7 olu\u015fturan bir makine ile deri alt\u0131na enjekte edilir. Bu teknik cildi gen\u00e7le\u015ftirmek, ya\u015fl\u0131l\u0131k lekelerini ve k\u00fc\u00e7\u00fck lekeleri gidermek i\u00e7in kullan\u0131l\u0131r. Enjekte edilen ila\u00e7lar depolanmaz, ancak hemen emilir ve \u00e7al\u0131\u015fmaya ba\u015flar. Bu tedavi ile daha fazla tedaviye ihtiya\u00e7 duyulur.<\/p>\n\n<\/div>\n<\/div>\n<div id=\"faq-question-1684398168500\" class=\"rank-math-list-item\">\n<h3 class=\"rank-math-question \">Mezoterapi sel\u00fcliti yok edebilir mi?<\/h3>\n<div class=\"rank-math-answer \">\n\n<p>Evet, deri alt\u0131 ya\u011f birikintileriyle m\u00fccadelede \u00e7ok etkili bir y\u00f6ntemdir. Sel\u00fclit \u00f6nleyici kokteyller cilt alt\u0131na enjekte edilir ve kan ve lenf ak\u0131\u015f\u0131 ile kademeli olarak yay\u0131l\u0131r. Kokteyller ya\u011f\u0131 par\u00e7alar, fazla suyu uzakla\u015ft\u0131r\u0131r, kan damarlar\u0131n\u0131 s\u0131k\u0131la\u015ft\u0131r\u0131r ve dokudaki mikro dola\u015f\u0131m\u0131 iyile\u015ftirir. En iyi sonu\u00e7lar i\u00e7in mezoterapi, sarg\u0131lar, masajlar ve di\u011fer tedavilerle birle\u015ftirilir.<\/p>\n\n<\/div>\n<\/div>\n<div id=\"faq-question-1684398171741\" class=\"rank-math-list-item\">\n<h3 class=\"rank-math-question \">Mezoterapi k\u0131r\u0131\u015f\u0131kl\u0131klarla m\u00fccadeleye nas\u0131l yard\u0131mc\u0131 olur?<\/h3>\n<div class=\"rank-math-answer \">\n\n<p>K\u0131r\u0131\u015f\u0131kl\u0131klar\u0131n ortaya \u00e7\u0131kmas\u0131, v\u00fccudun elastin ve kolajen \u00fcretiminin azalmas\u0131ndan kaynaklanan cilt elastikiyetindeki azalmayla ba\u011flant\u0131l\u0131d\u0131r. Bu maddelerin intradermal enjeksiyonlar\u0131 ya\u015flanma s\u00fcrecini yava\u015flat\u0131r, k\u0131r\u0131\u015f\u0131kl\u0131klar\u0131 d\u00fczeltir ve y\u00fcz\u00fc ve v\u00fccudu p\u00fcr\u00fczs\u00fcz ve g\u00fczel hale getirir. Tedavi say\u0131s\u0131 bireysel olarak se\u00e7ilir, ancak tedavi tamamland\u0131ktan sonra bak\u0131m kurslar\u0131 gereklidir.<\/p>\n\n<\/div>\n<\/div>\n<div id=\"faq-question-1684398172766\" class=\"rank-math-list-item\">\n<h3 class=\"rank-math-question \">Mezoterapi ne ile kombine edilebilir?<\/h3>\n<div class=\"rank-math-answer \">\n\n<p>Mezoterapi genellikle bir monoterapi de\u011fildir. Neredeyse t\u00fcm kozmetik prosed\u00fcrlerle kombine edilebilir: kimyasal peeling, dolgu, kas gev\u015fetici, biyorevitalizasyon, donan\u0131m kozmetolojisi, plastik cerrahi.<\/p>\n\n<\/div>\n<\/div>\n<div id=\"faq-question-1684398176178\" class=\"rank-math-list-item\">\n<h3 class=\"rank-math-question \">Mezoterapiden sonra ne zaman kas gev\u015fetici alabilirim?<\/h3>\n<div class=\"rank-math-answer \">\n\n<p>Mezoterapi tedavisi kas gev\u015fetici enjeksiyonundan 2 hafta \u00f6nce tamamlanmal\u0131d\u0131r. Kas gev\u015fetici enjeksiyonlar\u0131ndan 3 hafta sonra (maksimum etkiye ula\u015ft\u0131ktan sonra) mezoterapi seanslar\u0131na devam etmek m\u00fcmk\u00fcnd\u00fcr.<\/p>\n\n<\/div>\n<\/div>\n<div id=\"faq-question-1684398177963\" class=\"rank-math-list-item\">\n<h3 class=\"rank-math-question \">Mezoterapi ve dolgu maddeleri kombine edilebilir mi?<\/h3>\n<div class=\"rank-math-answer \">\n\n<p>Mezoterapi k\u00fcr\u00fc en iyi dolgu maddelerinden \u00f6nce yap\u0131l\u0131r. Dolgu enjeksiyonlar\u0131ndan sonra en az 10-14 g\u00fcn sonra yap\u0131l\u0131r.<\/p>\n\n<\/div>\n<\/div>\n<div id=\"faq-question-1684398179112\" class=\"rank-math-list-item\">\n<h3 class=\"rank-math-question \">Mezoterapi plastik cerrahi ile nas\u0131l birle\u015fir?<\/h3>\n<div class=\"rank-math-answer \">\n\n<p>Ameliyata haz\u0131rlanmak i\u00e7in 4-5 seans mezoterapi almal\u0131s\u0131n\u0131z, bu rehabilitasyon d\u00f6nemini h\u0131zland\u0131racak ve komplikasyon riskini azaltacakt\u0131r. Pansuman\u0131n \u00e7\u0131kar\u0131lmas\u0131ndan sonra &#8211; mezoprosed\u00fcr say\u0131s\u0131 endikasyonlara g\u00f6re doktor taraf\u0131ndan belirlenir.<\/p>\n\n<\/div>\n<\/div>\n<\/div>\n<\/div>\n<h2 class=\"wp-block-heading\" id=\"history\">Tarih<\/h2>\n\n<h3 class=\"wp-block-heading\" id=\"mesotherapy-treatment-history\">Mezoterapi Tedavi Ge\u00e7mi\u015fi<\/h3>\n\n<h4 class=\"wp-block-heading\" id=\"the-history-of-this-therapy-dates-back-to-the-work-of-dr-michel-pistor-1924-2003\">Bu terapinin ge\u00e7mi\u015fi Dr. Michel Pistor&#8217;un (1924 &#8211; 2003) \u00e7al\u0131\u015fmalar\u0131na dayanmaktad\u0131r.<\/h4>\n\n<p>\u0130ntradermal tedavi alan\u0131nda klinik ara\u015ft\u0131rmalar y\u00fcr\u00fctm\u00fc\u015f ve uluslararas\u0131 denemeler yapm\u0131\u015ft\u0131r. Bu prosed\u00fcrler \u00fczerinde 1948&#8217;den 1952&#8217;ye kadar \u00e7al\u0131\u015ft\u0131 ve ard\u0131ndan &#8216;mezoterapi&#8217; terimi 1958&#8217;de Frans\u0131z bas\u0131n\u0131 taraf\u0131ndan resmi olarak tan\u0131t\u0131ld\u0131.<\/p>\n\n<p>Yakla\u015f\u0131k 30 y\u0131l sonra (1987&#8217;de) mezoterapi Frans\u0131z T\u0131p Akademisi taraf\u0131ndan tan\u0131nd\u0131 ve uygulamaya izin verildi.<\/p>\n","protected":false},"excerpt":{"rendered":"<p>Mezoterapi, hyaluronik asit, vitaminler, amino asitler ve proteinler gibi farkl\u0131 bile\u015fenlerden olu\u015fan bir kar\u0131\u015f\u0131m\u0131n cilt alt\u0131na enjekte edilmesini i\u00e7erir. Peki [&hellip;]<\/p>\n","protected":false},"author":4,"featured_media":161783,"parent":0,"menu_order":0,"comment_status":"closed","ping_status":"closed","template":"","meta":{"site-sidebar-layout":"default","site-content-layout":"","ast-site-content-layout":"default","site-content-style":"default","site-sidebar-style":"default","ast-global-header-display":"","ast-banner-title-visibility":"","ast-main-header-display":"","ast-hfb-above-header-display":"","ast-hfb-below-header-display":"","ast-hfb-mobile-header-display":"","site-post-title":"","ast-breadcrumbs-content":"","ast-featured-img":"","footer-sml-layout":"","ast-disable-related-posts":"","theme-transparent-header-meta":"","adv-header-id-meta":"","stick-header-meta":"","header-above-stick-meta":"","header-main-stick-meta":"","header-below-stick-meta":"","astra-migrate-meta-layouts":"default","ast-page-background-enabled":"default","ast-page-background-meta":{"desktop":{"background-color":"var(--ast-global-color-4)","background-image":"","background-repeat":"repeat","background-position":"center center","background-size":"auto","background-attachment":"scroll","background-type":"","background-media":"","overlay-type":"","overlay-color":"","overlay-opacity":"","overlay-gradient":""},"tablet":{"background-color":"","background-image":"","background-repeat":"repeat","background-position":"center center","background-size":"auto","background-attachment":"scroll","background-type":"","background-media":"","overlay-type":"","overlay-color":"","overlay-opacity":"","overlay-gradient":""},"mobile":{"background-color":"","background-image":"","background-repeat":"repeat","background-position":"center center","background-size":"auto","background-attachment":"scroll","background-type":"","background-media":"","overlay-type":"","overlay-color":"","overlay-opacity":"","overlay-gradient":""}},"ast-content-background-meta":{"desktop":{"background-color":"var(--ast-global-color-5)","background-image":"","background-repeat":"repeat","background-position":"center center","background-size":"auto","background-attachment":"scroll","background-type":"","background-media":"","overlay-type":"","overlay-color":"","overlay-opacity":"","overlay-gradient":""},"tablet":{"background-color":"var(--ast-global-color-5)","background-image":"","background-repeat":"repeat","background-position":"center center","background-size":"auto","background-attachment":"scroll","background-type":"","background-media":"","overlay-type":"","overlay-color":"","overlay-opacity":"","overlay-gradient":""},"mobile":{"background-color":"var(--ast-global-color-5)","background-image":"","background-repeat":"repeat","background-position":"center center","background-size":"auto","background-attachment":"scroll","background-type":"","background-media":"","overlay-type":"","overlay-color":"","overlay-opacity":"","overlay-gradient":""}},"footnotes":""},"class_list":["post-145847","page","type-page","status-publish","has-post-thumbnail","hentry"],"_links":{"self":[{"href":"https:\/\/medclinics.com\/tr\/wp-json\/wp\/v2\/pages\/145847","targetHints":{"allow":["GET"]}}],"collection":[{"href":"https:\/\/medclinics.com\/tr\/wp-json\/wp\/v2\/pages"}],"about":[{"href":"https:\/\/medclinics.com\/tr\/wp-json\/wp\/v2\/types\/page"}],"author":[{"embeddable":true,"href":"https:\/\/medclinics.com\/tr\/wp-json\/wp\/v2\/users\/4"}],"replies":[{"embeddable":true,"href":"https:\/\/medclinics.com\/tr\/wp-json\/wp\/v2\/comments?post=145847"}],"version-history":[{"count":0,"href":"https:\/\/medclinics.com\/tr\/wp-json\/wp\/v2\/pages\/145847\/revisions"}],"wp:featuredmedia":[{"embeddable":true,"href":"https:\/\/medclinics.com\/tr\/wp-json\/wp\/v2\/media\/161783"}],"wp:attachment":[{"href":"https:\/\/medclinics.com\/tr\/wp-json\/wp\/v2\/media?parent=145847"}],"curies":[{"name":"wp","href":"https:\/\/api.w.org\/{rel}","templated":true}]}}