{"id":145833,"date":"2023-05-18T08:12:30","date_gmt":"2023-05-18T05:12:30","guid":{"rendered":"https:\/\/medclinics.com\/plazma-terapisi-en-iyi-fiyatlar-klinikler\/"},"modified":"2024-04-04T19:24:47","modified_gmt":"2024-04-04T16:24:47","slug":"plazma-terapisi-en-iyi-fiyatlar-klinikler","status":"publish","type":"page","link":"https:\/\/medclinics.com\/tr\/plazma-terapisi-en-iyi-fiyatlar-klinikler\/","title":{"rendered":"Plazma Terapisi | En \u0130yi Fiyatlar &amp; Klinikler"},"content":{"rendered":"\n<p>Plazma Terapisi, kendi trombositle zenginle\u015ftirilmi\u015f kan plazman\u0131zla tedaviyi i\u00e7eren bir prosed\u00fcrd\u00fcr.<\/p>\n\n<div class=\"wp-block-rank-math-toc-block\" id=\"rank-math-toc\"><h2>\u0130\u00e7indekiler Tablosu<\/h2><nav><ul><li><a href=\"#so-what-is\">Peki Nedir<\/a><\/li><li><a href=\"#treatment-plan\">Tedavi Plan\u0131<\/a><\/li><li><a href=\"#aftercare\">Bak\u0131m Sonras\u0131<\/a><\/li><li><a href=\"#top-plasma-therapy-costs-by-country\">\u00dclkelere g\u00f6re en y\u00fcksek plazma tedavisi maliyetleri<\/a><\/li><li><a href=\"#faq\">SSS<\/a><\/li><li><a href=\"#history\">Tarih<\/a><\/li><\/ul><\/nav><\/div>\n\n<h2 class=\"wp-block-heading\" id=\"so-what-is\">Peki Nedir<\/h2>\n\n<p><a href=\"https:\/\/medclinics.com\/tr\/plazma-tedavisi\/\" target=\"_blank\" rel=\"noreferrer noopener\">Plazma Terapisi<\/a>, kendi trombositle zenginle\u015ftirilmi\u015f kan plazman\u0131zla tedaviyi i\u00e7eren bir prosed\u00fcrd\u00fcr. Plazma kan\u0131n s\u0131v\u0131 bir par\u00e7as\u0131d\u0131r, ayr\u0131ca h\u00fccre b\u00fcy\u00fcmesini, h\u00fccre yenilenmesini aktive eden b\u00fcy\u00fcme fakt\u00f6rleri i\u00e7erir. Sonu\u00e7 olarak, hasarl\u0131 doku rejenerasyonu h\u0131zlan\u0131r ve enflamatuar s\u00fcre\u00e7 ve a\u011fr\u0131 sendromu ortadan kalkar. Plazma Terapisi, enjekte edilebilir bir plazma formu kullanan son teknoloji bir tekniktir.<\/p>\n\n<p>Plazma, trombositleri tam kandan ay\u0131rmak i\u00e7in kan t\u00fcplerinin santrif\u00fcj edilmesiyle elde edilir. \u0130\u015flemden hemen \u00f6nce hastadan kan al\u0131n\u0131r, kan t\u00fcpleri daha sonra santrif\u00fcj edilir ve belirli bir h\u0131zda d\u00f6nd\u00fcr\u00fcl\u00fcr. Kan\u0131n p\u0131ht\u0131la\u015fmas\u0131n\u0131 \u00f6nlemek i\u00e7in bir antikoag\u00fclan eklenir.<\/p>\n\n<h3 class=\"wp-block-heading\" id=\"plasma-contains\">Plazma i\u00e7erir:<\/h3>\n\n<ul class=\"wp-block-list\">\n<li>Vitaminler<\/li>\n\n\n\n<li>Mikro Besinler<\/li>\n\n\n\n<li>Amino asitler<\/li>\n\n\n\n<li>B\u00fcy\u00fcme ve h\u00fccre yenileme fakt\u00f6rleri<\/li>\n<\/ul>\n\n<h2 class=\"wp-block-heading\" id=\"treatment-plan\">Tedavi Plan\u0131<\/h2>\n\n<p>Terapi, muayenehanede ayakta tedavi esas\u0131na g\u00f6re ger\u00e7ekle\u015ftirilir ve en az bir saat s\u00fcrer.<\/p>\n\n<p>\u0130\u015flem i\u00e7in toplamda yakla\u015f\u0131k 2 ila 2,5 saat planlaman\u0131z gerekir.<\/p>\n\n<h3 class=\"wp-block-heading\" id=\"plasma-therapy-for\">Plazma Terapisi i\u00e7in:<\/h3>\n\n<ul class=\"wp-block-list\">\n<li>Erken cilt ya\u015flanmas\u0131<\/li>\n\n\n\n<li>Akne<\/li>\n\n\n\n<li>Pigment lekeleri<\/li>\n\n\n\n<li>Derin peeling i\u015fleminden sonra cilt rehabilitasyon s\u00fcresi<\/li>\n\n\n\n<li>H\u0131zl\u0131 kilo kayb\u0131ndan sonra cilt elastikiyetinin ve s\u0131k\u0131l\u0131\u011f\u0131n\u0131n restorasyonu<\/li>\n\n\n\n<li>Erken derin k\u0131r\u0131\u015f\u0131kl\u0131klar<\/li>\n\n\n\n<li>Sarkma ve kuru cilt<\/li>\n\n\n\n<li>Sa\u00e7 d\u00f6k\u00fclmesi veya seyrelmesi<\/li>\n<\/ul>\n\n<h3 class=\"wp-block-heading\" id=\"plasma-therapy-is-not-suitable-for\">Plazma Terapisi a\u015fa\u011f\u0131dakiler i\u00e7in uygun de\u011fildir:<\/h3>\n\n<ul class=\"wp-block-list\">\n<li>Hamilelik veya emzirme<\/li>\n\n\n\n<li>Epilepsi<\/li>\n\n\n\n<li>Diabetes mellitus<\/li>\n\n\n\n<li>Kan hastal\u0131klar\u0131<\/li>\n\n\n\n<li>Onkolojik hastal\u0131klar<\/li>\n\n\n\n<li>Antikoag\u00fclan almak<\/li>\n\n\n\n<li>Enjeksiyon b\u00f6lgesinde enflamatuar s\u00fcre\u00e7ler.<\/li>\n<\/ul>\n\n<h3 class=\"wp-block-heading\" id=\"how-the-therapy-works\">Plazma Terapisi nas\u0131l \u00e7al\u0131\u015f\u0131r?<\/h3>\n\n<ul class=\"wp-block-list\">\n<li>Doku h\u00fccrelerini besler.<\/li>\n\n\n\n<li>Cildin i\u00e7 iskeletini g\u00fc\u00e7lendirir.<\/li>\n\n\n\n<li>Cildin ten rengini iyile\u015ftirerek p\u00fcr\u00fczs\u00fcz ve do\u011fal bir g\u00f6r\u00fcn\u00fcm kazand\u0131r\u0131r.<\/li>\n\n\n\n<li>Pigment lekelerini ortadan kald\u0131r\u0131r. Deri alt\u0131na enjekte edilen plazma fazla melanini yok eder. Hiperpigmentasyona neden olan bu maddedir.<\/li>\n\n\n\n<li>K\u00f6k h\u00fccrelerin b\u00fcy\u00fcmesini uyar\u0131r.<\/li>\n\n\n\n<li>Kan p\u0131ht\u0131la\u015fmas\u0131n\u0131 destekler.<\/li>\n\n\n\n<li>Cildi yeniler.<\/li>\n\n\n\n<li>H\u00fccre i\u00e7i metabolizmay\u0131 h\u0131zland\u0131r\u0131r.<\/li>\n\n\n\n<li>Sa\u00e7 derisindeki sa\u00e7 k\u00f6klerini besler.<\/li>\n\n\n\n<li>Geli\u015fmi\u015f doku rejenerasyonunu tetikler.<\/li>\n<\/ul>\n\n<h3 class=\"wp-block-heading\" id=\"plasma-therapy-duration\">Plazma Tedavisi S\u00fcre:<\/h3>\n\n<ul class=\"wp-block-list\">\n<li>Tedavi edilecek b\u00f6lgeye ba\u011fl\u0131 olarak 20 ila 75 dakika.<\/li>\n\n\n\n<li>Cilt gen\u00e7le\u015ftirme i\u00e7in <a href=\"https:\/\/istanbul-tourist-information.com\/en\/beauty-salon-treatments\/\" target=\"_blank\" rel=\"noopener\">Plazma Terapisi<\/a> kullan\u0131ld\u0131\u011f\u0131nda, 1 seanstan daha fazlas\u0131 gerekebilir.<\/li>\n<\/ul>\n\n<h3 class=\"wp-block-heading\" id=\"possible-risks-for-plasma-therapy\">Plazma Tedavisi i\u00e7in Olas\u0131 Riskler:<\/h3>\n\n<ul class=\"wp-block-list\">\n<li>\u015ei\u015fme<\/li>\n\n\n\n<li>Cilt renk de\u011fi\u015fikli\u011fi<\/li>\n\n\n\n<li>K\u0131zar\u0131kl\u0131k<\/li>\n\n\n\n<li>A\u011fr\u0131<\/li>\n\n\n\n<li>Kan p\u0131ht\u0131s\u0131<\/li>\n\n\n\n<li>Enfeksiyon<\/li>\n\n\n\n<li>\u00c7\u00fcr\u00fck<\/li>\n<\/ul>\n\n<h2 class=\"wp-block-heading\" id=\"aftercare\">Bak\u0131m Sonras\u0131<\/h2>\n\n<p>Plazma tedavisi i\u00e7in \u00f6zel bir bak\u0131m gerekmez.<br\/>Beklendi\u011fi gibi, ciltteki k\u0131zar\u0131kl\u0131k ve \u015fi\u015flik birka\u00e7 saat i\u00e7inde kaybolacakt\u0131r.<\/p>\n\n<h2 class=\"wp-block-heading\" id=\"top-plasma-therapy-costs-by-country\">\u00dclkelere g\u00f6re en y\u00fcksek plazma tedavisi maliyetleri<\/h2>\n\n<p>Plazma tedavisinin maliyeti doktorun deneyimine ve se\u00e7ti\u011finiz klinik veya hastaneye ba\u011fl\u0131d\u0131r.<br\/>A\u015fa\u011f\u0131da listelenen fiyatlar size yakla\u015f\u0131k bir fikir vermeyi ama\u00e7lamaktad\u0131r ve nihai bir fiyat teklifi de\u011fildir. MedClincs dan\u0131\u015fman\u0131n\u0131z size ayr\u0131nt\u0131lar\u0131 vermekten mutluluk duyacakt\u0131r.<\/p>\n\n<figure class=\"wp-block-table\"><table><thead><tr><th>\u00dclke<\/th><th>Fiyat (PRP)  <\/th><th>De\u011ferlendirme<\/th><\/tr><\/thead><tbody><tr><td>T\u00fcrkiye (Turkey)<\/td><td>~ 290\u20ac<\/td><td>\u2605\u2605\u2605\u2605\u2605<\/td><\/tr><tr><td>Polonya<\/td><td>~ 320\u20ac<\/td><td>\u2605\u2605\u2605\u2605<\/td><\/tr><tr><td>Meksika<\/td><td>~ 330\u20ac<\/td><td>\u2605\u2605\u2605<\/td><\/tr><tr><td>Almanya<\/td><td>~ 490\u20ac<\/td><td>\u2605\u2605<\/td><\/tr><tr><td>Birle\u015fik Krall\u0131k<\/td><td>~ 500\u20ac<\/td><td>\u2605\u2605<\/td><\/tr><tr><td>ABD<\/td><td>~ 600\u20ac<\/td><td>\u2605\u2605<\/td><\/tr><\/tbody><\/table><\/figure>\n\n<h2 class=\"wp-block-heading\" id=\"faq\">SSS<\/h2>\n<div id=\"rank-math-faq\" class=\"rank-math-block\">\n<div class=\"rank-math-list \">\n<div id=\"faq-question-1684396604890\" class=\"rank-math-list-item\">\n<h3 class=\"rank-math-question \">Etkili olmas\u0131 i\u00e7in ka\u00e7 y\u00fcz Plazma Terapisi uygulamas\u0131 gerekir?<\/h3>\n<div class=\"rank-math-answer \">\n\n<p>3-4 tedaviden sonra stabil bir etki elde edilir. Genellikle g\u00fczellik uzman\u0131 her 7-10 g\u00fcnde bir ziyaret \u00f6ng\u00f6r\u00fcr.<\/p>\n\n<\/div>\n<\/div>\n<div id=\"faq-question-1684396606611\" class=\"rank-math-list-item\">\n<h3 class=\"rank-math-question \">Y\u00fcz Plazma Terapisinden sonra g\u00fcne\u015flenebilir miyim?<\/h3>\n<div class=\"rank-math-answer \">\n\n<p>\u0130lk 2-3 g\u00fcn g\u00fcne\u015f banyosu ve solaryumdan ka\u00e7\u0131nmal\u0131s\u0131n\u0131z.<\/p>\n\n<\/div>\n<\/div>\n<div id=\"faq-question-1684396608150\" class=\"rank-math-list-item\">\n<h3 class=\"rank-math-question \">Y\u00fcz Plazma Terapisinden sonra hangi cilt bak\u0131m\u0131 gereklidir?<\/h3>\n<div class=\"rank-math-answer \">\n\n<p>Seans sonras\u0131nda y\u00fcz\u00fcn\u00fcze dekoratif \u00fcr\u00fcnler de dahil olmak \u00fczere herhangi bir kozmetik \u00fcr\u00fcn uygulamay\u0131n; dokular\u0131 yo\u011fun mekanik etkilere (masaj) maruz b\u0131rakmay\u0131n.<\/p>\n\n<\/div>\n<\/div>\n<div id=\"faq-question-1684396610189\" class=\"rank-math-list-item\">\n<h3 class=\"rank-math-question \">Y\u00fcz Plazma Terapisi hangi ya\u015fta uygulanabilir?<\/h3>\n<div class=\"rank-math-answer \">\n\n<p>\u00c7o\u011fu g\u00fczellik uzman\u0131na g\u00f6re prosed\u00fcr i\u00e7in asgari ya\u015f s\u0131n\u0131r\u0131 15, azami ya\u015f s\u0131n\u0131r\u0131 ise 15 de\u011fildir.<\/p>\n\n<\/div>\n<\/div>\n<div id=\"faq-question-1684396611167\" class=\"rank-math-list-item\">\n<h3 class=\"rank-math-question \">Plazma Terapisi ne s\u0131kl\u0131kla tekrarlanabilir?<\/h3>\n<div class=\"rank-math-answer \">\n\n<p>Kurs genellikle y\u0131lda iki kez tekrarlanmaktad\u0131r. Gerekirse, \u00f6rne\u011fin lazer tedavilerinden sonra rehabilitasyon s\u0131ras\u0131nda ve cildi g\u00fcne\u015fe maruz kalmaya haz\u0131rlamak i\u00e7in miktar art\u0131r\u0131labilir.<\/p>\n\n<\/div>\n<\/div>\n<div id=\"faq-question-1684396612039\" class=\"rank-math-list-item\">\n<h3 class=\"rank-math-question \">Haz\u0131r plazma bir sonraki prosed\u00fcrde tekrar kullan\u0131lmak \u00fczere klinikte saklanabilir mi?<\/h3>\n<div class=\"rank-math-answer \">\n\n<p>Trombositlerin canl\u0131l\u0131\u011f\u0131 \u00f6zellikle y\u00fcksek olmad\u0131\u011f\u0131ndan plazma depolanmaz. \u0130\u015flem sadece bir kez ve tek seferde yap\u0131l\u0131r, yani kendi kan\u0131n\u0131z al\u0131n\u0131r ve santrif\u00fcj i\u015fleminden hemen sonra hastan\u0131n cildine enjekte edilir.<\/p>\n\n<\/div>\n<\/div>\n<div id=\"faq-question-1684396613776\" class=\"rank-math-list-item\">\n<h3 class=\"rank-math-question \">Plazma Terapisi s\u0131ras\u0131nda enfeksiyon kapmak m\u00fcmk\u00fcn m\u00fc?<\/h3>\n<div class=\"rank-math-answer \">\n\n<p>Hay\u0131r, \u00e7\u00fcnk\u00fc kan ba\u015fka birinden de\u011fil hastadan al\u0131nmaktad\u0131r. T\u00fcm aletler ve sarf malzemeleri steril ve tek kullan\u0131ml\u0131kt\u0131r ve i\u015flemden sonra at\u0131l\u0131r.<\/p>\n\n<\/div>\n<\/div>\n<div id=\"faq-question-1684396615610\" class=\"rank-math-list-item\">\n<h3 class=\"rank-math-question \">Plazma Terapisi v\u00fccudun kaynaklar\u0131n\u0131 t\u00fcketebilir mi?<\/h3>\n<div class=\"rank-math-answer \">\n\n<p>Hay\u0131r, \u00f6yle de\u011fil. Hastadan sadece birka\u00e7 mililitre kan al\u0131n\u0131r ve bu kan daha sonra hafif\u00e7e de\u011fi\u015ftirilerek geri verilir. Bu nedenle v\u00fccut herhangi bir kay\u0131p hissetmez ve i\u015flem sonras\u0131nda sa\u011fl\u0131\u011f\u0131n\u0131za herhangi bir zarar gelmez.<\/p>\n\n<\/div>\n<\/div>\n<div id=\"faq-question-1684396616552\" class=\"rank-math-list-item\">\n<h3 class=\"rank-math-question \">Yaz aylar\u0131nda Plazma Terapisi yapt\u0131rabilir miyim?<\/h3>\n<div class=\"rank-math-answer \">\n\n<p>Yaz aylar\u0131 PRP prosed\u00fcrleri i\u00e7in ideal zaman olarak kabul edilir. Trombositten zengin plazman\u0131n iyile\u015ftirici bile\u015fenleri, yaz aylar\u0131nda y\u00fcz ve v\u00fccuttaki ya\u015fl\u0131l\u0131k lekelerinin g\u00f6r\u00fcn\u00fcm\u00fcyle iyi bir \u015fekilde ba\u015f eder. Plazmolifting sonras\u0131 gen\u00e7le\u015ftirme etkisinin s\u00fcresi hastan\u0131n ya\u015f\u0131na ve ya\u015fam tarz\u0131na ba\u011fl\u0131d\u0131r.<\/p>\n\n<\/div>\n<\/div>\n<div id=\"faq-question-1684397191902\" class=\"rank-math-list-item\">\n<h3 class=\"rank-math-question \">Plazma Terapisi enjeksiyonlar\u0131 ne kadar ac\u0131 verir?<\/h3>\n<div class=\"rank-math-answer \">\n\n<p>\u0130\u015flemden \u00f6nce y\u00fcze 15 dakika boyunca \u00f6zel bir anestezik jel uygulan\u0131r, bu nedenle ac\u0131 hissi olmamal\u0131d\u0131r.<\/p>\n\n<\/div>\n<\/div>\n<\/div>\n<\/div>\n<h2 class=\"wp-block-heading\" id=\"history\">Tarih<\/h2>\n\n<h3 class=\"wp-block-heading\" id=\"the-first-application-of-plasma-therapy-dates-back-to-1999\">Plazma terapisinin ilk uygulamas\u0131 1999 y\u0131l\u0131na dayanmaktad\u0131r<\/h3>\n\n<p>Plastik cerrahlar bir hastan\u0131n cildini gen\u00e7le\u015ftirmek i\u00e7in trombositle zenginle\u015ftirilmi\u015f plazma kulland\u0131klar\u0131nda. Ayn\u0131 zamanda y\u00f6ntem travmatolojide de kabul g\u00f6rmeye ba\u015flam\u0131\u015ft\u0131: Hastalar\u0131n spor yaralanmalar\u0131 PRP tedavisinden sonra rekor s\u00fcrede iyile\u015fti.<br\/>G\u00fcn\u00fcm\u00fczde bu terapi alan\u0131 dermatoloji, kozmetoloji ve plastik cerrahide kullan\u0131lmaktad\u0131r ve PRP terapisi ile tedavi edilebilen hastal\u0131klar\u0131n listesi olduk\u00e7a geni\u015flemi\u015ftir.<\/p>\n","protected":false},"excerpt":{"rendered":"<p>Plazma Terapisi, kendi trombositle zenginle\u015ftirilmi\u015f kan plazman\u0131zla tedaviyi i\u00e7eren bir prosed\u00fcrd\u00fcr. Peki Nedir Plazma Terapisi, kendi trombositle zenginle\u015ftirilmi\u015f kan plazman\u0131zla [&hellip;]<\/p>\n","protected":false},"author":4,"featured_media":92977,"parent":0,"menu_order":0,"comment_status":"closed","ping_status":"closed","template":"","meta":{"site-sidebar-layout":"default","site-content-layout":"","ast-site-content-layout":"default","site-content-style":"default","site-sidebar-style":"default","ast-global-header-display":"","ast-banner-title-visibility":"","ast-main-header-display":"","ast-hfb-above-header-display":"","ast-hfb-below-header-display":"","ast-hfb-mobile-header-display":"","site-post-title":"","ast-breadcrumbs-content":"","ast-featured-img":"","footer-sml-layout":"","ast-disable-related-posts":"","theme-transparent-header-meta":"","adv-header-id-meta":"","stick-header-meta":"","header-above-stick-meta":"","header-main-stick-meta":"","header-below-stick-meta":"","astra-migrate-meta-layouts":"default","ast-page-background-enabled":"default","ast-page-background-meta":{"desktop":{"background-color":"var(--ast-global-color-4)","background-image":"","background-repeat":"repeat","background-position":"center center","background-size":"auto","background-attachment":"scroll","background-type":"","background-media":"","overlay-type":"","overlay-color":"","overlay-opacity":"","overlay-gradient":""},"tablet":{"background-color":"","background-image":"","background-repeat":"repeat","background-position":"center center","background-size":"auto","background-attachment":"scroll","background-type":"","background-media":"","overlay-type":"","overlay-color":"","overlay-opacity":"","overlay-gradient":""},"mobile":{"background-color":"","background-image":"","background-repeat":"repeat","background-position":"center center","background-size":"auto","background-attachment":"scroll","background-type":"","background-media":"","overlay-type":"","overlay-color":"","overlay-opacity":"","overlay-gradient":""}},"ast-content-background-meta":{"desktop":{"background-color":"var(--ast-global-color-5)","background-image":"","background-repeat":"repeat","background-position":"center center","background-size":"auto","background-attachment":"scroll","background-type":"","background-media":"","overlay-type":"","overlay-color":"","overlay-opacity":"","overlay-gradient":""},"tablet":{"background-color":"var(--ast-global-color-5)","background-image":"","background-repeat":"repeat","background-position":"center center","background-size":"auto","background-attachment":"scroll","background-type":"","background-media":"","overlay-type":"","overlay-color":"","overlay-opacity":"","overlay-gradient":""},"mobile":{"background-color":"var(--ast-global-color-5)","background-image":"","background-repeat":"repeat","background-position":"center center","background-size":"auto","background-attachment":"scroll","background-type":"","background-media":"","overlay-type":"","overlay-color":"","overlay-opacity":"","overlay-gradient":""}},"footnotes":""},"class_list":["post-145833","page","type-page","status-publish","has-post-thumbnail","hentry"],"_links":{"self":[{"href":"https:\/\/medclinics.com\/tr\/wp-json\/wp\/v2\/pages\/145833","targetHints":{"allow":["GET"]}}],"collection":[{"href":"https:\/\/medclinics.com\/tr\/wp-json\/wp\/v2\/pages"}],"about":[{"href":"https:\/\/medclinics.com\/tr\/wp-json\/wp\/v2\/types\/page"}],"author":[{"embeddable":true,"href":"https:\/\/medclinics.com\/tr\/wp-json\/wp\/v2\/users\/4"}],"replies":[{"embeddable":true,"href":"https:\/\/medclinics.com\/tr\/wp-json\/wp\/v2\/comments?post=145833"}],"version-history":[{"count":0,"href":"https:\/\/medclinics.com\/tr\/wp-json\/wp\/v2\/pages\/145833\/revisions"}],"wp:featuredmedia":[{"embeddable":true,"href":"https:\/\/medclinics.com\/tr\/wp-json\/wp\/v2\/media\/92977"}],"wp:attachment":[{"href":"https:\/\/medclinics.com\/tr\/wp-json\/wp\/v2\/media?parent=145833"}],"curies":[{"name":"wp","href":"https:\/\/api.w.org\/{rel}","templated":true}]}}