{"id":145793,"date":"2023-05-18T06:43:00","date_gmt":"2023-05-18T03:43:00","guid":{"rendered":"https:\/\/medclinics.com\/agiz-kanseri\/"},"modified":"2025-01-02T17:24:28","modified_gmt":"2025-01-02T14:24:28","slug":"agiz-kanseri","status":"publish","type":"page","link":"https:\/\/medclinics.com\/tr\/agiz-kanseri\/","title":{"rendered":"A\u011f\u0131z Kanseri"},"content":{"rendered":"\n<h2 class=\"wp-block-heading\" id=\"isPasted\">Kapsaml\u0131 A\u011f\u0131z Kanseri Te\u015fhis ve Tedavisi<\/h2>\n\n<h3 class=\"wp-block-heading\">A\u011f\u0131z Kanseri Nedir?<\/h3>\n\n<p>A\u011f\u0131z kanseri, dudaklar, dil, yanaklar, a\u011f\u0131z taban\u0131, sert ve yumu\u015fak damak, sin\u00fcsler ve bo\u011faz dahil olmak \u00fczere a\u011fz\u0131n herhangi bir yerinde geli\u015fen kanserdir. Etkili tedavi i\u00e7in erken te\u015fhis \u00e7ok \u00f6nemlidir. Dikkat edilmesi gereken belirtiler aras\u0131nda inat\u00e7\u0131 a\u011f\u0131z yaralar\u0131, yumrular, beyaz veya k\u0131rm\u0131z\u0131 lekeler, yutma g\u00fc\u00e7l\u00fc\u011f\u00fc ve a\u00e7\u0131klanamayan kanamalar yer al\u0131r.<\/p>\n\n<h3 class=\"wp-block-heading\">A\u011f\u0131z Kanseri Te\u015fhisi<\/h3>\n\n<p><a href=\"https:\/\/en.wikipedia.org\/wiki\/Oral_cancer\" target=\"_blank\" rel=\"noreferrer noopener\">A\u011f\u0131z kanseri<\/a> te\u015fhisi, bir sa\u011fl\u0131k uzman\u0131 taraf\u0131ndan yap\u0131lan kapsaml\u0131 bir muayeneyi i\u00e7erir. Herhangi bir \u015f\u00fcpheli alan tespit edilirse, laboratuvarda daha fazla analiz i\u00e7in doku \u00f6rnekleri toplamak \u00fczere biyopsi yap\u0131lacakt\u0131r. Bu sayede kanserli h\u00fccreler tespit edilebilmektedir.<\/p>\n\n<h3 class=\"wp-block-heading\">G\u00f6r\u00fcnt\u00fcleme \u00c7al\u0131\u015fmalar\u0131<\/h3>\n\n<p>X-\u0131\u015f\u0131nlar\u0131, CT taramalar\u0131 ve MRI gibi g\u00f6r\u00fcnt\u00fcleme \u00e7al\u0131\u015fmalar\u0131 di\u011fer \u00f6nemli te\u015fhis y\u00f6ntemleridir. Bu y\u00f6ntemlerle doktorlar a\u011f\u0131z bo\u015flu\u011funu ve \u00e7evre dokular\u0131 g\u00f6rebilirler. Bu, kanserin do\u011fru evrelendirilmesi i\u00e7in \u00f6nemlidir.<\/p>\n\n<h3 class=\"wp-block-heading\">Kan Testleri ve HPV Testi<\/h3>\n\n<p>Kan testleri, kanserli h\u00fccrelerin varl\u0131\u011f\u0131n\u0131 g\u00f6steren belirte\u00e7leri tespit edebilir. Ayr\u0131ca, HPV a\u011f\u0131z kanseri geli\u015fimi i\u00e7in \u00f6nemli bir risk fakt\u00f6r\u00fc oldu\u011fundan HPV testi de \u00f6nemlidir.<\/p>\n\n<h3 class=\"wp-block-heading\">Tedavi Se\u00e7enekleri<\/h3>\n\n<p>Kapsaml\u0131 muayene ve testlerin ard\u0131ndan sonu\u00e7lar en uygun tedavi se\u00e7eneklerinin belirlenmesine yard\u0131mc\u0131 olur. Tedavi planlar\u0131, kanserin ciddiyetine ve evresine g\u00f6re \u00f6zelle\u015ftirilir. Tedavinin her hasta i\u00e7in bireyselle\u015ftirilmesi gerekir, normalde bir ameliyat, radyasyon tedavisi ve kemoterapi olacakt\u0131r.<\/p>\n\n<h3 class=\"wp-block-heading\">Ameliyat<\/h3>\n\n<p>Cerrahi tedavi, kanserli dokunun ve baz\u0131 durumlarda yak\u0131ndaki lenf d\u00fc\u011f\u00fcmlerinin al\u0131nmas\u0131n\u0131 i\u00e7erir. Ameliyat\u0131n kapsam\u0131 t\u00fcm\u00f6r\u00fcn b\u00fcy\u00fckl\u00fc\u011f\u00fcne ve konumuna ba\u011fl\u0131d\u0131r. Bazen, etkilenen b\u00f6lgenin g\u00f6r\u00fcn\u00fcm\u00fcn\u00fc ve i\u015flevini eski haline getirmek i\u00e7in rekonstr\u00fcktif cerrahi gerekir.<\/p>\n\n<h3 class=\"wp-block-heading\">Radyasyon Tedavisi<\/h3>\n\n<p>Radyasyon tedavisi, kanser h\u00fccrelerini yok etmek i\u00e7in y\u00fcksek enerjili \u0131\u015f\u0131nlar kullan\u0131r. Tek ba\u015f\u0131na veya ameliyatla birlikte kullan\u0131labilir. Bu tedavi, kanser h\u00fccrelerini hedef al\u0131rken \u00e7evredeki sa\u011fl\u0131kl\u0131 dokuya verilen zarar\u0131 en aza indirir.<\/p>\n\n<h3 class=\"wp-block-heading\">Kemoterapi<\/h3>\n\n<p>Kemoterapi, kanser h\u00fccrelerini \u00f6ld\u00fcrmek i\u00e7in ila\u00e7 kullan\u0131m\u0131n\u0131 i\u00e7erir. A\u011f\u0131zdan al\u0131nabilir veya damardan uygulanabilir ve genellikle di\u011fer tedavilerle birle\u015ftirilir. Kemoterapi \u00f6zellikle ba\u015flang\u0131\u00e7 b\u00f6lgesinin \u00f6tesine yay\u0131lm\u0131\u015f olan kanserler i\u00e7in etkilidir.<\/p>\n\n<h3 class=\"wp-block-heading\">Sonu\u00e7<\/h3>\n\n<p>Erken tan\u0131 ve tedavi, a\u011f\u0131z kanseri hastalar\u0131nda sonu\u00e7lar\u0131 ve hayatta kalma oranlar\u0131n\u0131 iyile\u015ftirmek i\u00e7in hayati \u00f6nem ta\u015f\u0131maktad\u0131r. D\u00fczenli di\u015f muayeneleri ve semptomlar\u0131n fark\u0131nda olunmas\u0131 erken te\u015fhise yol a\u00e7abilir. Herhangi bir a\u011f\u0131z kanseri belirtisi fark ederseniz, kapsaml\u0131 bir muayene ve uygun testler i\u00e7in bir sa\u011fl\u0131k uzman\u0131na dan\u0131\u015f\u0131n.<\/p>\n\n<p>\u0130yi bir a\u011f\u0131z hijyeni, t\u00fct\u00fcn ve a\u015f\u0131r\u0131 alkol kullan\u0131m\u0131ndan ka\u00e7\u0131nmak ve HPV&#8217;ye kar\u015f\u0131 a\u015f\u0131 olmak temel \u00f6nleyici tedbirlerdir. Daha fazla bilgiye ihtiyac\u0131n\u0131z varsa veya a\u011f\u0131z kanseri olabilece\u011finizden \u015f\u00fcpheleniyorsan\u0131z, kapsaml\u0131 bir de\u011ferlendirme i\u00e7in sa\u011fl\u0131k uzman\u0131n\u0131za ba\u015fvurun.<\/p>\n\n<p>Te\u015fhis s\u00fcrecini ve mevcut tedavileri anlamak, sa\u011fl\u0131\u011f\u0131n\u0131z hakk\u0131nda bilin\u00e7li kararlar vermenize yard\u0131mc\u0131 olur. Erken m\u00fcdahale, a\u011f\u0131z kanserini etkili bir \u015fekilde y\u00f6netmenin ve y\u00fcksek ya\u015fam kalitesini s\u00fcrd\u00fcrmenin anahtar\u0131d\u0131r.<\/p>\n\n<h3 class=\"wp-block-heading\">Fiyat, tedavi sonras\u0131 bak\u0131m ve iyile\u015fme s\u00fcreci dahil olmak \u00fczere <a href=\"https:\/\/medclinics.com\/dental-treatment\/\" target=\"_blank\" rel=\"noreferrer noopener\">di\u015f tedavisi<\/a> hakk\u0131nda bilmeniz gereken her \u015fey veya <a href=\"#requestform\">bizimle ileti\u015fime<\/a> ge\u00e7in!<\/h3>\n\n<figure class=\"wp-block-image size-full\"><img fetchpriority=\"high\" decoding=\"async\" width=\"960\" height=\"540\" src=\"https:\/\/medclinics.com\/wp-content\/uploads\/2023\/07\/oral-cancer-near-me.jpg\" alt=\"A&#x11F;&#x131;z Kanseri Belirtileri\" class=\"wp-image-98297\" srcset=\"https:\/\/medclinics.com\/wp-content\/uploads\/2023\/07\/oral-cancer-near-me.jpg 960w, https:\/\/medclinics.com\/wp-content\/uploads\/2023\/07\/oral-cancer-near-me-500x281.jpg 500w, https:\/\/medclinics.com\/wp-content\/uploads\/2023\/07\/oral-cancer-near-me-768x432.jpg 768w, https:\/\/medclinics.com\/wp-content\/uploads\/2023\/07\/oral-cancer-near-me-24x14.jpg 24w, https:\/\/medclinics.com\/wp-content\/uploads\/2023\/07\/oral-cancer-near-me-36x20.jpg 36w, https:\/\/medclinics.com\/wp-content\/uploads\/2023\/07\/oral-cancer-near-me-48x27.jpg 48w\" sizes=\"(max-width: 960px) 100vw, 960px\" \/><\/figure>\n\n<h2 class=\"wp-block-heading\">SSS<\/h2>\n<div id=\"rank-math-faq\" class=\"rank-math-block\">\n<div class=\"rank-math-list \">\n<div id=\"faq-question-1682666956133\" class=\"rank-math-list-item\">\n<h3 class=\"rank-math-question \">A\u011f\u0131z kanseri nas\u0131l tedavi edilir?<\/h3>\n<div class=\"rank-math-answer \">\n\n<p>A\u011f\u0131z kanserinin tedavisi, kanserin evresi ve yeri ile hastan\u0131n genel sa\u011fl\u0131k durumu gibi fakt\u00f6rlere ba\u011fl\u0131 olarak \u00e7e\u015fitli yakla\u015f\u0131mlar\u0131 i\u00e7erir. Ba\u015fl\u0131ca tedavi se\u00e7enekleri aras\u0131nda cerrahi, radyasyon tedavisi, kemoterapi, hedefe y\u00f6nelik tedavi ve imm\u00fcnoterapi yer almaktad\u0131r. Cerrahi, kanserli t\u00fcm\u00f6r\u00fcn ve \u00e7evresindeki dokular\u0131n \u00e7\u0131kar\u0131lmas\u0131n\u0131 i\u00e7erirken, radyasyon tedavisi kanser h\u00fccrelerini \u00f6ld\u00fcrmek i\u00e7in y\u00fcksek enerjili radyasyon kullan\u0131r. Kemoterapi, kanser h\u00fccrelerini yok etmek i\u00e7in anti-kanser ila\u00e7lar\u0131 kullan\u0131r ve hedefe y\u00f6nelik tedavi \u00f6zellikle kanser h\u00fccrelerini veya molek\u00fcler belirte\u00e7leri hedef al\u0131r. \u0130mm\u00fcnoterapi, kanser h\u00fccrelerini tan\u0131mak ve ortadan kald\u0131rmak i\u00e7in v\u00fccudun ba\u011f\u0131\u015f\u0131kl\u0131k sistemini g\u00fc\u00e7lendirir. Tedavi veya tedavi kombinasyonu se\u00e7imi, sa\u011fl\u0131k uzmanlar\u0131ndan olu\u015fan multidisipliner bir ekip taraf\u0131ndan belirlenir. D\u00fczenli takip ve destekleyici bak\u0131m, bu kanseri y\u00f6netmek ve tedaviye ba\u011fl\u0131 yan etkileri en aza indirmek i\u00e7in \u00e7ok \u00f6nemlidir.<\/p>\n\n<\/div>\n<\/div>\n<div id=\"faq-question-1684245753385\" class=\"rank-math-list-item\">\n<h3 class=\"rank-math-question \">A\u011f\u0131z kanseri nas\u0131l ba\u015flar?<\/h3>\n<div class=\"rank-math-answer \">\n\n<p>A\u011f\u0131z kanseri tipik olarak a\u011f\u0131z ve bo\u011faz\u0131 kaplayan h\u00fccrelerden kaynaklan\u0131r. Ba\u015fl\u0131ca risk fakt\u00f6rleri aras\u0131nda t\u00fct\u00fcn kullan\u0131m\u0131, a\u015f\u0131r\u0131 alkol t\u00fcketimi, HPV enfeksiyonu, aile \u00f6yk\u00fcs\u00fc, k\u00f6t\u00fc a\u011f\u0131z hijyeni, zay\u0131flam\u0131\u015f ba\u011f\u0131\u015f\u0131kl\u0131k sistemi ve sa\u011fl\u0131ks\u0131z beslenme yer almaktad\u0131r. D\u00fczenli di\u015f muayeneleri ve taramalar\u0131 erken te\u015fhis i\u00e7in \u00e7ok \u00f6nemlidir.<\/p>\n\n<\/div>\n<\/div>\n<div id=\"faq-question-1684245846121\" class=\"rank-math-list-item\">\n<h3 class=\"rank-math-question \">A\u011f\u0131z kanseri neden olu\u015fur?<\/h3>\n<div class=\"rank-math-answer \">\n\n<p>A\u011f\u0131z kanserinin kesin nedeni her zaman bilinmemektedir, ancak hastal\u0131\u011fa yakalanma riskini art\u0131rabilecek \u00e7e\u015fitli fakt\u00f6rler vard\u0131r. Ba\u015fl\u0131ca risk fakt\u00f6rleri aras\u0131nda t\u00fct\u00fcn kullan\u0131m\u0131 (sigara ve dumans\u0131z t\u00fct\u00fcn dahil), a\u015f\u0131r\u0131 alkol t\u00fcketimi, insan papilloma vir\u00fcs\u00fc (HPV) enfeksiyonunun belirli t\u00fcrleri, zay\u0131flam\u0131\u015f bir ba\u011f\u0131\u015f\u0131kl\u0131k sistemi, k\u00f6t\u00fc a\u011f\u0131z hijyeni, meyve ve sebzeden yoksun bir diyet ve ailede a\u011f\u0131z kanseri \u00f6yk\u00fcs\u00fc yer almaktad\u0131r. Bu risk fakt\u00f6rlerinden bir veya daha fazlas\u0131na sahip olman\u0131n, bir ki\u015finin mutlaka a\u011f\u0131z kanserine yakalanaca\u011f\u0131 anlam\u0131na gelmedi\u011fini, ancak olas\u0131l\u0131\u011f\u0131 art\u0131rabilece\u011fini unutmamak \u00f6nemlidir. D\u00fczenli di\u015f muayeneleri ve sa\u011fl\u0131kl\u0131 bir ya\u015fam tarz\u0131n\u0131n s\u00fcrd\u00fcr\u00fclmesi a\u011f\u0131z kanseri riskini azaltmak i\u00e7in \u00f6nemlidir.<\/p>\n\n<\/div>\n<\/div>\n<\/div>\n<\/div>\n<h3 class=\"wp-block-heading\">Herhangi bir sorunuz olmas\u0131 durumunda hemen <a href=\"#requestform\" target=\"_blank\" rel=\"noreferrer noopener\">bizimle ileti\u015fime ge\u00e7in!<\/a><\/h3>\n","protected":false},"excerpt":{"rendered":"<p>Kapsaml\u0131 A\u011f\u0131z Kanseri Te\u015fhis ve Tedavisi A\u011f\u0131z Kanseri Nedir? A\u011f\u0131z kanseri, dudaklar, dil, yanaklar, a\u011f\u0131z taban\u0131, sert ve yumu\u015fak damak, [&hellip;]<\/p>\n","protected":false},"author":4,"featured_media":92377,"parent":0,"menu_order":0,"comment_status":"closed","ping_status":"closed","template":"","meta":{"site-sidebar-layout":"default","site-content-layout":"","ast-site-content-layout":"default","site-content-style":"default","site-sidebar-style":"default","ast-global-header-display":"","ast-banner-title-visibility":"","ast-main-header-display":"","ast-hfb-above-header-display":"","ast-hfb-below-header-display":"","ast-hfb-mobile-header-display":"","site-post-title":"","ast-breadcrumbs-content":"","ast-featured-img":"","footer-sml-layout":"","ast-disable-related-posts":"","theme-transparent-header-meta":"","adv-header-id-meta":"","stick-header-meta":"","header-above-stick-meta":"","header-main-stick-meta":"","header-below-stick-meta":"","astra-migrate-meta-layouts":"default","ast-page-background-enabled":"default","ast-page-background-meta":{"desktop":{"background-color":"var(--ast-global-color-4)","background-image":"","background-repeat":"repeat","background-position":"center center","background-size":"auto","background-attachment":"scroll","background-type":"","background-media":"","overlay-type":"","overlay-color":"","overlay-opacity":"","overlay-gradient":""},"tablet":{"background-color":"","background-image":"","background-repeat":"repeat","background-position":"center center","background-size":"auto","background-attachment":"scroll","background-type":"","background-media":"","overlay-type":"","overlay-color":"","overlay-opacity":"","overlay-gradient":""},"mobile":{"background-color":"","background-image":"","background-repeat":"repeat","background-position":"center center","background-size":"auto","background-attachment":"scroll","background-type":"","background-media":"","overlay-type":"","overlay-color":"","overlay-opacity":"","overlay-gradient":""}},"ast-content-background-meta":{"desktop":{"background-color":"var(--ast-global-color-5)","background-image":"","background-repeat":"repeat","background-position":"center center","background-size":"auto","background-attachment":"scroll","background-type":"","background-media":"","overlay-type":"","overlay-color":"","overlay-opacity":"","overlay-gradient":""},"tablet":{"background-color":"var(--ast-global-color-5)","background-image":"","background-repeat":"repeat","background-position":"center center","background-size":"auto","background-attachment":"scroll","background-type":"","background-media":"","overlay-type":"","overlay-color":"","overlay-opacity":"","overlay-gradient":""},"mobile":{"background-color":"var(--ast-global-color-5)","background-image":"","background-repeat":"repeat","background-position":"center center","background-size":"auto","background-attachment":"scroll","background-type":"","background-media":"","overlay-type":"","overlay-color":"","overlay-opacity":"","overlay-gradient":""}},"footnotes":""},"class_list":["post-145793","page","type-page","status-publish","has-post-thumbnail","hentry"],"_links":{"self":[{"href":"https:\/\/medclinics.com\/tr\/wp-json\/wp\/v2\/pages\/145793","targetHints":{"allow":["GET"]}}],"collection":[{"href":"https:\/\/medclinics.com\/tr\/wp-json\/wp\/v2\/pages"}],"about":[{"href":"https:\/\/medclinics.com\/tr\/wp-json\/wp\/v2\/types\/page"}],"author":[{"embeddable":true,"href":"https:\/\/medclinics.com\/tr\/wp-json\/wp\/v2\/users\/4"}],"replies":[{"embeddable":true,"href":"https:\/\/medclinics.com\/tr\/wp-json\/wp\/v2\/comments?post=145793"}],"version-history":[{"count":0,"href":"https:\/\/medclinics.com\/tr\/wp-json\/wp\/v2\/pages\/145793\/revisions"}],"wp:featuredmedia":[{"embeddable":true,"href":"https:\/\/medclinics.com\/tr\/wp-json\/wp\/v2\/media\/92377"}],"wp:attachment":[{"href":"https:\/\/medclinics.com\/tr\/wp-json\/wp\/v2\/media?parent=145793"}],"curies":[{"name":"wp","href":"https:\/\/api.w.org\/{rel}","templated":true}]}}