{"id":145787,"date":"2023-05-16T13:52:11","date_gmt":"2023-05-16T10:52:11","guid":{"rendered":"https:\/\/medclinics.com\/cikarilabilir-apareyler\/"},"modified":"2025-01-03T00:06:58","modified_gmt":"2025-01-02T21:06:58","slug":"cikarilabilir-apareyler","status":"publish","type":"page","link":"https:\/\/medclinics.com\/tr\/cikarilabilir-apareyler\/","title":{"rendered":"\u00c7\u0131kar\u0131labilir Apareyler"},"content":{"rendered":"\n<h2 class=\"wp-block-heading\">\u00c7\u0131kar\u0131labilir Apareylerin Rahatl\u0131\u011f\u0131n\u0131 Ke\u015ffedin: Kapsaml\u0131 Bir Genel Bak\u0131\u015f<\/h2>\n\n<p>\u00d6zg\u00fcrce g\u00fclmek ve g\u00fcl\u00fc\u015f\u00fcn\u00fcz\u00fc iyile\u015ftirmek istiyorsan\u0131z, \u00e7\u0131kar\u0131labilir apareyler tam da ihtiyac\u0131n\u0131z olan \u015fey olabilir. Bu \u00e7ok y\u00f6nl\u00fc ortodontik apareyler esneklik ve konfor sunar. Bu da onlar\u0131 \u00e7apra\u015f\u0131kl\u0131k veya aral\u0131k gibi k\u00fc\u00e7\u00fck di\u015f sorunlar\u0131n\u0131n tedavisinde pop\u00fcler bir se\u00e7im haline getirir.  <\/p>\n\n<h3 class=\"wp-block-heading\">\u00c7\u0131kar\u0131labilir Apareyler Nedir? <\/h3>\n\n<p>\u00c7\u0131kar\u0131labilir apareyler, hastalar\u0131n kendilerinin \u00e7\u0131karabilece\u011fi ortodontik \u00e7\u00f6z\u00fcmlerdir. Di\u015flere ba\u011fl\u0131 kalmas\u0131 gereken sabit ayg\u0131tlar\u0131n aksine, \u00e7\u0131kar\u0131labilir ayg\u0131tlar sabit di\u015f tellerine k\u0131yasla daha fazla esneklik ve kullan\u0131m kolayl\u0131\u011f\u0131 sunar; bu da onlar\u0131 uzun s\u00fcreli ba\u011fl\u0131l\u0131k olmadan di\u015f sorunlar\u0131n\u0131 d\u00fczeltmek i\u00e7in h\u0131zl\u0131 \u00e7\u00f6z\u00fcmler arayan hastalar i\u00e7in ideal hale getirir. <\/p>\n\n<h3 class=\"wp-block-heading\">\u00c7\u0131kar\u0131labilir Aparey T\u00fcrleri<\/h3>\n\n<p>Piyasada belirli di\u015f ihtiya\u00e7lar\u0131n\u0131 kar\u015f\u0131lamak \u00fczere tasarlanm\u0131\u015f \u00e7e\u015fitli tipte \u00e7\u0131kar\u0131labilir di\u015f apareyleri bulunmaktad\u0131r:<\/p>\n\n<h4 class=\"wp-block-heading\">Tutucular<\/h4>\n\n<p>Tutucular, ortodontik tedavi sonras\u0131nda di\u015f hizas\u0131n\u0131n korunmas\u0131na yard\u0131mc\u0131 olmak \u00fczere tasarlanm\u0131\u015f \u00f6zel yap\u0131m cihazlard\u0131r. Akrilik veya \u015feffaf plastik malzemelerden \u00fcretilen tutucular, di\u015flerinizin \u00fczerine veya arkas\u0131na rahat\u00e7a oturur ve ortodontik bir program s\u0131ras\u0131nda elde edilen sonu\u00e7lar\u0131n, di\u015f telleri \u00e7\u0131kar\u0131ld\u0131ktan sonra orijinal konumlar\u0131na geri kaymas\u0131n\u0131 \u00f6nlemeye yard\u0131mc\u0131 olabilir &#8211; bu t\u00fcr cihaz kullan\u0131m\u0131n\u0131n uzun vadeli faydalar\u0131n\u0131 sunar. <\/p>\n\n<h4 class=\"wp-block-heading\">Hizalay\u0131c\u0131lar<\/h4>\n\n<p>A\u011f\u0131z koruyucular\u0131na benzeyen \u015feffaf tepsilerden olu\u015fan ve di\u015flerdeki \u00e7arp\u0131kl\u0131klar\u0131 d\u00fczeltmek i\u00e7in kullan\u0131lan, g\u00fcnde 20-22 saat boyunca tak\u0131lan ve yaln\u0131zca yemek yerken, di\u015f f\u0131r\u00e7alarken veya di\u015f ipi kullan\u0131rken \u00e7\u0131kar\u0131lan bir ba\u015fka \u00e7\u0131kar\u0131labilir aparey olan alignerlar, g\u00f6ze \u00e7arpmayan ve kullan\u0131\u015fl\u0131 bir ortodontik tedavi se\u00e7ene\u011fidir. Invisalign, neredeyse g\u00f6r\u00fcnmezli\u011fi ve kullan\u0131c\u0131 dostu olmas\u0131 nedeniyle cazip bir se\u00e7enek haline gelmi\u015ftir; a\u015famal\u0131 serileri di\u015fleri nazik\u00e7e istenen pozisyonlara kayd\u0131rarak geleneksel di\u015f tellerine modern alternatifler sunar. <\/p>\n\n<h4 class=\"wp-block-heading\">Geni\u015fleticiler<\/h4>\n\n<p>Geni\u015fleticiler, dar kemerleri d\u00fczeltmek isteyen hastalara harika bir \u00e7\u00f6z\u00fcm sunar. Bu cihazlar a\u011fz\u0131n \u00e7at\u0131s\u0131na yerle\u015ftirilir ve \u00e7eneleri geni\u015fleterek \u00e7al\u0131\u015f\u0131r; ayarlamalar ya bir ortodontist taraf\u0131ndan ya da do\u011frudan ortodontistin \u00f6zel talimatlar\u0131 do\u011frultusunda yap\u0131l\u0131r. Geni\u015fleticiler \u00f6zellikle a\u011f\u0131z i\u00e7inde daha fazla alan yaratmada ve genel di\u015f hizalamas\u0131n\u0131 iyile\u015ftirmede faydal\u0131d\u0131r; daha sonra daha ciddi di\u015f sorunlar\u0131n\u0131 \u00f6nleyebilecek bir erken m\u00fcdahale arac\u0131 olarak \u00f6zellikle \u00f6nemlidirler.  <\/p>\n\n<h3 class=\"wp-block-heading\">\u00c7\u0131kar\u0131labilir Apareylerin Faydalar\u0131<\/h3>\n\n<p><a href=\"https:\/\/en.wikipedia.org\/wiki\/Orthodontic_technology\" target=\"_blank\" rel=\"noreferrer noopener\">\u00c7\u0131kar\u0131labilir apareyler<\/a>, bir\u00e7ok hasta aras\u0131nda tercih edilmelerini sa\u011flayan \u00e7ok say\u0131da avantaj sunar:<\/p>\n\n<h4 class=\"wp-block-heading\">Rahatl\u0131k: <\/h4>\n\n<p>\u00c7\u0131kar\u0131labilir apareyler, gerekti\u011finde yemek yemek, f\u0131r\u00e7alamak ve di\u015f ipi kullanmak i\u00e7in \u00e7\u0131kar\u0131larak temizlik ve di\u015f hijyeninin s\u00fcrd\u00fcr\u00fclmesini kolayla\u015ft\u0131r\u0131r &#8211; hastalar\u0131n f\u0131r\u00e7alama veya di\u015f ipi kullanma rutinlerini engellemeden her y\u00fczeye ula\u015fmalar\u0131n\u0131 sa\u011flar.<\/p>\n\n<h4 class=\"wp-block-heading\">Konfor: <\/h4>\n\n<p>A\u011fz\u0131n\u0131za m\u00fckemmel bir \u015fekilde oturmas\u0131 i\u00e7in \u00f6zel olarak \u00fcretilen bu cihazlar, optimum konfor i\u00e7in \u00f6zel olarak \u00fcretilmi\u015ftir ve keyifli bir ortodontik deneyim sa\u011flar. \u00d6zel uyumlar\u0131, genellikle sabit apareylerle birlikte gelen tahri\u015f ve rahats\u0131zl\u0131\u011f\u0131 azalt\u0131r. <\/p>\n\n<h4 class=\"wp-block-heading\">Esneklik: <\/h4>\n\n<p>Protez apareyleri, hastalar\u0131n k\u00fc\u00e7\u00fck di\u015f sorunlar\u0131n\u0131 kal\u0131c\u0131 apareylere gerek kalmadan \u00e7\u00f6zmelerine olanak tan\u0131r; ayr\u0131ca hastalar gerekti\u011finde \u00f6zel etkinlikler veya durumlar i\u00e7in bunlar\u0131 kolayca \u00e7\u0131karabilir ve tedavilerine \u00e7ok y\u00f6nl\u00fcl\u00fck ve uyarlanabilirlik d\u00fczeyi ekler.<\/p>\n\n<p>\u015eeffaf plakalar, geleneksel metal di\u015f telleri takmaktan utanabilecek yeti\u015fkinler ve gen\u00e7ler i\u00e7in ideal olan gizli ortodontik tedavi sunar.<\/p>\n\n<h3 class=\"wp-block-heading\">Di\u015f Tedavileri \u0130\u00e7in Neden T\u00fcrkiye? <\/h3>\n\n<p>T\u00fcrkiye, d\u00fcnyan\u0131n d\u00f6rt bir yan\u0131ndan hastalar\u0131 \u00e7ekerek di\u015f turizmi i\u00e7in h\u0131zla en iyi destinasyon haline gelmi\u015ftir. Ba\u015fta \u0130ngiltere olmak \u00fczere pek \u00e7ok Bat\u0131 \u00fclkesinden daha d\u00fc\u015f\u00fck maliyetlerle y\u00fcksek kaliteli di\u015f hekimli\u011fi hizmeti sunmas\u0131 ve uzman T\u00fcrk di\u015f hekimleri, T\u00fcrkiye&#8217;yi yurtd\u0131\u015f\u0131nda tedavi olmak isteyen herkes i\u00e7in m\u00fckemmel bir se\u00e7enek haline getirmektedir. <\/p>\n\n<p>T\u00fcrkiye, son teknoloji \u00fcr\u00fcn\u00fc tesisleri, y\u00fcksek nitelikli di\u015f hekimi uzmanlar\u0131 ve uluslararas\u0131 hastalara sa\u011flad\u0131\u011f\u0131 kapsaml\u0131 bak\u0131m sayesinde son y\u0131llarda di\u015f turizminde h\u0131zl\u0131 bir geni\u015fleme g\u00f6rm\u00fc\u015ft\u00fcr. T\u00fcrkiye&#8217;deki bir\u00e7ok klinik, konaklama ve ula\u015f\u0131m\u0131 da i\u00e7eren paketler sunarak yurt d\u0131\u015f\u0131ndan gelen ziyaret\u00e7ilerin deneyimlerini sorunsuz ve stressiz hale getirmektedir. <\/p>\n\n<h3 class=\"wp-block-heading\">MedClinics, a\u015fa\u011f\u0131dakiler gibi kapsaml\u0131 di\u015f hekimli\u011fi hizmetleri sunmaktad\u0131r:<\/h3>\n\n<h4 class=\"wp-block-heading\">Kozmetik Di\u015f Hekimli\u011fi: <\/h4>\n\n<p>Kal\u0131c\u0131 g\u00fcl\u00fc\u015f d\u00f6n\u00fc\u015f\u00fcmleri elde etmek i\u00e7in di\u015f beyazlatma, kaplamalar ve g\u00fcl\u00fc\u015f makyajlar\u0131 gibi geli\u015fmi\u015f kozmetik prosed\u00fcrlerimizle g\u00fcl\u00fc\u015f\u00fcn\u00fcz\u00fc geli\u015ftirin. Kozmetik di\u015f hekimli\u011finin temel amac\u0131 di\u015flerin g\u00f6r\u00fcn\u00fcm\u00fcn\u00fc iyile\u015ftirirken ayn\u0131 zamanda g\u00fcveni ve esteti\u011fi art\u0131rmakt\u0131r. <\/p>\n\n<h4 class=\"wp-block-heading\">Estetik Di\u015f Hekimli\u011fi: <\/h4>\n\n<p>Estetik tedavilerimizde odak noktam\u0131z, g\u00fcl\u00fc\u015f\u00fcn\u00fczde daha fazla simetri ve g\u00fczellik yaratmak i\u00e7in di\u015f eti yeniden \u015fekillendirme ve bonding gibi tedaviler de dahil olmak \u00fczere di\u015flerinizin ve di\u015f etlerinizin genel g\u00f6r\u00fcn\u00fcm\u00fcn\u00fc ve uyumunu iyile\u015ftirmektir.<\/p>\n\n<h4 class=\"wp-block-heading\">Restoratif Di\u015f Hekimli\u011fi: <\/h4>\n\n<p>Klini\u011fimizde, a\u011f\u0131z sa\u011fl\u0131\u011f\u0131n\u0131 ve i\u015flevselli\u011fini geri kazand\u0131rmak i\u00e7in kronlar, k\u00f6pr\u00fcler ve implantlar dahil olmak \u00fczere hasarl\u0131 veya eksik di\u015fler i\u00e7in \u00e7\u00f6z\u00fcmler sunuyoruz. Restoratif di\u015f hekimli\u011fi, di\u015flerinizin do\u011fal i\u015flevini yeniden kazand\u0131rmay\u0131 ama\u00e7lar, b\u00f6ylece tekrar gururla yemek yemenin, konu\u015fman\u0131n ve g\u00fcl\u00fcmsemenin tad\u0131n\u0131 \u00e7\u0131karabilirsiniz. <\/p>\n\n<h3 class=\"wp-block-heading\">Sonu\u00e7<\/h3>\n\n<p>Hareketli apareyler \u00e7e\u015fitli ortodontik ihtiya\u00e7lar i\u00e7in etkili, esnek ve pratik bir \u00e7\u00f6z\u00fcm sa\u011flar. Di\u015flerin hizas\u0131n\u0131 korumaktan \u00e7arp\u0131kl\u0131klar\u0131 d\u00fczeltmeye, dar kavisleri d\u00fczeltmekten dar kavisleri d\u00fczeltmeye kadar; \u00e7\u0131kar\u0131labilir apareyler etkili ve konforlu \u00e7\u00f6z\u00fcmler sunar. Temizli\u011finin kolay, kullan\u0131m\u0131n\u0131n rahat ve gizlili\u011finin sa\u011flanm\u0131\u015f olmas\u0131, \u00e7\u0131kar\u0131labilir apareyleri hastalar aras\u0131nda cazip bir se\u00e7enek haline getirmektedir.  <\/p>\n\n<p>T\u00fcrkiye&#8217;de di\u015f tedavilerini tercih etmek bir avantaj sa\u011flar: ekonomik bir fiyata birinci s\u0131n\u0131f bak\u0131m almak. T\u00fcrk di\u015f hekimlerinin uzmanl\u0131\u011f\u0131, \u00fclkenin modern di\u015f klinikleri ile birle\u015fti\u011finde en iyi bak\u0131m\u0131 alman\u0131z\u0131 sa\u011flar. <\/p>\n\n<p>medClinics&#8217;in kapsaml\u0131 di\u015f hekimli\u011fi hizmetlerini ke\u015ffedin ve \u00e7\u0131kar\u0131labilir apareylerin \u00e7arp\u0131c\u0131, kendinden emin bir g\u00fcl\u00fcmseme yaratman\u0131za nas\u0131l yard\u0131mc\u0131 olabilece\u011fini ke\u015ffedin.<\/p>\n\n<h3 class=\"wp-block-heading\">Fiyat, tedavi sonras\u0131 bak\u0131m ve iyile\u015fme s\u00fcreci dahil olmak \u00fczere <a href=\"https:\/\/medclinics.com\/dental-treatment\/\" target=\"_blank\" rel=\"noreferrer noopener\">di\u015f tedavisi<\/a> hakk\u0131nda bilmeniz gereken her \u015fey veya <a href=\"#requestform\">bizimle ileti\u015fime<\/a> ge\u00e7in!<\/h3>\n\n<figure class=\"wp-block-image size-large\"><img fetchpriority=\"high\" decoding=\"async\" width=\"6048\" height=\"4024\" src=\"https:\/\/medclinics.com\/wp-content\/uploads\/2023\/05\/removal-appliances.png\" alt=\"&#xC7;&#x131;kar&#x131;labilir Apareyler\" class=\"wp-image-85801\" srcset=\"https:\/\/medclinics.com\/wp-content\/uploads\/2023\/05\/removal-appliances.png 6048w, https:\/\/medclinics.com\/wp-content\/uploads\/2023\/05\/removal-appliances-500x333.png 500w, https:\/\/medclinics.com\/wp-content\/uploads\/2023\/05\/removal-appliances-1024x681.png 1024w, https:\/\/medclinics.com\/wp-content\/uploads\/2023\/05\/removal-appliances-768x511.png 768w, https:\/\/medclinics.com\/wp-content\/uploads\/2023\/05\/removal-appliances-1536x1022.png 1536w, https:\/\/medclinics.com\/wp-content\/uploads\/2023\/05\/removal-appliances-2048x1363.png 2048w, https:\/\/medclinics.com\/wp-content\/uploads\/2023\/05\/removal-appliances-24x16.png 24w, https:\/\/medclinics.com\/wp-content\/uploads\/2023\/05\/removal-appliances-36x24.png 36w, https:\/\/medclinics.com\/wp-content\/uploads\/2023\/05\/removal-appliances-48x32.png 48w\" sizes=\"(max-width: 6048px) 100vw, 6048px\" \/><\/figure>\n\n<h2 class=\"wp-block-heading\">SSS<\/h2>\n<div id=\"rank-math-faq\" class=\"rank-math-block\">\n<div class=\"rank-math-list \">\n<div id=\"faq-question-1682666956133\" class=\"rank-math-list-item\">\n<h3 class=\"rank-math-question \">\u00c7\u0131kar\u0131labilir aparey tedavisi nedir?<\/h3>\n<div class=\"rank-math-answer \">\n\n<p>\u00c7\u0131kar\u0131labilir aparey tedavisi, di\u015f hizalama ve \u0131s\u0131rma sorunlar\u0131n\u0131 d\u00fczeltmek i\u00e7in \u00f6zel yap\u0131m, \u00e7\u0131kar\u0131labilir apareylerin kullan\u0131ld\u0131\u011f\u0131 bir ortodontik tedavi t\u00fcr\u00fcd\u00fcr. Bu cihazlar temizlik ve belirli faaliyetler i\u00e7in d\u0131\u015far\u0131 \u00e7\u0131kar\u0131labilir. K\u00fc\u00e7\u00fck di\u015f hareketlerini gidermek, \u00e7ene b\u00fcy\u00fcmesini y\u00f6nlendirmek, tedaviden sonra di\u015fleri korumak veya di\u015f kemerlerini ge\u00e7ici olarak geni\u015fletmek i\u00e7in kullan\u0131l\u0131rlar. Ba\u015far\u0131l\u0131 bir tedavi i\u00e7in d\u00fczenli a\u015f\u0131nma ve takip ziyaretleri gereklidir.<\/p>\n\n<\/div>\n<\/div>\n<div id=\"faq-question-1684244742028\" class=\"rank-math-list-item\">\n<h3 class=\"rank-math-question \">\u00c7\u0131kar\u0131labilir ortodontik apareyler ne i\u00e7in kullan\u0131l\u0131r?<\/h3>\n<div class=\"rank-math-answer \">\n\n<p>\u00c7\u0131kar\u0131labilir ortodontik apareyler ortodontik tedavide bir\u00e7ok amaca hizmet eder. \u00c7apra\u015f\u0131kl\u0131k veya aral\u0131k sorunlar\u0131 gibi k\u00fc\u00e7\u00fck di\u015f hareketlerinin yan\u0131 s\u0131ra k\u00fc\u00e7\u00fck di\u015f rotasyonlar\u0131 veya e\u011filmelerini d\u00fczeltmek i\u00e7in kullan\u0131l\u0131rlar. Bu apareyler ayn\u0131 zamanda b\u00fcy\u00fcyen bireylerde \u00e7enelerin b\u00fcy\u00fcmesine ve geli\u015fmesine rehberlik ederek daha uyumlu bir \u0131s\u0131rma ili\u015fkisini te\u015fvik edebilir. Ortodontik tedavi tamamland\u0131ktan sonra, elde edilen di\u015f hizas\u0131n\u0131 korumak ve n\u00fcksetmeyi \u00f6nlemek i\u00e7in genellikle \u00e7\u0131kar\u0131labilir tutucular kullan\u0131l\u0131r. Ek olarak, geni\u015fleticili \u00e7\u0131kar\u0131labilir apareyler, \u00f6zellikle di\u015f \u00e7apra\u015f\u0131kl\u0131\u011f\u0131 i\u00e7eren vakalar i\u00e7in di\u015f kemerlerinde ge\u00e7ici olarak daha fazla alan olu\u015fturabilir. Ortodontistler her hastan\u0131n ihtiya\u00e7lar\u0131n\u0131 dikkatle de\u011ferlendirir ve \u00e7\u0131kar\u0131labilir apareylerin kullan\u0131m\u0131n\u0131 da i\u00e7erebilen \u00f6zelle\u015ftirilmi\u015f bir tedavi plan\u0131 geli\u015ftirir. Ba\u015far\u0131l\u0131 tedavi sonu\u00e7lar\u0131 i\u00e7in cihazlar\u0131n tutarl\u0131 bir \u015fekilde kullan\u0131lmas\u0131 ve uygun \u015fekilde bak\u0131m\u0131 \u00e7ok \u00f6nemlidir.<\/p>\n\n<\/div>\n<\/div>\n<\/div>\n<\/div>\n<h3 class=\"wp-block-heading\">Herhangi bir sorunuz olmas\u0131 durumunda hemen <a href=\"#requestform\">bizimle ileti\u015fime<\/a> ge\u00e7in!<\/h3>\n","protected":false},"excerpt":{"rendered":"<p>\u00c7\u0131kar\u0131labilir Apareylerin Rahatl\u0131\u011f\u0131n\u0131 Ke\u015ffedin: Kapsaml\u0131 Bir Genel Bak\u0131\u015f \u00d6zg\u00fcrce g\u00fclmek ve g\u00fcl\u00fc\u015f\u00fcn\u00fcz\u00fc iyile\u015ftirmek istiyorsan\u0131z, \u00e7\u0131kar\u0131labilir apareyler tam da ihtiyac\u0131n\u0131z olan [&hellip;]<\/p>\n","protected":false},"author":4,"featured_media":92420,"parent":0,"menu_order":0,"comment_status":"closed","ping_status":"closed","template":"","meta":{"site-sidebar-layout":"default","site-content-layout":"","ast-site-content-layout":"default","site-content-style":"default","site-sidebar-style":"default","ast-global-header-display":"","ast-banner-title-visibility":"","ast-main-header-display":"","ast-hfb-above-header-display":"","ast-hfb-below-header-display":"","ast-hfb-mobile-header-display":"","site-post-title":"","ast-breadcrumbs-content":"","ast-featured-img":"","footer-sml-layout":"","ast-disable-related-posts":"","theme-transparent-header-meta":"","adv-header-id-meta":"","stick-header-meta":"","header-above-stick-meta":"","header-main-stick-meta":"","header-below-stick-meta":"","astra-migrate-meta-layouts":"default","ast-page-background-enabled":"default","ast-page-background-meta":{"desktop":{"background-color":"var(--ast-global-color-4)","background-image":"","background-repeat":"repeat","background-position":"center center","background-size":"auto","background-attachment":"scroll","background-type":"","background-media":"","overlay-type":"","overlay-color":"","overlay-opacity":"","overlay-gradient":""},"tablet":{"background-color":"","background-image":"","background-repeat":"repeat","background-position":"center center","background-size":"auto","background-attachment":"scroll","background-type":"","background-media":"","overlay-type":"","overlay-color":"","overlay-opacity":"","overlay-gradient":""},"mobile":{"background-color":"","background-image":"","background-repeat":"repeat","background-position":"center center","background-size":"auto","background-attachment":"scroll","background-type":"","background-media":"","overlay-type":"","overlay-color":"","overlay-opacity":"","overlay-gradient":""}},"ast-content-background-meta":{"desktop":{"background-color":"var(--ast-global-color-5)","background-image":"","background-repeat":"repeat","background-position":"center center","background-size":"auto","background-attachment":"scroll","background-type":"","background-media":"","overlay-type":"","overlay-color":"","overlay-opacity":"","overlay-gradient":""},"tablet":{"background-color":"var(--ast-global-color-5)","background-image":"","background-repeat":"repeat","background-position":"center center","background-size":"auto","background-attachment":"scroll","background-type":"","background-media":"","overlay-type":"","overlay-color":"","overlay-opacity":"","overlay-gradient":""},"mobile":{"background-color":"var(--ast-global-color-5)","background-image":"","background-repeat":"repeat","background-position":"center center","background-size":"auto","background-attachment":"scroll","background-type":"","background-media":"","overlay-type":"","overlay-color":"","overlay-opacity":"","overlay-gradient":""}},"footnotes":""},"class_list":["post-145787","page","type-page","status-publish","has-post-thumbnail","hentry"],"_links":{"self":[{"href":"https:\/\/medclinics.com\/tr\/wp-json\/wp\/v2\/pages\/145787","targetHints":{"allow":["GET"]}}],"collection":[{"href":"https:\/\/medclinics.com\/tr\/wp-json\/wp\/v2\/pages"}],"about":[{"href":"https:\/\/medclinics.com\/tr\/wp-json\/wp\/v2\/types\/page"}],"author":[{"embeddable":true,"href":"https:\/\/medclinics.com\/tr\/wp-json\/wp\/v2\/users\/4"}],"replies":[{"embeddable":true,"href":"https:\/\/medclinics.com\/tr\/wp-json\/wp\/v2\/comments?post=145787"}],"version-history":[{"count":0,"href":"https:\/\/medclinics.com\/tr\/wp-json\/wp\/v2\/pages\/145787\/revisions"}],"wp:featuredmedia":[{"embeddable":true,"href":"https:\/\/medclinics.com\/tr\/wp-json\/wp\/v2\/media\/92420"}],"wp:attachment":[{"href":"https:\/\/medclinics.com\/tr\/wp-json\/wp\/v2\/media?parent=145787"}],"curies":[{"name":"wp","href":"https:\/\/api.w.org\/{rel}","templated":true}]}}