{"id":145775,"date":"2023-05-16T13:31:27","date_gmt":"2023-05-16T10:31:27","guid":{"rendered":"https:\/\/medclinics.com\/porselen-laminat-kaplama\/"},"modified":"2025-01-02T17:25:37","modified_gmt":"2025-01-02T14:25:37","slug":"porselen-laminat-kaplama","status":"publish","type":"page","link":"https:\/\/medclinics.com\/tr\/porselen-laminat-kaplama\/","title":{"rendered":"Porselen Laminat Kaplama"},"content":{"rendered":"\n<h2 class=\"wp-block-heading\">Porselen Laminat Veneerler ile G\u00fcl\u00fc\u015f\u00fcn\u00fcz\u00fc G\u00fczelle\u015ftirin<\/h2>\n\n<p>G\u00fcl\u00fc\u015f\u00fcn\u00fcze dikkat \u00e7ekici bir g\u00fcncelleme mi yapmak istiyorsunuz? Porselen laminate <a href=\"https:\/\/en.wikipedia.org\/wiki\/Veneer_(dentistry)\" target=\"_blank\" rel=\"noreferrer noopener\">veneerler<\/a> tam da ihtiyac\u0131n\u0131z olan \u015fey olabilir. Bu inan\u0131lmaz derecede ince kaplamalar di\u015flerinizin \u015feklini, boyutunu ve rengini tamamen de\u011fi\u015ftirebilir. Bu da g\u00fczel ve do\u011fal g\u00f6r\u00fcn\u00fcml\u00fc bir g\u00fcl\u00fcmsemeyle sonu\u00e7lanacakt\u0131r. \u00c7arp\u0131c\u0131 ve uzun \u00f6m\u00fcrl\u00fc sonu\u00e7lar\u0131 nedeniyle bu se\u00e7enek bir\u00e7ok hasta taraf\u0131ndan tercih edilmektedir.    <\/p>\n\n<h3 class=\"wp-block-heading\">Porselen Laminat Kaplamalar Neden M\u00fckemmel Bir Se\u00e7imdir?<\/h3>\n\n<p>Porselen laminat veneerler, g\u00fcl\u00fc\u015fleri g\u00fczelle\u015ftirmek i\u00e7in m\u00fckemmel bir se\u00e7im olmalar\u0131n\u0131 sa\u011flayan bir\u00e7ok avantaj sunar:<\/p>\n\n<h4 class=\"wp-block-heading\">\u00c7ok do\u011fal bir g\u00f6r\u00fcn\u00fcm: <\/h4>\n\n<p>Porselen kaplamalar\u0131n en b\u00fcy\u00fck avantaj\u0131, do\u011fal di\u015flerin \u0131\u015f\u0131\u011f\u0131 yans\u0131tma \u00f6zelliklerini yeniden \u00fcretebilmeleridir. Bu da g\u00fcl\u00fc\u015f\u00fcn\u00fcze do\u011fal ve ger\u00e7ek\u00e7i bir g\u00f6r\u00fcn\u00fcm kazand\u0131r\u0131r. <\/p>\n\n<h4 class=\"wp-block-heading\">Uzun \u00d6m\u00fcrl\u00fc ve Dayan\u0131kl\u0131:<\/h4>\n\n<p>Porselen laminate veneerler sa\u011flaml\u0131klar\u0131 ve uzun \u00f6m\u00fcrl\u00fcl\u00fckleriyle bilinir. Do\u011fru bak\u0131m yap\u0131ld\u0131\u011f\u0131nda &#8211; f\u0131r\u00e7alama, di\u015f ipi kullan\u0131m\u0131 ve di\u015f hekimi ziyaretleri &#8211; uzun y\u0131llar dayanabilir ve lekelere kar\u015f\u0131 do\u011fal di\u015flerden daha iyi diren\u00e7 g\u00f6stererek parlak g\u00f6r\u00fcn\u00fcmlerini uzun y\u0131llar koruyabilirler. <\/p>\n\n<h4 class=\"wp-block-heading\">Daha az invaziv: <\/h4>\n\n<p>Di\u011fer di\u015f restorasyon teknikleriyle kar\u015f\u0131la\u015ft\u0131r\u0131ld\u0131\u011f\u0131nda, porselen kaplamalar\u0131n uygulanmas\u0131 minimal invazivdir. Orijinal di\u015f minesinin yaln\u0131zca k\u00fc\u00e7\u00fck bir k\u0131sm\u0131n\u0131n \u00e7\u0131kar\u0131lmas\u0131 gerekir, bu da prosed\u00fcr\u00fc daha h\u0131zl\u0131 ve daha az a\u011fr\u0131l\u0131 hale getirir. <\/p>\n\n<h4 class=\"wp-block-heading\">\u00c7ok Y\u00f6nl\u00fc \u00c7\u00f6z\u00fcm: <\/h4>\n\n<p>Bu kaplamalar \u00e7ok y\u00f6nl\u00fcd\u00fcr ve renk de\u011fi\u015fikli\u011fi, yontulmu\u015f veya k\u0131r\u0131lm\u0131\u015f di\u015fler, hafif hizas\u0131zl\u0131klar ve di\u015fler aras\u0131ndaki bo\u015fluklar gibi \u00e7e\u015fitli di\u015f sorunlar\u0131n\u0131 giderebilir. Uyarlanabilirlikleri, onlar\u0131 tek bir pakette birden fazla kusur i\u00e7in kapsaml\u0131 bir \u00e7\u00f6z\u00fcm haline getirir. <\/p>\n\n<h4 class=\"wp-block-heading\">H\u0131zl\u0131 sonu\u00e7lar: <\/h4>\n\n<p>\u00d6nemli de\u011fi\u015fiklikler g\u00f6stermesi y\u0131llar alabilen ortodontik tedavilerin aksine, porselen kaplamalar h\u0131zl\u0131 bir d\u00f6n\u00fc\u015f\u00fcm sunar. Sadece birka\u00e7 di\u015f hekimi ziyaretiyle yeni bir g\u00fcl\u00fc\u015fe kavu\u015fabilirsiniz. <\/p>\n\n<h3 class=\"wp-block-heading\">Kaplama Uygulama S\u00fcreci<\/h3>\n\n<p>Porselen kaplama yapt\u0131rmak birka\u00e7 \u00f6nemli ad\u0131m\u0131 i\u00e7erir:<\/p>\n\n<p><strong>\u0130lk Kons\u00fcltasyon:<\/strong> Yolculu\u011funuz, di\u015f hekiminizin g\u00fcl\u00fcmseme hedeflerinizi tart\u0131\u015faca\u011f\u0131 ve kaplamalar\u0131n sizin i\u00e7in uygun olup olmad\u0131\u011f\u0131n\u0131 belirlemek i\u00e7in di\u015flerinizi inceleyece\u011fi bir kons\u00fcltasyonla ba\u015flar. Tam olarak ne beklemeniz gerekti\u011fini bilmeniz i\u00e7in prosed\u00fcr\u00fcn her ad\u0131m\u0131n\u0131 a\u00e7\u0131klayacaklard\u0131r. <\/p>\n\n<p>Di\u015f <strong>Haz\u0131rl\u0131\u011f\u0131<\/strong>: Bir sonraki randevuda, di\u015f hekiminiz y\u00fczeyden az miktarda mine kald\u0131rarak di\u015flerinizi haz\u0131rlayacakt\u0131r. Kaplamalar\u0131n di\u015flerinize d\u00fczg\u00fcn bir \u015fekilde sabitlenebilmesi i\u00e7in bu i\u015flem yap\u0131lmal\u0131d\u0131r <\/p>\n\n<p>\u00d6l\u00e7\u00fclerin <strong>Al\u0131nmas\u0131:<\/strong> Di\u015flerinizi haz\u0131rlad\u0131ktan sonra di\u015f hekiminiz ayr\u0131nt\u0131l\u0131 \u00f6l\u00e7\u00fcleri alacakt\u0131r. Bu \u00f6l\u00e7\u00fcler, \u00f6zel kaplamalar\u0131n\u0131z\u0131n olu\u015fturuldu\u011fu bir di\u015f laboratuvar\u0131na g\u00f6nderilir. <\/p>\n\n<p><strong>Kaplama Uygulamas\u0131: <\/strong>Kaplamalar\u0131n\u0131z haz\u0131r oldu\u011funda, di\u015f hekiminiz uyum ve renk e\u015fle\u015fmesini kontrol etmek i\u00e7in onlar\u0131 di\u015flerinize yerle\u015ftirecektir. Gerekli ayarlamalar yap\u0131ld\u0131ktan sonra, kaplamalar \u00f6zel bir yap\u0131\u015ft\u0131r\u0131c\u0131 ile di\u015flerinize kal\u0131c\u0131 olarak yap\u0131\u015ft\u0131r\u0131l\u0131r. <\/p>\n\n<p><strong>Son Ayarlamalar: <\/strong>Di\u015f hekiminiz, \u0131s\u0131r\u0131\u011f\u0131n\u0131z\u0131n do\u011fru olmas\u0131n\u0131 ve kaplamalar\u0131n m\u00fcmk\u00fcn oldu\u011funca do\u011fal g\u00f6r\u00fcnmesini sa\u011flamak i\u00e7in son dakika ayarlamalar\u0131n\u0131 yapacakt\u0131r. <\/p>\n\n<h3 class=\"wp-block-heading\">Porselen Kaplamalar\u0131n\u0131z\u0131n Bak\u0131m\u0131<\/h3>\n\n<p>Porselen kaplamalar\u0131n\u0131z\u0131n en iyi \u015fekilde g\u00f6r\u00fcnmesini ve uzun \u00f6m\u00fcrl\u00fc olmas\u0131n\u0131 sa\u011flamak i\u00e7in bu bak\u0131m ipu\u00e7lar\u0131n\u0131 izleyin:<\/p>\n\n<p>** <strong>\u0130yi A\u011f\u0131z Hijyeni<\/strong> <strong>Sa\u011flay\u0131n<\/strong>: Kaplamalar\u0131n\u0131z\u0131 temiz tutmak ve plaktan ar\u0131nd\u0131rmak i\u00e7in t\u0131pk\u0131 do\u011fal di\u015fleriniz gibi her g\u00fcn f\u0131r\u00e7alay\u0131n ve di\u015f ipi kullan\u0131n.<br\/>** <strong>Sert Yiyeceklerden Ka\u00e7\u0131<\/strong>n\u0131n: Porselen kaplamalar dayan\u0131kl\u0131 olsa da, herhangi bir hasar\u0131 \u00f6nlemek i\u00e7in \u00e7ok sert yiyecekleri veya nesneleri \u0131s\u0131rmaktan ka\u00e7\u0131nmak ak\u0131ll\u0131ca olacakt\u0131r.<br\/>** <strong>D\u00fczenli Di\u015f Kontrolleri:<\/strong> Hem kaplamalar\u0131n\u0131z\u0131 hem de genel di\u015f sa\u011fl\u0131\u011f\u0131n\u0131z\u0131 en iyi durumda tutmak i\u00e7in kontroller ve profesyonel temizlik i\u00e7in di\u015f hekiminizi d\u00fczenli olarak ziyaret edin.<br\/>** <strong>Nazik Di\u015f Macunu Kullan\u0131n<\/strong>: Kaplamalar\u0131n\u0131z\u0131n y\u00fczeyinin \u00e7izilmesini \u00f6nlemek i\u00e7in a\u015f\u0131nd\u0131r\u0131c\u0131 olmayan bir di\u015f macunu se\u00e7in.<\/p>\n\n<h3 class=\"wp-block-heading\">Karar vermeden \u00f6nce&#8230;<\/h3>\n\n<p>Porselen kaplama yapt\u0131rman\u0131n, orijinal di\u015f yap\u0131s\u0131n\u0131n bir k\u0131sm\u0131n\u0131n \u00e7\u0131kar\u0131lmas\u0131n\u0131 i\u00e7erdi\u011fi i\u00e7in geri d\u00f6n\u00fc\u015f\u00fc olmayan bir s\u00fcre\u00e7 oldu\u011funu unutmamak \u00f6nemlidir. Bununla birlikte, inan\u0131lmaz faydalar\u0131 g\u00f6z \u00f6n\u00fcne al\u0131nd\u0131\u011f\u0131nda, kesinlikle dikkate almaya de\u011fer. Di\u015fleriniz ve di\u015f etleriniz sa\u011fl\u0131kl\u0131ysa ve g\u00fcl\u00fc\u015f\u00fcn\u00fczde \u00f6nemli bir iyile\u015ftirme istiyorsan\u0131z, porselen kaplamalar sizin i\u00e7in m\u00fckemmel bir \u00e7\u00f6z\u00fcm olabilir.  <\/p>\n\n<p>Yeni g\u00fcl\u00fc\u015f yat\u0131r\u0131m\u0131n\u0131zdan en iyi \u015fekilde yararlanmak i\u00e7in kaplamalar\u0131n\u0131za nazik davran\u0131n ve \u00fczerlerinde a\u015f\u0131r\u0131 bask\u0131 olu\u015fturabilecek faaliyetlerden ka\u00e7\u0131n\u0131n. Daha fazla beklemeyin ve kaplamalar\u0131n\u0131z\u0131 hemen \u015fimdi yapt\u0131rma \u015fans\u0131n\u0131 yakalay\u0131n!  <\/p>\n\n<p>Porselen laminat veneerler her zaman arzulad\u0131\u011f\u0131n\u0131z g\u00fcl\u00fcmsemeyi sa\u011flayabilir. Do\u011fal g\u00f6r\u00fcn\u00fcmleri, dayan\u0131kl\u0131l\u0131klar\u0131 ve h\u0131zl\u0131 sonu\u00e7lar\u0131 ile \u00f6zg\u00fcveniniz ve g\u00f6r\u00fcn\u00fcm\u00fcn\u00fcz i\u00e7in m\u00fckemmel bir yat\u0131r\u0131md\u0131r. G\u00fcl\u00fc\u015f\u00fcn\u00fcz\u00fc g\u00fczelle\u015ftirmeyi d\u00fc\u015f\u00fcn\u00fcyorsan\u0131z, porselen kaplamalar\u0131n sizin i\u00e7in do\u011fru se\u00e7im olup olmad\u0131\u011f\u0131n\u0131 \u00f6\u011frenmek i\u00e7in di\u015f hekiminizle konu\u015fun.  <\/p>\n\n<h4 class=\"wp-block-heading\">G\u00fcl\u00fc\u015f\u00fcn\u00fcz\u00fc de\u011fi\u015ftirmeye haz\u0131r m\u0131s\u0131n\u0131z? \u015eimdi bize ula\u015f\u0131n, MedClinics s\u00fcre\u00e7 boyunca size rehberlik edecektir!  <\/h4>\n\n<h3 class=\"wp-block-heading\">Fiyat, tedavi sonras\u0131 bak\u0131m ve iyile\u015fme s\u00fcreci dahil olmak \u00fczere <a href=\"https:\/\/medclinics.com\/dental-treatment\/\" target=\"_blank\" rel=\"noreferrer noopener\">di\u015f tedavisi<\/a> hakk\u0131nda bilmeniz gereken her \u015fey veya <a href=\"#requestform\">bizimle ileti\u015fime<\/a> ge\u00e7in!<\/h3>\n\n<figure class=\"wp-block-image size-large\"><img fetchpriority=\"high\" decoding=\"async\" width=\"7360\" height=\"4912\" src=\"https:\/\/medclinics.com\/wp-content\/uploads\/2023\/05\/porcelain-laminate-veneer.png\" alt=\"Porselen Laminat Kaplama\" class=\"wp-image-85775\" srcset=\"https:\/\/medclinics.com\/wp-content\/uploads\/2023\/05\/porcelain-laminate-veneer.png 7360w, https:\/\/medclinics.com\/wp-content\/uploads\/2023\/05\/porcelain-laminate-veneer-500x334.png 500w, https:\/\/medclinics.com\/wp-content\/uploads\/2023\/05\/porcelain-laminate-veneer-1024x683.png 1024w, https:\/\/medclinics.com\/wp-content\/uploads\/2023\/05\/porcelain-laminate-veneer-768x513.png 768w, https:\/\/medclinics.com\/wp-content\/uploads\/2023\/05\/porcelain-laminate-veneer-1536x1025.png 1536w, https:\/\/medclinics.com\/wp-content\/uploads\/2023\/05\/porcelain-laminate-veneer-2048x1367.png 2048w, https:\/\/medclinics.com\/wp-content\/uploads\/2023\/05\/porcelain-laminate-veneer-24x16.png 24w, https:\/\/medclinics.com\/wp-content\/uploads\/2023\/05\/porcelain-laminate-veneer-36x24.png 36w, https:\/\/medclinics.com\/wp-content\/uploads\/2023\/05\/porcelain-laminate-veneer-48x32.png 48w\" sizes=\"(max-width: 7360px) 100vw, 7360px\" \/><\/figure>\n\n<h2 class=\"wp-block-heading\">SSS<\/h2>\n<div id=\"rank-math-faq\" class=\"rank-math-block\">\n<div class=\"rank-math-list \">\n<div id=\"faq-question-1682666956133\" class=\"rank-math-list-item\">\n<h3 class=\"rank-math-question \">Porselen laminat veneerler nedir?<\/h3>\n<div class=\"rank-math-answer \">\n\n<p>Porselen laminate veneerler, di\u015flerin \u00f6n y\u00fczeyini kaplamak i\u00e7in \u00f6zel olarak tasarlanm\u0131\u015f porselenden yap\u0131lm\u0131\u015f ince kabuklard\u0131r. Renk, \u015fekil ve hizalamay\u0131 geli\u015ftirerek di\u015flerin g\u00f6r\u00fcn\u00fcm\u00fcn\u00fc iyile\u015ftirmek i\u00e7in kullan\u0131l\u0131rlar. Kaplamalar, renk de\u011fi\u015fikli\u011fi, yontulmu\u015f di\u015fler, e\u015fit olmayan aral\u0131klar ve k\u00fc\u00e7\u00fck yanl\u0131\u015f hizalamalar gibi \u00e7e\u015fitli kozmetik sorunlar\u0131 giderebilir. S\u00fcre\u00e7 di\u015f haz\u0131rl\u0131\u011f\u0131, \u00f6l\u00e7\u00fc alma ve kaplamalar\u0131n di\u015flere yap\u0131\u015ft\u0131r\u0131lmas\u0131n\u0131 i\u00e7erir. Porselen laminat veneerler do\u011fal g\u00f6r\u00fcn\u00fcmleri ve dayan\u0131kl\u0131l\u0131klar\u0131yla bilinir ve g\u00fcl\u00fc\u015f\u00fcn\u00fcz\u00fc g\u00fczelle\u015ftirmek i\u00e7in uzun \u00f6m\u00fcrl\u00fc bir \u00e7\u00f6z\u00fcm sunar. Kaplamalar\u0131n \u00f6zel ihtiya\u00e7lar\u0131n\u0131za uygun olup olmad\u0131\u011f\u0131n\u0131 belirlemek i\u00e7in bir di\u015f hekimine dan\u0131\u015fmak \u00f6nemlidir.<\/p>\n\n<\/div>\n<\/div>\n<div id=\"faq-question-1684243616949\" class=\"rank-math-list-item\">\n<h3 class=\"rank-math-question \">Porselen kaplamalar\u0131m lekelenir mi?<\/h3>\n<div class=\"rank-math-answer \">\n\n<p>Porselen veneerler lekelenmeye kar\u015f\u0131 olduk\u00e7a diren\u00e7lidir, ancak yine de zaman i\u00e7inde y\u00fczey lekeleri birikebilir. Do\u011fru a\u011f\u0131z hijyeni ve lekeye neden olan maddelerin a\u015f\u0131r\u0131 t\u00fcketiminden ka\u00e7\u0131nmak, g\u00f6r\u00fcn\u00fcmlerinin korunmas\u0131na yard\u0131mc\u0131 olabilir. Profesyonel di\u015f temizli\u011fi y\u00fczeydeki lekeleri \u00e7\u0131karabilir ve porselen laminat kaplamalar\u0131n\u0131z\u0131n do\u011fal g\u00f6r\u00fcnmesini sa\u011flayabilir.<\/p>\n\n<\/div>\n<\/div>\n<div id=\"faq-question-1684243725450\" class=\"rank-math-list-item\">\n<h3 class=\"rank-math-question \">Porselen kaplamalar hareket edebilir mi?<\/h3>\n<div class=\"rank-math-answer \">\n\n<p>Porselen kaplamalar, di\u015flerinizin \u00f6n y\u00fczeyine g\u00fcvenli bir \u015fekilde yap\u0131\u015ft\u0131r\u0131lmak \u00fczere tasarlanm\u0131\u015ft\u0131r, bu da onlar\u0131 harekete veya kaymaya kar\u015f\u0131 diren\u00e7li hale getirir. Kaplamalar d\u00fczg\u00fcn bir \u015fekilde yerle\u015ftirildikten ve yap\u0131\u015ft\u0131r\u0131ld\u0131ktan sonra sabit ve ama\u00e7lanan pozisyonlar\u0131nda kalmal\u0131d\u0131r. Bununla birlikte, di\u015flere uygulanan a\u015f\u0131r\u0131 kuvvetlerin veya travmalar\u0131n kaplamalar\u0131 yerinden \u00e7\u0131karabilece\u011fini veya zarar verebilece\u011fini unutmamak \u00f6nemlidir. Porselen kaplamalar\u0131n\u0131z\u0131n uzun \u00f6m\u00fcrl\u00fcl\u00fc\u011f\u00fcn\u00fc ve b\u00fct\u00fcnl\u00fc\u011f\u00fcn\u00fc korumak i\u00e7in sert nesneleri \u0131s\u0131rmak veya di\u015flerinizi alet olarak kullanmak gibi al\u0131\u015fkanl\u0131klardan ka\u00e7\u0131nman\u0131z \u00f6nerilir. D\u00fczenli di\u015f hekimi kontrolleri, kaplamalar\u0131n\u0131z\u0131n zaman i\u00e7inde stabilitesini ve d\u00fczg\u00fcn \u00e7al\u0131\u015fmas\u0131n\u0131 sa\u011flayabilir.<\/p>\n\n<\/div>\n<\/div>\n<\/div>\n<\/div>\n<h3 class=\"wp-block-heading\">Herhangi bir sorunuz olmas\u0131 durumunda hemen <a href=\"#requestform\">bizimle ileti\u015fime<\/a> ge\u00e7in!<\/h3>\n","protected":false},"excerpt":{"rendered":"<p>Porselen Laminat Veneerler ile G\u00fcl\u00fc\u015f\u00fcn\u00fcz\u00fc G\u00fczelle\u015ftirin G\u00fcl\u00fc\u015f\u00fcn\u00fcze dikkat \u00e7ekici bir g\u00fcncelleme mi yapmak istiyorsunuz? Porselen laminate veneerler tam da ihtiyac\u0131n\u0131z [&hellip;]<\/p>\n","protected":false},"author":4,"featured_media":92406,"parent":0,"menu_order":0,"comment_status":"closed","ping_status":"closed","template":"","meta":{"site-sidebar-layout":"default","site-content-layout":"","ast-site-content-layout":"default","site-content-style":"default","site-sidebar-style":"default","ast-global-header-display":"","ast-banner-title-visibility":"","ast-main-header-display":"","ast-hfb-above-header-display":"","ast-hfb-below-header-display":"","ast-hfb-mobile-header-display":"","site-post-title":"","ast-breadcrumbs-content":"","ast-featured-img":"","footer-sml-layout":"","ast-disable-related-posts":"","theme-transparent-header-meta":"","adv-header-id-meta":"","stick-header-meta":"","header-above-stick-meta":"","header-main-stick-meta":"","header-below-stick-meta":"","astra-migrate-meta-layouts":"default","ast-page-background-enabled":"default","ast-page-background-meta":{"desktop":{"background-color":"var(--ast-global-color-4)","background-image":"","background-repeat":"repeat","background-position":"center center","background-size":"auto","background-attachment":"scroll","background-type":"","background-media":"","overlay-type":"","overlay-color":"","overlay-opacity":"","overlay-gradient":""},"tablet":{"background-color":"","background-image":"","background-repeat":"repeat","background-position":"center center","background-size":"auto","background-attachment":"scroll","background-type":"","background-media":"","overlay-type":"","overlay-color":"","overlay-opacity":"","overlay-gradient":""},"mobile":{"background-color":"","background-image":"","background-repeat":"repeat","background-position":"center center","background-size":"auto","background-attachment":"scroll","background-type":"","background-media":"","overlay-type":"","overlay-color":"","overlay-opacity":"","overlay-gradient":""}},"ast-content-background-meta":{"desktop":{"background-color":"var(--ast-global-color-5)","background-image":"","background-repeat":"repeat","background-position":"center center","background-size":"auto","background-attachment":"scroll","background-type":"","background-media":"","overlay-type":"","overlay-color":"","overlay-opacity":"","overlay-gradient":""},"tablet":{"background-color":"var(--ast-global-color-5)","background-image":"","background-repeat":"repeat","background-position":"center center","background-size":"auto","background-attachment":"scroll","background-type":"","background-media":"","overlay-type":"","overlay-color":"","overlay-opacity":"","overlay-gradient":""},"mobile":{"background-color":"var(--ast-global-color-5)","background-image":"","background-repeat":"repeat","background-position":"center center","background-size":"auto","background-attachment":"scroll","background-type":"","background-media":"","overlay-type":"","overlay-color":"","overlay-opacity":"","overlay-gradient":""}},"footnotes":""},"class_list":["post-145775","page","type-page","status-publish","has-post-thumbnail","hentry"],"_links":{"self":[{"href":"https:\/\/medclinics.com\/tr\/wp-json\/wp\/v2\/pages\/145775","targetHints":{"allow":["GET"]}}],"collection":[{"href":"https:\/\/medclinics.com\/tr\/wp-json\/wp\/v2\/pages"}],"about":[{"href":"https:\/\/medclinics.com\/tr\/wp-json\/wp\/v2\/types\/page"}],"author":[{"embeddable":true,"href":"https:\/\/medclinics.com\/tr\/wp-json\/wp\/v2\/users\/4"}],"replies":[{"embeddable":true,"href":"https:\/\/medclinics.com\/tr\/wp-json\/wp\/v2\/comments?post=145775"}],"version-history":[{"count":0,"href":"https:\/\/medclinics.com\/tr\/wp-json\/wp\/v2\/pages\/145775\/revisions"}],"wp:featuredmedia":[{"embeddable":true,"href":"https:\/\/medclinics.com\/tr\/wp-json\/wp\/v2\/media\/92406"}],"wp:attachment":[{"href":"https:\/\/medclinics.com\/tr\/wp-json\/wp\/v2\/media?parent=145775"}],"curies":[{"name":"wp","href":"https:\/\/api.w.org\/{rel}","templated":true}]}}