{"id":145763,"date":"2023-05-16T13:08:49","date_gmt":"2023-05-16T10:08:49","guid":{"rendered":"https:\/\/medclinics.com\/ortodontik-tedaviler\/"},"modified":"2025-01-02T17:24:28","modified_gmt":"2025-01-02T14:24:28","slug":"ortodontik-tedaviler","status":"publish","type":"page","link":"https:\/\/medclinics.com\/tr\/ortodontik-tedaviler\/","title":{"rendered":"Ortodontik Tedaviler"},"content":{"rendered":"\n<h2 class=\"wp-block-heading\">\u00c7arp\u0131k di\u015fleriniz veya yanl\u0131\u015f hizalanm\u0131\u015f \u00e7eneniz hakk\u0131nda kendinizi bilin\u00e7li hissetmekten b\u0131kt\u0131n\u0131z m\u0131? Ortodontik tedaviler bu yayg\u0131n di\u015f sorunlar\u0131na bir \u00e7\u00f6z\u00fcm sunar.<\/h2>\n\n<p>Ortodontistler di\u015f telleri, braketler, lastikler ve yaylar kullanarak hem di\u015fleri hem de \u00e7eneleri d\u00fczeltmek i\u00e7in kademeli olarak kuvvet uygulayabilirler.<\/p>\n\n<p>Bu sadece estetik a\u00e7\u0131dan daha ho\u015f bir g\u00fcl\u00fcmsemeye yol a\u00e7makla kalmaz, ayn\u0131 zamanda \u00e7i\u011fneme i\u015flevini geli\u015ftirir ve gelecekte a\u011f\u0131z sa\u011fl\u0131\u011f\u0131 sorunlar\u0131n\u0131n ortaya \u00e7\u0131kmas\u0131n\u0131 \u00f6nler. Ortodontik <a href=\"https:\/\/istanbul-tourist-information.com\/en\/medical-treatment\/\" target=\"_blank\" rel=\"noreferrer noopener\">tedavilerin<\/a> s\u00fcresi her bireyin durumuna ba\u011fl\u0131 olarak de\u011fi\u015fmekle birlikte, \u00e7o\u011fu hasta 1-3 y\u0131l boyunca tedavi g\u00f6rmektedir.<\/p>\n\n<p>Ortodontik tedavi g\u00f6rmenin faydalar\u0131 saymakla bitmez &#8211; sadece daha d\u00fcz di\u015flerle daha sa\u011fl\u0131kl\u0131 bir a\u011fza sahip olmakla kalmaz, ayn\u0131 zamanda daha iyi konu\u015fma yetene\u011fine de sahip olursunuz! Bununla birlikte, tedavi edilen b\u00f6lgede a\u011fr\u0131\/hassasiyet ve hatta mine erozyonu gibi baz\u0131 ge\u00e7ici rahats\u0131zl\u0131klar olabilece\u011fini anl\u0131yoruz, bu nedenle bu s\u00fcre zarf\u0131nda d\u00fczenli kontroller \u00f6nemlidir!<\/p>\n\n<p>T\u00fcm s\u00fcre\u00e7 boyunca di\u015f hekiminizin tavsiyelerine uyman\u0131z, optimal a\u011f\u0131z sa\u011fl\u0131\u011f\u0131na ula\u015fma yolculu\u011funuzun ne kadar ba\u015far\u0131l\u0131 olaca\u011f\u0131n\u0131 belirleyecektir!<\/p>\n\n<h3 class=\"wp-block-heading\">Fiyat, bak\u0131m sonras\u0131 ve iyile\u015fme s\u00fcreci de dahil olmak \u00fczere <a href=\"https:\/\/medclinics.com\/dental-treatment\/\" target=\"_blank\" rel=\"noreferrer noopener\">di\u015f tedavileri<\/a> hakk\u0131nda bilmeniz gereken her \u015fey veya <a href=\"#requestform\">bizimle ileti\u015fime<\/a> ge\u00e7in!<\/h3>\n\n<figure class=\"wp-block-image size-large\"><img fetchpriority=\"high\" decoding=\"async\" width=\"960\" height=\"640\" class=\"wp-image-85747\" src=\"https:\/\/medclinics.com\/wp-content\/uploads\/2023\/05\/orthodontic-treatments-e1685087135641.png\" alt=\"Ortodontik Tedaviler\" srcset=\"https:\/\/medclinics.com\/wp-content\/uploads\/2023\/05\/orthodontic-treatments-e1685087135641.png 960w, https:\/\/medclinics.com\/wp-content\/uploads\/2023\/05\/orthodontic-treatments-e1685087135641-500x333.png 500w, https:\/\/medclinics.com\/wp-content\/uploads\/2023\/05\/orthodontic-treatments-e1685087135641-768x512.png 768w, https:\/\/medclinics.com\/wp-content\/uploads\/2023\/05\/orthodontic-treatments-e1685087135641-24x16.png 24w, https:\/\/medclinics.com\/wp-content\/uploads\/2023\/05\/orthodontic-treatments-e1685087135641-36x24.png 36w, https:\/\/medclinics.com\/wp-content\/uploads\/2023\/05\/orthodontic-treatments-e1685087135641-48x32.png 48w\" sizes=\"(max-width: 960px) 100vw, 960px\" \/><\/figure>\n\n<h2 class=\"wp-block-heading\">SSS<\/h2>\n<div id=\"rank-math-faq\" class=\"rank-math-block\">\n<div class=\"rank-math-list \">\n<div id=\"faq-question-1682666956133\" class=\"rank-math-list-item\">\n<h3 class=\"rank-math-question \">Ortodontik tedavi di\u015f eti \u00e7ekilmesine neden olabilir mi?<\/h3>\n<div class=\"rank-math-answer \">\n\n<p>Di\u015f teli veya di\u011fer ortodontik apareyler gibi ortodontik tedaviler, baz\u0131 durumlarda di\u015f eti \u00e7ekilmesine potansiyel olarak katk\u0131da bulunabilir. Ortodontik tedavi s\u0131ras\u0131nda \u00e7e\u015fitli fakt\u00f6rler di\u015f eti \u00e7ekilmesi riskini art\u0131rabilir. Yetersiz a\u011f\u0131z hijyeni uygulamalar\u0131 di\u015f eti iltihab\u0131na ve \u00e7ekilmesine yol a\u00e7abilir. Di\u015fleri hareket ettirmek i\u00e7in kuvvet uygulanmas\u0131 \u00e7evredeki di\u015f eti dokular\u0131 \u00fczerinde bask\u0131 olu\u015fturabilir ve a\u015f\u0131r\u0131 veya uygun olmayan kuvvetler \u00e7ekilmeye katk\u0131da bulunabilir. Do\u011fal olarak ince veya hassas di\u015f eti dokular\u0131na sahip bireyler \u00e7ekilmeye kar\u015f\u0131 daha hassas olabilirler. Ek olarak, di\u015flerin ba\u015flang\u0131\u00e7taki konumu ve a\u00e7\u0131lanmas\u0131 ortodontik kuvvetlere verdikleri tepkiyi etkileyebilir. Ortodontik tedavi s\u0131ras\u0131nda di\u015f eti \u00e7ekilmesi riskini en aza indirmek i\u00e7in iyi bir a\u011f\u0131z hijyeni sa\u011flamak ve bir ortodontist ile d\u00fczenli kontroller yapt\u0131rmak \u00f6nemlidir.<\/p>\n\n<\/div>\n<\/div>\n<div id=\"faq-question-1684242136074\" class=\"rank-math-list-item\">\n<h3 class=\"rank-math-question \">Ortodontik tedavi a\u011fr\u0131l\u0131 m\u0131d\u0131r?<\/h3>\n<div class=\"rank-math-answer \">\n\n<p>Ortodontik tedaviler, \u00f6zellikle di\u015f telleri veya plakalar yerle\u015ftirildikten veya ayarland\u0131ktan sonra ge\u00e7ici rahats\u0131zl\u0131k ve a\u011fr\u0131ya neden olabilir. Bununla birlikte, rahats\u0131zl\u0131k genellikle y\u00f6netilebilir ve birka\u00e7 g\u00fcn ila bir hafta i\u00e7inde azal\u0131r. Di\u015f teli veya tellerden kaynaklanan tahri\u015fi hafifletmek i\u00e7in di\u015f mumu kullan\u0131labilir. Rahats\u0131zl\u0131k ortodontik s\u00fcrecin bir par\u00e7as\u0131 olsa da, daha d\u00fcz ve sa\u011fl\u0131kl\u0131 bir g\u00fcl\u00fcmsemeye kavu\u015fman\u0131n uzun vadeli faydalar\u0131 ge\u00e7ici rahats\u0131zl\u0131ktan daha a\u011f\u0131r basar.<\/p>\n\n<\/div>\n<\/div>\n<div id=\"faq-question-1684242220273\" class=\"rank-math-list-item\">\n<h3 class=\"rank-math-question \">Ortodontik tedavi g\u00fcvenli midir?<\/h3>\n<div class=\"rank-math-answer \">\n\n<p>Evet, ortodontik tedavi e\u011fitimli ve nitelikli bir ortodontist taraf\u0131ndan yap\u0131ld\u0131\u011f\u0131nda genellikle g\u00fcvenlidir. Baz\u0131 riskler ve potansiyel komplikasyonlar olsa da, bunlar nadirdir ve ortodontistler bunlar\u0131 en aza indirmek i\u00e7in e\u011fitilmi\u015ftir. Ortodontistinizin talimatlar\u0131na uyarak ve d\u00fczenli kontrollere giderek g\u00fcvenli ve etkili bir ortodontik tedavi deneyimi ya\u015fayabilirsiniz.<\/p>\n\n<\/div>\n<\/div>\n<div id=\"faq-question-1684242391057\" class=\"rank-math-list-item\">\n<h3 class=\"rank-math-question \">Ortodontik tedavi olmaya de\u011fer mi?<\/h3>\n<div class=\"rank-math-answer \">\n\n<p>Ortodontik tedavi, sundu\u011fu say\u0131s\u0131z fayda nedeniyle bir\u00e7ok ki\u015fi i\u00e7in genellikle buna de\u011fer olarak kabul edilir. G\u00fcl\u00fc\u015f\u00fcn\u00fcz\u00fcn esteti\u011fini iyile\u015ftirebilir, \u00f6zg\u00fcveninizi ve genel ya\u015fam kalitenizi art\u0131rabilir. Ayr\u0131ca ortodontik tedaviler di\u015fleri hizalayarak, temizlenmelerini kolayla\u015ft\u0131rarak ve di\u015f sorunlar\u0131 riskini azaltarak daha iyi bir a\u011f\u0131z sa\u011fl\u0131\u011f\u0131n\u0131 destekler. Ayr\u0131ca daha iyi \u0131s\u0131rma ve \u00e7i\u011fneme verimlili\u011fi sa\u011flayarak i\u015flevselli\u011fi art\u0131rabilir. Ortodontik tedavi uzun vadeli bir yat\u0131r\u0131md\u0131r, \u00e7\u00fcnk\u00fc sonu\u00e7lar genellikle uygun bak\u0131mla \u00f6m\u00fcr boyu s\u00fcrer. Bir ortodontiste dan\u0131\u015fmak, benzersiz ihtiya\u00e7lar\u0131n\u0131za ve hedeflerinize g\u00f6re bekleyebilece\u011finiz belirli faydalar\u0131 belirlemek i\u00e7in \u00e7ok \u00f6nemlidir. Ki\u015fiselle\u015ftirilmi\u015f \u00f6neriler sunabilir ve daha d\u00fcz, daha sa\u011fl\u0131kl\u0131 ve daha \u00e7ekici bir g\u00fcl\u00fcmsemeye ula\u015fman\u0131za yard\u0131mc\u0131 olabilirler.<\/p>\n\n<\/div>\n<\/div>\n<\/div>\n<\/div>\n<p>\u00a0<\/p>\n\n<h3 class=\"wp-block-heading\">Herhangi bir sorunuz olmas\u0131 durumunda hemen bizimle ileti\u015fime ge\u00e7in!<\/h3>\n","protected":false},"excerpt":{"rendered":"<p>\u00c7arp\u0131k di\u015fleriniz veya yanl\u0131\u015f hizalanm\u0131\u015f \u00e7eneniz hakk\u0131nda kendinizi bilin\u00e7li hissetmekten b\u0131kt\u0131n\u0131z m\u0131? Ortodontik tedaviler bu yayg\u0131n di\u015f sorunlar\u0131na bir \u00e7\u00f6z\u00fcm [&hellip;]<\/p>\n","protected":false},"author":4,"featured_media":85755,"parent":0,"menu_order":0,"comment_status":"closed","ping_status":"closed","template":"","meta":{"site-sidebar-layout":"default","site-content-layout":"","ast-site-content-layout":"default","site-content-style":"default","site-sidebar-style":"default","ast-global-header-display":"","ast-banner-title-visibility":"","ast-main-header-display":"","ast-hfb-above-header-display":"","ast-hfb-below-header-display":"","ast-hfb-mobile-header-display":"","site-post-title":"","ast-breadcrumbs-content":"","ast-featured-img":"","footer-sml-layout":"","ast-disable-related-posts":"","theme-transparent-header-meta":"","adv-header-id-meta":"","stick-header-meta":"","header-above-stick-meta":"","header-main-stick-meta":"","header-below-stick-meta":"","astra-migrate-meta-layouts":"default","ast-page-background-enabled":"default","ast-page-background-meta":{"desktop":{"background-color":"var(--ast-global-color-4)","background-image":"","background-repeat":"repeat","background-position":"center center","background-size":"auto","background-attachment":"scroll","background-type":"","background-media":"","overlay-type":"","overlay-color":"","overlay-opacity":"","overlay-gradient":""},"tablet":{"background-color":"","background-image":"","background-repeat":"repeat","background-position":"center center","background-size":"auto","background-attachment":"scroll","background-type":"","background-media":"","overlay-type":"","overlay-color":"","overlay-opacity":"","overlay-gradient":""},"mobile":{"background-color":"","background-image":"","background-repeat":"repeat","background-position":"center center","background-size":"auto","background-attachment":"scroll","background-type":"","background-media":"","overlay-type":"","overlay-color":"","overlay-opacity":"","overlay-gradient":""}},"ast-content-background-meta":{"desktop":{"background-color":"var(--ast-global-color-5)","background-image":"","background-repeat":"repeat","background-position":"center center","background-size":"auto","background-attachment":"scroll","background-type":"","background-media":"","overlay-type":"","overlay-color":"","overlay-opacity":"","overlay-gradient":""},"tablet":{"background-color":"var(--ast-global-color-5)","background-image":"","background-repeat":"repeat","background-position":"center center","background-size":"auto","background-attachment":"scroll","background-type":"","background-media":"","overlay-type":"","overlay-color":"","overlay-opacity":"","overlay-gradient":""},"mobile":{"background-color":"var(--ast-global-color-5)","background-image":"","background-repeat":"repeat","background-position":"center center","background-size":"auto","background-attachment":"scroll","background-type":"","background-media":"","overlay-type":"","overlay-color":"","overlay-opacity":"","overlay-gradient":""}},"footnotes":""},"class_list":["post-145763","page","type-page","status-publish","has-post-thumbnail","hentry"],"_links":{"self":[{"href":"https:\/\/medclinics.com\/tr\/wp-json\/wp\/v2\/pages\/145763","targetHints":{"allow":["GET"]}}],"collection":[{"href":"https:\/\/medclinics.com\/tr\/wp-json\/wp\/v2\/pages"}],"about":[{"href":"https:\/\/medclinics.com\/tr\/wp-json\/wp\/v2\/types\/page"}],"author":[{"embeddable":true,"href":"https:\/\/medclinics.com\/tr\/wp-json\/wp\/v2\/users\/4"}],"replies":[{"embeddable":true,"href":"https:\/\/medclinics.com\/tr\/wp-json\/wp\/v2\/comments?post=145763"}],"version-history":[{"count":0,"href":"https:\/\/medclinics.com\/tr\/wp-json\/wp\/v2\/pages\/145763\/revisions"}],"wp:featuredmedia":[{"embeddable":true,"href":"https:\/\/medclinics.com\/tr\/wp-json\/wp\/v2\/media\/85755"}],"wp:attachment":[{"href":"https:\/\/medclinics.com\/tr\/wp-json\/wp\/v2\/media?parent=145763"}],"curies":[{"name":"wp","href":"https:\/\/api.w.org\/{rel}","templated":true}]}}