{"id":145737,"date":"2023-05-16T12:32:37","date_gmt":"2023-05-16T09:32:37","guid":{"rendered":"https:\/\/medclinics.com\/mini-implantlar\/"},"modified":"2025-01-02T17:12:25","modified_gmt":"2025-01-02T14:12:25","slug":"mini-implantlar","status":"publish","type":"page","link":"https:\/\/medclinics.com\/tr\/mini-implantlar\/","title":{"rendered":"Mini \u0130mplantlar"},"content":{"rendered":"\n<h2 class=\"wp-block-heading\">Ekibimizin uzman rehberli\u011fi ve bak\u0131m\u0131 ile Mini \u0130mplant tedavisi hakk\u0131nda t\u00fcm bilgilere sahip olacaks\u0131n\u0131z. \u0130\u015fte sizin i\u00e7in en iyisi!<\/h2>\n\n<p>Protezlerinizi stabilize etmek veya <a href=\"https:\/\/istanbul-tourist-information.com\/en\/medical-treatment\/\" target=\"_blank\" rel=\"noreferrer noopener\">di\u015f <\/a>restorasyonlar\u0131n\u0131 desteklemek i\u00e7in daha az invaziv bir se\u00e7enek ar\u0131yorsan\u0131z, mini implantlar m\u00fckemmel bir \u00e7\u00f6z\u00fcm olabilir. Bu daha k\u00fc\u00e7\u00fck \u00e7apl\u0131 implantlar, geleneksel se\u00e7enekleri bar\u0131nd\u0131rmak i\u00e7in yeterli kemik k\u00fctlesi veya geni\u015fli\u011fi olmad\u0131\u011f\u0131nda idealdir.<\/p>\n\n<p>Ameliyat s\u0131ras\u0131nda \u00e7ene kemi\u011finin daha az delinmesini gerektirmekle kalmazlar, ayn\u0131 zamanda boyutlar\u0131 onlar\u0131 minimum rahats\u0131zl\u0131k ve iyile\u015fme s\u00fcresi isteyenler i\u00e7in cazip bir se\u00e7im haline getirir. Bununla birlikte, mini implantlar belirli durumlarda harikalar yaratabilirken, herkes i\u00e7in do\u011fru olmayabilece\u011fini unutmamak \u00f6nemlidir.<\/p>\n\n<p>Bu nedenle, benzersiz ihtiya\u00e7lar\u0131n\u0131z i\u00e7in hangi implant t\u00fcr\u00fcn\u00fcn en uygun oldu\u011funa karar vermeden \u00f6nce bir di\u015f hekimine veya a\u011f\u0131z cerrah\u0131na dan\u0131\u015fman\u0131z\u0131 \u015fiddetle tavsiye ediyoruz.<\/p>\n\n<h3 class=\"wp-block-heading\">Fiyat, tedavi sonras\u0131 bak\u0131m ve iyile\u015fme s\u00fcreci dahil olmak \u00fczere <a href=\"https:\/\/medclinics.com\/dental-treatment\/\" target=\"_blank\" rel=\"noreferrer noopener\">di\u015f tedavisi<\/a> hakk\u0131nda bilmeniz gereken her \u015fey veya <a href=\"#requestform\">bizimle ileti\u015fime<\/a> ge\u00e7in!<\/h3>\n\n<figure class=\"wp-block-image size-large\"><img decoding=\"async\" class=\"wp-image-85712\" src=\"https:\/\/medclinics.com\/wp-content\/uploads\/2023\/05\/mini-implant-2.png\" alt=\"Mini &#x130;mplantlar\"\/><\/figure>\n\n<h2 class=\"wp-block-heading\">SSS<\/h2>\n<div id=\"rank-math-faq\" class=\"rank-math-block\">\n<div class=\"rank-math-list \">\n<div id=\"faq-question-1682666956133\" class=\"rank-math-list-item\">\n<h3 class=\"rank-math-question \">Mini implantlar nedir?<\/h3>\n<div class=\"rank-math-answer \">\n\n<p>Mini implantlar, kron veya protez gibi di\u015f restorasyonlar\u0131n\u0131 desteklemek i\u00e7in kullan\u0131lan daha k\u00fc\u00e7\u00fck boyutlu di\u015f implantlar\u0131d\u0131r. Normal implantlara k\u0131yasla daha k\u00fc\u00e7\u00fck bir \u00e7apa sahiptirler ve s\u0131n\u0131rl\u0131 kemik geni\u015fli\u011fi veya alan\u0131 olan vakalar i\u00e7in uygundurlar. Yerle\u015ftirme prosed\u00fcr\u00fc daha az invazivdir ve di\u015f replasmanlar\u0131 i\u00e7in stabilite sa\u011flarlar. Mini implant\u0131n sizin \u00f6zel durumunuz i\u00e7in uygun olup olmad\u0131\u011f\u0131n\u0131 belirlemek i\u00e7in bir di\u015f hekimine dan\u0131\u015fman\u0131z \u00f6nemlidir.<\/p>\n\n<\/div>\n<\/div>\n<div id=\"faq-question-1684239916617\" class=\"rank-math-list-item\">\n<h3 class=\"rank-math-question \">Mini implantlar kal\u0131c\u0131 m\u0131d\u0131r?<\/h3>\n<div class=\"rank-math-answer \">\n\n<p>Mini implantlar, di\u015f replasman\u0131 i\u00e7in uzun vadeli bir \u00e7\u00f6z\u00fcm olarak tasarlanm\u0131\u015ft\u0131r ve kal\u0131c\u0131 di\u015f restorasyonlar\u0131 olarak kabul edilir. Uygun bak\u0131m ve onar\u0131mla uzun y\u0131llar, hatta onlarca y\u0131l dayanabilirler. Bununla birlikte, uzun \u00f6m\u00fcrl\u00fcl\u00fcklerini en \u00fcst d\u00fczeye \u00e7\u0131karmak i\u00e7in d\u00fczenli di\u015f kontrolleri ve iyi a\u011f\u0131z hijyeni uygulamalar\u0131 \u015fartt\u0131r.<\/p>\n\n<\/div>\n<\/div>\n<div id=\"faq-question-1684239988159\" class=\"rank-math-list-item\">\n<h3 class=\"rank-math-question \">Mini implantlar ne zaman kullan\u0131l\u0131r?<\/h3>\n<div class=\"rank-math-answer \">\n\n<p>Mini implantlar, kemik geni\u015fli\u011finin s\u0131n\u0131rl\u0131 oldu\u011fu veya geleneksel implantlar i\u00e7in yeterli alan\u0131n bulunmad\u0131\u011f\u0131 dental durumlarda kullan\u0131l\u0131r. Genellikle di\u015f kronlar\u0131 ile di\u015f replasman\u0131, hareketli protezlerin stabilizasyonu, di\u015f k\u00f6pr\u00fcleri i\u00e7in destek ve \u00e7ene kemi\u011fi geni\u015fli\u011finin dar oldu\u011fu durumlarda kullan\u0131l\u0131rlar. Mini implant, stabilite ve i\u015flevsellik sa\u011flayarak bireylerin \u00e7i\u011fneme, konu\u015fma ve rahat\u00e7a g\u00fcl\u00fcmseme yeteneklerini yeniden kazanmalar\u0131na olanak tan\u0131r. Mini implant\u0131n \u00f6zel di\u015f ihtiya\u00e7lar\u0131n\u0131z i\u00e7in uygun olup olmad\u0131\u011f\u0131n\u0131 belirlemek i\u00e7in bir di\u015f hekimine dan\u0131\u015fmak \u00e7ok \u00f6nemlidir.<\/p>\n\n<\/div>\n<\/div>\n<div id=\"faq-question-1684240077869\" class=\"rank-math-list-item\">\n<h3 class=\"rank-math-question \">Mini dental implantlar \u00fcst di\u015fler i\u00e7in kullan\u0131labilir mi?<\/h3>\n<div class=\"rank-math-answer \">\n\n<p>Evet, mini dental implantlar \u00fcst di\u015fler i\u00e7in kullan\u0131labilir. Alt \u00e7ene uygulamalar\u0131yla s\u0131n\u0131rl\u0131 de\u011fildir ve hem \u00fcst hem de alt di\u015flerin de\u011fi\u015ftirilmesi veya stabilizasyonu i\u00e7in kullan\u0131labilirler. Mini implantlar, \u00fcst veya alt \u00e7eneye yerle\u015ftirilmelerine bak\u0131lmaks\u0131z\u0131n kron, k\u00f6pr\u00fc veya protez gibi di\u015f restorasyonlar\u0131 i\u00e7in sa\u011flam bir temel sa\u011flar. Bununla birlikte, \u00fcst di\u015fler i\u00e7in mini implantlar\u0131n uygunlu\u011fu kemik kalitesi, mevcut alan ve \u00f6zel di\u015f durumu gibi \u00e7e\u015fitli fakt\u00f6rlere ba\u011fl\u0131 olacakt\u0131r. Bireysel durumunuzu de\u011ferlendirebilecek ve sizin i\u00e7in en uygun tedavi se\u00e7ene\u011fini belirleyebilecek bir di\u015f hekimine dan\u0131\u015fman\u0131z \u00f6nemlidir.<\/p>\n\n<\/div>\n<\/div>\n<\/div>\n<\/div>\n<p>\u00a0<\/p>\n\n<h3 class=\"wp-block-heading\">Herhangi bir sorunuz olmas\u0131 durumunda hemen bizimle ileti\u015fime ge\u00e7in!<\/h3>\n","protected":false},"excerpt":{"rendered":"<p>Ekibimizin uzman rehberli\u011fi ve bak\u0131m\u0131 ile Mini \u0130mplant tedavisi hakk\u0131nda t\u00fcm bilgilere sahip olacaks\u0131n\u0131z. \u0130\u015fte sizin i\u00e7in en iyisi! Protezlerinizi [&hellip;]<\/p>\n","protected":false},"author":4,"featured_media":92370,"parent":0,"menu_order":0,"comment_status":"closed","ping_status":"closed","template":"","meta":{"site-sidebar-layout":"default","site-content-layout":"","ast-site-content-layout":"default","site-content-style":"default","site-sidebar-style":"default","ast-global-header-display":"","ast-banner-title-visibility":"","ast-main-header-display":"","ast-hfb-above-header-display":"","ast-hfb-below-header-display":"","ast-hfb-mobile-header-display":"","site-post-title":"","ast-breadcrumbs-content":"","ast-featured-img":"","footer-sml-layout":"","ast-disable-related-posts":"","theme-transparent-header-meta":"","adv-header-id-meta":"","stick-header-meta":"","header-above-stick-meta":"","header-main-stick-meta":"","header-below-stick-meta":"","astra-migrate-meta-layouts":"default","ast-page-background-enabled":"default","ast-page-background-meta":{"desktop":{"background-color":"var(--ast-global-color-4)","background-image":"","background-repeat":"repeat","background-position":"center center","background-size":"auto","background-attachment":"scroll","background-type":"","background-media":"","overlay-type":"","overlay-color":"","overlay-opacity":"","overlay-gradient":""},"tablet":{"background-color":"","background-image":"","background-repeat":"repeat","background-position":"center center","background-size":"auto","background-attachment":"scroll","background-type":"","background-media":"","overlay-type":"","overlay-color":"","overlay-opacity":"","overlay-gradient":""},"mobile":{"background-color":"","background-image":"","background-repeat":"repeat","background-position":"center center","background-size":"auto","background-attachment":"scroll","background-type":"","background-media":"","overlay-type":"","overlay-color":"","overlay-opacity":"","overlay-gradient":""}},"ast-content-background-meta":{"desktop":{"background-color":"var(--ast-global-color-5)","background-image":"","background-repeat":"repeat","background-position":"center center","background-size":"auto","background-attachment":"scroll","background-type":"","background-media":"","overlay-type":"","overlay-color":"","overlay-opacity":"","overlay-gradient":""},"tablet":{"background-color":"var(--ast-global-color-5)","background-image":"","background-repeat":"repeat","background-position":"center center","background-size":"auto","background-attachment":"scroll","background-type":"","background-media":"","overlay-type":"","overlay-color":"","overlay-opacity":"","overlay-gradient":""},"mobile":{"background-color":"var(--ast-global-color-5)","background-image":"","background-repeat":"repeat","background-position":"center center","background-size":"auto","background-attachment":"scroll","background-type":"","background-media":"","overlay-type":"","overlay-color":"","overlay-opacity":"","overlay-gradient":""}},"footnotes":""},"class_list":["post-145737","page","type-page","status-publish","has-post-thumbnail","hentry"],"_links":{"self":[{"href":"https:\/\/medclinics.com\/tr\/wp-json\/wp\/v2\/pages\/145737","targetHints":{"allow":["GET"]}}],"collection":[{"href":"https:\/\/medclinics.com\/tr\/wp-json\/wp\/v2\/pages"}],"about":[{"href":"https:\/\/medclinics.com\/tr\/wp-json\/wp\/v2\/types\/page"}],"author":[{"embeddable":true,"href":"https:\/\/medclinics.com\/tr\/wp-json\/wp\/v2\/users\/4"}],"replies":[{"embeddable":true,"href":"https:\/\/medclinics.com\/tr\/wp-json\/wp\/v2\/comments?post=145737"}],"version-history":[{"count":0,"href":"https:\/\/medclinics.com\/tr\/wp-json\/wp\/v2\/pages\/145737\/revisions"}],"wp:featuredmedia":[{"embeddable":true,"href":"https:\/\/medclinics.com\/tr\/wp-json\/wp\/v2\/media\/92370"}],"wp:attachment":[{"href":"https:\/\/medclinics.com\/tr\/wp-json\/wp\/v2\/media?parent=145737"}],"curies":[{"name":"wp","href":"https:\/\/api.w.org\/{rel}","templated":true}]}}