{"id":145727,"date":"2023-05-16T12:07:37","date_gmt":"2023-05-16T09:07:37","guid":{"rendered":"https:\/\/medclinics.com\/cene-kistleri\/"},"modified":"2025-01-02T16:33:10","modified_gmt":"2025-01-02T13:33:10","slug":"cene-kistleri","status":"publish","type":"page","link":"https:\/\/medclinics.com\/tr\/cene-kistleri\/","title":{"rendered":"\u00c7ene Kistleri"},"content":{"rendered":"\n<h2 class=\"wp-block-heading\">Rahat\u00e7a g\u00fclmenin bir yolunu ar\u0131yorsan\u0131z, \u00c7ene Kistleri Tedavisi m\u00fckemmel bir \u00e7\u00f6z\u00fcm olabilir.<\/h2>\n\n<p>\u00c7ene <a href=\"https:\/\/en.wikipedia.org\/wiki\/Cysts_of_the_jaws\" target=\"_blank\" rel=\"noreferrer noopener\">kistleri<\/a>, \u00e7ene b\u00f6lgesinde keratin proteini i\u00e7eren bu sinir bozucu s\u0131v\u0131 dolu keseler, ilk ba\u015fta zarars\u0131z g\u00f6r\u00fcnebilir. Tedavi edilmez ve \u00e7ok b\u00fcy\u00fcmesine izin verilirse, \u015fi\u015fme, di\u015f hareketlili\u011fi ve di\u015f eti sorunlar\u0131 gibi bir dizi a\u011fr\u0131l\u0131 belirtiye neden olabilirler.<\/p>\n\n<p>Kistlerinizin boyutuna ve konumuna ba\u011fl\u0131 olarak, tedavi se\u00e7enekleri basit izlemeden (daha k\u00fc\u00e7\u00fck olanlar i\u00e7in) gerekirse lokal anestezi alt\u0131nda cerrahi olarak \u00e7\u0131kar\u0131lmaya kadar de\u011fi\u015fecektir.<\/p>\n\n<p>\u00c7ene kistlerinin \u00e7o\u011fu iyi huylu olsa da, baz\u0131 nadir vakalar\u0131n zamanla kansere d\u00f6n\u00fc\u015ft\u00fc\u011f\u00fc bilindi\u011finden, bunlar\u0131 \u015fansa b\u0131rakmamak \u00f6nemlidir. Peki neden bekliyorsun? Herhangi bir rahats\u0131zl\u0131k ya\u015f\u0131yorsan\u0131z veya radyografik olarak bir rahats\u0131zl\u0131k tespit ettiyseniz, bug\u00fcn bir di\u015f hekimi veya \u00e7ene cerrah\u0131 taraf\u0131ndan de\u011ferlendirilebilirsiniz!<\/p>\n\n<h3 class=\"wp-block-heading\">Fiyat, iyile\u015fme s\u00fcreci ve daha fazlas\u0131 dahil olmak \u00fczere <a href=\"https:\/\/medclinics.com\/dental-treatment\/\" target=\"_blank\" rel=\"noreferrer noopener\">di\u015f tedavisi<\/a> hakk\u0131nda bilmeniz gereken her \u015fey veya <a href=\"#requestform\">bizimle ileti\u015fime<\/a> ge\u00e7in!<\/h3>\n\n<figure class=\"wp-block-image size-large\"><img fetchpriority=\"high\" decoding=\"async\" width=\"5227\" height=\"3598\" class=\"wp-image-85663\" src=\"https:\/\/medclinics.com\/wp-content\/uploads\/2023\/05\/jaw-cysts.png\" alt=\"&#xC7;ene Kistleri\" srcset=\"https:\/\/medclinics.com\/wp-content\/uploads\/2023\/05\/jaw-cysts.png 5227w, https:\/\/medclinics.com\/wp-content\/uploads\/2023\/05\/jaw-cysts-500x344.png 500w, https:\/\/medclinics.com\/wp-content\/uploads\/2023\/05\/jaw-cysts-1024x705.png 1024w, https:\/\/medclinics.com\/wp-content\/uploads\/2023\/05\/jaw-cysts-768x529.png 768w, https:\/\/medclinics.com\/wp-content\/uploads\/2023\/05\/jaw-cysts-1536x1057.png 1536w, https:\/\/medclinics.com\/wp-content\/uploads\/2023\/05\/jaw-cysts-2048x1410.png 2048w, https:\/\/medclinics.com\/wp-content\/uploads\/2023\/05\/jaw-cysts-24x17.png 24w, https:\/\/medclinics.com\/wp-content\/uploads\/2023\/05\/jaw-cysts-36x25.png 36w, https:\/\/medclinics.com\/wp-content\/uploads\/2023\/05\/jaw-cysts-48x33.png 48w\" sizes=\"(max-width: 5227px) 100vw, 5227px\" \/><\/figure>\n\n<h2 class=\"wp-block-heading\">SSS<\/h2>\n<div id=\"rank-math-faq\" class=\"rank-math-block\">\n<div class=\"rank-math-list \">\n<div id=\"faq-question-1682666956133\" class=\"rank-math-list-item\">\n<h3 class=\"rank-math-question \">\u00c7ene kistleri kanserli midir?<\/h3>\n<div class=\"rank-math-answer \">\n\n<p>Odontojenik kistler olarak da bilinen \u00e7ene kistleri genellikle kanserli de\u011fildir (iyi huylu). Tipik olarak di\u015f geli\u015fimi ile ili\u015fkili dokudan geli\u015firler ve do\u011falar\u0131 gere\u011fi k\u00f6t\u00fc huylu de\u011fildirler. Bununla birlikte, \u00e7ene kistinin k\u00f6t\u00fc huylu t\u00fcm\u00f6r gibi daha ciddi bir durumla ili\u015fkili olabilece\u011fi nadir vakalar oldu\u011funu unutmamak \u00f6nemlidir. \u00c7ene kistiyle ilgili endi\u015feleriniz varsa, do\u011fru bir de\u011ferlendirme ve te\u015fhis i\u00e7in bir di\u015f hekimine veya t\u0131p uzman\u0131na dan\u0131\u015fman\u0131z \u00f6nerilir. Kisti de\u011ferlendirebilir ve \u00f6zel durumunuza g\u00f6re uygun hareket tarz\u0131n\u0131 belirleyebilirler.<\/p>\n\n<\/div>\n<\/div>\n<div id=\"faq-question-1684238641578\" class=\"rank-math-list-item\">\n<h3 class=\"rank-math-question \">\u00c7ene kistleri a\u011fr\u0131l\u0131 m\u0131d\u0131r?<\/h3>\n<div class=\"rank-math-answer \">\n\n<p>\u00c7ene kistleri a\u011fr\u0131 veya rahats\u0131zl\u0131\u011fa neden olabilir, ancak bu durum ki\u015fiden ki\u015fiye de\u011fi\u015fir. Baz\u0131 \u00e7ene kistleri herhangi bir a\u011fr\u0131ya neden olmazken, di\u011ferleri \u015fi\u015flik, hassasiyet ve \u00e7evre yap\u0131lara bask\u0131 gibi semptomlara yol a\u00e7arak a\u011fr\u0131ya neden olabilir. \u00c7ene kistiyle ilgili endi\u015feleriniz varsa veya a\u011f\u0131z rahats\u0131zl\u0131\u011f\u0131 ya\u015f\u0131yorsan\u0131z, de\u011ferlendirme ve uygun tedavi se\u00e7enekleri i\u00e7in bir di\u015f hekimine veya t\u0131p uzman\u0131na dan\u0131\u015fman\u0131z en iyisidir.<\/p>\n\n<\/div>\n<\/div>\n<div id=\"faq-question-1684238740544\" class=\"rank-math-list-item\">\n<h3 class=\"rank-math-question \">\u00c7ene kistleri ge\u00e7ebilir mi?<\/h3>\n<div class=\"rank-math-answer \">\n\n<p>\u00c7ene kistleri tipik olarak kendili\u011finden ge\u00e7mez ve genellikle tedavi gerektirir. \u00c7ene kistini ele almak ve daha fazla komplikasyonu \u00f6nlemek i\u00e7in cerrahi olarak \u00e7\u0131kar\u0131lmas\u0131 en yayg\u0131n yakla\u015f\u0131md\u0131r. Do\u011fru de\u011ferlendirme ve tedavi \u00f6nerileri i\u00e7in bir di\u015f veya t\u0131p uzman\u0131na dan\u0131\u015fmak \u00e7ok \u00f6nemlidir. Optimal a\u011f\u0131z sa\u011fl\u0131\u011f\u0131n\u0131 sa\u011flamak i\u00e7in erken m\u00fcdahale \u00f6nerilir.<\/p>\n\n<\/div>\n<\/div>\n<\/div>\n<\/div>\n<p>\u00a0<\/p>\n\n<h3 class=\"wp-block-heading\">Herhangi bir sorunuz olmas\u0131 durumunda hemen bizimle ileti\u015fime ge\u00e7in!<\/h3>\n","protected":false},"excerpt":{"rendered":"<p>Rahat\u00e7a g\u00fclmenin bir yolunu ar\u0131yorsan\u0131z, \u00c7ene Kistleri Tedavisi m\u00fckemmel bir \u00e7\u00f6z\u00fcm olabilir. \u00c7ene kistleri, \u00e7ene b\u00f6lgesinde keratin proteini i\u00e7eren bu [&hellip;]<\/p>\n","protected":false},"author":4,"featured_media":92349,"parent":0,"menu_order":0,"comment_status":"closed","ping_status":"closed","template":"","meta":{"site-sidebar-layout":"default","site-content-layout":"","ast-site-content-layout":"default","site-content-style":"default","site-sidebar-style":"default","ast-global-header-display":"","ast-banner-title-visibility":"","ast-main-header-display":"","ast-hfb-above-header-display":"","ast-hfb-below-header-display":"","ast-hfb-mobile-header-display":"","site-post-title":"","ast-breadcrumbs-content":"","ast-featured-img":"","footer-sml-layout":"","ast-disable-related-posts":"","theme-transparent-header-meta":"","adv-header-id-meta":"","stick-header-meta":"","header-above-stick-meta":"","header-main-stick-meta":"","header-below-stick-meta":"","astra-migrate-meta-layouts":"default","ast-page-background-enabled":"default","ast-page-background-meta":{"desktop":{"background-color":"var(--ast-global-color-4)","background-image":"","background-repeat":"repeat","background-position":"center center","background-size":"auto","background-attachment":"scroll","background-type":"","background-media":"","overlay-type":"","overlay-color":"","overlay-opacity":"","overlay-gradient":""},"tablet":{"background-color":"","background-image":"","background-repeat":"repeat","background-position":"center center","background-size":"auto","background-attachment":"scroll","background-type":"","background-media":"","overlay-type":"","overlay-color":"","overlay-opacity":"","overlay-gradient":""},"mobile":{"background-color":"","background-image":"","background-repeat":"repeat","background-position":"center center","background-size":"auto","background-attachment":"scroll","background-type":"","background-media":"","overlay-type":"","overlay-color":"","overlay-opacity":"","overlay-gradient":""}},"ast-content-background-meta":{"desktop":{"background-color":"var(--ast-global-color-5)","background-image":"","background-repeat":"repeat","background-position":"center center","background-size":"auto","background-attachment":"scroll","background-type":"","background-media":"","overlay-type":"","overlay-color":"","overlay-opacity":"","overlay-gradient":""},"tablet":{"background-color":"var(--ast-global-color-5)","background-image":"","background-repeat":"repeat","background-position":"center center","background-size":"auto","background-attachment":"scroll","background-type":"","background-media":"","overlay-type":"","overlay-color":"","overlay-opacity":"","overlay-gradient":""},"mobile":{"background-color":"var(--ast-global-color-5)","background-image":"","background-repeat":"repeat","background-position":"center center","background-size":"auto","background-attachment":"scroll","background-type":"","background-media":"","overlay-type":"","overlay-color":"","overlay-opacity":"","overlay-gradient":""}},"footnotes":""},"class_list":["post-145727","page","type-page","status-publish","has-post-thumbnail","hentry"],"_links":{"self":[{"href":"https:\/\/medclinics.com\/tr\/wp-json\/wp\/v2\/pages\/145727","targetHints":{"allow":["GET"]}}],"collection":[{"href":"https:\/\/medclinics.com\/tr\/wp-json\/wp\/v2\/pages"}],"about":[{"href":"https:\/\/medclinics.com\/tr\/wp-json\/wp\/v2\/types\/page"}],"author":[{"embeddable":true,"href":"https:\/\/medclinics.com\/tr\/wp-json\/wp\/v2\/users\/4"}],"replies":[{"embeddable":true,"href":"https:\/\/medclinics.com\/tr\/wp-json\/wp\/v2\/comments?post=145727"}],"version-history":[{"count":0,"href":"https:\/\/medclinics.com\/tr\/wp-json\/wp\/v2\/pages\/145727\/revisions"}],"wp:featuredmedia":[{"embeddable":true,"href":"https:\/\/medclinics.com\/tr\/wp-json\/wp\/v2\/media\/92349"}],"wp:attachment":[{"href":"https:\/\/medclinics.com\/tr\/wp-json\/wp\/v2\/media?parent=145727"}],"curies":[{"name":"wp","href":"https:\/\/api.w.org\/{rel}","templated":true}]}}