{"id":145711,"date":"2023-05-16T11:45:30","date_gmt":"2023-05-16T08:45:30","guid":{"rendered":"https:\/\/medclinics.com\/inlay-ve-onlay\/"},"modified":"2025-01-02T15:59:22","modified_gmt":"2025-01-02T12:59:22","slug":"inlay-ve-onlay","status":"publish","type":"page","link":"https:\/\/medclinics.com\/tr\/inlay-ve-onlay\/","title":{"rendered":"\u0130nlay ve Onlay"},"content":{"rendered":"\n<h2 class=\"wp-block-heading\">Rahat\u00e7a g\u00fclmenin bir yolunu ar\u0131yorsan\u0131z, Inlay ve Onlay Dolgular m\u00fckemmel bir \u00e7\u00f6z\u00fcm olabilir.<\/h2>\n\n<p>Di\u015f hekimli\u011fi, di\u015f dolgusu i\u00e7in iki benzersiz y\u00f6ntem sunar &#8211; <a href=\"https:\/\/en.wikipedia.org\/wiki\/Inlays_and_onlays\" target=\"_blank\" rel=\"noreferrer noopener\">Inlay ve Onlay<\/a>. Bu prosed\u00fcrler di\u015fin hasarl\u0131 b\u00f6lgelerini restore etmek i\u00e7in kullan\u0131l\u0131r, ancak yakla\u015f\u0131mlar\u0131 farkl\u0131d\u0131r.<\/p>\n\n<p>\u0130nley dolgu, etkilenen alan\u0131n bir freze veya lazer kullan\u0131larak \u00e7\u0131kar\u0131lmas\u0131n\u0131 ve ard\u0131ndan seramik, alt\u0131n veya porselen gibi dayan\u0131kl\u0131 malzemelerle de\u011fi\u015ftirilmesini i\u00e7erir. Sonu\u00e7, g\u00fcl\u00fc\u015f\u00fcn\u00fcze kusursuz bir \u015fekilde uyum sa\u011flayan do\u011fal g\u00f6r\u00fcn\u00fcml\u00fc bir y\u00fczeydir.<\/p>\n\n<p>\u00d6te yandan, Onleyler, herhangi bir hasar\u0131n giderilmesinden sonra d\u0131\u015f y\u00fczeylere \u00f6nceden imal edilmi\u015f par\u00e7alar\u0131n yerle\u015ftirilmesini i\u00e7erir; bunlar seramik ve porselen gibi re\u00e7ine bazl\u0131 malzemelerden yap\u0131labilir ve do\u011fru \u015fekilde yap\u0131\u015ft\u0131r\u0131ld\u0131\u011f\u0131nda e\u015fit derecede ikna edici bir g\u00f6r\u00fcn\u00fcm verir!<\/p>\n\n<h3 class=\"wp-block-heading\">Fiyat, tedavi sonras\u0131 bak\u0131m ve iyile\u015fme s\u00fcreci dahil olmak \u00fczere <a href=\"https:\/\/medclinics.com\/dental-treatment\/\" target=\"_blank\" rel=\"noreferrer noopener\">di\u015f tedavisi<\/a> hakk\u0131nda bilmeniz gereken her \u015fey veya <a href=\"#requestform\">bizimle ileti\u015fime<\/a> ge\u00e7in!<\/h3>\n\n<figure class=\"wp-block-image size-large\"><img fetchpriority=\"high\" decoding=\"async\" width=\"5760\" height=\"3840\" class=\"wp-image-85609\" src=\"https:\/\/medclinics.com\/wp-content\/uploads\/2023\/05\/inlay-and-onlay.png\" alt=\"&#x130;nlay ve Onlay\" srcset=\"https:\/\/medclinics.com\/wp-content\/uploads\/2023\/05\/inlay-and-onlay.png 5760w, https:\/\/medclinics.com\/wp-content\/uploads\/2023\/05\/inlay-and-onlay-500x333.png 500w, https:\/\/medclinics.com\/wp-content\/uploads\/2023\/05\/inlay-and-onlay-1024x683.png 1024w, https:\/\/medclinics.com\/wp-content\/uploads\/2023\/05\/inlay-and-onlay-768x512.png 768w, https:\/\/medclinics.com\/wp-content\/uploads\/2023\/05\/inlay-and-onlay-1536x1024.png 1536w, https:\/\/medclinics.com\/wp-content\/uploads\/2023\/05\/inlay-and-onlay-2048x1365.png 2048w, https:\/\/medclinics.com\/wp-content\/uploads\/2023\/05\/inlay-and-onlay-24x16.png 24w, https:\/\/medclinics.com\/wp-content\/uploads\/2023\/05\/inlay-and-onlay-36x24.png 36w, https:\/\/medclinics.com\/wp-content\/uploads\/2023\/05\/inlay-and-onlay-48x32.png 48w\" sizes=\"(max-width: 5760px) 100vw, 5760px\" \/><\/figure>\n\n<h2 class=\"wp-block-heading\">SSS<\/h2>\n<div id=\"rank-math-faq\" class=\"rank-math-block\">\n<div class=\"rank-math-list \">\n<div id=\"faq-question-1684237092744\" class=\"rank-math-list-item\">\n<h3 class=\"rank-math-question \">\u0130nlay ve onlay nedir?<\/h3>\n<div class=\"rank-math-answer \">\n\n<p>Di\u015f hekimli\u011finde inley ve onley, hasar g\u00f6rm\u00fc\u015f veya \u00e7\u00fcr\u00fcm\u00fc\u015f di\u015fleri onarmak i\u00e7in kullan\u0131lan \u00f6zel yap\u0131m restorasyonlard\u0131r. Bir inley, hasar di\u015fin di\u015f u\u00e7lar\u0131 veya \u00e7i\u011fneme y\u00fczeyi i\u00e7inde oldu\u011funda kullan\u0131l\u0131rken, onley di\u015f u\u00e7lar\u0131n\u0131n \u00f6tesine uzanan daha kapsaml\u0131 hasarlar i\u00e7in kullan\u0131l\u0131r. Hem inleyler hem de onleyler bir di\u015f laboratuvar\u0131nda olu\u015fturulur ve ard\u0131ndan di\u015fe yap\u0131\u015ft\u0131r\u0131l\u0131r. Do\u011fal di\u015f yap\u0131s\u0131n\u0131 korurken do\u011fal bir g\u00f6r\u00fcn\u00fcm ve g\u00fc\u00e7 sa\u011flarlar. \u0130nley ve onley aras\u0131ndaki se\u00e7im hasar\u0131n boyutuna ba\u011fl\u0131d\u0131r.<\/p>\n\n<\/div>\n<\/div>\n<div id=\"faq-question-1682666956133\" class=\"rank-math-list-item\">\n<h3 class=\"rank-math-question \">Di\u015f hekimli\u011finde inlay ve onlay nedir?<\/h3>\n<div class=\"rank-math-answer \">\n\n<p>Di\u015f hekimli\u011finde inley, bir di\u015fin \u00e7i\u011fneme y\u00fczeyindeki hasar\u0131 veya \u00e7\u00fcr\u00fc\u011f\u00fc onarmak i\u00e7in kullan\u0131lan \u00f6zel yap\u0131m bir dolgudur. Di\u015fin i\u00e7ine yerle\u015ftirilir. Onley ise bir veya daha fazla y\u00fczey dahil olmak \u00fczere di\u015fin daha b\u00fcy\u00fck bir b\u00f6l\u00fcm\u00fcn\u00fc kapsayan daha kapsaml\u0131 bir restorasyondur. Di\u015fin \u00fczerine yerle\u015ftirilir. Hem inleyler hem de onleyler bir di\u015f laboratuvar\u0131nda yap\u0131l\u0131r ve di\u015f \u00e7imentosu kullan\u0131larak di\u015fe yap\u0131\u015ft\u0131r\u0131l\u0131r. Do\u011fal bir g\u00f6r\u00fcn\u00fcm sa\u011flarlar ve tam di\u015f kronlar\u0131na dayan\u0131kl\u0131 alternatiflerdir. \u0130nley ve onley aras\u0131ndaki se\u00e7im, di\u015f hasar\u0131n\u0131n boyutuna ba\u011fl\u0131d\u0131r.<\/p>\n\n<\/div>\n<\/div>\n<div id=\"faq-question-1684237270458\" class=\"rank-math-list-item\">\n<h3 class=\"rank-math-question \">Bir inley ve onley ne kadara mal olur?<\/h3>\n<div class=\"rank-math-answer \">\n\n<p>Bir inley ve onley maliyeti, kullan\u0131lan malzeme, vakan\u0131n karma\u015f\u0131kl\u0131\u011f\u0131 ve di\u015f hekiminin \u00fccretleri gibi fakt\u00f6rlere ba\u011fl\u0131 olarak de\u011fi\u015febilir. Ortalama olarak di\u015f ba\u015f\u0131na 500 ila 1.500 dolar aras\u0131nda de\u011fi\u015febilir. \u00d6zel durumunuza g\u00f6re do\u011fru bir maliyet tahmini i\u00e7in bir di\u015f hekimine dan\u0131\u015fmak en iyisidir.<\/p>\n\n<\/div>\n<\/div>\n<div id=\"faq-question-1684237334482\" class=\"rank-math-list-item\">\n<h3 class=\"rank-math-question \">Kakmalar de\u011fi\u015ftirilebilir mi?<\/h3>\n<div class=\"rank-math-answer \">\n\n<p>Evet, kakmalar gerekirse de\u011fi\u015ftirilebilir. Zamanla bir inley a\u015f\u0131nabilir, hasar g\u00f6rebilir veya kenarlar\u0131nda yeni \u00e7\u00fcr\u00fckler olu\u015fabilir. Bu durumda di\u015f hekimi mevcut inleyi \u00e7\u0131karabilir ve di\u015fin i\u015flevini ve g\u00f6r\u00fcn\u00fcm\u00fcn\u00fc eski haline getirmek i\u00e7in yenisiyle de\u011fi\u015ftirebilir. S\u00fcre\u00e7 tipik olarak eski kakman\u0131n \u00e7\u0131kar\u0131lmas\u0131n\u0131, di\u015fin haz\u0131rlanmas\u0131n\u0131 ve yeni bir \u00f6zel yap\u0131m kakma olu\u015fturmak i\u00e7in \u00f6l\u00e7\u00fc al\u0131nmas\u0131n\u0131 i\u00e7erir. Yeni inley daha sonra di\u015f \u00e7imentosu kullan\u0131larak yerine yap\u0131\u015ft\u0131r\u0131l\u0131r. Mevcut bir inleyle ilgili endi\u015feleriniz varsa, durumu de\u011ferlendirebilecek ve de\u011fi\u015ftirmenin gerekli olup olmad\u0131\u011f\u0131n\u0131 belirleyebilecek bir di\u015f hekimine dan\u0131\u015fmak en iyisidir.<\/p>\n\n<\/div>\n<\/div>\n<\/div>\n<\/div>\n<p>\u00a0<\/p>\n\n<h3 class=\"wp-block-heading\">Herhangi bir sorunuz olmas\u0131 durumunda hemen bizimle ileti\u015fime ge\u00e7in!<\/h3>\n","protected":false},"excerpt":{"rendered":"<p>Rahat\u00e7a g\u00fclmenin bir yolunu ar\u0131yorsan\u0131z, Inlay ve Onlay Dolgular m\u00fckemmel bir \u00e7\u00f6z\u00fcm olabilir. Di\u015f hekimli\u011fi, di\u015f dolgusu i\u00e7in iki benzersiz [&hellip;]<\/p>\n","protected":false},"author":4,"featured_media":92334,"parent":0,"menu_order":0,"comment_status":"closed","ping_status":"closed","template":"","meta":{"site-sidebar-layout":"default","site-content-layout":"","ast-site-content-layout":"default","site-content-style":"default","site-sidebar-style":"default","ast-global-header-display":"","ast-banner-title-visibility":"","ast-main-header-display":"","ast-hfb-above-header-display":"","ast-hfb-below-header-display":"","ast-hfb-mobile-header-display":"","site-post-title":"","ast-breadcrumbs-content":"","ast-featured-img":"","footer-sml-layout":"","ast-disable-related-posts":"","theme-transparent-header-meta":"","adv-header-id-meta":"","stick-header-meta":"","header-above-stick-meta":"","header-main-stick-meta":"","header-below-stick-meta":"","astra-migrate-meta-layouts":"default","ast-page-background-enabled":"default","ast-page-background-meta":{"desktop":{"background-color":"var(--ast-global-color-4)","background-image":"","background-repeat":"repeat","background-position":"center center","background-size":"auto","background-attachment":"scroll","background-type":"","background-media":"","overlay-type":"","overlay-color":"","overlay-opacity":"","overlay-gradient":""},"tablet":{"background-color":"","background-image":"","background-repeat":"repeat","background-position":"center center","background-size":"auto","background-attachment":"scroll","background-type":"","background-media":"","overlay-type":"","overlay-color":"","overlay-opacity":"","overlay-gradient":""},"mobile":{"background-color":"","background-image":"","background-repeat":"repeat","background-position":"center center","background-size":"auto","background-attachment":"scroll","background-type":"","background-media":"","overlay-type":"","overlay-color":"","overlay-opacity":"","overlay-gradient":""}},"ast-content-background-meta":{"desktop":{"background-color":"var(--ast-global-color-5)","background-image":"","background-repeat":"repeat","background-position":"center center","background-size":"auto","background-attachment":"scroll","background-type":"","background-media":"","overlay-type":"","overlay-color":"","overlay-opacity":"","overlay-gradient":""},"tablet":{"background-color":"var(--ast-global-color-5)","background-image":"","background-repeat":"repeat","background-position":"center center","background-size":"auto","background-attachment":"scroll","background-type":"","background-media":"","overlay-type":"","overlay-color":"","overlay-opacity":"","overlay-gradient":""},"mobile":{"background-color":"var(--ast-global-color-5)","background-image":"","background-repeat":"repeat","background-position":"center center","background-size":"auto","background-attachment":"scroll","background-type":"","background-media":"","overlay-type":"","overlay-color":"","overlay-opacity":"","overlay-gradient":""}},"footnotes":""},"class_list":["post-145711","page","type-page","status-publish","has-post-thumbnail","hentry"],"_links":{"self":[{"href":"https:\/\/medclinics.com\/tr\/wp-json\/wp\/v2\/pages\/145711","targetHints":{"allow":["GET"]}}],"collection":[{"href":"https:\/\/medclinics.com\/tr\/wp-json\/wp\/v2\/pages"}],"about":[{"href":"https:\/\/medclinics.com\/tr\/wp-json\/wp\/v2\/types\/page"}],"author":[{"embeddable":true,"href":"https:\/\/medclinics.com\/tr\/wp-json\/wp\/v2\/users\/4"}],"replies":[{"embeddable":true,"href":"https:\/\/medclinics.com\/tr\/wp-json\/wp\/v2\/comments?post=145711"}],"version-history":[{"count":0,"href":"https:\/\/medclinics.com\/tr\/wp-json\/wp\/v2\/pages\/145711\/revisions"}],"wp:featuredmedia":[{"embeddable":true,"href":"https:\/\/medclinics.com\/tr\/wp-json\/wp\/v2\/media\/92334"}],"wp:attachment":[{"href":"https:\/\/medclinics.com\/tr\/wp-json\/wp\/v2\/media?parent=145711"}],"curies":[{"name":"wp","href":"https:\/\/api.w.org\/{rel}","templated":true}]}}