{"id":145699,"date":"2023-05-16T11:19:00","date_gmt":"2023-05-16T08:19:00","guid":{"rendered":"https:\/\/medclinics.com\/gomulu-dis\/"},"modified":"2025-01-02T15:59:22","modified_gmt":"2025-01-02T12:59:22","slug":"gomulu-dis","status":"publish","type":"page","link":"https:\/\/medclinics.com\/tr\/gomulu-dis\/","title":{"rendered":"G\u00f6m\u00fcl\u00fc Di\u015f"},"content":{"rendered":"\n<h2 class=\"wp-block-heading\">Rahat\u00e7a g\u00fclebilmenin bir yolunu ar\u0131yorsan\u0131z G\u00f6m\u00fcl\u00fc Di\u015f tedavisi en iyi se\u00e7iminizdir.<\/h2>\n\n<p><a href=\"https:\/\/en.wikipedia.org\/wiki\/Tooth_impaction\" target=\"_blank\" rel=\"noreferrer noopener\">G\u00f6m\u00fcl\u00fc<\/a> di\u015f, di\u015fin k\u0131smen veya tamamen di\u015f etlerinden \u00e7\u0131kamad\u0131\u011f\u0131 bir di\u015f rahats\u0131zl\u0131\u011f\u0131d\u0131r. Bu sorun genellikle yirmilik di\u015flerde (\u00fc\u00e7\u00fcnc\u00fc az\u0131 di\u015fleri) g\u00f6r\u00fcl\u00fcr ancak a\u011fz\u0131n\u0131zdaki di\u011fer di\u015fleri de etkileyebilir.<\/p>\n\n<p>Tedavi edilmezse, g\u00f6m\u00fcl\u00fc bir di\u015f yak\u0131ndaki sinirlere, kemiklere ve hatta kom\u015fu sa\u011fl\u0131kl\u0131 di\u015flere \u00f6nemli \u00f6l\u00e7\u00fcde zarar verebilir. Bu nedenle, bu sorundan \u015f\u00fcpheleniyorsan\u0131z m\u00fcmk\u00fcn olan en k\u0131sa s\u00fcrede tedavi olman\u0131z \u00e7ok \u00f6nemlidir.<\/p>\n\n<p>\u0130yi haber \u015fu ki, g\u00f6m\u00fcl\u00fc bir di\u015fle ba\u015fa \u00e7\u0131kmak i\u00e7in etkili tedaviler mevcuttur. Di\u015f hekiminiz veya a\u011f\u0131z cerrah\u0131n\u0131z, herhangi bir rahats\u0131zl\u0131\u011f\u0131 hafifletecek ve daha fazla komplikasyon olu\u015fmas\u0131n\u0131 \u00f6nleyecek \u015fekilde etkilenen b\u00f6lgenin \u00e7\u0131kar\u0131lmas\u0131n\u0131 \u00f6nerebilir.<\/p>\n\n<p>Alternatif olarak, g\u00f6m\u00fcl\u00fc di\u015finize yer a\u00e7mak i\u00e7in ortodontik tedavi gerekli olabilir, b\u00f6ylece a\u011fz\u0131n\u0131zda ba\u015fka bir yere zarar vermeden do\u011fal olarak b\u00fcy\u00fcmesi i\u00e7in yer a\u00e7\u0131lm\u0131\u015f olur.<\/p>\n\n<h3 class=\"wp-block-heading\">Fiyat, tedavi sonras\u0131 bak\u0131m ve iyile\u015fme s\u00fcreci dahil olmak \u00fczere <a href=\"https:\/\/medclinics.com\/dental-treatment\/\" target=\"_blank\" rel=\"noreferrer noopener\">di\u015f tedavisi<\/a> hakk\u0131nda bilmeniz gereken her \u015fey veya <a href=\"#requestform\">bizimle ileti\u015fime<\/a> ge\u00e7in!<\/h3>\n\n<figure class=\"wp-block-image size-large\"><img fetchpriority=\"high\" decoding=\"async\" width=\"5760\" height=\"3840\" class=\"wp-image-85569\" src=\"https:\/\/medclinics.com\/wp-content\/uploads\/2023\/05\/impacted-tooth.png\" alt=\"G&#xF6;m&#xFC;l&#xFC; Di&#x15F;\" srcset=\"https:\/\/medclinics.com\/wp-content\/uploads\/2023\/05\/impacted-tooth.png 5760w, https:\/\/medclinics.com\/wp-content\/uploads\/2023\/05\/impacted-tooth-500x333.png 500w, https:\/\/medclinics.com\/wp-content\/uploads\/2023\/05\/impacted-tooth-1024x683.png 1024w, https:\/\/medclinics.com\/wp-content\/uploads\/2023\/05\/impacted-tooth-768x512.png 768w, https:\/\/medclinics.com\/wp-content\/uploads\/2023\/05\/impacted-tooth-1536x1024.png 1536w, https:\/\/medclinics.com\/wp-content\/uploads\/2023\/05\/impacted-tooth-2048x1365.png 2048w, https:\/\/medclinics.com\/wp-content\/uploads\/2023\/05\/impacted-tooth-24x16.png 24w, https:\/\/medclinics.com\/wp-content\/uploads\/2023\/05\/impacted-tooth-36x24.png 36w, https:\/\/medclinics.com\/wp-content\/uploads\/2023\/05\/impacted-tooth-48x32.png 48w\" sizes=\"(max-width: 5760px) 100vw, 5760px\" \/><\/figure>\n\n<h2 class=\"wp-block-heading\">SSS<\/h2>\n<div id=\"rank-math-faq\" class=\"rank-math-block\">\n<div class=\"rank-math-list \">\n<div id=\"faq-question-1682603361561\" class=\"rank-math-list-item\">\n<h3 class=\"rank-math-question \">Yirmilik di\u015fin g\u00f6m\u00fcl\u00fc oldu\u011fu nas\u0131l anla\u015f\u0131l\u0131r?<\/h3>\n<div class=\"rank-math-answer \">\n\n<p>G\u00f6m\u00fcl\u00fc yirmi ya\u015f di\u015fleri \u00e7e\u015fitli belirti ve semptomlar g\u00f6sterebilir. A\u011fz\u0131n arka k\u0131sm\u0131nda, \u00f6zellikle de etkilenen b\u00f6lgenin \u00e7evresinde a\u011fr\u0131 ve rahats\u0131zl\u0131k yayg\u0131n g\u00f6stergelerdir. G\u00f6m\u00fcl\u00fc di\u015fin yak\u0131n\u0131ndaki di\u015f etlerinde \u015fi\u015fme, k\u0131zar\u0131kl\u0131k ve hassasiyet de mevcut olabilir. A\u011fz\u0131 tam olarak a\u00e7mak veya \u00e7eneyi hareket ettirmek zor ve a\u011fr\u0131l\u0131 hale gelebilir. \u00c7ene sertli\u011fi veya a\u011fr\u0131s\u0131 da olu\u015fabilir. G\u00f6m\u00fcl\u00fc yirmi ya\u015f di\u015fleri, enfeksiyon veya s\u0131k\u0131\u015fm\u0131\u015f g\u0131da par\u00e7ac\u0131klar\u0131 nedeniyle s\u00fcrekli a\u011f\u0131z kokusuna veya a\u011f\u0131zda ho\u015f olmayan bir tada katk\u0131da bulunabilir. G\u00f6m\u00fcl\u00fc yirmi ya\u015f di\u015flerinin varl\u0131\u011f\u0131 kom\u015fu di\u015flere bask\u0131 uygulayarak \u00e7apra\u015f\u0131kl\u0131\u011fa veya kaymaya yol a\u00e7abilir. Baz\u0131 durumlarda, \u00fcst g\u00f6m\u00fcl\u00fc yirmi ya\u015f di\u015fleri sin\u00fcs a\u011fr\u0131s\u0131 veya t\u0131kan\u0131kl\u0131\u011f\u0131na neden olabilir. Bu belirtilerden herhangi birini ya\u015f\u0131yorsan\u0131z veya yirmi ya\u015f di\u015flerinizin g\u00f6m\u00fcl\u00fc olabilece\u011finden \u015f\u00fcpheleniyorsan\u0131z, bir di\u015f hekimine veya a\u011f\u0131z cerrah\u0131na dan\u0131\u015fman\u0131z tavsiye edilir. G\u00f6m\u00fcl\u00fc yirmi ya\u015f di\u015flerinin varl\u0131\u011f\u0131n\u0131 belirlemek ve uygun tedavi se\u00e7eneklerini \u00f6nermek i\u00e7in di\u015f r\u00f6ntgenleri de dahil olmak \u00fczere kapsaml\u0131 bir muayene yapabilirler.<\/p>\n\n<\/div>\n<\/div>\n<div id=\"faq-question-1684235558405\" class=\"rank-math-list-item\">\n<h3 class=\"rank-math-question \">G\u00f6m\u00fcl\u00fc yirmi ya\u015f di\u015fi nedir?<\/h3>\n<div class=\"rank-math-answer \">\n\n<p>G\u00f6m\u00fcl\u00fc yirmi ya\u015f di\u015fi, di\u015f eti \u00e7izgisinden a\u011f\u0131zdaki normal konumuna tam olarak \u00e7\u0131kamayan veya s\u00fcrmeyen \u00fc\u00e7\u00fcnc\u00fc bir az\u0131 di\u015fi anlam\u0131na gelir. Bu durum, di\u015fin d\u00fczg\u00fcn bir \u015fekilde b\u00fcy\u00fcmesi i\u00e7in yeterli alan olmad\u0131\u011f\u0131nda ortaya \u00e7\u0131kar. G\u00f6m\u00fcl\u00fc di\u015f k\u0131smen veya tamamen di\u015f eti dokusu veya \u00e7ene kemi\u011fi i\u00e7inde s\u0131k\u0131\u015fm\u0131\u015f olabilir. Yumu\u015fak doku impaksiyonu, k\u0131smi kemik impaksiyonu ve tam kemik impaksiyonu dahil olmak \u00fczere farkl\u0131 g\u00f6m\u00fcl\u00fc yirmi ya\u015f di\u015fi t\u00fcrleri vard\u0131r. G\u00f6m\u00fcl\u00fc yirmi ya\u015f di\u015fleri a\u011fr\u0131ya, \u015fi\u015fmeye, enfeksiyona ve kom\u015fu di\u015flerde hasara neden olabilir. Ayr\u0131ca a\u011f\u0131z sa\u011fl\u0131\u011f\u0131 sorunlar\u0131na da katk\u0131da bulunabilirler. G\u00f6m\u00fcl\u00fc yirmi ya\u015f di\u015flerinin tedavisi genellikle bir di\u015f hekimi veya a\u011f\u0131z cerrah\u0131 taraf\u0131ndan cerrahi olarak \u00e7\u0131kar\u0131lmas\u0131n\u0131 i\u00e7erir. D\u00fczenli di\u015f muayeneleri ve r\u00f6ntgenler, \u00e7ekimin gerekli olup olmad\u0131\u011f\u0131n\u0131 belirlemek i\u00e7in yirmi ya\u015f di\u015flerinin geli\u015fimini ve konumunu izlemeye yard\u0131mc\u0131 olur.<\/p>\n\n<\/div>\n<\/div>\n<div id=\"faq-question-1684235661326\" class=\"rank-math-list-item\">\n<h3 class=\"rank-math-question \">G\u00f6m\u00fcl\u00fc yirmi ya\u015f di\u015flerinin \u00e7\u0131kar\u0131lmas\u0131 daha m\u0131 zordur?<\/h3>\n<div class=\"rank-math-answer \">\n\n<p>G\u00f6m\u00fcl\u00fc yirmi ya\u015f di\u015flerinin \u00e7ekilmesi, tam s\u00fcrm\u00fc\u015f di\u015flere k\u0131yasla daha zor olabilir. \u0130mpaksiyonun konumu ve a\u00e7\u0131s\u0131n\u0131n yan\u0131 s\u0131ra \u00e7evre yap\u0131lara yak\u0131nl\u0131k, ekstraksiyonu daha karma\u015f\u0131k hale getirebilir. Cerrahi teknikler ve \u00f6zel aletler gerekli olabilir ve i\u015flem s\u0131ras\u0131nda hasta konforu i\u00e7in anestezi veya sedasyon kullan\u0131labilir. Bireysel ko\u015fullara ba\u011fl\u0131 olarak g\u00f6m\u00fcl\u00fc yirmi ya\u015f di\u015flerinin \u00e7\u0131kar\u0131lmas\u0131 i\u00e7in en iyi yakla\u015f\u0131m\u0131 belirlemek i\u00e7in bir di\u015f hekimine dan\u0131\u015fmak \u00e7ok \u00f6nemlidir.<\/p>\n\n<\/div>\n<\/div>\n<div id=\"faq-question-1684235797899\" class=\"rank-math-list-item\">\n<h3 class=\"rank-math-question \">G\u00f6m\u00fcl\u00fc yirmilik di\u015f a\u011fr\u0131l\u0131 m\u0131?<\/h3>\n<div class=\"rank-math-answer \">\n\n<p>Evet, g\u00f6m\u00fcl\u00fc yirmi ya\u015f di\u015fleri a\u011fr\u0131ya neden olabilir. G\u00f6m\u00fcl\u00fc yirmi ya\u015f di\u015fleriyle ili\u015fkili a\u011fr\u0131 genellikle g\u00f6m\u00fcl\u00fc di\u015fin di\u015f etleri, \u00e7ene kemi\u011fi veya kom\u015fu di\u015fler gibi \u00e7evre yap\u0131lara uygulad\u0131\u011f\u0131 bas\u0131n\u00e7 nedeniyle ortaya \u00e7\u0131kar. G\u00f6m\u00fcl\u00fc di\u015fin etraf\u0131nda iltihaplanma, enfeksiyon veya kist geli\u015fimi de a\u011fr\u0131 ve rahats\u0131zl\u0131\u011fa katk\u0131da bulunabilir.<\/p>\n\n<\/div>\n<\/div>\n<\/div>\n<\/div>\n<p>\u00a0<\/p>\n\n<h3 class=\"wp-block-heading\">Herhangi bir sorunuz olmas\u0131 durumunda hemen bizimle ileti\u015fime ge\u00e7in!<\/h3>\n","protected":false},"excerpt":{"rendered":"<p>Rahat\u00e7a g\u00fclebilmenin bir yolunu ar\u0131yorsan\u0131z G\u00f6m\u00fcl\u00fc Di\u015f tedavisi en iyi se\u00e7iminizdir. G\u00f6m\u00fcl\u00fc di\u015f, di\u015fin k\u0131smen veya tamamen di\u015f etlerinden \u00e7\u0131kamad\u0131\u011f\u0131 [&hellip;]<\/p>\n","protected":false},"author":4,"featured_media":92327,"parent":0,"menu_order":0,"comment_status":"closed","ping_status":"closed","template":"","meta":{"site-sidebar-layout":"default","site-content-layout":"","ast-site-content-layout":"default","site-content-style":"default","site-sidebar-style":"default","ast-global-header-display":"","ast-banner-title-visibility":"","ast-main-header-display":"","ast-hfb-above-header-display":"","ast-hfb-below-header-display":"","ast-hfb-mobile-header-display":"","site-post-title":"","ast-breadcrumbs-content":"","ast-featured-img":"","footer-sml-layout":"","ast-disable-related-posts":"","theme-transparent-header-meta":"","adv-header-id-meta":"","stick-header-meta":"","header-above-stick-meta":"","header-main-stick-meta":"","header-below-stick-meta":"","astra-migrate-meta-layouts":"default","ast-page-background-enabled":"default","ast-page-background-meta":{"desktop":{"background-color":"var(--ast-global-color-4)","background-image":"","background-repeat":"repeat","background-position":"center center","background-size":"auto","background-attachment":"scroll","background-type":"","background-media":"","overlay-type":"","overlay-color":"","overlay-opacity":"","overlay-gradient":""},"tablet":{"background-color":"","background-image":"","background-repeat":"repeat","background-position":"center center","background-size":"auto","background-attachment":"scroll","background-type":"","background-media":"","overlay-type":"","overlay-color":"","overlay-opacity":"","overlay-gradient":""},"mobile":{"background-color":"","background-image":"","background-repeat":"repeat","background-position":"center center","background-size":"auto","background-attachment":"scroll","background-type":"","background-media":"","overlay-type":"","overlay-color":"","overlay-opacity":"","overlay-gradient":""}},"ast-content-background-meta":{"desktop":{"background-color":"var(--ast-global-color-5)","background-image":"","background-repeat":"repeat","background-position":"center center","background-size":"auto","background-attachment":"scroll","background-type":"","background-media":"","overlay-type":"","overlay-color":"","overlay-opacity":"","overlay-gradient":""},"tablet":{"background-color":"var(--ast-global-color-5)","background-image":"","background-repeat":"repeat","background-position":"center center","background-size":"auto","background-attachment":"scroll","background-type":"","background-media":"","overlay-type":"","overlay-color":"","overlay-opacity":"","overlay-gradient":""},"mobile":{"background-color":"var(--ast-global-color-5)","background-image":"","background-repeat":"repeat","background-position":"center center","background-size":"auto","background-attachment":"scroll","background-type":"","background-media":"","overlay-type":"","overlay-color":"","overlay-opacity":"","overlay-gradient":""}},"footnotes":""},"class_list":["post-145699","page","type-page","status-publish","has-post-thumbnail","hentry"],"_links":{"self":[{"href":"https:\/\/medclinics.com\/tr\/wp-json\/wp\/v2\/pages\/145699","targetHints":{"allow":["GET"]}}],"collection":[{"href":"https:\/\/medclinics.com\/tr\/wp-json\/wp\/v2\/pages"}],"about":[{"href":"https:\/\/medclinics.com\/tr\/wp-json\/wp\/v2\/types\/page"}],"author":[{"embeddable":true,"href":"https:\/\/medclinics.com\/tr\/wp-json\/wp\/v2\/users\/4"}],"replies":[{"embeddable":true,"href":"https:\/\/medclinics.com\/tr\/wp-json\/wp\/v2\/comments?post=145699"}],"version-history":[{"count":0,"href":"https:\/\/medclinics.com\/tr\/wp-json\/wp\/v2\/pages\/145699\/revisions"}],"wp:featuredmedia":[{"embeddable":true,"href":"https:\/\/medclinics.com\/tr\/wp-json\/wp\/v2\/media\/92327"}],"wp:attachment":[{"href":"https:\/\/medclinics.com\/tr\/wp-json\/wp\/v2\/media?parent=145699"}],"curies":[{"name":"wp","href":"https:\/\/api.w.org\/{rel}","templated":true}]}}