{"id":145687,"date":"2023-05-16T10:28:51","date_gmt":"2023-05-16T07:28:51","guid":{"rendered":"https:\/\/medclinics.com\/agiz-kokusu\/"},"modified":"2025-01-02T15:59:22","modified_gmt":"2025-01-02T12:59:22","slug":"agiz-kokusu","status":"publish","type":"page","link":"https:\/\/medclinics.com\/tr\/agiz-kokusu\/","title":{"rendered":"A\u011f\u0131z Kokusu"},"content":{"rendered":"\n<h2 class=\"wp-block-heading\">Ferah bir nefes alman\u0131n bir yolunu ar\u0131yorsan\u0131z, i\u015fte en iyi se\u00e7iminiz.<\/h2>\n\n<p>Halk aras\u0131nda a\u011f\u0131z kokusu olarak bilinen <a href=\"https:\/\/en.wikipedia.org\/wiki\/Bad_breath\" target=\"_blank\" rel=\"noreferrer noopener\">halitozis<\/a>, \u00e7e\u015fitli fakt\u00f6rler taraf\u0131ndan tetiklenebilir. Bunun ba\u015fl\u0131ca nedeni, g\u0131da partik\u00fcllerinin birikmesine ve k\u00f6t\u00fc kokulara yol a\u00e7an bakteri \u00fcremesine izin veren k\u00f6t\u00fc a\u011f\u0131z hijyenidir. Di\u015f \u00e7\u00fcr\u00fc\u011f\u00fc, di\u015f eti hastal\u0131\u011f\u0131, t\u00fck\u00fcr\u00fck \u00fcretiminin azalmas\u0131 veya t\u00fct\u00fcn kullan\u0131m\u0131na ba\u011fl\u0131 a\u011f\u0131z kurulu\u011fu sendromu, sin\u00fcs enfeksiyonlar\u0131 ve sindirim sistemi sorunlar\u0131yla birlikte a\u011f\u0131z kokusunun di\u011fer yayg\u0131n su\u00e7lular\u0131d\u0131r.<\/p>\n\n<p>A\u011f\u0131z kokusunun neden oldu\u011fu utan\u00e7tan uzak durmak i\u00e7in di\u015flerinizi g\u00fcnde iki kez f\u0131r\u00e7alamak, ard\u0131ndan di\u015f ipi kullanmak ve bakteri olu\u015fumuna kar\u015f\u0131 daha fazla koruma sa\u011flamak i\u00e7in antiseptik bir gargara kullanmak gibi d\u00fczenli \u00f6nlemler alman\u0131z \u00e7ok \u00f6nemlidir. En az alt\u0131 ayda bir di\u015f hekiminizi ziyaret etmeniz, a\u011f\u0131z bo\u015flu\u011fundan k\u00f6t\u00fc koku yay\u0131lmas\u0131na neden olabilecek di\u015f sorunlar\u0131n\u0131n kontrol alt\u0131nda tutulmas\u0131na da yard\u0131mc\u0131 olacakt\u0131r.<\/p>\n\n<p>Dehidrasyon t\u00fck\u00fcr\u00fck ak\u0131\u015f\u0131n\u0131n azalmas\u0131na yol a\u00e7arak a\u011f\u0131z kokusu olu\u015fumuna katk\u0131da bulundu\u011fundan, su al\u0131m\u0131n\u0131 art\u0131r\u0131rken alkol t\u00fcketimini s\u0131n\u0131rland\u0131rman\u0131z yard\u0131mc\u0131 olacakt\u0131r; ayr\u0131ca t\u00fct\u00fcn kullan\u0131m\u0131ndan tamamen ka\u00e7\u0131nmak, genel sa\u011fl\u0131k sonu\u00e7lar\u0131n\u0131 iyile\u015ftirmeyi ama\u00e7layan ya\u015fam tarz\u0131 de\u011fi\u015fikliklerinin bir par\u00e7as\u0131 haline gelmelidir.<\/p>\n\n<p>Bu ad\u0131mlar\u0131 atman\u0131za ra\u011fmen hala bir iyile\u015fme g\u00f6r\u00fclm\u00fcyorsa, doktorlar\u0131n yaln\u0131zca a\u011f\u0131z hijyeni uygulamalar\u0131yla s\u0131n\u0131rl\u0131 kalmay\u0131p v\u00fccudun kendisinden kaynaklanan kal\u0131c\u0131 k\u00f6t\u00fc kokuya neden olan altta yatan ko\u015fullar\u0131 te\u015fhis edebilmesi i\u00e7in t\u0131bbi tavsiye almak gerekli hale gelir.<\/p>\n\n<h3 class=\"wp-block-heading\">Fiyat, tedavi sonras\u0131 bak\u0131m ve iyile\u015fme s\u00fcreci dahil olmak \u00fczere <a href=\"https:\/\/medclinics.com\/dental-treatment\/\" target=\"_blank\" rel=\"noreferrer noopener\">di\u015f tedavisi<\/a> hakk\u0131nda bilmeniz gereken her \u015fey veya <a href=\"#requestform\">bizimle ileti\u015fime<\/a> ge\u00e7in!<\/h3>\n\n<figure class=\"wp-block-image size-full\"><img fetchpriority=\"high\" decoding=\"async\" width=\"1024\" height=\"683\" class=\"wp-image-94570\" src=\"https:\/\/medclinics.com\/wp-content\/uploads\/2023\/06\/halitosis-treatment-in-the-world.jpg\" alt=\"d&#xFC;nyada-halitoz-tedavisi\" srcset=\"https:\/\/medclinics.com\/wp-content\/uploads\/2023\/06\/halitosis-treatment-in-the-world.jpg 1024w, https:\/\/medclinics.com\/wp-content\/uploads\/2023\/06\/halitosis-treatment-in-the-world-500x333.jpg 500w, https:\/\/medclinics.com\/wp-content\/uploads\/2023\/06\/halitosis-treatment-in-the-world-768x512.jpg 768w, https:\/\/medclinics.com\/wp-content\/uploads\/2023\/06\/halitosis-treatment-in-the-world-24x16.jpg 24w, https:\/\/medclinics.com\/wp-content\/uploads\/2023\/06\/halitosis-treatment-in-the-world-36x24.jpg 36w, https:\/\/medclinics.com\/wp-content\/uploads\/2023\/06\/halitosis-treatment-in-the-world-48x32.jpg 48w\" sizes=\"(max-width: 1024px) 100vw, 1024px\" \/><\/figure>\n\n<h2 class=\"wp-block-heading\">SSS<\/h2>\n<div id=\"rank-math-faq\" class=\"rank-math-block\">\n<div class=\"rank-math-list \">\n<div id=\"faq-question-1682666956133\" class=\"rank-math-list-item\">\n<h3 class=\"rank-math-question \">A\u011f\u0131z kokusu nedir?<\/h3>\n<div class=\"rank-math-answer \">\n\n<p>Genellikle a\u011f\u0131z kokusu olarak bilinen halitozis, a\u011f\u0131zdan kaynaklanan ho\u015f olmayan bir kokuyu ifade eder. K\u00f6t\u00fc a\u011f\u0131z hijyeni, dil veya di\u015flerde bakteri birikimi, a\u011f\u0131z kurulu\u011fu, di\u015f eti hastal\u0131\u011f\u0131, di\u015f enfeksiyonlar\u0131, belirli yiyecek veya i\u00e7ecekler, sigara ve baz\u0131 t\u0131bbi durumlar gibi \u00e7e\u015fitli fakt\u00f6rlerden kaynaklanabilir. A\u011f\u0131z kokusu ge\u00e7ici veya kronik olabilir ve ki\u015finin kendine g\u00fcvenini ve sosyal etkile\u015fimlerini \u00f6nemli \u00f6l\u00e7\u00fcde etkileyebilir. A\u011f\u0131z kokusunu y\u00f6netmek i\u00e7in uygun a\u011f\u0131z hijyeni, d\u00fczenli di\u015f muayeneleri ve altta yatan herhangi bir di\u015f veya t\u0131bbi durumun ele al\u0131nmas\u0131 \u015fartt\u0131r.<\/p>\n\n<\/div>\n<\/div>\n<div id=\"faq-question-1684232289257\" class=\"rank-math-list-item\">\n<h3 class=\"rank-math-question \">A\u011f\u0131z kokusu nas\u0131l tedavi edilir?<\/h3>\n<div class=\"rank-math-answer \">\n\n<p>A\u011f\u0131z kokusu veya a\u011f\u0131z kokusunun tedavisi, altta yatan nedenin belirlenmesine ve ele al\u0131nmas\u0131na ba\u011fl\u0131d\u0131r. A\u011f\u0131z kokusunu tedavi etmek ve \u00f6nlemek i\u00e7in etkili \u00f6nlemler aras\u0131nda di\u015flerinizi g\u00fcnde en az iki kez f\u0131r\u00e7alayarak, dilinizi temizleyerek ve her g\u00fcn di\u015f ipi veya di\u015f aras\u0131 f\u0131r\u00e7as\u0131 kullanarak iyi bir a\u011f\u0131z hijyeni uygulamak yer al\u0131r. Antimikrobiyal gargara kullanmak bakterileri \u00f6ld\u00fcrmeye ve nefesi tazelemeye yard\u0131mc\u0131 olabilir. Susuz kalmamak ve t\u00fct\u00fcn \u00fcr\u00fcnlerinden ka\u00e7\u0131nmak da \u00f6nemlidir. G\u00fc\u00e7l\u00fc kokulara sahip yiyecek ve i\u00e7eceklerin s\u0131n\u0131rland\u0131r\u0131lmas\u0131 ve di\u015f eti hastal\u0131\u011f\u0131 veya di\u015f enfeksiyonlar\u0131 gibi sorunlar i\u00e7in profesyonel di\u015f tedavisine ba\u015fvurulmas\u0131, nefes kokusunu \u00f6nemli \u00f6l\u00e7\u00fcde iyile\u015ftirebilir. Varsa, altta yatan sa\u011fl\u0131k ko\u015fullar\u0131n\u0131n y\u00f6netilmesi \u00e7ok \u00f6nemlidir. Bu \u00e7abalara ra\u011fmen a\u011f\u0131z kokusu devam ederse, daha ileri de\u011ferlendirme ve uygun tedavi i\u00e7in bir di\u015f hekimine veya t\u0131p uzman\u0131na dan\u0131\u015f\u0131lmas\u0131 \u00f6nerilir.<\/p>\n\n<\/div>\n<\/div>\n<div id=\"faq-question-1684232418814\" class=\"rank-math-list-item\">\n<h3 class=\"rank-math-question \">A\u011f\u0131z kokusuna ne sebep olur?<\/h3>\n<div class=\"rank-math-answer \">\n\n<p>A\u011f\u0131z kokusu \u00e7e\u015fitli fakt\u00f6rlerden kaynaklanabilir. Yetersiz f\u0131r\u00e7alama, di\u015f ipi kullanma ve dil temizli\u011fi gibi k\u00f6t\u00fc a\u011f\u0131z hijyeni, a\u011f\u0131zda yiyecek par\u00e7ac\u0131klar\u0131, plak ve bakteri birikmesine yol a\u00e7arak ho\u015f olmayan kokulara neden olabilir. Di\u015f etlerinde bakteriyel enfeksiyonla karakterize di\u015f eti hastal\u0131\u011f\u0131 da bir di\u011fer yayg\u0131n nedendir. Baz\u0131 ila\u00e7lar\u0131n veya t\u00fck\u00fcr\u00fck bezi sorunlar\u0131n\u0131n neden olabilece\u011fi a\u011f\u0131z kurulu\u011fu, t\u00fck\u00fcr\u00fck ak\u0131\u015f\u0131n\u0131 azalt\u0131r ve a\u011f\u0131z kokusuna katk\u0131da bulunur. Dilde kaplama, di\u015f \u00e7\u00fcr\u00fc\u011f\u00fc veya enfeksiyonu gibi di\u015f sorunlar\u0131 ve t\u00fct\u00fcn kullan\u0131m\u0131 da a\u011f\u0131z kokusuna neden olabilir. G\u00fc\u00e7l\u00fc kokulara sahip baz\u0131 yiyecek ve i\u00e7eceklerin yan\u0131 s\u0131ra sin\u00fcs enfeksiyonlar\u0131, asit refl\u00fcs\u00fc veya diyabet gibi altta yatan t\u0131bbi durumlar da ek su\u00e7lular olabilir. A\u011f\u0131z kokusunun spesifik nedeninin belirlenmesi uygun tedavi i\u00e7in \u00e7ok \u00f6nemlidir, bu nedenle kapsaml\u0131 bir de\u011ferlendirme ve ki\u015fiselle\u015ftirilmi\u015f y\u00f6netim plan\u0131 i\u00e7in bir di\u015f veya t\u0131p uzman\u0131na dan\u0131\u015f\u0131lmas\u0131 tavsiye edilir.<\/p>\n\n<\/div>\n<\/div>\n<div id=\"faq-question-1684232602249\" class=\"rank-math-list-item\">\n<h3 class=\"rank-math-question \">A\u011f\u0131z kokusu nas\u0131l tedavi edilir?<\/h3>\n<div class=\"rank-math-answer \">\n\n<p>A\u011f\u0131z kokusu veya a\u011f\u0131z kokusunun tedavisi, altta yatan nedenin ele al\u0131nmas\u0131n\u0131 i\u00e7erir. D\u00fczenli f\u0131r\u00e7alama ve di\u015f ipi kullanma gibi iyi a\u011f\u0131z hijyeni uygulamalar\u0131n\u0131n hayata ge\u00e7irilmesi, k\u00f6t\u00fc kokulara neden olan plak ve bakterilerin giderilmesine yard\u0131mc\u0131 olur. Dilin bir dil kaz\u0131y\u0131c\u0131 veya f\u0131r\u00e7a ile temizlenmesi de \u00f6nemlidir. Antimikrobiyal gargara kullanmak bakterileri \u00f6ld\u00fcrmeye ve nefesi tazelemeye yard\u0131mc\u0131 olabilir. Bol su i\u00e7erek susuz kalmamak ve t\u00fct\u00fcn \u00fcr\u00fcnlerinden ka\u00e7\u0131nmak a\u011f\u0131z kokusuyla m\u00fccadelede at\u0131lacak di\u011fer ad\u0131mlard\u0131r. G\u00fc\u00e7l\u00fc kokulu yiyecekleri s\u0131n\u0131rland\u0131rmak ve sonras\u0131nda iyi bir a\u011f\u0131z hijyeni uygulamak nefes kokusu \u00fczerindeki etkilerini en aza indirebilir. Di\u015f eti hastal\u0131\u011f\u0131, di\u015f \u00e7\u00fcr\u00fc\u011f\u00fc veya di\u015f enfeksiyonlar\u0131 i\u00e7in profesyonel di\u015f tedavisi aramak, bu sorunlar\u0131 ele almak i\u00e7in gereklidir. A\u011f\u0131z kokusu altta yatan sa\u011fl\u0131k ko\u015fullar\u0131yla ba\u011flant\u0131l\u0131ysa, bu ko\u015fullar\u0131 sa\u011fl\u0131k uzmanlar\u0131n\u0131n rehberli\u011finde y\u00f6netmek nefes kokusunu iyile\u015ftirmeye yard\u0131mc\u0131 olabilir. Bu \u00e7abalara ra\u011fmen a\u011f\u0131z kokusu devam ederse, kapsaml\u0131 bir de\u011ferlendirme ve uygun tedavi se\u00e7enekleri sunabilecekleri i\u00e7in bir di\u015f hekimine veya t\u0131p uzman\u0131na dan\u0131\u015f\u0131lmas\u0131 \u00f6nerilir.<\/p>\n\n<\/div>\n<\/div>\n<\/div>\n<\/div>\n<p>\u00a0<\/p>\n\n<h3 class=\"wp-block-heading\">Herhangi bir sorunuz olmas\u0131 durumunda hemen bizimle ileti\u015fime ge\u00e7in!<\/h3>\n","protected":false},"excerpt":{"rendered":"<p>Ferah bir nefes alman\u0131n bir yolunu ar\u0131yorsan\u0131z, i\u015fte en iyi se\u00e7iminiz. Halk aras\u0131nda a\u011f\u0131z kokusu olarak bilinen halitozis, \u00e7e\u015fitli fakt\u00f6rler [&hellip;]<\/p>\n","protected":false},"author":4,"featured_media":85591,"parent":0,"menu_order":0,"comment_status":"closed","ping_status":"closed","template":"","meta":{"site-sidebar-layout":"default","site-content-layout":"","ast-site-content-layout":"default","site-content-style":"default","site-sidebar-style":"default","ast-global-header-display":"","ast-banner-title-visibility":"","ast-main-header-display":"","ast-hfb-above-header-display":"","ast-hfb-below-header-display":"","ast-hfb-mobile-header-display":"","site-post-title":"","ast-breadcrumbs-content":"","ast-featured-img":"","footer-sml-layout":"","ast-disable-related-posts":"","theme-transparent-header-meta":"","adv-header-id-meta":"","stick-header-meta":"","header-above-stick-meta":"","header-main-stick-meta":"","header-below-stick-meta":"","astra-migrate-meta-layouts":"default","ast-page-background-enabled":"default","ast-page-background-meta":{"desktop":{"background-color":"var(--ast-global-color-4)","background-image":"","background-repeat":"repeat","background-position":"center center","background-size":"auto","background-attachment":"scroll","background-type":"","background-media":"","overlay-type":"","overlay-color":"","overlay-opacity":"","overlay-gradient":""},"tablet":{"background-color":"","background-image":"","background-repeat":"repeat","background-position":"center center","background-size":"auto","background-attachment":"scroll","background-type":"","background-media":"","overlay-type":"","overlay-color":"","overlay-opacity":"","overlay-gradient":""},"mobile":{"background-color":"","background-image":"","background-repeat":"repeat","background-position":"center center","background-size":"auto","background-attachment":"scroll","background-type":"","background-media":"","overlay-type":"","overlay-color":"","overlay-opacity":"","overlay-gradient":""}},"ast-content-background-meta":{"desktop":{"background-color":"var(--ast-global-color-5)","background-image":"","background-repeat":"repeat","background-position":"center center","background-size":"auto","background-attachment":"scroll","background-type":"","background-media":"","overlay-type":"","overlay-color":"","overlay-opacity":"","overlay-gradient":""},"tablet":{"background-color":"var(--ast-global-color-5)","background-image":"","background-repeat":"repeat","background-position":"center center","background-size":"auto","background-attachment":"scroll","background-type":"","background-media":"","overlay-type":"","overlay-color":"","overlay-opacity":"","overlay-gradient":""},"mobile":{"background-color":"var(--ast-global-color-5)","background-image":"","background-repeat":"repeat","background-position":"center center","background-size":"auto","background-attachment":"scroll","background-type":"","background-media":"","overlay-type":"","overlay-color":"","overlay-opacity":"","overlay-gradient":""}},"footnotes":""},"class_list":["post-145687","page","type-page","status-publish","has-post-thumbnail","hentry"],"_links":{"self":[{"href":"https:\/\/medclinics.com\/tr\/wp-json\/wp\/v2\/pages\/145687","targetHints":{"allow":["GET"]}}],"collection":[{"href":"https:\/\/medclinics.com\/tr\/wp-json\/wp\/v2\/pages"}],"about":[{"href":"https:\/\/medclinics.com\/tr\/wp-json\/wp\/v2\/types\/page"}],"author":[{"embeddable":true,"href":"https:\/\/medclinics.com\/tr\/wp-json\/wp\/v2\/users\/4"}],"replies":[{"embeddable":true,"href":"https:\/\/medclinics.com\/tr\/wp-json\/wp\/v2\/comments?post=145687"}],"version-history":[{"count":0,"href":"https:\/\/medclinics.com\/tr\/wp-json\/wp\/v2\/pages\/145687\/revisions"}],"wp:featuredmedia":[{"embeddable":true,"href":"https:\/\/medclinics.com\/tr\/wp-json\/wp\/v2\/media\/85591"}],"wp:attachment":[{"href":"https:\/\/medclinics.com\/tr\/wp-json\/wp\/v2\/media?parent=145687"}],"curies":[{"name":"wp","href":"https:\/\/api.w.org\/{rel}","templated":true}]}}